{"id":44708,"date":"2024-10-16T12:13:25","date_gmt":"2024-10-16T10:13:25","guid":{"rendered":"https:\/\/naturalpoland.com\/produkty\/kategorilenmemis\/kirmizi-yonca-ekstrakti\/"},"modified":"2025-12-22T13:38:10","modified_gmt":"2025-12-22T12:38:10","slug":"kirmizi-yonca-ekstrakti","status":"publish","type":"product","link":"https:\/\/naturalpoland.com\/tr\/urunler\/bitkisel-ekstraktlar\/kirmizi-yonca-ekstrakti\/","title":{"rendered":"K\u0131rm\u0131z\u0131 yonca ekstrakt\u0131"},"content":{"rendered":"<p>K\u0131rm\u0131z\u0131 yonca ekstrakt\u0131, hormonal dengeyi destekleyen <strong>biochanin A<\/strong> ve <strong>formononetin<\/strong> gibi aktif bile\u015fenlere sahiptir. Antioksidanlar ise serbest radikalleri n\u00f6tralize eder. Ekstrakt anti-enflamatuar etkiye sahiptir ve kan damarlar\u0131n\u0131n elastikiyetini g\u00fc\u00e7lendirir.  <\/p>\n<h2>K\u0131rm\u0131z\u0131 yonca ekstrakt\u0131n\u0131n kullan\u0131m\u0131<\/h2>\n<p>Bu ekstrakt, s\u0131cak basmas\u0131, a\u015f\u0131r\u0131 terleme, uyku sorunlar\u0131 gibi menopoz semptomlar\u0131n\u0131 hafifletmeye y\u00f6nelik besin takviyelerinin bile\u015fenidir. Ayr\u0131ca cildin kondisyonunu iyile\u015ftirir, elastikiyetini ve kolajen seviyesini art\u0131rarak cildin daha s\u0131k\u0131 ve nemli olmas\u0131n\u0131 sa\u011flar. \u0130zoflavonlar\u0131n \u00f6strojenik etkisi kemik yo\u011funlu\u011funun korunmas\u0131n\u0131 destekleyebilir ve osteoporoz riskini azaltabilir.  <\/p>\n<p>Kozmetik end\u00fcstrisinde ekstrakt, bak\u0131m kremlerine, g\u00fcne\u015f koruyucu \u00fcr\u00fcnlere, y\u00fcz serumlar\u0131na eklenebilir.<\/p>\n<p>Ekstrakt, kontroll\u00fc ko\u015fullarda yeti\u015ftirilen k\u0131rm\u0131z\u0131 yoncadan elde edilir. Kalitesini titiz standartlar do\u011frular ve her parti ayr\u0131nt\u0131l\u0131 mikrobiyolojik ve kimyasal safl\u0131k testlerinden ge\u00e7er. <\/p>\n<p>&nbsp;<\/p>\n","protected":false},"excerpt":{"rendered":"<p><strong>K\u0131rm\u0131z\u0131 yonca ekstrakt\u0131<\/strong> (<em>Trifolium pratense<\/em>), \u00f6zellikle menopoz d\u00f6neminden ge\u00e7en kad\u0131nlar i\u00e7in tasarlanm\u0131\u015f bir besin takviyesidir. \u00d6strojen etkisini taklit eden bitki maddeleri olan izoflavonlar\u0131n do\u011fal kayna\u011f\u0131d\u0131r. Bu sayede rahats\u0131z edici hormonal semptomlar\u0131 hafifletmeye yard\u0131mc\u0131 olur ve cilt, kemik ve dola\u015f\u0131m sistemi sa\u011fl\u0131\u011f\u0131n\u0131 olumlu etkiler.  <\/p>\n<h3><\/h3>\n","protected":false},"featured_media":44709,"template":"","meta":{"_acf_changed":false},"product_brand":[],"product_cat":[9531],"product_tag":[],"class_list":{"0":"post-44708","1":"product","2":"type-product","3":"status-publish","4":"has-post-thumbnail","6":"product_cat-bitkisel-ekstraktlar","7":"pa_czesc-rosliny-cicek","8":"pa_czesc-rosliny-yapraklar-2","10":"first","11":"instock","12":"shipping-taxable","13":"product-type-simple"},"acf":[],"yoast_head":"<!-- This site is optimized with the Yoast SEO plugin v27.5 - https:\/\/yoast.com\/product\/yoast-seo-wordpress\/ -->\n<title>K\u0131rm\u0131z\u0131 yonca ekstrakt\u0131 - NATURAL POLAND - Hurtowy Dystrybutor Surowc\u00f3w<\/title>\n<meta name=\"description\" content=\"K\u0131rm\u0131z\u0131 yonca ekstrakt\u0131, \u00f6zellikle menopoz d\u00f6neminden ge\u00e7en kad\u0131nlar i\u00e7in ideal olan, \u00e7ok y\u00f6nl\u00fc etkili benzersiz bir besin takviyesidir.\" \/>\n<meta name=\"robots\" content=\"index, follow, max-snippet:-1, max-image-preview:large, max-video-preview:-1\" \/>\n<link rel=\"canonical\" href=\"https:\/\/naturalpoland.com\/tr\/urunler\/bitkisel-ekstraktlar\/kirmizi-yonca-ekstrakti\/\" \/>\n<meta property=\"og:locale\" content=\"tr_TR\" \/>\n<meta property=\"og:type\" content=\"article\" \/>\n<meta property=\"og:title\" content=\"K\u0131rm\u0131z\u0131 yonca ekstrakt\u0131 - NATURAL POLAND - Hurtowy Dystrybutor Surowc\u00f3w\" \/>\n<meta property=\"og:description\" content=\"K\u0131rm\u0131z\u0131 yonca ekstrakt\u0131, \u00f6zellikle menopoz d\u00f6neminden ge\u00e7en kad\u0131nlar i\u00e7in ideal olan, \u00e7ok y\u00f6nl\u00fc etkili benzersiz bir besin takviyesidir.\" \/>\n<meta property=\"og:url\" content=\"https:\/\/naturalpoland.com\/tr\/urunler\/bitkisel-ekstraktlar\/kirmizi-yonca-ekstrakti\/\" \/>\n<meta property=\"og:site_name\" content=\"NATURAL POLAND - Hurtowy Dystrybutor Surowc\u00f3w\" \/>\n<meta property=\"article:publisher\" content=\"https:\/\/www.facebook.com\/naturalpoland.b2b\" \/>\n<meta property=\"article:modified_time\" content=\"2025-12-22T12:38:10+00:00\" \/>\n<meta property=\"og:image\" content=\"https:\/\/naturalpoland.com\/wp-content\/uploads\/ekstrakt-z-czerwonej-koniczyny.webp\" \/>\n\t<meta property=\"og:image:width\" content=\"1024\" \/>\n\t<meta property=\"og:image:height\" content=\"1024\" \/>\n\t<meta property=\"og:image:type\" content=\"image\/webp\" \/>\n<script type=\"application\/ld+json\" class=\"yoast-schema-graph\">{\"@context\":\"https:\\\/\\\/schema.org\",\"@graph\":[{\"@type\":\"WebPage\",\"@id\":\"https:\\\/\\\/naturalpoland.com\\\/tr\\\/urunler\\\/bitkisel-ekstraktlar\\\/kirmizi-yonca-ekstrakti\\\/\",\"url\":\"https:\\\/\\\/naturalpoland.com\\\/tr\\\/urunler\\\/bitkisel-ekstraktlar\\\/kirmizi-yonca-ekstrakti\\\/\",\"name\":\"K\u0131rm\u0131z\u0131 yonca ekstrakt\u0131 - NATURAL POLAND - Hurtowy Dystrybutor Surowc\u00f3w\",\"isPartOf\":{\"@id\":\"https:\\\/\\\/naturalpoland.com\\\/tr\\\/#website\"},\"primaryImageOfPage\":{\"@id\":\"https:\\\/\\\/naturalpoland.com\\\/tr\\\/urunler\\\/bitkisel-ekstraktlar\\\/kirmizi-yonca-ekstrakti\\\/#primaryimage\"},\"image\":{\"@id\":\"https:\\\/\\\/naturalpoland.com\\\/tr\\\/urunler\\\/bitkisel-ekstraktlar\\\/kirmizi-yonca-ekstrakti\\\/#primaryimage\"},\"thumbnailUrl\":\"https:\\\/\\\/naturalpoland.com\\\/wp-content\\\/uploads\\\/ekstrakt-z-czerwonej-koniczyny.webp\",\"datePublished\":\"2024-10-16T10:13:25+00:00\",\"dateModified\":\"2025-12-22T12:38:10+00:00\",\"description\":\"K\u0131rm\u0131z\u0131 yonca ekstrakt\u0131, \u00f6zellikle menopoz d\u00f6neminden ge\u00e7en kad\u0131nlar i\u00e7in ideal olan, \u00e7ok y\u00f6nl\u00fc etkili benzersiz bir besin takviyesidir.\",\"breadcrumb\":{\"@id\":\"https:\\\/\\\/naturalpoland.com\\\/tr\\\/urunler\\\/bitkisel-ekstraktlar\\\/kirmizi-yonca-ekstrakti\\\/#breadcrumb\"},\"inLanguage\":\"tr\",\"potentialAction\":[{\"@type\":\"ReadAction\",\"target\":[\"https:\\\/\\\/naturalpoland.com\\\/tr\\\/urunler\\\/bitkisel-ekstraktlar\\\/kirmizi-yonca-ekstrakti\\\/\"]}]},{\"@type\":\"ImageObject\",\"inLanguage\":\"tr\",\"@id\":\"https:\\\/\\\/naturalpoland.com\\\/tr\\\/urunler\\\/bitkisel-ekstraktlar\\\/kirmizi-yonca-ekstrakti\\\/#primaryimage\",\"url\":\"https:\\\/\\\/naturalpoland.com\\\/wp-content\\\/uploads\\\/ekstrakt-z-czerwonej-koniczyny.webp\",\"contentUrl\":\"https:\\\/\\\/naturalpoland.com\\\/wp-content\\\/uploads\\\/ekstrakt-z-czerwonej-koniczyny.webp\",\"width\":1024,\"height\":1024,\"caption\":\"K\u0131rm\u0131z\u0131 yonca ekstrakt\u0131\"},{\"@type\":\"BreadcrumbList\",\"@id\":\"https:\\\/\\\/naturalpoland.com\\\/tr\\\/urunler\\\/bitkisel-ekstraktlar\\\/kirmizi-yonca-ekstrakti\\\/#breadcrumb\",\"itemListElement\":[{\"@type\":\"ListItem\",\"position\":1,\"name\":\"Ana Sayfa\",\"item\":\"https:\\\/\\\/naturalpoland.com\\\/tr\\\/\"},{\"@type\":\"ListItem\",\"position\":2,\"name\":\"\u00dcr\u00fcnler\",\"item\":\"https:\\\/\\\/naturalpoland.com\\\/tr\\\/urunler\\\/\"},{\"@type\":\"ListItem\",\"position\":3,\"name\":\"K\u0131rm\u0131z\u0131 yonca ekstrakt\u0131\"}]},{\"@type\":\"WebSite\",\"@id\":\"https:\\\/\\\/naturalpoland.com\\\/tr\\\/#website\",\"url\":\"https:\\\/\\\/naturalpoland.com\\\/tr\\\/\",\"name\":\"NATURAL POLAND - Hurtowy Dystrybutor Surowc\u00f3w\",\"description\":\"Surowce dla przemys\u0142u spo\u017cywczego, kosmetycznego i farmaceutycznego\",\"publisher\":{\"@id\":\"https:\\\/\\\/naturalpoland.com\\\/tr\\\/#organization\"},\"potentialAction\":[{\"@type\":\"SearchAction\",\"target\":{\"@type\":\"EntryPoint\",\"urlTemplate\":\"https:\\\/\\\/naturalpoland.com\\\/tr\\\/?s={search_term_string}\"},\"query-input\":{\"@type\":\"PropertyValueSpecification\",\"valueRequired\":true,\"valueName\":\"search_term_string\"}}],\"inLanguage\":\"tr\"},{\"@type\":\"Organization\",\"@id\":\"https:\\\/\\\/naturalpoland.com\\\/tr\\\/#organization\",\"name\":\"Natural Poland\",\"url\":\"https:\\\/\\\/naturalpoland.com\\\/tr\\\/\",\"logo\":{\"@type\":\"ImageObject\",\"inLanguage\":\"tr\",\"@id\":\"https:\\\/\\\/naturalpoland.com\\\/tr\\\/#\\\/schema\\\/logo\\\/image\\\/\",\"url\":\"https:\\\/\\\/naturalpoland.com\\\/wp-content\\\/uploads\\\/2021\\\/05\\\/natural-poland-icon.png\",\"contentUrl\":\"https:\\\/\\\/naturalpoland.com\\\/wp-content\\\/uploads\\\/2021\\\/05\\\/natural-poland-icon.png\",\"width\":512,\"height\":512,\"caption\":\"Natural Poland\"},\"image\":{\"@id\":\"https:\\\/\\\/naturalpoland.com\\\/tr\\\/#\\\/schema\\\/logo\\\/image\\\/\"},\"sameAs\":[\"https:\\\/\\\/www.facebook.com\\\/naturalpoland.b2b\",\"https:\\\/\\\/pl.linkedin.com\\\/company\\\/natural-poland\",\"https:\\\/\\\/www.youtube.com\\\/channel\\\/UCgeGGkvOMahZo-xu_MSEWxg\"]}]}<\/script>\n<!-- \/ Yoast SEO plugin. -->","yoast_head_json":{"title":"K\u0131rm\u0131z\u0131 yonca ekstrakt\u0131 - NATURAL POLAND - Hurtowy Dystrybutor Surowc\u00f3w","description":"K\u0131rm\u0131z\u0131 yonca ekstrakt\u0131, \u00f6zellikle menopoz d\u00f6neminden ge\u00e7en kad\u0131nlar i\u00e7in ideal olan, \u00e7ok y\u00f6nl\u00fc etkili benzersiz bir besin takviyesidir.","robots":{"index":"index","follow":"follow","max-snippet":"max-snippet:-1","max-image-preview":"max-image-preview:large","max-video-preview":"max-video-preview:-1"},"canonical":"https:\/\/naturalpoland.com\/tr\/urunler\/bitkisel-ekstraktlar\/kirmizi-yonca-ekstrakti\/","og_locale":"tr_TR","og_type":"article","og_title":"K\u0131rm\u0131z\u0131 yonca ekstrakt\u0131 - NATURAL POLAND - Hurtowy Dystrybutor Surowc\u00f3w","og_description":"K\u0131rm\u0131z\u0131 yonca ekstrakt\u0131, \u00f6zellikle menopoz d\u00f6neminden ge\u00e7en kad\u0131nlar i\u00e7in ideal olan, \u00e7ok y\u00f6nl\u00fc etkili benzersiz bir besin takviyesidir.","og_url":"https:\/\/naturalpoland.com\/tr\/urunler\/bitkisel-ekstraktlar\/kirmizi-yonca-ekstrakti\/","og_site_name":"NATURAL POLAND - Hurtowy Dystrybutor Surowc\u00f3w","article_publisher":"https:\/\/www.facebook.com\/naturalpoland.b2b","article_modified_time":"2025-12-22T12:38:10+00:00","og_image":[{"width":1024,"height":1024,"url":"https:\/\/naturalpoland.com\/wp-content\/uploads\/ekstrakt-z-czerwonej-koniczyny.webp","type":"image\/webp"}],"schema":{"@context":"https:\/\/schema.org","@graph":[{"@type":"WebPage","@id":"https:\/\/naturalpoland.com\/tr\/urunler\/bitkisel-ekstraktlar\/kirmizi-yonca-ekstrakti\/","url":"https:\/\/naturalpoland.com\/tr\/urunler\/bitkisel-ekstraktlar\/kirmizi-yonca-ekstrakti\/","name":"K\u0131rm\u0131z\u0131 yonca ekstrakt\u0131 - NATURAL POLAND - Hurtowy Dystrybutor Surowc\u00f3w","isPartOf":{"@id":"https:\/\/naturalpoland.com\/tr\/#website"},"primaryImageOfPage":{"@id":"https:\/\/naturalpoland.com\/tr\/urunler\/bitkisel-ekstraktlar\/kirmizi-yonca-ekstrakti\/#primaryimage"},"image":{"@id":"https:\/\/naturalpoland.com\/tr\/urunler\/bitkisel-ekstraktlar\/kirmizi-yonca-ekstrakti\/#primaryimage"},"thumbnailUrl":"https:\/\/naturalpoland.com\/wp-content\/uploads\/ekstrakt-z-czerwonej-koniczyny.webp","datePublished":"2024-10-16T10:13:25+00:00","dateModified":"2025-12-22T12:38:10+00:00","description":"K\u0131rm\u0131z\u0131 yonca ekstrakt\u0131, \u00f6zellikle menopoz d\u00f6neminden ge\u00e7en kad\u0131nlar i\u00e7in ideal olan, \u00e7ok y\u00f6nl\u00fc etkili benzersiz bir besin takviyesidir.","breadcrumb":{"@id":"https:\/\/naturalpoland.com\/tr\/urunler\/bitkisel-ekstraktlar\/kirmizi-yonca-ekstrakti\/#breadcrumb"},"inLanguage":"tr","potentialAction":[{"@type":"ReadAction","target":["https:\/\/naturalpoland.com\/tr\/urunler\/bitkisel-ekstraktlar\/kirmizi-yonca-ekstrakti\/"]}]},{"@type":"ImageObject","inLanguage":"tr","@id":"https:\/\/naturalpoland.com\/tr\/urunler\/bitkisel-ekstraktlar\/kirmizi-yonca-ekstrakti\/#primaryimage","url":"https:\/\/naturalpoland.com\/wp-content\/uploads\/ekstrakt-z-czerwonej-koniczyny.webp","contentUrl":"https:\/\/naturalpoland.com\/wp-content\/uploads\/ekstrakt-z-czerwonej-koniczyny.webp","width":1024,"height":1024,"caption":"K\u0131rm\u0131z\u0131 yonca ekstrakt\u0131"},{"@type":"BreadcrumbList","@id":"https:\/\/naturalpoland.com\/tr\/urunler\/bitkisel-ekstraktlar\/kirmizi-yonca-ekstrakti\/#breadcrumb","itemListElement":[{"@type":"ListItem","position":1,"name":"Ana Sayfa","item":"https:\/\/naturalpoland.com\/tr\/"},{"@type":"ListItem","position":2,"name":"\u00dcr\u00fcnler","item":"https:\/\/naturalpoland.com\/tr\/urunler\/"},{"@type":"ListItem","position":3,"name":"K\u0131rm\u0131z\u0131 yonca ekstrakt\u0131"}]},{"@type":"WebSite","@id":"https:\/\/naturalpoland.com\/tr\/#website","url":"https:\/\/naturalpoland.com\/tr\/","name":"NATURAL POLAND - Hurtowy Dystrybutor Surowc\u00f3w","description":"Surowce dla przemys\u0142u spo\u017cywczego, kosmetycznego i farmaceutycznego","publisher":{"@id":"https:\/\/naturalpoland.com\/tr\/#organization"},"potentialAction":[{"@type":"SearchAction","target":{"@type":"EntryPoint","urlTemplate":"https:\/\/naturalpoland.com\/tr\/?s={search_term_string}"},"query-input":{"@type":"PropertyValueSpecification","valueRequired":true,"valueName":"search_term_string"}}],"inLanguage":"tr"},{"@type":"Organization","@id":"https:\/\/naturalpoland.com\/tr\/#organization","name":"Natural Poland","url":"https:\/\/naturalpoland.com\/tr\/","logo":{"@type":"ImageObject","inLanguage":"tr","@id":"https:\/\/naturalpoland.com\/tr\/#\/schema\/logo\/image\/","url":"https:\/\/naturalpoland.com\/wp-content\/uploads\/2021\/05\/natural-poland-icon.png","contentUrl":"https:\/\/naturalpoland.com\/wp-content\/uploads\/2021\/05\/natural-poland-icon.png","width":512,"height":512,"caption":"Natural Poland"},"image":{"@id":"https:\/\/naturalpoland.com\/tr\/#\/schema\/logo\/image\/"},"sameAs":["https:\/\/www.facebook.com\/naturalpoland.b2b","https:\/\/pl.linkedin.com\/company\/natural-poland","https:\/\/www.youtube.com\/channel\/UCgeGGkvOMahZo-xu_MSEWxg"]}]}},"_links":{"self":[{"href":"https:\/\/naturalpoland.com\/tr\/wp-json\/wp\/v2\/product\/44708","targetHints":{"allow":["GET"]}}],"collection":[{"href":"https:\/\/naturalpoland.com\/tr\/wp-json\/wp\/v2\/product"}],"about":[{"href":"https:\/\/naturalpoland.com\/tr\/wp-json\/wp\/v2\/types\/product"}],"wp:featuredmedia":[{"embeddable":true,"href":"https:\/\/naturalpoland.com\/tr\/wp-json\/wp\/v2\/media\/44709"}],"wp:attachment":[{"href":"https:\/\/naturalpoland.com\/tr\/wp-json\/wp\/v2\/media?parent=44708"}],"wp:term":[{"taxonomy":"product_brand","embeddable":true,"href":"https:\/\/naturalpoland.com\/tr\/wp-json\/wp\/v2\/product_brand?post=44708"},{"taxonomy":"product_cat","embeddable":true,"href":"https:\/\/naturalpoland.com\/tr\/wp-json\/wp\/v2\/product_cat?post=44708"},{"taxonomy":"product_tag","embeddable":true,"href":"https:\/\/naturalpoland.com\/tr\/wp-json\/wp\/v2\/product_tag?post=44708"}],"curies":[{"name":"wp","href":"https:\/\/api.w.org\/{rel}","templated":true}]}}