{"id":44712,"date":"2021-05-11T13:42:58","date_gmt":"2021-05-11T11:42:58","guid":{"rendered":"https:\/\/naturalpoland.com\/produkty\/kategorilenmemis\/kirmizi-kil\/"},"modified":"2025-12-22T13:39:32","modified_gmt":"2025-12-22T12:39:32","slug":"kirmizi-kil","status":"publish","type":"product","link":"https:\/\/naturalpoland.com\/tr\/urunler\/kozmetik-hammaddeleri\/kozmetik-killer\/kirmizi-kil\/","title":{"rendered":"K\u0131rm\u0131z\u0131 Kil"},"content":{"rendered":"<h3>Kimyasal Analiz<\/h3>\n<table>\n<tbody>\n<tr>\n<th>\u00d6ZELL\u0130K<\/th>\n<th>SPES\u0130F\u0130KASYONLAR<\/th>\n<th>B\u0130R\u0130MLER<\/th>\n<\/tr>\n<tr>\n<td>SiO<sub>2<\/sub><\/td>\n<td>50,27<\/td>\n<td>%<\/td>\n<\/tr>\n<tr>\n<td>Al<sub>2<\/sub>O<sub>3<\/sub><\/td>\n<td>18,81<\/td>\n<td>%<\/td>\n<\/tr>\n<tr>\n<td>Na<sub>2<\/sub>O<\/td>\n<td>0,02<\/td>\n<td><span style=\"font-size: 12px;\">%<\/span><\/td>\n<\/tr>\n<tr>\n<td>MgO<\/td>\n<td>3,40<\/td>\n<td><span style=\"font-size: 12px;\">%<\/span><\/td>\n<\/tr>\n<tr>\n<td>CaO<\/td>\n<td>1,30<\/td>\n<td><span style=\"font-size: 12px;\">%<\/span><\/td>\n<\/tr>\n<tr>\n<td>Fe<sub>2<\/sub>O<sub>3<\/sub><\/td>\n<td>7,40<\/td>\n<td><span style=\"font-size: 12px;\">%<\/span><\/td>\n<\/tr>\n<tr>\n<td>K<sub>2<\/sub>O<\/td>\n<td>2,23<\/td>\n<td><span style=\"font-size: 12px;\">%<\/span><\/td>\n<\/tr>\n<tr>\n<td>TiO<sub>2<\/sub>(GLA)<\/td>\n<td>0,68<\/td>\n<td><span style=\"font-size: 12px;\">%<\/span><\/td>\n<\/tr>\n<tr>\n<td>MnO<\/td>\n<td>0,03<\/td>\n<td><span style=\"font-size: 12px;\">%<\/span><\/td>\n<\/tr>\n<tr>\n<td>P<sub>2<\/sub>O<sub>5<\/sub><\/td>\n<td>0,04<\/td>\n<td><span style=\"font-size: 12px;\">%<\/span><\/td>\n<\/tr>\n<\/tbody>\n<\/table>\n<p>K\u0131rm\u0131z\u0131 kil, Fransa&#8217;daki madenlerden \u00e7\u0131kar\u0131lan mineral bir maddedir. Ad\u0131n\u0131 tozunun sar\u0131-kahverengi, a\u00e7\u0131k kahverengi ile kahverengi-k\u0131rm\u0131z\u0131 aras\u0131nda de\u011fi\u015fen renginden al\u0131r. pH de\u011feri 4,0 &#8211; 8,5 aras\u0131ndad\u0131r.  <\/p>\n<p>K\u0131rm\u0131z\u0131 kilin temizleyici \u00f6zellikleri nedeniyle hem harici hem de dahili olarak kullan\u0131l\u0131r. Y\u00fcz maskeleri (akne ile m\u00fccadeleye yard\u0131mc\u0131 olur), t\u00fcm v\u00fccut maskeleri (temizler, sel\u00fcliti azalt\u0131r) ve hatta sa\u00e7 maskeleri (sa\u00e7lar\u0131 g\u00fc\u00e7lendirir, sa\u00e7 derisini besler) yap\u0131l\u0131r. Kreme veya toni\u011fe eklenmesi, ya\u011fl\u0131 ciltlerin matla\u015fmas\u0131n\u0131 sa\u011flar ve hassas ciltlerin daha az hassas ve k\u0131rm\u0131z\u0131 olmas\u0131na yard\u0131mc\u0131 olur. Ayr\u0131ca di\u015f macununa eklenmesi di\u015f etlerini g\u00fc\u00e7lendirmeye yard\u0131mc\u0131 olur.   <\/p>\n<p>Antiseptik \u00f6zellikleri sayesinde k\u0131rm\u0131z\u0131 kil ayr\u0131ca bo\u011faz enfeksiyonlar\u0131n\u0131n tedavisinde de faydal\u0131d\u0131r ve suyla i\u00e7ildi\u011finde v\u00fccudu temizlemeye yard\u0131mc\u0131 olur.<\/p>\n","protected":false},"excerpt":{"rendered":"<p>\u0130la\u00e7, kozmetik ve g\u0131da end\u00fcstrisinde kullan\u0131m i\u00e7in y\u00fcksek kaliteli k\u0131rm\u0131z\u0131 kil (Bentonit). Tamamen g\u00fcvenli, kanserojen olmayan, toksik olmayan, biyolojik olarak par\u00e7alanabilen ve ba\u011f\u0131ms\u0131z ara\u015ft\u0131rma birimleri taraf\u0131ndan kontrol edilen bir \u00fcr\u00fcnd\u00fcr. <\/p>\n","protected":false},"featured_media":44713,"template":"","meta":{"_acf_changed":false},"product_brand":[],"product_cat":[9546],"product_tag":[],"class_list":{"0":"post-44712","1":"product","2":"type-product","3":"status-publish","4":"has-post-thumbnail","6":"product_cat-kozmetik-killer","8":"first","9":"instock","10":"shipping-taxable","11":"product-type-simple"},"acf":[],"yoast_head":"<!-- This site is optimized with the Yoast SEO plugin v27.5 - https:\/\/yoast.com\/product\/yoast-seo-wordpress\/ -->\n<title>K\u0131rm\u0131z\u0131 Kil - Hurtowy Dystrybutor<\/title>\n<meta name=\"robots\" content=\"index, follow, max-snippet:-1, max-image-preview:large, max-video-preview:-1\" \/>\n<link rel=\"canonical\" href=\"https:\/\/naturalpoland.com\/tr\/urunler\/kozmetik-hammaddeleri\/kozmetik-killer\/kirmizi-kil\/\" \/>\n<meta property=\"og:locale\" content=\"tr_TR\" \/>\n<meta property=\"og:type\" content=\"article\" \/>\n<meta property=\"og:title\" content=\"K\u0131rm\u0131z\u0131 Kil - Hurtowy Dystrybutor\" \/>\n<meta property=\"og:description\" content=\"\u0130la\u00e7, kozmetik ve g\u0131da end\u00fcstrisinde kullan\u0131m i\u00e7in y\u00fcksek kaliteli k\u0131rm\u0131z\u0131 kil (Bentonit). Tamamen g\u00fcvenli, kanserojen olmayan, toksik olmayan, biyolojik olarak par\u00e7alanabilen ve ba\u011f\u0131ms\u0131z ara\u015ft\u0131rma birimleri taraf\u0131ndan kontrol edilen bir \u00fcr\u00fcnd\u00fcr.\" \/>\n<meta property=\"og:url\" content=\"https:\/\/naturalpoland.com\/tr\/urunler\/kozmetik-hammaddeleri\/kozmetik-killer\/kirmizi-kil\/\" \/>\n<meta property=\"og:site_name\" content=\"NATURAL POLAND - Hurtowy Dystrybutor Surowc\u00f3w\" \/>\n<meta property=\"article:publisher\" content=\"https:\/\/www.facebook.com\/naturalpoland.b2b\" \/>\n<meta property=\"article:modified_time\" content=\"2025-12-22T12:39:32+00:00\" \/>\n<meta property=\"og:image\" content=\"https:\/\/naturalpoland.com\/wp-content\/uploads\/2021\/05\/red-clay.jpg\" \/>\n\t<meta property=\"og:image:width\" content=\"264\" \/>\n\t<meta property=\"og:image:height\" content=\"247\" \/>\n\t<meta property=\"og:image:type\" content=\"image\/jpeg\" \/>\n<script type=\"application\/ld+json\" class=\"yoast-schema-graph\">{\"@context\":\"https:\\\/\\\/schema.org\",\"@graph\":[{\"@type\":\"WebPage\",\"@id\":\"https:\\\/\\\/naturalpoland.com\\\/tr\\\/urunler\\\/kozmetik-hammaddeleri\\\/kozmetik-killer\\\/kirmizi-kil\\\/\",\"url\":\"https:\\\/\\\/naturalpoland.com\\\/tr\\\/urunler\\\/kozmetik-hammaddeleri\\\/kozmetik-killer\\\/kirmizi-kil\\\/\",\"name\":\"K\u0131rm\u0131z\u0131 Kil - Hurtowy Dystrybutor\",\"isPartOf\":{\"@id\":\"https:\\\/\\\/naturalpoland.com\\\/tr\\\/#website\"},\"primaryImageOfPage\":{\"@id\":\"https:\\\/\\\/naturalpoland.com\\\/tr\\\/urunler\\\/kozmetik-hammaddeleri\\\/kozmetik-killer\\\/kirmizi-kil\\\/#primaryimage\"},\"image\":{\"@id\":\"https:\\\/\\\/naturalpoland.com\\\/tr\\\/urunler\\\/kozmetik-hammaddeleri\\\/kozmetik-killer\\\/kirmizi-kil\\\/#primaryimage\"},\"thumbnailUrl\":\"https:\\\/\\\/naturalpoland.com\\\/wp-content\\\/uploads\\\/2021\\\/05\\\/red-clay.jpg\",\"datePublished\":\"2021-05-11T11:42:58+00:00\",\"dateModified\":\"2025-12-22T12:39:32+00:00\",\"breadcrumb\":{\"@id\":\"https:\\\/\\\/naturalpoland.com\\\/tr\\\/urunler\\\/kozmetik-hammaddeleri\\\/kozmetik-killer\\\/kirmizi-kil\\\/#breadcrumb\"},\"inLanguage\":\"tr\",\"potentialAction\":[{\"@type\":\"ReadAction\",\"target\":[\"https:\\\/\\\/naturalpoland.com\\\/tr\\\/urunler\\\/kozmetik-hammaddeleri\\\/kozmetik-killer\\\/kirmizi-kil\\\/\"]}]},{\"@type\":\"ImageObject\",\"inLanguage\":\"tr\",\"@id\":\"https:\\\/\\\/naturalpoland.com\\\/tr\\\/urunler\\\/kozmetik-hammaddeleri\\\/kozmetik-killer\\\/kirmizi-kil\\\/#primaryimage\",\"url\":\"https:\\\/\\\/naturalpoland.com\\\/wp-content\\\/uploads\\\/2021\\\/05\\\/red-clay.jpg\",\"contentUrl\":\"https:\\\/\\\/naturalpoland.com\\\/wp-content\\\/uploads\\\/2021\\\/05\\\/red-clay.jpg\",\"width\":264,\"height\":247,\"caption\":\"K\u0131rm\u0131z\u0131 Kil\"},{\"@type\":\"BreadcrumbList\",\"@id\":\"https:\\\/\\\/naturalpoland.com\\\/tr\\\/urunler\\\/kozmetik-hammaddeleri\\\/kozmetik-killer\\\/kirmizi-kil\\\/#breadcrumb\",\"itemListElement\":[{\"@type\":\"ListItem\",\"position\":1,\"name\":\"Ana Sayfa\",\"item\":\"https:\\\/\\\/naturalpoland.com\\\/tr\\\/\"},{\"@type\":\"ListItem\",\"position\":2,\"name\":\"\u00dcr\u00fcnler\",\"item\":\"https:\\\/\\\/naturalpoland.com\\\/tr\\\/urunler\\\/\"},{\"@type\":\"ListItem\",\"position\":3,\"name\":\"K\u0131rm\u0131z\u0131 Kil\"}]},{\"@type\":\"WebSite\",\"@id\":\"https:\\\/\\\/naturalpoland.com\\\/tr\\\/#website\",\"url\":\"https:\\\/\\\/naturalpoland.com\\\/tr\\\/\",\"name\":\"NATURAL POLAND - Hurtowy Dystrybutor Surowc\u00f3w\",\"description\":\"Surowce dla przemys\u0142u spo\u017cywczego, kosmetycznego i farmaceutycznego\",\"publisher\":{\"@id\":\"https:\\\/\\\/naturalpoland.com\\\/tr\\\/#organization\"},\"potentialAction\":[{\"@type\":\"SearchAction\",\"target\":{\"@type\":\"EntryPoint\",\"urlTemplate\":\"https:\\\/\\\/naturalpoland.com\\\/tr\\\/?s={search_term_string}\"},\"query-input\":{\"@type\":\"PropertyValueSpecification\",\"valueRequired\":true,\"valueName\":\"search_term_string\"}}],\"inLanguage\":\"tr\"},{\"@type\":\"Organization\",\"@id\":\"https:\\\/\\\/naturalpoland.com\\\/tr\\\/#organization\",\"name\":\"Natural Poland\",\"url\":\"https:\\\/\\\/naturalpoland.com\\\/tr\\\/\",\"logo\":{\"@type\":\"ImageObject\",\"inLanguage\":\"tr\",\"@id\":\"https:\\\/\\\/naturalpoland.com\\\/tr\\\/#\\\/schema\\\/logo\\\/image\\\/\",\"url\":\"https:\\\/\\\/naturalpoland.com\\\/wp-content\\\/uploads\\\/2021\\\/05\\\/natural-poland-icon.png\",\"contentUrl\":\"https:\\\/\\\/naturalpoland.com\\\/wp-content\\\/uploads\\\/2021\\\/05\\\/natural-poland-icon.png\",\"width\":512,\"height\":512,\"caption\":\"Natural Poland\"},\"image\":{\"@id\":\"https:\\\/\\\/naturalpoland.com\\\/tr\\\/#\\\/schema\\\/logo\\\/image\\\/\"},\"sameAs\":[\"https:\\\/\\\/www.facebook.com\\\/naturalpoland.b2b\",\"https:\\\/\\\/pl.linkedin.com\\\/company\\\/natural-poland\",\"https:\\\/\\\/www.youtube.com\\\/channel\\\/UCgeGGkvOMahZo-xu_MSEWxg\"]}]}<\/script>\n<!-- \/ Yoast SEO plugin. -->","yoast_head_json":{"title":"K\u0131rm\u0131z\u0131 Kil - Hurtowy Dystrybutor","robots":{"index":"index","follow":"follow","max-snippet":"max-snippet:-1","max-image-preview":"max-image-preview:large","max-video-preview":"max-video-preview:-1"},"canonical":"https:\/\/naturalpoland.com\/tr\/urunler\/kozmetik-hammaddeleri\/kozmetik-killer\/kirmizi-kil\/","og_locale":"tr_TR","og_type":"article","og_title":"K\u0131rm\u0131z\u0131 Kil - Hurtowy Dystrybutor","og_description":"\u0130la\u00e7, kozmetik ve g\u0131da end\u00fcstrisinde kullan\u0131m i\u00e7in y\u00fcksek kaliteli k\u0131rm\u0131z\u0131 kil (Bentonit). Tamamen g\u00fcvenli, kanserojen olmayan, toksik olmayan, biyolojik olarak par\u00e7alanabilen ve ba\u011f\u0131ms\u0131z ara\u015ft\u0131rma birimleri taraf\u0131ndan kontrol edilen bir \u00fcr\u00fcnd\u00fcr.","og_url":"https:\/\/naturalpoland.com\/tr\/urunler\/kozmetik-hammaddeleri\/kozmetik-killer\/kirmizi-kil\/","og_site_name":"NATURAL POLAND - Hurtowy Dystrybutor Surowc\u00f3w","article_publisher":"https:\/\/www.facebook.com\/naturalpoland.b2b","article_modified_time":"2025-12-22T12:39:32+00:00","og_image":[{"width":264,"height":247,"url":"https:\/\/naturalpoland.com\/wp-content\/uploads\/2021\/05\/red-clay.jpg","type":"image\/jpeg"}],"schema":{"@context":"https:\/\/schema.org","@graph":[{"@type":"WebPage","@id":"https:\/\/naturalpoland.com\/tr\/urunler\/kozmetik-hammaddeleri\/kozmetik-killer\/kirmizi-kil\/","url":"https:\/\/naturalpoland.com\/tr\/urunler\/kozmetik-hammaddeleri\/kozmetik-killer\/kirmizi-kil\/","name":"K\u0131rm\u0131z\u0131 Kil - Hurtowy Dystrybutor","isPartOf":{"@id":"https:\/\/naturalpoland.com\/tr\/#website"},"primaryImageOfPage":{"@id":"https:\/\/naturalpoland.com\/tr\/urunler\/kozmetik-hammaddeleri\/kozmetik-killer\/kirmizi-kil\/#primaryimage"},"image":{"@id":"https:\/\/naturalpoland.com\/tr\/urunler\/kozmetik-hammaddeleri\/kozmetik-killer\/kirmizi-kil\/#primaryimage"},"thumbnailUrl":"https:\/\/naturalpoland.com\/wp-content\/uploads\/2021\/05\/red-clay.jpg","datePublished":"2021-05-11T11:42:58+00:00","dateModified":"2025-12-22T12:39:32+00:00","breadcrumb":{"@id":"https:\/\/naturalpoland.com\/tr\/urunler\/kozmetik-hammaddeleri\/kozmetik-killer\/kirmizi-kil\/#breadcrumb"},"inLanguage":"tr","potentialAction":[{"@type":"ReadAction","target":["https:\/\/naturalpoland.com\/tr\/urunler\/kozmetik-hammaddeleri\/kozmetik-killer\/kirmizi-kil\/"]}]},{"@type":"ImageObject","inLanguage":"tr","@id":"https:\/\/naturalpoland.com\/tr\/urunler\/kozmetik-hammaddeleri\/kozmetik-killer\/kirmizi-kil\/#primaryimage","url":"https:\/\/naturalpoland.com\/wp-content\/uploads\/2021\/05\/red-clay.jpg","contentUrl":"https:\/\/naturalpoland.com\/wp-content\/uploads\/2021\/05\/red-clay.jpg","width":264,"height":247,"caption":"K\u0131rm\u0131z\u0131 Kil"},{"@type":"BreadcrumbList","@id":"https:\/\/naturalpoland.com\/tr\/urunler\/kozmetik-hammaddeleri\/kozmetik-killer\/kirmizi-kil\/#breadcrumb","itemListElement":[{"@type":"ListItem","position":1,"name":"Ana Sayfa","item":"https:\/\/naturalpoland.com\/tr\/"},{"@type":"ListItem","position":2,"name":"\u00dcr\u00fcnler","item":"https:\/\/naturalpoland.com\/tr\/urunler\/"},{"@type":"ListItem","position":3,"name":"K\u0131rm\u0131z\u0131 Kil"}]},{"@type":"WebSite","@id":"https:\/\/naturalpoland.com\/tr\/#website","url":"https:\/\/naturalpoland.com\/tr\/","name":"NATURAL POLAND - Hurtowy Dystrybutor Surowc\u00f3w","description":"Surowce dla przemys\u0142u spo\u017cywczego, kosmetycznego i farmaceutycznego","publisher":{"@id":"https:\/\/naturalpoland.com\/tr\/#organization"},"potentialAction":[{"@type":"SearchAction","target":{"@type":"EntryPoint","urlTemplate":"https:\/\/naturalpoland.com\/tr\/?s={search_term_string}"},"query-input":{"@type":"PropertyValueSpecification","valueRequired":true,"valueName":"search_term_string"}}],"inLanguage":"tr"},{"@type":"Organization","@id":"https:\/\/naturalpoland.com\/tr\/#organization","name":"Natural Poland","url":"https:\/\/naturalpoland.com\/tr\/","logo":{"@type":"ImageObject","inLanguage":"tr","@id":"https:\/\/naturalpoland.com\/tr\/#\/schema\/logo\/image\/","url":"https:\/\/naturalpoland.com\/wp-content\/uploads\/2021\/05\/natural-poland-icon.png","contentUrl":"https:\/\/naturalpoland.com\/wp-content\/uploads\/2021\/05\/natural-poland-icon.png","width":512,"height":512,"caption":"Natural Poland"},"image":{"@id":"https:\/\/naturalpoland.com\/tr\/#\/schema\/logo\/image\/"},"sameAs":["https:\/\/www.facebook.com\/naturalpoland.b2b","https:\/\/pl.linkedin.com\/company\/natural-poland","https:\/\/www.youtube.com\/channel\/UCgeGGkvOMahZo-xu_MSEWxg"]}]}},"_links":{"self":[{"href":"https:\/\/naturalpoland.com\/tr\/wp-json\/wp\/v2\/product\/44712","targetHints":{"allow":["GET"]}}],"collection":[{"href":"https:\/\/naturalpoland.com\/tr\/wp-json\/wp\/v2\/product"}],"about":[{"href":"https:\/\/naturalpoland.com\/tr\/wp-json\/wp\/v2\/types\/product"}],"wp:featuredmedia":[{"embeddable":true,"href":"https:\/\/naturalpoland.com\/tr\/wp-json\/wp\/v2\/media\/44713"}],"wp:attachment":[{"href":"https:\/\/naturalpoland.com\/tr\/wp-json\/wp\/v2\/media?parent=44712"}],"wp:term":[{"taxonomy":"product_brand","embeddable":true,"href":"https:\/\/naturalpoland.com\/tr\/wp-json\/wp\/v2\/product_brand?post=44712"},{"taxonomy":"product_cat","embeddable":true,"href":"https:\/\/naturalpoland.com\/tr\/wp-json\/wp\/v2\/product_cat?post=44712"},{"taxonomy":"product_tag","embeddable":true,"href":"https:\/\/naturalpoland.com\/tr\/wp-json\/wp\/v2\/product_tag?post=44712"}],"curies":[{"name":"wp","href":"https:\/\/api.w.org\/{rel}","templated":true}]}}