{"id":44714,"date":"2021-05-11T13:42:57","date_gmt":"2021-05-11T11:42:57","guid":{"rendered":"https:\/\/naturalpoland.com\/produkty\/kategorilenmemis\/beyaz-kil\/"},"modified":"2025-12-22T13:39:37","modified_gmt":"2025-12-22T12:39:37","slug":"beyaz-kil","status":"publish","type":"product","link":"https:\/\/naturalpoland.com\/tr\/urunler\/kozmetik-hammaddeleri\/kozmetik-killer\/beyaz-kil\/","title":{"rendered":"Beyaz kil"},"content":{"rendered":"<h2>Beyaz kilin \u00f6zellikleri<\/h2>\n<p>Temizleyici ve dezenfekte edici \u00f6zellikleri nedeniyle s\u0131kl\u0131kla problemli ciltler i\u00e7in tasarlanm\u0131\u015f \u00fcr\u00fcnlerde kullan\u0131l\u0131r. Kirleri ve fazla sebumu emme yetene\u011fine sahiptir ve cildin temiz ve mat kalmas\u0131n\u0131 sa\u011flar. \u0130\u00e7erdi\u011fi al\u00fcminyum silikat ve di\u011fer mineral bile\u015fenler, cilt lezyonlar\u0131n\u0131n iyile\u015fmesini h\u0131zland\u0131rmaya ve k\u00fc\u00e7\u00fck kusurlar\u0131 azaltmaya yard\u0131mc\u0131 olur.  <\/p>\n<h2>Kullan\u0131m alanlar\u0131<\/h2>\n<p>Beyaz kil, y\u00fcz, v\u00fccut ve sa\u00e7 bak\u0131m \u00fcr\u00fcnlerinde yayg\u0131n olarak kullan\u0131l\u0131r. Y\u00fcz maskesi olarak, g\u00f6zenekleri derinlemesine temizlemek, kirleri gidermek ve iltihab\u0131 yat\u0131\u015ft\u0131rmak i\u00e7in m\u00fckemmeldir. Ayr\u0131ca, nemlendirici, beyazlat\u0131c\u0131 veya anti-akne \u00f6zelliklerini art\u0131rmak i\u00e7in bitkisel ya\u011flar, hidrolatlar veya bitkisel \u00f6zlerle zenginle\u015ftirilebilen ev yap\u0131m\u0131 maskeler i\u00e7in bir baz olarak da kullan\u0131labilir.  <\/p>\n<p>Hafif peeling \u00f6zellikleri sayesinde beyaz kil, g\u00fcnl\u00fck cilt temizli\u011fi i\u00e7in nazik bir scrub olarak da kullan\u0131l\u0131r ve babassu ya\u011f\u0131 veya g\u00fcl hidrolat ile birle\u015ftirildi\u011finde etkili bir makyaj temizleme bar\u0131 olu\u015fturur. Ayr\u0131ca sa\u00e7 derisi bak\u0131m\u0131 i\u00e7in de kullan\u0131labilir &#8211; temizleyici etki g\u00f6sterir, sebum \u00fcretimini d\u00fczenler ve \u00f6zellikle ya\u011fl\u0131 ve zay\u0131f sa\u00e7lar\u0131n durumunu iyile\u015ftirir. <\/p>\n<p>Beyaz kil, maskelerde, banyo pudralar\u0131nda ve v\u00fccut kompresleri olarak kullan\u0131m i\u00e7in \u00f6nerilir. Yumu\u015fakl\u0131\u011f\u0131 sayesinde cildi tahri\u015f etmez ve ya\u011fl\u0131 ve karma ciltli ki\u015filer taraf\u0131ndan d\u00fczenli olarak, hatta her g\u00fcn kullan\u0131labilir. <\/p>\n<h2>Beyaz kil maskesi nas\u0131l haz\u0131rlan\u0131r?<\/h2>\n<p>Beyaz kil maskesi haz\u0131rlamak i\u00e7in, kili bir <strong><a href=\"https:\/\/naturalpoland.com\/tr\/kategori\/kozmetik-hammaddeleri\/hidrolatlar\/\">hidrolat<\/a><\/strong> veya kaynat\u0131lm\u0131\u015f su ile yo\u011fun bir macun k\u0131vam\u0131na gelene kadar kar\u0131\u015ft\u0131rmak yeterlidir. Ek nemlendirici etki i\u00e7in birka\u00e7 damla do\u011fal bitkisel ya\u011f eklenebilir. Maske, g\u00f6z \u00e7evresinden ka\u00e7\u0131narak hafif\u00e7e nemlendirilmi\u015f cilde uygulanmal\u0131 ve kurumas\u0131na izin vermeden 10-15 dakika bekletilmelidir. Uygulama s\u0131ras\u0131nda y\u00fcz\u00fc hidrolatla spreyleme, kilin cilt \u00fczerindeki optimal etkisini korumaya yard\u0131mc\u0131 olur. \u0130\u015flem tamamland\u0131ktan sonra y\u00fcz \u0131l\u0131k suyla durulanmal\u0131 ve ard\u0131ndan favori krem veya serum uygulanmal\u0131d\u0131r.    <\/p>\n<h3><\/h3>\n","protected":false},"excerpt":{"rendered":"<p>Beyaz kil (kaolin), kozmetik kullan\u0131m\u0131 olan do\u011fal bir hammaddedir. Saf al\u00fcminyum silikat olarak bulunur ve en nazik killerden biridir. Silisyum, magnezyum, kalsiyum, demir, potasyum ve sodyum gibi mikro ve makro elementler a\u00e7\u0131s\u0131ndan zengindir.  <\/p>\n<h3><\/h3>\n","protected":false},"featured_media":44716,"template":"","meta":{"_acf_changed":false},"product_brand":[],"product_cat":[9546],"product_tag":[],"class_list":{"0":"post-44714","1":"product","2":"type-product","3":"status-publish","4":"has-post-thumbnail","6":"product_cat-kozmetik-killer","8":"first","9":"instock","10":"shipping-taxable","11":"product-type-simple"},"acf":[],"yoast_head":"<!-- This site is optimized with the Yoast SEO plugin v27.5 - https:\/\/yoast.com\/product\/yoast-seo-wordpress\/ -->\n<title>Beyaz kil - NATURAL POLAND - Hurtowy Dystrybutor Surowc\u00f3w<\/title>\n<meta name=\"description\" content=\"Kaolin kili olarak da bilinen beyaz kil, cilt ve sa\u00e7 bak\u0131m\u0131nda vazge\u00e7ilmez bir bile\u015fendir. Beyaz kil do\u011fal bir \u00fcr\u00fcnd\u00fcr.\" \/>\n<meta name=\"robots\" content=\"index, follow, max-snippet:-1, max-image-preview:large, max-video-preview:-1\" \/>\n<link rel=\"canonical\" href=\"https:\/\/naturalpoland.com\/tr\/urunler\/kozmetik-hammaddeleri\/kozmetik-killer\/beyaz-kil\/\" \/>\n<meta property=\"og:locale\" content=\"tr_TR\" \/>\n<meta property=\"og:type\" content=\"article\" \/>\n<meta property=\"og:title\" content=\"Beyaz kil - NATURAL POLAND - Hurtowy Dystrybutor Surowc\u00f3w\" \/>\n<meta property=\"og:description\" content=\"Kaolin kili olarak da bilinen beyaz kil, cilt ve sa\u00e7 bak\u0131m\u0131nda vazge\u00e7ilmez bir bile\u015fendir. Beyaz kil do\u011fal bir \u00fcr\u00fcnd\u00fcr.\" \/>\n<meta property=\"og:url\" content=\"https:\/\/naturalpoland.com\/tr\/urunler\/kozmetik-hammaddeleri\/kozmetik-killer\/beyaz-kil\/\" \/>\n<meta property=\"og:site_name\" content=\"NATURAL POLAND - Hurtowy Dystrybutor Surowc\u00f3w\" \/>\n<meta property=\"article:publisher\" content=\"https:\/\/www.facebook.com\/naturalpoland.b2b\" \/>\n<meta property=\"article:modified_time\" content=\"2025-12-22T12:39:37+00:00\" \/>\n<meta property=\"og:image\" content=\"https:\/\/naturalpoland.com\/wp-content\/uploads\/biala-glinka.webp\" \/>\n\t<meta property=\"og:image:width\" content=\"700\" \/>\n\t<meta property=\"og:image:height\" content=\"700\" \/>\n\t<meta property=\"og:image:type\" content=\"image\/webp\" \/>\n<script type=\"application\/ld+json\" class=\"yoast-schema-graph\">{\"@context\":\"https:\\\/\\\/schema.org\",\"@graph\":[{\"@type\":\"WebPage\",\"@id\":\"https:\\\/\\\/naturalpoland.com\\\/tr\\\/urunler\\\/kozmetik-hammaddeleri\\\/kozmetik-killer\\\/beyaz-kil\\\/\",\"url\":\"https:\\\/\\\/naturalpoland.com\\\/tr\\\/urunler\\\/kozmetik-hammaddeleri\\\/kozmetik-killer\\\/beyaz-kil\\\/\",\"name\":\"Beyaz kil - NATURAL POLAND - Hurtowy Dystrybutor Surowc\u00f3w\",\"isPartOf\":{\"@id\":\"https:\\\/\\\/naturalpoland.com\\\/tr\\\/#website\"},\"primaryImageOfPage\":{\"@id\":\"https:\\\/\\\/naturalpoland.com\\\/tr\\\/urunler\\\/kozmetik-hammaddeleri\\\/kozmetik-killer\\\/beyaz-kil\\\/#primaryimage\"},\"image\":{\"@id\":\"https:\\\/\\\/naturalpoland.com\\\/tr\\\/urunler\\\/kozmetik-hammaddeleri\\\/kozmetik-killer\\\/beyaz-kil\\\/#primaryimage\"},\"thumbnailUrl\":\"https:\\\/\\\/naturalpoland.com\\\/wp-content\\\/uploads\\\/biala-glinka.webp\",\"datePublished\":\"2021-05-11T11:42:57+00:00\",\"dateModified\":\"2025-12-22T12:39:37+00:00\",\"description\":\"Kaolin kili olarak da bilinen beyaz kil, cilt ve sa\u00e7 bak\u0131m\u0131nda vazge\u00e7ilmez bir bile\u015fendir. Beyaz kil do\u011fal bir \u00fcr\u00fcnd\u00fcr.\",\"breadcrumb\":{\"@id\":\"https:\\\/\\\/naturalpoland.com\\\/tr\\\/urunler\\\/kozmetik-hammaddeleri\\\/kozmetik-killer\\\/beyaz-kil\\\/#breadcrumb\"},\"inLanguage\":\"tr\",\"potentialAction\":[{\"@type\":\"ReadAction\",\"target\":[\"https:\\\/\\\/naturalpoland.com\\\/tr\\\/urunler\\\/kozmetik-hammaddeleri\\\/kozmetik-killer\\\/beyaz-kil\\\/\"]}]},{\"@type\":\"ImageObject\",\"inLanguage\":\"tr\",\"@id\":\"https:\\\/\\\/naturalpoland.com\\\/tr\\\/urunler\\\/kozmetik-hammaddeleri\\\/kozmetik-killer\\\/beyaz-kil\\\/#primaryimage\",\"url\":\"https:\\\/\\\/naturalpoland.com\\\/wp-content\\\/uploads\\\/biala-glinka.webp\",\"contentUrl\":\"https:\\\/\\\/naturalpoland.com\\\/wp-content\\\/uploads\\\/biala-glinka.webp\",\"width\":700,\"height\":700,\"caption\":\"kozmetik beyaz kil\"},{\"@type\":\"BreadcrumbList\",\"@id\":\"https:\\\/\\\/naturalpoland.com\\\/tr\\\/urunler\\\/kozmetik-hammaddeleri\\\/kozmetik-killer\\\/beyaz-kil\\\/#breadcrumb\",\"itemListElement\":[{\"@type\":\"ListItem\",\"position\":1,\"name\":\"Ana Sayfa\",\"item\":\"https:\\\/\\\/naturalpoland.com\\\/tr\\\/\"},{\"@type\":\"ListItem\",\"position\":2,\"name\":\"\u00dcr\u00fcnler\",\"item\":\"https:\\\/\\\/naturalpoland.com\\\/tr\\\/urunler\\\/\"},{\"@type\":\"ListItem\",\"position\":3,\"name\":\"Beyaz kil\"}]},{\"@type\":\"WebSite\",\"@id\":\"https:\\\/\\\/naturalpoland.com\\\/tr\\\/#website\",\"url\":\"https:\\\/\\\/naturalpoland.com\\\/tr\\\/\",\"name\":\"NATURAL POLAND - Hurtowy Dystrybutor Surowc\u00f3w\",\"description\":\"Surowce dla przemys\u0142u spo\u017cywczego, kosmetycznego i farmaceutycznego\",\"publisher\":{\"@id\":\"https:\\\/\\\/naturalpoland.com\\\/tr\\\/#organization\"},\"potentialAction\":[{\"@type\":\"SearchAction\",\"target\":{\"@type\":\"EntryPoint\",\"urlTemplate\":\"https:\\\/\\\/naturalpoland.com\\\/tr\\\/?s={search_term_string}\"},\"query-input\":{\"@type\":\"PropertyValueSpecification\",\"valueRequired\":true,\"valueName\":\"search_term_string\"}}],\"inLanguage\":\"tr\"},{\"@type\":\"Organization\",\"@id\":\"https:\\\/\\\/naturalpoland.com\\\/tr\\\/#organization\",\"name\":\"Natural Poland\",\"url\":\"https:\\\/\\\/naturalpoland.com\\\/tr\\\/\",\"logo\":{\"@type\":\"ImageObject\",\"inLanguage\":\"tr\",\"@id\":\"https:\\\/\\\/naturalpoland.com\\\/tr\\\/#\\\/schema\\\/logo\\\/image\\\/\",\"url\":\"https:\\\/\\\/naturalpoland.com\\\/wp-content\\\/uploads\\\/2021\\\/05\\\/natural-poland-icon.png\",\"contentUrl\":\"https:\\\/\\\/naturalpoland.com\\\/wp-content\\\/uploads\\\/2021\\\/05\\\/natural-poland-icon.png\",\"width\":512,\"height\":512,\"caption\":\"Natural Poland\"},\"image\":{\"@id\":\"https:\\\/\\\/naturalpoland.com\\\/tr\\\/#\\\/schema\\\/logo\\\/image\\\/\"},\"sameAs\":[\"https:\\\/\\\/www.facebook.com\\\/naturalpoland.b2b\",\"https:\\\/\\\/pl.linkedin.com\\\/company\\\/natural-poland\",\"https:\\\/\\\/www.youtube.com\\\/channel\\\/UCgeGGkvOMahZo-xu_MSEWxg\"]}]}<\/script>\n<!-- \/ Yoast SEO plugin. -->","yoast_head_json":{"title":"Beyaz kil - NATURAL POLAND - Hurtowy Dystrybutor Surowc\u00f3w","description":"Kaolin kili olarak da bilinen beyaz kil, cilt ve sa\u00e7 bak\u0131m\u0131nda vazge\u00e7ilmez bir bile\u015fendir. Beyaz kil do\u011fal bir \u00fcr\u00fcnd\u00fcr.","robots":{"index":"index","follow":"follow","max-snippet":"max-snippet:-1","max-image-preview":"max-image-preview:large","max-video-preview":"max-video-preview:-1"},"canonical":"https:\/\/naturalpoland.com\/tr\/urunler\/kozmetik-hammaddeleri\/kozmetik-killer\/beyaz-kil\/","og_locale":"tr_TR","og_type":"article","og_title":"Beyaz kil - NATURAL POLAND - Hurtowy Dystrybutor Surowc\u00f3w","og_description":"Kaolin kili olarak da bilinen beyaz kil, cilt ve sa\u00e7 bak\u0131m\u0131nda vazge\u00e7ilmez bir bile\u015fendir. Beyaz kil do\u011fal bir \u00fcr\u00fcnd\u00fcr.","og_url":"https:\/\/naturalpoland.com\/tr\/urunler\/kozmetik-hammaddeleri\/kozmetik-killer\/beyaz-kil\/","og_site_name":"NATURAL POLAND - Hurtowy Dystrybutor Surowc\u00f3w","article_publisher":"https:\/\/www.facebook.com\/naturalpoland.b2b","article_modified_time":"2025-12-22T12:39:37+00:00","og_image":[{"width":700,"height":700,"url":"https:\/\/naturalpoland.com\/wp-content\/uploads\/biala-glinka.webp","type":"image\/webp"}],"schema":{"@context":"https:\/\/schema.org","@graph":[{"@type":"WebPage","@id":"https:\/\/naturalpoland.com\/tr\/urunler\/kozmetik-hammaddeleri\/kozmetik-killer\/beyaz-kil\/","url":"https:\/\/naturalpoland.com\/tr\/urunler\/kozmetik-hammaddeleri\/kozmetik-killer\/beyaz-kil\/","name":"Beyaz kil - NATURAL POLAND - Hurtowy Dystrybutor Surowc\u00f3w","isPartOf":{"@id":"https:\/\/naturalpoland.com\/tr\/#website"},"primaryImageOfPage":{"@id":"https:\/\/naturalpoland.com\/tr\/urunler\/kozmetik-hammaddeleri\/kozmetik-killer\/beyaz-kil\/#primaryimage"},"image":{"@id":"https:\/\/naturalpoland.com\/tr\/urunler\/kozmetik-hammaddeleri\/kozmetik-killer\/beyaz-kil\/#primaryimage"},"thumbnailUrl":"https:\/\/naturalpoland.com\/wp-content\/uploads\/biala-glinka.webp","datePublished":"2021-05-11T11:42:57+00:00","dateModified":"2025-12-22T12:39:37+00:00","description":"Kaolin kili olarak da bilinen beyaz kil, cilt ve sa\u00e7 bak\u0131m\u0131nda vazge\u00e7ilmez bir bile\u015fendir. Beyaz kil do\u011fal bir \u00fcr\u00fcnd\u00fcr.","breadcrumb":{"@id":"https:\/\/naturalpoland.com\/tr\/urunler\/kozmetik-hammaddeleri\/kozmetik-killer\/beyaz-kil\/#breadcrumb"},"inLanguage":"tr","potentialAction":[{"@type":"ReadAction","target":["https:\/\/naturalpoland.com\/tr\/urunler\/kozmetik-hammaddeleri\/kozmetik-killer\/beyaz-kil\/"]}]},{"@type":"ImageObject","inLanguage":"tr","@id":"https:\/\/naturalpoland.com\/tr\/urunler\/kozmetik-hammaddeleri\/kozmetik-killer\/beyaz-kil\/#primaryimage","url":"https:\/\/naturalpoland.com\/wp-content\/uploads\/biala-glinka.webp","contentUrl":"https:\/\/naturalpoland.com\/wp-content\/uploads\/biala-glinka.webp","width":700,"height":700,"caption":"kozmetik beyaz kil"},{"@type":"BreadcrumbList","@id":"https:\/\/naturalpoland.com\/tr\/urunler\/kozmetik-hammaddeleri\/kozmetik-killer\/beyaz-kil\/#breadcrumb","itemListElement":[{"@type":"ListItem","position":1,"name":"Ana Sayfa","item":"https:\/\/naturalpoland.com\/tr\/"},{"@type":"ListItem","position":2,"name":"\u00dcr\u00fcnler","item":"https:\/\/naturalpoland.com\/tr\/urunler\/"},{"@type":"ListItem","position":3,"name":"Beyaz kil"}]},{"@type":"WebSite","@id":"https:\/\/naturalpoland.com\/tr\/#website","url":"https:\/\/naturalpoland.com\/tr\/","name":"NATURAL POLAND - Hurtowy Dystrybutor Surowc\u00f3w","description":"Surowce dla przemys\u0142u spo\u017cywczego, kosmetycznego i farmaceutycznego","publisher":{"@id":"https:\/\/naturalpoland.com\/tr\/#organization"},"potentialAction":[{"@type":"SearchAction","target":{"@type":"EntryPoint","urlTemplate":"https:\/\/naturalpoland.com\/tr\/?s={search_term_string}"},"query-input":{"@type":"PropertyValueSpecification","valueRequired":true,"valueName":"search_term_string"}}],"inLanguage":"tr"},{"@type":"Organization","@id":"https:\/\/naturalpoland.com\/tr\/#organization","name":"Natural Poland","url":"https:\/\/naturalpoland.com\/tr\/","logo":{"@type":"ImageObject","inLanguage":"tr","@id":"https:\/\/naturalpoland.com\/tr\/#\/schema\/logo\/image\/","url":"https:\/\/naturalpoland.com\/wp-content\/uploads\/2021\/05\/natural-poland-icon.png","contentUrl":"https:\/\/naturalpoland.com\/wp-content\/uploads\/2021\/05\/natural-poland-icon.png","width":512,"height":512,"caption":"Natural Poland"},"image":{"@id":"https:\/\/naturalpoland.com\/tr\/#\/schema\/logo\/image\/"},"sameAs":["https:\/\/www.facebook.com\/naturalpoland.b2b","https:\/\/pl.linkedin.com\/company\/natural-poland","https:\/\/www.youtube.com\/channel\/UCgeGGkvOMahZo-xu_MSEWxg"]}]}},"_links":{"self":[{"href":"https:\/\/naturalpoland.com\/tr\/wp-json\/wp\/v2\/product\/44714","targetHints":{"allow":["GET"]}}],"collection":[{"href":"https:\/\/naturalpoland.com\/tr\/wp-json\/wp\/v2\/product"}],"about":[{"href":"https:\/\/naturalpoland.com\/tr\/wp-json\/wp\/v2\/types\/product"}],"wp:featuredmedia":[{"embeddable":true,"href":"https:\/\/naturalpoland.com\/tr\/wp-json\/wp\/v2\/media\/44716"}],"wp:attachment":[{"href":"https:\/\/naturalpoland.com\/tr\/wp-json\/wp\/v2\/media?parent=44714"}],"wp:term":[{"taxonomy":"product_brand","embeddable":true,"href":"https:\/\/naturalpoland.com\/tr\/wp-json\/wp\/v2\/product_brand?post=44714"},{"taxonomy":"product_cat","embeddable":true,"href":"https:\/\/naturalpoland.com\/tr\/wp-json\/wp\/v2\/product_cat?post=44714"},{"taxonomy":"product_tag","embeddable":true,"href":"https:\/\/naturalpoland.com\/tr\/wp-json\/wp\/v2\/product_tag?post=44714"}],"curies":[{"name":"wp","href":"https:\/\/api.w.org\/{rel}","templated":true}]}}