{"id":44719,"date":"2021-05-11T13:48:56","date_gmt":"2021-05-11T11:48:56","guid":{"rendered":"https:\/\/naturalpoland.com\/produkty\/kategorilenmemis\/palmiye-yagi\/"},"modified":"2025-12-22T13:40:23","modified_gmt":"2025-12-22T12:40:23","slug":"palmiye-yagi","status":"publish","type":"product","link":"https:\/\/naturalpoland.com\/tr\/urunler\/gida-ve-kozmetik-yaglari\/palmiye-yagi\/","title":{"rendered":"Palmiye Ya\u011f\u0131"},"content":{"rendered":"<h2>Palmiye Ya\u011f\u0131n\u0131n Kullan\u0131m Alanlar\u0131<\/h2>\n<p>Palmiye ya\u011f\u0131 g\u0131da end\u00fcstrisinde yayg\u0131n olarak kullan\u0131lmaktad\u0131r. \u015eu \u00fcr\u00fcnlerin \u00fcretiminde kullan\u0131l\u0131r: <\/p>\n<ul>\n<li>margarin ve \u015fekerleme \u00fcr\u00fcnleri<\/li>\n<li>cips, bisk\u00fcvi ve dondurma \u00fcretiminde em\u00fclgat\u00f6r ve lezzet ta\u015f\u0131y\u0131c\u0131s\u0131 i\u015flevi g\u00f6r\u00fcr, ayr\u0131ca \u00fcr\u00fcnlere uygun k\u0131vam kazand\u0131r\u0131r<\/li>\n<\/ul>\n<p>Palmiye ya\u011f\u0131 bazl\u0131 \u00fcr\u00fcnler uzun s\u00fcreli k\u0131zartmaya dayan\u0131kl\u0131d\u0131r. Uzun raf \u00f6mr\u00fc ve y\u00fcksek enerji i\u00e7eri\u011fine sahiptir (100 g&#8217;da 900 kcal). <\/p>\n<p>Ham formundaki palmiye ya\u011f\u0131, bir\u00e7ok vitamin ve mikro element a\u00e7\u0131s\u0131ndan zengin olan iyi bir kozmetik bile\u015fenidir. Cilt ve sa\u00e7 bak\u0131m\u0131nda kullan\u0131labilir. Ciltte koruyucu tabaka olu\u015fturan y\u00fcksek ya\u011f i\u00e7eri\u011fine sahiptir. Etkili \u015fekilde nemlendirip cildi yeniler ve yumu\u015fat\u0131r.   <\/p>\n<h2>Sertifikalar<\/h2>\n<p>\u00dcr\u00fcn <strong>Kosher<\/strong>, <strong>Helal<\/strong> normlar\u0131 dahil kalite ile ilgili yasal gerekliliklere uygundur ve kalite y\u00f6netimi sertifikalar\u0131na sahiptir. EC 1169\/2011 direktifine uygun olarak GMO ve alerjen i\u00e7ermez. <\/p>\n","protected":false},"excerpt":{"rendered":"<p><strong>Palmiye ya\u011f\u0131<\/strong> Gine palmiyesi yani ya\u011f palmiyesinden elde edilir. \u00dcr\u00fcn k\u0131smen hidrojenize edilmi\u015ftir, bu da ona kararl\u0131l\u0131k, sert k\u0131vam ve y\u00fcksek s\u0131cakl\u0131klara dayan\u0131kl\u0131l\u0131k kazand\u0131r\u0131r. Bu sayede toz \u00fcr\u00fcnlerin bile\u015feni olarak ve margarinler, \u015fekerlemeler veya uzat\u0131lm\u0131\u015f tazelik s\u00fcresine sahip unlu mamuller gibi uzun raf \u00f6mr\u00fc gerektiren \u00fcr\u00fcnlerde m\u00fckemmel performans g\u00f6sterir.  <\/p>\n","protected":false},"featured_media":44722,"template":"","meta":{"_acf_changed":false},"product_brand":[],"product_cat":[9532],"product_tag":[],"class_list":{"0":"post-44719","1":"product","2":"type-product","3":"status-publish","4":"has-post-thumbnail","6":"product_cat-gida-ve-kozmetik-yaglari","7":"pa_certyfikaty-helal","8":"pa_certyfikaty-koser-sertifikasi","9":"pa_metoda-pozyskiwania-hidrojenasyon","11":"first","12":"instock","13":"shipping-taxable","14":"product-type-simple"},"acf":[],"yoast_head":"<!-- This site is optimized with the Yoast SEO plugin v27.6 - https:\/\/yoast.com\/product\/yoast-seo-wordpress\/ -->\n<title>Palmiye Ya\u011f\u0131 - NATURAL POLAND - Hurtowy Dystrybutor Surowc\u00f3w<\/title>\n<meta name=\"description\" content=\"K\u0131smen hidrojenize palmiye ya\u011f\u0131, g\u0131da end\u00fcstrisinin bir\u00e7ok dal\u0131nda kullan\u0131m alan\u0131 bulan kararl\u0131 ve \u00e7ok y\u00f6nl\u00fc bir ya\u011fd\u0131r.\" \/>\n<meta name=\"robots\" content=\"index, follow, max-snippet:-1, max-image-preview:large, max-video-preview:-1\" \/>\n<link rel=\"canonical\" href=\"https:\/\/naturalpoland.com\/tr\/urunler\/gida-ve-kozmetik-yaglari\/palmiye-yagi\/\" \/>\n<meta property=\"og:locale\" content=\"tr_TR\" \/>\n<meta property=\"og:type\" content=\"article\" \/>\n<meta property=\"og:title\" content=\"Palmiye Ya\u011f\u0131 - NATURAL POLAND - Hurtowy Dystrybutor Surowc\u00f3w\" \/>\n<meta property=\"og:description\" content=\"K\u0131smen hidrojenize palmiye ya\u011f\u0131, g\u0131da end\u00fcstrisinin bir\u00e7ok dal\u0131nda kullan\u0131m alan\u0131 bulan kararl\u0131 ve \u00e7ok y\u00f6nl\u00fc bir ya\u011fd\u0131r.\" \/>\n<meta property=\"og:url\" content=\"https:\/\/naturalpoland.com\/tr\/urunler\/gida-ve-kozmetik-yaglari\/palmiye-yagi\/\" \/>\n<meta property=\"og:site_name\" content=\"NATURAL POLAND - Hurtowy Dystrybutor Surowc\u00f3w\" \/>\n<meta property=\"article:publisher\" content=\"https:\/\/www.facebook.com\/naturalpoland.b2b\" \/>\n<meta property=\"article:modified_time\" content=\"2025-12-22T12:40:23+00:00\" \/>\n<meta property=\"og:image\" content=\"https:\/\/naturalpoland.com\/wp-content\/uploads\/olej-palmowy-natural-poland-1.jpg\" \/>\n\t<meta property=\"og:image:width\" content=\"650\" \/>\n\t<meta property=\"og:image:height\" content=\"650\" \/>\n\t<meta property=\"og:image:type\" content=\"image\/jpeg\" \/>\n<script type=\"application\/ld+json\" class=\"yoast-schema-graph\">{\"@context\":\"https:\\\/\\\/schema.org\",\"@graph\":[{\"@type\":\"WebPage\",\"@id\":\"https:\\\/\\\/naturalpoland.com\\\/tr\\\/urunler\\\/gida-ve-kozmetik-yaglari\\\/palmiye-yagi\\\/\",\"url\":\"https:\\\/\\\/naturalpoland.com\\\/tr\\\/urunler\\\/gida-ve-kozmetik-yaglari\\\/palmiye-yagi\\\/\",\"name\":\"Palmiye Ya\u011f\u0131 - NATURAL POLAND - Hurtowy Dystrybutor Surowc\u00f3w\",\"isPartOf\":{\"@id\":\"https:\\\/\\\/naturalpoland.com\\\/tr\\\/#website\"},\"primaryImageOfPage\":{\"@id\":\"https:\\\/\\\/naturalpoland.com\\\/tr\\\/urunler\\\/gida-ve-kozmetik-yaglari\\\/palmiye-yagi\\\/#primaryimage\"},\"image\":{\"@id\":\"https:\\\/\\\/naturalpoland.com\\\/tr\\\/urunler\\\/gida-ve-kozmetik-yaglari\\\/palmiye-yagi\\\/#primaryimage\"},\"thumbnailUrl\":\"https:\\\/\\\/naturalpoland.com\\\/wp-content\\\/uploads\\\/olej-palmowy-natural-poland-1.jpg\",\"datePublished\":\"2021-05-11T11:48:56+00:00\",\"dateModified\":\"2025-12-22T12:40:23+00:00\",\"description\":\"K\u0131smen hidrojenize palmiye ya\u011f\u0131, g\u0131da end\u00fcstrisinin bir\u00e7ok dal\u0131nda kullan\u0131m alan\u0131 bulan kararl\u0131 ve \u00e7ok y\u00f6nl\u00fc bir ya\u011fd\u0131r.\",\"breadcrumb\":{\"@id\":\"https:\\\/\\\/naturalpoland.com\\\/tr\\\/urunler\\\/gida-ve-kozmetik-yaglari\\\/palmiye-yagi\\\/#breadcrumb\"},\"inLanguage\":\"tr\",\"potentialAction\":[{\"@type\":\"ReadAction\",\"target\":[\"https:\\\/\\\/naturalpoland.com\\\/tr\\\/urunler\\\/gida-ve-kozmetik-yaglari\\\/palmiye-yagi\\\/\"]}]},{\"@type\":\"ImageObject\",\"inLanguage\":\"tr\",\"@id\":\"https:\\\/\\\/naturalpoland.com\\\/tr\\\/urunler\\\/gida-ve-kozmetik-yaglari\\\/palmiye-yagi\\\/#primaryimage\",\"url\":\"https:\\\/\\\/naturalpoland.com\\\/wp-content\\\/uploads\\\/olej-palmowy-natural-poland-1.jpg\",\"contentUrl\":\"https:\\\/\\\/naturalpoland.com\\\/wp-content\\\/uploads\\\/olej-palmowy-natural-poland-1.jpg\",\"width\":650,\"height\":650,\"caption\":\"palmiye ya\u011f\u0131 natural poland\"},{\"@type\":\"BreadcrumbList\",\"@id\":\"https:\\\/\\\/naturalpoland.com\\\/tr\\\/urunler\\\/gida-ve-kozmetik-yaglari\\\/palmiye-yagi\\\/#breadcrumb\",\"itemListElement\":[{\"@type\":\"ListItem\",\"position\":1,\"name\":\"Ana Sayfa\",\"item\":\"https:\\\/\\\/naturalpoland.com\\\/tr\\\/\"},{\"@type\":\"ListItem\",\"position\":2,\"name\":\"\u00dcr\u00fcnler\",\"item\":\"https:\\\/\\\/naturalpoland.com\\\/tr\\\/urunler\\\/\"},{\"@type\":\"ListItem\",\"position\":3,\"name\":\"Palmiye Ya\u011f\u0131\"}]},{\"@type\":\"WebSite\",\"@id\":\"https:\\\/\\\/naturalpoland.com\\\/tr\\\/#website\",\"url\":\"https:\\\/\\\/naturalpoland.com\\\/tr\\\/\",\"name\":\"NATURAL POLAND - Hurtowy Dystrybutor Surowc\u00f3w\",\"description\":\"Surowce dla przemys\u0142u spo\u017cywczego, kosmetycznego i farmaceutycznego\",\"publisher\":{\"@id\":\"https:\\\/\\\/naturalpoland.com\\\/tr\\\/#organization\"},\"potentialAction\":[{\"@type\":\"SearchAction\",\"target\":{\"@type\":\"EntryPoint\",\"urlTemplate\":\"https:\\\/\\\/naturalpoland.com\\\/tr\\\/?s={search_term_string}\"},\"query-input\":{\"@type\":\"PropertyValueSpecification\",\"valueRequired\":true,\"valueName\":\"search_term_string\"}}],\"inLanguage\":\"tr\"},{\"@type\":\"Organization\",\"@id\":\"https:\\\/\\\/naturalpoland.com\\\/tr\\\/#organization\",\"name\":\"Natural Poland\",\"url\":\"https:\\\/\\\/naturalpoland.com\\\/tr\\\/\",\"logo\":{\"@type\":\"ImageObject\",\"inLanguage\":\"tr\",\"@id\":\"https:\\\/\\\/naturalpoland.com\\\/tr\\\/#\\\/schema\\\/logo\\\/image\\\/\",\"url\":\"https:\\\/\\\/naturalpoland.com\\\/wp-content\\\/uploads\\\/2021\\\/05\\\/natural-poland-icon.png\",\"contentUrl\":\"https:\\\/\\\/naturalpoland.com\\\/wp-content\\\/uploads\\\/2021\\\/05\\\/natural-poland-icon.png\",\"width\":512,\"height\":512,\"caption\":\"Natural Poland\"},\"image\":{\"@id\":\"https:\\\/\\\/naturalpoland.com\\\/tr\\\/#\\\/schema\\\/logo\\\/image\\\/\"},\"sameAs\":[\"https:\\\/\\\/www.facebook.com\\\/naturalpoland.b2b\",\"https:\\\/\\\/pl.linkedin.com\\\/company\\\/natural-poland\",\"https:\\\/\\\/www.youtube.com\\\/channel\\\/UCgeGGkvOMahZo-xu_MSEWxg\"]}]}<\/script>\n<!-- \/ Yoast SEO plugin. -->","yoast_head_json":{"title":"Palmiye Ya\u011f\u0131 - NATURAL POLAND - Hurtowy Dystrybutor Surowc\u00f3w","description":"K\u0131smen hidrojenize palmiye ya\u011f\u0131, g\u0131da end\u00fcstrisinin bir\u00e7ok dal\u0131nda kullan\u0131m alan\u0131 bulan kararl\u0131 ve \u00e7ok y\u00f6nl\u00fc bir ya\u011fd\u0131r.","robots":{"index":"index","follow":"follow","max-snippet":"max-snippet:-1","max-image-preview":"max-image-preview:large","max-video-preview":"max-video-preview:-1"},"canonical":"https:\/\/naturalpoland.com\/tr\/urunler\/gida-ve-kozmetik-yaglari\/palmiye-yagi\/","og_locale":"tr_TR","og_type":"article","og_title":"Palmiye Ya\u011f\u0131 - NATURAL POLAND - Hurtowy Dystrybutor Surowc\u00f3w","og_description":"K\u0131smen hidrojenize palmiye ya\u011f\u0131, g\u0131da end\u00fcstrisinin bir\u00e7ok dal\u0131nda kullan\u0131m alan\u0131 bulan kararl\u0131 ve \u00e7ok y\u00f6nl\u00fc bir ya\u011fd\u0131r.","og_url":"https:\/\/naturalpoland.com\/tr\/urunler\/gida-ve-kozmetik-yaglari\/palmiye-yagi\/","og_site_name":"NATURAL POLAND - Hurtowy Dystrybutor Surowc\u00f3w","article_publisher":"https:\/\/www.facebook.com\/naturalpoland.b2b","article_modified_time":"2025-12-22T12:40:23+00:00","og_image":[{"width":650,"height":650,"url":"https:\/\/naturalpoland.com\/wp-content\/uploads\/olej-palmowy-natural-poland-1.jpg","type":"image\/jpeg"}],"schema":{"@context":"https:\/\/schema.org","@graph":[{"@type":"WebPage","@id":"https:\/\/naturalpoland.com\/tr\/urunler\/gida-ve-kozmetik-yaglari\/palmiye-yagi\/","url":"https:\/\/naturalpoland.com\/tr\/urunler\/gida-ve-kozmetik-yaglari\/palmiye-yagi\/","name":"Palmiye Ya\u011f\u0131 - NATURAL POLAND - Hurtowy Dystrybutor Surowc\u00f3w","isPartOf":{"@id":"https:\/\/naturalpoland.com\/tr\/#website"},"primaryImageOfPage":{"@id":"https:\/\/naturalpoland.com\/tr\/urunler\/gida-ve-kozmetik-yaglari\/palmiye-yagi\/#primaryimage"},"image":{"@id":"https:\/\/naturalpoland.com\/tr\/urunler\/gida-ve-kozmetik-yaglari\/palmiye-yagi\/#primaryimage"},"thumbnailUrl":"https:\/\/naturalpoland.com\/wp-content\/uploads\/olej-palmowy-natural-poland-1.jpg","datePublished":"2021-05-11T11:48:56+00:00","dateModified":"2025-12-22T12:40:23+00:00","description":"K\u0131smen hidrojenize palmiye ya\u011f\u0131, g\u0131da end\u00fcstrisinin bir\u00e7ok dal\u0131nda kullan\u0131m alan\u0131 bulan kararl\u0131 ve \u00e7ok y\u00f6nl\u00fc bir ya\u011fd\u0131r.","breadcrumb":{"@id":"https:\/\/naturalpoland.com\/tr\/urunler\/gida-ve-kozmetik-yaglari\/palmiye-yagi\/#breadcrumb"},"inLanguage":"tr","potentialAction":[{"@type":"ReadAction","target":["https:\/\/naturalpoland.com\/tr\/urunler\/gida-ve-kozmetik-yaglari\/palmiye-yagi\/"]}]},{"@type":"ImageObject","inLanguage":"tr","@id":"https:\/\/naturalpoland.com\/tr\/urunler\/gida-ve-kozmetik-yaglari\/palmiye-yagi\/#primaryimage","url":"https:\/\/naturalpoland.com\/wp-content\/uploads\/olej-palmowy-natural-poland-1.jpg","contentUrl":"https:\/\/naturalpoland.com\/wp-content\/uploads\/olej-palmowy-natural-poland-1.jpg","width":650,"height":650,"caption":"palmiye ya\u011f\u0131 natural poland"},{"@type":"BreadcrumbList","@id":"https:\/\/naturalpoland.com\/tr\/urunler\/gida-ve-kozmetik-yaglari\/palmiye-yagi\/#breadcrumb","itemListElement":[{"@type":"ListItem","position":1,"name":"Ana Sayfa","item":"https:\/\/naturalpoland.com\/tr\/"},{"@type":"ListItem","position":2,"name":"\u00dcr\u00fcnler","item":"https:\/\/naturalpoland.com\/tr\/urunler\/"},{"@type":"ListItem","position":3,"name":"Palmiye Ya\u011f\u0131"}]},{"@type":"WebSite","@id":"https:\/\/naturalpoland.com\/tr\/#website","url":"https:\/\/naturalpoland.com\/tr\/","name":"NATURAL POLAND - Hurtowy Dystrybutor Surowc\u00f3w","description":"Surowce dla przemys\u0142u spo\u017cywczego, kosmetycznego i farmaceutycznego","publisher":{"@id":"https:\/\/naturalpoland.com\/tr\/#organization"},"potentialAction":[{"@type":"SearchAction","target":{"@type":"EntryPoint","urlTemplate":"https:\/\/naturalpoland.com\/tr\/?s={search_term_string}"},"query-input":{"@type":"PropertyValueSpecification","valueRequired":true,"valueName":"search_term_string"}}],"inLanguage":"tr"},{"@type":"Organization","@id":"https:\/\/naturalpoland.com\/tr\/#organization","name":"Natural Poland","url":"https:\/\/naturalpoland.com\/tr\/","logo":{"@type":"ImageObject","inLanguage":"tr","@id":"https:\/\/naturalpoland.com\/tr\/#\/schema\/logo\/image\/","url":"https:\/\/naturalpoland.com\/wp-content\/uploads\/2021\/05\/natural-poland-icon.png","contentUrl":"https:\/\/naturalpoland.com\/wp-content\/uploads\/2021\/05\/natural-poland-icon.png","width":512,"height":512,"caption":"Natural Poland"},"image":{"@id":"https:\/\/naturalpoland.com\/tr\/#\/schema\/logo\/image\/"},"sameAs":["https:\/\/www.facebook.com\/naturalpoland.b2b","https:\/\/pl.linkedin.com\/company\/natural-poland","https:\/\/www.youtube.com\/channel\/UCgeGGkvOMahZo-xu_MSEWxg"]}]}},"_links":{"self":[{"href":"https:\/\/naturalpoland.com\/tr\/wp-json\/wp\/v2\/product\/44719","targetHints":{"allow":["GET"]}}],"collection":[{"href":"https:\/\/naturalpoland.com\/tr\/wp-json\/wp\/v2\/product"}],"about":[{"href":"https:\/\/naturalpoland.com\/tr\/wp-json\/wp\/v2\/types\/product"}],"wp:featuredmedia":[{"embeddable":true,"href":"https:\/\/naturalpoland.com\/tr\/wp-json\/wp\/v2\/media\/44722"}],"wp:attachment":[{"href":"https:\/\/naturalpoland.com\/tr\/wp-json\/wp\/v2\/media?parent=44719"}],"wp:term":[{"taxonomy":"product_brand","embeddable":true,"href":"https:\/\/naturalpoland.com\/tr\/wp-json\/wp\/v2\/product_brand?post=44719"},{"taxonomy":"product_cat","embeddable":true,"href":"https:\/\/naturalpoland.com\/tr\/wp-json\/wp\/v2\/product_cat?post=44719"},{"taxonomy":"product_tag","embeddable":true,"href":"https:\/\/naturalpoland.com\/tr\/wp-json\/wp\/v2\/product_tag?post=44719"}],"curies":[{"name":"wp","href":"https:\/\/api.w.org\/{rel}","templated":true}]}}