{"id":44723,"date":"2024-05-23T14:43:06","date_gmt":"2024-05-23T12:43:06","guid":{"rendered":"https:\/\/naturalpoland.com\/produkty\/kategorilenmemis\/hus-agaci-hidrolat\/"},"modified":"2025-12-22T13:46:52","modified_gmt":"2025-12-22T12:46:52","slug":"hus-agaci-hidrolat","status":"publish","type":"product","link":"https:\/\/naturalpoland.com\/tr\/urunler\/kozmetik-hammaddeleri\/hidrolatlar\/hus-agaci-hidrolat\/","title":{"rendered":"Hu\u015f a\u011fac\u0131 hidrolat"},"content":{"rendered":"<p>Hu\u015f a\u011fac\u0131 hidrolat\u0131, vitaminler, mineraller, organik asitler ve antioksidan etkili bile\u015fikler gibi de\u011ferli bile\u015fenler a\u00e7\u0131s\u0131ndan zengindir. C vitamini, <strong><a href=\"https:\/\/naturalpoland.com\/artykuly\/produkty-naturalne\/czym-sa-i-jak-dzialaja-flawonoidy\/\">flavonoidler<\/a><\/strong> ve saponinler i\u00e7erir; bunlar cildin serbest radikallerle sava\u015fmas\u0131na yard\u0131mc\u0131 olur ve yenilenmesine katk\u0131da bulunur. Hafif, sulu k\u0131vam\u0131 ve hafif, taze kokusu sayesinde g\u00fcnl\u00fck kullan\u0131mda ho\u015f bir bile\u015fendir.  <\/p>\n<h3>Hu\u015f a\u011fac\u0131 hidrolat\u0131n\u0131n \u00f6zellikleri<\/h3>\n<p><strong>Cildi tonlama ve tazeleme:<\/strong> Hu\u015f a\u011fac\u0131 hidrolat\u0131 cildi m\u00fckemmel \u015fekilde tonlar, do\u011fal pH&#8217;\u0131n\u0131 geri kazand\u0131r\u0131r ve tazelik hissi b\u0131rak\u0131r.<\/p>\n<p><strong>Temizleme:<\/strong> Saponinler ve di\u011fer do\u011fal temizleyici bile\u015fikler sayesinde, hu\u015f a\u011fac\u0131 hidrolat\u0131 cilt y\u00fczeyindeki ve g\u00f6zeneklerdeki kirleri etkili bir \u015fekilde temizlemeye yard\u0131mc\u0131 olur.<\/p>\n<p><strong>Problemli ciltler i\u00e7in destek:<\/strong> D\u00fczenli kullan\u0131ld\u0131\u011f\u0131nda ya\u011fl\u0131, karma ve akneye e\u011filimli ciltlere sahip ki\u015filere rahatlama sa\u011flar, sebum \u00fcretimini d\u00fczenlemeye ve iltihab\u0131 azaltmaya yard\u0131mc\u0131 olur.<\/p>\n<h3>Kozmetikteki uygulamalar\u0131<\/h3>\n<p>Hu\u015f a\u011fac\u0131 hidrolat\u0131, y\u00fcz tonikleri, spreyler, maskeler ve di\u011fer temizleyici \u00fcr\u00fcnlerde bile\u015fen olarak idealdir. Ayr\u0131ca sa\u00e7 derisi bak\u0131m \u00fcr\u00fcnlerinde de kullan\u0131labilir, sebum \u00fcretimini d\u00fczenlemeye ve kepe\u011fe kar\u015f\u0131 m\u00fccadeleye yard\u0131mc\u0131 olur. <\/p>\n","protected":false},"excerpt":{"rendered":"<p>Hu\u015f a\u011fac\u0131 hidrolat\u0131, hu\u015f a\u011fac\u0131 yapraklar\u0131n\u0131n buhar distilasyonu ile \u00fcretilir. Tonlay\u0131c\u0131, tazeleyici ve temizleyici \u00f6zelliklere sahiptir ve \u00f6zellikle derin temizlik ve yenilenme gerektiren cilt tipleri olmak \u00fczere \u00e7e\u015fitli cilt tiplerinin bak\u0131m\u0131nda s\u0131kl\u0131kla kullan\u0131l\u0131r. <\/p>\n","protected":false},"featured_media":44724,"template":"","meta":{"_acf_changed":false},"product_brand":[],"product_cat":[9547],"product_tag":[],"class_list":{"0":"post-44723","1":"product","2":"type-product","3":"status-publish","4":"has-post-thumbnail","6":"product_cat-hidrolatlar","7":"pa_grupa-substancji-distilatlar","9":"first","10":"instock","11":"shipping-taxable","12":"product-type-simple"},"acf":[],"yoast_head":"<!-- This site is optimized with the Yoast SEO plugin v27.5 - https:\/\/yoast.com\/product\/yoast-seo-wordpress\/ -->\n<title>Hu\u015f a\u011fac\u0131 hidrolat - NATURAL POLAND - Hurtowy Dystrybutor Surowc\u00f3w<\/title>\n<meta name=\"description\" content=\"Hu\u015f a\u011fac\u0131 yapraklar\u0131n\u0131n buhar distilasyonu ile \u00fcretilen hu\u015f a\u011fac\u0131 hidrolat\u0131, do\u011fal kozmetik d\u00fcnyas\u0131nda de\u011ferli bir hammaddedir.\" \/>\n<meta name=\"robots\" content=\"index, follow, max-snippet:-1, max-image-preview:large, max-video-preview:-1\" \/>\n<link rel=\"canonical\" href=\"https:\/\/naturalpoland.com\/tr\/urunler\/kozmetik-hammaddeleri\/hidrolatlar\/hus-agaci-hidrolat\/\" \/>\n<meta property=\"og:locale\" content=\"tr_TR\" \/>\n<meta property=\"og:type\" content=\"article\" \/>\n<meta property=\"og:title\" content=\"Hu\u015f a\u011fac\u0131 hidrolat - NATURAL POLAND - Hurtowy Dystrybutor Surowc\u00f3w\" \/>\n<meta property=\"og:description\" content=\"Hu\u015f a\u011fac\u0131 yapraklar\u0131n\u0131n buhar distilasyonu ile \u00fcretilen hu\u015f a\u011fac\u0131 hidrolat\u0131, do\u011fal kozmetik d\u00fcnyas\u0131nda de\u011ferli bir hammaddedir.\" \/>\n<meta property=\"og:url\" content=\"https:\/\/naturalpoland.com\/tr\/urunler\/kozmetik-hammaddeleri\/hidrolatlar\/hus-agaci-hidrolat\/\" \/>\n<meta property=\"og:site_name\" content=\"NATURAL POLAND - Hurtowy Dystrybutor Surowc\u00f3w\" \/>\n<meta property=\"article:publisher\" content=\"https:\/\/www.facebook.com\/naturalpoland.b2b\" \/>\n<meta property=\"article:modified_time\" content=\"2025-12-22T12:46:52+00:00\" \/>\n<meta property=\"og:image\" content=\"https:\/\/naturalpoland.com\/wp-content\/uploads\/hydrolat-brzozowy.webp\" \/>\n\t<meta property=\"og:image:width\" content=\"619\" \/>\n\t<meta property=\"og:image:height\" content=\"619\" \/>\n\t<meta property=\"og:image:type\" content=\"image\/webp\" \/>\n<script type=\"application\/ld+json\" class=\"yoast-schema-graph\">{\"@context\":\"https:\\\/\\\/schema.org\",\"@graph\":[{\"@type\":\"WebPage\",\"@id\":\"https:\\\/\\\/naturalpoland.com\\\/tr\\\/urunler\\\/kozmetik-hammaddeleri\\\/hidrolatlar\\\/hus-agaci-hidrolat\\\/\",\"url\":\"https:\\\/\\\/naturalpoland.com\\\/tr\\\/urunler\\\/kozmetik-hammaddeleri\\\/hidrolatlar\\\/hus-agaci-hidrolat\\\/\",\"name\":\"Hu\u015f a\u011fac\u0131 hidrolat - NATURAL POLAND - Hurtowy Dystrybutor Surowc\u00f3w\",\"isPartOf\":{\"@id\":\"https:\\\/\\\/naturalpoland.com\\\/tr\\\/#website\"},\"primaryImageOfPage\":{\"@id\":\"https:\\\/\\\/naturalpoland.com\\\/tr\\\/urunler\\\/kozmetik-hammaddeleri\\\/hidrolatlar\\\/hus-agaci-hidrolat\\\/#primaryimage\"},\"image\":{\"@id\":\"https:\\\/\\\/naturalpoland.com\\\/tr\\\/urunler\\\/kozmetik-hammaddeleri\\\/hidrolatlar\\\/hus-agaci-hidrolat\\\/#primaryimage\"},\"thumbnailUrl\":\"https:\\\/\\\/naturalpoland.com\\\/wp-content\\\/uploads\\\/hydrolat-brzozowy.webp\",\"datePublished\":\"2024-05-23T12:43:06+00:00\",\"dateModified\":\"2025-12-22T12:46:52+00:00\",\"description\":\"Hu\u015f a\u011fac\u0131 yapraklar\u0131n\u0131n buhar distilasyonu ile \u00fcretilen hu\u015f a\u011fac\u0131 hidrolat\u0131, do\u011fal kozmetik d\u00fcnyas\u0131nda de\u011ferli bir hammaddedir.\",\"breadcrumb\":{\"@id\":\"https:\\\/\\\/naturalpoland.com\\\/tr\\\/urunler\\\/kozmetik-hammaddeleri\\\/hidrolatlar\\\/hus-agaci-hidrolat\\\/#breadcrumb\"},\"inLanguage\":\"tr\",\"potentialAction\":[{\"@type\":\"ReadAction\",\"target\":[\"https:\\\/\\\/naturalpoland.com\\\/tr\\\/urunler\\\/kozmetik-hammaddeleri\\\/hidrolatlar\\\/hus-agaci-hidrolat\\\/\"]}]},{\"@type\":\"ImageObject\",\"inLanguage\":\"tr\",\"@id\":\"https:\\\/\\\/naturalpoland.com\\\/tr\\\/urunler\\\/kozmetik-hammaddeleri\\\/hidrolatlar\\\/hus-agaci-hidrolat\\\/#primaryimage\",\"url\":\"https:\\\/\\\/naturalpoland.com\\\/wp-content\\\/uploads\\\/hydrolat-brzozowy.webp\",\"contentUrl\":\"https:\\\/\\\/naturalpoland.com\\\/wp-content\\\/uploads\\\/hydrolat-brzozowy.webp\",\"width\":619,\"height\":619,\"caption\":\"hu\u015f a\u011fac\u0131 hidrolat\"},{\"@type\":\"BreadcrumbList\",\"@id\":\"https:\\\/\\\/naturalpoland.com\\\/tr\\\/urunler\\\/kozmetik-hammaddeleri\\\/hidrolatlar\\\/hus-agaci-hidrolat\\\/#breadcrumb\",\"itemListElement\":[{\"@type\":\"ListItem\",\"position\":1,\"name\":\"Ana Sayfa\",\"item\":\"https:\\\/\\\/naturalpoland.com\\\/tr\\\/\"},{\"@type\":\"ListItem\",\"position\":2,\"name\":\"\u00dcr\u00fcnler\",\"item\":\"https:\\\/\\\/naturalpoland.com\\\/tr\\\/urunler\\\/\"},{\"@type\":\"ListItem\",\"position\":3,\"name\":\"Hu\u015f a\u011fac\u0131 hidrolat\"}]},{\"@type\":\"WebSite\",\"@id\":\"https:\\\/\\\/naturalpoland.com\\\/tr\\\/#website\",\"url\":\"https:\\\/\\\/naturalpoland.com\\\/tr\\\/\",\"name\":\"NATURAL POLAND - Hurtowy Dystrybutor Surowc\u00f3w\",\"description\":\"Surowce dla przemys\u0142u spo\u017cywczego, kosmetycznego i farmaceutycznego\",\"publisher\":{\"@id\":\"https:\\\/\\\/naturalpoland.com\\\/tr\\\/#organization\"},\"potentialAction\":[{\"@type\":\"SearchAction\",\"target\":{\"@type\":\"EntryPoint\",\"urlTemplate\":\"https:\\\/\\\/naturalpoland.com\\\/tr\\\/?s={search_term_string}\"},\"query-input\":{\"@type\":\"PropertyValueSpecification\",\"valueRequired\":true,\"valueName\":\"search_term_string\"}}],\"inLanguage\":\"tr\"},{\"@type\":\"Organization\",\"@id\":\"https:\\\/\\\/naturalpoland.com\\\/tr\\\/#organization\",\"name\":\"Natural Poland\",\"url\":\"https:\\\/\\\/naturalpoland.com\\\/tr\\\/\",\"logo\":{\"@type\":\"ImageObject\",\"inLanguage\":\"tr\",\"@id\":\"https:\\\/\\\/naturalpoland.com\\\/tr\\\/#\\\/schema\\\/logo\\\/image\\\/\",\"url\":\"https:\\\/\\\/naturalpoland.com\\\/wp-content\\\/uploads\\\/2021\\\/05\\\/natural-poland-icon.png\",\"contentUrl\":\"https:\\\/\\\/naturalpoland.com\\\/wp-content\\\/uploads\\\/2021\\\/05\\\/natural-poland-icon.png\",\"width\":512,\"height\":512,\"caption\":\"Natural Poland\"},\"image\":{\"@id\":\"https:\\\/\\\/naturalpoland.com\\\/tr\\\/#\\\/schema\\\/logo\\\/image\\\/\"},\"sameAs\":[\"https:\\\/\\\/www.facebook.com\\\/naturalpoland.b2b\",\"https:\\\/\\\/pl.linkedin.com\\\/company\\\/natural-poland\",\"https:\\\/\\\/www.youtube.com\\\/channel\\\/UCgeGGkvOMahZo-xu_MSEWxg\"]}]}<\/script>\n<!-- \/ Yoast SEO plugin. -->","yoast_head_json":{"title":"Hu\u015f a\u011fac\u0131 hidrolat - NATURAL POLAND - Hurtowy Dystrybutor Surowc\u00f3w","description":"Hu\u015f a\u011fac\u0131 yapraklar\u0131n\u0131n buhar distilasyonu ile \u00fcretilen hu\u015f a\u011fac\u0131 hidrolat\u0131, do\u011fal kozmetik d\u00fcnyas\u0131nda de\u011ferli bir hammaddedir.","robots":{"index":"index","follow":"follow","max-snippet":"max-snippet:-1","max-image-preview":"max-image-preview:large","max-video-preview":"max-video-preview:-1"},"canonical":"https:\/\/naturalpoland.com\/tr\/urunler\/kozmetik-hammaddeleri\/hidrolatlar\/hus-agaci-hidrolat\/","og_locale":"tr_TR","og_type":"article","og_title":"Hu\u015f a\u011fac\u0131 hidrolat - NATURAL POLAND - Hurtowy Dystrybutor Surowc\u00f3w","og_description":"Hu\u015f a\u011fac\u0131 yapraklar\u0131n\u0131n buhar distilasyonu ile \u00fcretilen hu\u015f a\u011fac\u0131 hidrolat\u0131, do\u011fal kozmetik d\u00fcnyas\u0131nda de\u011ferli bir hammaddedir.","og_url":"https:\/\/naturalpoland.com\/tr\/urunler\/kozmetik-hammaddeleri\/hidrolatlar\/hus-agaci-hidrolat\/","og_site_name":"NATURAL POLAND - Hurtowy Dystrybutor Surowc\u00f3w","article_publisher":"https:\/\/www.facebook.com\/naturalpoland.b2b","article_modified_time":"2025-12-22T12:46:52+00:00","og_image":[{"width":619,"height":619,"url":"https:\/\/naturalpoland.com\/wp-content\/uploads\/hydrolat-brzozowy.webp","type":"image\/webp"}],"schema":{"@context":"https:\/\/schema.org","@graph":[{"@type":"WebPage","@id":"https:\/\/naturalpoland.com\/tr\/urunler\/kozmetik-hammaddeleri\/hidrolatlar\/hus-agaci-hidrolat\/","url":"https:\/\/naturalpoland.com\/tr\/urunler\/kozmetik-hammaddeleri\/hidrolatlar\/hus-agaci-hidrolat\/","name":"Hu\u015f a\u011fac\u0131 hidrolat - NATURAL POLAND - Hurtowy Dystrybutor Surowc\u00f3w","isPartOf":{"@id":"https:\/\/naturalpoland.com\/tr\/#website"},"primaryImageOfPage":{"@id":"https:\/\/naturalpoland.com\/tr\/urunler\/kozmetik-hammaddeleri\/hidrolatlar\/hus-agaci-hidrolat\/#primaryimage"},"image":{"@id":"https:\/\/naturalpoland.com\/tr\/urunler\/kozmetik-hammaddeleri\/hidrolatlar\/hus-agaci-hidrolat\/#primaryimage"},"thumbnailUrl":"https:\/\/naturalpoland.com\/wp-content\/uploads\/hydrolat-brzozowy.webp","datePublished":"2024-05-23T12:43:06+00:00","dateModified":"2025-12-22T12:46:52+00:00","description":"Hu\u015f a\u011fac\u0131 yapraklar\u0131n\u0131n buhar distilasyonu ile \u00fcretilen hu\u015f a\u011fac\u0131 hidrolat\u0131, do\u011fal kozmetik d\u00fcnyas\u0131nda de\u011ferli bir hammaddedir.","breadcrumb":{"@id":"https:\/\/naturalpoland.com\/tr\/urunler\/kozmetik-hammaddeleri\/hidrolatlar\/hus-agaci-hidrolat\/#breadcrumb"},"inLanguage":"tr","potentialAction":[{"@type":"ReadAction","target":["https:\/\/naturalpoland.com\/tr\/urunler\/kozmetik-hammaddeleri\/hidrolatlar\/hus-agaci-hidrolat\/"]}]},{"@type":"ImageObject","inLanguage":"tr","@id":"https:\/\/naturalpoland.com\/tr\/urunler\/kozmetik-hammaddeleri\/hidrolatlar\/hus-agaci-hidrolat\/#primaryimage","url":"https:\/\/naturalpoland.com\/wp-content\/uploads\/hydrolat-brzozowy.webp","contentUrl":"https:\/\/naturalpoland.com\/wp-content\/uploads\/hydrolat-brzozowy.webp","width":619,"height":619,"caption":"hu\u015f a\u011fac\u0131 hidrolat"},{"@type":"BreadcrumbList","@id":"https:\/\/naturalpoland.com\/tr\/urunler\/kozmetik-hammaddeleri\/hidrolatlar\/hus-agaci-hidrolat\/#breadcrumb","itemListElement":[{"@type":"ListItem","position":1,"name":"Ana Sayfa","item":"https:\/\/naturalpoland.com\/tr\/"},{"@type":"ListItem","position":2,"name":"\u00dcr\u00fcnler","item":"https:\/\/naturalpoland.com\/tr\/urunler\/"},{"@type":"ListItem","position":3,"name":"Hu\u015f a\u011fac\u0131 hidrolat"}]},{"@type":"WebSite","@id":"https:\/\/naturalpoland.com\/tr\/#website","url":"https:\/\/naturalpoland.com\/tr\/","name":"NATURAL POLAND - Hurtowy Dystrybutor Surowc\u00f3w","description":"Surowce dla przemys\u0142u spo\u017cywczego, kosmetycznego i farmaceutycznego","publisher":{"@id":"https:\/\/naturalpoland.com\/tr\/#organization"},"potentialAction":[{"@type":"SearchAction","target":{"@type":"EntryPoint","urlTemplate":"https:\/\/naturalpoland.com\/tr\/?s={search_term_string}"},"query-input":{"@type":"PropertyValueSpecification","valueRequired":true,"valueName":"search_term_string"}}],"inLanguage":"tr"},{"@type":"Organization","@id":"https:\/\/naturalpoland.com\/tr\/#organization","name":"Natural Poland","url":"https:\/\/naturalpoland.com\/tr\/","logo":{"@type":"ImageObject","inLanguage":"tr","@id":"https:\/\/naturalpoland.com\/tr\/#\/schema\/logo\/image\/","url":"https:\/\/naturalpoland.com\/wp-content\/uploads\/2021\/05\/natural-poland-icon.png","contentUrl":"https:\/\/naturalpoland.com\/wp-content\/uploads\/2021\/05\/natural-poland-icon.png","width":512,"height":512,"caption":"Natural Poland"},"image":{"@id":"https:\/\/naturalpoland.com\/tr\/#\/schema\/logo\/image\/"},"sameAs":["https:\/\/www.facebook.com\/naturalpoland.b2b","https:\/\/pl.linkedin.com\/company\/natural-poland","https:\/\/www.youtube.com\/channel\/UCgeGGkvOMahZo-xu_MSEWxg"]}]}},"_links":{"self":[{"href":"https:\/\/naturalpoland.com\/tr\/wp-json\/wp\/v2\/product\/44723","targetHints":{"allow":["GET"]}}],"collection":[{"href":"https:\/\/naturalpoland.com\/tr\/wp-json\/wp\/v2\/product"}],"about":[{"href":"https:\/\/naturalpoland.com\/tr\/wp-json\/wp\/v2\/types\/product"}],"wp:featuredmedia":[{"embeddable":true,"href":"https:\/\/naturalpoland.com\/tr\/wp-json\/wp\/v2\/media\/44724"}],"wp:attachment":[{"href":"https:\/\/naturalpoland.com\/tr\/wp-json\/wp\/v2\/media?parent=44723"}],"wp:term":[{"taxonomy":"product_brand","embeddable":true,"href":"https:\/\/naturalpoland.com\/tr\/wp-json\/wp\/v2\/product_brand?post=44723"},{"taxonomy":"product_cat","embeddable":true,"href":"https:\/\/naturalpoland.com\/tr\/wp-json\/wp\/v2\/product_cat?post=44723"},{"taxonomy":"product_tag","embeddable":true,"href":"https:\/\/naturalpoland.com\/tr\/wp-json\/wp\/v2\/product_tag?post=44723"}],"curies":[{"name":"wp","href":"https:\/\/api.w.org\/{rel}","templated":true}]}}