{"id":44789,"date":"2021-05-11T13:52:10","date_gmt":"2021-05-11T11:52:10","guid":{"rendered":"https:\/\/naturalpoland.com\/produkty\/kategorilenmemis\/kayisi-cekirdegi-yagi\/"},"modified":"2026-01-07T11:57:26","modified_gmt":"2026-01-07T10:57:26","slug":"kayisi-cekirdegi-yagi","status":"publish","type":"product","link":"https:\/\/naturalpoland.com\/tr\/urunler\/gida-hammaddeleri\/gida-yaglari\/kayisi-cekirdegi-yagi\/","title":{"rendered":"Kay\u0131s\u0131 \u00c7ekirde\u011fi Ya\u011f\u0131"},"content":{"rendered":"<p>En b\u00fcy\u00fck kay\u0131s\u0131 plantasyonlar\u0131 T\u00fcrkiye, \u0130talya, \u0130ran ve Cezayir&#8217;de bulunur. Kay\u0131s\u0131 meyvelerinden re\u00e7el ve meyve suyu \u00fcretilebilir. \u00c7ekirdekleri israf etmemek i\u00e7in ya\u011f \u00fcretilmeye ba\u015flanm\u0131\u015ft\u0131r.  <\/p>\n<p>Kay\u0131s\u0131 \u00e7ekirde\u011fi ya\u011f\u0131 alt\u0131n rengindedir ve badem-marzipanamsi bir tada sahiptir. Ba\u015flang\u0131\u00e7ta at\u0131k olarak g\u00f6r\u00fclen kay\u0131s\u0131 \u00e7ekirdeklerinin faydal\u0131 \u00f6zelliklere sahip bir \u00fcr\u00fcn elde edilebilecek i\u00e7eri\u011fe sahip oldu\u011fu ke\u015ffedilmi\u015ftir. <\/p>\n<p>&nbsp;<\/p>\n<h2>Kay\u0131s\u0131 \u00c7ekirde\u011fi Ya\u011f\u0131n\u0131n \u00d6zellikleri<\/h2>\n<p>Kay\u0131s\u0131 \u00e7ekirde\u011fi ya\u011f\u0131 \u00f6ncelikle kuru cildi p\u00fcr\u00fczs\u00fczle\u015ftirir, nemlendirir ve kuru sa\u00e7 u\u00e7lar\u0131n\u0131 besler. Hafif ve naziktir. H\u0131zla emilir ve ya\u011fl\u0131 iz b\u0131rakmaz. Alerjisi ve hassas cildi olanlar i\u00e7in g\u00fcvenlidir.   <\/p>\n<p>Y\u00fcze uyguland\u0131\u011f\u0131nda cilde parlakl\u0131k katar ve mimik k\u0131r\u0131\u015f\u0131kl\u0131klar\u0131n\u0131 azalt\u0131p p\u00fcr\u00fczs\u00fczle\u015ftirir. Bu ya\u011f antioksidanlar grubuna aittir &#8211; k\u0131r\u0131\u015f\u0131kl\u0131klara neden olabilen serbest radikalleri yakalar. Kay\u0131s\u0131 \u00e7ekirde\u011fi ya\u011f\u0131 ayr\u0131ca iltihab\u0131 azaltmaya yard\u0131mc\u0131 olur.  <\/p>\n<p>Kay\u0131s\u0131 \u00e7ekirde\u011fi ya\u011f\u0131n\u0131n temel etkileri: cildi g\u00fc\u00e7lendirir, p\u00fcr\u00fczs\u00fczle\u015ftirir, esnekle\u015ftirir, k\u0131r\u0131\u015f\u0131kl\u0131klar\u0131 azalt\u0131r, iltihab\u0131 hafifletir, iyile\u015fmeyi h\u0131zland\u0131r\u0131r ve cilt tonunu dengeler.<\/p>\n<p>&nbsp;<\/p>\n<h2>Kay\u0131s\u0131 \u00e7ekirde\u011fi ya\u011f\u0131n\u0131n i\u00e7eri\u011fi:<\/h2>\n<ul class=\"wp-block-list\">\n<li>tekli doymam\u0131\u015f ya\u011f asitleri,<\/li>\n<li>E vitamini,<\/li>\n<li>\u00e7oklu doymam\u0131\u015f ya\u011f asitleri,<\/li>\n<li>fitosteroller,<\/li>\n<li>omega 3 ve 6 ya\u011f asitleri,<\/li>\n<li>fenolik bile\u015fikler,<\/li>\n<li>mineral tuzlar\u0131.<\/li>\n<\/ul>\n<h3><strong>Ana ya\u011f asitleri:<\/strong><\/h3>\n<ul>\n<li>Oleik asit (%54-74)<\/li>\n<li>Linoleik asit (%12-35)<\/li>\n<li>Palmitik asit (%3-10)<\/li>\n<li>Stearik asit (maks. %5)<\/li>\n<li>Palmitik asit (maks. %2)<\/li>\n<li>Linolenik asit (maks. %1)<\/li>\n<\/ul>\n<h2><\/h2>\n<p>&nbsp;<\/p>\n<h2 class=\"wp-block-heading\">Kay\u0131s\u0131 \u00e7ekirde\u011fi ya\u011f\u0131n\u0131n kullan\u0131m alanlar\u0131:<\/h2>\n<p>&nbsp;<\/p>\n<p><strong>G\u0131da end\u00fcstrisi:<\/strong><\/p>\n<p>Mutfakta kay\u0131s\u0131 \u00e7ekirde\u011fi ya\u011f\u0131 yulaf, salata, garnit\u00fcr, sos ve tatl\u0131lara eklenebilir. Ya\u011f\u0131 \u0131s\u0131tmamak \u00f6nemlidir, \u00e7\u00fcnk\u00fc y\u00fcksek s\u0131cakl\u0131kta de\u011ferli \u00f6zelliklerini kaybeder. <\/p>\n<p>&nbsp;<\/p>\n<p class=\"wp-block-heading\"><strong>Kozmetik end\u00fcstrisi:<\/strong><\/p>\n<p>Kay\u0131s\u0131 \u00e7ekirde\u011fi ya\u011f\u0131 kuru cildi ve hasarl\u0131 sa\u00e7 u\u00e7lar\u0131n\u0131 nemlendirir. Kepek tedavisinde kullan\u0131labilir. Sa\u00e7lara eski parlakl\u0131\u011f\u0131n\u0131 kazand\u0131r\u0131r ve u\u00e7lar\u0131 g\u00fc\u00e7lendirir.  <\/p>\n<p>Haz\u0131r kremlere de m\u00fckemmel bir katk\u0131 maddesidir, g\u00fcnl\u00fck kreminize birka\u00e7 damla ekleyerek kay\u0131s\u0131 \u00e7ekirde\u011fi ya\u011f\u0131n\u0131n faydalar\u0131ndan yararlanabilirsiniz.<\/p>\n<p>Bu ya\u011f tahri\u015fi, k\u0131zar\u0131kl\u0131\u011f\u0131 ve cilt kurulu\u011funu \u00f6nler. Cildi besler, yat\u0131\u015ft\u0131r\u0131r ve bak\u0131m sa\u011flar. Cildi ve sa\u00e7lar\u0131 yumu\u015fat\u0131r, canland\u0131r\u0131r, besler ve yeniler. Sebum seviyesini d\u00fczenler, g\u00f6z alt\u0131 \u015fi\u015fliklerini giderir, sa\u00e7 b\u00fcy\u00fcmesini uyarabilir. Y\u00fcksek g\u00f6zenekli sa\u00e7lara parlakl\u0131k ve nem kazand\u0131r\u0131r.    <\/p>\n<p>Kay\u0131s\u0131 \u00e7ekirde\u011fi ya\u011f\u0131 i\u00e7erebilen kozmetik \u00fcr\u00fcnler:<\/p>\n<ul class=\"wp-block-list\">\n<li>Kremler<\/li>\n<li>Sa\u00e7 maskeleri<\/li>\n<li>Y\u00fcz maskeleri,<\/li>\n<li>T\u0131rnak ve k\u00fctik\u00fcl serumu,<\/li>\n<li>Banyo ya\u011f\u0131,<\/li>\n<li>V\u00fccut losyonu,<\/li>\n<li>Peeling katk\u0131s\u0131,<\/li>\n<li>Sa\u00e7 toni\u011fi,<\/li>\n<li>Sa\u00e7 ucu ya\u011f\u0131,<\/li>\n<li>Masaj ya\u011f\u0131.<\/li>\n<\/ul>\n<p>&nbsp;<\/p>\n<p class=\"wp-block-heading\"><strong>\u0130la\u00e7 end\u00fcstrisi:<\/strong><\/p>\n<p>Kay\u0131s\u0131 \u00e7ekirde\u011fi ya\u011f\u0131 akne, kepek, \u00f6ks\u00fcr\u00fck, ast\u0131m ve kab\u0131zl\u0131k tedavisinde etkilidir. Dola\u015f\u0131m sistemi hastal\u0131klar\u0131n\u0131n tedavisinde kullan\u0131l\u0131r. \u0130\u00e7erdi\u011fi ya\u011f asitleri ateroskleroz geli\u015fimini yava\u015flatabilir ve LDL seviyesini olumlu etkileyebilir.  <\/p>\n<p>So\u011fuk preslenmi\u015f ve t\u00fcketime uygun ya\u011f, \u00e7o\u011funlukla b\u00fct\u00fcn kay\u0131s\u0131 \u00e7ekirdeklerinde bulunan \u00f6nemli miktarda amigdalin i\u00e7ermez. Bu nedenle, \u00fcreticinin talimatlar\u0131na uygun olarak yemeklik ya\u011f kullan\u0131m\u0131nda siyanojenik bile\u015fiklerin sal\u0131nmas\u0131 riski yoktur. Kay\u0131s\u0131 \u00e7ekirde\u011fi ya\u011f\u0131n\u0131n g\u00fcnde 1-2 ka\u015f\u0131k, so\u011fuk olarak, salatalara veya haz\u0131r yemeklere eklenerek t\u00fcketilmesi \u00f6nerilir.  <\/p>\n<p>&nbsp;<\/p>\n<h2 class=\"wp-block-heading\">Kay\u0131s\u0131 \u00e7ekirde\u011fi ya\u011f\u0131 nas\u0131l kullan\u0131l\u0131r?<\/h2>\n<p>\u00d6nerilen g\u00fcnl\u00fck doz 1-2 ka\u015f\u0131kt\u0131r, 12 ya\u015f alt\u0131 ki\u015filerde kullan\u0131lmamal\u0131d\u0131r. Kozmetikte tek ba\u015f\u0131na veya haz\u0131r kozmetiklere katk\u0131 olarak kullan\u0131labilir. <\/p>\n<p>&nbsp;<\/p>\n<h2 class=\"wp-block-heading\">Kay\u0131s\u0131 \u00e7ekirde\u011fi ya\u011f\u0131 nas\u0131l saklanmal\u0131d\u0131r?<\/h2>\n<p>Bu ya\u011f s\u0131k\u0131ca kapal\u0131, \u0131s\u0131 ve \u0131\u015f\u0131k kaynaklar\u0131ndan uzakta saklanmal\u0131, a\u00e7\u0131ld\u0131ktan sonra buzdolab\u0131nda muhafaza edilmelidir. \u00c7ocuklar\u0131n g\u00f6remeyece\u011fi bir yerde saklanmal\u0131d\u0131r. <\/p>\n<hr>\n<p><small><strong>Kaynak\u00e7a<\/strong>:<\/small><\/p>\n<p><small>Kay\u0131s\u0131 \u00e7ekirde\u011fi ya\u011f\u0131 \u2013 terap\u00f6tik \u00f6zellikler ve \u00f6neriler | PSNT (poznajsienatluszczach.pl)<br \/>\nKay\u0131s\u0131 \u00e7ekirde\u011fi ya\u011f\u0131 \u2013 \u00f6zellikleri ve etkileri. Kay\u0131s\u0131 \u00e7ekirde\u011fi ya\u011f\u0131 nas\u0131l kullan\u0131l\u0131r? (ekologia.pl)<br \/>\nKay\u0131s\u0131 ya\u011f\u0131 \u2013 cilt, sa\u00e7 veya i\u00e7mek i\u00e7in mi? Kay\u0131s\u0131 \u00e7ekirde\u011fi ya\u011f\u0131 hangi ama\u00e7la kullan\u0131l\u0131r? (wapteka.pl)<br \/>\nSe\u00e7ilmi\u015f bitki tohumlar\u0131 ve meyve \u00e7ekirdeklerinden so\u011fuk preslenmi\u015f ya\u011flar\u0131n karakterizasyonu,<br \/>\nGo\u017adzik Patrycja, Wroniak Ma\u0142gorzata, Florowska Anna, 202    <\/small><\/p>\n","protected":false},"excerpt":{"rendered":"<p><strong>Kay\u0131s\u0131 \u00e7ekirde\u011fi ya\u011f\u0131<\/strong>, <em>Prunus armeniaca<\/em> yani kay\u0131s\u0131 meyvesinin \u00e7ekirdeklerinin so\u011fuk preslenmesiyle elde edilen do\u011fal bir hammaddedir. Hafif k\u0131vam\u0131, a\u00e7\u0131k sar\u0131 rengi ve hafif, karakteristik kokusuyla tan\u0131n\u0131r. <\/p>\n","protected":false},"featured_media":44791,"template":"","meta":{"_acf_changed":false},"product_brand":[],"product_cat":[9551,9532,9571],"product_tag":[],"class_list":{"0":"post-44789","1":"product","2":"type-product","3":"status-publish","4":"has-post-thumbnail","6":"product_cat-kozmetik-yaglari","7":"product_cat-gida-ve-kozmetik-yaglari","8":"product_cat-gida-yaglari","10":"first","11":"instock","12":"shipping-taxable","13":"product-type-simple"},"acf":[],"yoast_head":"<!-- This site is optimized with the Yoast SEO plugin v27.4 - https:\/\/yoast.com\/product\/yoast-seo-wordpress\/ -->\n<title>Kay\u0131s\u0131 \u00c7ekirde\u011fi Ya\u011f\u0131 - NATURAL POLAND - Hurtowy Dystrybutor Surowc\u00f3w<\/title>\n<meta name=\"description\" content=\"Kozmetik, g\u0131da ve farmas\u00f6tik \u00f6zelliklere sahip kay\u0131s\u0131 \u00e7ekirde\u011fi ya\u011f\u0131, g\u00fcnl\u00fck bak\u0131mda cilt, sa\u00e7 ve t\u0131rnak bak\u0131m\u0131 i\u00e7in idealdir.\" \/>\n<meta name=\"robots\" content=\"index, follow, max-snippet:-1, max-image-preview:large, max-video-preview:-1\" \/>\n<link rel=\"canonical\" href=\"https:\/\/naturalpoland.com\/tr\/urunler\/gida-hammaddeleri\/gida-yaglari\/kayisi-cekirdegi-yagi\/\" \/>\n<meta property=\"og:locale\" content=\"tr_TR\" \/>\n<meta property=\"og:type\" content=\"article\" \/>\n<meta property=\"og:title\" content=\"Kay\u0131s\u0131 \u00c7ekirde\u011fi Ya\u011f\u0131 - NATURAL POLAND - Hurtowy Dystrybutor Surowc\u00f3w\" \/>\n<meta property=\"og:description\" content=\"Kozmetik, g\u0131da ve farmas\u00f6tik \u00f6zelliklere sahip kay\u0131s\u0131 \u00e7ekirde\u011fi ya\u011f\u0131, g\u00fcnl\u00fck bak\u0131mda cilt, sa\u00e7 ve t\u0131rnak bak\u0131m\u0131 i\u00e7in idealdir.\" \/>\n<meta property=\"og:url\" content=\"https:\/\/naturalpoland.com\/tr\/urunler\/gida-hammaddeleri\/gida-yaglari\/kayisi-cekirdegi-yagi\/\" \/>\n<meta property=\"og:site_name\" content=\"NATURAL POLAND - Hurtowy Dystrybutor Surowc\u00f3w\" \/>\n<meta property=\"article:publisher\" content=\"https:\/\/www.facebook.com\/naturalpoland.b2b\" \/>\n<meta property=\"article:modified_time\" content=\"2026-01-07T10:57:26+00:00\" \/>\n<meta property=\"og:image\" content=\"https:\/\/naturalpoland.com\/wp-content\/uploads\/olej-z-pestek-moreli.webp\" \/>\n\t<meta property=\"og:image:width\" content=\"619\" \/>\n\t<meta property=\"og:image:height\" content=\"619\" \/>\n\t<meta property=\"og:image:type\" content=\"image\/webp\" \/>\n<script type=\"application\/ld+json\" class=\"yoast-schema-graph\">{\"@context\":\"https:\\\/\\\/schema.org\",\"@graph\":[{\"@type\":\"WebPage\",\"@id\":\"https:\\\/\\\/naturalpoland.com\\\/tr\\\/urunler\\\/gida-hammaddeleri\\\/gida-yaglari\\\/kayisi-cekirdegi-yagi\\\/\",\"url\":\"https:\\\/\\\/naturalpoland.com\\\/tr\\\/urunler\\\/gida-hammaddeleri\\\/gida-yaglari\\\/kayisi-cekirdegi-yagi\\\/\",\"name\":\"Kay\u0131s\u0131 \u00c7ekirde\u011fi Ya\u011f\u0131 - NATURAL POLAND - Hurtowy Dystrybutor Surowc\u00f3w\",\"isPartOf\":{\"@id\":\"https:\\\/\\\/naturalpoland.com\\\/tr\\\/#website\"},\"primaryImageOfPage\":{\"@id\":\"https:\\\/\\\/naturalpoland.com\\\/tr\\\/urunler\\\/gida-hammaddeleri\\\/gida-yaglari\\\/kayisi-cekirdegi-yagi\\\/#primaryimage\"},\"image\":{\"@id\":\"https:\\\/\\\/naturalpoland.com\\\/tr\\\/urunler\\\/gida-hammaddeleri\\\/gida-yaglari\\\/kayisi-cekirdegi-yagi\\\/#primaryimage\"},\"thumbnailUrl\":\"https:\\\/\\\/naturalpoland.com\\\/wp-content\\\/uploads\\\/olej-z-pestek-moreli.webp\",\"datePublished\":\"2021-05-11T11:52:10+00:00\",\"dateModified\":\"2026-01-07T10:57:26+00:00\",\"description\":\"Kozmetik, g\u0131da ve farmas\u00f6tik \u00f6zelliklere sahip kay\u0131s\u0131 \u00e7ekirde\u011fi ya\u011f\u0131, g\u00fcnl\u00fck bak\u0131mda cilt, sa\u00e7 ve t\u0131rnak bak\u0131m\u0131 i\u00e7in idealdir.\",\"breadcrumb\":{\"@id\":\"https:\\\/\\\/naturalpoland.com\\\/tr\\\/urunler\\\/gida-hammaddeleri\\\/gida-yaglari\\\/kayisi-cekirdegi-yagi\\\/#breadcrumb\"},\"inLanguage\":\"tr\",\"potentialAction\":[{\"@type\":\"ReadAction\",\"target\":[\"https:\\\/\\\/naturalpoland.com\\\/tr\\\/urunler\\\/gida-hammaddeleri\\\/gida-yaglari\\\/kayisi-cekirdegi-yagi\\\/\"]}]},{\"@type\":\"ImageObject\",\"inLanguage\":\"tr\",\"@id\":\"https:\\\/\\\/naturalpoland.com\\\/tr\\\/urunler\\\/gida-hammaddeleri\\\/gida-yaglari\\\/kayisi-cekirdegi-yagi\\\/#primaryimage\",\"url\":\"https:\\\/\\\/naturalpoland.com\\\/wp-content\\\/uploads\\\/olej-z-pestek-moreli.webp\",\"contentUrl\":\"https:\\\/\\\/naturalpoland.com\\\/wp-content\\\/uploads\\\/olej-z-pestek-moreli.webp\",\"width\":619,\"height\":619,\"caption\":\"kay\u0131s\u0131 \u00e7ekirde\u011fi ya\u011f\u0131\"},{\"@type\":\"BreadcrumbList\",\"@id\":\"https:\\\/\\\/naturalpoland.com\\\/tr\\\/urunler\\\/gida-hammaddeleri\\\/gida-yaglari\\\/kayisi-cekirdegi-yagi\\\/#breadcrumb\",\"itemListElement\":[{\"@type\":\"ListItem\",\"position\":1,\"name\":\"Ana Sayfa\",\"item\":\"https:\\\/\\\/naturalpoland.com\\\/tr\\\/\"},{\"@type\":\"ListItem\",\"position\":2,\"name\":\"\u00dcr\u00fcnler\",\"item\":\"https:\\\/\\\/naturalpoland.com\\\/tr\\\/urunler\\\/\"},{\"@type\":\"ListItem\",\"position\":3,\"name\":\"Kay\u0131s\u0131 \u00c7ekirde\u011fi Ya\u011f\u0131\"}]},{\"@type\":\"WebSite\",\"@id\":\"https:\\\/\\\/naturalpoland.com\\\/tr\\\/#website\",\"url\":\"https:\\\/\\\/naturalpoland.com\\\/tr\\\/\",\"name\":\"NATURAL POLAND - Hurtowy Dystrybutor Surowc\u00f3w\",\"description\":\"Surowce dla przemys\u0142u spo\u017cywczego, kosmetycznego i farmaceutycznego\",\"publisher\":{\"@id\":\"https:\\\/\\\/naturalpoland.com\\\/tr\\\/#organization\"},\"potentialAction\":[{\"@type\":\"SearchAction\",\"target\":{\"@type\":\"EntryPoint\",\"urlTemplate\":\"https:\\\/\\\/naturalpoland.com\\\/tr\\\/?s={search_term_string}\"},\"query-input\":{\"@type\":\"PropertyValueSpecification\",\"valueRequired\":true,\"valueName\":\"search_term_string\"}}],\"inLanguage\":\"tr\"},{\"@type\":\"Organization\",\"@id\":\"https:\\\/\\\/naturalpoland.com\\\/tr\\\/#organization\",\"name\":\"Natural Poland\",\"url\":\"https:\\\/\\\/naturalpoland.com\\\/tr\\\/\",\"logo\":{\"@type\":\"ImageObject\",\"inLanguage\":\"tr\",\"@id\":\"https:\\\/\\\/naturalpoland.com\\\/tr\\\/#\\\/schema\\\/logo\\\/image\\\/\",\"url\":\"https:\\\/\\\/naturalpoland.com\\\/wp-content\\\/uploads\\\/2021\\\/05\\\/natural-poland-icon.png\",\"contentUrl\":\"https:\\\/\\\/naturalpoland.com\\\/wp-content\\\/uploads\\\/2021\\\/05\\\/natural-poland-icon.png\",\"width\":512,\"height\":512,\"caption\":\"Natural Poland\"},\"image\":{\"@id\":\"https:\\\/\\\/naturalpoland.com\\\/tr\\\/#\\\/schema\\\/logo\\\/image\\\/\"},\"sameAs\":[\"https:\\\/\\\/www.facebook.com\\\/naturalpoland.b2b\",\"https:\\\/\\\/pl.linkedin.com\\\/company\\\/natural-poland\",\"https:\\\/\\\/www.youtube.com\\\/channel\\\/UCgeGGkvOMahZo-xu_MSEWxg\"]}]}<\/script>\n<!-- \/ Yoast SEO plugin. -->","yoast_head_json":{"title":"Kay\u0131s\u0131 \u00c7ekirde\u011fi Ya\u011f\u0131 - NATURAL POLAND - Hurtowy Dystrybutor Surowc\u00f3w","description":"Kozmetik, g\u0131da ve farmas\u00f6tik \u00f6zelliklere sahip kay\u0131s\u0131 \u00e7ekirde\u011fi ya\u011f\u0131, g\u00fcnl\u00fck bak\u0131mda cilt, sa\u00e7 ve t\u0131rnak bak\u0131m\u0131 i\u00e7in idealdir.","robots":{"index":"index","follow":"follow","max-snippet":"max-snippet:-1","max-image-preview":"max-image-preview:large","max-video-preview":"max-video-preview:-1"},"canonical":"https:\/\/naturalpoland.com\/tr\/urunler\/gida-hammaddeleri\/gida-yaglari\/kayisi-cekirdegi-yagi\/","og_locale":"tr_TR","og_type":"article","og_title":"Kay\u0131s\u0131 \u00c7ekirde\u011fi Ya\u011f\u0131 - NATURAL POLAND - Hurtowy Dystrybutor Surowc\u00f3w","og_description":"Kozmetik, g\u0131da ve farmas\u00f6tik \u00f6zelliklere sahip kay\u0131s\u0131 \u00e7ekirde\u011fi ya\u011f\u0131, g\u00fcnl\u00fck bak\u0131mda cilt, sa\u00e7 ve t\u0131rnak bak\u0131m\u0131 i\u00e7in idealdir.","og_url":"https:\/\/naturalpoland.com\/tr\/urunler\/gida-hammaddeleri\/gida-yaglari\/kayisi-cekirdegi-yagi\/","og_site_name":"NATURAL POLAND - Hurtowy Dystrybutor Surowc\u00f3w","article_publisher":"https:\/\/www.facebook.com\/naturalpoland.b2b","article_modified_time":"2026-01-07T10:57:26+00:00","og_image":[{"width":619,"height":619,"url":"https:\/\/naturalpoland.com\/wp-content\/uploads\/olej-z-pestek-moreli.webp","type":"image\/webp"}],"schema":{"@context":"https:\/\/schema.org","@graph":[{"@type":"WebPage","@id":"https:\/\/naturalpoland.com\/tr\/urunler\/gida-hammaddeleri\/gida-yaglari\/kayisi-cekirdegi-yagi\/","url":"https:\/\/naturalpoland.com\/tr\/urunler\/gida-hammaddeleri\/gida-yaglari\/kayisi-cekirdegi-yagi\/","name":"Kay\u0131s\u0131 \u00c7ekirde\u011fi Ya\u011f\u0131 - NATURAL POLAND - Hurtowy Dystrybutor Surowc\u00f3w","isPartOf":{"@id":"https:\/\/naturalpoland.com\/tr\/#website"},"primaryImageOfPage":{"@id":"https:\/\/naturalpoland.com\/tr\/urunler\/gida-hammaddeleri\/gida-yaglari\/kayisi-cekirdegi-yagi\/#primaryimage"},"image":{"@id":"https:\/\/naturalpoland.com\/tr\/urunler\/gida-hammaddeleri\/gida-yaglari\/kayisi-cekirdegi-yagi\/#primaryimage"},"thumbnailUrl":"https:\/\/naturalpoland.com\/wp-content\/uploads\/olej-z-pestek-moreli.webp","datePublished":"2021-05-11T11:52:10+00:00","dateModified":"2026-01-07T10:57:26+00:00","description":"Kozmetik, g\u0131da ve farmas\u00f6tik \u00f6zelliklere sahip kay\u0131s\u0131 \u00e7ekirde\u011fi ya\u011f\u0131, g\u00fcnl\u00fck bak\u0131mda cilt, sa\u00e7 ve t\u0131rnak bak\u0131m\u0131 i\u00e7in idealdir.","breadcrumb":{"@id":"https:\/\/naturalpoland.com\/tr\/urunler\/gida-hammaddeleri\/gida-yaglari\/kayisi-cekirdegi-yagi\/#breadcrumb"},"inLanguage":"tr","potentialAction":[{"@type":"ReadAction","target":["https:\/\/naturalpoland.com\/tr\/urunler\/gida-hammaddeleri\/gida-yaglari\/kayisi-cekirdegi-yagi\/"]}]},{"@type":"ImageObject","inLanguage":"tr","@id":"https:\/\/naturalpoland.com\/tr\/urunler\/gida-hammaddeleri\/gida-yaglari\/kayisi-cekirdegi-yagi\/#primaryimage","url":"https:\/\/naturalpoland.com\/wp-content\/uploads\/olej-z-pestek-moreli.webp","contentUrl":"https:\/\/naturalpoland.com\/wp-content\/uploads\/olej-z-pestek-moreli.webp","width":619,"height":619,"caption":"kay\u0131s\u0131 \u00e7ekirde\u011fi ya\u011f\u0131"},{"@type":"BreadcrumbList","@id":"https:\/\/naturalpoland.com\/tr\/urunler\/gida-hammaddeleri\/gida-yaglari\/kayisi-cekirdegi-yagi\/#breadcrumb","itemListElement":[{"@type":"ListItem","position":1,"name":"Ana Sayfa","item":"https:\/\/naturalpoland.com\/tr\/"},{"@type":"ListItem","position":2,"name":"\u00dcr\u00fcnler","item":"https:\/\/naturalpoland.com\/tr\/urunler\/"},{"@type":"ListItem","position":3,"name":"Kay\u0131s\u0131 \u00c7ekirde\u011fi Ya\u011f\u0131"}]},{"@type":"WebSite","@id":"https:\/\/naturalpoland.com\/tr\/#website","url":"https:\/\/naturalpoland.com\/tr\/","name":"NATURAL POLAND - Hurtowy Dystrybutor Surowc\u00f3w","description":"Surowce dla przemys\u0142u spo\u017cywczego, kosmetycznego i farmaceutycznego","publisher":{"@id":"https:\/\/naturalpoland.com\/tr\/#organization"},"potentialAction":[{"@type":"SearchAction","target":{"@type":"EntryPoint","urlTemplate":"https:\/\/naturalpoland.com\/tr\/?s={search_term_string}"},"query-input":{"@type":"PropertyValueSpecification","valueRequired":true,"valueName":"search_term_string"}}],"inLanguage":"tr"},{"@type":"Organization","@id":"https:\/\/naturalpoland.com\/tr\/#organization","name":"Natural Poland","url":"https:\/\/naturalpoland.com\/tr\/","logo":{"@type":"ImageObject","inLanguage":"tr","@id":"https:\/\/naturalpoland.com\/tr\/#\/schema\/logo\/image\/","url":"https:\/\/naturalpoland.com\/wp-content\/uploads\/2021\/05\/natural-poland-icon.png","contentUrl":"https:\/\/naturalpoland.com\/wp-content\/uploads\/2021\/05\/natural-poland-icon.png","width":512,"height":512,"caption":"Natural Poland"},"image":{"@id":"https:\/\/naturalpoland.com\/tr\/#\/schema\/logo\/image\/"},"sameAs":["https:\/\/www.facebook.com\/naturalpoland.b2b","https:\/\/pl.linkedin.com\/company\/natural-poland","https:\/\/www.youtube.com\/channel\/UCgeGGkvOMahZo-xu_MSEWxg"]}]}},"_links":{"self":[{"href":"https:\/\/naturalpoland.com\/tr\/wp-json\/wp\/v2\/product\/44789","targetHints":{"allow":["GET"]}}],"collection":[{"href":"https:\/\/naturalpoland.com\/tr\/wp-json\/wp\/v2\/product"}],"about":[{"href":"https:\/\/naturalpoland.com\/tr\/wp-json\/wp\/v2\/types\/product"}],"wp:featuredmedia":[{"embeddable":true,"href":"https:\/\/naturalpoland.com\/tr\/wp-json\/wp\/v2\/media\/44791"}],"wp:attachment":[{"href":"https:\/\/naturalpoland.com\/tr\/wp-json\/wp\/v2\/media?parent=44789"}],"wp:term":[{"taxonomy":"product_brand","embeddable":true,"href":"https:\/\/naturalpoland.com\/tr\/wp-json\/wp\/v2\/product_brand?post=44789"},{"taxonomy":"product_cat","embeddable":true,"href":"https:\/\/naturalpoland.com\/tr\/wp-json\/wp\/v2\/product_cat?post=44789"},{"taxonomy":"product_tag","embeddable":true,"href":"https:\/\/naturalpoland.com\/tr\/wp-json\/wp\/v2\/product_tag?post=44789"}],"curies":[{"name":"wp","href":"https:\/\/api.w.org\/{rel}","templated":true}]}}