{"id":44799,"date":"2021-05-11T13:49:21","date_gmt":"2021-05-11T11:49:21","guid":{"rendered":"https:\/\/naturalpoland.com\/produkty\/kategorilenmemis\/amarant-yagi\/"},"modified":"2026-01-13T10:11:10","modified_gmt":"2026-01-13T09:11:10","slug":"amarant-yagi","status":"publish","type":"product","link":"https:\/\/naturalpoland.com\/tr\/urunler\/gida-hammaddeleri\/gida-yaglari\/amarant-yagi\/","title":{"rendered":"Amarant ya\u011f\u0131"},"content":{"rendered":"<p>Amarant tohumu ya\u011f\u0131 karakteristik, hafif bir tat ve aromaya sahiptir ve sar\u0131ms\u0131 rengi do\u011fal k\u00f6kenini g\u00f6sterir.<\/p>\n<h2>Amarant ya\u011f\u0131n\u0131n \u00f6zellikleri:<\/h2>\n<p>Amarant ya\u011f\u0131 \u00f6ncelikle nemlendirici ve yenileyici \u00f6zelliklere sahiptir. Y\u00fcksek <strong>skualen<\/strong> ve <a href=\"https:\/\/naturalpoland.com\/produkty\/produkty-dla-przemyslu-farmaceutycznego-i-medycznego\/witaminy\/witamina-e\/\"><strong>E vitamini<\/strong><\/a> i\u00e7eri\u011fi sayesinde cildi uygun \u015fekilde nemlendirir ve su kayb\u0131na kar\u015f\u0131 korur, ayn\u0131 zamanda epidermisin lipid bariyerini g\u00fc\u00e7lendirir. <\/p>\n<p>Ya\u011f, y\u00fcksek miktarda <strong>linoleik asit<\/strong> i\u00e7eri\u011fi sayesinde tahri\u015fleri ve iltihaplanmalar\u0131 yat\u0131\u015ft\u0131r\u0131r, iyile\u015fmeyi destekler ve siyah nokta olu\u015fma riskini azalt\u0131r. Ayr\u0131ca antibakteriyel ve antifungal \u00f6zelliklere sahiptir. <\/p>\n<p>Ya\u011f, sa\u00e7 k\u00f6klerini g\u00fc\u00e7lendirir ve sa\u00e7 yap\u0131s\u0131n\u0131n yenilenmesini destekler; a\u015f\u0131r\u0131 sa\u00e7 d\u00f6k\u00fclmesini \u00f6nler.<\/p>\n<p>Diyetetik a\u00e7\u0131dan, amaranta \u00f6zg\u00fc linoleik ve oleik asitlerin i\u00e7eri\u011fi \u00f6nemlidir. Bu asitler v\u00fccudun lipid metabolizmas\u0131n\u0131 desteklerken, skualen ya\u011fa g\u00fc\u00e7l\u00fc antioksidan \u00f6zellikler kazand\u0131r\u0131r. <\/p>\n<h2>Amarant ya\u011f\u0131n\u0131n kullan\u0131m alanlar\u0131:<\/h2>\n<p><strong>G\u0131da end\u00fcstrisinde<\/strong> amarant ya\u011f\u0131, salatalara, \u00e7orbalara, diplere ve kinoa, domates ve baklagiller bazl\u0131 yemeklere aromatik bir katk\u0131 olarak kullan\u0131l\u0131r. Ayr\u0131ca mutfakta, kan lipid seviyelerini d\u00fczenlemeye yard\u0131mc\u0131 olan sa\u011fl\u0131kl\u0131 ya\u011flar\u0131 tercih eden ki\u015filerin diyetini tamamlay\u0131c\u0131 olarak de\u011ferlidir. <\/p>\n<p><strong>Kozmetolojide<\/strong> amarant ya\u011f\u0131, nemlendirici ve yenileyici kozmetiklere ve sa\u00e7 bak\u0131m \u00fcr\u00fcnlerine katk\u0131 maddesi olarak kullan\u0131l\u0131r. Ayr\u0131ca dermatolojik \u00fcr\u00fcnlerde de s\u0131k\u00e7a kullan\u0131lmaktad\u0131r. <\/p>\n","protected":false},"excerpt":{"rendered":"<p><strong>Amarant ya\u011f\u0131<\/strong> so\u011fuk presleme y\u00f6ntemiyle amarant tohumlar\u0131ndan elde edilir. Skualen, A ve E vitaminleri bak\u0131m\u0131ndan zengindir ve diyetin ve kozmetik \u00fcr\u00fcnlerin de\u011ferli bir bile\u015fenidir. <\/p>\n","protected":false},"featured_media":44801,"template":"","meta":[],"product_brand":[],"product_cat":[9551,9532,9571],"product_tag":[10033],"class_list":{"0":"post-44799","1":"product","2":"type-product","3":"status-publish","4":"has-post-thumbnail","6":"product_cat-kozmetik-yaglari","7":"product_cat-gida-ve-kozmetik-yaglari","8":"product_cat-gida-yaglari","9":"product_tag-bitkisel-yag","10":"pa_czesc-rosliny-tohumlar","11":"pa_metoda-pozyskiwania-soguk-pres","13":"first","14":"instock","15":"shipping-taxable","16":"product-type-simple"},"yoast_head":"<!-- This site is optimized with the Yoast SEO plugin v27.3 - https:\/\/yoast.com\/product\/yoast-seo-wordpress\/ -->\n<title>Amarant ya\u011f\u0131 - NATURAL POLAND - Hurtowy Dystrybutor Surowc\u00f3w<\/title>\n<meta name=\"description\" content=\"So\u011fuk presleme y\u00f6ntemiyle amarant tohumlar\u0131ndan elde edilen amarant ya\u011f\u0131, \u00e7ok y\u00f6nl\u00fc etkisi ve y\u00fcksek kalitesiyle \u00f6ne \u00e7\u0131kar.\" \/>\n<meta name=\"robots\" content=\"index, follow, max-snippet:-1, max-image-preview:large, max-video-preview:-1\" \/>\n<link rel=\"canonical\" href=\"https:\/\/naturalpoland.com\/tr\/urunler\/gida-hammaddeleri\/gida-yaglari\/amarant-yagi\/\" \/>\n<meta property=\"og:locale\" content=\"tr_TR\" \/>\n<meta property=\"og:type\" content=\"article\" \/>\n<meta property=\"og:title\" content=\"Amarant ya\u011f\u0131 - NATURAL POLAND - Hurtowy Dystrybutor Surowc\u00f3w\" \/>\n<meta property=\"og:description\" content=\"So\u011fuk presleme y\u00f6ntemiyle amarant tohumlar\u0131ndan elde edilen amarant ya\u011f\u0131, \u00e7ok y\u00f6nl\u00fc etkisi ve y\u00fcksek kalitesiyle \u00f6ne \u00e7\u0131kar.\" \/>\n<meta property=\"og:url\" content=\"https:\/\/naturalpoland.com\/tr\/urunler\/gida-hammaddeleri\/gida-yaglari\/amarant-yagi\/\" \/>\n<meta property=\"og:site_name\" content=\"NATURAL POLAND - Hurtowy Dystrybutor Surowc\u00f3w\" \/>\n<meta property=\"article:publisher\" content=\"https:\/\/www.facebook.com\/naturalpoland.b2b\" \/>\n<meta property=\"article:modified_time\" content=\"2026-01-13T09:11:10+00:00\" \/>\n<meta property=\"og:image\" content=\"https:\/\/naturalpoland.com\/wp-content\/uploads\/olej-z-amarantusa-natural-poland.jpg\" \/>\n\t<meta property=\"og:image:width\" content=\"650\" \/>\n\t<meta property=\"og:image:height\" content=\"650\" \/>\n\t<meta property=\"og:image:type\" content=\"image\/jpeg\" \/>\n<script type=\"application\/ld+json\" class=\"yoast-schema-graph\">{\"@context\":\"https:\\\/\\\/schema.org\",\"@graph\":[{\"@type\":\"WebPage\",\"@id\":\"https:\\\/\\\/naturalpoland.com\\\/tr\\\/urunler\\\/gida-hammaddeleri\\\/gida-yaglari\\\/amarant-yagi\\\/\",\"url\":\"https:\\\/\\\/naturalpoland.com\\\/tr\\\/urunler\\\/gida-hammaddeleri\\\/gida-yaglari\\\/amarant-yagi\\\/\",\"name\":\"Amarant ya\u011f\u0131 - NATURAL POLAND - Hurtowy Dystrybutor Surowc\u00f3w\",\"isPartOf\":{\"@id\":\"https:\\\/\\\/naturalpoland.com\\\/tr\\\/#website\"},\"primaryImageOfPage\":{\"@id\":\"https:\\\/\\\/naturalpoland.com\\\/tr\\\/urunler\\\/gida-hammaddeleri\\\/gida-yaglari\\\/amarant-yagi\\\/#primaryimage\"},\"image\":{\"@id\":\"https:\\\/\\\/naturalpoland.com\\\/tr\\\/urunler\\\/gida-hammaddeleri\\\/gida-yaglari\\\/amarant-yagi\\\/#primaryimage\"},\"thumbnailUrl\":\"https:\\\/\\\/naturalpoland.com\\\/wp-content\\\/uploads\\\/olej-z-amarantusa-natural-poland.jpg\",\"datePublished\":\"2021-05-11T11:49:21+00:00\",\"dateModified\":\"2026-01-13T09:11:10+00:00\",\"description\":\"So\u011fuk presleme y\u00f6ntemiyle amarant tohumlar\u0131ndan elde edilen amarant ya\u011f\u0131, \u00e7ok y\u00f6nl\u00fc etkisi ve y\u00fcksek kalitesiyle \u00f6ne \u00e7\u0131kar.\",\"breadcrumb\":{\"@id\":\"https:\\\/\\\/naturalpoland.com\\\/tr\\\/urunler\\\/gida-hammaddeleri\\\/gida-yaglari\\\/amarant-yagi\\\/#breadcrumb\"},\"inLanguage\":\"tr\",\"potentialAction\":[{\"@type\":\"ReadAction\",\"target\":[\"https:\\\/\\\/naturalpoland.com\\\/tr\\\/urunler\\\/gida-hammaddeleri\\\/gida-yaglari\\\/amarant-yagi\\\/\"]}]},{\"@type\":\"ImageObject\",\"inLanguage\":\"tr\",\"@id\":\"https:\\\/\\\/naturalpoland.com\\\/tr\\\/urunler\\\/gida-hammaddeleri\\\/gida-yaglari\\\/amarant-yagi\\\/#primaryimage\",\"url\":\"https:\\\/\\\/naturalpoland.com\\\/wp-content\\\/uploads\\\/olej-z-amarantusa-natural-poland.jpg\",\"contentUrl\":\"https:\\\/\\\/naturalpoland.com\\\/wp-content\\\/uploads\\\/olej-z-amarantusa-natural-poland.jpg\",\"width\":650,\"height\":650,\"caption\":\"amarant ya\u011f\u0131\"},{\"@type\":\"BreadcrumbList\",\"@id\":\"https:\\\/\\\/naturalpoland.com\\\/tr\\\/urunler\\\/gida-hammaddeleri\\\/gida-yaglari\\\/amarant-yagi\\\/#breadcrumb\",\"itemListElement\":[{\"@type\":\"ListItem\",\"position\":1,\"name\":\"Ana Sayfa\",\"item\":\"https:\\\/\\\/naturalpoland.com\\\/tr\\\/\"},{\"@type\":\"ListItem\",\"position\":2,\"name\":\"\u00dcr\u00fcnler\",\"item\":\"https:\\\/\\\/naturalpoland.com\\\/tr\\\/urunler\\\/\"},{\"@type\":\"ListItem\",\"position\":3,\"name\":\"Amarant ya\u011f\u0131\"}]},{\"@type\":\"WebSite\",\"@id\":\"https:\\\/\\\/naturalpoland.com\\\/tr\\\/#website\",\"url\":\"https:\\\/\\\/naturalpoland.com\\\/tr\\\/\",\"name\":\"NATURAL POLAND - Hurtowy Dystrybutor Surowc\u00f3w\",\"description\":\"Surowce dla przemys\u0142u spo\u017cywczego, kosmetycznego i farmaceutycznego\",\"publisher\":{\"@id\":\"https:\\\/\\\/naturalpoland.com\\\/tr\\\/#organization\"},\"potentialAction\":[{\"@type\":\"SearchAction\",\"target\":{\"@type\":\"EntryPoint\",\"urlTemplate\":\"https:\\\/\\\/naturalpoland.com\\\/tr\\\/?s={search_term_string}\"},\"query-input\":{\"@type\":\"PropertyValueSpecification\",\"valueRequired\":true,\"valueName\":\"search_term_string\"}}],\"inLanguage\":\"tr\"},{\"@type\":\"Organization\",\"@id\":\"https:\\\/\\\/naturalpoland.com\\\/tr\\\/#organization\",\"name\":\"Natural Poland\",\"url\":\"https:\\\/\\\/naturalpoland.com\\\/tr\\\/\",\"logo\":{\"@type\":\"ImageObject\",\"inLanguage\":\"tr\",\"@id\":\"https:\\\/\\\/naturalpoland.com\\\/tr\\\/#\\\/schema\\\/logo\\\/image\\\/\",\"url\":\"https:\\\/\\\/naturalpoland.com\\\/wp-content\\\/uploads\\\/2021\\\/05\\\/natural-poland-icon.png\",\"contentUrl\":\"https:\\\/\\\/naturalpoland.com\\\/wp-content\\\/uploads\\\/2021\\\/05\\\/natural-poland-icon.png\",\"width\":512,\"height\":512,\"caption\":\"Natural Poland\"},\"image\":{\"@id\":\"https:\\\/\\\/naturalpoland.com\\\/tr\\\/#\\\/schema\\\/logo\\\/image\\\/\"},\"sameAs\":[\"https:\\\/\\\/www.facebook.com\\\/naturalpoland.b2b\",\"https:\\\/\\\/pl.linkedin.com\\\/company\\\/natural-poland\",\"https:\\\/\\\/www.youtube.com\\\/channel\\\/UCgeGGkvOMahZo-xu_MSEWxg\"]}]}<\/script>\n<!-- \/ Yoast SEO plugin. -->","yoast_head_json":{"title":"Amarant ya\u011f\u0131 - NATURAL POLAND - Hurtowy Dystrybutor Surowc\u00f3w","description":"So\u011fuk presleme y\u00f6ntemiyle amarant tohumlar\u0131ndan elde edilen amarant ya\u011f\u0131, \u00e7ok y\u00f6nl\u00fc etkisi ve y\u00fcksek kalitesiyle \u00f6ne \u00e7\u0131kar.","robots":{"index":"index","follow":"follow","max-snippet":"max-snippet:-1","max-image-preview":"max-image-preview:large","max-video-preview":"max-video-preview:-1"},"canonical":"https:\/\/naturalpoland.com\/tr\/urunler\/gida-hammaddeleri\/gida-yaglari\/amarant-yagi\/","og_locale":"tr_TR","og_type":"article","og_title":"Amarant ya\u011f\u0131 - NATURAL POLAND - Hurtowy Dystrybutor Surowc\u00f3w","og_description":"So\u011fuk presleme y\u00f6ntemiyle amarant tohumlar\u0131ndan elde edilen amarant ya\u011f\u0131, \u00e7ok y\u00f6nl\u00fc etkisi ve y\u00fcksek kalitesiyle \u00f6ne \u00e7\u0131kar.","og_url":"https:\/\/naturalpoland.com\/tr\/urunler\/gida-hammaddeleri\/gida-yaglari\/amarant-yagi\/","og_site_name":"NATURAL POLAND - Hurtowy Dystrybutor Surowc\u00f3w","article_publisher":"https:\/\/www.facebook.com\/naturalpoland.b2b","article_modified_time":"2026-01-13T09:11:10+00:00","og_image":[{"width":650,"height":650,"url":"https:\/\/naturalpoland.com\/wp-content\/uploads\/olej-z-amarantusa-natural-poland.jpg","type":"image\/jpeg"}],"schema":{"@context":"https:\/\/schema.org","@graph":[{"@type":"WebPage","@id":"https:\/\/naturalpoland.com\/tr\/urunler\/gida-hammaddeleri\/gida-yaglari\/amarant-yagi\/","url":"https:\/\/naturalpoland.com\/tr\/urunler\/gida-hammaddeleri\/gida-yaglari\/amarant-yagi\/","name":"Amarant ya\u011f\u0131 - NATURAL POLAND - Hurtowy Dystrybutor Surowc\u00f3w","isPartOf":{"@id":"https:\/\/naturalpoland.com\/tr\/#website"},"primaryImageOfPage":{"@id":"https:\/\/naturalpoland.com\/tr\/urunler\/gida-hammaddeleri\/gida-yaglari\/amarant-yagi\/#primaryimage"},"image":{"@id":"https:\/\/naturalpoland.com\/tr\/urunler\/gida-hammaddeleri\/gida-yaglari\/amarant-yagi\/#primaryimage"},"thumbnailUrl":"https:\/\/naturalpoland.com\/wp-content\/uploads\/olej-z-amarantusa-natural-poland.jpg","datePublished":"2021-05-11T11:49:21+00:00","dateModified":"2026-01-13T09:11:10+00:00","description":"So\u011fuk presleme y\u00f6ntemiyle amarant tohumlar\u0131ndan elde edilen amarant ya\u011f\u0131, \u00e7ok y\u00f6nl\u00fc etkisi ve y\u00fcksek kalitesiyle \u00f6ne \u00e7\u0131kar.","breadcrumb":{"@id":"https:\/\/naturalpoland.com\/tr\/urunler\/gida-hammaddeleri\/gida-yaglari\/amarant-yagi\/#breadcrumb"},"inLanguage":"tr","potentialAction":[{"@type":"ReadAction","target":["https:\/\/naturalpoland.com\/tr\/urunler\/gida-hammaddeleri\/gida-yaglari\/amarant-yagi\/"]}]},{"@type":"ImageObject","inLanguage":"tr","@id":"https:\/\/naturalpoland.com\/tr\/urunler\/gida-hammaddeleri\/gida-yaglari\/amarant-yagi\/#primaryimage","url":"https:\/\/naturalpoland.com\/wp-content\/uploads\/olej-z-amarantusa-natural-poland.jpg","contentUrl":"https:\/\/naturalpoland.com\/wp-content\/uploads\/olej-z-amarantusa-natural-poland.jpg","width":650,"height":650,"caption":"amarant ya\u011f\u0131"},{"@type":"BreadcrumbList","@id":"https:\/\/naturalpoland.com\/tr\/urunler\/gida-hammaddeleri\/gida-yaglari\/amarant-yagi\/#breadcrumb","itemListElement":[{"@type":"ListItem","position":1,"name":"Ana Sayfa","item":"https:\/\/naturalpoland.com\/tr\/"},{"@type":"ListItem","position":2,"name":"\u00dcr\u00fcnler","item":"https:\/\/naturalpoland.com\/tr\/urunler\/"},{"@type":"ListItem","position":3,"name":"Amarant ya\u011f\u0131"}]},{"@type":"WebSite","@id":"https:\/\/naturalpoland.com\/tr\/#website","url":"https:\/\/naturalpoland.com\/tr\/","name":"NATURAL POLAND - Hurtowy Dystrybutor Surowc\u00f3w","description":"Surowce dla przemys\u0142u spo\u017cywczego, kosmetycznego i farmaceutycznego","publisher":{"@id":"https:\/\/naturalpoland.com\/tr\/#organization"},"potentialAction":[{"@type":"SearchAction","target":{"@type":"EntryPoint","urlTemplate":"https:\/\/naturalpoland.com\/tr\/?s={search_term_string}"},"query-input":{"@type":"PropertyValueSpecification","valueRequired":true,"valueName":"search_term_string"}}],"inLanguage":"tr"},{"@type":"Organization","@id":"https:\/\/naturalpoland.com\/tr\/#organization","name":"Natural Poland","url":"https:\/\/naturalpoland.com\/tr\/","logo":{"@type":"ImageObject","inLanguage":"tr","@id":"https:\/\/naturalpoland.com\/tr\/#\/schema\/logo\/image\/","url":"https:\/\/naturalpoland.com\/wp-content\/uploads\/2021\/05\/natural-poland-icon.png","contentUrl":"https:\/\/naturalpoland.com\/wp-content\/uploads\/2021\/05\/natural-poland-icon.png","width":512,"height":512,"caption":"Natural Poland"},"image":{"@id":"https:\/\/naturalpoland.com\/tr\/#\/schema\/logo\/image\/"},"sameAs":["https:\/\/www.facebook.com\/naturalpoland.b2b","https:\/\/pl.linkedin.com\/company\/natural-poland","https:\/\/www.youtube.com\/channel\/UCgeGGkvOMahZo-xu_MSEWxg"]}]}},"_links":{"self":[{"href":"https:\/\/naturalpoland.com\/tr\/wp-json\/wp\/v2\/product\/44799","targetHints":{"allow":["GET"]}}],"collection":[{"href":"https:\/\/naturalpoland.com\/tr\/wp-json\/wp\/v2\/product"}],"about":[{"href":"https:\/\/naturalpoland.com\/tr\/wp-json\/wp\/v2\/types\/product"}],"wp:featuredmedia":[{"embeddable":true,"href":"https:\/\/naturalpoland.com\/tr\/wp-json\/wp\/v2\/media\/44801"}],"wp:attachment":[{"href":"https:\/\/naturalpoland.com\/tr\/wp-json\/wp\/v2\/media?parent=44799"}],"wp:term":[{"taxonomy":"product_brand","embeddable":true,"href":"https:\/\/naturalpoland.com\/tr\/wp-json\/wp\/v2\/product_brand?post=44799"},{"taxonomy":"product_cat","embeddable":true,"href":"https:\/\/naturalpoland.com\/tr\/wp-json\/wp\/v2\/product_cat?post=44799"},{"taxonomy":"product_tag","embeddable":true,"href":"https:\/\/naturalpoland.com\/tr\/wp-json\/wp\/v2\/product_tag?post=44799"}],"curies":[{"name":"wp","href":"https:\/\/api.w.org\/{rel}","templated":true}]}}