{"id":44806,"date":"2025-12-22T15:31:58","date_gmt":"2025-12-22T14:31:58","guid":{"rendered":"https:\/\/naturalpoland.com\/produkty\/kategorilenmemis\/ispanak-yapragi-ozutu\/"},"modified":"2026-01-13T11:41:57","modified_gmt":"2026-01-13T10:41:57","slug":"ispanak-yapragi-ozutu","status":"publish","type":"product","link":"https:\/\/naturalpoland.com\/tr\/urunler\/bitkisel-ekstraktlar\/ispanak-yapragi-ozutu\/","title":{"rendered":"Ispanak yapra\u011f\u0131 \u00f6z\u00fct\u00fc"},"content":{"rendered":"<p>Ispanak, beslenme, kozmetik ve farmakognozi literat\u00fcr\u00fcnde geni\u015f \u00e7apta tan\u0131mlanan, iyi belgelenmi\u015f bir fitokimyasal profile sahip yaprakl\u0131 bitkilerden biridir. Yaprak \u00f6z\u00fctleri, botanik bazl\u0131 \u00fcr\u00fcnlerin bile\u015fenleri olarak kullan\u0131l\u0131r. <\/p>\n<h2>Ispanak \u00f6z\u00fct\u00fcn\u00fcn \u00f6zellikleri<\/h2>\n<p><strong>Ispanak yapraklar\u0131<\/strong>, <strong>polifenoller<\/strong>, <strong>flavonoidler<\/strong>, <strong>karotenoidler<\/strong> (lutein ve \u03b2-karoten dahil), <strong>klorofiller<\/strong> ve ye\u015fil bitki k\u0131s\u0131mlar\u0131na \u00f6zg\u00fc <strong>vitaminler<\/strong> ve <strong>mineraller<\/strong> gibi bile\u015fiklerin do\u011fal kayna\u011f\u0131d\u0131r. Form\u00fclasyon uygulamas\u0131nda \u0131spanak yapra\u011f\u0131 \u00f6z\u00fct\u00fc, form\u00fcl\u00fcn antioksidan profilini destekleyen ve \u00e7evresel fakt\u00f6rlere kar\u015f\u0131 korumaya y\u00f6nelik kompozisyonlarda bir bile\u015fen olarak kullan\u0131l\u0131r. <\/p>\n<p>Bu hammadde, bitkisel k\u00f6kenin ve \u015feffaf bile\u015fen kompozisyonunun \u00f6nemli bir rol oynad\u0131\u011f\u0131 &#8220;botanik&#8221;, &#8220;bitki bazl\u0131&#8221; ve &#8220;ye\u015fil&#8221; \u00fcr\u00fcn konseptlerine uygundur.<\/p>\n<h2>Ispanak yapra\u011f\u0131 \u00f6z\u00fct\u00fcn\u00fcn kullan\u0131m alanlar\u0131<\/h2>\n<p>Ispanak yapra\u011f\u0131 \u00f6z\u00fct\u00fc \u015fu \u00fcr\u00fcnlerin bile\u015feni olarak kullan\u0131l\u0131r:<\/p>\n<ul>\n<li>y\u00fcz ve v\u00fccut bak\u0131m kozmetikleri,<\/li>\n<li>koruyucu ve ya\u015flanma kar\u015f\u0131t\u0131 form\u00fclasyonlar,<\/li>\n<li>bitkisel \u00f6z\u00fctlere dayal\u0131 \u00fcr\u00fcnler,<\/li>\n<li>besin takviyeleri ve toz kar\u0131\u015f\u0131mlar\u0131.<\/li>\n<\/ul>\n<p>Kullan\u0131m aral\u0131\u011f\u0131 ve dozaj seviyesi, form\u00fclasyona ve nihai \u00fcr\u00fcn\u00fcn i\u015flevine ba\u011fl\u0131d\u0131r.<\/p>\n","protected":false},"excerpt":{"rendered":"<p><strong>Ispanak yapra\u011f\u0131 \u00f6z\u00fct\u00fc<\/strong>, <em data-start=\"782\" data-end=\"801\">Spinacia oleracea<\/em> L. yapraklar\u0131ndan su ekstraksiyonu y\u00f6ntemiyle elde edilen bitkisel k\u00f6kenli bir hammaddedir.<\/p>\n","protected":false},"featured_media":44807,"template":"","meta":[],"product_brand":[],"product_cat":[9531],"product_tag":[],"class_list":{"0":"post-44806","1":"product","2":"type-product","3":"status-publish","4":"has-post-thumbnail","6":"product_cat-bitkisel-ekstraktlar","7":"pa_czesc-rosliny-yapraklar-2","9":"first","10":"instock","11":"shipping-taxable","12":"product-type-simple"},"yoast_head":"<!-- This site is optimized with the Yoast SEO plugin v27.4 - https:\/\/yoast.com\/product\/yoast-seo-wordpress\/ -->\n<title>Ispanak yapra\u011f\u0131 \u00f6z\u00fct\u00fc - Hurtowy Dystrybutor<\/title>\n<meta name=\"description\" content=\"Ispanak yapra\u011f\u0131 \u00f6z\u00fct\u00fc (INCI: Spinacia Oleracea Leaf Extract). Kozmetik ve fonksiyonel \u00fcr\u00fcnler i\u00e7in bitkisel hammadde. B2B toptan sat\u0131\u015f.\" \/>\n<meta name=\"robots\" content=\"index, follow, max-snippet:-1, max-image-preview:large, max-video-preview:-1\" \/>\n<link rel=\"canonical\" href=\"https:\/\/naturalpoland.com\/tr\/urunler\/bitkisel-ekstraktlar\/ispanak-yapragi-ozutu\/\" \/>\n<meta property=\"og:locale\" content=\"tr_TR\" \/>\n<meta property=\"og:type\" content=\"article\" \/>\n<meta property=\"og:title\" content=\"Ispanak yapra\u011f\u0131 \u00f6z\u00fct\u00fc - Hurtowy Dystrybutor\" \/>\n<meta property=\"og:description\" content=\"Ispanak yapra\u011f\u0131 \u00f6z\u00fct\u00fc (INCI: Spinacia Oleracea Leaf Extract). Kozmetik ve fonksiyonel \u00fcr\u00fcnler i\u00e7in bitkisel hammadde. B2B toptan sat\u0131\u015f.\" \/>\n<meta property=\"og:url\" content=\"https:\/\/naturalpoland.com\/tr\/urunler\/bitkisel-ekstraktlar\/ispanak-yapragi-ozutu\/\" \/>\n<meta property=\"og:site_name\" content=\"NATURAL POLAND - Hurtowy Dystrybutor Surowc\u00f3w\" \/>\n<meta property=\"article:publisher\" content=\"https:\/\/www.facebook.com\/naturalpoland.b2b\" \/>\n<meta property=\"article:modified_time\" content=\"2026-01-13T10:41:57+00:00\" \/>\n<meta property=\"og:image\" content=\"https:\/\/naturalpoland.com\/wp-content\/uploads\/ekstrakt-z-lisci-szpinaku.webp\" \/>\n\t<meta property=\"og:image:width\" content=\"1024\" \/>\n\t<meta property=\"og:image:height\" content=\"1024\" \/>\n\t<meta property=\"og:image:type\" content=\"image\/webp\" \/>\n<script type=\"application\/ld+json\" class=\"yoast-schema-graph\">{\"@context\":\"https:\\\/\\\/schema.org\",\"@graph\":[{\"@type\":\"WebPage\",\"@id\":\"https:\\\/\\\/naturalpoland.com\\\/tr\\\/urunler\\\/bitkisel-ekstraktlar\\\/ispanak-yapragi-ozutu\\\/\",\"url\":\"https:\\\/\\\/naturalpoland.com\\\/tr\\\/urunler\\\/bitkisel-ekstraktlar\\\/ispanak-yapragi-ozutu\\\/\",\"name\":\"Ispanak yapra\u011f\u0131 \u00f6z\u00fct\u00fc - Hurtowy Dystrybutor\",\"isPartOf\":{\"@id\":\"https:\\\/\\\/naturalpoland.com\\\/tr\\\/#website\"},\"primaryImageOfPage\":{\"@id\":\"https:\\\/\\\/naturalpoland.com\\\/tr\\\/urunler\\\/bitkisel-ekstraktlar\\\/ispanak-yapragi-ozutu\\\/#primaryimage\"},\"image\":{\"@id\":\"https:\\\/\\\/naturalpoland.com\\\/tr\\\/urunler\\\/bitkisel-ekstraktlar\\\/ispanak-yapragi-ozutu\\\/#primaryimage\"},\"thumbnailUrl\":\"https:\\\/\\\/naturalpoland.com\\\/wp-content\\\/uploads\\\/ekstrakt-z-lisci-szpinaku.webp\",\"datePublished\":\"2025-12-22T14:31:58+00:00\",\"dateModified\":\"2026-01-13T10:41:57+00:00\",\"description\":\"Ispanak yapra\u011f\u0131 \u00f6z\u00fct\u00fc (INCI: Spinacia Oleracea Leaf Extract). Kozmetik ve fonksiyonel \u00fcr\u00fcnler i\u00e7in bitkisel hammadde. B2B toptan sat\u0131\u015f.\",\"breadcrumb\":{\"@id\":\"https:\\\/\\\/naturalpoland.com\\\/tr\\\/urunler\\\/bitkisel-ekstraktlar\\\/ispanak-yapragi-ozutu\\\/#breadcrumb\"},\"inLanguage\":\"tr\",\"potentialAction\":[{\"@type\":\"ReadAction\",\"target\":[\"https:\\\/\\\/naturalpoland.com\\\/tr\\\/urunler\\\/bitkisel-ekstraktlar\\\/ispanak-yapragi-ozutu\\\/\"]}]},{\"@type\":\"ImageObject\",\"inLanguage\":\"tr\",\"@id\":\"https:\\\/\\\/naturalpoland.com\\\/tr\\\/urunler\\\/bitkisel-ekstraktlar\\\/ispanak-yapragi-ozutu\\\/#primaryimage\",\"url\":\"https:\\\/\\\/naturalpoland.com\\\/wp-content\\\/uploads\\\/ekstrakt-z-lisci-szpinaku.webp\",\"contentUrl\":\"https:\\\/\\\/naturalpoland.com\\\/wp-content\\\/uploads\\\/ekstrakt-z-lisci-szpinaku.webp\",\"width\":1024,\"height\":1024,\"caption\":\"\u0131spanak yapra\u011f\u0131 \u00f6z\u00fct\u00fc\"},{\"@type\":\"BreadcrumbList\",\"@id\":\"https:\\\/\\\/naturalpoland.com\\\/tr\\\/urunler\\\/bitkisel-ekstraktlar\\\/ispanak-yapragi-ozutu\\\/#breadcrumb\",\"itemListElement\":[{\"@type\":\"ListItem\",\"position\":1,\"name\":\"Ana Sayfa\",\"item\":\"https:\\\/\\\/naturalpoland.com\\\/tr\\\/\"},{\"@type\":\"ListItem\",\"position\":2,\"name\":\"\u00dcr\u00fcnler\",\"item\":\"https:\\\/\\\/naturalpoland.com\\\/tr\\\/urunler\\\/\"},{\"@type\":\"ListItem\",\"position\":3,\"name\":\"Ispanak yapra\u011f\u0131 \u00f6z\u00fct\u00fc\"}]},{\"@type\":\"WebSite\",\"@id\":\"https:\\\/\\\/naturalpoland.com\\\/tr\\\/#website\",\"url\":\"https:\\\/\\\/naturalpoland.com\\\/tr\\\/\",\"name\":\"NATURAL POLAND - Hurtowy Dystrybutor Surowc\u00f3w\",\"description\":\"Surowce dla przemys\u0142u spo\u017cywczego, kosmetycznego i farmaceutycznego\",\"publisher\":{\"@id\":\"https:\\\/\\\/naturalpoland.com\\\/tr\\\/#organization\"},\"potentialAction\":[{\"@type\":\"SearchAction\",\"target\":{\"@type\":\"EntryPoint\",\"urlTemplate\":\"https:\\\/\\\/naturalpoland.com\\\/tr\\\/?s={search_term_string}\"},\"query-input\":{\"@type\":\"PropertyValueSpecification\",\"valueRequired\":true,\"valueName\":\"search_term_string\"}}],\"inLanguage\":\"tr\"},{\"@type\":\"Organization\",\"@id\":\"https:\\\/\\\/naturalpoland.com\\\/tr\\\/#organization\",\"name\":\"Natural Poland\",\"url\":\"https:\\\/\\\/naturalpoland.com\\\/tr\\\/\",\"logo\":{\"@type\":\"ImageObject\",\"inLanguage\":\"tr\",\"@id\":\"https:\\\/\\\/naturalpoland.com\\\/tr\\\/#\\\/schema\\\/logo\\\/image\\\/\",\"url\":\"https:\\\/\\\/naturalpoland.com\\\/wp-content\\\/uploads\\\/2021\\\/05\\\/natural-poland-icon.png\",\"contentUrl\":\"https:\\\/\\\/naturalpoland.com\\\/wp-content\\\/uploads\\\/2021\\\/05\\\/natural-poland-icon.png\",\"width\":512,\"height\":512,\"caption\":\"Natural Poland\"},\"image\":{\"@id\":\"https:\\\/\\\/naturalpoland.com\\\/tr\\\/#\\\/schema\\\/logo\\\/image\\\/\"},\"sameAs\":[\"https:\\\/\\\/www.facebook.com\\\/naturalpoland.b2b\",\"https:\\\/\\\/pl.linkedin.com\\\/company\\\/natural-poland\",\"https:\\\/\\\/www.youtube.com\\\/channel\\\/UCgeGGkvOMahZo-xu_MSEWxg\"]}]}<\/script>\n<!-- \/ Yoast SEO plugin. -->","yoast_head_json":{"title":"Ispanak yapra\u011f\u0131 \u00f6z\u00fct\u00fc - Hurtowy Dystrybutor","description":"Ispanak yapra\u011f\u0131 \u00f6z\u00fct\u00fc (INCI: Spinacia Oleracea Leaf Extract). Kozmetik ve fonksiyonel \u00fcr\u00fcnler i\u00e7in bitkisel hammadde. B2B toptan sat\u0131\u015f.","robots":{"index":"index","follow":"follow","max-snippet":"max-snippet:-1","max-image-preview":"max-image-preview:large","max-video-preview":"max-video-preview:-1"},"canonical":"https:\/\/naturalpoland.com\/tr\/urunler\/bitkisel-ekstraktlar\/ispanak-yapragi-ozutu\/","og_locale":"tr_TR","og_type":"article","og_title":"Ispanak yapra\u011f\u0131 \u00f6z\u00fct\u00fc - Hurtowy Dystrybutor","og_description":"Ispanak yapra\u011f\u0131 \u00f6z\u00fct\u00fc (INCI: Spinacia Oleracea Leaf Extract). Kozmetik ve fonksiyonel \u00fcr\u00fcnler i\u00e7in bitkisel hammadde. B2B toptan sat\u0131\u015f.","og_url":"https:\/\/naturalpoland.com\/tr\/urunler\/bitkisel-ekstraktlar\/ispanak-yapragi-ozutu\/","og_site_name":"NATURAL POLAND - Hurtowy Dystrybutor Surowc\u00f3w","article_publisher":"https:\/\/www.facebook.com\/naturalpoland.b2b","article_modified_time":"2026-01-13T10:41:57+00:00","og_image":[{"width":1024,"height":1024,"url":"https:\/\/naturalpoland.com\/wp-content\/uploads\/ekstrakt-z-lisci-szpinaku.webp","type":"image\/webp"}],"schema":{"@context":"https:\/\/schema.org","@graph":[{"@type":"WebPage","@id":"https:\/\/naturalpoland.com\/tr\/urunler\/bitkisel-ekstraktlar\/ispanak-yapragi-ozutu\/","url":"https:\/\/naturalpoland.com\/tr\/urunler\/bitkisel-ekstraktlar\/ispanak-yapragi-ozutu\/","name":"Ispanak yapra\u011f\u0131 \u00f6z\u00fct\u00fc - Hurtowy Dystrybutor","isPartOf":{"@id":"https:\/\/naturalpoland.com\/tr\/#website"},"primaryImageOfPage":{"@id":"https:\/\/naturalpoland.com\/tr\/urunler\/bitkisel-ekstraktlar\/ispanak-yapragi-ozutu\/#primaryimage"},"image":{"@id":"https:\/\/naturalpoland.com\/tr\/urunler\/bitkisel-ekstraktlar\/ispanak-yapragi-ozutu\/#primaryimage"},"thumbnailUrl":"https:\/\/naturalpoland.com\/wp-content\/uploads\/ekstrakt-z-lisci-szpinaku.webp","datePublished":"2025-12-22T14:31:58+00:00","dateModified":"2026-01-13T10:41:57+00:00","description":"Ispanak yapra\u011f\u0131 \u00f6z\u00fct\u00fc (INCI: Spinacia Oleracea Leaf Extract). Kozmetik ve fonksiyonel \u00fcr\u00fcnler i\u00e7in bitkisel hammadde. B2B toptan sat\u0131\u015f.","breadcrumb":{"@id":"https:\/\/naturalpoland.com\/tr\/urunler\/bitkisel-ekstraktlar\/ispanak-yapragi-ozutu\/#breadcrumb"},"inLanguage":"tr","potentialAction":[{"@type":"ReadAction","target":["https:\/\/naturalpoland.com\/tr\/urunler\/bitkisel-ekstraktlar\/ispanak-yapragi-ozutu\/"]}]},{"@type":"ImageObject","inLanguage":"tr","@id":"https:\/\/naturalpoland.com\/tr\/urunler\/bitkisel-ekstraktlar\/ispanak-yapragi-ozutu\/#primaryimage","url":"https:\/\/naturalpoland.com\/wp-content\/uploads\/ekstrakt-z-lisci-szpinaku.webp","contentUrl":"https:\/\/naturalpoland.com\/wp-content\/uploads\/ekstrakt-z-lisci-szpinaku.webp","width":1024,"height":1024,"caption":"\u0131spanak yapra\u011f\u0131 \u00f6z\u00fct\u00fc"},{"@type":"BreadcrumbList","@id":"https:\/\/naturalpoland.com\/tr\/urunler\/bitkisel-ekstraktlar\/ispanak-yapragi-ozutu\/#breadcrumb","itemListElement":[{"@type":"ListItem","position":1,"name":"Ana Sayfa","item":"https:\/\/naturalpoland.com\/tr\/"},{"@type":"ListItem","position":2,"name":"\u00dcr\u00fcnler","item":"https:\/\/naturalpoland.com\/tr\/urunler\/"},{"@type":"ListItem","position":3,"name":"Ispanak yapra\u011f\u0131 \u00f6z\u00fct\u00fc"}]},{"@type":"WebSite","@id":"https:\/\/naturalpoland.com\/tr\/#website","url":"https:\/\/naturalpoland.com\/tr\/","name":"NATURAL POLAND - Hurtowy Dystrybutor Surowc\u00f3w","description":"Surowce dla przemys\u0142u spo\u017cywczego, kosmetycznego i farmaceutycznego","publisher":{"@id":"https:\/\/naturalpoland.com\/tr\/#organization"},"potentialAction":[{"@type":"SearchAction","target":{"@type":"EntryPoint","urlTemplate":"https:\/\/naturalpoland.com\/tr\/?s={search_term_string}"},"query-input":{"@type":"PropertyValueSpecification","valueRequired":true,"valueName":"search_term_string"}}],"inLanguage":"tr"},{"@type":"Organization","@id":"https:\/\/naturalpoland.com\/tr\/#organization","name":"Natural Poland","url":"https:\/\/naturalpoland.com\/tr\/","logo":{"@type":"ImageObject","inLanguage":"tr","@id":"https:\/\/naturalpoland.com\/tr\/#\/schema\/logo\/image\/","url":"https:\/\/naturalpoland.com\/wp-content\/uploads\/2021\/05\/natural-poland-icon.png","contentUrl":"https:\/\/naturalpoland.com\/wp-content\/uploads\/2021\/05\/natural-poland-icon.png","width":512,"height":512,"caption":"Natural Poland"},"image":{"@id":"https:\/\/naturalpoland.com\/tr\/#\/schema\/logo\/image\/"},"sameAs":["https:\/\/www.facebook.com\/naturalpoland.b2b","https:\/\/pl.linkedin.com\/company\/natural-poland","https:\/\/www.youtube.com\/channel\/UCgeGGkvOMahZo-xu_MSEWxg"]}]}},"_links":{"self":[{"href":"https:\/\/naturalpoland.com\/tr\/wp-json\/wp\/v2\/product\/44806","targetHints":{"allow":["GET"]}}],"collection":[{"href":"https:\/\/naturalpoland.com\/tr\/wp-json\/wp\/v2\/product"}],"about":[{"href":"https:\/\/naturalpoland.com\/tr\/wp-json\/wp\/v2\/types\/product"}],"wp:featuredmedia":[{"embeddable":true,"href":"https:\/\/naturalpoland.com\/tr\/wp-json\/wp\/v2\/media\/44807"}],"wp:attachment":[{"href":"https:\/\/naturalpoland.com\/tr\/wp-json\/wp\/v2\/media?parent=44806"}],"wp:term":[{"taxonomy":"product_brand","embeddable":true,"href":"https:\/\/naturalpoland.com\/tr\/wp-json\/wp\/v2\/product_brand?post=44806"},{"taxonomy":"product_cat","embeddable":true,"href":"https:\/\/naturalpoland.com\/tr\/wp-json\/wp\/v2\/product_cat?post=44806"},{"taxonomy":"product_tag","embeddable":true,"href":"https:\/\/naturalpoland.com\/tr\/wp-json\/wp\/v2\/product_tag?post=44806"}],"curies":[{"name":"wp","href":"https:\/\/api.w.org\/{rel}","templated":true}]}}