{"id":44823,"date":"2025-12-22T14:54:00","date_gmt":"2025-12-22T13:54:00","guid":{"rendered":"https:\/\/naturalpoland.com\/produkty\/kategorilenmemis\/askorbil-glukozit\/"},"modified":"2026-01-13T11:43:01","modified_gmt":"2026-01-13T10:43:01","slug":"askorbil-glukozit","status":"publish","type":"product","link":"https:\/\/naturalpoland.com\/tr\/urunler\/kozmetik-hammaddeleri\/kozmetik-hammaddeleri-2\/askorbil-glukozit\/","title":{"rendered":"Askorbil glukozit"},"content":{"rendered":"<p>Askorbil glukozit, askorbik asit molek\u00fcl\u00fcn\u00fcn glukoz ile birle\u015ftirilmesiyle olu\u015fur, bu da saf C vitaminine k\u0131yasla kimyasal stabilitesini \u00f6nemli \u00f6l\u00e7\u00fcde art\u0131r\u0131r. Askorbil glukozit, \u00f6zellikle y\u00fcz bak\u0131m \u00fcr\u00fcnleri olmak \u00fczere modern bak\u0131m form\u00fclasyonlar\u0131nda kullan\u0131l\u0131r. Cilde uyguland\u0131ktan sonra, bu bile\u015fik kademeli olarak aktif C vitaminine enzimatik olarak par\u00e7alan\u0131r ve h\u0131zl\u0131 bozulma veya tahri\u015f riski olmadan uzun s\u00fcreli ve hafif bir etki sa\u011flar. <\/p>\n<h2>Askorbil glukozitin \u00f6zellikleri ve etkileri<\/h2>\n<p>Askorbil glukozit, y\u00fcksek form\u00fclasyon stabilitesini korurken C vitamini i\u00e7in karakteristik olan \u00e7ok y\u00f6nl\u00fc kozmetik etkileri g\u00f6sterir. Hammaddenin en \u00f6nemli \u00f6zellikleri \u015funlard\u0131r: <\/p>\n<ul>\n<li><strong>kolajen sentezini desteklemek<\/strong>, bu da cildin s\u0131k\u0131l\u0131\u011f\u0131n\u0131 ve esnekli\u011fini art\u0131r\u0131r,<\/li>\n<li><strong>antioksidan etki<\/strong> &#8211; cilt h\u00fccrelerini oksidatif strese ve serbest radikallere kar\u015f\u0131 korur,<\/li>\n<li><strong>cilt tonunu ayd\u0131nlatma<\/strong> ve hiperpigmentasyonun azalt\u0131lmas\u0131na yard\u0131mc\u0131 olma,<\/li>\n<li><strong>cilt tonunu e\u015fitleme<\/strong> ve yorgun ve donuk g\u00f6r\u00fcnen cildin genel g\u00f6r\u00fcn\u00fcm\u00fcn\u00fc iyile\u015ftirme,<\/li>\n<li><strong>iyi cilt tolerans\u0131<\/strong>, hassas ciltler i\u00e7in form\u00fclasyonlarda bile.<\/li>\n<\/ul>\n<p>D\u00fc\u015f\u00fck serbest askorbik asit ve glukoz i\u00e7eri\u011fi sayesinde, hammadde y\u00fcksek safl\u0131k ve \u00f6ng\u00f6r\u00fclebilir etki ile karakterize edilir.<\/p>\n<h2>Kozmetik \u00fcr\u00fcnlerde kullan\u0131m\u0131<\/h2>\n<p>Askorbil glukozit, \u00f6zellikle a\u015fa\u011f\u0131dakiler olmak \u00fczere \u00e7e\u015fitli kozmetik \u00fcr\u00fcnlerde aktif bile\u015fen olarak kullan\u0131l\u0131r:<\/p>\n<ul>\n<li>y\u00fcz bak\u0131m kremleri ve em\u00fclsiyonlar\u0131,<\/li>\n<li>ayd\u0131nlat\u0131c\u0131 ve ya\u015flanma kar\u015f\u0131t\u0131 serumlar,<\/li>\n<li>hiperpigmentasyon ve e\u015fitsiz cilt tonu i\u00e7in \u00fcr\u00fcnler,<\/li>\n<li>koruyucu ve yenileyici kozmetikler,<\/li>\n<li>ya\u015flanma kar\u015f\u0131t\u0131 ve ayd\u0131nlat\u0131c\u0131 \u00fcr\u00fcnler.<\/li>\n<\/ul>\n<p>Hammadde kozmetik ve laboratuvar uygulamalar\u0131 i\u00e7in tasarlanm\u0131\u015ft\u0131r.<\/p>\n<p>&nbsp;<\/p>\n<p>&nbsp;<\/p>\n","protected":false},"excerpt":{"rendered":"<p><strong>Askorbil glukozit<\/strong>, kozmetik uygulamalar i\u00e7in tasarlanm\u0131\u015f stabil, glukozit t\u00fcrevi askorbik asittir (<strong>C vitamini<\/strong>).<\/p>\n","protected":false},"featured_media":44826,"template":"","meta":{"_acf_changed":false},"product_brand":[],"product_cat":[9557,9542],"product_tag":[],"class_list":{"0":"post-44823","1":"product","2":"type-product","3":"status-publish","4":"has-post-thumbnail","6":"product_cat-kozmetik-hammaddeleri-2","7":"product_cat-vitaminler","9":"first","10":"instock","11":"shipping-taxable","12":"product-type-simple"},"acf":[],"yoast_head":"<!-- This site is optimized with the Yoast SEO plugin v27.4 - https:\/\/yoast.com\/product\/yoast-seo-wordpress\/ -->\n<title>Askorbil glukozit - Hurtowy Dystrybutor<\/title>\n<meta name=\"description\" content=\"Askorbil glukozit - kozmetikler i\u00e7in stabil C vitamini t\u00fcrevi. Ayd\u0131nlat\u0131c\u0131, antioksidan ve ya\u015flanma kar\u015f\u0131t\u0131 hammadde. Kozmetik hammadde toptanc\u0131s\u0131.\" \/>\n<meta name=\"robots\" content=\"index, follow, max-snippet:-1, max-image-preview:large, max-video-preview:-1\" \/>\n<link rel=\"canonical\" href=\"https:\/\/naturalpoland.com\/tr\/urunler\/kozmetik-hammaddeleri\/kozmetik-hammaddeleri-2\/askorbil-glukozit\/\" \/>\n<meta property=\"og:locale\" content=\"tr_TR\" \/>\n<meta property=\"og:type\" content=\"article\" \/>\n<meta property=\"og:title\" content=\"Askorbil glukozit - Hurtowy Dystrybutor\" \/>\n<meta property=\"og:description\" content=\"Askorbil glukozit - kozmetikler i\u00e7in stabil C vitamini t\u00fcrevi. Ayd\u0131nlat\u0131c\u0131, antioksidan ve ya\u015flanma kar\u015f\u0131t\u0131 hammadde. Kozmetik hammadde toptanc\u0131s\u0131.\" \/>\n<meta property=\"og:url\" content=\"https:\/\/naturalpoland.com\/tr\/urunler\/kozmetik-hammaddeleri\/kozmetik-hammaddeleri-2\/askorbil-glukozit\/\" \/>\n<meta property=\"og:site_name\" content=\"NATURAL POLAND - Hurtowy Dystrybutor Surowc\u00f3w\" \/>\n<meta property=\"article:publisher\" content=\"https:\/\/www.facebook.com\/naturalpoland.b2b\" \/>\n<meta property=\"article:modified_time\" content=\"2026-01-13T10:43:01+00:00\" \/>\n<meta property=\"og:image\" content=\"https:\/\/naturalpoland.com\/wp-content\/uploads\/glukozyd-askorbylu.webp\" \/>\n\t<meta property=\"og:image:width\" content=\"1024\" \/>\n\t<meta property=\"og:image:height\" content=\"1024\" \/>\n\t<meta property=\"og:image:type\" content=\"image\/webp\" \/>\n<script type=\"application\/ld+json\" class=\"yoast-schema-graph\">{\"@context\":\"https:\\\/\\\/schema.org\",\"@graph\":[{\"@type\":\"WebPage\",\"@id\":\"https:\\\/\\\/naturalpoland.com\\\/tr\\\/urunler\\\/kozmetik-hammaddeleri\\\/kozmetik-hammaddeleri-2\\\/askorbil-glukozit\\\/\",\"url\":\"https:\\\/\\\/naturalpoland.com\\\/tr\\\/urunler\\\/kozmetik-hammaddeleri\\\/kozmetik-hammaddeleri-2\\\/askorbil-glukozit\\\/\",\"name\":\"Askorbil glukozit - Hurtowy Dystrybutor\",\"isPartOf\":{\"@id\":\"https:\\\/\\\/naturalpoland.com\\\/tr\\\/#website\"},\"primaryImageOfPage\":{\"@id\":\"https:\\\/\\\/naturalpoland.com\\\/tr\\\/urunler\\\/kozmetik-hammaddeleri\\\/kozmetik-hammaddeleri-2\\\/askorbil-glukozit\\\/#primaryimage\"},\"image\":{\"@id\":\"https:\\\/\\\/naturalpoland.com\\\/tr\\\/urunler\\\/kozmetik-hammaddeleri\\\/kozmetik-hammaddeleri-2\\\/askorbil-glukozit\\\/#primaryimage\"},\"thumbnailUrl\":\"https:\\\/\\\/naturalpoland.com\\\/wp-content\\\/uploads\\\/glukozyd-askorbylu.webp\",\"datePublished\":\"2025-12-22T13:54:00+00:00\",\"dateModified\":\"2026-01-13T10:43:01+00:00\",\"description\":\"Askorbil glukozit - kozmetikler i\u00e7in stabil C vitamini t\u00fcrevi. Ayd\u0131nlat\u0131c\u0131, antioksidan ve ya\u015flanma kar\u015f\u0131t\u0131 hammadde. Kozmetik hammadde toptanc\u0131s\u0131.\",\"breadcrumb\":{\"@id\":\"https:\\\/\\\/naturalpoland.com\\\/tr\\\/urunler\\\/kozmetik-hammaddeleri\\\/kozmetik-hammaddeleri-2\\\/askorbil-glukozit\\\/#breadcrumb\"},\"inLanguage\":\"tr\",\"potentialAction\":[{\"@type\":\"ReadAction\",\"target\":[\"https:\\\/\\\/naturalpoland.com\\\/tr\\\/urunler\\\/kozmetik-hammaddeleri\\\/kozmetik-hammaddeleri-2\\\/askorbil-glukozit\\\/\"]}]},{\"@type\":\"ImageObject\",\"inLanguage\":\"tr\",\"@id\":\"https:\\\/\\\/naturalpoland.com\\\/tr\\\/urunler\\\/kozmetik-hammaddeleri\\\/kozmetik-hammaddeleri-2\\\/askorbil-glukozit\\\/#primaryimage\",\"url\":\"https:\\\/\\\/naturalpoland.com\\\/wp-content\\\/uploads\\\/glukozyd-askorbylu.webp\",\"contentUrl\":\"https:\\\/\\\/naturalpoland.com\\\/wp-content\\\/uploads\\\/glukozyd-askorbylu.webp\",\"width\":1024,\"height\":1024,\"caption\":\"askorbil glukozit\"},{\"@type\":\"BreadcrumbList\",\"@id\":\"https:\\\/\\\/naturalpoland.com\\\/tr\\\/urunler\\\/kozmetik-hammaddeleri\\\/kozmetik-hammaddeleri-2\\\/askorbil-glukozit\\\/#breadcrumb\",\"itemListElement\":[{\"@type\":\"ListItem\",\"position\":1,\"name\":\"Ana Sayfa\",\"item\":\"https:\\\/\\\/naturalpoland.com\\\/tr\\\/\"},{\"@type\":\"ListItem\",\"position\":2,\"name\":\"\u00dcr\u00fcnler\",\"item\":\"https:\\\/\\\/naturalpoland.com\\\/tr\\\/urunler\\\/\"},{\"@type\":\"ListItem\",\"position\":3,\"name\":\"Askorbil glukozit\"}]},{\"@type\":\"WebSite\",\"@id\":\"https:\\\/\\\/naturalpoland.com\\\/tr\\\/#website\",\"url\":\"https:\\\/\\\/naturalpoland.com\\\/tr\\\/\",\"name\":\"NATURAL POLAND - Hurtowy Dystrybutor Surowc\u00f3w\",\"description\":\"Surowce dla przemys\u0142u spo\u017cywczego, kosmetycznego i farmaceutycznego\",\"publisher\":{\"@id\":\"https:\\\/\\\/naturalpoland.com\\\/tr\\\/#organization\"},\"potentialAction\":[{\"@type\":\"SearchAction\",\"target\":{\"@type\":\"EntryPoint\",\"urlTemplate\":\"https:\\\/\\\/naturalpoland.com\\\/tr\\\/?s={search_term_string}\"},\"query-input\":{\"@type\":\"PropertyValueSpecification\",\"valueRequired\":true,\"valueName\":\"search_term_string\"}}],\"inLanguage\":\"tr\"},{\"@type\":\"Organization\",\"@id\":\"https:\\\/\\\/naturalpoland.com\\\/tr\\\/#organization\",\"name\":\"Natural Poland\",\"url\":\"https:\\\/\\\/naturalpoland.com\\\/tr\\\/\",\"logo\":{\"@type\":\"ImageObject\",\"inLanguage\":\"tr\",\"@id\":\"https:\\\/\\\/naturalpoland.com\\\/tr\\\/#\\\/schema\\\/logo\\\/image\\\/\",\"url\":\"https:\\\/\\\/naturalpoland.com\\\/wp-content\\\/uploads\\\/2021\\\/05\\\/natural-poland-icon.png\",\"contentUrl\":\"https:\\\/\\\/naturalpoland.com\\\/wp-content\\\/uploads\\\/2021\\\/05\\\/natural-poland-icon.png\",\"width\":512,\"height\":512,\"caption\":\"Natural Poland\"},\"image\":{\"@id\":\"https:\\\/\\\/naturalpoland.com\\\/tr\\\/#\\\/schema\\\/logo\\\/image\\\/\"},\"sameAs\":[\"https:\\\/\\\/www.facebook.com\\\/naturalpoland.b2b\",\"https:\\\/\\\/pl.linkedin.com\\\/company\\\/natural-poland\",\"https:\\\/\\\/www.youtube.com\\\/channel\\\/UCgeGGkvOMahZo-xu_MSEWxg\"]}]}<\/script>\n<!-- \/ Yoast SEO plugin. -->","yoast_head_json":{"title":"Askorbil glukozit - Hurtowy Dystrybutor","description":"Askorbil glukozit - kozmetikler i\u00e7in stabil C vitamini t\u00fcrevi. Ayd\u0131nlat\u0131c\u0131, antioksidan ve ya\u015flanma kar\u015f\u0131t\u0131 hammadde. Kozmetik hammadde toptanc\u0131s\u0131.","robots":{"index":"index","follow":"follow","max-snippet":"max-snippet:-1","max-image-preview":"max-image-preview:large","max-video-preview":"max-video-preview:-1"},"canonical":"https:\/\/naturalpoland.com\/tr\/urunler\/kozmetik-hammaddeleri\/kozmetik-hammaddeleri-2\/askorbil-glukozit\/","og_locale":"tr_TR","og_type":"article","og_title":"Askorbil glukozit - Hurtowy Dystrybutor","og_description":"Askorbil glukozit - kozmetikler i\u00e7in stabil C vitamini t\u00fcrevi. Ayd\u0131nlat\u0131c\u0131, antioksidan ve ya\u015flanma kar\u015f\u0131t\u0131 hammadde. Kozmetik hammadde toptanc\u0131s\u0131.","og_url":"https:\/\/naturalpoland.com\/tr\/urunler\/kozmetik-hammaddeleri\/kozmetik-hammaddeleri-2\/askorbil-glukozit\/","og_site_name":"NATURAL POLAND - Hurtowy Dystrybutor Surowc\u00f3w","article_publisher":"https:\/\/www.facebook.com\/naturalpoland.b2b","article_modified_time":"2026-01-13T10:43:01+00:00","og_image":[{"width":1024,"height":1024,"url":"https:\/\/naturalpoland.com\/wp-content\/uploads\/glukozyd-askorbylu.webp","type":"image\/webp"}],"schema":{"@context":"https:\/\/schema.org","@graph":[{"@type":"WebPage","@id":"https:\/\/naturalpoland.com\/tr\/urunler\/kozmetik-hammaddeleri\/kozmetik-hammaddeleri-2\/askorbil-glukozit\/","url":"https:\/\/naturalpoland.com\/tr\/urunler\/kozmetik-hammaddeleri\/kozmetik-hammaddeleri-2\/askorbil-glukozit\/","name":"Askorbil glukozit - Hurtowy Dystrybutor","isPartOf":{"@id":"https:\/\/naturalpoland.com\/tr\/#website"},"primaryImageOfPage":{"@id":"https:\/\/naturalpoland.com\/tr\/urunler\/kozmetik-hammaddeleri\/kozmetik-hammaddeleri-2\/askorbil-glukozit\/#primaryimage"},"image":{"@id":"https:\/\/naturalpoland.com\/tr\/urunler\/kozmetik-hammaddeleri\/kozmetik-hammaddeleri-2\/askorbil-glukozit\/#primaryimage"},"thumbnailUrl":"https:\/\/naturalpoland.com\/wp-content\/uploads\/glukozyd-askorbylu.webp","datePublished":"2025-12-22T13:54:00+00:00","dateModified":"2026-01-13T10:43:01+00:00","description":"Askorbil glukozit - kozmetikler i\u00e7in stabil C vitamini t\u00fcrevi. Ayd\u0131nlat\u0131c\u0131, antioksidan ve ya\u015flanma kar\u015f\u0131t\u0131 hammadde. Kozmetik hammadde toptanc\u0131s\u0131.","breadcrumb":{"@id":"https:\/\/naturalpoland.com\/tr\/urunler\/kozmetik-hammaddeleri\/kozmetik-hammaddeleri-2\/askorbil-glukozit\/#breadcrumb"},"inLanguage":"tr","potentialAction":[{"@type":"ReadAction","target":["https:\/\/naturalpoland.com\/tr\/urunler\/kozmetik-hammaddeleri\/kozmetik-hammaddeleri-2\/askorbil-glukozit\/"]}]},{"@type":"ImageObject","inLanguage":"tr","@id":"https:\/\/naturalpoland.com\/tr\/urunler\/kozmetik-hammaddeleri\/kozmetik-hammaddeleri-2\/askorbil-glukozit\/#primaryimage","url":"https:\/\/naturalpoland.com\/wp-content\/uploads\/glukozyd-askorbylu.webp","contentUrl":"https:\/\/naturalpoland.com\/wp-content\/uploads\/glukozyd-askorbylu.webp","width":1024,"height":1024,"caption":"askorbil glukozit"},{"@type":"BreadcrumbList","@id":"https:\/\/naturalpoland.com\/tr\/urunler\/kozmetik-hammaddeleri\/kozmetik-hammaddeleri-2\/askorbil-glukozit\/#breadcrumb","itemListElement":[{"@type":"ListItem","position":1,"name":"Ana Sayfa","item":"https:\/\/naturalpoland.com\/tr\/"},{"@type":"ListItem","position":2,"name":"\u00dcr\u00fcnler","item":"https:\/\/naturalpoland.com\/tr\/urunler\/"},{"@type":"ListItem","position":3,"name":"Askorbil glukozit"}]},{"@type":"WebSite","@id":"https:\/\/naturalpoland.com\/tr\/#website","url":"https:\/\/naturalpoland.com\/tr\/","name":"NATURAL POLAND - Hurtowy Dystrybutor Surowc\u00f3w","description":"Surowce dla przemys\u0142u spo\u017cywczego, kosmetycznego i farmaceutycznego","publisher":{"@id":"https:\/\/naturalpoland.com\/tr\/#organization"},"potentialAction":[{"@type":"SearchAction","target":{"@type":"EntryPoint","urlTemplate":"https:\/\/naturalpoland.com\/tr\/?s={search_term_string}"},"query-input":{"@type":"PropertyValueSpecification","valueRequired":true,"valueName":"search_term_string"}}],"inLanguage":"tr"},{"@type":"Organization","@id":"https:\/\/naturalpoland.com\/tr\/#organization","name":"Natural Poland","url":"https:\/\/naturalpoland.com\/tr\/","logo":{"@type":"ImageObject","inLanguage":"tr","@id":"https:\/\/naturalpoland.com\/tr\/#\/schema\/logo\/image\/","url":"https:\/\/naturalpoland.com\/wp-content\/uploads\/2021\/05\/natural-poland-icon.png","contentUrl":"https:\/\/naturalpoland.com\/wp-content\/uploads\/2021\/05\/natural-poland-icon.png","width":512,"height":512,"caption":"Natural Poland"},"image":{"@id":"https:\/\/naturalpoland.com\/tr\/#\/schema\/logo\/image\/"},"sameAs":["https:\/\/www.facebook.com\/naturalpoland.b2b","https:\/\/pl.linkedin.com\/company\/natural-poland","https:\/\/www.youtube.com\/channel\/UCgeGGkvOMahZo-xu_MSEWxg"]}]}},"_links":{"self":[{"href":"https:\/\/naturalpoland.com\/tr\/wp-json\/wp\/v2\/product\/44823","targetHints":{"allow":["GET"]}}],"collection":[{"href":"https:\/\/naturalpoland.com\/tr\/wp-json\/wp\/v2\/product"}],"about":[{"href":"https:\/\/naturalpoland.com\/tr\/wp-json\/wp\/v2\/types\/product"}],"wp:featuredmedia":[{"embeddable":true,"href":"https:\/\/naturalpoland.com\/tr\/wp-json\/wp\/v2\/media\/44826"}],"wp:attachment":[{"href":"https:\/\/naturalpoland.com\/tr\/wp-json\/wp\/v2\/media?parent=44823"}],"wp:term":[{"taxonomy":"product_brand","embeddable":true,"href":"https:\/\/naturalpoland.com\/tr\/wp-json\/wp\/v2\/product_brand?post=44823"},{"taxonomy":"product_cat","embeddable":true,"href":"https:\/\/naturalpoland.com\/tr\/wp-json\/wp\/v2\/product_cat?post=44823"},{"taxonomy":"product_tag","embeddable":true,"href":"https:\/\/naturalpoland.com\/tr\/wp-json\/wp\/v2\/product_tag?post=44823"}],"curies":[{"name":"wp","href":"https:\/\/api.w.org\/{rel}","templated":true}]}}