{"id":44914,"date":"2021-05-21T13:04:11","date_gmt":"2021-05-21T11:04:11","guid":{"rendered":"https:\/\/naturalpoland.com\/produkty\/kategorilenmemis\/sacha-inchi-yagi\/"},"modified":"2026-01-13T13:11:37","modified_gmt":"2026-01-13T12:11:37","slug":"sacha-inchi-yagi","status":"publish","type":"product","link":"https:\/\/naturalpoland.com\/tr\/urunler\/kozmetik-hammaddeleri\/kozmetik-yaglari\/sacha-inchi-yagi\/","title":{"rendered":"Sacha Inchi Ya\u011f\u0131"},"content":{"rendered":"<p>Sacha inchi ya\u011f\u0131n\u0131n olumlu \u00f6zellikleri nesiller boyu bilinmektedir. Her t\u00fcrl\u00fc cilt tipinin bak\u0131m\u0131 i\u00e7in uygundur. M\u00fckemmel yenileyici ve besleyici \u00f6zelliklere sahiptir &#8211; k\u0131r\u0131\u015f\u0131kl\u0131klar\u0131 \u00f6nler. Kuru ve hasarl\u0131 ciltle m\u00fckemmel ba\u015fa \u00e7\u0131kar. Sadece cilt bak\u0131m\u0131 i\u00e7in de\u011fil, ayn\u0131 zamanda sa\u00e7 ve t\u0131rnak bak\u0131m\u0131 i\u00e7in de uygundur. D\u00fczenli kullan\u0131mda birka\u00e7 hafta sonra \u00e7\u0131plak g\u00f6zle g\u00f6r\u00fclebilir etkiler verir.     <\/p>\n<h3>Ya\u011f Asidi Profili:<\/h3>\n<table>\n<tbody>\n<tr>\n<td><strong>YA\u011e AS\u0130D\u0130<\/strong><\/td>\n<td><strong>BA\u011e<\/strong><\/td>\n<td><strong>NORM (%)<\/strong><\/td>\n<\/tr>\n<tr>\n<td>Palmitik asit<\/td>\n<td>C16:0<\/td>\n<td>3,00-8,00<\/td>\n<\/tr>\n<tr>\n<td>Stearik asit<\/td>\n<td>C18:0<\/td>\n<td>2,00-4,00<\/td>\n<\/tr>\n<tr>\n<td>Oleik asit<\/td>\n<td>C18:1 (n-9)<\/td>\n<td>6,00-12,00<\/td>\n<\/tr>\n<tr>\n<td>Linoleik asit<\/td>\n<td>C18:2 (n-6)<\/td>\n<td>31,00-40,00<\/td>\n<\/tr>\n<tr>\n<td>Alfa-linolenik asit<\/td>\n<td>C18:3 (n-3)<\/td>\n<td>42,00-58,00<\/td>\n<\/tr>\n<\/tbody>\n<\/table>\n","protected":false},"excerpt":{"rendered":"<p>Organik Sacha Inchi ya\u011f\u0131 tamamen do\u011fal, so\u011fuk s\u0131k\u0131m, rafine edilmemi\u015f bir \u00fcr\u00fcnd\u00fcr. Elde edildi\u011fi f\u0131nd\u0131klar G\u00fcney Amerika&#8217;da Peru ve Bolivya topraklar\u0131ndaki ormanlarda do\u011fal olarak yeti\u015fir. Bu bitkisel ya\u011f farmas\u00f6tik ve kozmetik end\u00fcstrisinde kullan\u0131m i\u00e7in uygundur.  <\/p>\n<p>\u00dcr\u00fcn\u00fcn tam karakteristik kart\u0131n\u0131 ve teknik spesifikasyonunu almak i\u00e7in ileti\u015fime ge\u00e7iniz:<\/p>\n","protected":false},"featured_media":44919,"template":"","meta":[],"product_brand":[],"product_cat":[9551,9532],"product_tag":[],"class_list":{"0":"post-44914","1":"product","2":"type-product","3":"status-publish","4":"has-post-thumbnail","6":"product_cat-kozmetik-yaglari","7":"product_cat-gida-ve-kozmetik-yaglari","8":"pa_czesc-rosliny-tohumlar","9":"pa_metoda-pozyskiwania-soguk-pres","11":"first","12":"instock","13":"shipping-taxable","14":"product-type-simple"},"yoast_head":"<!-- This site is optimized with the Yoast SEO plugin v27.4 - https:\/\/yoast.com\/product\/yoast-seo-wordpress\/ -->\n<title>Sacha Inchi Ya\u011f\u0131 - Hurtowy Dystrybutor<\/title>\n<meta name=\"robots\" content=\"index, follow, max-snippet:-1, max-image-preview:large, max-video-preview:-1\" \/>\n<link rel=\"canonical\" href=\"https:\/\/naturalpoland.com\/tr\/urunler\/kozmetik-hammaddeleri\/kozmetik-yaglari\/sacha-inchi-yagi\/\" \/>\n<meta property=\"og:locale\" content=\"tr_TR\" \/>\n<meta property=\"og:type\" content=\"article\" \/>\n<meta property=\"og:title\" content=\"Sacha Inchi Ya\u011f\u0131 - Hurtowy Dystrybutor\" \/>\n<meta property=\"og:description\" content=\"Organik Sacha Inchi ya\u011f\u0131 tamamen do\u011fal, so\u011fuk s\u0131k\u0131m, rafine edilmemi\u015f bir \u00fcr\u00fcnd\u00fcr. Elde edildi\u011fi f\u0131nd\u0131klar G\u00fcney Amerika&#039;da Peru ve Bolivya topraklar\u0131ndaki ormanlarda do\u011fal olarak yeti\u015fir. Bu bitkisel ya\u011f farmas\u00f6tik ve kozmetik end\u00fcstrisinde kullan\u0131m i\u00e7in uygundur.  \u00dcr\u00fcn\u00fcn tam karakteristik kart\u0131n\u0131 ve teknik spesifikasyonunu almak i\u00e7in ileti\u015fime ge\u00e7iniz:\" \/>\n<meta property=\"og:url\" content=\"https:\/\/naturalpoland.com\/tr\/urunler\/kozmetik-hammaddeleri\/kozmetik-yaglari\/sacha-inchi-yagi\/\" \/>\n<meta property=\"og:site_name\" content=\"NATURAL POLAND - Hurtowy Dystrybutor Surowc\u00f3w\" \/>\n<meta property=\"article:publisher\" content=\"https:\/\/www.facebook.com\/naturalpoland.b2b\" \/>\n<meta property=\"article:modified_time\" content=\"2026-01-13T12:11:37+00:00\" \/>\n<meta property=\"og:image\" content=\"https:\/\/naturalpoland.com\/wp-content\/uploads\/olej-sacha-inchi.jpg\" \/>\n\t<meta property=\"og:image:width\" content=\"600\" \/>\n\t<meta property=\"og:image:height\" content=\"600\" \/>\n\t<meta property=\"og:image:type\" content=\"image\/jpeg\" \/>\n<script type=\"application\/ld+json\" class=\"yoast-schema-graph\">{\"@context\":\"https:\\\/\\\/schema.org\",\"@graph\":[{\"@type\":\"WebPage\",\"@id\":\"https:\\\/\\\/naturalpoland.com\\\/tr\\\/urunler\\\/kozmetik-hammaddeleri\\\/kozmetik-yaglari\\\/sacha-inchi-yagi\\\/\",\"url\":\"https:\\\/\\\/naturalpoland.com\\\/tr\\\/urunler\\\/kozmetik-hammaddeleri\\\/kozmetik-yaglari\\\/sacha-inchi-yagi\\\/\",\"name\":\"Sacha Inchi Ya\u011f\u0131 - Hurtowy Dystrybutor\",\"isPartOf\":{\"@id\":\"https:\\\/\\\/naturalpoland.com\\\/tr\\\/#website\"},\"primaryImageOfPage\":{\"@id\":\"https:\\\/\\\/naturalpoland.com\\\/tr\\\/urunler\\\/kozmetik-hammaddeleri\\\/kozmetik-yaglari\\\/sacha-inchi-yagi\\\/#primaryimage\"},\"image\":{\"@id\":\"https:\\\/\\\/naturalpoland.com\\\/tr\\\/urunler\\\/kozmetik-hammaddeleri\\\/kozmetik-yaglari\\\/sacha-inchi-yagi\\\/#primaryimage\"},\"thumbnailUrl\":\"https:\\\/\\\/naturalpoland.com\\\/wp-content\\\/uploads\\\/olej-sacha-inchi.jpg\",\"datePublished\":\"2021-05-21T11:04:11+00:00\",\"dateModified\":\"2026-01-13T12:11:37+00:00\",\"breadcrumb\":{\"@id\":\"https:\\\/\\\/naturalpoland.com\\\/tr\\\/urunler\\\/kozmetik-hammaddeleri\\\/kozmetik-yaglari\\\/sacha-inchi-yagi\\\/#breadcrumb\"},\"inLanguage\":\"tr\",\"potentialAction\":[{\"@type\":\"ReadAction\",\"target\":[\"https:\\\/\\\/naturalpoland.com\\\/tr\\\/urunler\\\/kozmetik-hammaddeleri\\\/kozmetik-yaglari\\\/sacha-inchi-yagi\\\/\"]}]},{\"@type\":\"ImageObject\",\"inLanguage\":\"tr\",\"@id\":\"https:\\\/\\\/naturalpoland.com\\\/tr\\\/urunler\\\/kozmetik-hammaddeleri\\\/kozmetik-yaglari\\\/sacha-inchi-yagi\\\/#primaryimage\",\"url\":\"https:\\\/\\\/naturalpoland.com\\\/wp-content\\\/uploads\\\/olej-sacha-inchi.jpg\",\"contentUrl\":\"https:\\\/\\\/naturalpoland.com\\\/wp-content\\\/uploads\\\/olej-sacha-inchi.jpg\",\"width\":600,\"height\":600,\"caption\":\"sacha inchi ya\u011f\u0131\"},{\"@type\":\"BreadcrumbList\",\"@id\":\"https:\\\/\\\/naturalpoland.com\\\/tr\\\/urunler\\\/kozmetik-hammaddeleri\\\/kozmetik-yaglari\\\/sacha-inchi-yagi\\\/#breadcrumb\",\"itemListElement\":[{\"@type\":\"ListItem\",\"position\":1,\"name\":\"Ana Sayfa\",\"item\":\"https:\\\/\\\/naturalpoland.com\\\/tr\\\/\"},{\"@type\":\"ListItem\",\"position\":2,\"name\":\"\u00dcr\u00fcnler\",\"item\":\"https:\\\/\\\/naturalpoland.com\\\/tr\\\/urunler\\\/\"},{\"@type\":\"ListItem\",\"position\":3,\"name\":\"Sacha Inchi Ya\u011f\u0131\"}]},{\"@type\":\"WebSite\",\"@id\":\"https:\\\/\\\/naturalpoland.com\\\/tr\\\/#website\",\"url\":\"https:\\\/\\\/naturalpoland.com\\\/tr\\\/\",\"name\":\"NATURAL POLAND - Hurtowy Dystrybutor Surowc\u00f3w\",\"description\":\"Surowce dla przemys\u0142u spo\u017cywczego, kosmetycznego i farmaceutycznego\",\"publisher\":{\"@id\":\"https:\\\/\\\/naturalpoland.com\\\/tr\\\/#organization\"},\"potentialAction\":[{\"@type\":\"SearchAction\",\"target\":{\"@type\":\"EntryPoint\",\"urlTemplate\":\"https:\\\/\\\/naturalpoland.com\\\/tr\\\/?s={search_term_string}\"},\"query-input\":{\"@type\":\"PropertyValueSpecification\",\"valueRequired\":true,\"valueName\":\"search_term_string\"}}],\"inLanguage\":\"tr\"},{\"@type\":\"Organization\",\"@id\":\"https:\\\/\\\/naturalpoland.com\\\/tr\\\/#organization\",\"name\":\"Natural Poland\",\"url\":\"https:\\\/\\\/naturalpoland.com\\\/tr\\\/\",\"logo\":{\"@type\":\"ImageObject\",\"inLanguage\":\"tr\",\"@id\":\"https:\\\/\\\/naturalpoland.com\\\/tr\\\/#\\\/schema\\\/logo\\\/image\\\/\",\"url\":\"https:\\\/\\\/naturalpoland.com\\\/wp-content\\\/uploads\\\/2021\\\/05\\\/natural-poland-icon.png\",\"contentUrl\":\"https:\\\/\\\/naturalpoland.com\\\/wp-content\\\/uploads\\\/2021\\\/05\\\/natural-poland-icon.png\",\"width\":512,\"height\":512,\"caption\":\"Natural Poland\"},\"image\":{\"@id\":\"https:\\\/\\\/naturalpoland.com\\\/tr\\\/#\\\/schema\\\/logo\\\/image\\\/\"},\"sameAs\":[\"https:\\\/\\\/www.facebook.com\\\/naturalpoland.b2b\",\"https:\\\/\\\/pl.linkedin.com\\\/company\\\/natural-poland\",\"https:\\\/\\\/www.youtube.com\\\/channel\\\/UCgeGGkvOMahZo-xu_MSEWxg\"]}]}<\/script>\n<!-- \/ Yoast SEO plugin. -->","yoast_head_json":{"title":"Sacha Inchi Ya\u011f\u0131 - Hurtowy Dystrybutor","robots":{"index":"index","follow":"follow","max-snippet":"max-snippet:-1","max-image-preview":"max-image-preview:large","max-video-preview":"max-video-preview:-1"},"canonical":"https:\/\/naturalpoland.com\/tr\/urunler\/kozmetik-hammaddeleri\/kozmetik-yaglari\/sacha-inchi-yagi\/","og_locale":"tr_TR","og_type":"article","og_title":"Sacha Inchi Ya\u011f\u0131 - Hurtowy Dystrybutor","og_description":"Organik Sacha Inchi ya\u011f\u0131 tamamen do\u011fal, so\u011fuk s\u0131k\u0131m, rafine edilmemi\u015f bir \u00fcr\u00fcnd\u00fcr. Elde edildi\u011fi f\u0131nd\u0131klar G\u00fcney Amerika'da Peru ve Bolivya topraklar\u0131ndaki ormanlarda do\u011fal olarak yeti\u015fir. Bu bitkisel ya\u011f farmas\u00f6tik ve kozmetik end\u00fcstrisinde kullan\u0131m i\u00e7in uygundur.  \u00dcr\u00fcn\u00fcn tam karakteristik kart\u0131n\u0131 ve teknik spesifikasyonunu almak i\u00e7in ileti\u015fime ge\u00e7iniz:","og_url":"https:\/\/naturalpoland.com\/tr\/urunler\/kozmetik-hammaddeleri\/kozmetik-yaglari\/sacha-inchi-yagi\/","og_site_name":"NATURAL POLAND - Hurtowy Dystrybutor Surowc\u00f3w","article_publisher":"https:\/\/www.facebook.com\/naturalpoland.b2b","article_modified_time":"2026-01-13T12:11:37+00:00","og_image":[{"width":600,"height":600,"url":"https:\/\/naturalpoland.com\/wp-content\/uploads\/olej-sacha-inchi.jpg","type":"image\/jpeg"}],"schema":{"@context":"https:\/\/schema.org","@graph":[{"@type":"WebPage","@id":"https:\/\/naturalpoland.com\/tr\/urunler\/kozmetik-hammaddeleri\/kozmetik-yaglari\/sacha-inchi-yagi\/","url":"https:\/\/naturalpoland.com\/tr\/urunler\/kozmetik-hammaddeleri\/kozmetik-yaglari\/sacha-inchi-yagi\/","name":"Sacha Inchi Ya\u011f\u0131 - Hurtowy Dystrybutor","isPartOf":{"@id":"https:\/\/naturalpoland.com\/tr\/#website"},"primaryImageOfPage":{"@id":"https:\/\/naturalpoland.com\/tr\/urunler\/kozmetik-hammaddeleri\/kozmetik-yaglari\/sacha-inchi-yagi\/#primaryimage"},"image":{"@id":"https:\/\/naturalpoland.com\/tr\/urunler\/kozmetik-hammaddeleri\/kozmetik-yaglari\/sacha-inchi-yagi\/#primaryimage"},"thumbnailUrl":"https:\/\/naturalpoland.com\/wp-content\/uploads\/olej-sacha-inchi.jpg","datePublished":"2021-05-21T11:04:11+00:00","dateModified":"2026-01-13T12:11:37+00:00","breadcrumb":{"@id":"https:\/\/naturalpoland.com\/tr\/urunler\/kozmetik-hammaddeleri\/kozmetik-yaglari\/sacha-inchi-yagi\/#breadcrumb"},"inLanguage":"tr","potentialAction":[{"@type":"ReadAction","target":["https:\/\/naturalpoland.com\/tr\/urunler\/kozmetik-hammaddeleri\/kozmetik-yaglari\/sacha-inchi-yagi\/"]}]},{"@type":"ImageObject","inLanguage":"tr","@id":"https:\/\/naturalpoland.com\/tr\/urunler\/kozmetik-hammaddeleri\/kozmetik-yaglari\/sacha-inchi-yagi\/#primaryimage","url":"https:\/\/naturalpoland.com\/wp-content\/uploads\/olej-sacha-inchi.jpg","contentUrl":"https:\/\/naturalpoland.com\/wp-content\/uploads\/olej-sacha-inchi.jpg","width":600,"height":600,"caption":"sacha inchi ya\u011f\u0131"},{"@type":"BreadcrumbList","@id":"https:\/\/naturalpoland.com\/tr\/urunler\/kozmetik-hammaddeleri\/kozmetik-yaglari\/sacha-inchi-yagi\/#breadcrumb","itemListElement":[{"@type":"ListItem","position":1,"name":"Ana Sayfa","item":"https:\/\/naturalpoland.com\/tr\/"},{"@type":"ListItem","position":2,"name":"\u00dcr\u00fcnler","item":"https:\/\/naturalpoland.com\/tr\/urunler\/"},{"@type":"ListItem","position":3,"name":"Sacha Inchi Ya\u011f\u0131"}]},{"@type":"WebSite","@id":"https:\/\/naturalpoland.com\/tr\/#website","url":"https:\/\/naturalpoland.com\/tr\/","name":"NATURAL POLAND - Hurtowy Dystrybutor Surowc\u00f3w","description":"Surowce dla przemys\u0142u spo\u017cywczego, kosmetycznego i farmaceutycznego","publisher":{"@id":"https:\/\/naturalpoland.com\/tr\/#organization"},"potentialAction":[{"@type":"SearchAction","target":{"@type":"EntryPoint","urlTemplate":"https:\/\/naturalpoland.com\/tr\/?s={search_term_string}"},"query-input":{"@type":"PropertyValueSpecification","valueRequired":true,"valueName":"search_term_string"}}],"inLanguage":"tr"},{"@type":"Organization","@id":"https:\/\/naturalpoland.com\/tr\/#organization","name":"Natural Poland","url":"https:\/\/naturalpoland.com\/tr\/","logo":{"@type":"ImageObject","inLanguage":"tr","@id":"https:\/\/naturalpoland.com\/tr\/#\/schema\/logo\/image\/","url":"https:\/\/naturalpoland.com\/wp-content\/uploads\/2021\/05\/natural-poland-icon.png","contentUrl":"https:\/\/naturalpoland.com\/wp-content\/uploads\/2021\/05\/natural-poland-icon.png","width":512,"height":512,"caption":"Natural Poland"},"image":{"@id":"https:\/\/naturalpoland.com\/tr\/#\/schema\/logo\/image\/"},"sameAs":["https:\/\/www.facebook.com\/naturalpoland.b2b","https:\/\/pl.linkedin.com\/company\/natural-poland","https:\/\/www.youtube.com\/channel\/UCgeGGkvOMahZo-xu_MSEWxg"]}]}},"_links":{"self":[{"href":"https:\/\/naturalpoland.com\/tr\/wp-json\/wp\/v2\/product\/44914","targetHints":{"allow":["GET"]}}],"collection":[{"href":"https:\/\/naturalpoland.com\/tr\/wp-json\/wp\/v2\/product"}],"about":[{"href":"https:\/\/naturalpoland.com\/tr\/wp-json\/wp\/v2\/types\/product"}],"wp:featuredmedia":[{"embeddable":true,"href":"https:\/\/naturalpoland.com\/tr\/wp-json\/wp\/v2\/media\/44919"}],"wp:attachment":[{"href":"https:\/\/naturalpoland.com\/tr\/wp-json\/wp\/v2\/media?parent=44914"}],"wp:term":[{"taxonomy":"product_brand","embeddable":true,"href":"https:\/\/naturalpoland.com\/tr\/wp-json\/wp\/v2\/product_brand?post=44914"},{"taxonomy":"product_cat","embeddable":true,"href":"https:\/\/naturalpoland.com\/tr\/wp-json\/wp\/v2\/product_cat?post=44914"},{"taxonomy":"product_tag","embeddable":true,"href":"https:\/\/naturalpoland.com\/tr\/wp-json\/wp\/v2\/product_tag?post=44914"}],"curies":[{"name":"wp","href":"https:\/\/api.w.org\/{rel}","templated":true}]}}