{"id":44917,"date":"2021-05-11T13:58:32","date_gmt":"2021-05-11T11:58:32","guid":{"rendered":"https:\/\/naturalpoland.com\/produkty\/kategorilenmemis\/soya-mumu\/"},"modified":"2026-02-23T12:30:05","modified_gmt":"2026-02-23T11:30:05","slug":"soya-mumu","status":"publish","type":"product","link":"https:\/\/naturalpoland.com\/tr\/urunler\/mumlar\/soya-mumu\/","title":{"rendered":"Soya mumu"},"content":{"rendered":"<h2>Soya Mumu \u00d6zellikleri<\/h2>\n<p>Soya mumu a\u00e7\u0131k renkli, mumsu pullar halinde bulunur. \u00dcr\u00fcn karakteristik, hafif bir kokuya ve a\u00e7\u0131k renge sahiptir (Lovibond maks. 3). Renkli ve kokulu mum \u00fcretimi i\u00e7in uygundur. 42\u201360\u00b0C aral\u0131\u011f\u0131ndaki erime noktas\u0131, oda s\u0131cakl\u0131\u011f\u0131nda iyi stabilite sa\u011flarken ayn\u0131 zamanda d\u00fczenli ve kontroll\u00fc yanma sunar.   <\/p>\n<h2>Soya Mumu \u00d6zellikleri<\/h2>\n<p>Soya mumu her \u015feyden \u00f6nce <strong>parafin alternatifi<\/strong> ve balmumu i\u00e7in do\u011fal bir se\u00e7enektir. Bitkisel k\u00f6kenli olmas\u0131 sayesinde vegan ve vejetaryenlere y\u00f6nelik \u00fcr\u00fcnler i\u00e7in uygundur. <\/p>\n<p>Mum yanarken soya mumu nispeten d\u00fc\u015f\u00fck s\u0131cakl\u0131kta erir, d\u00fcz bir y\u00fczey olu\u015fturur ve a\u015f\u0131r\u0131 duman olu\u015fumunu s\u0131n\u0131rlar. Mumun lipid yap\u0131s\u0131, eritildi\u011finde dokunu\u015fu ho\u015f, yumu\u015fak bir k\u0131vam olu\u015fturmas\u0131n\u0131 sa\u011flar. Bu nedenle masaj mumlar\u0131nda kullan\u0131labilir \u2013 eritildikten sonra <strong>do\u011frudan cilde uygulanabilir<\/strong>, nemlendirici ve yumu\u015fat\u0131c\u0131 etki sa\u011flar. Soya mumu <strong>emolient etki g\u00f6sterir<\/strong>, transepidermal su kayb\u0131n\u0131 azalt\u0131r ve cilt konforunu art\u0131r\u0131r.   <\/p>\n<p>Soya mumu <a href=\"https:\/\/naturalpoland.com\/tr\/kategori\/kozmetik-hammaddeleri\/ucucu-yaglar\/\">u\u00e7ucu ya\u011flar<\/a> ve koku kompozisyonlar\u0131 ile uyumludur. Yo\u011fun, uzun \u00f6m\u00fcrl\u00fc aromaya sahip mumlar olu\u015fturmaya olanak tan\u0131r. S\u0131cakl\u0131k stabilitesi ve homojen yap\u0131s\u0131, \u00fcretim s\u00fcrecinde \u00f6ng\u00f6r\u00fclebilir bir hammadde olmas\u0131n\u0131 sa\u011flar.  <\/p>\n<h2>Soya Mumu Kullan\u0131m Alanlar\u0131<\/h2>\n<p>Soya mumu geni\u015f kullan\u0131m alan\u0131na sahiptir:<\/p>\n<ul>\n<li>ekolojik ve kokulu mum \u00fcretimi,<\/li>\n<li>aromaterapi mumlar\u0131,<\/li>\n<li>masaj mumlar\u0131,<\/li>\n<li>melts tipi kokulu mumlar,<\/li>\n<li>do\u011fal kozmetikler (kat\u0131 balsam, v\u00fccut ya\u011flar\u0131),<\/li>\n<li>DIY \u00fcr\u00fcnleri ve el sanatlar\u0131.<\/li>\n<\/ul>\n<p>Spesifikasyonda onaylanan kalite parametreleri ve erime noktas\u0131 kontrol\u00fc sayesinde hammadde, tekrarlanabilirlik ve \u00fcretim partilerinin stabilitesini gerektiren uygulamalar i\u00e7in uygundur.<\/p>\n","protected":false},"excerpt":{"rendered":"<p>Pul halinde <strong>soya mumu<\/strong>, hidrojenize soya ya\u011f\u0131ndan elde edilen, mum uygulamalar\u0131 ve se\u00e7ilmi\u015f kozmetik form\u00fclasyonlarda kullan\u0131m i\u00e7in bitkisel mumdur.<\/p>\n","protected":false},"featured_media":46148,"template":"","meta":{"_acf_changed":false},"product_brand":[],"product_cat":[9573],"product_tag":[],"class_list":{"0":"post-44917","1":"product","2":"type-product","3":"status-publish","4":"has-post-thumbnail","6":"product_cat-mumlar","8":"first","9":"instock","10":"shipping-taxable","11":"product-type-simple"},"acf":[],"yoast_head":"<!-- This site is optimized with the Yoast SEO plugin v27.4 - https:\/\/yoast.com\/product\/yoast-seo-wordpress\/ -->\n<title>Soya mumu - Hurtowy Dystrybutor<\/title>\n<meta name=\"description\" content=\"Pul halinde soya mumu \u2013 kokulu mumlar, aromaterapi ve masaj mumlar\u0131 i\u00e7in do\u011fal hammadde. Parafin ve balmumu i\u00e7in bitkisel alternatif.\" \/>\n<meta name=\"robots\" content=\"index, follow, max-snippet:-1, max-image-preview:large, max-video-preview:-1\" \/>\n<link rel=\"canonical\" href=\"https:\/\/naturalpoland.com\/tr\/urunler\/mumlar\/soya-mumu\/\" \/>\n<meta property=\"og:locale\" content=\"tr_TR\" \/>\n<meta property=\"og:type\" content=\"article\" \/>\n<meta property=\"og:title\" content=\"Soya mumu - Hurtowy Dystrybutor\" \/>\n<meta property=\"og:description\" content=\"Pul halinde soya mumu \u2013 kokulu mumlar, aromaterapi ve masaj mumlar\u0131 i\u00e7in do\u011fal hammadde. Parafin ve balmumu i\u00e7in bitkisel alternatif.\" \/>\n<meta property=\"og:url\" content=\"https:\/\/naturalpoland.com\/tr\/urunler\/mumlar\/soya-mumu\/\" \/>\n<meta property=\"og:site_name\" content=\"NATURAL POLAND - Hurtowy Dystrybutor Surowc\u00f3w\" \/>\n<meta property=\"article:publisher\" content=\"https:\/\/www.facebook.com\/naturalpoland.b2b\" \/>\n<meta property=\"article:modified_time\" content=\"2026-02-23T11:30:05+00:00\" \/>\n<meta property=\"og:image\" content=\"https:\/\/naturalpoland.com\/wp-content\/uploads\/wosk-sojowy.webp\" \/>\n\t<meta property=\"og:image:width\" content=\"1024\" \/>\n\t<meta property=\"og:image:height\" content=\"1024\" \/>\n\t<meta property=\"og:image:type\" content=\"image\/webp\" \/>\n<script type=\"application\/ld+json\" class=\"yoast-schema-graph\">{\"@context\":\"https:\\\/\\\/schema.org\",\"@graph\":[{\"@type\":\"WebPage\",\"@id\":\"https:\\\/\\\/naturalpoland.com\\\/tr\\\/urunler\\\/mumlar\\\/soya-mumu\\\/\",\"url\":\"https:\\\/\\\/naturalpoland.com\\\/tr\\\/urunler\\\/mumlar\\\/soya-mumu\\\/\",\"name\":\"Soya mumu - Hurtowy Dystrybutor\",\"isPartOf\":{\"@id\":\"https:\\\/\\\/naturalpoland.com\\\/tr\\\/#website\"},\"primaryImageOfPage\":{\"@id\":\"https:\\\/\\\/naturalpoland.com\\\/tr\\\/urunler\\\/mumlar\\\/soya-mumu\\\/#primaryimage\"},\"image\":{\"@id\":\"https:\\\/\\\/naturalpoland.com\\\/tr\\\/urunler\\\/mumlar\\\/soya-mumu\\\/#primaryimage\"},\"thumbnailUrl\":\"https:\\\/\\\/naturalpoland.com\\\/wp-content\\\/uploads\\\/wosk-sojowy.webp\",\"datePublished\":\"2021-05-11T11:58:32+00:00\",\"dateModified\":\"2026-02-23T11:30:05+00:00\",\"description\":\"Pul halinde soya mumu \u2013 kokulu mumlar, aromaterapi ve masaj mumlar\u0131 i\u00e7in do\u011fal hammadde. Parafin ve balmumu i\u00e7in bitkisel alternatif.\",\"breadcrumb\":{\"@id\":\"https:\\\/\\\/naturalpoland.com\\\/tr\\\/urunler\\\/mumlar\\\/soya-mumu\\\/#breadcrumb\"},\"inLanguage\":\"tr\",\"potentialAction\":[{\"@type\":\"ReadAction\",\"target\":[\"https:\\\/\\\/naturalpoland.com\\\/tr\\\/urunler\\\/mumlar\\\/soya-mumu\\\/\"]}]},{\"@type\":\"ImageObject\",\"inLanguage\":\"tr\",\"@id\":\"https:\\\/\\\/naturalpoland.com\\\/tr\\\/urunler\\\/mumlar\\\/soya-mumu\\\/#primaryimage\",\"url\":\"https:\\\/\\\/naturalpoland.com\\\/wp-content\\\/uploads\\\/wosk-sojowy.webp\",\"contentUrl\":\"https:\\\/\\\/naturalpoland.com\\\/wp-content\\\/uploads\\\/wosk-sojowy.webp\",\"width\":1024,\"height\":1024,\"caption\":\"pul halinde soya mumu\"},{\"@type\":\"BreadcrumbList\",\"@id\":\"https:\\\/\\\/naturalpoland.com\\\/tr\\\/urunler\\\/mumlar\\\/soya-mumu\\\/#breadcrumb\",\"itemListElement\":[{\"@type\":\"ListItem\",\"position\":1,\"name\":\"Ana Sayfa\",\"item\":\"https:\\\/\\\/naturalpoland.com\\\/tr\\\/\"},{\"@type\":\"ListItem\",\"position\":2,\"name\":\"\u00dcr\u00fcnler\",\"item\":\"https:\\\/\\\/naturalpoland.com\\\/tr\\\/urunler\\\/\"},{\"@type\":\"ListItem\",\"position\":3,\"name\":\"Soya mumu\"}]},{\"@type\":\"WebSite\",\"@id\":\"https:\\\/\\\/naturalpoland.com\\\/tr\\\/#website\",\"url\":\"https:\\\/\\\/naturalpoland.com\\\/tr\\\/\",\"name\":\"NATURAL POLAND - Hurtowy Dystrybutor Surowc\u00f3w\",\"description\":\"Surowce dla przemys\u0142u spo\u017cywczego, kosmetycznego i farmaceutycznego\",\"publisher\":{\"@id\":\"https:\\\/\\\/naturalpoland.com\\\/tr\\\/#organization\"},\"potentialAction\":[{\"@type\":\"SearchAction\",\"target\":{\"@type\":\"EntryPoint\",\"urlTemplate\":\"https:\\\/\\\/naturalpoland.com\\\/tr\\\/?s={search_term_string}\"},\"query-input\":{\"@type\":\"PropertyValueSpecification\",\"valueRequired\":true,\"valueName\":\"search_term_string\"}}],\"inLanguage\":\"tr\"},{\"@type\":\"Organization\",\"@id\":\"https:\\\/\\\/naturalpoland.com\\\/tr\\\/#organization\",\"name\":\"Natural Poland\",\"url\":\"https:\\\/\\\/naturalpoland.com\\\/tr\\\/\",\"logo\":{\"@type\":\"ImageObject\",\"inLanguage\":\"tr\",\"@id\":\"https:\\\/\\\/naturalpoland.com\\\/tr\\\/#\\\/schema\\\/logo\\\/image\\\/\",\"url\":\"https:\\\/\\\/naturalpoland.com\\\/wp-content\\\/uploads\\\/2021\\\/05\\\/natural-poland-icon.png\",\"contentUrl\":\"https:\\\/\\\/naturalpoland.com\\\/wp-content\\\/uploads\\\/2021\\\/05\\\/natural-poland-icon.png\",\"width\":512,\"height\":512,\"caption\":\"Natural Poland\"},\"image\":{\"@id\":\"https:\\\/\\\/naturalpoland.com\\\/tr\\\/#\\\/schema\\\/logo\\\/image\\\/\"},\"sameAs\":[\"https:\\\/\\\/www.facebook.com\\\/naturalpoland.b2b\",\"https:\\\/\\\/pl.linkedin.com\\\/company\\\/natural-poland\",\"https:\\\/\\\/www.youtube.com\\\/channel\\\/UCgeGGkvOMahZo-xu_MSEWxg\"]}]}<\/script>\n<!-- \/ Yoast SEO plugin. -->","yoast_head_json":{"title":"Soya mumu - Hurtowy Dystrybutor","description":"Pul halinde soya mumu \u2013 kokulu mumlar, aromaterapi ve masaj mumlar\u0131 i\u00e7in do\u011fal hammadde. Parafin ve balmumu i\u00e7in bitkisel alternatif.","robots":{"index":"index","follow":"follow","max-snippet":"max-snippet:-1","max-image-preview":"max-image-preview:large","max-video-preview":"max-video-preview:-1"},"canonical":"https:\/\/naturalpoland.com\/tr\/urunler\/mumlar\/soya-mumu\/","og_locale":"tr_TR","og_type":"article","og_title":"Soya mumu - Hurtowy Dystrybutor","og_description":"Pul halinde soya mumu \u2013 kokulu mumlar, aromaterapi ve masaj mumlar\u0131 i\u00e7in do\u011fal hammadde. Parafin ve balmumu i\u00e7in bitkisel alternatif.","og_url":"https:\/\/naturalpoland.com\/tr\/urunler\/mumlar\/soya-mumu\/","og_site_name":"NATURAL POLAND - Hurtowy Dystrybutor Surowc\u00f3w","article_publisher":"https:\/\/www.facebook.com\/naturalpoland.b2b","article_modified_time":"2026-02-23T11:30:05+00:00","og_image":[{"width":1024,"height":1024,"url":"https:\/\/naturalpoland.com\/wp-content\/uploads\/wosk-sojowy.webp","type":"image\/webp"}],"schema":{"@context":"https:\/\/schema.org","@graph":[{"@type":"WebPage","@id":"https:\/\/naturalpoland.com\/tr\/urunler\/mumlar\/soya-mumu\/","url":"https:\/\/naturalpoland.com\/tr\/urunler\/mumlar\/soya-mumu\/","name":"Soya mumu - Hurtowy Dystrybutor","isPartOf":{"@id":"https:\/\/naturalpoland.com\/tr\/#website"},"primaryImageOfPage":{"@id":"https:\/\/naturalpoland.com\/tr\/urunler\/mumlar\/soya-mumu\/#primaryimage"},"image":{"@id":"https:\/\/naturalpoland.com\/tr\/urunler\/mumlar\/soya-mumu\/#primaryimage"},"thumbnailUrl":"https:\/\/naturalpoland.com\/wp-content\/uploads\/wosk-sojowy.webp","datePublished":"2021-05-11T11:58:32+00:00","dateModified":"2026-02-23T11:30:05+00:00","description":"Pul halinde soya mumu \u2013 kokulu mumlar, aromaterapi ve masaj mumlar\u0131 i\u00e7in do\u011fal hammadde. Parafin ve balmumu i\u00e7in bitkisel alternatif.","breadcrumb":{"@id":"https:\/\/naturalpoland.com\/tr\/urunler\/mumlar\/soya-mumu\/#breadcrumb"},"inLanguage":"tr","potentialAction":[{"@type":"ReadAction","target":["https:\/\/naturalpoland.com\/tr\/urunler\/mumlar\/soya-mumu\/"]}]},{"@type":"ImageObject","inLanguage":"tr","@id":"https:\/\/naturalpoland.com\/tr\/urunler\/mumlar\/soya-mumu\/#primaryimage","url":"https:\/\/naturalpoland.com\/wp-content\/uploads\/wosk-sojowy.webp","contentUrl":"https:\/\/naturalpoland.com\/wp-content\/uploads\/wosk-sojowy.webp","width":1024,"height":1024,"caption":"pul halinde soya mumu"},{"@type":"BreadcrumbList","@id":"https:\/\/naturalpoland.com\/tr\/urunler\/mumlar\/soya-mumu\/#breadcrumb","itemListElement":[{"@type":"ListItem","position":1,"name":"Ana Sayfa","item":"https:\/\/naturalpoland.com\/tr\/"},{"@type":"ListItem","position":2,"name":"\u00dcr\u00fcnler","item":"https:\/\/naturalpoland.com\/tr\/urunler\/"},{"@type":"ListItem","position":3,"name":"Soya mumu"}]},{"@type":"WebSite","@id":"https:\/\/naturalpoland.com\/tr\/#website","url":"https:\/\/naturalpoland.com\/tr\/","name":"NATURAL POLAND - Hurtowy Dystrybutor Surowc\u00f3w","description":"Surowce dla przemys\u0142u spo\u017cywczego, kosmetycznego i farmaceutycznego","publisher":{"@id":"https:\/\/naturalpoland.com\/tr\/#organization"},"potentialAction":[{"@type":"SearchAction","target":{"@type":"EntryPoint","urlTemplate":"https:\/\/naturalpoland.com\/tr\/?s={search_term_string}"},"query-input":{"@type":"PropertyValueSpecification","valueRequired":true,"valueName":"search_term_string"}}],"inLanguage":"tr"},{"@type":"Organization","@id":"https:\/\/naturalpoland.com\/tr\/#organization","name":"Natural Poland","url":"https:\/\/naturalpoland.com\/tr\/","logo":{"@type":"ImageObject","inLanguage":"tr","@id":"https:\/\/naturalpoland.com\/tr\/#\/schema\/logo\/image\/","url":"https:\/\/naturalpoland.com\/wp-content\/uploads\/2021\/05\/natural-poland-icon.png","contentUrl":"https:\/\/naturalpoland.com\/wp-content\/uploads\/2021\/05\/natural-poland-icon.png","width":512,"height":512,"caption":"Natural Poland"},"image":{"@id":"https:\/\/naturalpoland.com\/tr\/#\/schema\/logo\/image\/"},"sameAs":["https:\/\/www.facebook.com\/naturalpoland.b2b","https:\/\/pl.linkedin.com\/company\/natural-poland","https:\/\/www.youtube.com\/channel\/UCgeGGkvOMahZo-xu_MSEWxg"]}]}},"_links":{"self":[{"href":"https:\/\/naturalpoland.com\/tr\/wp-json\/wp\/v2\/product\/44917","targetHints":{"allow":["GET"]}}],"collection":[{"href":"https:\/\/naturalpoland.com\/tr\/wp-json\/wp\/v2\/product"}],"about":[{"href":"https:\/\/naturalpoland.com\/tr\/wp-json\/wp\/v2\/types\/product"}],"wp:featuredmedia":[{"embeddable":true,"href":"https:\/\/naturalpoland.com\/tr\/wp-json\/wp\/v2\/media\/46148"}],"wp:attachment":[{"href":"https:\/\/naturalpoland.com\/tr\/wp-json\/wp\/v2\/media?parent=44917"}],"wp:term":[{"taxonomy":"product_brand","embeddable":true,"href":"https:\/\/naturalpoland.com\/tr\/wp-json\/wp\/v2\/product_brand?post=44917"},{"taxonomy":"product_cat","embeddable":true,"href":"https:\/\/naturalpoland.com\/tr\/wp-json\/wp\/v2\/product_cat?post=44917"},{"taxonomy":"product_tag","embeddable":true,"href":"https:\/\/naturalpoland.com\/tr\/wp-json\/wp\/v2\/product_tag?post=44917"}],"curies":[{"name":"wp","href":"https:\/\/api.w.org\/{rel}","templated":true}]}}