{"id":44924,"date":"2021-05-21T10:35:23","date_gmt":"2021-05-21T08:35:23","guid":{"rendered":"https:\/\/naturalpoland.com\/produkty\/kategorilenmemis\/retinol\/"},"modified":"2026-01-13T13:11:51","modified_gmt":"2026-01-13T12:11:51","slug":"retinol","status":"publish","type":"product","link":"https:\/\/naturalpoland.com\/tr\/urunler\/kozmetik-hammaddeleri\/kozmetik-hammaddeleri-2\/retinol\/","title":{"rendered":"Retinol"},"content":{"rendered":"<p><a href=\"https:\/\/naturalpoland.com\/produkty\/produkty-dla-przemyslu-kosmetycznego\/surowce-kosmetyczne\/witamina-a\/\"><strong>A vitamini<\/strong><\/a>, G\u0131da ve \u0130la\u00e7 Dairesi taraf\u0131ndan antioksidan \u00f6zelliklere sahip olarak onaylanan ilk vitamindir. A vitamini, ya\u011fda \u00e7\u00f6z\u00fcnen ve retinoid grubuna ait bir maddedir. Retinoidler, h\u00fccrelerin y\u0131k\u0131m\u0131n\u0131, farkl\u0131la\u015fmas\u0131n\u0131 ve \u00e7o\u011falma yetene\u011fini kontrol etmeye yard\u0131mc\u0131 olur, ayr\u0131ca epidermisin koruyucu i\u015flevini g\u00fc\u00e7lendirir, kolajeni bozulmadan korur ve su kayb\u0131n\u0131 engeller.   <\/p>\n<p><strong>Retinol, retinal ve retinoik asit, A vitamini ile ayn\u0131 biyolojik \u00f6zelliklere sahiptir.<\/strong><\/p>\n<p>Toptan da\u011f\u0131t\u0131mc\u0131 olarak, s\u0131k\u0131 kontrol standartlar\u0131na g\u00f6re elde edilen en y\u00fcksek kalitede retinol sunuyoruz. Retinol \u00e7\u00f6zeltisi formundaki \u00fcr\u00fcn\u00fcm\u00fcz, yo\u011fun sar\u0131dan turuncuya renkte olup metalik ve mikrobiyolojik kirliliklerden ar\u0131nd\u0131r\u0131lm\u0131\u015ft\u0131r. <\/p>\n<h2 class=\"wp-block-heading\">Hangi retinoidi se\u00e7meli?<\/h2>\n<p><strong>Tretinoin<\/strong>, G\u0131da ve \u0130la\u00e7 Dairesi taraf\u0131ndan k\u0131r\u0131\u015f\u0131kl\u0131k \u00f6nleyici olarak onaylanan ilk retinoiddir. <strong><a href=\"http:\/\/kolagen\">Kolajen<\/a><\/strong> \u00fcretimini destekler, kan damarlar\u0131n\u0131 uyar\u0131r, lekeleri a\u00e7ar. Ayr\u0131ca UV radyasyonunun ciddi etkilerini \u00f6nleyebilir.   <\/p>\n<p><strong>Retinyl palmitat<\/strong> en zay\u0131f retinoiddir, hassas, \u00e7ok kuru ve ilk k\u0131r\u0131\u015f\u0131kl\u0131klar\u0131 olu\u015fan ciltlerin bak\u0131m\u0131 i\u00e7in m\u00fckemmel bir se\u00e7enektir.<\/p>\n<p><strong>Retinoik asit<\/strong>, A vitamininin par\u00e7aland\u0131\u011f\u0131 retinol\u00fcn aktif formudur. H\u00fccre b\u00fcy\u00fcmesinde rol oynar, kolajen ve elastin \u00fcretimini uyar\u0131r ve lekeleri giderir.<\/p>\n<p>&nbsp;<\/p>\n<p>&nbsp;<\/p>\n<p><img decoding=\"async\" class=\"aligncenter size-full wp-image-4441\" src=\"https:\/\/naturalpoland.com\/wp-content\/uploads\/jak-stosowac-retinol-edited.jpg\" alt=\"retinol nas\u0131l kullan\u0131l\u0131r\" width=\"772\" height=\"434\" srcset=\"https:\/\/naturalpoland.com\/wp-content\/uploads\/jak-stosowac-retinol-edited.jpg 772w, https:\/\/naturalpoland.com\/wp-content\/uploads\/jak-stosowac-retinol-edited-510x287.jpg 510w, https:\/\/naturalpoland.com\/wp-content\/uploads\/jak-stosowac-retinol-edited-300x169.jpg 300w, https:\/\/naturalpoland.com\/wp-content\/uploads\/jak-stosowac-retinol-edited-768x432.jpg 768w\" sizes=\"(max-width: 772px) 100vw, 772px\" \/><\/p>\n<p>&nbsp;<\/p>\n<blockquote><p>Retinol: <em>A vitamini alkol\u00fc veya all-trans retinol, endojen do\u011fal retinoidler ailesine aittir ve endojen retinal ve retinoik asit sentezi i\u00e7in \u00f6nc\u00fcd\u00fcr.<\/em><br \/>\n<em>All-trans-retinol 1984&#8217;ten beri re\u00e7etesiz kozmetik \u00fcr\u00fcnlerde kullan\u0131lmas\u0131na ra\u011fmen (Rolewski 2003), <strong>foto-ya\u015flanma tedavisindeki<\/strong> potansiyeli, Kang ve ark. (1995) all-trans-retinol\u00fcn normal insan cildine uygulanmas\u0131n\u0131n epidermisi ind\u00fckledi\u011fini, kal\u0131nla\u015ft\u0131rd\u0131\u011f\u0131n\u0131 ve <strong>retinoik asit gibi CRABP II ve CRBP mRNA ve protein ekspresyonunu art\u0131rd\u0131\u011f\u0131n\u0131<\/strong> g\u00f6sterdi\u011finde anla\u015f\u0131ld\u0131. <\/em><br \/>\n<em>Ayr\u0131ca yazarlar, retinol\u00fcn tretinoine k\u0131yasla sadece minimal eritem ve tahri\u015f belirtileri g\u00f6sterdi\u011fini g\u00f6zlemlediler. Ba\u015fka bir \u00e7al\u0131\u015fmada (n = 6; s\u00fcre = 14 g\u00fcn) Fluhr ve ark. (1999), <strong>retinol\u00fcn retinoik aside g\u00f6re \u00f6nemli \u00f6l\u00e7\u00fcde daha az transepidermal su kayb\u0131na, eriteme ve pullanmaya neden oldu\u011funu<\/strong> do\u011frulad\u0131. <\/em><br \/>\n<em>\u0130lgin\u00e7 bir \u015fekilde, Fisher ve ark. (1996, 1997) ayr\u0131ca <strong>retinol\u00fcn UV kaynakl\u0131 MMP ind\u00fcksiyonunu engelledi\u011fini ve foto-ya\u015flanm\u0131\u015f ciltte kolajen sentezini uyard\u0131\u011f\u0131n\u0131<\/strong> g\u00f6sterdi. Ancak, retinol\u00fcn tretinoine g\u00f6re 20 kat daha zay\u0131f oldu\u011fu ve etkisini g\u00f6stermek i\u00e7in retinoik aside d\u00f6n\u00fc\u015fmesi gerekti\u011fi (in vivo) g\u00f6zlemlendi (Kurlandsky ve ark. 1994; Kang ve ark. 1995). <\/em><br \/>\n<em>Duell ve ark. (1996), <strong>retinol\u00fcn, &#8220;retinoid arac\u0131l\u0131 histolojik de\u011fi\u015fiklikleri&#8221; (epidermis kal\u0131nla\u015fmas\u0131 ve keratinosit proliferasyonu gibi) \u00fcretmede retinoik asit kadar etkili olabilece\u011fini<\/strong>, ancak \u00e7ok daha az tahri\u015fle g\u00f6sterdi. Pierard-Franchimont ve ark. (1998) ilk olarak retinol preparat\u0131 ile kontroll\u00fc bir klinik \u00e7al\u0131\u015fma yapt\u0131. <strong>Retinol preparat\u0131n\u0131n 12 haftal\u0131k tedaviden sonra ince k\u0131r\u0131\u015f\u0131kl\u0131klarda \u00f6nemli bir iyile\u015fme sa\u011flad\u0131\u011f\u0131n\u0131<\/strong> g\u00f6zlemlediler. Ard\u0131ndan Varani ve ark. (2000) ya\u015flanan cilde sahip 53 ki\u015fide (80 ya\u015f ve \u00fczeri) %1 retinol\u00fcn topikal uygulamas\u0131n\u0131n etkisini ara\u015ft\u0131rd\u0131.   <\/em><br \/>\n<em>Yazarlar, 7 g\u00fcn boyunca retinol uygulamas\u0131n\u0131n, incelenen doku \u00f6rneklerinde fibroblast ve kolajen sentezinde art\u0131\u015fla birlikte MMP (matriks metalloproteinazlar), kollajenaz ve jelatinaz ekspresyonunu azaltt\u0131\u011f\u0131n\u0131 g\u00f6zlemledi. Bu nedenle, retinol\u00fcn ya\u015flanma ve foto-ya\u015flanma tedavisinde etkili olmas\u0131 gerekti\u011fi sonucuna var\u0131labilir. Ancak, <strong>retinol\u00fc iletmek i\u00e7in kullan\u0131lan ta\u015f\u0131y\u0131c\u0131, etkinli\u011fini ortaya \u00e7\u0131karmada kritik bir rol oynayacakt\u0131r, \u00e7\u00fcnk\u00fc retinol son derece karars\u0131zd\u0131r<\/strong> ve \u0131\u015f\u0131k ve hava etkisiyle kolayca biyolojik olarak aktif olmayan formlara bozunur.  <\/em> (Makale \u00e7evirisi: https:\/\/www.ncbi.nlm.nih.gov\/pmc\/articles\/PMC2699641\/#b89-cia-1-327)<\/p><\/blockquote>\n<h2><\/h2>\n<h2>Retinol\u00fcn cilt \u00fczerindeki etkileri:<\/h2>\n<ol>\n<li><strong>Anti-aging (ya\u015flanma kar\u015f\u0131t\u0131 etki)<\/strong><br \/>\nRetinol\u00fcn d\u00fczenli kullan\u0131m\u0131 k\u0131r\u0131\u015f\u0131kl\u0131klar\u0131n azalmas\u0131na, cildin elastikiyetinin artmas\u0131na ve kolajen \u00fcretiminin uyar\u0131lmas\u0131na katk\u0131da bulunur.<\/li>\n<li><strong>Cilt problemleriyle m\u00fccadele<br \/>\n<\/strong>Pul pul d\u00f6ken ve sebum \u00fcretimini d\u00fczenleyen \u00f6zellikleri sayesinde retinol, akne ve di\u011fer cilt problemleriyle m\u00fccadelede etkilidir. G\u00f6zeneklerin a\u00e7\u0131lmas\u0131na yard\u0131mc\u0131 olur ve iltihab\u0131 azaltarak yeni akne lezyonlar\u0131n\u0131n olu\u015fma riskini azalt\u0131r. <\/li>\n<li><strong>Cildi dengeleme<br \/>\n<\/strong>Retinol, kurumay\u0131 ve a\u015f\u0131r\u0131 sebum \u00fcretimini \u00f6nleyerek uygun ya\u011flanma seviyesini korumaya yard\u0131mc\u0131 olur.<\/li>\n<li><strong>Lekelerin azalt\u0131lmas\u0131<br \/>\n<\/strong>Retinol\u00fcn d\u00fczenli kullan\u0131m\u0131, lekelerin ve d\u00fczensiz cilt tonunun \u00f6nemli \u00f6l\u00e7\u00fcde azalmas\u0131na katk\u0131da bulunarak cilde e\u015fit bir g\u00f6r\u00fcn\u00fcm kazand\u0131r\u0131r ve genel durumunu iyile\u015ftirir.<\/li>\n<\/ol>\n<h2>Retinol nas\u0131l kullan\u0131l\u0131r?<\/h2>\n<ul>\n<li>Retinol sadece cilt bak\u0131m kozmetiklerinde de\u011fil, ayn\u0131 zamanda t\u0131bbi preparatlarda, \u00f6zellikle \u00e7e\u015fitli akne formlar\u0131n\u0131n tedavisinde de kullan\u0131l\u0131r.<\/li>\n<li>Krem, serum ve losyonlarda aktif bir bile\u015fen olarak retinol, cildin ya\u015flanma belirtilerini azaltmada, cilt dokusunu iyile\u015ftirmede ve cilt bariyerini g\u00fc\u00e7lendirmede etkilidir.<\/li>\n<\/ul>\n<h2 class=\"wp-block-heading\">Retinol yaz\u0131n kullan\u0131labilir mi?<\/h2>\n<p>Retinol alerjik reaksiyona neden olmamas\u0131 gereken bir maddedir, ancak cildi hafif\u00e7e tahri\u015f edebilir, bu nedenle bu hammaddeyi i\u00e7eren kozmetik ve ila\u00e7lar\u0131 kullan\u0131rken \u00fcr\u00fcn etiketindeki tavsiyelere dikkat edilmelidir.<\/p>\n<p><strong>Retinol nas\u0131l kullan\u0131l\u0131r?<\/strong> Retinol i\u00e7eren \u00fcr\u00fcnleri yava\u015f yava\u015f, &#8220;dozu&#8221; kademeli olarak art\u0131rarak kullanmaya ba\u015flar\u0131z. <strong>Retinol UV \u0131\u015f\u0131nlar\u0131na kar\u015f\u0131 hassas bir maddedir<\/strong> (lipozomal retinol hari\u00e7), bu nedenle y\u00fcksek koruma fakt\u00f6rl\u00fc \u00fcr\u00fcnler (\u00f6rn. SPF 50) kullanarak cildi ek olarak korumak gereklidir.<\/p>\n<h2 class=\"wp-block-heading\">Retinol ve C vitamini birle\u015ftirilebilir mi?<\/h2>\n<p>Bir bile\u015feni di\u011ferinin \u00fczerine uygulamamak gerekir, bu nedenle \u00f6rne\u011fin <strong><a href=\"https:\/\/naturalpoland.pl\/produkty\/produkty-dla-przemyslu-kosmetycznego\/surowce-kosmetyczne\/tetraizopalmitynian-askorbylu\/\">C Vitamini<\/a><\/strong>&#8216;ni g\u00fcnd\u00fcz, retinol\u00fc gece kullanmak \u00f6nerilir. Bu iki bile\u015fenin ciltte birle\u015ftirilmesi tahri\u015fe neden olabilir. \u0130stisna, bu iki bile\u015fenin g\u00fcvenli ve etkili bir \u015fekilde birlikte \u00e7al\u0131\u015facak \u015fekilde form\u00fcle edildi\u011fi kozmetiklerdir.  <\/p>\n<hr>\n<p><strong>Kaynak\u00e7a:<\/strong><br \/>\nhttps:\/\/pubmed.ncbi.nlm.nih.gov\/11535389\/<br \/>\nhttps:\/\/pubmed.ncbi.nlm.nih.gov\/12208239\/<br \/>\nhttps:\/\/www.ncbi.nlm.nih.gov\/pmc\/articles\/PMC6791161\/<br \/>\nhttps:\/\/www.ncbi.nlm.nih.gov\/pmc\/articles\/PMC2699641\/#b89-cia-1-327<\/p>\n","protected":false},"excerpt":{"rendered":"<p><strong>A vitamini t\u00fcrevi<\/strong> olan retinol, \u00e7ok y\u00f6nl\u00fc etkisi nedeniyle kozmetoloji ve t\u0131pta \u00f6nemli bir bile\u015fendir.<\/p>\n","protected":false},"featured_media":44926,"template":"","meta":{"_acf_changed":false},"product_brand":[],"product_cat":[9557],"product_tag":[],"class_list":{"0":"post-44924","1":"product","2":"type-product","3":"status-publish","4":"has-post-thumbnail","6":"product_cat-kozmetik-hammaddeleri-2","7":"pa_technologia-biosneds-teknolojisi","9":"first","10":"instock","11":"shipping-taxable","12":"product-type-simple"},"acf":[],"yoast_head":"<!-- This site is optimized with the Yoast SEO plugin v27.4 - https:\/\/yoast.com\/product\/yoast-seo-wordpress\/ -->\n<title>Retinol - NATURAL POLAND - Hurtowy Dystrybutor Surowc\u00f3w<\/title>\n<meta name=\"description\" content=\"Retinol, kozmetik ve ila\u00e7 \u00fcreticileri i\u00e7in en y\u00fcksek kalitede \u00fcr\u00fcnler olu\u015fturmay\u0131 hedefleyenler i\u00e7in m\u00fckemmel bir se\u00e7imdir.\" \/>\n<meta name=\"robots\" content=\"index, follow, max-snippet:-1, max-image-preview:large, max-video-preview:-1\" \/>\n<link rel=\"canonical\" href=\"https:\/\/naturalpoland.com\/tr\/urunler\/kozmetik-hammaddeleri\/kozmetik-hammaddeleri-2\/retinol\/\" \/>\n<meta property=\"og:locale\" content=\"tr_TR\" \/>\n<meta property=\"og:type\" content=\"article\" \/>\n<meta property=\"og:title\" content=\"Retinol - NATURAL POLAND - Hurtowy Dystrybutor Surowc\u00f3w\" \/>\n<meta property=\"og:description\" content=\"Retinol, kozmetik ve ila\u00e7 \u00fcreticileri i\u00e7in en y\u00fcksek kalitede \u00fcr\u00fcnler olu\u015fturmay\u0131 hedefleyenler i\u00e7in m\u00fckemmel bir se\u00e7imdir.\" \/>\n<meta property=\"og:url\" content=\"https:\/\/naturalpoland.com\/tr\/urunler\/kozmetik-hammaddeleri\/kozmetik-hammaddeleri-2\/retinol\/\" \/>\n<meta property=\"og:site_name\" content=\"NATURAL POLAND - Hurtowy Dystrybutor Surowc\u00f3w\" \/>\n<meta property=\"article:publisher\" content=\"https:\/\/www.facebook.com\/naturalpoland.b2b\" \/>\n<meta property=\"article:modified_time\" content=\"2026-01-13T12:11:51+00:00\" \/>\n<meta property=\"og:image\" content=\"https:\/\/naturalpoland.com\/wp-content\/uploads\/retinol.webp\" \/>\n\t<meta property=\"og:image:width\" content=\"618\" \/>\n\t<meta property=\"og:image:height\" content=\"618\" \/>\n\t<meta property=\"og:image:type\" content=\"image\/webp\" \/>\n<script type=\"application\/ld+json\" class=\"yoast-schema-graph\">{\"@context\":\"https:\\\/\\\/schema.org\",\"@graph\":[{\"@type\":\"WebPage\",\"@id\":\"https:\\\/\\\/naturalpoland.com\\\/tr\\\/urunler\\\/kozmetik-hammaddeleri\\\/kozmetik-hammaddeleri-2\\\/retinol\\\/\",\"url\":\"https:\\\/\\\/naturalpoland.com\\\/tr\\\/urunler\\\/kozmetik-hammaddeleri\\\/kozmetik-hammaddeleri-2\\\/retinol\\\/\",\"name\":\"Retinol - NATURAL POLAND - Hurtowy Dystrybutor Surowc\u00f3w\",\"isPartOf\":{\"@id\":\"https:\\\/\\\/naturalpoland.com\\\/tr\\\/#website\"},\"primaryImageOfPage\":{\"@id\":\"https:\\\/\\\/naturalpoland.com\\\/tr\\\/urunler\\\/kozmetik-hammaddeleri\\\/kozmetik-hammaddeleri-2\\\/retinol\\\/#primaryimage\"},\"image\":{\"@id\":\"https:\\\/\\\/naturalpoland.com\\\/tr\\\/urunler\\\/kozmetik-hammaddeleri\\\/kozmetik-hammaddeleri-2\\\/retinol\\\/#primaryimage\"},\"thumbnailUrl\":\"https:\\\/\\\/naturalpoland.com\\\/wp-content\\\/uploads\\\/retinol.webp\",\"datePublished\":\"2021-05-21T08:35:23+00:00\",\"dateModified\":\"2026-01-13T12:11:51+00:00\",\"description\":\"Retinol, kozmetik ve ila\u00e7 \u00fcreticileri i\u00e7in en y\u00fcksek kalitede \u00fcr\u00fcnler olu\u015fturmay\u0131 hedefleyenler i\u00e7in m\u00fckemmel bir se\u00e7imdir.\",\"breadcrumb\":{\"@id\":\"https:\\\/\\\/naturalpoland.com\\\/tr\\\/urunler\\\/kozmetik-hammaddeleri\\\/kozmetik-hammaddeleri-2\\\/retinol\\\/#breadcrumb\"},\"inLanguage\":\"tr\",\"potentialAction\":[{\"@type\":\"ReadAction\",\"target\":[\"https:\\\/\\\/naturalpoland.com\\\/tr\\\/urunler\\\/kozmetik-hammaddeleri\\\/kozmetik-hammaddeleri-2\\\/retinol\\\/\"]}]},{\"@type\":\"ImageObject\",\"inLanguage\":\"tr\",\"@id\":\"https:\\\/\\\/naturalpoland.com\\\/tr\\\/urunler\\\/kozmetik-hammaddeleri\\\/kozmetik-hammaddeleri-2\\\/retinol\\\/#primaryimage\",\"url\":\"https:\\\/\\\/naturalpoland.com\\\/wp-content\\\/uploads\\\/retinol.webp\",\"contentUrl\":\"https:\\\/\\\/naturalpoland.com\\\/wp-content\\\/uploads\\\/retinol.webp\",\"width\":618,\"height\":618,\"caption\":\"s\u0131v\u0131 retinol\"},{\"@type\":\"BreadcrumbList\",\"@id\":\"https:\\\/\\\/naturalpoland.com\\\/tr\\\/urunler\\\/kozmetik-hammaddeleri\\\/kozmetik-hammaddeleri-2\\\/retinol\\\/#breadcrumb\",\"itemListElement\":[{\"@type\":\"ListItem\",\"position\":1,\"name\":\"Ana Sayfa\",\"item\":\"https:\\\/\\\/naturalpoland.com\\\/tr\\\/\"},{\"@type\":\"ListItem\",\"position\":2,\"name\":\"\u00dcr\u00fcnler\",\"item\":\"https:\\\/\\\/naturalpoland.com\\\/tr\\\/urunler\\\/\"},{\"@type\":\"ListItem\",\"position\":3,\"name\":\"Retinol\"}]},{\"@type\":\"WebSite\",\"@id\":\"https:\\\/\\\/naturalpoland.com\\\/tr\\\/#website\",\"url\":\"https:\\\/\\\/naturalpoland.com\\\/tr\\\/\",\"name\":\"NATURAL POLAND - Hurtowy Dystrybutor Surowc\u00f3w\",\"description\":\"Surowce dla przemys\u0142u spo\u017cywczego, kosmetycznego i farmaceutycznego\",\"publisher\":{\"@id\":\"https:\\\/\\\/naturalpoland.com\\\/tr\\\/#organization\"},\"potentialAction\":[{\"@type\":\"SearchAction\",\"target\":{\"@type\":\"EntryPoint\",\"urlTemplate\":\"https:\\\/\\\/naturalpoland.com\\\/tr\\\/?s={search_term_string}\"},\"query-input\":{\"@type\":\"PropertyValueSpecification\",\"valueRequired\":true,\"valueName\":\"search_term_string\"}}],\"inLanguage\":\"tr\"},{\"@type\":\"Organization\",\"@id\":\"https:\\\/\\\/naturalpoland.com\\\/tr\\\/#organization\",\"name\":\"Natural Poland\",\"url\":\"https:\\\/\\\/naturalpoland.com\\\/tr\\\/\",\"logo\":{\"@type\":\"ImageObject\",\"inLanguage\":\"tr\",\"@id\":\"https:\\\/\\\/naturalpoland.com\\\/tr\\\/#\\\/schema\\\/logo\\\/image\\\/\",\"url\":\"https:\\\/\\\/naturalpoland.com\\\/wp-content\\\/uploads\\\/2021\\\/05\\\/natural-poland-icon.png\",\"contentUrl\":\"https:\\\/\\\/naturalpoland.com\\\/wp-content\\\/uploads\\\/2021\\\/05\\\/natural-poland-icon.png\",\"width\":512,\"height\":512,\"caption\":\"Natural Poland\"},\"image\":{\"@id\":\"https:\\\/\\\/naturalpoland.com\\\/tr\\\/#\\\/schema\\\/logo\\\/image\\\/\"},\"sameAs\":[\"https:\\\/\\\/www.facebook.com\\\/naturalpoland.b2b\",\"https:\\\/\\\/pl.linkedin.com\\\/company\\\/natural-poland\",\"https:\\\/\\\/www.youtube.com\\\/channel\\\/UCgeGGkvOMahZo-xu_MSEWxg\"]}]}<\/script>\n<!-- \/ Yoast SEO plugin. -->","yoast_head_json":{"title":"Retinol - NATURAL POLAND - Hurtowy Dystrybutor Surowc\u00f3w","description":"Retinol, kozmetik ve ila\u00e7 \u00fcreticileri i\u00e7in en y\u00fcksek kalitede \u00fcr\u00fcnler olu\u015fturmay\u0131 hedefleyenler i\u00e7in m\u00fckemmel bir se\u00e7imdir.","robots":{"index":"index","follow":"follow","max-snippet":"max-snippet:-1","max-image-preview":"max-image-preview:large","max-video-preview":"max-video-preview:-1"},"canonical":"https:\/\/naturalpoland.com\/tr\/urunler\/kozmetik-hammaddeleri\/kozmetik-hammaddeleri-2\/retinol\/","og_locale":"tr_TR","og_type":"article","og_title":"Retinol - NATURAL POLAND - Hurtowy Dystrybutor Surowc\u00f3w","og_description":"Retinol, kozmetik ve ila\u00e7 \u00fcreticileri i\u00e7in en y\u00fcksek kalitede \u00fcr\u00fcnler olu\u015fturmay\u0131 hedefleyenler i\u00e7in m\u00fckemmel bir se\u00e7imdir.","og_url":"https:\/\/naturalpoland.com\/tr\/urunler\/kozmetik-hammaddeleri\/kozmetik-hammaddeleri-2\/retinol\/","og_site_name":"NATURAL POLAND - Hurtowy Dystrybutor Surowc\u00f3w","article_publisher":"https:\/\/www.facebook.com\/naturalpoland.b2b","article_modified_time":"2026-01-13T12:11:51+00:00","og_image":[{"width":618,"height":618,"url":"https:\/\/naturalpoland.com\/wp-content\/uploads\/retinol.webp","type":"image\/webp"}],"schema":{"@context":"https:\/\/schema.org","@graph":[{"@type":"WebPage","@id":"https:\/\/naturalpoland.com\/tr\/urunler\/kozmetik-hammaddeleri\/kozmetik-hammaddeleri-2\/retinol\/","url":"https:\/\/naturalpoland.com\/tr\/urunler\/kozmetik-hammaddeleri\/kozmetik-hammaddeleri-2\/retinol\/","name":"Retinol - NATURAL POLAND - Hurtowy Dystrybutor Surowc\u00f3w","isPartOf":{"@id":"https:\/\/naturalpoland.com\/tr\/#website"},"primaryImageOfPage":{"@id":"https:\/\/naturalpoland.com\/tr\/urunler\/kozmetik-hammaddeleri\/kozmetik-hammaddeleri-2\/retinol\/#primaryimage"},"image":{"@id":"https:\/\/naturalpoland.com\/tr\/urunler\/kozmetik-hammaddeleri\/kozmetik-hammaddeleri-2\/retinol\/#primaryimage"},"thumbnailUrl":"https:\/\/naturalpoland.com\/wp-content\/uploads\/retinol.webp","datePublished":"2021-05-21T08:35:23+00:00","dateModified":"2026-01-13T12:11:51+00:00","description":"Retinol, kozmetik ve ila\u00e7 \u00fcreticileri i\u00e7in en y\u00fcksek kalitede \u00fcr\u00fcnler olu\u015fturmay\u0131 hedefleyenler i\u00e7in m\u00fckemmel bir se\u00e7imdir.","breadcrumb":{"@id":"https:\/\/naturalpoland.com\/tr\/urunler\/kozmetik-hammaddeleri\/kozmetik-hammaddeleri-2\/retinol\/#breadcrumb"},"inLanguage":"tr","potentialAction":[{"@type":"ReadAction","target":["https:\/\/naturalpoland.com\/tr\/urunler\/kozmetik-hammaddeleri\/kozmetik-hammaddeleri-2\/retinol\/"]}]},{"@type":"ImageObject","inLanguage":"tr","@id":"https:\/\/naturalpoland.com\/tr\/urunler\/kozmetik-hammaddeleri\/kozmetik-hammaddeleri-2\/retinol\/#primaryimage","url":"https:\/\/naturalpoland.com\/wp-content\/uploads\/retinol.webp","contentUrl":"https:\/\/naturalpoland.com\/wp-content\/uploads\/retinol.webp","width":618,"height":618,"caption":"s\u0131v\u0131 retinol"},{"@type":"BreadcrumbList","@id":"https:\/\/naturalpoland.com\/tr\/urunler\/kozmetik-hammaddeleri\/kozmetik-hammaddeleri-2\/retinol\/#breadcrumb","itemListElement":[{"@type":"ListItem","position":1,"name":"Ana Sayfa","item":"https:\/\/naturalpoland.com\/tr\/"},{"@type":"ListItem","position":2,"name":"\u00dcr\u00fcnler","item":"https:\/\/naturalpoland.com\/tr\/urunler\/"},{"@type":"ListItem","position":3,"name":"Retinol"}]},{"@type":"WebSite","@id":"https:\/\/naturalpoland.com\/tr\/#website","url":"https:\/\/naturalpoland.com\/tr\/","name":"NATURAL POLAND - Hurtowy Dystrybutor Surowc\u00f3w","description":"Surowce dla przemys\u0142u spo\u017cywczego, kosmetycznego i farmaceutycznego","publisher":{"@id":"https:\/\/naturalpoland.com\/tr\/#organization"},"potentialAction":[{"@type":"SearchAction","target":{"@type":"EntryPoint","urlTemplate":"https:\/\/naturalpoland.com\/tr\/?s={search_term_string}"},"query-input":{"@type":"PropertyValueSpecification","valueRequired":true,"valueName":"search_term_string"}}],"inLanguage":"tr"},{"@type":"Organization","@id":"https:\/\/naturalpoland.com\/tr\/#organization","name":"Natural Poland","url":"https:\/\/naturalpoland.com\/tr\/","logo":{"@type":"ImageObject","inLanguage":"tr","@id":"https:\/\/naturalpoland.com\/tr\/#\/schema\/logo\/image\/","url":"https:\/\/naturalpoland.com\/wp-content\/uploads\/2021\/05\/natural-poland-icon.png","contentUrl":"https:\/\/naturalpoland.com\/wp-content\/uploads\/2021\/05\/natural-poland-icon.png","width":512,"height":512,"caption":"Natural Poland"},"image":{"@id":"https:\/\/naturalpoland.com\/tr\/#\/schema\/logo\/image\/"},"sameAs":["https:\/\/www.facebook.com\/naturalpoland.b2b","https:\/\/pl.linkedin.com\/company\/natural-poland","https:\/\/www.youtube.com\/channel\/UCgeGGkvOMahZo-xu_MSEWxg"]}]}},"_links":{"self":[{"href":"https:\/\/naturalpoland.com\/tr\/wp-json\/wp\/v2\/product\/44924","targetHints":{"allow":["GET"]}}],"collection":[{"href":"https:\/\/naturalpoland.com\/tr\/wp-json\/wp\/v2\/product"}],"about":[{"href":"https:\/\/naturalpoland.com\/tr\/wp-json\/wp\/v2\/types\/product"}],"wp:featuredmedia":[{"embeddable":true,"href":"https:\/\/naturalpoland.com\/tr\/wp-json\/wp\/v2\/media\/44926"}],"wp:attachment":[{"href":"https:\/\/naturalpoland.com\/tr\/wp-json\/wp\/v2\/media?parent=44924"}],"wp:term":[{"taxonomy":"product_brand","embeddable":true,"href":"https:\/\/naturalpoland.com\/tr\/wp-json\/wp\/v2\/product_brand?post=44924"},{"taxonomy":"product_cat","embeddable":true,"href":"https:\/\/naturalpoland.com\/tr\/wp-json\/wp\/v2\/product_cat?post=44924"},{"taxonomy":"product_tag","embeddable":true,"href":"https:\/\/naturalpoland.com\/tr\/wp-json\/wp\/v2\/product_tag?post=44924"}],"curies":[{"name":"wp","href":"https:\/\/api.w.org\/{rel}","templated":true}]}}