{"id":44928,"date":"2021-05-11T13:49:47","date_gmt":"2021-05-11T11:49:47","guid":{"rendered":"https:\/\/naturalpoland.com\/produkty\/kategorilenmemis\/chia-tohumu-yagi\/"},"modified":"2026-01-14T13:56:02","modified_gmt":"2026-01-14T12:56:02","slug":"chia-tohumu-yagi","status":"publish","type":"product","link":"https:\/\/naturalpoland.com\/tr\/urunler\/gida-hammaddeleri\/gida-yaglari\/chia-tohumu-yagi\/","title":{"rendered":"Chia Tohumu Ya\u011f\u0131"},"content":{"rendered":"<p>Chia Tohumu Ya\u011f\u0131, Meksika ve Guatemala k\u00f6kenli \u0130spanyol ada\u00e7ay\u0131 ad\u0131 verilen bitkiden elde edilen hay\u0131rl\u0131 bir hediyedir. Chia tohumlar\u0131n\u0131n e\u015fsiz sa\u011fl\u0131k \u00f6zelliklerini Aztekler de takdir etmi\u015f ve \u0130spanyol ada\u00e7ay\u0131n\u0131 ana tar\u0131m bitkilerinden biri haline getirmi\u015flerdir. <\/p>\n<p><strong>Chia Tohumu Ya\u011f\u0131<\/strong> cilt, sa\u00e7 ve t\u00fcm v\u00fccut i\u00e7in de\u011ferli bir hazinedir. Y\u00fcksek antioksidan ve \u00e7oklu doymam\u0131\u015f ya\u011f asidi i\u00e7eri\u011fi, sa\u011fl\u0131k ve v\u00fccudun genel kondisyonu i\u00e7in bir ge\u00e7i\u015f belgesidir. <\/p>\n<p>Chia tohumu ya\u011f\u0131 m\u00fckemmel \u015fekilde yeniler, etkili bir \u015fekilde nemlendirir ve canland\u0131r\u0131r. Her cilt tipinin bak\u0131m\u0131na uygundur. Cilt tonunu e\u015fitler ve k\u00fc\u00e7\u00fck izleri ve lekeleri gizlemeye yard\u0131mc\u0131 olur. Derinlemesine temizledi\u011fi akne cildine de uygundur. Ya\u011f, s\u0131\u011f olanlar\u0131 doldurarak ve yenilerinin olu\u015fumunu \u00f6nleyerek k\u0131r\u0131\u015f\u0131kl\u0131klarla m\u00fccadelede de yard\u0131mc\u0131 olabilir.    <\/p>\n","protected":false},"excerpt":{"rendered":"<p>G\u0131da ve kozmetik kalitesinde so\u011fuk s\u0131k\u0131m <strong>Chia Tohumu Ya\u011f\u0131n\u0131n<\/strong> toptan distrib\u00fct\u00f6r\u00fcy\u00fcz.<\/p>\n<p><strong>Chia Ya\u011f\u0131<\/strong> <strong>g\u0131da ve kozmetik \u00fcr\u00fcn\u00fc<\/strong> olarak m\u00fckemmel performans g\u00f6sterir. \u00c7ok y\u00f6nl\u00fcl\u00fc\u011f\u00fc sayesinde diyet ve g\u00fcnl\u00fck bak\u0131m\u0131n bir\u00e7ok tekil unsurunu ba\u015far\u0131yla de\u011fi\u015ftirebilir. <\/p>\n","protected":false},"featured_media":44929,"template":"","meta":{"_acf_changed":false},"product_brand":[],"product_cat":[9551,9532,9571],"product_tag":[],"class_list":{"0":"post-44928","1":"product","2":"type-product","3":"status-publish","4":"has-post-thumbnail","6":"product_cat-kozmetik-yaglari","7":"product_cat-gida-ve-kozmetik-yaglari","8":"product_cat-gida-yaglari","10":"first","11":"instock","12":"shipping-taxable","13":"product-type-simple"},"acf":[],"yoast_head":"<!-- This site is optimized with the Yoast SEO plugin v27.5 - https:\/\/yoast.com\/product\/yoast-seo-wordpress\/ -->\n<title>Chia Tohumu Ya\u011f\u0131 - Hurtowy Dystrybutor<\/title>\n<meta name=\"robots\" content=\"index, follow, max-snippet:-1, max-image-preview:large, max-video-preview:-1\" \/>\n<link rel=\"canonical\" href=\"https:\/\/naturalpoland.com\/tr\/urunler\/gida-hammaddeleri\/gida-yaglari\/chia-tohumu-yagi\/\" \/>\n<meta property=\"og:locale\" content=\"tr_TR\" \/>\n<meta property=\"og:type\" content=\"article\" \/>\n<meta property=\"og:title\" content=\"Chia Tohumu Ya\u011f\u0131 - Hurtowy Dystrybutor\" \/>\n<meta property=\"og:description\" content=\"G\u0131da ve kozmetik kalitesinde so\u011fuk s\u0131k\u0131m Chia Tohumu Ya\u011f\u0131n\u0131n toptan distrib\u00fct\u00f6r\u00fcy\u00fcz. Chia Ya\u011f\u0131 g\u0131da ve kozmetik \u00fcr\u00fcn\u00fc olarak m\u00fckemmel performans g\u00f6sterir. \u00c7ok y\u00f6nl\u00fcl\u00fc\u011f\u00fc sayesinde diyet ve g\u00fcnl\u00fck bak\u0131m\u0131n bir\u00e7ok tekil unsurunu ba\u015far\u0131yla de\u011fi\u015ftirebilir.\" \/>\n<meta property=\"og:url\" content=\"https:\/\/naturalpoland.com\/tr\/urunler\/gida-hammaddeleri\/gida-yaglari\/chia-tohumu-yagi\/\" \/>\n<meta property=\"og:site_name\" content=\"NATURAL POLAND - Hurtowy Dystrybutor Surowc\u00f3w\" \/>\n<meta property=\"article:publisher\" content=\"https:\/\/www.facebook.com\/naturalpoland.b2b\" \/>\n<meta property=\"article:modified_time\" content=\"2026-01-14T12:56:02+00:00\" \/>\n<meta property=\"og:image\" content=\"https:\/\/naturalpoland.com\/wp-content\/uploads\/2021\/05\/chia-seed-oil-scaled.jpg\" \/>\n\t<meta property=\"og:image:width\" content=\"2560\" \/>\n\t<meta property=\"og:image:height\" content=\"1327\" \/>\n\t<meta property=\"og:image:type\" content=\"image\/jpeg\" \/>\n<script type=\"application\/ld+json\" class=\"yoast-schema-graph\">{\"@context\":\"https:\\\/\\\/schema.org\",\"@graph\":[{\"@type\":\"WebPage\",\"@id\":\"https:\\\/\\\/naturalpoland.com\\\/tr\\\/urunler\\\/gida-hammaddeleri\\\/gida-yaglari\\\/chia-tohumu-yagi\\\/\",\"url\":\"https:\\\/\\\/naturalpoland.com\\\/tr\\\/urunler\\\/gida-hammaddeleri\\\/gida-yaglari\\\/chia-tohumu-yagi\\\/\",\"name\":\"Chia Tohumu Ya\u011f\u0131 - Hurtowy Dystrybutor\",\"isPartOf\":{\"@id\":\"https:\\\/\\\/naturalpoland.com\\\/tr\\\/#website\"},\"primaryImageOfPage\":{\"@id\":\"https:\\\/\\\/naturalpoland.com\\\/tr\\\/urunler\\\/gida-hammaddeleri\\\/gida-yaglari\\\/chia-tohumu-yagi\\\/#primaryimage\"},\"image\":{\"@id\":\"https:\\\/\\\/naturalpoland.com\\\/tr\\\/urunler\\\/gida-hammaddeleri\\\/gida-yaglari\\\/chia-tohumu-yagi\\\/#primaryimage\"},\"thumbnailUrl\":\"https:\\\/\\\/naturalpoland.com\\\/wp-content\\\/uploads\\\/2021\\\/05\\\/chia-seed-oil-scaled.jpg\",\"datePublished\":\"2021-05-11T11:49:47+00:00\",\"dateModified\":\"2026-01-14T12:56:02+00:00\",\"breadcrumb\":{\"@id\":\"https:\\\/\\\/naturalpoland.com\\\/tr\\\/urunler\\\/gida-hammaddeleri\\\/gida-yaglari\\\/chia-tohumu-yagi\\\/#breadcrumb\"},\"inLanguage\":\"tr\",\"potentialAction\":[{\"@type\":\"ReadAction\",\"target\":[\"https:\\\/\\\/naturalpoland.com\\\/tr\\\/urunler\\\/gida-hammaddeleri\\\/gida-yaglari\\\/chia-tohumu-yagi\\\/\"]}]},{\"@type\":\"ImageObject\",\"inLanguage\":\"tr\",\"@id\":\"https:\\\/\\\/naturalpoland.com\\\/tr\\\/urunler\\\/gida-hammaddeleri\\\/gida-yaglari\\\/chia-tohumu-yagi\\\/#primaryimage\",\"url\":\"https:\\\/\\\/naturalpoland.com\\\/wp-content\\\/uploads\\\/2021\\\/05\\\/chia-seed-oil-scaled.jpg\",\"contentUrl\":\"https:\\\/\\\/naturalpoland.com\\\/wp-content\\\/uploads\\\/2021\\\/05\\\/chia-seed-oil-scaled.jpg\",\"width\":2560,\"height\":1327,\"caption\":\"Chia Tohumu Ya\u011f\u0131\"},{\"@type\":\"BreadcrumbList\",\"@id\":\"https:\\\/\\\/naturalpoland.com\\\/tr\\\/urunler\\\/gida-hammaddeleri\\\/gida-yaglari\\\/chia-tohumu-yagi\\\/#breadcrumb\",\"itemListElement\":[{\"@type\":\"ListItem\",\"position\":1,\"name\":\"Ana Sayfa\",\"item\":\"https:\\\/\\\/naturalpoland.com\\\/tr\\\/\"},{\"@type\":\"ListItem\",\"position\":2,\"name\":\"\u00dcr\u00fcnler\",\"item\":\"https:\\\/\\\/naturalpoland.com\\\/tr\\\/urunler\\\/\"},{\"@type\":\"ListItem\",\"position\":3,\"name\":\"Chia Tohumu Ya\u011f\u0131\"}]},{\"@type\":\"WebSite\",\"@id\":\"https:\\\/\\\/naturalpoland.com\\\/tr\\\/#website\",\"url\":\"https:\\\/\\\/naturalpoland.com\\\/tr\\\/\",\"name\":\"NATURAL POLAND - Hurtowy Dystrybutor Surowc\u00f3w\",\"description\":\"Surowce dla przemys\u0142u spo\u017cywczego, kosmetycznego i farmaceutycznego\",\"publisher\":{\"@id\":\"https:\\\/\\\/naturalpoland.com\\\/tr\\\/#organization\"},\"potentialAction\":[{\"@type\":\"SearchAction\",\"target\":{\"@type\":\"EntryPoint\",\"urlTemplate\":\"https:\\\/\\\/naturalpoland.com\\\/tr\\\/?s={search_term_string}\"},\"query-input\":{\"@type\":\"PropertyValueSpecification\",\"valueRequired\":true,\"valueName\":\"search_term_string\"}}],\"inLanguage\":\"tr\"},{\"@type\":\"Organization\",\"@id\":\"https:\\\/\\\/naturalpoland.com\\\/tr\\\/#organization\",\"name\":\"Natural Poland\",\"url\":\"https:\\\/\\\/naturalpoland.com\\\/tr\\\/\",\"logo\":{\"@type\":\"ImageObject\",\"inLanguage\":\"tr\",\"@id\":\"https:\\\/\\\/naturalpoland.com\\\/tr\\\/#\\\/schema\\\/logo\\\/image\\\/\",\"url\":\"https:\\\/\\\/naturalpoland.com\\\/wp-content\\\/uploads\\\/2021\\\/05\\\/natural-poland-icon.png\",\"contentUrl\":\"https:\\\/\\\/naturalpoland.com\\\/wp-content\\\/uploads\\\/2021\\\/05\\\/natural-poland-icon.png\",\"width\":512,\"height\":512,\"caption\":\"Natural Poland\"},\"image\":{\"@id\":\"https:\\\/\\\/naturalpoland.com\\\/tr\\\/#\\\/schema\\\/logo\\\/image\\\/\"},\"sameAs\":[\"https:\\\/\\\/www.facebook.com\\\/naturalpoland.b2b\",\"https:\\\/\\\/pl.linkedin.com\\\/company\\\/natural-poland\",\"https:\\\/\\\/www.youtube.com\\\/channel\\\/UCgeGGkvOMahZo-xu_MSEWxg\"]}]}<\/script>\n<!-- \/ Yoast SEO plugin. -->","yoast_head_json":{"title":"Chia Tohumu Ya\u011f\u0131 - Hurtowy Dystrybutor","robots":{"index":"index","follow":"follow","max-snippet":"max-snippet:-1","max-image-preview":"max-image-preview:large","max-video-preview":"max-video-preview:-1"},"canonical":"https:\/\/naturalpoland.com\/tr\/urunler\/gida-hammaddeleri\/gida-yaglari\/chia-tohumu-yagi\/","og_locale":"tr_TR","og_type":"article","og_title":"Chia Tohumu Ya\u011f\u0131 - Hurtowy Dystrybutor","og_description":"G\u0131da ve kozmetik kalitesinde so\u011fuk s\u0131k\u0131m Chia Tohumu Ya\u011f\u0131n\u0131n toptan distrib\u00fct\u00f6r\u00fcy\u00fcz. Chia Ya\u011f\u0131 g\u0131da ve kozmetik \u00fcr\u00fcn\u00fc olarak m\u00fckemmel performans g\u00f6sterir. \u00c7ok y\u00f6nl\u00fcl\u00fc\u011f\u00fc sayesinde diyet ve g\u00fcnl\u00fck bak\u0131m\u0131n bir\u00e7ok tekil unsurunu ba\u015far\u0131yla de\u011fi\u015ftirebilir.","og_url":"https:\/\/naturalpoland.com\/tr\/urunler\/gida-hammaddeleri\/gida-yaglari\/chia-tohumu-yagi\/","og_site_name":"NATURAL POLAND - Hurtowy Dystrybutor Surowc\u00f3w","article_publisher":"https:\/\/www.facebook.com\/naturalpoland.b2b","article_modified_time":"2026-01-14T12:56:02+00:00","og_image":[{"width":2560,"height":1327,"url":"https:\/\/naturalpoland.com\/wp-content\/uploads\/2021\/05\/chia-seed-oil-scaled.jpg","type":"image\/jpeg"}],"schema":{"@context":"https:\/\/schema.org","@graph":[{"@type":"WebPage","@id":"https:\/\/naturalpoland.com\/tr\/urunler\/gida-hammaddeleri\/gida-yaglari\/chia-tohumu-yagi\/","url":"https:\/\/naturalpoland.com\/tr\/urunler\/gida-hammaddeleri\/gida-yaglari\/chia-tohumu-yagi\/","name":"Chia Tohumu Ya\u011f\u0131 - Hurtowy Dystrybutor","isPartOf":{"@id":"https:\/\/naturalpoland.com\/tr\/#website"},"primaryImageOfPage":{"@id":"https:\/\/naturalpoland.com\/tr\/urunler\/gida-hammaddeleri\/gida-yaglari\/chia-tohumu-yagi\/#primaryimage"},"image":{"@id":"https:\/\/naturalpoland.com\/tr\/urunler\/gida-hammaddeleri\/gida-yaglari\/chia-tohumu-yagi\/#primaryimage"},"thumbnailUrl":"https:\/\/naturalpoland.com\/wp-content\/uploads\/2021\/05\/chia-seed-oil-scaled.jpg","datePublished":"2021-05-11T11:49:47+00:00","dateModified":"2026-01-14T12:56:02+00:00","breadcrumb":{"@id":"https:\/\/naturalpoland.com\/tr\/urunler\/gida-hammaddeleri\/gida-yaglari\/chia-tohumu-yagi\/#breadcrumb"},"inLanguage":"tr","potentialAction":[{"@type":"ReadAction","target":["https:\/\/naturalpoland.com\/tr\/urunler\/gida-hammaddeleri\/gida-yaglari\/chia-tohumu-yagi\/"]}]},{"@type":"ImageObject","inLanguage":"tr","@id":"https:\/\/naturalpoland.com\/tr\/urunler\/gida-hammaddeleri\/gida-yaglari\/chia-tohumu-yagi\/#primaryimage","url":"https:\/\/naturalpoland.com\/wp-content\/uploads\/2021\/05\/chia-seed-oil-scaled.jpg","contentUrl":"https:\/\/naturalpoland.com\/wp-content\/uploads\/2021\/05\/chia-seed-oil-scaled.jpg","width":2560,"height":1327,"caption":"Chia Tohumu Ya\u011f\u0131"},{"@type":"BreadcrumbList","@id":"https:\/\/naturalpoland.com\/tr\/urunler\/gida-hammaddeleri\/gida-yaglari\/chia-tohumu-yagi\/#breadcrumb","itemListElement":[{"@type":"ListItem","position":1,"name":"Ana Sayfa","item":"https:\/\/naturalpoland.com\/tr\/"},{"@type":"ListItem","position":2,"name":"\u00dcr\u00fcnler","item":"https:\/\/naturalpoland.com\/tr\/urunler\/"},{"@type":"ListItem","position":3,"name":"Chia Tohumu Ya\u011f\u0131"}]},{"@type":"WebSite","@id":"https:\/\/naturalpoland.com\/tr\/#website","url":"https:\/\/naturalpoland.com\/tr\/","name":"NATURAL POLAND - Hurtowy Dystrybutor Surowc\u00f3w","description":"Surowce dla przemys\u0142u spo\u017cywczego, kosmetycznego i farmaceutycznego","publisher":{"@id":"https:\/\/naturalpoland.com\/tr\/#organization"},"potentialAction":[{"@type":"SearchAction","target":{"@type":"EntryPoint","urlTemplate":"https:\/\/naturalpoland.com\/tr\/?s={search_term_string}"},"query-input":{"@type":"PropertyValueSpecification","valueRequired":true,"valueName":"search_term_string"}}],"inLanguage":"tr"},{"@type":"Organization","@id":"https:\/\/naturalpoland.com\/tr\/#organization","name":"Natural Poland","url":"https:\/\/naturalpoland.com\/tr\/","logo":{"@type":"ImageObject","inLanguage":"tr","@id":"https:\/\/naturalpoland.com\/tr\/#\/schema\/logo\/image\/","url":"https:\/\/naturalpoland.com\/wp-content\/uploads\/2021\/05\/natural-poland-icon.png","contentUrl":"https:\/\/naturalpoland.com\/wp-content\/uploads\/2021\/05\/natural-poland-icon.png","width":512,"height":512,"caption":"Natural Poland"},"image":{"@id":"https:\/\/naturalpoland.com\/tr\/#\/schema\/logo\/image\/"},"sameAs":["https:\/\/www.facebook.com\/naturalpoland.b2b","https:\/\/pl.linkedin.com\/company\/natural-poland","https:\/\/www.youtube.com\/channel\/UCgeGGkvOMahZo-xu_MSEWxg"]}]}},"_links":{"self":[{"href":"https:\/\/naturalpoland.com\/tr\/wp-json\/wp\/v2\/product\/44928","targetHints":{"allow":["GET"]}}],"collection":[{"href":"https:\/\/naturalpoland.com\/tr\/wp-json\/wp\/v2\/product"}],"about":[{"href":"https:\/\/naturalpoland.com\/tr\/wp-json\/wp\/v2\/types\/product"}],"wp:featuredmedia":[{"embeddable":true,"href":"https:\/\/naturalpoland.com\/tr\/wp-json\/wp\/v2\/media\/44929"}],"wp:attachment":[{"href":"https:\/\/naturalpoland.com\/tr\/wp-json\/wp\/v2\/media?parent=44928"}],"wp:term":[{"taxonomy":"product_brand","embeddable":true,"href":"https:\/\/naturalpoland.com\/tr\/wp-json\/wp\/v2\/product_brand?post=44928"},{"taxonomy":"product_cat","embeddable":true,"href":"https:\/\/naturalpoland.com\/tr\/wp-json\/wp\/v2\/product_cat?post=44928"},{"taxonomy":"product_tag","embeddable":true,"href":"https:\/\/naturalpoland.com\/tr\/wp-json\/wp\/v2\/product_tag?post=44928"}],"curies":[{"name":"wp","href":"https:\/\/api.w.org\/{rel}","templated":true}]}}