{"id":44949,"date":"2021-05-11T13:50:09","date_gmt":"2021-05-11T11:50:09","guid":{"rendered":"https:\/\/naturalpoland.com\/produkty\/kategorilenmemis\/corek-otu-yagi\/"},"modified":"2026-01-14T13:58:06","modified_gmt":"2026-01-14T12:58:06","slug":"corek-otu-yagi","status":"publish","type":"product","link":"https:\/\/naturalpoland.com\/tr\/urunler\/gida-hammaddeleri\/gida-yaglari\/corek-otu-yagi\/","title":{"rendered":"\u00c7\u00f6rek otu ya\u011f\u0131"},"content":{"rendered":"<h2>\u00dcretim s\u00fcreci<\/h2>\n<p>Bu <strong>so\u011fuk s\u0131k\u0131m, rafine edilmemi\u015f<\/strong> ya\u011f, t\u00fcm de\u011ferli besin maddelerini korur, bu da onu bir\u00e7ok uygulamada son derece de\u011ferli k\u0131lar. So\u011fuk s\u0131k\u0131m, t\u00fcm de\u011ferli besin maddelerinin korunmas\u0131n\u0131 sa\u011flar ve ya\u011f\u0131n rafine edilmemi\u015f ve kimyasal katk\u0131 maddelerinden ar\u0131nd\u0131r\u0131lm\u0131\u015f kalmas\u0131n\u0131 temin eder. <\/p>\n<h2>Besin maddeleri<\/h2>\n<p>\u00c7\u00f6rek otu ya\u011f\u0131, kalp ve dola\u015f\u0131m sistemi sa\u011fl\u0131\u011f\u0131 \u00fczerinde faydal\u0131 etkileri oldu\u011fu bilinen y\u00fcksek konsantrasyonda <strong>Omega-3<\/strong> ve <strong>Omega-6<\/strong> ya\u011f asitleri ile <strong>linoleik asit<\/strong> i\u00e7erir. Ayr\u0131ca, histamin sal\u0131n\u0131m\u0131n\u0131 bloke ederek alerjilerin tedavisinde etkili olan <strong>timokinon<\/strong> ve <strong>nigellon<\/strong> adl\u0131 biyoaktif bile\u015fikler i\u00e7erir. <\/p>\n<h2>\u00c7\u00f6rek otu ya\u011f\u0131n\u0131n sa\u011fl\u0131k \u00f6zellikleri<\/h2>\n<p>Bu \u00fcr\u00fcn \u00f6zellikle kolesterol ve kan \u015fekeri seviyelerini kontrol etmek isteyen ki\u015filer i\u00e7in \u00f6nerilir. \u00c7\u00f6rek otu ya\u011f\u0131 karbonhidrat metabolizmas\u0131n\u0131 d\u00fczenler, yemek sonras\u0131 kan \u015fekeri seviyesini d\u00fc\u015f\u00fcr\u00fcr, bu da onu ins\u00fclin direnci ve tip 2 diyabet \u00f6nleminde yard\u0131mc\u0131 k\u0131lar. Ek olarak, antihistaminik etkisi onu alerji tedavisinde destek yapar.  <\/p>\n<h2>Kozmetik uygulamas\u0131<\/h2>\n<p>Kozmetik sekt\u00f6r\u00fcnde \u00e7\u00f6rek otu ya\u011f\u0131, nemlendirici, yenileyici ve anti-enflamatuar \u00f6zellikleri nedeniyle de\u011ferlidir. Kuru, hassas ve sorunlu ciltler i\u00e7in idealdir. D\u00fczenli kullan\u0131ld\u0131\u011f\u0131nda, cilt iltihab\u0131n\u0131 hafifletmeye ve do\u011fal yenilenme s\u00fcre\u00e7lerini desteklemeye yard\u0131mc\u0131 olabilir.  <\/p>\n<h2>Ba\u011f\u0131\u015f\u0131kl\u0131k deste\u011fi<\/h2>\n<p>\u00c7\u00f6rek otu tohumu ya\u011f\u0131, antiviral ve antibakteriyel \u00f6zellikleri sayesinde ba\u011f\u0131\u015f\u0131kl\u0131k sistemini de destekler. V\u00fccudu \u00e7e\u015fitli patojenlere kar\u015f\u0131 korumaya yard\u0131mc\u0131 olur. <\/p>\n<h2>Saklama ve ambalajlama<\/h2>\n<p>\u00c7\u00f6rek otu ya\u011f\u0131 20\u00b0C&#8217;nin alt\u0131nda, karanl\u0131k bir yerde, g\u00fcne\u015f \u0131\u015f\u0131\u011f\u0131ndan uzakta saklanmal\u0131d\u0131r. A\u00e7\u0131ld\u0131ktan sonra buzdolab\u0131nda saklay\u0131n. \u00dcr\u00fcn, onayl\u0131 plastik kovalarda (20l) ve koyu renkli cam \u015fi\u015felerde (250ml, 500ml, 1000ml) ambalajlan\u0131r. Ambalajlar 1935\/2004 say\u0131l\u0131 AT Y\u00f6netmeli\u011fi&#8217;ne uygundur.   <\/p>\n<h3><\/h3>\n<h2>Besin de\u011ferleri (100g&#8217;da)<\/h2>\n<ul>\n<li><strong>Enerji de\u011feri:<\/strong> 3620 kJ\/864 kcal<\/li>\n<li><strong>Ya\u011f:<\/strong> 96,2g\n<ul>\n<li><strong>Doymu\u015f ya\u011f asitleri:<\/strong> 14,6g<\/li>\n<li><strong>Tekli doymam\u0131\u015f ya\u011f asitleri:<\/strong> 23,8g<\/li>\n<li><strong>\u00c7oklu doymam\u0131\u015f ya\u011f asitleri:<\/strong> 53,3g (omega-6 dahil: 52,8g)<\/li>\n<\/ul>\n<\/li>\n<li><strong>Karbonhidratlar:<\/strong> 2,6g (\u015fekerler dahil: 0g)<\/li>\n<li><strong>Protein:<\/strong> 0,7g<\/li>\n<li><strong>Tuz:<\/strong> 0g<\/li>\n<\/ul>\n","protected":false},"excerpt":{"rendered":"<p>\u00c7\u00f6rek otu tohumu ya\u011f\u0131n\u0131n toptan da\u011f\u0131t\u0131c\u0131s\u0131 olarak, g\u0131da, ila\u00e7 ve kozmetik sekt\u00f6rlerinde kullan\u0131lan en y\u00fcksek g\u0131da kalitesinde bir \u00fcr\u00fcn sunuyoruz.<\/p>\n","protected":false},"featured_media":44953,"template":"","meta":{"_acf_changed":false},"product_brand":[],"product_cat":[9551,9532,9571],"product_tag":[],"class_list":{"0":"post-44949","1":"product","2":"type-product","3":"status-publish","4":"has-post-thumbnail","6":"product_cat-kozmetik-yaglari","7":"product_cat-gida-ve-kozmetik-yaglari","8":"product_cat-gida-yaglari","9":"pa_czesc-rosliny-tohumlar","10":"pa_metoda-pozyskiwania-soguk-pres","12":"first","13":"instock","14":"shipping-taxable","15":"product-type-simple"},"acf":[],"yoast_head":"<!-- This site is optimized with the Yoast SEO plugin v27.5 - https:\/\/yoast.com\/product\/yoast-seo-wordpress\/ -->\n<title>\u00c7\u00f6rek otu ya\u011f\u0131 - NATURAL POLAND - Hurtowy Dystrybutor Surowc\u00f3w<\/title>\n<meta name=\"description\" content=\"\u00c7\u00f6rek otu ya\u011f\u0131 rafine edilmemi\u015ftir, bu nedenle do\u011fal \u00f6zelliklerinin \u00e7o\u011funu korur. Ya\u011f, y\u00fcksek oranda doymam\u0131\u015f ya\u011f asidi i\u00e7erir.\" \/>\n<meta name=\"robots\" content=\"index, follow, max-snippet:-1, max-image-preview:large, max-video-preview:-1\" \/>\n<link rel=\"canonical\" href=\"https:\/\/naturalpoland.com\/tr\/urunler\/gida-hammaddeleri\/gida-yaglari\/corek-otu-yagi\/\" \/>\n<meta property=\"og:locale\" content=\"tr_TR\" \/>\n<meta property=\"og:type\" content=\"article\" \/>\n<meta property=\"og:title\" content=\"\u00c7\u00f6rek otu ya\u011f\u0131 - NATURAL POLAND - Hurtowy Dystrybutor Surowc\u00f3w\" \/>\n<meta property=\"og:description\" content=\"\u00c7\u00f6rek otu ya\u011f\u0131 rafine edilmemi\u015ftir, bu nedenle do\u011fal \u00f6zelliklerinin \u00e7o\u011funu korur. Ya\u011f, y\u00fcksek oranda doymam\u0131\u015f ya\u011f asidi i\u00e7erir.\" \/>\n<meta property=\"og:url\" content=\"https:\/\/naturalpoland.com\/tr\/urunler\/gida-hammaddeleri\/gida-yaglari\/corek-otu-yagi\/\" \/>\n<meta property=\"og:site_name\" content=\"NATURAL POLAND - Hurtowy Dystrybutor Surowc\u00f3w\" \/>\n<meta property=\"article:publisher\" content=\"https:\/\/www.facebook.com\/naturalpoland.b2b\" \/>\n<meta property=\"article:modified_time\" content=\"2026-01-14T12:58:06+00:00\" \/>\n<meta property=\"og:image\" content=\"https:\/\/naturalpoland.com\/wp-content\/uploads\/kminek-1.jpg\" \/>\n\t<meta property=\"og:image:width\" content=\"650\" \/>\n\t<meta property=\"og:image:height\" content=\"650\" \/>\n\t<meta property=\"og:image:type\" content=\"image\/jpeg\" \/>\n<script type=\"application\/ld+json\" class=\"yoast-schema-graph\">{\"@context\":\"https:\\\/\\\/schema.org\",\"@graph\":[{\"@type\":\"WebPage\",\"@id\":\"https:\\\/\\\/naturalpoland.com\\\/tr\\\/urunler\\\/gida-hammaddeleri\\\/gida-yaglari\\\/corek-otu-yagi\\\/\",\"url\":\"https:\\\/\\\/naturalpoland.com\\\/tr\\\/urunler\\\/gida-hammaddeleri\\\/gida-yaglari\\\/corek-otu-yagi\\\/\",\"name\":\"\u00c7\u00f6rek otu ya\u011f\u0131 - NATURAL POLAND - Hurtowy Dystrybutor Surowc\u00f3w\",\"isPartOf\":{\"@id\":\"https:\\\/\\\/naturalpoland.com\\\/tr\\\/#website\"},\"primaryImageOfPage\":{\"@id\":\"https:\\\/\\\/naturalpoland.com\\\/tr\\\/urunler\\\/gida-hammaddeleri\\\/gida-yaglari\\\/corek-otu-yagi\\\/#primaryimage\"},\"image\":{\"@id\":\"https:\\\/\\\/naturalpoland.com\\\/tr\\\/urunler\\\/gida-hammaddeleri\\\/gida-yaglari\\\/corek-otu-yagi\\\/#primaryimage\"},\"thumbnailUrl\":\"https:\\\/\\\/naturalpoland.com\\\/wp-content\\\/uploads\\\/kminek-1.jpg\",\"datePublished\":\"2021-05-11T11:50:09+00:00\",\"dateModified\":\"2026-01-14T12:58:06+00:00\",\"description\":\"\u00c7\u00f6rek otu ya\u011f\u0131 rafine edilmemi\u015ftir, bu nedenle do\u011fal \u00f6zelliklerinin \u00e7o\u011funu korur. Ya\u011f, y\u00fcksek oranda doymam\u0131\u015f ya\u011f asidi i\u00e7erir.\",\"breadcrumb\":{\"@id\":\"https:\\\/\\\/naturalpoland.com\\\/tr\\\/urunler\\\/gida-hammaddeleri\\\/gida-yaglari\\\/corek-otu-yagi\\\/#breadcrumb\"},\"inLanguage\":\"tr\",\"potentialAction\":[{\"@type\":\"ReadAction\",\"target\":[\"https:\\\/\\\/naturalpoland.com\\\/tr\\\/urunler\\\/gida-hammaddeleri\\\/gida-yaglari\\\/corek-otu-yagi\\\/\"]}]},{\"@type\":\"ImageObject\",\"inLanguage\":\"tr\",\"@id\":\"https:\\\/\\\/naturalpoland.com\\\/tr\\\/urunler\\\/gida-hammaddeleri\\\/gida-yaglari\\\/corek-otu-yagi\\\/#primaryimage\",\"url\":\"https:\\\/\\\/naturalpoland.com\\\/wp-content\\\/uploads\\\/kminek-1.jpg\",\"contentUrl\":\"https:\\\/\\\/naturalpoland.com\\\/wp-content\\\/uploads\\\/kminek-1.jpg\",\"width\":650,\"height\":650,\"caption\":\"Siyah kimyon (\u00e7\u00f6rek otu) tohumu ya\u011f\u0131\"},{\"@type\":\"BreadcrumbList\",\"@id\":\"https:\\\/\\\/naturalpoland.com\\\/tr\\\/urunler\\\/gida-hammaddeleri\\\/gida-yaglari\\\/corek-otu-yagi\\\/#breadcrumb\",\"itemListElement\":[{\"@type\":\"ListItem\",\"position\":1,\"name\":\"Ana Sayfa\",\"item\":\"https:\\\/\\\/naturalpoland.com\\\/tr\\\/\"},{\"@type\":\"ListItem\",\"position\":2,\"name\":\"\u00dcr\u00fcnler\",\"item\":\"https:\\\/\\\/naturalpoland.com\\\/tr\\\/urunler\\\/\"},{\"@type\":\"ListItem\",\"position\":3,\"name\":\"\u00c7\u00f6rek otu ya\u011f\u0131\"}]},{\"@type\":\"WebSite\",\"@id\":\"https:\\\/\\\/naturalpoland.com\\\/tr\\\/#website\",\"url\":\"https:\\\/\\\/naturalpoland.com\\\/tr\\\/\",\"name\":\"NATURAL POLAND - Hurtowy Dystrybutor Surowc\u00f3w\",\"description\":\"Surowce dla przemys\u0142u spo\u017cywczego, kosmetycznego i farmaceutycznego\",\"publisher\":{\"@id\":\"https:\\\/\\\/naturalpoland.com\\\/tr\\\/#organization\"},\"potentialAction\":[{\"@type\":\"SearchAction\",\"target\":{\"@type\":\"EntryPoint\",\"urlTemplate\":\"https:\\\/\\\/naturalpoland.com\\\/tr\\\/?s={search_term_string}\"},\"query-input\":{\"@type\":\"PropertyValueSpecification\",\"valueRequired\":true,\"valueName\":\"search_term_string\"}}],\"inLanguage\":\"tr\"},{\"@type\":\"Organization\",\"@id\":\"https:\\\/\\\/naturalpoland.com\\\/tr\\\/#organization\",\"name\":\"Natural Poland\",\"url\":\"https:\\\/\\\/naturalpoland.com\\\/tr\\\/\",\"logo\":{\"@type\":\"ImageObject\",\"inLanguage\":\"tr\",\"@id\":\"https:\\\/\\\/naturalpoland.com\\\/tr\\\/#\\\/schema\\\/logo\\\/image\\\/\",\"url\":\"https:\\\/\\\/naturalpoland.com\\\/wp-content\\\/uploads\\\/2021\\\/05\\\/natural-poland-icon.png\",\"contentUrl\":\"https:\\\/\\\/naturalpoland.com\\\/wp-content\\\/uploads\\\/2021\\\/05\\\/natural-poland-icon.png\",\"width\":512,\"height\":512,\"caption\":\"Natural Poland\"},\"image\":{\"@id\":\"https:\\\/\\\/naturalpoland.com\\\/tr\\\/#\\\/schema\\\/logo\\\/image\\\/\"},\"sameAs\":[\"https:\\\/\\\/www.facebook.com\\\/naturalpoland.b2b\",\"https:\\\/\\\/pl.linkedin.com\\\/company\\\/natural-poland\",\"https:\\\/\\\/www.youtube.com\\\/channel\\\/UCgeGGkvOMahZo-xu_MSEWxg\"]}]}<\/script>\n<!-- \/ Yoast SEO plugin. -->","yoast_head_json":{"title":"\u00c7\u00f6rek otu ya\u011f\u0131 - NATURAL POLAND - Hurtowy Dystrybutor Surowc\u00f3w","description":"\u00c7\u00f6rek otu ya\u011f\u0131 rafine edilmemi\u015ftir, bu nedenle do\u011fal \u00f6zelliklerinin \u00e7o\u011funu korur. Ya\u011f, y\u00fcksek oranda doymam\u0131\u015f ya\u011f asidi i\u00e7erir.","robots":{"index":"index","follow":"follow","max-snippet":"max-snippet:-1","max-image-preview":"max-image-preview:large","max-video-preview":"max-video-preview:-1"},"canonical":"https:\/\/naturalpoland.com\/tr\/urunler\/gida-hammaddeleri\/gida-yaglari\/corek-otu-yagi\/","og_locale":"tr_TR","og_type":"article","og_title":"\u00c7\u00f6rek otu ya\u011f\u0131 - NATURAL POLAND - Hurtowy Dystrybutor Surowc\u00f3w","og_description":"\u00c7\u00f6rek otu ya\u011f\u0131 rafine edilmemi\u015ftir, bu nedenle do\u011fal \u00f6zelliklerinin \u00e7o\u011funu korur. Ya\u011f, y\u00fcksek oranda doymam\u0131\u015f ya\u011f asidi i\u00e7erir.","og_url":"https:\/\/naturalpoland.com\/tr\/urunler\/gida-hammaddeleri\/gida-yaglari\/corek-otu-yagi\/","og_site_name":"NATURAL POLAND - Hurtowy Dystrybutor Surowc\u00f3w","article_publisher":"https:\/\/www.facebook.com\/naturalpoland.b2b","article_modified_time":"2026-01-14T12:58:06+00:00","og_image":[{"width":650,"height":650,"url":"https:\/\/naturalpoland.com\/wp-content\/uploads\/kminek-1.jpg","type":"image\/jpeg"}],"schema":{"@context":"https:\/\/schema.org","@graph":[{"@type":"WebPage","@id":"https:\/\/naturalpoland.com\/tr\/urunler\/gida-hammaddeleri\/gida-yaglari\/corek-otu-yagi\/","url":"https:\/\/naturalpoland.com\/tr\/urunler\/gida-hammaddeleri\/gida-yaglari\/corek-otu-yagi\/","name":"\u00c7\u00f6rek otu ya\u011f\u0131 - NATURAL POLAND - Hurtowy Dystrybutor Surowc\u00f3w","isPartOf":{"@id":"https:\/\/naturalpoland.com\/tr\/#website"},"primaryImageOfPage":{"@id":"https:\/\/naturalpoland.com\/tr\/urunler\/gida-hammaddeleri\/gida-yaglari\/corek-otu-yagi\/#primaryimage"},"image":{"@id":"https:\/\/naturalpoland.com\/tr\/urunler\/gida-hammaddeleri\/gida-yaglari\/corek-otu-yagi\/#primaryimage"},"thumbnailUrl":"https:\/\/naturalpoland.com\/wp-content\/uploads\/kminek-1.jpg","datePublished":"2021-05-11T11:50:09+00:00","dateModified":"2026-01-14T12:58:06+00:00","description":"\u00c7\u00f6rek otu ya\u011f\u0131 rafine edilmemi\u015ftir, bu nedenle do\u011fal \u00f6zelliklerinin \u00e7o\u011funu korur. Ya\u011f, y\u00fcksek oranda doymam\u0131\u015f ya\u011f asidi i\u00e7erir.","breadcrumb":{"@id":"https:\/\/naturalpoland.com\/tr\/urunler\/gida-hammaddeleri\/gida-yaglari\/corek-otu-yagi\/#breadcrumb"},"inLanguage":"tr","potentialAction":[{"@type":"ReadAction","target":["https:\/\/naturalpoland.com\/tr\/urunler\/gida-hammaddeleri\/gida-yaglari\/corek-otu-yagi\/"]}]},{"@type":"ImageObject","inLanguage":"tr","@id":"https:\/\/naturalpoland.com\/tr\/urunler\/gida-hammaddeleri\/gida-yaglari\/corek-otu-yagi\/#primaryimage","url":"https:\/\/naturalpoland.com\/wp-content\/uploads\/kminek-1.jpg","contentUrl":"https:\/\/naturalpoland.com\/wp-content\/uploads\/kminek-1.jpg","width":650,"height":650,"caption":"Siyah kimyon (\u00e7\u00f6rek otu) tohumu ya\u011f\u0131"},{"@type":"BreadcrumbList","@id":"https:\/\/naturalpoland.com\/tr\/urunler\/gida-hammaddeleri\/gida-yaglari\/corek-otu-yagi\/#breadcrumb","itemListElement":[{"@type":"ListItem","position":1,"name":"Ana Sayfa","item":"https:\/\/naturalpoland.com\/tr\/"},{"@type":"ListItem","position":2,"name":"\u00dcr\u00fcnler","item":"https:\/\/naturalpoland.com\/tr\/urunler\/"},{"@type":"ListItem","position":3,"name":"\u00c7\u00f6rek otu ya\u011f\u0131"}]},{"@type":"WebSite","@id":"https:\/\/naturalpoland.com\/tr\/#website","url":"https:\/\/naturalpoland.com\/tr\/","name":"NATURAL POLAND - Hurtowy Dystrybutor Surowc\u00f3w","description":"Surowce dla przemys\u0142u spo\u017cywczego, kosmetycznego i farmaceutycznego","publisher":{"@id":"https:\/\/naturalpoland.com\/tr\/#organization"},"potentialAction":[{"@type":"SearchAction","target":{"@type":"EntryPoint","urlTemplate":"https:\/\/naturalpoland.com\/tr\/?s={search_term_string}"},"query-input":{"@type":"PropertyValueSpecification","valueRequired":true,"valueName":"search_term_string"}}],"inLanguage":"tr"},{"@type":"Organization","@id":"https:\/\/naturalpoland.com\/tr\/#organization","name":"Natural Poland","url":"https:\/\/naturalpoland.com\/tr\/","logo":{"@type":"ImageObject","inLanguage":"tr","@id":"https:\/\/naturalpoland.com\/tr\/#\/schema\/logo\/image\/","url":"https:\/\/naturalpoland.com\/wp-content\/uploads\/2021\/05\/natural-poland-icon.png","contentUrl":"https:\/\/naturalpoland.com\/wp-content\/uploads\/2021\/05\/natural-poland-icon.png","width":512,"height":512,"caption":"Natural Poland"},"image":{"@id":"https:\/\/naturalpoland.com\/tr\/#\/schema\/logo\/image\/"},"sameAs":["https:\/\/www.facebook.com\/naturalpoland.b2b","https:\/\/pl.linkedin.com\/company\/natural-poland","https:\/\/www.youtube.com\/channel\/UCgeGGkvOMahZo-xu_MSEWxg"]}]}},"_links":{"self":[{"href":"https:\/\/naturalpoland.com\/tr\/wp-json\/wp\/v2\/product\/44949","targetHints":{"allow":["GET"]}}],"collection":[{"href":"https:\/\/naturalpoland.com\/tr\/wp-json\/wp\/v2\/product"}],"about":[{"href":"https:\/\/naturalpoland.com\/tr\/wp-json\/wp\/v2\/types\/product"}],"wp:featuredmedia":[{"embeddable":true,"href":"https:\/\/naturalpoland.com\/tr\/wp-json\/wp\/v2\/media\/44953"}],"wp:attachment":[{"href":"https:\/\/naturalpoland.com\/tr\/wp-json\/wp\/v2\/media?parent=44949"}],"wp:term":[{"taxonomy":"product_brand","embeddable":true,"href":"https:\/\/naturalpoland.com\/tr\/wp-json\/wp\/v2\/product_brand?post=44949"},{"taxonomy":"product_cat","embeddable":true,"href":"https:\/\/naturalpoland.com\/tr\/wp-json\/wp\/v2\/product_cat?post=44949"},{"taxonomy":"product_tag","embeddable":true,"href":"https:\/\/naturalpoland.com\/tr\/wp-json\/wp\/v2\/product_tag?post=44949"}],"curies":[{"name":"wp","href":"https:\/\/api.w.org\/{rel}","templated":true}]}}