{"id":44956,"date":"2021-05-11T13:45:43","date_gmt":"2021-05-11T11:45:43","guid":{"rendered":"https:\/\/naturalpoland.com\/produkty\/kategorilenmemis\/l-losin\/"},"modified":"2026-01-14T14:05:49","modified_gmt":"2026-01-14T13:05:49","slug":"l-losin","status":"publish","type":"product","link":"https:\/\/naturalpoland.com\/tr\/urunler\/farmasotik-hammaddeler\/amino-asitler\/l-losin\/","title":{"rendered":"L-l\u00f6sin"},"content":{"rendered":"<h2>L-l\u00f6sin &#8211; takviyesi<\/h2>\n<p>L-l\u00f6sin do\u011fal olarak <strong>et<\/strong>, <strong>bal\u0131k<\/strong>, <strong>yumurta<\/strong>, <strong>s\u00fct \u00fcr\u00fcnleri<\/strong> ve protein a\u00e7\u0131s\u0131ndan zengin baz\u0131 bitkilerde bulunur. Ancak, yo\u011fun antrenman veya y\u00fcksek rejenerasyon ve anabolik ihtiya\u00e7lar\u0131 olan diyetlerde L-l\u00f6sin takviyesi \u00f6nerilir. Bu amino asit, kas protein sentezini ba\u015flat\u0131r ve besinlerin kaslara iletilmesinden, kas rejenerasyonu ve geli\u015fiminden sorumlu mTOR gibi \u00f6nemli metabolik yolaklar\u0131 d\u00fczenler.  <\/p>\n<p>Antrenman \u00f6ncesi L-l\u00f6sin takviyesi dayan\u0131kl\u0131l\u0131\u011f\u0131 art\u0131r\u0131r ve daha uzun ve yo\u011fun egzersizlere olanak sa\u011flar. Antrenman sonras\u0131 al\u0131nd\u0131\u011f\u0131nda ise daha h\u0131zl\u0131 rejenerasyonu destekler ve kas katabolizmas\u0131 riskini azalt\u0131r. <\/p>\n<h2>L-l\u00f6sin&#8217;in etkileri<\/h2>\n<p>BCAA&#8217;n\u0131n ana bile\u015feni olan L-l\u00f6sin, v\u00fccutta hem <strong>anabolik<\/strong> hem de <strong>antikatabolik<\/strong> s\u00fcre\u00e7leri destekler. Bu, yaln\u0131zca yeni kas dokular\u0131n\u0131n olu\u015fumuna katk\u0131da bulunmakla kalmay\u0131p, ayn\u0131 zamanda yo\u011fun fiziksel aktivite s\u0131ras\u0131nda mevcut kas liflerinin par\u00e7alanmas\u0131n\u0131 da \u00f6nler. B\u00f6ylece L-l\u00f6sin, kas geli\u015fimi i\u00e7in kritik olan pozitif azot dengesinin korunmas\u0131n\u0131 destekler. Ayr\u0131ca, bu amino asit, kaslara besin iletimini iyile\u015ftiren g\u00fc\u00e7l\u00fc bir anabolik hormon olan <strong>ins\u00fclin salg\u0131lanmas\u0131<\/strong> \u00fczerinde etkilidir.   <\/p>\n<p>Ek olarak, L-l\u00f6sin stres hormonu olan <strong>kortizol seviyesini d\u00fc\u015f\u00fcrme<\/strong> yetene\u011fine sahiptir. Sadece fiziksel d\u00fczeyde de\u011fil, sinir sisteminin i\u015fleyi\u015fi \u00fczerinde de olumlu etki g\u00f6sterir. Beyindeki tokluk merkezini aktive ederek <strong>i\u015ftah kontrol\u00fcne<\/strong> yard\u0131mc\u0131 olabilir.   <\/p>\n<p>Bu amino asitin eksikli\u011fi, v\u00fccut zay\u0131fl\u0131\u011f\u0131na, fiziksel performans d\u00fc\u015f\u00fckl\u00fc\u011f\u00fcne ve yorgunluk, ba\u015f d\u00f6nmesi ve d\u00fc\u015f\u00fck ruh hali gibi rahats\u0131zl\u0131klara yol a\u00e7abilir.<\/p>\n<p>L-l\u00f6sin, rejenerasyon s\u00fcre\u00e7lerinin yava\u015flad\u0131\u011f\u0131 ya\u015fl\u0131 bireylerde kas dokular\u0131n\u0131 koruyucu etki g\u00f6sterir. Ara\u015ft\u0131rmalar, ya\u015fl\u0131 bireylerde L-l\u00f6sin takviyesinin, a\u015f\u0131r\u0131 kas k\u00fctlesi kayb\u0131n\u0131 \u00f6nleyerek hareket kabiliyetini ve ya\u015fam kalitesini iyile\u015ftirdi\u011fini g\u00f6stermi\u015ftir. <\/p>\n<p>&nbsp;<\/p>\n","protected":false},"excerpt":{"rendered":"<p><strong>L-l\u00f6sin<\/strong>, <strong>BCAA<\/strong> (dall\u0131 zincirli amino asitler) grubuna ait esansiyel bir amino asittir. V\u00fccutta kas k\u00fctlesi geli\u015fimini, rejenerasyon s\u00fcre\u00e7lerini ve fiziksel performans\u0131 destekleyen anabolik bir rol oynar. \u0130nsan v\u00fccudu L-l\u00f6sin&#8217;i kendi ba\u015f\u0131na sentezleyemedi\u011finden, besinler veya takviyeler yoluyla al\u0131nmas\u0131 gerekir.  <\/p>\n","protected":false},"featured_media":44957,"template":"","meta":{"_acf_changed":false},"product_brand":[],"product_cat":[9539],"product_tag":[],"class_list":{"0":"post-44956","1":"product","2":"type-product","3":"status-publish","4":"has-post-thumbnail","6":"product_cat-amino-asitler","8":"first","9":"instock","10":"shipping-taxable","11":"product-type-simple"},"acf":[],"yoast_head":"<!-- This site is optimized with the Yoast SEO plugin v27.4 - https:\/\/yoast.com\/product\/yoast-seo-wordpress\/ -->\n<title>L-l\u00f6sin - NATURAL POLAND - Hurtowy Dystrybutor Surowc\u00f3w<\/title>\n<meta name=\"description\" content=\"L-l\u00f6sin, fiziksel form ve kas sa\u011fl\u0131\u011f\u0131na \u00f6nem verenler i\u00e7in en \u00f6nemli amino asitlerden biridir. Kas k\u00fctlesi geli\u015fimini destekler.\" \/>\n<meta name=\"robots\" content=\"index, follow, max-snippet:-1, max-image-preview:large, max-video-preview:-1\" \/>\n<link rel=\"canonical\" href=\"https:\/\/naturalpoland.com\/tr\/urunler\/farmasotik-hammaddeler\/amino-asitler\/l-losin\/\" \/>\n<meta property=\"og:locale\" content=\"tr_TR\" \/>\n<meta property=\"og:type\" content=\"article\" \/>\n<meta property=\"og:title\" content=\"L-l\u00f6sin - NATURAL POLAND - Hurtowy Dystrybutor Surowc\u00f3w\" \/>\n<meta property=\"og:description\" content=\"L-l\u00f6sin, fiziksel form ve kas sa\u011fl\u0131\u011f\u0131na \u00f6nem verenler i\u00e7in en \u00f6nemli amino asitlerden biridir. Kas k\u00fctlesi geli\u015fimini destekler.\" \/>\n<meta property=\"og:url\" content=\"https:\/\/naturalpoland.com\/tr\/urunler\/farmasotik-hammaddeler\/amino-asitler\/l-losin\/\" \/>\n<meta property=\"og:site_name\" content=\"NATURAL POLAND - Hurtowy Dystrybutor Surowc\u00f3w\" \/>\n<meta property=\"article:publisher\" content=\"https:\/\/www.facebook.com\/naturalpoland.b2b\" \/>\n<meta property=\"article:modified_time\" content=\"2026-01-14T13:05:49+00:00\" \/>\n<meta property=\"og:image\" content=\"https:\/\/naturalpoland.com\/wp-content\/uploads\/2021\/05\/l-leucine.jpg\" \/>\n\t<meta property=\"og:image:width\" content=\"400\" \/>\n\t<meta property=\"og:image:height\" content=\"220\" \/>\n\t<meta property=\"og:image:type\" content=\"image\/jpeg\" \/>\n<script type=\"application\/ld+json\" class=\"yoast-schema-graph\">{\"@context\":\"https:\\\/\\\/schema.org\",\"@graph\":[{\"@type\":\"WebPage\",\"@id\":\"https:\\\/\\\/naturalpoland.com\\\/tr\\\/urunler\\\/farmasotik-hammaddeler\\\/amino-asitler\\\/l-losin\\\/\",\"url\":\"https:\\\/\\\/naturalpoland.com\\\/tr\\\/urunler\\\/farmasotik-hammaddeler\\\/amino-asitler\\\/l-losin\\\/\",\"name\":\"L-l\u00f6sin - NATURAL POLAND - Hurtowy Dystrybutor Surowc\u00f3w\",\"isPartOf\":{\"@id\":\"https:\\\/\\\/naturalpoland.com\\\/tr\\\/#website\"},\"primaryImageOfPage\":{\"@id\":\"https:\\\/\\\/naturalpoland.com\\\/tr\\\/urunler\\\/farmasotik-hammaddeler\\\/amino-asitler\\\/l-losin\\\/#primaryimage\"},\"image\":{\"@id\":\"https:\\\/\\\/naturalpoland.com\\\/tr\\\/urunler\\\/farmasotik-hammaddeler\\\/amino-asitler\\\/l-losin\\\/#primaryimage\"},\"thumbnailUrl\":\"https:\\\/\\\/naturalpoland.com\\\/wp-content\\\/uploads\\\/2021\\\/05\\\/l-leucine.jpg\",\"datePublished\":\"2021-05-11T11:45:43+00:00\",\"dateModified\":\"2026-01-14T13:05:49+00:00\",\"description\":\"L-l\u00f6sin, fiziksel form ve kas sa\u011fl\u0131\u011f\u0131na \u00f6nem verenler i\u00e7in en \u00f6nemli amino asitlerden biridir. Kas k\u00fctlesi geli\u015fimini destekler.\",\"breadcrumb\":{\"@id\":\"https:\\\/\\\/naturalpoland.com\\\/tr\\\/urunler\\\/farmasotik-hammaddeler\\\/amino-asitler\\\/l-losin\\\/#breadcrumb\"},\"inLanguage\":\"tr\",\"potentialAction\":[{\"@type\":\"ReadAction\",\"target\":[\"https:\\\/\\\/naturalpoland.com\\\/tr\\\/urunler\\\/farmasotik-hammaddeler\\\/amino-asitler\\\/l-losin\\\/\"]}]},{\"@type\":\"ImageObject\",\"inLanguage\":\"tr\",\"@id\":\"https:\\\/\\\/naturalpoland.com\\\/tr\\\/urunler\\\/farmasotik-hammaddeler\\\/amino-asitler\\\/l-losin\\\/#primaryimage\",\"url\":\"https:\\\/\\\/naturalpoland.com\\\/wp-content\\\/uploads\\\/2021\\\/05\\\/l-leucine.jpg\",\"contentUrl\":\"https:\\\/\\\/naturalpoland.com\\\/wp-content\\\/uploads\\\/2021\\\/05\\\/l-leucine.jpg\",\"width\":400,\"height\":220,\"caption\":\"L-l\u00f6sin kimyasal form\u00fcl\u00fc\"},{\"@type\":\"BreadcrumbList\",\"@id\":\"https:\\\/\\\/naturalpoland.com\\\/tr\\\/urunler\\\/farmasotik-hammaddeler\\\/amino-asitler\\\/l-losin\\\/#breadcrumb\",\"itemListElement\":[{\"@type\":\"ListItem\",\"position\":1,\"name\":\"Ana Sayfa\",\"item\":\"https:\\\/\\\/naturalpoland.com\\\/tr\\\/\"},{\"@type\":\"ListItem\",\"position\":2,\"name\":\"\u00dcr\u00fcnler\",\"item\":\"https:\\\/\\\/naturalpoland.com\\\/tr\\\/urunler\\\/\"},{\"@type\":\"ListItem\",\"position\":3,\"name\":\"L-l\u00f6sin\"}]},{\"@type\":\"WebSite\",\"@id\":\"https:\\\/\\\/naturalpoland.com\\\/tr\\\/#website\",\"url\":\"https:\\\/\\\/naturalpoland.com\\\/tr\\\/\",\"name\":\"NATURAL POLAND - Hurtowy Dystrybutor Surowc\u00f3w\",\"description\":\"Surowce dla przemys\u0142u spo\u017cywczego, kosmetycznego i farmaceutycznego\",\"publisher\":{\"@id\":\"https:\\\/\\\/naturalpoland.com\\\/tr\\\/#organization\"},\"potentialAction\":[{\"@type\":\"SearchAction\",\"target\":{\"@type\":\"EntryPoint\",\"urlTemplate\":\"https:\\\/\\\/naturalpoland.com\\\/tr\\\/?s={search_term_string}\"},\"query-input\":{\"@type\":\"PropertyValueSpecification\",\"valueRequired\":true,\"valueName\":\"search_term_string\"}}],\"inLanguage\":\"tr\"},{\"@type\":\"Organization\",\"@id\":\"https:\\\/\\\/naturalpoland.com\\\/tr\\\/#organization\",\"name\":\"Natural Poland\",\"url\":\"https:\\\/\\\/naturalpoland.com\\\/tr\\\/\",\"logo\":{\"@type\":\"ImageObject\",\"inLanguage\":\"tr\",\"@id\":\"https:\\\/\\\/naturalpoland.com\\\/tr\\\/#\\\/schema\\\/logo\\\/image\\\/\",\"url\":\"https:\\\/\\\/naturalpoland.com\\\/wp-content\\\/uploads\\\/2021\\\/05\\\/natural-poland-icon.png\",\"contentUrl\":\"https:\\\/\\\/naturalpoland.com\\\/wp-content\\\/uploads\\\/2021\\\/05\\\/natural-poland-icon.png\",\"width\":512,\"height\":512,\"caption\":\"Natural Poland\"},\"image\":{\"@id\":\"https:\\\/\\\/naturalpoland.com\\\/tr\\\/#\\\/schema\\\/logo\\\/image\\\/\"},\"sameAs\":[\"https:\\\/\\\/www.facebook.com\\\/naturalpoland.b2b\",\"https:\\\/\\\/pl.linkedin.com\\\/company\\\/natural-poland\",\"https:\\\/\\\/www.youtube.com\\\/channel\\\/UCgeGGkvOMahZo-xu_MSEWxg\"]}]}<\/script>\n<!-- \/ Yoast SEO plugin. -->","yoast_head_json":{"title":"L-l\u00f6sin - NATURAL POLAND - Hurtowy Dystrybutor Surowc\u00f3w","description":"L-l\u00f6sin, fiziksel form ve kas sa\u011fl\u0131\u011f\u0131na \u00f6nem verenler i\u00e7in en \u00f6nemli amino asitlerden biridir. Kas k\u00fctlesi geli\u015fimini destekler.","robots":{"index":"index","follow":"follow","max-snippet":"max-snippet:-1","max-image-preview":"max-image-preview:large","max-video-preview":"max-video-preview:-1"},"canonical":"https:\/\/naturalpoland.com\/tr\/urunler\/farmasotik-hammaddeler\/amino-asitler\/l-losin\/","og_locale":"tr_TR","og_type":"article","og_title":"L-l\u00f6sin - NATURAL POLAND - Hurtowy Dystrybutor Surowc\u00f3w","og_description":"L-l\u00f6sin, fiziksel form ve kas sa\u011fl\u0131\u011f\u0131na \u00f6nem verenler i\u00e7in en \u00f6nemli amino asitlerden biridir. Kas k\u00fctlesi geli\u015fimini destekler.","og_url":"https:\/\/naturalpoland.com\/tr\/urunler\/farmasotik-hammaddeler\/amino-asitler\/l-losin\/","og_site_name":"NATURAL POLAND - Hurtowy Dystrybutor Surowc\u00f3w","article_publisher":"https:\/\/www.facebook.com\/naturalpoland.b2b","article_modified_time":"2026-01-14T13:05:49+00:00","og_image":[{"width":400,"height":220,"url":"https:\/\/naturalpoland.com\/wp-content\/uploads\/2021\/05\/l-leucine.jpg","type":"image\/jpeg"}],"schema":{"@context":"https:\/\/schema.org","@graph":[{"@type":"WebPage","@id":"https:\/\/naturalpoland.com\/tr\/urunler\/farmasotik-hammaddeler\/amino-asitler\/l-losin\/","url":"https:\/\/naturalpoland.com\/tr\/urunler\/farmasotik-hammaddeler\/amino-asitler\/l-losin\/","name":"L-l\u00f6sin - NATURAL POLAND - Hurtowy Dystrybutor Surowc\u00f3w","isPartOf":{"@id":"https:\/\/naturalpoland.com\/tr\/#website"},"primaryImageOfPage":{"@id":"https:\/\/naturalpoland.com\/tr\/urunler\/farmasotik-hammaddeler\/amino-asitler\/l-losin\/#primaryimage"},"image":{"@id":"https:\/\/naturalpoland.com\/tr\/urunler\/farmasotik-hammaddeler\/amino-asitler\/l-losin\/#primaryimage"},"thumbnailUrl":"https:\/\/naturalpoland.com\/wp-content\/uploads\/2021\/05\/l-leucine.jpg","datePublished":"2021-05-11T11:45:43+00:00","dateModified":"2026-01-14T13:05:49+00:00","description":"L-l\u00f6sin, fiziksel form ve kas sa\u011fl\u0131\u011f\u0131na \u00f6nem verenler i\u00e7in en \u00f6nemli amino asitlerden biridir. Kas k\u00fctlesi geli\u015fimini destekler.","breadcrumb":{"@id":"https:\/\/naturalpoland.com\/tr\/urunler\/farmasotik-hammaddeler\/amino-asitler\/l-losin\/#breadcrumb"},"inLanguage":"tr","potentialAction":[{"@type":"ReadAction","target":["https:\/\/naturalpoland.com\/tr\/urunler\/farmasotik-hammaddeler\/amino-asitler\/l-losin\/"]}]},{"@type":"ImageObject","inLanguage":"tr","@id":"https:\/\/naturalpoland.com\/tr\/urunler\/farmasotik-hammaddeler\/amino-asitler\/l-losin\/#primaryimage","url":"https:\/\/naturalpoland.com\/wp-content\/uploads\/2021\/05\/l-leucine.jpg","contentUrl":"https:\/\/naturalpoland.com\/wp-content\/uploads\/2021\/05\/l-leucine.jpg","width":400,"height":220,"caption":"L-l\u00f6sin kimyasal form\u00fcl\u00fc"},{"@type":"BreadcrumbList","@id":"https:\/\/naturalpoland.com\/tr\/urunler\/farmasotik-hammaddeler\/amino-asitler\/l-losin\/#breadcrumb","itemListElement":[{"@type":"ListItem","position":1,"name":"Ana Sayfa","item":"https:\/\/naturalpoland.com\/tr\/"},{"@type":"ListItem","position":2,"name":"\u00dcr\u00fcnler","item":"https:\/\/naturalpoland.com\/tr\/urunler\/"},{"@type":"ListItem","position":3,"name":"L-l\u00f6sin"}]},{"@type":"WebSite","@id":"https:\/\/naturalpoland.com\/tr\/#website","url":"https:\/\/naturalpoland.com\/tr\/","name":"NATURAL POLAND - Hurtowy Dystrybutor Surowc\u00f3w","description":"Surowce dla przemys\u0142u spo\u017cywczego, kosmetycznego i farmaceutycznego","publisher":{"@id":"https:\/\/naturalpoland.com\/tr\/#organization"},"potentialAction":[{"@type":"SearchAction","target":{"@type":"EntryPoint","urlTemplate":"https:\/\/naturalpoland.com\/tr\/?s={search_term_string}"},"query-input":{"@type":"PropertyValueSpecification","valueRequired":true,"valueName":"search_term_string"}}],"inLanguage":"tr"},{"@type":"Organization","@id":"https:\/\/naturalpoland.com\/tr\/#organization","name":"Natural Poland","url":"https:\/\/naturalpoland.com\/tr\/","logo":{"@type":"ImageObject","inLanguage":"tr","@id":"https:\/\/naturalpoland.com\/tr\/#\/schema\/logo\/image\/","url":"https:\/\/naturalpoland.com\/wp-content\/uploads\/2021\/05\/natural-poland-icon.png","contentUrl":"https:\/\/naturalpoland.com\/wp-content\/uploads\/2021\/05\/natural-poland-icon.png","width":512,"height":512,"caption":"Natural Poland"},"image":{"@id":"https:\/\/naturalpoland.com\/tr\/#\/schema\/logo\/image\/"},"sameAs":["https:\/\/www.facebook.com\/naturalpoland.b2b","https:\/\/pl.linkedin.com\/company\/natural-poland","https:\/\/www.youtube.com\/channel\/UCgeGGkvOMahZo-xu_MSEWxg"]}]}},"_links":{"self":[{"href":"https:\/\/naturalpoland.com\/tr\/wp-json\/wp\/v2\/product\/44956","targetHints":{"allow":["GET"]}}],"collection":[{"href":"https:\/\/naturalpoland.com\/tr\/wp-json\/wp\/v2\/product"}],"about":[{"href":"https:\/\/naturalpoland.com\/tr\/wp-json\/wp\/v2\/types\/product"}],"wp:featuredmedia":[{"embeddable":true,"href":"https:\/\/naturalpoland.com\/tr\/wp-json\/wp\/v2\/media\/44957"}],"wp:attachment":[{"href":"https:\/\/naturalpoland.com\/tr\/wp-json\/wp\/v2\/media?parent=44956"}],"wp:term":[{"taxonomy":"product_brand","embeddable":true,"href":"https:\/\/naturalpoland.com\/tr\/wp-json\/wp\/v2\/product_brand?post=44956"},{"taxonomy":"product_cat","embeddable":true,"href":"https:\/\/naturalpoland.com\/tr\/wp-json\/wp\/v2\/product_cat?post=44956"},{"taxonomy":"product_tag","embeddable":true,"href":"https:\/\/naturalpoland.com\/tr\/wp-json\/wp\/v2\/product_tag?post=44956"}],"curies":[{"name":"wp","href":"https:\/\/api.w.org\/{rel}","templated":true}]}}