{"id":44961,"date":"2021-05-11T13:45:22","date_gmt":"2021-05-11T11:45:22","guid":{"rendered":"https:\/\/naturalpoland.com\/produkty\/kategorilenmemis\/l-sistin\/"},"modified":"2026-01-14T14:06:07","modified_gmt":"2026-01-14T13:06:07","slug":"l-sistin","status":"publish","type":"product","link":"https:\/\/naturalpoland.com\/tr\/urunler\/farmasotik-hammaddeler\/amino-asitler\/l-sistin\/","title":{"rendered":"L-sistin"},"content":{"rendered":"<p>L-sistin, protein sentezinde kilit rol oynayan ve hayvan sa\u011fl\u0131\u011f\u0131 i\u00e7in gerekli bir aminoasittir. Yemlerde \u00f6ncelikle <strong>antioksidan \u00f6zellikleri<\/strong> ve hayvanlar\u0131n ba\u011f\u0131\u015f\u0131kl\u0131k sisteminin d\u00fczg\u00fcn geli\u015fimini ve i\u015fleyi\u015fini destekleme yetene\u011fi nedeniyle kullan\u0131l\u0131r. Ayr\u0131ca L-sistin, <strong>keratin sentezi s\u00fcrecinde<\/strong> \u00f6nemli bir bile\u015fendir ve bu da \u00e7iftlik hayvanlar\u0131n\u0131n deri, k\u00fcrk veya t\u00fcy kalitesini art\u0131r\u0131r.  <\/p>\n<p>Bu \u00fcr\u00fcn, AJI, EP ve FCC spesifikasyonlar\u0131 gibi s\u0131k\u0131 kalite standartlar\u0131n\u0131 kar\u015f\u0131lar. Vejetaryen ve veganlara uygun olmas\u0131, yem \u00fcretiminde artan ekolojik ve etik bilin\u00e7 ba\u011flam\u0131nda \u00f6nemli bir \u00f6zelliktir. Kimyasal stabilitesi, d\u00fc\u015f\u00fck nem seviyesi ve d\u00fc\u015f\u00fck k\u00fcl i\u00e7eri\u011fi, uzun s\u00fcreli etkinlik ve kullan\u0131m g\u00fcvenli\u011fi sa\u011flayan y\u00fcksek kaliteli bir bile\u015fen olmas\u0131n\u0131 sa\u011flar.  <\/p>\n<p>G\u00fcvenlik a\u00e7\u0131s\u0131ndan, yem formundaki L-sistin toksik olmayan, cilt, g\u00f6z veya solunum yollar\u0131nda tahri\u015fe neden olmayan bir \u00fcr\u00fcnd\u00fcr. Mineral asitlerde ve alkali \u00e7\u00f6zeltilerde kolayca \u00e7\u00f6z\u00fcn\u00fcr, ancak su ve alkolde neredeyse \u00e7\u00f6z\u00fcnmez, bu da yem form\u00fclasyonunda \u00f6nemlidir. <\/p>\n<p>Yem L-sistini \u00fcretim s\u00fcrecinde zararl\u0131 \u00e7\u00f6z\u00fcc\u00fcler kullan\u0131lmaz, bu da ekolojik \u00f6zelli\u011fini vurgular. Kalitesini ve etkinli\u011fini korumak i\u00e7in hava ge\u00e7irmez kapatma, \u0131\u015f\u0131k ve nemden koruma gibi uygun depolama ko\u015fullar\u0131n\u0131n sa\u011flanmas\u0131 \u00f6nemlidir. <\/p>\n","protected":false},"excerpt":{"rendered":"<p><strong>L-sistin<\/strong> yem formunda, <strong>yem end\u00fcstrisi i\u00e7in<\/strong> geneti\u011fi de\u011fi\u015ftirilmemi\u015f m\u0131s\u0131r gibi ekolojik dengeyi bozmayan hammaddelerden fermentasyon yoluyla elde edilen benzersiz bir \u00fcr\u00fcnd\u00fcr. Yem uygulamalar\u0131nda \u00f6nemli olan, neredeyse tats\u0131z, beyaz, kristal toz formundad\u0131r. <\/p>\n","protected":false},"featured_media":44962,"template":"","meta":{"_acf_changed":false},"product_brand":[],"product_cat":[9539,9536],"product_tag":[],"class_list":{"0":"post-44961","1":"product","2":"type-product","3":"status-publish","4":"has-post-thumbnail","6":"product_cat-amino-asitler","7":"product_cat-hayvanlar-icin-hammaddeler","9":"first","10":"instock","11":"shipping-taxable","12":"product-type-simple"},"acf":[],"yoast_head":"<!-- This site is optimized with the Yoast SEO plugin v27.4 - https:\/\/yoast.com\/product\/yoast-seo-wordpress\/ -->\n<title>L-sistin - Hurtowy Dystrybutor<\/title>\n<meta name=\"description\" content=\"L-sistin, modern yem end\u00fcstrisinde s\u00fcrd\u00fcr\u00fclebilir yem \u00fcretimi yakla\u015f\u0131m\u0131n\u0131n \u00f6nemli bir bile\u015fenidir.\" \/>\n<meta name=\"robots\" content=\"index, follow, max-snippet:-1, max-image-preview:large, max-video-preview:-1\" \/>\n<link rel=\"canonical\" href=\"https:\/\/naturalpoland.com\/tr\/urunler\/farmasotik-hammaddeler\/amino-asitler\/l-sistin\/\" \/>\n<meta property=\"og:locale\" content=\"tr_TR\" \/>\n<meta property=\"og:type\" content=\"article\" \/>\n<meta property=\"og:title\" content=\"L-sistin - Hurtowy Dystrybutor\" \/>\n<meta property=\"og:description\" content=\"L-sistin, modern yem end\u00fcstrisinde s\u00fcrd\u00fcr\u00fclebilir yem \u00fcretimi yakla\u015f\u0131m\u0131n\u0131n \u00f6nemli bir bile\u015fenidir.\" \/>\n<meta property=\"og:url\" content=\"https:\/\/naturalpoland.com\/tr\/urunler\/farmasotik-hammaddeler\/amino-asitler\/l-sistin\/\" \/>\n<meta property=\"og:site_name\" content=\"NATURAL POLAND - Hurtowy Dystrybutor Surowc\u00f3w\" \/>\n<meta property=\"article:publisher\" content=\"https:\/\/www.facebook.com\/naturalpoland.b2b\" \/>\n<meta property=\"article:modified_time\" content=\"2026-01-14T13:06:07+00:00\" \/>\n<meta property=\"og:image\" content=\"https:\/\/naturalpoland.com\/wp-content\/uploads\/2021\/05\/l-cystine-base.jpg\" \/>\n\t<meta property=\"og:image:width\" content=\"577\" \/>\n\t<meta property=\"og:image:height\" content=\"213\" \/>\n\t<meta property=\"og:image:type\" content=\"image\/jpeg\" \/>\n<script type=\"application\/ld+json\" class=\"yoast-schema-graph\">{\"@context\":\"https:\\\/\\\/schema.org\",\"@graph\":[{\"@type\":\"WebPage\",\"@id\":\"https:\\\/\\\/naturalpoland.com\\\/tr\\\/urunler\\\/farmasotik-hammaddeler\\\/amino-asitler\\\/l-sistin\\\/\",\"url\":\"https:\\\/\\\/naturalpoland.com\\\/tr\\\/urunler\\\/farmasotik-hammaddeler\\\/amino-asitler\\\/l-sistin\\\/\",\"name\":\"L-sistin - Hurtowy Dystrybutor\",\"isPartOf\":{\"@id\":\"https:\\\/\\\/naturalpoland.com\\\/tr\\\/#website\"},\"primaryImageOfPage\":{\"@id\":\"https:\\\/\\\/naturalpoland.com\\\/tr\\\/urunler\\\/farmasotik-hammaddeler\\\/amino-asitler\\\/l-sistin\\\/#primaryimage\"},\"image\":{\"@id\":\"https:\\\/\\\/naturalpoland.com\\\/tr\\\/urunler\\\/farmasotik-hammaddeler\\\/amino-asitler\\\/l-sistin\\\/#primaryimage\"},\"thumbnailUrl\":\"https:\\\/\\\/naturalpoland.com\\\/wp-content\\\/uploads\\\/2021\\\/05\\\/l-cystine-base.jpg\",\"datePublished\":\"2021-05-11T11:45:22+00:00\",\"dateModified\":\"2026-01-14T13:06:07+00:00\",\"description\":\"L-sistin, modern yem end\u00fcstrisinde s\u00fcrd\u00fcr\u00fclebilir yem \u00fcretimi yakla\u015f\u0131m\u0131n\u0131n \u00f6nemli bir bile\u015fenidir.\",\"breadcrumb\":{\"@id\":\"https:\\\/\\\/naturalpoland.com\\\/tr\\\/urunler\\\/farmasotik-hammaddeler\\\/amino-asitler\\\/l-sistin\\\/#breadcrumb\"},\"inLanguage\":\"tr\",\"potentialAction\":[{\"@type\":\"ReadAction\",\"target\":[\"https:\\\/\\\/naturalpoland.com\\\/tr\\\/urunler\\\/farmasotik-hammaddeler\\\/amino-asitler\\\/l-sistin\\\/\"]}]},{\"@type\":\"ImageObject\",\"inLanguage\":\"tr\",\"@id\":\"https:\\\/\\\/naturalpoland.com\\\/tr\\\/urunler\\\/farmasotik-hammaddeler\\\/amino-asitler\\\/l-sistin\\\/#primaryimage\",\"url\":\"https:\\\/\\\/naturalpoland.com\\\/wp-content\\\/uploads\\\/2021\\\/05\\\/l-cystine-base.jpg\",\"contentUrl\":\"https:\\\/\\\/naturalpoland.com\\\/wp-content\\\/uploads\\\/2021\\\/05\\\/l-cystine-base.jpg\",\"width\":577,\"height\":213,\"caption\":\"L-sistin\"},{\"@type\":\"BreadcrumbList\",\"@id\":\"https:\\\/\\\/naturalpoland.com\\\/tr\\\/urunler\\\/farmasotik-hammaddeler\\\/amino-asitler\\\/l-sistin\\\/#breadcrumb\",\"itemListElement\":[{\"@type\":\"ListItem\",\"position\":1,\"name\":\"Ana Sayfa\",\"item\":\"https:\\\/\\\/naturalpoland.com\\\/tr\\\/\"},{\"@type\":\"ListItem\",\"position\":2,\"name\":\"\u00dcr\u00fcnler\",\"item\":\"https:\\\/\\\/naturalpoland.com\\\/tr\\\/urunler\\\/\"},{\"@type\":\"ListItem\",\"position\":3,\"name\":\"L-sistin\"}]},{\"@type\":\"WebSite\",\"@id\":\"https:\\\/\\\/naturalpoland.com\\\/tr\\\/#website\",\"url\":\"https:\\\/\\\/naturalpoland.com\\\/tr\\\/\",\"name\":\"NATURAL POLAND - Hurtowy Dystrybutor Surowc\u00f3w\",\"description\":\"Surowce dla przemys\u0142u spo\u017cywczego, kosmetycznego i farmaceutycznego\",\"publisher\":{\"@id\":\"https:\\\/\\\/naturalpoland.com\\\/tr\\\/#organization\"},\"potentialAction\":[{\"@type\":\"SearchAction\",\"target\":{\"@type\":\"EntryPoint\",\"urlTemplate\":\"https:\\\/\\\/naturalpoland.com\\\/tr\\\/?s={search_term_string}\"},\"query-input\":{\"@type\":\"PropertyValueSpecification\",\"valueRequired\":true,\"valueName\":\"search_term_string\"}}],\"inLanguage\":\"tr\"},{\"@type\":\"Organization\",\"@id\":\"https:\\\/\\\/naturalpoland.com\\\/tr\\\/#organization\",\"name\":\"Natural Poland\",\"url\":\"https:\\\/\\\/naturalpoland.com\\\/tr\\\/\",\"logo\":{\"@type\":\"ImageObject\",\"inLanguage\":\"tr\",\"@id\":\"https:\\\/\\\/naturalpoland.com\\\/tr\\\/#\\\/schema\\\/logo\\\/image\\\/\",\"url\":\"https:\\\/\\\/naturalpoland.com\\\/wp-content\\\/uploads\\\/2021\\\/05\\\/natural-poland-icon.png\",\"contentUrl\":\"https:\\\/\\\/naturalpoland.com\\\/wp-content\\\/uploads\\\/2021\\\/05\\\/natural-poland-icon.png\",\"width\":512,\"height\":512,\"caption\":\"Natural Poland\"},\"image\":{\"@id\":\"https:\\\/\\\/naturalpoland.com\\\/tr\\\/#\\\/schema\\\/logo\\\/image\\\/\"},\"sameAs\":[\"https:\\\/\\\/www.facebook.com\\\/naturalpoland.b2b\",\"https:\\\/\\\/pl.linkedin.com\\\/company\\\/natural-poland\",\"https:\\\/\\\/www.youtube.com\\\/channel\\\/UCgeGGkvOMahZo-xu_MSEWxg\"]}]}<\/script>\n<!-- \/ Yoast SEO plugin. -->","yoast_head_json":{"title":"L-sistin - Hurtowy Dystrybutor","description":"L-sistin, modern yem end\u00fcstrisinde s\u00fcrd\u00fcr\u00fclebilir yem \u00fcretimi yakla\u015f\u0131m\u0131n\u0131n \u00f6nemli bir bile\u015fenidir.","robots":{"index":"index","follow":"follow","max-snippet":"max-snippet:-1","max-image-preview":"max-image-preview:large","max-video-preview":"max-video-preview:-1"},"canonical":"https:\/\/naturalpoland.com\/tr\/urunler\/farmasotik-hammaddeler\/amino-asitler\/l-sistin\/","og_locale":"tr_TR","og_type":"article","og_title":"L-sistin - Hurtowy Dystrybutor","og_description":"L-sistin, modern yem end\u00fcstrisinde s\u00fcrd\u00fcr\u00fclebilir yem \u00fcretimi yakla\u015f\u0131m\u0131n\u0131n \u00f6nemli bir bile\u015fenidir.","og_url":"https:\/\/naturalpoland.com\/tr\/urunler\/farmasotik-hammaddeler\/amino-asitler\/l-sistin\/","og_site_name":"NATURAL POLAND - Hurtowy Dystrybutor Surowc\u00f3w","article_publisher":"https:\/\/www.facebook.com\/naturalpoland.b2b","article_modified_time":"2026-01-14T13:06:07+00:00","og_image":[{"width":577,"height":213,"url":"https:\/\/naturalpoland.com\/wp-content\/uploads\/2021\/05\/l-cystine-base.jpg","type":"image\/jpeg"}],"schema":{"@context":"https:\/\/schema.org","@graph":[{"@type":"WebPage","@id":"https:\/\/naturalpoland.com\/tr\/urunler\/farmasotik-hammaddeler\/amino-asitler\/l-sistin\/","url":"https:\/\/naturalpoland.com\/tr\/urunler\/farmasotik-hammaddeler\/amino-asitler\/l-sistin\/","name":"L-sistin - Hurtowy Dystrybutor","isPartOf":{"@id":"https:\/\/naturalpoland.com\/tr\/#website"},"primaryImageOfPage":{"@id":"https:\/\/naturalpoland.com\/tr\/urunler\/farmasotik-hammaddeler\/amino-asitler\/l-sistin\/#primaryimage"},"image":{"@id":"https:\/\/naturalpoland.com\/tr\/urunler\/farmasotik-hammaddeler\/amino-asitler\/l-sistin\/#primaryimage"},"thumbnailUrl":"https:\/\/naturalpoland.com\/wp-content\/uploads\/2021\/05\/l-cystine-base.jpg","datePublished":"2021-05-11T11:45:22+00:00","dateModified":"2026-01-14T13:06:07+00:00","description":"L-sistin, modern yem end\u00fcstrisinde s\u00fcrd\u00fcr\u00fclebilir yem \u00fcretimi yakla\u015f\u0131m\u0131n\u0131n \u00f6nemli bir bile\u015fenidir.","breadcrumb":{"@id":"https:\/\/naturalpoland.com\/tr\/urunler\/farmasotik-hammaddeler\/amino-asitler\/l-sistin\/#breadcrumb"},"inLanguage":"tr","potentialAction":[{"@type":"ReadAction","target":["https:\/\/naturalpoland.com\/tr\/urunler\/farmasotik-hammaddeler\/amino-asitler\/l-sistin\/"]}]},{"@type":"ImageObject","inLanguage":"tr","@id":"https:\/\/naturalpoland.com\/tr\/urunler\/farmasotik-hammaddeler\/amino-asitler\/l-sistin\/#primaryimage","url":"https:\/\/naturalpoland.com\/wp-content\/uploads\/2021\/05\/l-cystine-base.jpg","contentUrl":"https:\/\/naturalpoland.com\/wp-content\/uploads\/2021\/05\/l-cystine-base.jpg","width":577,"height":213,"caption":"L-sistin"},{"@type":"BreadcrumbList","@id":"https:\/\/naturalpoland.com\/tr\/urunler\/farmasotik-hammaddeler\/amino-asitler\/l-sistin\/#breadcrumb","itemListElement":[{"@type":"ListItem","position":1,"name":"Ana Sayfa","item":"https:\/\/naturalpoland.com\/tr\/"},{"@type":"ListItem","position":2,"name":"\u00dcr\u00fcnler","item":"https:\/\/naturalpoland.com\/tr\/urunler\/"},{"@type":"ListItem","position":3,"name":"L-sistin"}]},{"@type":"WebSite","@id":"https:\/\/naturalpoland.com\/tr\/#website","url":"https:\/\/naturalpoland.com\/tr\/","name":"NATURAL POLAND - Hurtowy Dystrybutor Surowc\u00f3w","description":"Surowce dla przemys\u0142u spo\u017cywczego, kosmetycznego i farmaceutycznego","publisher":{"@id":"https:\/\/naturalpoland.com\/tr\/#organization"},"potentialAction":[{"@type":"SearchAction","target":{"@type":"EntryPoint","urlTemplate":"https:\/\/naturalpoland.com\/tr\/?s={search_term_string}"},"query-input":{"@type":"PropertyValueSpecification","valueRequired":true,"valueName":"search_term_string"}}],"inLanguage":"tr"},{"@type":"Organization","@id":"https:\/\/naturalpoland.com\/tr\/#organization","name":"Natural Poland","url":"https:\/\/naturalpoland.com\/tr\/","logo":{"@type":"ImageObject","inLanguage":"tr","@id":"https:\/\/naturalpoland.com\/tr\/#\/schema\/logo\/image\/","url":"https:\/\/naturalpoland.com\/wp-content\/uploads\/2021\/05\/natural-poland-icon.png","contentUrl":"https:\/\/naturalpoland.com\/wp-content\/uploads\/2021\/05\/natural-poland-icon.png","width":512,"height":512,"caption":"Natural Poland"},"image":{"@id":"https:\/\/naturalpoland.com\/tr\/#\/schema\/logo\/image\/"},"sameAs":["https:\/\/www.facebook.com\/naturalpoland.b2b","https:\/\/pl.linkedin.com\/company\/natural-poland","https:\/\/www.youtube.com\/channel\/UCgeGGkvOMahZo-xu_MSEWxg"]}]}},"_links":{"self":[{"href":"https:\/\/naturalpoland.com\/tr\/wp-json\/wp\/v2\/product\/44961","targetHints":{"allow":["GET"]}}],"collection":[{"href":"https:\/\/naturalpoland.com\/tr\/wp-json\/wp\/v2\/product"}],"about":[{"href":"https:\/\/naturalpoland.com\/tr\/wp-json\/wp\/v2\/types\/product"}],"wp:featuredmedia":[{"embeddable":true,"href":"https:\/\/naturalpoland.com\/tr\/wp-json\/wp\/v2\/media\/44962"}],"wp:attachment":[{"href":"https:\/\/naturalpoland.com\/tr\/wp-json\/wp\/v2\/media?parent=44961"}],"wp:term":[{"taxonomy":"product_brand","embeddable":true,"href":"https:\/\/naturalpoland.com\/tr\/wp-json\/wp\/v2\/product_brand?post=44961"},{"taxonomy":"product_cat","embeddable":true,"href":"https:\/\/naturalpoland.com\/tr\/wp-json\/wp\/v2\/product_cat?post=44961"},{"taxonomy":"product_tag","embeddable":true,"href":"https:\/\/naturalpoland.com\/tr\/wp-json\/wp\/v2\/product_tag?post=44961"}],"curies":[{"name":"wp","href":"https:\/\/api.w.org\/{rel}","templated":true}]}}