{"id":44963,"date":"2021-05-11T13:45:45","date_gmt":"2021-05-11T11:45:45","guid":{"rendered":"https:\/\/naturalpoland.com\/produkty\/kategorilenmemis\/l-tirozin\/"},"modified":"2026-01-14T14:06:25","modified_gmt":"2026-01-14T13:06:25","slug":"l-tirozin","status":"publish","type":"product","link":"https:\/\/naturalpoland.com\/tr\/urunler\/farmasotik-hammaddeler\/amino-asitler\/l-tirozin\/","title":{"rendered":"L-tirozin"},"content":{"rendered":"<p>L-Tirozin, dopamin, adrenalin ve noradrenalin gibi n\u00f6rotransmitterlerin \u00f6nc\u00fcs\u00fcd\u00fcr. Bu maddeler ruh halinin d\u00fczenlenmesi, enerji seviyesinin art\u0131r\u0131lmas\u0131, konsantrasyonun geli\u015ftirilmesi ve yorgunluk hissinin azalt\u0131lmas\u0131nda temel rol oynar. Tirozin ayr\u0131ca metabolizmay\u0131 d\u00fczenleyen tiroksin ve trijodotironin hormonlar\u0131n\u0131n \u00fcretiminde yer alarak tiroid fonksiyonlar\u0131n\u0131 destekler.  <\/p>\n<h2>L-Tirozin Takviyesi<\/h2>\n<p>L-Tirozin takviyesi fiziksel ve zihinsel dayan\u0131kl\u0131l\u0131\u011f\u0131 art\u0131rmaya yard\u0131mc\u0131 olur. Sayesinde v\u00fccut strese ve artan efor durumlar\u0131na (\u00f6rne\u011fin antrenmanlar s\u0131ras\u0131nda) daha h\u0131zl\u0131 adapte olur. Ayr\u0131ca metabolik s\u00fcre\u00e7leri destekler ve ya\u011f dokusunun azalt\u0131lmas\u0131na yard\u0131mc\u0131 olur.  <\/p>\n<p>L-Tirozin ayr\u0131ca tiroidin d\u00fczg\u00fcn \u00e7al\u0131\u015fmas\u0131na ve v\u00fccudun hormon \u00fcretmesine yard\u0131mc\u0131 olur. Eksikli\u011fi depresif durumlara, yorgunlu\u011fa ve g\u00fc\u00e7s\u00fczl\u00fc\u011fe yol a\u00e7abilir. <\/p>\n<h2>L-Tirozin Kontrendikasyonlar\u0131 ve Yan Etkileri<\/h2>\n<p>L-tirozin v\u00fccut taraf\u0131ndan iyi emilmesine ra\u011fmen, uzun s\u00fcreli takviyesi \u00f6nerilmez. A\u015f\u0131r\u0131 t\u00fcketim a\u015f\u0131r\u0131 sinirlilik, irritasyon ve a\u015f\u0131r\u0131 durumlarda ruh halinde d\u00fc\u015f\u00fc\u015fe yol a\u00e7abilir. \u00dcr\u00fcn hamile kad\u0131nlar, emziren anneler ve tiroid hastal\u0131\u011f\u0131 olan ki\u015filer i\u00e7in \u00f6nerilmez.  <\/p>\n<hr>\n<p>\u00dcr\u00fcn\u00fcm\u00fcz %99,6 seviyesinde y\u00fcksek safl\u0131k ile karakterize edilir ve USP32 standartlar\u0131n\u0131 kar\u015f\u0131lar. A\u011f\u0131r metaller dahil kirleticilerin bulunmad\u0131\u011f\u0131n\u0131 ve uygun mineral i\u00e7eri\u011fini do\u011frulayan titiz kalite testlerinden ge\u00e7mi\u015ftir. <\/p>\n","protected":false},"excerpt":{"rendered":"<p><strong>L-Tirozin<\/strong> tirozinin sol d\u00f6nen izomeri olan gerekli bir amino asittir. Ayn\u0131 zamanda endojen bir amino asittir, yani v\u00fccut onu fenilalaninden kendi ba\u015f\u0131na sentezleyebilir, ancak ayn\u0131 zamanda diyetle al\u0131nmas\u0131 faydal\u0131d\u0131r. L-Tirozin et, bal\u0131k, yumurta, s\u00fct \u00fcr\u00fcnleri ile baz\u0131 baklagiller ve f\u0131nd\u0131k gibi protein a\u00e7\u0131s\u0131ndan zengin \u00fcr\u00fcnlerde bulunabilir.  <\/p>\n","protected":false},"featured_media":44965,"template":"","meta":{"_acf_changed":false},"product_brand":[],"product_cat":[9539],"product_tag":[],"class_list":{"0":"post-44963","1":"product","2":"type-product","3":"status-publish","4":"has-post-thumbnail","6":"product_cat-amino-asitler","8":"first","9":"instock","10":"shipping-taxable","11":"product-type-simple"},"acf":[],"yoast_head":"<!-- This site is optimized with the Yoast SEO plugin v27.4 - https:\/\/yoast.com\/product\/yoast-seo-wordpress\/ -->\n<title>L-tirozin - NATURAL POLAND - Hurtowy Dystrybutor Surowc\u00f3w<\/title>\n<meta name=\"description\" content=\"L-Tirozin, konsantrasyon art\u0131\u015f\u0131, strese dayan\u0131kl\u0131l\u0131k ve metabolik s\u00fcre\u00e7lerin desteklenmesi arayan ki\u015filer i\u00e7in m\u00fckemmel bir destektir.\" \/>\n<meta name=\"robots\" content=\"index, follow, max-snippet:-1, max-image-preview:large, max-video-preview:-1\" \/>\n<link rel=\"canonical\" href=\"https:\/\/naturalpoland.com\/tr\/urunler\/farmasotik-hammaddeler\/amino-asitler\/l-tirozin\/\" \/>\n<meta property=\"og:locale\" content=\"tr_TR\" \/>\n<meta property=\"og:type\" content=\"article\" \/>\n<meta property=\"og:title\" content=\"L-tirozin - NATURAL POLAND - Hurtowy Dystrybutor Surowc\u00f3w\" \/>\n<meta property=\"og:description\" content=\"L-Tirozin, konsantrasyon art\u0131\u015f\u0131, strese dayan\u0131kl\u0131l\u0131k ve metabolik s\u00fcre\u00e7lerin desteklenmesi arayan ki\u015filer i\u00e7in m\u00fckemmel bir destektir.\" \/>\n<meta property=\"og:url\" content=\"https:\/\/naturalpoland.com\/tr\/urunler\/farmasotik-hammaddeler\/amino-asitler\/l-tirozin\/\" \/>\n<meta property=\"og:site_name\" content=\"NATURAL POLAND - Hurtowy Dystrybutor Surowc\u00f3w\" \/>\n<meta property=\"article:publisher\" content=\"https:\/\/www.facebook.com\/naturalpoland.b2b\" \/>\n<meta property=\"article:modified_time\" content=\"2026-01-14T13:06:25+00:00\" \/>\n<meta property=\"og:image\" content=\"https:\/\/naturalpoland.com\/wp-content\/uploads\/l-tyrozyna.webp\" \/>\n\t<meta property=\"og:image:width\" content=\"1024\" \/>\n\t<meta property=\"og:image:height\" content=\"1024\" \/>\n\t<meta property=\"og:image:type\" content=\"image\/webp\" \/>\n<script type=\"application\/ld+json\" class=\"yoast-schema-graph\">{\"@context\":\"https:\\\/\\\/schema.org\",\"@graph\":[{\"@type\":\"WebPage\",\"@id\":\"https:\\\/\\\/naturalpoland.com\\\/tr\\\/urunler\\\/farmasotik-hammaddeler\\\/amino-asitler\\\/l-tirozin\\\/\",\"url\":\"https:\\\/\\\/naturalpoland.com\\\/tr\\\/urunler\\\/farmasotik-hammaddeler\\\/amino-asitler\\\/l-tirozin\\\/\",\"name\":\"L-tirozin - NATURAL POLAND - Hurtowy Dystrybutor Surowc\u00f3w\",\"isPartOf\":{\"@id\":\"https:\\\/\\\/naturalpoland.com\\\/tr\\\/#website\"},\"primaryImageOfPage\":{\"@id\":\"https:\\\/\\\/naturalpoland.com\\\/tr\\\/urunler\\\/farmasotik-hammaddeler\\\/amino-asitler\\\/l-tirozin\\\/#primaryimage\"},\"image\":{\"@id\":\"https:\\\/\\\/naturalpoland.com\\\/tr\\\/urunler\\\/farmasotik-hammaddeler\\\/amino-asitler\\\/l-tirozin\\\/#primaryimage\"},\"thumbnailUrl\":\"https:\\\/\\\/naturalpoland.com\\\/wp-content\\\/uploads\\\/l-tyrozyna.webp\",\"datePublished\":\"2021-05-11T11:45:45+00:00\",\"dateModified\":\"2026-01-14T13:06:25+00:00\",\"description\":\"L-Tirozin, konsantrasyon art\u0131\u015f\u0131, strese dayan\u0131kl\u0131l\u0131k ve metabolik s\u00fcre\u00e7lerin desteklenmesi arayan ki\u015filer i\u00e7in m\u00fckemmel bir destektir.\",\"breadcrumb\":{\"@id\":\"https:\\\/\\\/naturalpoland.com\\\/tr\\\/urunler\\\/farmasotik-hammaddeler\\\/amino-asitler\\\/l-tirozin\\\/#breadcrumb\"},\"inLanguage\":\"tr\",\"potentialAction\":[{\"@type\":\"ReadAction\",\"target\":[\"https:\\\/\\\/naturalpoland.com\\\/tr\\\/urunler\\\/farmasotik-hammaddeler\\\/amino-asitler\\\/l-tirozin\\\/\"]}]},{\"@type\":\"ImageObject\",\"inLanguage\":\"tr\",\"@id\":\"https:\\\/\\\/naturalpoland.com\\\/tr\\\/urunler\\\/farmasotik-hammaddeler\\\/amino-asitler\\\/l-tirozin\\\/#primaryimage\",\"url\":\"https:\\\/\\\/naturalpoland.com\\\/wp-content\\\/uploads\\\/l-tyrozyna.webp\",\"contentUrl\":\"https:\\\/\\\/naturalpoland.com\\\/wp-content\\\/uploads\\\/l-tyrozyna.webp\",\"width\":1024,\"height\":1024,\"caption\":\"Toz formunda L-tirozin\"},{\"@type\":\"BreadcrumbList\",\"@id\":\"https:\\\/\\\/naturalpoland.com\\\/tr\\\/urunler\\\/farmasotik-hammaddeler\\\/amino-asitler\\\/l-tirozin\\\/#breadcrumb\",\"itemListElement\":[{\"@type\":\"ListItem\",\"position\":1,\"name\":\"Ana Sayfa\",\"item\":\"https:\\\/\\\/naturalpoland.com\\\/tr\\\/\"},{\"@type\":\"ListItem\",\"position\":2,\"name\":\"\u00dcr\u00fcnler\",\"item\":\"https:\\\/\\\/naturalpoland.com\\\/tr\\\/urunler\\\/\"},{\"@type\":\"ListItem\",\"position\":3,\"name\":\"L-tirozin\"}]},{\"@type\":\"WebSite\",\"@id\":\"https:\\\/\\\/naturalpoland.com\\\/tr\\\/#website\",\"url\":\"https:\\\/\\\/naturalpoland.com\\\/tr\\\/\",\"name\":\"NATURAL POLAND - Hurtowy Dystrybutor Surowc\u00f3w\",\"description\":\"Surowce dla przemys\u0142u spo\u017cywczego, kosmetycznego i farmaceutycznego\",\"publisher\":{\"@id\":\"https:\\\/\\\/naturalpoland.com\\\/tr\\\/#organization\"},\"potentialAction\":[{\"@type\":\"SearchAction\",\"target\":{\"@type\":\"EntryPoint\",\"urlTemplate\":\"https:\\\/\\\/naturalpoland.com\\\/tr\\\/?s={search_term_string}\"},\"query-input\":{\"@type\":\"PropertyValueSpecification\",\"valueRequired\":true,\"valueName\":\"search_term_string\"}}],\"inLanguage\":\"tr\"},{\"@type\":\"Organization\",\"@id\":\"https:\\\/\\\/naturalpoland.com\\\/tr\\\/#organization\",\"name\":\"Natural Poland\",\"url\":\"https:\\\/\\\/naturalpoland.com\\\/tr\\\/\",\"logo\":{\"@type\":\"ImageObject\",\"inLanguage\":\"tr\",\"@id\":\"https:\\\/\\\/naturalpoland.com\\\/tr\\\/#\\\/schema\\\/logo\\\/image\\\/\",\"url\":\"https:\\\/\\\/naturalpoland.com\\\/wp-content\\\/uploads\\\/2021\\\/05\\\/natural-poland-icon.png\",\"contentUrl\":\"https:\\\/\\\/naturalpoland.com\\\/wp-content\\\/uploads\\\/2021\\\/05\\\/natural-poland-icon.png\",\"width\":512,\"height\":512,\"caption\":\"Natural Poland\"},\"image\":{\"@id\":\"https:\\\/\\\/naturalpoland.com\\\/tr\\\/#\\\/schema\\\/logo\\\/image\\\/\"},\"sameAs\":[\"https:\\\/\\\/www.facebook.com\\\/naturalpoland.b2b\",\"https:\\\/\\\/pl.linkedin.com\\\/company\\\/natural-poland\",\"https:\\\/\\\/www.youtube.com\\\/channel\\\/UCgeGGkvOMahZo-xu_MSEWxg\"]}]}<\/script>\n<!-- \/ Yoast SEO plugin. -->","yoast_head_json":{"title":"L-tirozin - NATURAL POLAND - Hurtowy Dystrybutor Surowc\u00f3w","description":"L-Tirozin, konsantrasyon art\u0131\u015f\u0131, strese dayan\u0131kl\u0131l\u0131k ve metabolik s\u00fcre\u00e7lerin desteklenmesi arayan ki\u015filer i\u00e7in m\u00fckemmel bir destektir.","robots":{"index":"index","follow":"follow","max-snippet":"max-snippet:-1","max-image-preview":"max-image-preview:large","max-video-preview":"max-video-preview:-1"},"canonical":"https:\/\/naturalpoland.com\/tr\/urunler\/farmasotik-hammaddeler\/amino-asitler\/l-tirozin\/","og_locale":"tr_TR","og_type":"article","og_title":"L-tirozin - NATURAL POLAND - Hurtowy Dystrybutor Surowc\u00f3w","og_description":"L-Tirozin, konsantrasyon art\u0131\u015f\u0131, strese dayan\u0131kl\u0131l\u0131k ve metabolik s\u00fcre\u00e7lerin desteklenmesi arayan ki\u015filer i\u00e7in m\u00fckemmel bir destektir.","og_url":"https:\/\/naturalpoland.com\/tr\/urunler\/farmasotik-hammaddeler\/amino-asitler\/l-tirozin\/","og_site_name":"NATURAL POLAND - Hurtowy Dystrybutor Surowc\u00f3w","article_publisher":"https:\/\/www.facebook.com\/naturalpoland.b2b","article_modified_time":"2026-01-14T13:06:25+00:00","og_image":[{"width":1024,"height":1024,"url":"https:\/\/naturalpoland.com\/wp-content\/uploads\/l-tyrozyna.webp","type":"image\/webp"}],"schema":{"@context":"https:\/\/schema.org","@graph":[{"@type":"WebPage","@id":"https:\/\/naturalpoland.com\/tr\/urunler\/farmasotik-hammaddeler\/amino-asitler\/l-tirozin\/","url":"https:\/\/naturalpoland.com\/tr\/urunler\/farmasotik-hammaddeler\/amino-asitler\/l-tirozin\/","name":"L-tirozin - NATURAL POLAND - Hurtowy Dystrybutor Surowc\u00f3w","isPartOf":{"@id":"https:\/\/naturalpoland.com\/tr\/#website"},"primaryImageOfPage":{"@id":"https:\/\/naturalpoland.com\/tr\/urunler\/farmasotik-hammaddeler\/amino-asitler\/l-tirozin\/#primaryimage"},"image":{"@id":"https:\/\/naturalpoland.com\/tr\/urunler\/farmasotik-hammaddeler\/amino-asitler\/l-tirozin\/#primaryimage"},"thumbnailUrl":"https:\/\/naturalpoland.com\/wp-content\/uploads\/l-tyrozyna.webp","datePublished":"2021-05-11T11:45:45+00:00","dateModified":"2026-01-14T13:06:25+00:00","description":"L-Tirozin, konsantrasyon art\u0131\u015f\u0131, strese dayan\u0131kl\u0131l\u0131k ve metabolik s\u00fcre\u00e7lerin desteklenmesi arayan ki\u015filer i\u00e7in m\u00fckemmel bir destektir.","breadcrumb":{"@id":"https:\/\/naturalpoland.com\/tr\/urunler\/farmasotik-hammaddeler\/amino-asitler\/l-tirozin\/#breadcrumb"},"inLanguage":"tr","potentialAction":[{"@type":"ReadAction","target":["https:\/\/naturalpoland.com\/tr\/urunler\/farmasotik-hammaddeler\/amino-asitler\/l-tirozin\/"]}]},{"@type":"ImageObject","inLanguage":"tr","@id":"https:\/\/naturalpoland.com\/tr\/urunler\/farmasotik-hammaddeler\/amino-asitler\/l-tirozin\/#primaryimage","url":"https:\/\/naturalpoland.com\/wp-content\/uploads\/l-tyrozyna.webp","contentUrl":"https:\/\/naturalpoland.com\/wp-content\/uploads\/l-tyrozyna.webp","width":1024,"height":1024,"caption":"Toz formunda L-tirozin"},{"@type":"BreadcrumbList","@id":"https:\/\/naturalpoland.com\/tr\/urunler\/farmasotik-hammaddeler\/amino-asitler\/l-tirozin\/#breadcrumb","itemListElement":[{"@type":"ListItem","position":1,"name":"Ana Sayfa","item":"https:\/\/naturalpoland.com\/tr\/"},{"@type":"ListItem","position":2,"name":"\u00dcr\u00fcnler","item":"https:\/\/naturalpoland.com\/tr\/urunler\/"},{"@type":"ListItem","position":3,"name":"L-tirozin"}]},{"@type":"WebSite","@id":"https:\/\/naturalpoland.com\/tr\/#website","url":"https:\/\/naturalpoland.com\/tr\/","name":"NATURAL POLAND - Hurtowy Dystrybutor Surowc\u00f3w","description":"Surowce dla przemys\u0142u spo\u017cywczego, kosmetycznego i farmaceutycznego","publisher":{"@id":"https:\/\/naturalpoland.com\/tr\/#organization"},"potentialAction":[{"@type":"SearchAction","target":{"@type":"EntryPoint","urlTemplate":"https:\/\/naturalpoland.com\/tr\/?s={search_term_string}"},"query-input":{"@type":"PropertyValueSpecification","valueRequired":true,"valueName":"search_term_string"}}],"inLanguage":"tr"},{"@type":"Organization","@id":"https:\/\/naturalpoland.com\/tr\/#organization","name":"Natural Poland","url":"https:\/\/naturalpoland.com\/tr\/","logo":{"@type":"ImageObject","inLanguage":"tr","@id":"https:\/\/naturalpoland.com\/tr\/#\/schema\/logo\/image\/","url":"https:\/\/naturalpoland.com\/wp-content\/uploads\/2021\/05\/natural-poland-icon.png","contentUrl":"https:\/\/naturalpoland.com\/wp-content\/uploads\/2021\/05\/natural-poland-icon.png","width":512,"height":512,"caption":"Natural Poland"},"image":{"@id":"https:\/\/naturalpoland.com\/tr\/#\/schema\/logo\/image\/"},"sameAs":["https:\/\/www.facebook.com\/naturalpoland.b2b","https:\/\/pl.linkedin.com\/company\/natural-poland","https:\/\/www.youtube.com\/channel\/UCgeGGkvOMahZo-xu_MSEWxg"]}]}},"_links":{"self":[{"href":"https:\/\/naturalpoland.com\/tr\/wp-json\/wp\/v2\/product\/44963","targetHints":{"allow":["GET"]}}],"collection":[{"href":"https:\/\/naturalpoland.com\/tr\/wp-json\/wp\/v2\/product"}],"about":[{"href":"https:\/\/naturalpoland.com\/tr\/wp-json\/wp\/v2\/types\/product"}],"wp:featuredmedia":[{"embeddable":true,"href":"https:\/\/naturalpoland.com\/tr\/wp-json\/wp\/v2\/media\/44965"}],"wp:attachment":[{"href":"https:\/\/naturalpoland.com\/tr\/wp-json\/wp\/v2\/media?parent=44963"}],"wp:term":[{"taxonomy":"product_brand","embeddable":true,"href":"https:\/\/naturalpoland.com\/tr\/wp-json\/wp\/v2\/product_brand?post=44963"},{"taxonomy":"product_cat","embeddable":true,"href":"https:\/\/naturalpoland.com\/tr\/wp-json\/wp\/v2\/product_cat?post=44963"},{"taxonomy":"product_tag","embeddable":true,"href":"https:\/\/naturalpoland.com\/tr\/wp-json\/wp\/v2\/product_tag?post=44963"}],"curies":[{"name":"wp","href":"https:\/\/api.w.org\/{rel}","templated":true}]}}