{"id":44968,"date":"2021-05-11T13:45:44","date_gmt":"2021-05-11T11:45:44","guid":{"rendered":"https:\/\/naturalpoland.com\/produkty\/kategorilenmemis\/l-lizin\/"},"modified":"2026-01-14T14:06:42","modified_gmt":"2026-01-14T13:06:42","slug":"l-lizin","status":"publish","type":"product","link":"https:\/\/naturalpoland.com\/tr\/urunler\/farmasotik-hammaddeler\/amino-asitler\/l-lizin\/","title":{"rendered":"L-lizin"},"content":{"rendered":"<p><strong>L-lizin<\/strong> yap\u0131sal ve i\u015flevsel proteinlerin temel yap\u0131 ta\u015f\u0131d\u0131r ve ayr\u0131ca antikorlar\u0131n, hormonlar\u0131n ve enzimlerin sentezinde rol al\u0131r. Ba\u011f\u0131\u015f\u0131kl\u0131k, hormonal ve enzim sistemlerinin d\u00fczg\u00fcn \u00e7al\u0131\u015fmas\u0131 i\u00e7in gereklidir. <\/p>\n<p>L-lizin <strong>ya\u011f metabolizmas\u0131n\u0131 destekler<\/strong> ve <strong>azot dengesini d\u00fczenler<\/strong>, bu da kas k\u00fctlesinin korunmas\u0131 ve yenilenmesi i\u00e7in \u00f6nemlidir. Sporcular ve fiziksel olarak aktif ki\u015filer i\u00e7in takviyelerin en \u00f6nemli bile\u015fenlerinden biridir. Kardiyovask\u00fcler sistemi destekleyen ve ya\u011f asitlerinin mitokondrilere ta\u015f\u0131nmas\u0131n\u0131 kolayla\u015ft\u0131rarak v\u00fccut performans\u0131n\u0131 art\u0131ran karnitin \u00fcretimini uyarma yetene\u011fine sahiptir. <span style=\"font-size: 14.4px;\">Ayr\u0131ca L-lizin <\/span><strong style=\"font-size: 14.4px;\">kalsiyum emilimini art\u0131r\u0131r<\/strong><span style=\"font-size: 14.4px;\"> ve a\u015f\u0131r\u0131 kayb\u0131n\u0131 \u00f6nleyerek kemik demineralizasyonunu \u00f6nler ve iskelet sisteminin sa\u011fl\u0131\u011f\u0131n\u0131 destekler.<\/span>  <\/p>\n<p>Lizin eksikli\u011fi konsantrasyon kayb\u0131, kronik yorgunluk, ba\u011f\u0131\u015f\u0131kl\u0131k sisteminin zay\u0131flamas\u0131 ve uzun vadede kemik demineralizasyonu ve kas k\u00fctlesi kayb\u0131 ile kendini g\u00f6sterebilir.<\/p>\n<p>\u00dcr\u00fcn y\u00fcksek safl\u0131\u011fa (USP39 spesifikasyonuna g\u00f6re %99,3) ve g\u00fcvenli kalite profiline sahiptir (a\u011f\u0131r metal ve organik kirlilik i\u00e7eri\u011fi izin verilen limitlerin \u00e7ok alt\u0131ndad\u0131r). Besin takviyeleri, spor beslenme \u00fcr\u00fcnleri ve iyile\u015fmeyi ve v\u00fccudun d\u00fczg\u00fcn \u00e7al\u0131\u015fmas\u0131n\u0131 destekleyen preparatlar i\u00e7in m\u00fckemmel bir hammaddedir. <\/p>\n","protected":false},"excerpt":{"rendered":"<p><strong>L-lizin<\/strong>, <strong>L-Lysine Monohydrochloride<\/strong> formunda, insan v\u00fccudunun kendi ba\u015f\u0131na sentezleyemedi\u011fi ve bu nedenle diyet veya takviye yoluyla al\u0131nmas\u0131 gereken y\u00fcksek safl\u0131kta bir ekzojen amino asittir.<\/p>\n<p>&nbsp;<\/p>\n","protected":false},"featured_media":44970,"template":"","meta":{"_acf_changed":false},"product_brand":[],"product_cat":[9539],"product_tag":[],"class_list":{"0":"post-44968","1":"product","2":"type-product","3":"status-publish","4":"has-post-thumbnail","6":"product_cat-amino-asitler","8":"first","9":"instock","10":"shipping-taxable","11":"product-type-simple"},"acf":[],"yoast_head":"<!-- This site is optimized with the Yoast SEO plugin v27.4 - https:\/\/yoast.com\/product\/yoast-seo-wordpress\/ -->\n<title>L-lizin - Hurtowy Dystrybutor<\/title>\n<meta name=\"description\" content=\"L-Lysine Monohydrochloride formundaki L-lizin, insan v\u00fccudunun kendi ba\u015f\u0131na sentezleyemedi\u011fi ekzojen bir amino asittir\" \/>\n<meta name=\"robots\" content=\"index, follow, max-snippet:-1, max-image-preview:large, max-video-preview:-1\" \/>\n<link rel=\"canonical\" href=\"https:\/\/naturalpoland.com\/tr\/urunler\/farmasotik-hammaddeler\/amino-asitler\/l-lizin\/\" \/>\n<meta property=\"og:locale\" content=\"tr_TR\" \/>\n<meta property=\"og:type\" content=\"article\" \/>\n<meta property=\"og:title\" content=\"L-lizin - Hurtowy Dystrybutor\" \/>\n<meta property=\"og:description\" content=\"L-Lysine Monohydrochloride formundaki L-lizin, insan v\u00fccudunun kendi ba\u015f\u0131na sentezleyemedi\u011fi ekzojen bir amino asittir\" \/>\n<meta property=\"og:url\" content=\"https:\/\/naturalpoland.com\/tr\/urunler\/farmasotik-hammaddeler\/amino-asitler\/l-lizin\/\" \/>\n<meta property=\"og:site_name\" content=\"NATURAL POLAND - Hurtowy Dystrybutor Surowc\u00f3w\" \/>\n<meta property=\"article:publisher\" content=\"https:\/\/www.facebook.com\/naturalpoland.b2b\" \/>\n<meta property=\"article:modified_time\" content=\"2026-01-14T13:06:42+00:00\" \/>\n<meta property=\"og:image\" content=\"https:\/\/naturalpoland.com\/wp-content\/uploads\/l-lizyna.webp\" \/>\n\t<meta property=\"og:image:width\" content=\"1024\" \/>\n\t<meta property=\"og:image:height\" content=\"1024\" \/>\n\t<meta property=\"og:image:type\" content=\"image\/webp\" \/>\n<script type=\"application\/ld+json\" class=\"yoast-schema-graph\">{\"@context\":\"https:\\\/\\\/schema.org\",\"@graph\":[{\"@type\":\"WebPage\",\"@id\":\"https:\\\/\\\/naturalpoland.com\\\/tr\\\/urunler\\\/farmasotik-hammaddeler\\\/amino-asitler\\\/l-lizin\\\/\",\"url\":\"https:\\\/\\\/naturalpoland.com\\\/tr\\\/urunler\\\/farmasotik-hammaddeler\\\/amino-asitler\\\/l-lizin\\\/\",\"name\":\"L-lizin - Hurtowy Dystrybutor\",\"isPartOf\":{\"@id\":\"https:\\\/\\\/naturalpoland.com\\\/tr\\\/#website\"},\"primaryImageOfPage\":{\"@id\":\"https:\\\/\\\/naturalpoland.com\\\/tr\\\/urunler\\\/farmasotik-hammaddeler\\\/amino-asitler\\\/l-lizin\\\/#primaryimage\"},\"image\":{\"@id\":\"https:\\\/\\\/naturalpoland.com\\\/tr\\\/urunler\\\/farmasotik-hammaddeler\\\/amino-asitler\\\/l-lizin\\\/#primaryimage\"},\"thumbnailUrl\":\"https:\\\/\\\/naturalpoland.com\\\/wp-content\\\/uploads\\\/l-lizyna.webp\",\"datePublished\":\"2021-05-11T11:45:44+00:00\",\"dateModified\":\"2026-01-14T13:06:42+00:00\",\"description\":\"L-Lysine Monohydrochloride formundaki L-lizin, insan v\u00fccudunun kendi ba\u015f\u0131na sentezleyemedi\u011fi ekzojen bir amino asittir\",\"breadcrumb\":{\"@id\":\"https:\\\/\\\/naturalpoland.com\\\/tr\\\/urunler\\\/farmasotik-hammaddeler\\\/amino-asitler\\\/l-lizin\\\/#breadcrumb\"},\"inLanguage\":\"tr\",\"potentialAction\":[{\"@type\":\"ReadAction\",\"target\":[\"https:\\\/\\\/naturalpoland.com\\\/tr\\\/urunler\\\/farmasotik-hammaddeler\\\/amino-asitler\\\/l-lizin\\\/\"]}]},{\"@type\":\"ImageObject\",\"inLanguage\":\"tr\",\"@id\":\"https:\\\/\\\/naturalpoland.com\\\/tr\\\/urunler\\\/farmasotik-hammaddeler\\\/amino-asitler\\\/l-lizin\\\/#primaryimage\",\"url\":\"https:\\\/\\\/naturalpoland.com\\\/wp-content\\\/uploads\\\/l-lizyna.webp\",\"contentUrl\":\"https:\\\/\\\/naturalpoland.com\\\/wp-content\\\/uploads\\\/l-lizyna.webp\",\"width\":1024,\"height\":1024,\"caption\":\"L-Lysine Monohydrochloride formunda L-lizin\"},{\"@type\":\"BreadcrumbList\",\"@id\":\"https:\\\/\\\/naturalpoland.com\\\/tr\\\/urunler\\\/farmasotik-hammaddeler\\\/amino-asitler\\\/l-lizin\\\/#breadcrumb\",\"itemListElement\":[{\"@type\":\"ListItem\",\"position\":1,\"name\":\"Ana Sayfa\",\"item\":\"https:\\\/\\\/naturalpoland.com\\\/tr\\\/\"},{\"@type\":\"ListItem\",\"position\":2,\"name\":\"\u00dcr\u00fcnler\",\"item\":\"https:\\\/\\\/naturalpoland.com\\\/tr\\\/urunler\\\/\"},{\"@type\":\"ListItem\",\"position\":3,\"name\":\"L-lizin\"}]},{\"@type\":\"WebSite\",\"@id\":\"https:\\\/\\\/naturalpoland.com\\\/tr\\\/#website\",\"url\":\"https:\\\/\\\/naturalpoland.com\\\/tr\\\/\",\"name\":\"NATURAL POLAND - Hurtowy Dystrybutor Surowc\u00f3w\",\"description\":\"Surowce dla przemys\u0142u spo\u017cywczego, kosmetycznego i farmaceutycznego\",\"publisher\":{\"@id\":\"https:\\\/\\\/naturalpoland.com\\\/tr\\\/#organization\"},\"potentialAction\":[{\"@type\":\"SearchAction\",\"target\":{\"@type\":\"EntryPoint\",\"urlTemplate\":\"https:\\\/\\\/naturalpoland.com\\\/tr\\\/?s={search_term_string}\"},\"query-input\":{\"@type\":\"PropertyValueSpecification\",\"valueRequired\":true,\"valueName\":\"search_term_string\"}}],\"inLanguage\":\"tr\"},{\"@type\":\"Organization\",\"@id\":\"https:\\\/\\\/naturalpoland.com\\\/tr\\\/#organization\",\"name\":\"Natural Poland\",\"url\":\"https:\\\/\\\/naturalpoland.com\\\/tr\\\/\",\"logo\":{\"@type\":\"ImageObject\",\"inLanguage\":\"tr\",\"@id\":\"https:\\\/\\\/naturalpoland.com\\\/tr\\\/#\\\/schema\\\/logo\\\/image\\\/\",\"url\":\"https:\\\/\\\/naturalpoland.com\\\/wp-content\\\/uploads\\\/2021\\\/05\\\/natural-poland-icon.png\",\"contentUrl\":\"https:\\\/\\\/naturalpoland.com\\\/wp-content\\\/uploads\\\/2021\\\/05\\\/natural-poland-icon.png\",\"width\":512,\"height\":512,\"caption\":\"Natural Poland\"},\"image\":{\"@id\":\"https:\\\/\\\/naturalpoland.com\\\/tr\\\/#\\\/schema\\\/logo\\\/image\\\/\"},\"sameAs\":[\"https:\\\/\\\/www.facebook.com\\\/naturalpoland.b2b\",\"https:\\\/\\\/pl.linkedin.com\\\/company\\\/natural-poland\",\"https:\\\/\\\/www.youtube.com\\\/channel\\\/UCgeGGkvOMahZo-xu_MSEWxg\"]}]}<\/script>\n<!-- \/ Yoast SEO plugin. -->","yoast_head_json":{"title":"L-lizin - Hurtowy Dystrybutor","description":"L-Lysine Monohydrochloride formundaki L-lizin, insan v\u00fccudunun kendi ba\u015f\u0131na sentezleyemedi\u011fi ekzojen bir amino asittir","robots":{"index":"index","follow":"follow","max-snippet":"max-snippet:-1","max-image-preview":"max-image-preview:large","max-video-preview":"max-video-preview:-1"},"canonical":"https:\/\/naturalpoland.com\/tr\/urunler\/farmasotik-hammaddeler\/amino-asitler\/l-lizin\/","og_locale":"tr_TR","og_type":"article","og_title":"L-lizin - Hurtowy Dystrybutor","og_description":"L-Lysine Monohydrochloride formundaki L-lizin, insan v\u00fccudunun kendi ba\u015f\u0131na sentezleyemedi\u011fi ekzojen bir amino asittir","og_url":"https:\/\/naturalpoland.com\/tr\/urunler\/farmasotik-hammaddeler\/amino-asitler\/l-lizin\/","og_site_name":"NATURAL POLAND - Hurtowy Dystrybutor Surowc\u00f3w","article_publisher":"https:\/\/www.facebook.com\/naturalpoland.b2b","article_modified_time":"2026-01-14T13:06:42+00:00","og_image":[{"width":1024,"height":1024,"url":"https:\/\/naturalpoland.com\/wp-content\/uploads\/l-lizyna.webp","type":"image\/webp"}],"schema":{"@context":"https:\/\/schema.org","@graph":[{"@type":"WebPage","@id":"https:\/\/naturalpoland.com\/tr\/urunler\/farmasotik-hammaddeler\/amino-asitler\/l-lizin\/","url":"https:\/\/naturalpoland.com\/tr\/urunler\/farmasotik-hammaddeler\/amino-asitler\/l-lizin\/","name":"L-lizin - Hurtowy Dystrybutor","isPartOf":{"@id":"https:\/\/naturalpoland.com\/tr\/#website"},"primaryImageOfPage":{"@id":"https:\/\/naturalpoland.com\/tr\/urunler\/farmasotik-hammaddeler\/amino-asitler\/l-lizin\/#primaryimage"},"image":{"@id":"https:\/\/naturalpoland.com\/tr\/urunler\/farmasotik-hammaddeler\/amino-asitler\/l-lizin\/#primaryimage"},"thumbnailUrl":"https:\/\/naturalpoland.com\/wp-content\/uploads\/l-lizyna.webp","datePublished":"2021-05-11T11:45:44+00:00","dateModified":"2026-01-14T13:06:42+00:00","description":"L-Lysine Monohydrochloride formundaki L-lizin, insan v\u00fccudunun kendi ba\u015f\u0131na sentezleyemedi\u011fi ekzojen bir amino asittir","breadcrumb":{"@id":"https:\/\/naturalpoland.com\/tr\/urunler\/farmasotik-hammaddeler\/amino-asitler\/l-lizin\/#breadcrumb"},"inLanguage":"tr","potentialAction":[{"@type":"ReadAction","target":["https:\/\/naturalpoland.com\/tr\/urunler\/farmasotik-hammaddeler\/amino-asitler\/l-lizin\/"]}]},{"@type":"ImageObject","inLanguage":"tr","@id":"https:\/\/naturalpoland.com\/tr\/urunler\/farmasotik-hammaddeler\/amino-asitler\/l-lizin\/#primaryimage","url":"https:\/\/naturalpoland.com\/wp-content\/uploads\/l-lizyna.webp","contentUrl":"https:\/\/naturalpoland.com\/wp-content\/uploads\/l-lizyna.webp","width":1024,"height":1024,"caption":"L-Lysine Monohydrochloride formunda L-lizin"},{"@type":"BreadcrumbList","@id":"https:\/\/naturalpoland.com\/tr\/urunler\/farmasotik-hammaddeler\/amino-asitler\/l-lizin\/#breadcrumb","itemListElement":[{"@type":"ListItem","position":1,"name":"Ana Sayfa","item":"https:\/\/naturalpoland.com\/tr\/"},{"@type":"ListItem","position":2,"name":"\u00dcr\u00fcnler","item":"https:\/\/naturalpoland.com\/tr\/urunler\/"},{"@type":"ListItem","position":3,"name":"L-lizin"}]},{"@type":"WebSite","@id":"https:\/\/naturalpoland.com\/tr\/#website","url":"https:\/\/naturalpoland.com\/tr\/","name":"NATURAL POLAND - Hurtowy Dystrybutor Surowc\u00f3w","description":"Surowce dla przemys\u0142u spo\u017cywczego, kosmetycznego i farmaceutycznego","publisher":{"@id":"https:\/\/naturalpoland.com\/tr\/#organization"},"potentialAction":[{"@type":"SearchAction","target":{"@type":"EntryPoint","urlTemplate":"https:\/\/naturalpoland.com\/tr\/?s={search_term_string}"},"query-input":{"@type":"PropertyValueSpecification","valueRequired":true,"valueName":"search_term_string"}}],"inLanguage":"tr"},{"@type":"Organization","@id":"https:\/\/naturalpoland.com\/tr\/#organization","name":"Natural Poland","url":"https:\/\/naturalpoland.com\/tr\/","logo":{"@type":"ImageObject","inLanguage":"tr","@id":"https:\/\/naturalpoland.com\/tr\/#\/schema\/logo\/image\/","url":"https:\/\/naturalpoland.com\/wp-content\/uploads\/2021\/05\/natural-poland-icon.png","contentUrl":"https:\/\/naturalpoland.com\/wp-content\/uploads\/2021\/05\/natural-poland-icon.png","width":512,"height":512,"caption":"Natural Poland"},"image":{"@id":"https:\/\/naturalpoland.com\/tr\/#\/schema\/logo\/image\/"},"sameAs":["https:\/\/www.facebook.com\/naturalpoland.b2b","https:\/\/pl.linkedin.com\/company\/natural-poland","https:\/\/www.youtube.com\/channel\/UCgeGGkvOMahZo-xu_MSEWxg"]}]}},"_links":{"self":[{"href":"https:\/\/naturalpoland.com\/tr\/wp-json\/wp\/v2\/product\/44968","targetHints":{"allow":["GET"]}}],"collection":[{"href":"https:\/\/naturalpoland.com\/tr\/wp-json\/wp\/v2\/product"}],"about":[{"href":"https:\/\/naturalpoland.com\/tr\/wp-json\/wp\/v2\/types\/product"}],"wp:featuredmedia":[{"embeddable":true,"href":"https:\/\/naturalpoland.com\/tr\/wp-json\/wp\/v2\/media\/44970"}],"wp:attachment":[{"href":"https:\/\/naturalpoland.com\/tr\/wp-json\/wp\/v2\/media?parent=44968"}],"wp:term":[{"taxonomy":"product_brand","embeddable":true,"href":"https:\/\/naturalpoland.com\/tr\/wp-json\/wp\/v2\/product_brand?post=44968"},{"taxonomy":"product_cat","embeddable":true,"href":"https:\/\/naturalpoland.com\/tr\/wp-json\/wp\/v2\/product_cat?post=44968"},{"taxonomy":"product_tag","embeddable":true,"href":"https:\/\/naturalpoland.com\/tr\/wp-json\/wp\/v2\/product_tag?post=44968"}],"curies":[{"name":"wp","href":"https:\/\/api.w.org\/{rel}","templated":true}]}}