{"id":44971,"date":"2021-05-11T13:38:06","date_gmt":"2021-05-11T11:38:06","guid":{"rendered":"https:\/\/naturalpoland.com\/produkty\/kategorilenmemis\/ogutulmus-kusburnu\/"},"modified":"2026-01-14T14:11:33","modified_gmt":"2026-01-14T13:11:33","slug":"ogutulmus-kusburnu","status":"publish","type":"product","link":"https:\/\/naturalpoland.com\/tr\/urunler\/gida-hammaddeleri\/uretim-hammaddeleri\/ogutulmus-kusburnu\/","title":{"rendered":"\u00d6\u011f\u00fct\u00fclm\u00fc\u015f Ku\u015fburnu"},"content":{"rendered":"<p>\u00d6\u011f\u00fct\u00fclm\u00fc\u015f ku\u015fburnu inf\u00fczyon ve hidrolat haz\u0131rlamak i\u00e7in de uygundur. Ku\u015fburnu meyveleri y\u00fcksek tanen, karotenoid, organik asit ve u\u00e7ucu ya\u011f i\u00e7eri\u011fine sahiptir. Bunun yan\u0131 s\u0131ra \u00e7ok y\u00fcksek C vitamini i\u00e7eri\u011fi sayesinde grip ve so\u011fuk alg\u0131nl\u0131\u011f\u0131n\u0131n artt\u0131\u011f\u0131 d\u00f6nemlerde ba\u011f\u0131\u015f\u0131kl\u0131k g\u00fc\u00e7lendirici \u00fcr\u00fcnlerin \u00fcretiminde m\u00fckemmel performans g\u00f6sterir. Ayr\u0131ca B2, K, PP, E vitaminleri de i\u00e7erir.  <\/p>\n","protected":false},"excerpt":{"rendered":"<p>\u00d6\u011f\u00fct\u00fclm\u00fc\u015f ku\u015fburnu banyo kozmetiklerine m\u00fckemmel bir katk\u0131d\u0131r. Sabun, s\u0131v\u0131, tuz ve banyo pudralar\u0131 \u00fcretiminde kullan\u0131labilir. \u00d6\u011f\u00fct\u00fclm\u00fc\u015f meyveler suda y\u00fczer ve aromaterapi ile hafif peeling rol\u00fc oynar.  <\/p>\n","protected":false},"featured_media":44972,"template":"","meta":{"_acf_changed":false},"product_brand":[],"product_cat":[9572],"product_tag":[],"class_list":{"0":"post-44971","1":"product","2":"type-product","3":"status-publish","4":"has-post-thumbnail","6":"product_cat-uretim-hammaddeleri","8":"first","9":"instock","10":"shipping-taxable","11":"product-type-simple"},"acf":[],"yoast_head":"<!-- This site is optimized with the Yoast SEO plugin v27.4 - https:\/\/yoast.com\/product\/yoast-seo-wordpress\/ -->\n<title>\u00d6\u011f\u00fct\u00fclm\u00fc\u015f Ku\u015fburnu - Hurtowy Dystrybutor<\/title>\n<meta name=\"robots\" content=\"index, follow, max-snippet:-1, max-image-preview:large, max-video-preview:-1\" \/>\n<link rel=\"canonical\" href=\"https:\/\/naturalpoland.com\/tr\/urunler\/gida-hammaddeleri\/uretim-hammaddeleri\/ogutulmus-kusburnu\/\" \/>\n<meta property=\"og:locale\" content=\"tr_TR\" \/>\n<meta property=\"og:type\" content=\"article\" \/>\n<meta property=\"og:title\" content=\"\u00d6\u011f\u00fct\u00fclm\u00fc\u015f Ku\u015fburnu - Hurtowy Dystrybutor\" \/>\n<meta property=\"og:description\" content=\"\u00d6\u011f\u00fct\u00fclm\u00fc\u015f ku\u015fburnu banyo kozmetiklerine m\u00fckemmel bir katk\u0131d\u0131r. Sabun, s\u0131v\u0131, tuz ve banyo pudralar\u0131 \u00fcretiminde kullan\u0131labilir. \u00d6\u011f\u00fct\u00fclm\u00fc\u015f meyveler suda y\u00fczer ve aromaterapi ile hafif peeling rol\u00fc oynar.\" \/>\n<meta property=\"og:url\" content=\"https:\/\/naturalpoland.com\/tr\/urunler\/gida-hammaddeleri\/uretim-hammaddeleri\/ogutulmus-kusburnu\/\" \/>\n<meta property=\"og:site_name\" content=\"NATURAL POLAND - Hurtowy Dystrybutor Surowc\u00f3w\" \/>\n<meta property=\"article:publisher\" content=\"https:\/\/www.facebook.com\/naturalpoland.b2b\" \/>\n<meta property=\"article:modified_time\" content=\"2026-01-14T13:11:33+00:00\" \/>\n<meta property=\"og:image\" content=\"https:\/\/naturalpoland.com\/wp-content\/uploads\/2021\/05\/rosehip-minced.jpg\" \/>\n\t<meta property=\"og:image:width\" content=\"458\" \/>\n\t<meta property=\"og:image:height\" content=\"458\" \/>\n\t<meta property=\"og:image:type\" content=\"image\/jpeg\" \/>\n<script type=\"application\/ld+json\" class=\"yoast-schema-graph\">{\"@context\":\"https:\\\/\\\/schema.org\",\"@graph\":[{\"@type\":\"WebPage\",\"@id\":\"https:\\\/\\\/naturalpoland.com\\\/tr\\\/urunler\\\/gida-hammaddeleri\\\/uretim-hammaddeleri\\\/ogutulmus-kusburnu\\\/\",\"url\":\"https:\\\/\\\/naturalpoland.com\\\/tr\\\/urunler\\\/gida-hammaddeleri\\\/uretim-hammaddeleri\\\/ogutulmus-kusburnu\\\/\",\"name\":\"\u00d6\u011f\u00fct\u00fclm\u00fc\u015f Ku\u015fburnu - Hurtowy Dystrybutor\",\"isPartOf\":{\"@id\":\"https:\\\/\\\/naturalpoland.com\\\/tr\\\/#website\"},\"primaryImageOfPage\":{\"@id\":\"https:\\\/\\\/naturalpoland.com\\\/tr\\\/urunler\\\/gida-hammaddeleri\\\/uretim-hammaddeleri\\\/ogutulmus-kusburnu\\\/#primaryimage\"},\"image\":{\"@id\":\"https:\\\/\\\/naturalpoland.com\\\/tr\\\/urunler\\\/gida-hammaddeleri\\\/uretim-hammaddeleri\\\/ogutulmus-kusburnu\\\/#primaryimage\"},\"thumbnailUrl\":\"https:\\\/\\\/naturalpoland.com\\\/wp-content\\\/uploads\\\/2021\\\/05\\\/rosehip-minced.jpg\",\"datePublished\":\"2021-05-11T11:38:06+00:00\",\"dateModified\":\"2026-01-14T13:11:33+00:00\",\"breadcrumb\":{\"@id\":\"https:\\\/\\\/naturalpoland.com\\\/tr\\\/urunler\\\/gida-hammaddeleri\\\/uretim-hammaddeleri\\\/ogutulmus-kusburnu\\\/#breadcrumb\"},\"inLanguage\":\"tr\",\"potentialAction\":[{\"@type\":\"ReadAction\",\"target\":[\"https:\\\/\\\/naturalpoland.com\\\/tr\\\/urunler\\\/gida-hammaddeleri\\\/uretim-hammaddeleri\\\/ogutulmus-kusburnu\\\/\"]}]},{\"@type\":\"ImageObject\",\"inLanguage\":\"tr\",\"@id\":\"https:\\\/\\\/naturalpoland.com\\\/tr\\\/urunler\\\/gida-hammaddeleri\\\/uretim-hammaddeleri\\\/ogutulmus-kusburnu\\\/#primaryimage\",\"url\":\"https:\\\/\\\/naturalpoland.com\\\/wp-content\\\/uploads\\\/2021\\\/05\\\/rosehip-minced.jpg\",\"contentUrl\":\"https:\\\/\\\/naturalpoland.com\\\/wp-content\\\/uploads\\\/2021\\\/05\\\/rosehip-minced.jpg\",\"width\":458,\"height\":458,\"caption\":\"\u00d6\u011f\u00fct\u00fclm\u00fc\u015f Ku\u015fburnu\"},{\"@type\":\"BreadcrumbList\",\"@id\":\"https:\\\/\\\/naturalpoland.com\\\/tr\\\/urunler\\\/gida-hammaddeleri\\\/uretim-hammaddeleri\\\/ogutulmus-kusburnu\\\/#breadcrumb\",\"itemListElement\":[{\"@type\":\"ListItem\",\"position\":1,\"name\":\"Ana Sayfa\",\"item\":\"https:\\\/\\\/naturalpoland.com\\\/tr\\\/\"},{\"@type\":\"ListItem\",\"position\":2,\"name\":\"\u00dcr\u00fcnler\",\"item\":\"https:\\\/\\\/naturalpoland.com\\\/tr\\\/urunler\\\/\"},{\"@type\":\"ListItem\",\"position\":3,\"name\":\"\u00d6\u011f\u00fct\u00fclm\u00fc\u015f Ku\u015fburnu\"}]},{\"@type\":\"WebSite\",\"@id\":\"https:\\\/\\\/naturalpoland.com\\\/tr\\\/#website\",\"url\":\"https:\\\/\\\/naturalpoland.com\\\/tr\\\/\",\"name\":\"NATURAL POLAND - Hurtowy Dystrybutor Surowc\u00f3w\",\"description\":\"Surowce dla przemys\u0142u spo\u017cywczego, kosmetycznego i farmaceutycznego\",\"publisher\":{\"@id\":\"https:\\\/\\\/naturalpoland.com\\\/tr\\\/#organization\"},\"potentialAction\":[{\"@type\":\"SearchAction\",\"target\":{\"@type\":\"EntryPoint\",\"urlTemplate\":\"https:\\\/\\\/naturalpoland.com\\\/tr\\\/?s={search_term_string}\"},\"query-input\":{\"@type\":\"PropertyValueSpecification\",\"valueRequired\":true,\"valueName\":\"search_term_string\"}}],\"inLanguage\":\"tr\"},{\"@type\":\"Organization\",\"@id\":\"https:\\\/\\\/naturalpoland.com\\\/tr\\\/#organization\",\"name\":\"Natural Poland\",\"url\":\"https:\\\/\\\/naturalpoland.com\\\/tr\\\/\",\"logo\":{\"@type\":\"ImageObject\",\"inLanguage\":\"tr\",\"@id\":\"https:\\\/\\\/naturalpoland.com\\\/tr\\\/#\\\/schema\\\/logo\\\/image\\\/\",\"url\":\"https:\\\/\\\/naturalpoland.com\\\/wp-content\\\/uploads\\\/2021\\\/05\\\/natural-poland-icon.png\",\"contentUrl\":\"https:\\\/\\\/naturalpoland.com\\\/wp-content\\\/uploads\\\/2021\\\/05\\\/natural-poland-icon.png\",\"width\":512,\"height\":512,\"caption\":\"Natural Poland\"},\"image\":{\"@id\":\"https:\\\/\\\/naturalpoland.com\\\/tr\\\/#\\\/schema\\\/logo\\\/image\\\/\"},\"sameAs\":[\"https:\\\/\\\/www.facebook.com\\\/naturalpoland.b2b\",\"https:\\\/\\\/pl.linkedin.com\\\/company\\\/natural-poland\",\"https:\\\/\\\/www.youtube.com\\\/channel\\\/UCgeGGkvOMahZo-xu_MSEWxg\"]}]}<\/script>\n<!-- \/ Yoast SEO plugin. -->","yoast_head_json":{"title":"\u00d6\u011f\u00fct\u00fclm\u00fc\u015f Ku\u015fburnu - Hurtowy Dystrybutor","robots":{"index":"index","follow":"follow","max-snippet":"max-snippet:-1","max-image-preview":"max-image-preview:large","max-video-preview":"max-video-preview:-1"},"canonical":"https:\/\/naturalpoland.com\/tr\/urunler\/gida-hammaddeleri\/uretim-hammaddeleri\/ogutulmus-kusburnu\/","og_locale":"tr_TR","og_type":"article","og_title":"\u00d6\u011f\u00fct\u00fclm\u00fc\u015f Ku\u015fburnu - Hurtowy Dystrybutor","og_description":"\u00d6\u011f\u00fct\u00fclm\u00fc\u015f ku\u015fburnu banyo kozmetiklerine m\u00fckemmel bir katk\u0131d\u0131r. Sabun, s\u0131v\u0131, tuz ve banyo pudralar\u0131 \u00fcretiminde kullan\u0131labilir. \u00d6\u011f\u00fct\u00fclm\u00fc\u015f meyveler suda y\u00fczer ve aromaterapi ile hafif peeling rol\u00fc oynar.","og_url":"https:\/\/naturalpoland.com\/tr\/urunler\/gida-hammaddeleri\/uretim-hammaddeleri\/ogutulmus-kusburnu\/","og_site_name":"NATURAL POLAND - Hurtowy Dystrybutor Surowc\u00f3w","article_publisher":"https:\/\/www.facebook.com\/naturalpoland.b2b","article_modified_time":"2026-01-14T13:11:33+00:00","og_image":[{"width":458,"height":458,"url":"https:\/\/naturalpoland.com\/wp-content\/uploads\/2021\/05\/rosehip-minced.jpg","type":"image\/jpeg"}],"schema":{"@context":"https:\/\/schema.org","@graph":[{"@type":"WebPage","@id":"https:\/\/naturalpoland.com\/tr\/urunler\/gida-hammaddeleri\/uretim-hammaddeleri\/ogutulmus-kusburnu\/","url":"https:\/\/naturalpoland.com\/tr\/urunler\/gida-hammaddeleri\/uretim-hammaddeleri\/ogutulmus-kusburnu\/","name":"\u00d6\u011f\u00fct\u00fclm\u00fc\u015f Ku\u015fburnu - Hurtowy Dystrybutor","isPartOf":{"@id":"https:\/\/naturalpoland.com\/tr\/#website"},"primaryImageOfPage":{"@id":"https:\/\/naturalpoland.com\/tr\/urunler\/gida-hammaddeleri\/uretim-hammaddeleri\/ogutulmus-kusburnu\/#primaryimage"},"image":{"@id":"https:\/\/naturalpoland.com\/tr\/urunler\/gida-hammaddeleri\/uretim-hammaddeleri\/ogutulmus-kusburnu\/#primaryimage"},"thumbnailUrl":"https:\/\/naturalpoland.com\/wp-content\/uploads\/2021\/05\/rosehip-minced.jpg","datePublished":"2021-05-11T11:38:06+00:00","dateModified":"2026-01-14T13:11:33+00:00","breadcrumb":{"@id":"https:\/\/naturalpoland.com\/tr\/urunler\/gida-hammaddeleri\/uretim-hammaddeleri\/ogutulmus-kusburnu\/#breadcrumb"},"inLanguage":"tr","potentialAction":[{"@type":"ReadAction","target":["https:\/\/naturalpoland.com\/tr\/urunler\/gida-hammaddeleri\/uretim-hammaddeleri\/ogutulmus-kusburnu\/"]}]},{"@type":"ImageObject","inLanguage":"tr","@id":"https:\/\/naturalpoland.com\/tr\/urunler\/gida-hammaddeleri\/uretim-hammaddeleri\/ogutulmus-kusburnu\/#primaryimage","url":"https:\/\/naturalpoland.com\/wp-content\/uploads\/2021\/05\/rosehip-minced.jpg","contentUrl":"https:\/\/naturalpoland.com\/wp-content\/uploads\/2021\/05\/rosehip-minced.jpg","width":458,"height":458,"caption":"\u00d6\u011f\u00fct\u00fclm\u00fc\u015f Ku\u015fburnu"},{"@type":"BreadcrumbList","@id":"https:\/\/naturalpoland.com\/tr\/urunler\/gida-hammaddeleri\/uretim-hammaddeleri\/ogutulmus-kusburnu\/#breadcrumb","itemListElement":[{"@type":"ListItem","position":1,"name":"Ana Sayfa","item":"https:\/\/naturalpoland.com\/tr\/"},{"@type":"ListItem","position":2,"name":"\u00dcr\u00fcnler","item":"https:\/\/naturalpoland.com\/tr\/urunler\/"},{"@type":"ListItem","position":3,"name":"\u00d6\u011f\u00fct\u00fclm\u00fc\u015f Ku\u015fburnu"}]},{"@type":"WebSite","@id":"https:\/\/naturalpoland.com\/tr\/#website","url":"https:\/\/naturalpoland.com\/tr\/","name":"NATURAL POLAND - Hurtowy Dystrybutor Surowc\u00f3w","description":"Surowce dla przemys\u0142u spo\u017cywczego, kosmetycznego i farmaceutycznego","publisher":{"@id":"https:\/\/naturalpoland.com\/tr\/#organization"},"potentialAction":[{"@type":"SearchAction","target":{"@type":"EntryPoint","urlTemplate":"https:\/\/naturalpoland.com\/tr\/?s={search_term_string}"},"query-input":{"@type":"PropertyValueSpecification","valueRequired":true,"valueName":"search_term_string"}}],"inLanguage":"tr"},{"@type":"Organization","@id":"https:\/\/naturalpoland.com\/tr\/#organization","name":"Natural Poland","url":"https:\/\/naturalpoland.com\/tr\/","logo":{"@type":"ImageObject","inLanguage":"tr","@id":"https:\/\/naturalpoland.com\/tr\/#\/schema\/logo\/image\/","url":"https:\/\/naturalpoland.com\/wp-content\/uploads\/2021\/05\/natural-poland-icon.png","contentUrl":"https:\/\/naturalpoland.com\/wp-content\/uploads\/2021\/05\/natural-poland-icon.png","width":512,"height":512,"caption":"Natural Poland"},"image":{"@id":"https:\/\/naturalpoland.com\/tr\/#\/schema\/logo\/image\/"},"sameAs":["https:\/\/www.facebook.com\/naturalpoland.b2b","https:\/\/pl.linkedin.com\/company\/natural-poland","https:\/\/www.youtube.com\/channel\/UCgeGGkvOMahZo-xu_MSEWxg"]}]}},"_links":{"self":[{"href":"https:\/\/naturalpoland.com\/tr\/wp-json\/wp\/v2\/product\/44971","targetHints":{"allow":["GET"]}}],"collection":[{"href":"https:\/\/naturalpoland.com\/tr\/wp-json\/wp\/v2\/product"}],"about":[{"href":"https:\/\/naturalpoland.com\/tr\/wp-json\/wp\/v2\/types\/product"}],"wp:featuredmedia":[{"embeddable":true,"href":"https:\/\/naturalpoland.com\/tr\/wp-json\/wp\/v2\/media\/44972"}],"wp:attachment":[{"href":"https:\/\/naturalpoland.com\/tr\/wp-json\/wp\/v2\/media?parent=44971"}],"wp:term":[{"taxonomy":"product_brand","embeddable":true,"href":"https:\/\/naturalpoland.com\/tr\/wp-json\/wp\/v2\/product_brand?post=44971"},{"taxonomy":"product_cat","embeddable":true,"href":"https:\/\/naturalpoland.com\/tr\/wp-json\/wp\/v2\/product_cat?post=44971"},{"taxonomy":"product_tag","embeddable":true,"href":"https:\/\/naturalpoland.com\/tr\/wp-json\/wp\/v2\/product_tag?post=44971"}],"curies":[{"name":"wp","href":"https:\/\/api.w.org\/{rel}","templated":true}]}}