{"id":44973,"date":"2021-05-11T13:37:21","date_gmt":"2021-05-11T11:37:21","guid":{"rendered":"https:\/\/naturalpoland.com\/produkty\/kategorilenmemis\/kolin-sitrat\/"},"modified":"2026-01-14T14:11:36","modified_gmt":"2026-01-14T13:11:36","slug":"kolin-sitrat","status":"publish","type":"product","link":"https:\/\/naturalpoland.com\/tr\/urunler\/farmasotik-hammaddeler\/takviye-edici-gida-bilesenleri\/kolin-sitrat\/","title":{"rendered":"Kolin Sitrat"},"content":{"rendered":"<h2>Kolin sitrat\u0131n \u00f6zellikleri ve etkisi<\/h2>\n<p>Kolin sitrat, merkezi sinir sisteminin i\u015fleyi\u015fi i\u00e7in kritik olan n\u00f6rotransmitter <strong>asetilkolinin \u00f6nc\u00fcs\u00fc<\/strong> olarak \u00f6nemli bir rol oynar. Sinir impulslar\u0131n\u0131n iletim s\u00fcre\u00e7lerinde yer al\u0131r, bili\u015fsel i\u015flevleri ve haf\u0131za s\u00fcre\u00e7lerini destekler, konsantrasyonu ve \u00f6\u011frenme yetene\u011fini geli\u015ftirir. <\/p>\n<p>Asetil grubunun varl\u0131\u011f\u0131 sayesinde <strong>mitokondri i\u015flevlerini<\/strong> ve sinir h\u00fccrelerindeki enerji metabolizmas\u0131n\u0131 da destekleyebilir. \u00d6zellikle <strong>psikolojik ve fiziksel strese<\/strong> maruz kalan ki\u015filere, ya\u015fl\u0131lara, aktif \u00e7al\u0131\u015fanlara, \u00f6\u011frenci ve \u00fcniversite \u00f6\u011frencilerine \u00f6nerilir. <\/p>\n<p>\u00dcr\u00fcn toksik olarak s\u0131n\u0131fland\u0131r\u0131lmaz, tahri\u015f edici etki g\u00f6stermez, iyi tolere edilir ve amac\u0131na uygun kullan\u0131mda g\u00fcvenlidir. Ayr\u0131ca d\u00fc\u015f\u00fck a\u011f\u0131r metal kirletici i\u00e7eri\u011fi (kur\u015fun, arsenik, kadmiyum, c\u0131va) ve \u00e7ok d\u00fc\u015f\u00fck nem seviyesi (%0,12) ile karakterize edilir, bu da depolamada stabilite ve dayan\u0131kl\u0131l\u0131\u011f\u0131n\u0131 sa\u011flar. <\/p>\n<h2>Kullan\u0131m alanlar\u0131<\/h2>\n<p>Kolin sitrat \u015fu alanlarda kullan\u0131m bulur:<\/p>\n<ul>\n<li>Beyin ve sinir sistemi \u00e7al\u0131\u015fmas\u0131n\u0131 destekleyen besin takviyelerinde<\/li>\n<li>Bili\u015fsel yetenekleri, haf\u0131zay\u0131 ve konsantrasyonu destekleyen preparatlarda<\/li>\n<li>Ya\u015fl\u0131lar ve n\u00f6rolojik bozuklu\u011fu olan ki\u015filer i\u00e7in \u00fcr\u00fcnlerde<\/li>\n<li>\u00d6\u011frenim, zihinsel \u00e7al\u0131\u015fma ve psikofiziksel efor s\u0131ras\u0131nda v\u00fccut deste\u011finde<\/li>\n<li>Karaci\u011fer i\u015flevlerini ve detoksifikasyonu destekleyen preparatlarda<\/li>\n<\/ul>\n<p>Ek\u015fi tad\u0131, haz\u0131r takviye form\u00fclasyonlar\u0131nda tatland\u0131r\u0131c\u0131 veya aroma maddeleri ile kolayca n\u00f6tralize edilir.<\/p>\n","protected":false},"excerpt":{"rendered":"<p><strong>Kolin sitrat<\/strong> (Choline Dihydrogen Citrate, CAS: 77-91-8), kolin ve <a href=\"https:\/\/naturalpoland.com\/tr\/urunler\/gida-hammaddeleri\/uretim-hammaddeleri\/monohidrat-sitrik-asit\/\">sitrik asidin<\/a> birle\u015fimi olan g\u0131da s\u0131n\u0131f\u0131 kimyasal bile\u015fiktir. Bile\u015fiminde %98&#8217;in \u00fczerinde saf madde bulunur ve kolin i\u00e7eri\u011fi %51&#8217;e ula\u015f\u0131r. Bu, preparat\u0131n bitartrat formundan daha fazla kolin i\u00e7erdi\u011fi anlam\u0131na gelir.  <\/p>\n","protected":false},"featured_media":44975,"template":"","meta":{"_acf_changed":false},"product_brand":[],"product_cat":[9540],"product_tag":[],"class_list":{"0":"post-44973","1":"product","2":"type-product","3":"status-publish","4":"has-post-thumbnail","6":"product_cat-takviye-edici-gida-bilesenleri","8":"first","9":"instock","10":"shipping-taxable","11":"product-type-simple"},"acf":[],"yoast_head":"<!-- This site is optimized with the Yoast SEO plugin v27.4 - https:\/\/yoast.com\/product\/yoast-seo-wordpress\/ -->\n<title>Kolin Sitrat - Hurtowy Dystrybutor<\/title>\n<meta name=\"description\" content=\"Kolin sitrat, sitrik asit t\u00fcrevi ile kolinin birle\u015fimidir. \u00dcr\u00fcn bile\u015fiminde kolin oran\u0131nda bulunur, bu da bitartrat formundan daha fazlad\u0131r.\" \/>\n<meta name=\"robots\" content=\"index, follow, max-snippet:-1, max-image-preview:large, max-video-preview:-1\" \/>\n<link rel=\"canonical\" href=\"https:\/\/naturalpoland.com\/tr\/urunler\/farmasotik-hammaddeler\/takviye-edici-gida-bilesenleri\/kolin-sitrat\/\" \/>\n<meta property=\"og:locale\" content=\"tr_TR\" \/>\n<meta property=\"og:type\" content=\"article\" \/>\n<meta property=\"og:title\" content=\"Kolin Sitrat - Hurtowy Dystrybutor\" \/>\n<meta property=\"og:description\" content=\"Kolin sitrat, sitrik asit t\u00fcrevi ile kolinin birle\u015fimidir. \u00dcr\u00fcn bile\u015fiminde kolin oran\u0131nda bulunur, bu da bitartrat formundan daha fazlad\u0131r.\" \/>\n<meta property=\"og:url\" content=\"https:\/\/naturalpoland.com\/tr\/urunler\/farmasotik-hammaddeler\/takviye-edici-gida-bilesenleri\/kolin-sitrat\/\" \/>\n<meta property=\"og:site_name\" content=\"NATURAL POLAND - Hurtowy Dystrybutor Surowc\u00f3w\" \/>\n<meta property=\"article:publisher\" content=\"https:\/\/www.facebook.com\/naturalpoland.b2b\" \/>\n<meta property=\"article:modified_time\" content=\"2026-01-14T13:11:36+00:00\" \/>\n<meta property=\"og:image\" content=\"https:\/\/naturalpoland.com\/wp-content\/uploads\/cytrynian-choliny.webp\" \/>\n\t<meta property=\"og:image:width\" content=\"1024\" \/>\n\t<meta property=\"og:image:height\" content=\"1024\" \/>\n\t<meta property=\"og:image:type\" content=\"image\/webp\" \/>\n<script type=\"application\/ld+json\" class=\"yoast-schema-graph\">{\"@context\":\"https:\\\/\\\/schema.org\",\"@graph\":[{\"@type\":\"WebPage\",\"@id\":\"https:\\\/\\\/naturalpoland.com\\\/tr\\\/urunler\\\/farmasotik-hammaddeler\\\/takviye-edici-gida-bilesenleri\\\/kolin-sitrat\\\/\",\"url\":\"https:\\\/\\\/naturalpoland.com\\\/tr\\\/urunler\\\/farmasotik-hammaddeler\\\/takviye-edici-gida-bilesenleri\\\/kolin-sitrat\\\/\",\"name\":\"Kolin Sitrat - Hurtowy Dystrybutor\",\"isPartOf\":{\"@id\":\"https:\\\/\\\/naturalpoland.com\\\/tr\\\/#website\"},\"primaryImageOfPage\":{\"@id\":\"https:\\\/\\\/naturalpoland.com\\\/tr\\\/urunler\\\/farmasotik-hammaddeler\\\/takviye-edici-gida-bilesenleri\\\/kolin-sitrat\\\/#primaryimage\"},\"image\":{\"@id\":\"https:\\\/\\\/naturalpoland.com\\\/tr\\\/urunler\\\/farmasotik-hammaddeler\\\/takviye-edici-gida-bilesenleri\\\/kolin-sitrat\\\/#primaryimage\"},\"thumbnailUrl\":\"https:\\\/\\\/naturalpoland.com\\\/wp-content\\\/uploads\\\/cytrynian-choliny.webp\",\"datePublished\":\"2021-05-11T11:37:21+00:00\",\"dateModified\":\"2026-01-14T13:11:36+00:00\",\"description\":\"Kolin sitrat, sitrik asit t\u00fcrevi ile kolinin birle\u015fimidir. \u00dcr\u00fcn bile\u015fiminde kolin oran\u0131nda bulunur, bu da bitartrat formundan daha fazlad\u0131r.\",\"breadcrumb\":{\"@id\":\"https:\\\/\\\/naturalpoland.com\\\/tr\\\/urunler\\\/farmasotik-hammaddeler\\\/takviye-edici-gida-bilesenleri\\\/kolin-sitrat\\\/#breadcrumb\"},\"inLanguage\":\"tr\",\"potentialAction\":[{\"@type\":\"ReadAction\",\"target\":[\"https:\\\/\\\/naturalpoland.com\\\/tr\\\/urunler\\\/farmasotik-hammaddeler\\\/takviye-edici-gida-bilesenleri\\\/kolin-sitrat\\\/\"]}]},{\"@type\":\"ImageObject\",\"inLanguage\":\"tr\",\"@id\":\"https:\\\/\\\/naturalpoland.com\\\/tr\\\/urunler\\\/farmasotik-hammaddeler\\\/takviye-edici-gida-bilesenleri\\\/kolin-sitrat\\\/#primaryimage\",\"url\":\"https:\\\/\\\/naturalpoland.com\\\/wp-content\\\/uploads\\\/cytrynian-choliny.webp\",\"contentUrl\":\"https:\\\/\\\/naturalpoland.com\\\/wp-content\\\/uploads\\\/cytrynian-choliny.webp\",\"width\":1024,\"height\":1024,\"caption\":\"ince kristalli beyaz toz halinde kolin sitrat\"},{\"@type\":\"BreadcrumbList\",\"@id\":\"https:\\\/\\\/naturalpoland.com\\\/tr\\\/urunler\\\/farmasotik-hammaddeler\\\/takviye-edici-gida-bilesenleri\\\/kolin-sitrat\\\/#breadcrumb\",\"itemListElement\":[{\"@type\":\"ListItem\",\"position\":1,\"name\":\"Ana Sayfa\",\"item\":\"https:\\\/\\\/naturalpoland.com\\\/tr\\\/\"},{\"@type\":\"ListItem\",\"position\":2,\"name\":\"\u00dcr\u00fcnler\",\"item\":\"https:\\\/\\\/naturalpoland.com\\\/tr\\\/urunler\\\/\"},{\"@type\":\"ListItem\",\"position\":3,\"name\":\"Kolin Sitrat\"}]},{\"@type\":\"WebSite\",\"@id\":\"https:\\\/\\\/naturalpoland.com\\\/tr\\\/#website\",\"url\":\"https:\\\/\\\/naturalpoland.com\\\/tr\\\/\",\"name\":\"NATURAL POLAND - Hurtowy Dystrybutor Surowc\u00f3w\",\"description\":\"Surowce dla przemys\u0142u spo\u017cywczego, kosmetycznego i farmaceutycznego\",\"publisher\":{\"@id\":\"https:\\\/\\\/naturalpoland.com\\\/tr\\\/#organization\"},\"potentialAction\":[{\"@type\":\"SearchAction\",\"target\":{\"@type\":\"EntryPoint\",\"urlTemplate\":\"https:\\\/\\\/naturalpoland.com\\\/tr\\\/?s={search_term_string}\"},\"query-input\":{\"@type\":\"PropertyValueSpecification\",\"valueRequired\":true,\"valueName\":\"search_term_string\"}}],\"inLanguage\":\"tr\"},{\"@type\":\"Organization\",\"@id\":\"https:\\\/\\\/naturalpoland.com\\\/tr\\\/#organization\",\"name\":\"Natural Poland\",\"url\":\"https:\\\/\\\/naturalpoland.com\\\/tr\\\/\",\"logo\":{\"@type\":\"ImageObject\",\"inLanguage\":\"tr\",\"@id\":\"https:\\\/\\\/naturalpoland.com\\\/tr\\\/#\\\/schema\\\/logo\\\/image\\\/\",\"url\":\"https:\\\/\\\/naturalpoland.com\\\/wp-content\\\/uploads\\\/2021\\\/05\\\/natural-poland-icon.png\",\"contentUrl\":\"https:\\\/\\\/naturalpoland.com\\\/wp-content\\\/uploads\\\/2021\\\/05\\\/natural-poland-icon.png\",\"width\":512,\"height\":512,\"caption\":\"Natural Poland\"},\"image\":{\"@id\":\"https:\\\/\\\/naturalpoland.com\\\/tr\\\/#\\\/schema\\\/logo\\\/image\\\/\"},\"sameAs\":[\"https:\\\/\\\/www.facebook.com\\\/naturalpoland.b2b\",\"https:\\\/\\\/pl.linkedin.com\\\/company\\\/natural-poland\",\"https:\\\/\\\/www.youtube.com\\\/channel\\\/UCgeGGkvOMahZo-xu_MSEWxg\"]}]}<\/script>\n<!-- \/ Yoast SEO plugin. -->","yoast_head_json":{"title":"Kolin Sitrat - Hurtowy Dystrybutor","description":"Kolin sitrat, sitrik asit t\u00fcrevi ile kolinin birle\u015fimidir. \u00dcr\u00fcn bile\u015fiminde kolin oran\u0131nda bulunur, bu da bitartrat formundan daha fazlad\u0131r.","robots":{"index":"index","follow":"follow","max-snippet":"max-snippet:-1","max-image-preview":"max-image-preview:large","max-video-preview":"max-video-preview:-1"},"canonical":"https:\/\/naturalpoland.com\/tr\/urunler\/farmasotik-hammaddeler\/takviye-edici-gida-bilesenleri\/kolin-sitrat\/","og_locale":"tr_TR","og_type":"article","og_title":"Kolin Sitrat - Hurtowy Dystrybutor","og_description":"Kolin sitrat, sitrik asit t\u00fcrevi ile kolinin birle\u015fimidir. \u00dcr\u00fcn bile\u015fiminde kolin oran\u0131nda bulunur, bu da bitartrat formundan daha fazlad\u0131r.","og_url":"https:\/\/naturalpoland.com\/tr\/urunler\/farmasotik-hammaddeler\/takviye-edici-gida-bilesenleri\/kolin-sitrat\/","og_site_name":"NATURAL POLAND - Hurtowy Dystrybutor Surowc\u00f3w","article_publisher":"https:\/\/www.facebook.com\/naturalpoland.b2b","article_modified_time":"2026-01-14T13:11:36+00:00","og_image":[{"width":1024,"height":1024,"url":"https:\/\/naturalpoland.com\/wp-content\/uploads\/cytrynian-choliny.webp","type":"image\/webp"}],"schema":{"@context":"https:\/\/schema.org","@graph":[{"@type":"WebPage","@id":"https:\/\/naturalpoland.com\/tr\/urunler\/farmasotik-hammaddeler\/takviye-edici-gida-bilesenleri\/kolin-sitrat\/","url":"https:\/\/naturalpoland.com\/tr\/urunler\/farmasotik-hammaddeler\/takviye-edici-gida-bilesenleri\/kolin-sitrat\/","name":"Kolin Sitrat - Hurtowy Dystrybutor","isPartOf":{"@id":"https:\/\/naturalpoland.com\/tr\/#website"},"primaryImageOfPage":{"@id":"https:\/\/naturalpoland.com\/tr\/urunler\/farmasotik-hammaddeler\/takviye-edici-gida-bilesenleri\/kolin-sitrat\/#primaryimage"},"image":{"@id":"https:\/\/naturalpoland.com\/tr\/urunler\/farmasotik-hammaddeler\/takviye-edici-gida-bilesenleri\/kolin-sitrat\/#primaryimage"},"thumbnailUrl":"https:\/\/naturalpoland.com\/wp-content\/uploads\/cytrynian-choliny.webp","datePublished":"2021-05-11T11:37:21+00:00","dateModified":"2026-01-14T13:11:36+00:00","description":"Kolin sitrat, sitrik asit t\u00fcrevi ile kolinin birle\u015fimidir. \u00dcr\u00fcn bile\u015fiminde kolin oran\u0131nda bulunur, bu da bitartrat formundan daha fazlad\u0131r.","breadcrumb":{"@id":"https:\/\/naturalpoland.com\/tr\/urunler\/farmasotik-hammaddeler\/takviye-edici-gida-bilesenleri\/kolin-sitrat\/#breadcrumb"},"inLanguage":"tr","potentialAction":[{"@type":"ReadAction","target":["https:\/\/naturalpoland.com\/tr\/urunler\/farmasotik-hammaddeler\/takviye-edici-gida-bilesenleri\/kolin-sitrat\/"]}]},{"@type":"ImageObject","inLanguage":"tr","@id":"https:\/\/naturalpoland.com\/tr\/urunler\/farmasotik-hammaddeler\/takviye-edici-gida-bilesenleri\/kolin-sitrat\/#primaryimage","url":"https:\/\/naturalpoland.com\/wp-content\/uploads\/cytrynian-choliny.webp","contentUrl":"https:\/\/naturalpoland.com\/wp-content\/uploads\/cytrynian-choliny.webp","width":1024,"height":1024,"caption":"ince kristalli beyaz toz halinde kolin sitrat"},{"@type":"BreadcrumbList","@id":"https:\/\/naturalpoland.com\/tr\/urunler\/farmasotik-hammaddeler\/takviye-edici-gida-bilesenleri\/kolin-sitrat\/#breadcrumb","itemListElement":[{"@type":"ListItem","position":1,"name":"Ana Sayfa","item":"https:\/\/naturalpoland.com\/tr\/"},{"@type":"ListItem","position":2,"name":"\u00dcr\u00fcnler","item":"https:\/\/naturalpoland.com\/tr\/urunler\/"},{"@type":"ListItem","position":3,"name":"Kolin Sitrat"}]},{"@type":"WebSite","@id":"https:\/\/naturalpoland.com\/tr\/#website","url":"https:\/\/naturalpoland.com\/tr\/","name":"NATURAL POLAND - Hurtowy Dystrybutor Surowc\u00f3w","description":"Surowce dla przemys\u0142u spo\u017cywczego, kosmetycznego i farmaceutycznego","publisher":{"@id":"https:\/\/naturalpoland.com\/tr\/#organization"},"potentialAction":[{"@type":"SearchAction","target":{"@type":"EntryPoint","urlTemplate":"https:\/\/naturalpoland.com\/tr\/?s={search_term_string}"},"query-input":{"@type":"PropertyValueSpecification","valueRequired":true,"valueName":"search_term_string"}}],"inLanguage":"tr"},{"@type":"Organization","@id":"https:\/\/naturalpoland.com\/tr\/#organization","name":"Natural Poland","url":"https:\/\/naturalpoland.com\/tr\/","logo":{"@type":"ImageObject","inLanguage":"tr","@id":"https:\/\/naturalpoland.com\/tr\/#\/schema\/logo\/image\/","url":"https:\/\/naturalpoland.com\/wp-content\/uploads\/2021\/05\/natural-poland-icon.png","contentUrl":"https:\/\/naturalpoland.com\/wp-content\/uploads\/2021\/05\/natural-poland-icon.png","width":512,"height":512,"caption":"Natural Poland"},"image":{"@id":"https:\/\/naturalpoland.com\/tr\/#\/schema\/logo\/image\/"},"sameAs":["https:\/\/www.facebook.com\/naturalpoland.b2b","https:\/\/pl.linkedin.com\/company\/natural-poland","https:\/\/www.youtube.com\/channel\/UCgeGGkvOMahZo-xu_MSEWxg"]}]}},"_links":{"self":[{"href":"https:\/\/naturalpoland.com\/tr\/wp-json\/wp\/v2\/product\/44973","targetHints":{"allow":["GET"]}}],"collection":[{"href":"https:\/\/naturalpoland.com\/tr\/wp-json\/wp\/v2\/product"}],"about":[{"href":"https:\/\/naturalpoland.com\/tr\/wp-json\/wp\/v2\/types\/product"}],"wp:featuredmedia":[{"embeddable":true,"href":"https:\/\/naturalpoland.com\/tr\/wp-json\/wp\/v2\/media\/44975"}],"wp:attachment":[{"href":"https:\/\/naturalpoland.com\/tr\/wp-json\/wp\/v2\/media?parent=44973"}],"wp:term":[{"taxonomy":"product_brand","embeddable":true,"href":"https:\/\/naturalpoland.com\/tr\/wp-json\/wp\/v2\/product_brand?post=44973"},{"taxonomy":"product_cat","embeddable":true,"href":"https:\/\/naturalpoland.com\/tr\/wp-json\/wp\/v2\/product_cat?post=44973"},{"taxonomy":"product_tag","embeddable":true,"href":"https:\/\/naturalpoland.com\/tr\/wp-json\/wp\/v2\/product_tag?post=44973"}],"curies":[{"name":"wp","href":"https:\/\/api.w.org\/{rel}","templated":true}]}}