{"id":44982,"date":"2021-05-11T13:36:59","date_gmt":"2021-05-11T11:36:59","guid":{"rendered":"https:\/\/naturalpoland.com\/produkty\/kategorilenmemis\/krom\/"},"modified":"2026-01-14T14:22:53","modified_gmt":"2026-01-14T13:22:53","slug":"krom","status":"publish","type":"product","link":"https:\/\/naturalpoland.com\/tr\/urunler\/farmasotik-hammaddeler\/takviye-edici-gida-bilesenleri\/krom\/","title":{"rendered":"Krom"},"content":{"rendered":"<p>Krom iki formda bulunur ve bunlardan biri sa\u011fl\u0131k i\u00e7in olduk\u00e7a zararl\u0131d\u0131r. Bu nedenle, \u00f6nemli bir rol oynayan +3 de\u011ferlikli kroma odaklanmak \u00f6nemlidir. Bu element v\u00fccutta birikmese de, bir\u00e7ok metabolik s\u00fcre\u00e7te yer al\u0131r ve bu nedenle kilo vermek isteyen ki\u015filer aras\u0131nda b\u00fcy\u00fck ilgi g\u00f6r\u00fcr.  <\/p>\n<p>V\u00fccuttaki glikoz \u00fczerindeki etkisi nedeniyle, bir\u00e7ok uzman \u00e7e\u015fitli hastal\u0131klarda krom takviyesini \u00f6nermektedir. Diyabetin yan\u0131 s\u0131ra ins\u00fclin direnci, n\u00f6ropati ve hatta bili\u015fsel veya psikolojik s\u00fcre\u00e7lerdeki bozukluklar da bunlar aras\u0131nda say\u0131labilir.  <\/p>\n","protected":false},"excerpt":{"rendered":"<p>Y\u00fcksek kaliteli kromun toptan da\u011f\u0131t\u0131c\u0131s\u0131y\u0131z. Krom, artan fiziksel aktivite ile birlikte glikoz tolerans\u0131 \u00fczerinde olumlu bir etkiye sahip oldu\u011fu i\u00e7in kilo verme s\u0131ras\u0131nda \u00f6nerilen bir\u00e7ok preparat\u0131n bile\u015fenidir. Bu element, insan v\u00fccudunda eser miktarlarda bulunmas\u0131na ra\u011fmen, insan organizmas\u0131 i\u00e7in \u00f6nemli bir bile\u015fendir.  <\/p>\n","protected":false},"featured_media":44983,"template":"","meta":{"_acf_changed":false},"product_brand":[],"product_cat":[9540],"product_tag":[],"class_list":{"0":"post-44982","1":"product","2":"type-product","3":"status-publish","4":"has-post-thumbnail","6":"product_cat-takviye-edici-gida-bilesenleri","8":"first","9":"instock","10":"shipping-taxable","11":"product-type-simple"},"acf":[],"yoast_head":"<!-- This site is optimized with the Yoast SEO plugin v27.4 - https:\/\/yoast.com\/product\/yoast-seo-wordpress\/ -->\n<title>Krom - Hurtowy Dystrybutor<\/title>\n<meta name=\"robots\" content=\"index, follow, max-snippet:-1, max-image-preview:large, max-video-preview:-1\" \/>\n<link rel=\"canonical\" href=\"https:\/\/naturalpoland.com\/tr\/urunler\/farmasotik-hammaddeler\/takviye-edici-gida-bilesenleri\/krom\/\" \/>\n<meta property=\"og:locale\" content=\"tr_TR\" \/>\n<meta property=\"og:type\" content=\"article\" \/>\n<meta property=\"og:title\" content=\"Krom - Hurtowy Dystrybutor\" \/>\n<meta property=\"og:description\" content=\"Y\u00fcksek kaliteli kromun toptan da\u011f\u0131t\u0131c\u0131s\u0131y\u0131z. Krom, artan fiziksel aktivite ile birlikte glikoz tolerans\u0131 \u00fczerinde olumlu bir etkiye sahip oldu\u011fu i\u00e7in kilo verme s\u0131ras\u0131nda \u00f6nerilen bir\u00e7ok preparat\u0131n bile\u015fenidir. Bu element, insan v\u00fccudunda eser miktarlarda bulunmas\u0131na ra\u011fmen, insan organizmas\u0131 i\u00e7in \u00f6nemli bir bile\u015fendir.\" \/>\n<meta property=\"og:url\" content=\"https:\/\/naturalpoland.com\/tr\/urunler\/farmasotik-hammaddeler\/takviye-edici-gida-bilesenleri\/krom\/\" \/>\n<meta property=\"og:site_name\" content=\"NATURAL POLAND - Hurtowy Dystrybutor Surowc\u00f3w\" \/>\n<meta property=\"article:publisher\" content=\"https:\/\/www.facebook.com\/naturalpoland.b2b\" \/>\n<meta property=\"article:modified_time\" content=\"2026-01-14T13:22:53+00:00\" \/>\n<meta property=\"og:image\" content=\"https:\/\/naturalpoland.com\/wp-content\/uploads\/2021\/05\/chromium.jpg\" \/>\n\t<meta property=\"og:image:width\" content=\"200\" \/>\n\t<meta property=\"og:image:height\" content=\"200\" \/>\n\t<meta property=\"og:image:type\" content=\"image\/jpeg\" \/>\n<script type=\"application\/ld+json\" class=\"yoast-schema-graph\">{\"@context\":\"https:\\\/\\\/schema.org\",\"@graph\":[{\"@type\":\"WebPage\",\"@id\":\"https:\\\/\\\/naturalpoland.com\\\/tr\\\/urunler\\\/farmasotik-hammaddeler\\\/takviye-edici-gida-bilesenleri\\\/krom\\\/\",\"url\":\"https:\\\/\\\/naturalpoland.com\\\/tr\\\/urunler\\\/farmasotik-hammaddeler\\\/takviye-edici-gida-bilesenleri\\\/krom\\\/\",\"name\":\"Krom - Hurtowy Dystrybutor\",\"isPartOf\":{\"@id\":\"https:\\\/\\\/naturalpoland.com\\\/tr\\\/#website\"},\"primaryImageOfPage\":{\"@id\":\"https:\\\/\\\/naturalpoland.com\\\/tr\\\/urunler\\\/farmasotik-hammaddeler\\\/takviye-edici-gida-bilesenleri\\\/krom\\\/#primaryimage\"},\"image\":{\"@id\":\"https:\\\/\\\/naturalpoland.com\\\/tr\\\/urunler\\\/farmasotik-hammaddeler\\\/takviye-edici-gida-bilesenleri\\\/krom\\\/#primaryimage\"},\"thumbnailUrl\":\"https:\\\/\\\/naturalpoland.com\\\/wp-content\\\/uploads\\\/2021\\\/05\\\/chromium.jpg\",\"datePublished\":\"2021-05-11T11:36:59+00:00\",\"dateModified\":\"2026-01-14T13:22:53+00:00\",\"breadcrumb\":{\"@id\":\"https:\\\/\\\/naturalpoland.com\\\/tr\\\/urunler\\\/farmasotik-hammaddeler\\\/takviye-edici-gida-bilesenleri\\\/krom\\\/#breadcrumb\"},\"inLanguage\":\"tr\",\"potentialAction\":[{\"@type\":\"ReadAction\",\"target\":[\"https:\\\/\\\/naturalpoland.com\\\/tr\\\/urunler\\\/farmasotik-hammaddeler\\\/takviye-edici-gida-bilesenleri\\\/krom\\\/\"]}]},{\"@type\":\"ImageObject\",\"inLanguage\":\"tr\",\"@id\":\"https:\\\/\\\/naturalpoland.com\\\/tr\\\/urunler\\\/farmasotik-hammaddeler\\\/takviye-edici-gida-bilesenleri\\\/krom\\\/#primaryimage\",\"url\":\"https:\\\/\\\/naturalpoland.com\\\/wp-content\\\/uploads\\\/2021\\\/05\\\/chromium.jpg\",\"contentUrl\":\"https:\\\/\\\/naturalpoland.com\\\/wp-content\\\/uploads\\\/2021\\\/05\\\/chromium.jpg\",\"width\":200,\"height\":200,\"caption\":\"Krom\"},{\"@type\":\"BreadcrumbList\",\"@id\":\"https:\\\/\\\/naturalpoland.com\\\/tr\\\/urunler\\\/farmasotik-hammaddeler\\\/takviye-edici-gida-bilesenleri\\\/krom\\\/#breadcrumb\",\"itemListElement\":[{\"@type\":\"ListItem\",\"position\":1,\"name\":\"Ana Sayfa\",\"item\":\"https:\\\/\\\/naturalpoland.com\\\/tr\\\/\"},{\"@type\":\"ListItem\",\"position\":2,\"name\":\"\u00dcr\u00fcnler\",\"item\":\"https:\\\/\\\/naturalpoland.com\\\/tr\\\/urunler\\\/\"},{\"@type\":\"ListItem\",\"position\":3,\"name\":\"Krom\"}]},{\"@type\":\"WebSite\",\"@id\":\"https:\\\/\\\/naturalpoland.com\\\/tr\\\/#website\",\"url\":\"https:\\\/\\\/naturalpoland.com\\\/tr\\\/\",\"name\":\"NATURAL POLAND - Hurtowy Dystrybutor Surowc\u00f3w\",\"description\":\"Surowce dla przemys\u0142u spo\u017cywczego, kosmetycznego i farmaceutycznego\",\"publisher\":{\"@id\":\"https:\\\/\\\/naturalpoland.com\\\/tr\\\/#organization\"},\"potentialAction\":[{\"@type\":\"SearchAction\",\"target\":{\"@type\":\"EntryPoint\",\"urlTemplate\":\"https:\\\/\\\/naturalpoland.com\\\/tr\\\/?s={search_term_string}\"},\"query-input\":{\"@type\":\"PropertyValueSpecification\",\"valueRequired\":true,\"valueName\":\"search_term_string\"}}],\"inLanguage\":\"tr\"},{\"@type\":\"Organization\",\"@id\":\"https:\\\/\\\/naturalpoland.com\\\/tr\\\/#organization\",\"name\":\"Natural Poland\",\"url\":\"https:\\\/\\\/naturalpoland.com\\\/tr\\\/\",\"logo\":{\"@type\":\"ImageObject\",\"inLanguage\":\"tr\",\"@id\":\"https:\\\/\\\/naturalpoland.com\\\/tr\\\/#\\\/schema\\\/logo\\\/image\\\/\",\"url\":\"https:\\\/\\\/naturalpoland.com\\\/wp-content\\\/uploads\\\/2021\\\/05\\\/natural-poland-icon.png\",\"contentUrl\":\"https:\\\/\\\/naturalpoland.com\\\/wp-content\\\/uploads\\\/2021\\\/05\\\/natural-poland-icon.png\",\"width\":512,\"height\":512,\"caption\":\"Natural Poland\"},\"image\":{\"@id\":\"https:\\\/\\\/naturalpoland.com\\\/tr\\\/#\\\/schema\\\/logo\\\/image\\\/\"},\"sameAs\":[\"https:\\\/\\\/www.facebook.com\\\/naturalpoland.b2b\",\"https:\\\/\\\/pl.linkedin.com\\\/company\\\/natural-poland\",\"https:\\\/\\\/www.youtube.com\\\/channel\\\/UCgeGGkvOMahZo-xu_MSEWxg\"]}]}<\/script>\n<!-- \/ Yoast SEO plugin. -->","yoast_head_json":{"title":"Krom - Hurtowy Dystrybutor","robots":{"index":"index","follow":"follow","max-snippet":"max-snippet:-1","max-image-preview":"max-image-preview:large","max-video-preview":"max-video-preview:-1"},"canonical":"https:\/\/naturalpoland.com\/tr\/urunler\/farmasotik-hammaddeler\/takviye-edici-gida-bilesenleri\/krom\/","og_locale":"tr_TR","og_type":"article","og_title":"Krom - Hurtowy Dystrybutor","og_description":"Y\u00fcksek kaliteli kromun toptan da\u011f\u0131t\u0131c\u0131s\u0131y\u0131z. Krom, artan fiziksel aktivite ile birlikte glikoz tolerans\u0131 \u00fczerinde olumlu bir etkiye sahip oldu\u011fu i\u00e7in kilo verme s\u0131ras\u0131nda \u00f6nerilen bir\u00e7ok preparat\u0131n bile\u015fenidir. Bu element, insan v\u00fccudunda eser miktarlarda bulunmas\u0131na ra\u011fmen, insan organizmas\u0131 i\u00e7in \u00f6nemli bir bile\u015fendir.","og_url":"https:\/\/naturalpoland.com\/tr\/urunler\/farmasotik-hammaddeler\/takviye-edici-gida-bilesenleri\/krom\/","og_site_name":"NATURAL POLAND - Hurtowy Dystrybutor Surowc\u00f3w","article_publisher":"https:\/\/www.facebook.com\/naturalpoland.b2b","article_modified_time":"2026-01-14T13:22:53+00:00","og_image":[{"width":200,"height":200,"url":"https:\/\/naturalpoland.com\/wp-content\/uploads\/2021\/05\/chromium.jpg","type":"image\/jpeg"}],"schema":{"@context":"https:\/\/schema.org","@graph":[{"@type":"WebPage","@id":"https:\/\/naturalpoland.com\/tr\/urunler\/farmasotik-hammaddeler\/takviye-edici-gida-bilesenleri\/krom\/","url":"https:\/\/naturalpoland.com\/tr\/urunler\/farmasotik-hammaddeler\/takviye-edici-gida-bilesenleri\/krom\/","name":"Krom - Hurtowy Dystrybutor","isPartOf":{"@id":"https:\/\/naturalpoland.com\/tr\/#website"},"primaryImageOfPage":{"@id":"https:\/\/naturalpoland.com\/tr\/urunler\/farmasotik-hammaddeler\/takviye-edici-gida-bilesenleri\/krom\/#primaryimage"},"image":{"@id":"https:\/\/naturalpoland.com\/tr\/urunler\/farmasotik-hammaddeler\/takviye-edici-gida-bilesenleri\/krom\/#primaryimage"},"thumbnailUrl":"https:\/\/naturalpoland.com\/wp-content\/uploads\/2021\/05\/chromium.jpg","datePublished":"2021-05-11T11:36:59+00:00","dateModified":"2026-01-14T13:22:53+00:00","breadcrumb":{"@id":"https:\/\/naturalpoland.com\/tr\/urunler\/farmasotik-hammaddeler\/takviye-edici-gida-bilesenleri\/krom\/#breadcrumb"},"inLanguage":"tr","potentialAction":[{"@type":"ReadAction","target":["https:\/\/naturalpoland.com\/tr\/urunler\/farmasotik-hammaddeler\/takviye-edici-gida-bilesenleri\/krom\/"]}]},{"@type":"ImageObject","inLanguage":"tr","@id":"https:\/\/naturalpoland.com\/tr\/urunler\/farmasotik-hammaddeler\/takviye-edici-gida-bilesenleri\/krom\/#primaryimage","url":"https:\/\/naturalpoland.com\/wp-content\/uploads\/2021\/05\/chromium.jpg","contentUrl":"https:\/\/naturalpoland.com\/wp-content\/uploads\/2021\/05\/chromium.jpg","width":200,"height":200,"caption":"Krom"},{"@type":"BreadcrumbList","@id":"https:\/\/naturalpoland.com\/tr\/urunler\/farmasotik-hammaddeler\/takviye-edici-gida-bilesenleri\/krom\/#breadcrumb","itemListElement":[{"@type":"ListItem","position":1,"name":"Ana Sayfa","item":"https:\/\/naturalpoland.com\/tr\/"},{"@type":"ListItem","position":2,"name":"\u00dcr\u00fcnler","item":"https:\/\/naturalpoland.com\/tr\/urunler\/"},{"@type":"ListItem","position":3,"name":"Krom"}]},{"@type":"WebSite","@id":"https:\/\/naturalpoland.com\/tr\/#website","url":"https:\/\/naturalpoland.com\/tr\/","name":"NATURAL POLAND - Hurtowy Dystrybutor Surowc\u00f3w","description":"Surowce dla przemys\u0142u spo\u017cywczego, kosmetycznego i farmaceutycznego","publisher":{"@id":"https:\/\/naturalpoland.com\/tr\/#organization"},"potentialAction":[{"@type":"SearchAction","target":{"@type":"EntryPoint","urlTemplate":"https:\/\/naturalpoland.com\/tr\/?s={search_term_string}"},"query-input":{"@type":"PropertyValueSpecification","valueRequired":true,"valueName":"search_term_string"}}],"inLanguage":"tr"},{"@type":"Organization","@id":"https:\/\/naturalpoland.com\/tr\/#organization","name":"Natural Poland","url":"https:\/\/naturalpoland.com\/tr\/","logo":{"@type":"ImageObject","inLanguage":"tr","@id":"https:\/\/naturalpoland.com\/tr\/#\/schema\/logo\/image\/","url":"https:\/\/naturalpoland.com\/wp-content\/uploads\/2021\/05\/natural-poland-icon.png","contentUrl":"https:\/\/naturalpoland.com\/wp-content\/uploads\/2021\/05\/natural-poland-icon.png","width":512,"height":512,"caption":"Natural Poland"},"image":{"@id":"https:\/\/naturalpoland.com\/tr\/#\/schema\/logo\/image\/"},"sameAs":["https:\/\/www.facebook.com\/naturalpoland.b2b","https:\/\/pl.linkedin.com\/company\/natural-poland","https:\/\/www.youtube.com\/channel\/UCgeGGkvOMahZo-xu_MSEWxg"]}]}},"_links":{"self":[{"href":"https:\/\/naturalpoland.com\/tr\/wp-json\/wp\/v2\/product\/44982","targetHints":{"allow":["GET"]}}],"collection":[{"href":"https:\/\/naturalpoland.com\/tr\/wp-json\/wp\/v2\/product"}],"about":[{"href":"https:\/\/naturalpoland.com\/tr\/wp-json\/wp\/v2\/types\/product"}],"wp:featuredmedia":[{"embeddable":true,"href":"https:\/\/naturalpoland.com\/tr\/wp-json\/wp\/v2\/media\/44983"}],"wp:attachment":[{"href":"https:\/\/naturalpoland.com\/tr\/wp-json\/wp\/v2\/media?parent=44982"}],"wp:term":[{"taxonomy":"product_brand","embeddable":true,"href":"https:\/\/naturalpoland.com\/tr\/wp-json\/wp\/v2\/product_brand?post=44982"},{"taxonomy":"product_cat","embeddable":true,"href":"https:\/\/naturalpoland.com\/tr\/wp-json\/wp\/v2\/product_cat?post=44982"},{"taxonomy":"product_tag","embeddable":true,"href":"https:\/\/naturalpoland.com\/tr\/wp-json\/wp\/v2\/product_tag?post=44982"}],"curies":[{"name":"wp","href":"https:\/\/api.w.org\/{rel}","templated":true}]}}