{"id":44988,"date":"2021-05-11T13:36:36","date_gmt":"2021-05-11T11:36:36","guid":{"rendered":"https:\/\/naturalpoland.com\/produkty\/kategorilenmemis\/beta-karoten-%100-dogal\/"},"modified":"2026-01-14T14:23:14","modified_gmt":"2026-01-14T13:23:14","slug":"beta-karoten-%100-dogal","status":"publish","type":"product","link":"https:\/\/naturalpoland.com\/tr\/urunler\/farmasotik-hammaddeler\/takviye-edici-gida-bilesenleri\/beta-karoten-%100-dogal\/","title":{"rendered":"Beta-karoten (%100 do\u011fal)"},"content":{"rendered":"<p>Sundu\u011fumuz \u00fcr\u00fcn, en az %10 saf beta-karoten i\u00e7eren mikrokaps\u00fcllenmi\u015f toz formunda beta-karotendir. Rengi koyu k\u0131rm\u0131z\u0131 veya k\u0131rm\u0131z\u0131ms\u0131 kahverengidir ve karakteristik kokusu ve tad\u0131 bu karotenoid i\u00e7in tipiktir. \u00c7in&#8217;de \u00fcretilmektedir, GDO i\u00e7ermez ve a\u011f\u0131r metaller, pestisitler ve patojenik mikroorganizmalar gibi maddelerden ar\u0131nd\u0131r\u0131lm\u0131\u015ft\u0131r, bu da test sonu\u00e7lar\u0131yla do\u011frulanm\u0131\u015ft\u0131r. \u00dcr\u00fcn uluslararas\u0131 kalite standartlar\u0131na uygundur.   <\/p>\n<h2>Beta-karotenin kozmetik ve takviye uygulamalar\u0131:<\/h2>\n<ol>\n<li><strong>Cilt tonunu iyile\u015ftirme<br \/>\n<\/strong>Beta-karoten i\u00e7eren \u00fcr\u00fcnlerin d\u00fczenli kullan\u0131m\u0131, do\u011fal bronzla\u015fmay\u0131 h\u0131zland\u0131rma \u00f6zelli\u011fi sayesinde daha sa\u011fl\u0131kl\u0131 ve daha d\u00fczg\u00fcn bir cilt tonuna ula\u015fmaya katk\u0131da bulunabilir.<\/li>\n<li><strong>Anti-aging \u00f6zellikleri<br \/>\n<\/strong>Serbest radikalleri n\u00f6tralize etme yetene\u011fi sayesinde k\u0131r\u0131\u015f\u0131kl\u0131klar ve cilt elastikiyeti kayb\u0131 gibi ya\u015flanma belirtileriyle m\u00fccadele etmeye yard\u0131mc\u0131 olur.<\/li>\n<li><strong>Cilt yenilenmesi<br \/>\n<\/strong>H\u00fccre yenilenmesi h\u0131z\u0131 \u00fczerindeki etkisi sayesinde beta-karoten, cilt rejenerasyon s\u00fcrecini destekler, k\u00fc\u00e7\u00fck hasarlar\u0131n iyile\u015fmesine yard\u0131mc\u0131 olur ve yara iyile\u015fmesini h\u0131zland\u0131r\u0131r.<\/li>\n<li><strong>Problemli cilt bak\u0131m\u0131<br \/>\n<\/strong>Akne lezyonlar\u0131n\u0131 azaltmada ve cilt iltihab\u0131n\u0131 yat\u0131\u015ft\u0131rmada etkilidir, bu da onu cilt sorunlar\u0131 olan ki\u015filer i\u00e7in tasarlanm\u0131\u015f \u00fcr\u00fcnlerde de\u011ferli bir bile\u015fen haline getirir.<\/li>\n<\/ol>\n","protected":false},"excerpt":{"rendered":"<p>Beta-karoten, bir\u00e7ok bitkide sar\u0131, turuncu ve k\u0131rm\u0131z\u0131 renklerin olu\u015fumundan sorumlu olan <strong>karotenoid<\/strong> grubuna ait <strong><a href=\"https:\/\/naturalpoland.com\/produkty\/produkty-dla-przemyslu-kosmetycznego\/barwniki-kosmetyczne\/barwniki-pochodzenia-naturalnego\/\">do\u011fal bir pigmenttir<\/a><\/strong>. A vitamini \u00f6nc\u00fcs\u00fc olarak beta-karoten, sa\u011fl\u0131kl\u0131 bir cilt ve g\u00f6rme yetene\u011finin iyile\u015ftirilmesine katk\u0131da bulunarak insan v\u00fccudunda \u00f6nemli bir rol oynar. <\/p>\n","protected":false},"featured_media":44990,"template":"","meta":{"_acf_changed":false},"product_brand":[],"product_cat":[9540,9542],"product_tag":[],"class_list":{"0":"post-44988","1":"product","2":"type-product","3":"status-publish","4":"has-post-thumbnail","6":"product_cat-takviye-edici-gida-bilesenleri","7":"product_cat-vitaminler","8":"pa_grupa-substancji-antioksidanlar","10":"first","11":"instock","12":"shipping-taxable","13":"product-type-simple"},"acf":[],"yoast_head":"<!-- This site is optimized with the Yoast SEO plugin v27.4 - https:\/\/yoast.com\/product\/yoast-seo-wordpress\/ -->\n<title>Beta-karoten (%100 do\u011fal) - NATURAL POLAND - Hurtowy Dystrybutor Surowc\u00f3w<\/title>\n<meta name=\"description\" content=\"Beta-karoten, bir\u00e7ok bitkide sar\u0131, turuncu ve k\u0131rm\u0131z\u0131 renklerin olu\u015fumundan sorumlu olan karotenoid grubuna ait do\u011fal bir pigmenttir.\" \/>\n<meta name=\"robots\" content=\"index, follow, max-snippet:-1, max-image-preview:large, max-video-preview:-1\" \/>\n<link rel=\"canonical\" href=\"https:\/\/naturalpoland.com\/tr\/urunler\/farmasotik-hammaddeler\/takviye-edici-gida-bilesenleri\/beta-karoten-%100-dogal\/\" \/>\n<meta property=\"og:locale\" content=\"tr_TR\" \/>\n<meta property=\"og:type\" content=\"article\" \/>\n<meta property=\"og:title\" content=\"Beta-karoten (%100 do\u011fal) - NATURAL POLAND - Hurtowy Dystrybutor Surowc\u00f3w\" \/>\n<meta property=\"og:description\" content=\"Beta-karoten, bir\u00e7ok bitkide sar\u0131, turuncu ve k\u0131rm\u0131z\u0131 renklerin olu\u015fumundan sorumlu olan karotenoid grubuna ait do\u011fal bir pigmenttir.\" \/>\n<meta property=\"og:url\" content=\"https:\/\/naturalpoland.com\/tr\/urunler\/farmasotik-hammaddeler\/takviye-edici-gida-bilesenleri\/beta-karoten-%100-dogal\/\" \/>\n<meta property=\"og:site_name\" content=\"NATURAL POLAND - Hurtowy Dystrybutor Surowc\u00f3w\" \/>\n<meta property=\"article:publisher\" content=\"https:\/\/www.facebook.com\/naturalpoland.b2b\" \/>\n<meta property=\"article:modified_time\" content=\"2026-01-14T13:23:14+00:00\" \/>\n<meta property=\"og:image\" content=\"https:\/\/naturalpoland.com\/wp-content\/uploads\/beta-karoten.webp\" \/>\n\t<meta property=\"og:image:width\" content=\"489\" \/>\n\t<meta property=\"og:image:height\" content=\"489\" \/>\n\t<meta property=\"og:image:type\" content=\"image\/webp\" \/>\n<script type=\"application\/ld+json\" class=\"yoast-schema-graph\">{\"@context\":\"https:\\\/\\\/schema.org\",\"@graph\":[{\"@type\":\"WebPage\",\"@id\":\"https:\\\/\\\/naturalpoland.com\\\/tr\\\/urunler\\\/farmasotik-hammaddeler\\\/takviye-edici-gida-bilesenleri\\\/beta-karoten-%100-dogal\\\/\",\"url\":\"https:\\\/\\\/naturalpoland.com\\\/tr\\\/urunler\\\/farmasotik-hammaddeler\\\/takviye-edici-gida-bilesenleri\\\/beta-karoten-%100-dogal\\\/\",\"name\":\"Beta-karoten (%100 do\u011fal) - NATURAL POLAND - Hurtowy Dystrybutor Surowc\u00f3w\",\"isPartOf\":{\"@id\":\"https:\\\/\\\/naturalpoland.com\\\/tr\\\/#website\"},\"primaryImageOfPage\":{\"@id\":\"https:\\\/\\\/naturalpoland.com\\\/tr\\\/urunler\\\/farmasotik-hammaddeler\\\/takviye-edici-gida-bilesenleri\\\/beta-karoten-%100-dogal\\\/#primaryimage\"},\"image\":{\"@id\":\"https:\\\/\\\/naturalpoland.com\\\/tr\\\/urunler\\\/farmasotik-hammaddeler\\\/takviye-edici-gida-bilesenleri\\\/beta-karoten-%100-dogal\\\/#primaryimage\"},\"thumbnailUrl\":\"https:\\\/\\\/naturalpoland.com\\\/wp-content\\\/uploads\\\/beta-karoten.webp\",\"datePublished\":\"2021-05-11T11:36:36+00:00\",\"dateModified\":\"2026-01-14T13:23:14+00:00\",\"description\":\"Beta-karoten, bir\u00e7ok bitkide sar\u0131, turuncu ve k\u0131rm\u0131z\u0131 renklerin olu\u015fumundan sorumlu olan karotenoid grubuna ait do\u011fal bir pigmenttir.\",\"breadcrumb\":{\"@id\":\"https:\\\/\\\/naturalpoland.com\\\/tr\\\/urunler\\\/farmasotik-hammaddeler\\\/takviye-edici-gida-bilesenleri\\\/beta-karoten-%100-dogal\\\/#breadcrumb\"},\"inLanguage\":\"tr\",\"potentialAction\":[{\"@type\":\"ReadAction\",\"target\":[\"https:\\\/\\\/naturalpoland.com\\\/tr\\\/urunler\\\/farmasotik-hammaddeler\\\/takviye-edici-gida-bilesenleri\\\/beta-karoten-%100-dogal\\\/\"]}]},{\"@type\":\"ImageObject\",\"inLanguage\":\"tr\",\"@id\":\"https:\\\/\\\/naturalpoland.com\\\/tr\\\/urunler\\\/farmasotik-hammaddeler\\\/takviye-edici-gida-bilesenleri\\\/beta-karoten-%100-dogal\\\/#primaryimage\",\"url\":\"https:\\\/\\\/naturalpoland.com\\\/wp-content\\\/uploads\\\/beta-karoten.webp\",\"contentUrl\":\"https:\\\/\\\/naturalpoland.com\\\/wp-content\\\/uploads\\\/beta-karoten.webp\",\"width\":489,\"height\":489,\"caption\":\"beta-karoten\"},{\"@type\":\"BreadcrumbList\",\"@id\":\"https:\\\/\\\/naturalpoland.com\\\/tr\\\/urunler\\\/farmasotik-hammaddeler\\\/takviye-edici-gida-bilesenleri\\\/beta-karoten-%100-dogal\\\/#breadcrumb\",\"itemListElement\":[{\"@type\":\"ListItem\",\"position\":1,\"name\":\"Ana Sayfa\",\"item\":\"https:\\\/\\\/naturalpoland.com\\\/tr\\\/\"},{\"@type\":\"ListItem\",\"position\":2,\"name\":\"\u00dcr\u00fcnler\",\"item\":\"https:\\\/\\\/naturalpoland.com\\\/tr\\\/urunler\\\/\"},{\"@type\":\"ListItem\",\"position\":3,\"name\":\"Beta-karoten (%100 do\u011fal)\"}]},{\"@type\":\"WebSite\",\"@id\":\"https:\\\/\\\/naturalpoland.com\\\/tr\\\/#website\",\"url\":\"https:\\\/\\\/naturalpoland.com\\\/tr\\\/\",\"name\":\"NATURAL POLAND - Hurtowy Dystrybutor Surowc\u00f3w\",\"description\":\"Surowce dla przemys\u0142u spo\u017cywczego, kosmetycznego i farmaceutycznego\",\"publisher\":{\"@id\":\"https:\\\/\\\/naturalpoland.com\\\/tr\\\/#organization\"},\"potentialAction\":[{\"@type\":\"SearchAction\",\"target\":{\"@type\":\"EntryPoint\",\"urlTemplate\":\"https:\\\/\\\/naturalpoland.com\\\/tr\\\/?s={search_term_string}\"},\"query-input\":{\"@type\":\"PropertyValueSpecification\",\"valueRequired\":true,\"valueName\":\"search_term_string\"}}],\"inLanguage\":\"tr\"},{\"@type\":\"Organization\",\"@id\":\"https:\\\/\\\/naturalpoland.com\\\/tr\\\/#organization\",\"name\":\"Natural Poland\",\"url\":\"https:\\\/\\\/naturalpoland.com\\\/tr\\\/\",\"logo\":{\"@type\":\"ImageObject\",\"inLanguage\":\"tr\",\"@id\":\"https:\\\/\\\/naturalpoland.com\\\/tr\\\/#\\\/schema\\\/logo\\\/image\\\/\",\"url\":\"https:\\\/\\\/naturalpoland.com\\\/wp-content\\\/uploads\\\/2021\\\/05\\\/natural-poland-icon.png\",\"contentUrl\":\"https:\\\/\\\/naturalpoland.com\\\/wp-content\\\/uploads\\\/2021\\\/05\\\/natural-poland-icon.png\",\"width\":512,\"height\":512,\"caption\":\"Natural Poland\"},\"image\":{\"@id\":\"https:\\\/\\\/naturalpoland.com\\\/tr\\\/#\\\/schema\\\/logo\\\/image\\\/\"},\"sameAs\":[\"https:\\\/\\\/www.facebook.com\\\/naturalpoland.b2b\",\"https:\\\/\\\/pl.linkedin.com\\\/company\\\/natural-poland\",\"https:\\\/\\\/www.youtube.com\\\/channel\\\/UCgeGGkvOMahZo-xu_MSEWxg\"]}]}<\/script>\n<!-- \/ Yoast SEO plugin. -->","yoast_head_json":{"title":"Beta-karoten (%100 do\u011fal) - NATURAL POLAND - Hurtowy Dystrybutor Surowc\u00f3w","description":"Beta-karoten, bir\u00e7ok bitkide sar\u0131, turuncu ve k\u0131rm\u0131z\u0131 renklerin olu\u015fumundan sorumlu olan karotenoid grubuna ait do\u011fal bir pigmenttir.","robots":{"index":"index","follow":"follow","max-snippet":"max-snippet:-1","max-image-preview":"max-image-preview:large","max-video-preview":"max-video-preview:-1"},"canonical":"https:\/\/naturalpoland.com\/tr\/urunler\/farmasotik-hammaddeler\/takviye-edici-gida-bilesenleri\/beta-karoten-%100-dogal\/","og_locale":"tr_TR","og_type":"article","og_title":"Beta-karoten (%100 do\u011fal) - NATURAL POLAND - Hurtowy Dystrybutor Surowc\u00f3w","og_description":"Beta-karoten, bir\u00e7ok bitkide sar\u0131, turuncu ve k\u0131rm\u0131z\u0131 renklerin olu\u015fumundan sorumlu olan karotenoid grubuna ait do\u011fal bir pigmenttir.","og_url":"https:\/\/naturalpoland.com\/tr\/urunler\/farmasotik-hammaddeler\/takviye-edici-gida-bilesenleri\/beta-karoten-%100-dogal\/","og_site_name":"NATURAL POLAND - Hurtowy Dystrybutor Surowc\u00f3w","article_publisher":"https:\/\/www.facebook.com\/naturalpoland.b2b","article_modified_time":"2026-01-14T13:23:14+00:00","og_image":[{"width":489,"height":489,"url":"https:\/\/naturalpoland.com\/wp-content\/uploads\/beta-karoten.webp","type":"image\/webp"}],"schema":{"@context":"https:\/\/schema.org","@graph":[{"@type":"WebPage","@id":"https:\/\/naturalpoland.com\/tr\/urunler\/farmasotik-hammaddeler\/takviye-edici-gida-bilesenleri\/beta-karoten-%100-dogal\/","url":"https:\/\/naturalpoland.com\/tr\/urunler\/farmasotik-hammaddeler\/takviye-edici-gida-bilesenleri\/beta-karoten-%100-dogal\/","name":"Beta-karoten (%100 do\u011fal) - NATURAL POLAND - Hurtowy Dystrybutor Surowc\u00f3w","isPartOf":{"@id":"https:\/\/naturalpoland.com\/tr\/#website"},"primaryImageOfPage":{"@id":"https:\/\/naturalpoland.com\/tr\/urunler\/farmasotik-hammaddeler\/takviye-edici-gida-bilesenleri\/beta-karoten-%100-dogal\/#primaryimage"},"image":{"@id":"https:\/\/naturalpoland.com\/tr\/urunler\/farmasotik-hammaddeler\/takviye-edici-gida-bilesenleri\/beta-karoten-%100-dogal\/#primaryimage"},"thumbnailUrl":"https:\/\/naturalpoland.com\/wp-content\/uploads\/beta-karoten.webp","datePublished":"2021-05-11T11:36:36+00:00","dateModified":"2026-01-14T13:23:14+00:00","description":"Beta-karoten, bir\u00e7ok bitkide sar\u0131, turuncu ve k\u0131rm\u0131z\u0131 renklerin olu\u015fumundan sorumlu olan karotenoid grubuna ait do\u011fal bir pigmenttir.","breadcrumb":{"@id":"https:\/\/naturalpoland.com\/tr\/urunler\/farmasotik-hammaddeler\/takviye-edici-gida-bilesenleri\/beta-karoten-%100-dogal\/#breadcrumb"},"inLanguage":"tr","potentialAction":[{"@type":"ReadAction","target":["https:\/\/naturalpoland.com\/tr\/urunler\/farmasotik-hammaddeler\/takviye-edici-gida-bilesenleri\/beta-karoten-%100-dogal\/"]}]},{"@type":"ImageObject","inLanguage":"tr","@id":"https:\/\/naturalpoland.com\/tr\/urunler\/farmasotik-hammaddeler\/takviye-edici-gida-bilesenleri\/beta-karoten-%100-dogal\/#primaryimage","url":"https:\/\/naturalpoland.com\/wp-content\/uploads\/beta-karoten.webp","contentUrl":"https:\/\/naturalpoland.com\/wp-content\/uploads\/beta-karoten.webp","width":489,"height":489,"caption":"beta-karoten"},{"@type":"BreadcrumbList","@id":"https:\/\/naturalpoland.com\/tr\/urunler\/farmasotik-hammaddeler\/takviye-edici-gida-bilesenleri\/beta-karoten-%100-dogal\/#breadcrumb","itemListElement":[{"@type":"ListItem","position":1,"name":"Ana Sayfa","item":"https:\/\/naturalpoland.com\/tr\/"},{"@type":"ListItem","position":2,"name":"\u00dcr\u00fcnler","item":"https:\/\/naturalpoland.com\/tr\/urunler\/"},{"@type":"ListItem","position":3,"name":"Beta-karoten (%100 do\u011fal)"}]},{"@type":"WebSite","@id":"https:\/\/naturalpoland.com\/tr\/#website","url":"https:\/\/naturalpoland.com\/tr\/","name":"NATURAL POLAND - Hurtowy Dystrybutor Surowc\u00f3w","description":"Surowce dla przemys\u0142u spo\u017cywczego, kosmetycznego i farmaceutycznego","publisher":{"@id":"https:\/\/naturalpoland.com\/tr\/#organization"},"potentialAction":[{"@type":"SearchAction","target":{"@type":"EntryPoint","urlTemplate":"https:\/\/naturalpoland.com\/tr\/?s={search_term_string}"},"query-input":{"@type":"PropertyValueSpecification","valueRequired":true,"valueName":"search_term_string"}}],"inLanguage":"tr"},{"@type":"Organization","@id":"https:\/\/naturalpoland.com\/tr\/#organization","name":"Natural Poland","url":"https:\/\/naturalpoland.com\/tr\/","logo":{"@type":"ImageObject","inLanguage":"tr","@id":"https:\/\/naturalpoland.com\/tr\/#\/schema\/logo\/image\/","url":"https:\/\/naturalpoland.com\/wp-content\/uploads\/2021\/05\/natural-poland-icon.png","contentUrl":"https:\/\/naturalpoland.com\/wp-content\/uploads\/2021\/05\/natural-poland-icon.png","width":512,"height":512,"caption":"Natural Poland"},"image":{"@id":"https:\/\/naturalpoland.com\/tr\/#\/schema\/logo\/image\/"},"sameAs":["https:\/\/www.facebook.com\/naturalpoland.b2b","https:\/\/pl.linkedin.com\/company\/natural-poland","https:\/\/www.youtube.com\/channel\/UCgeGGkvOMahZo-xu_MSEWxg"]}]}},"_links":{"self":[{"href":"https:\/\/naturalpoland.com\/tr\/wp-json\/wp\/v2\/product\/44988","targetHints":{"allow":["GET"]}}],"collection":[{"href":"https:\/\/naturalpoland.com\/tr\/wp-json\/wp\/v2\/product"}],"about":[{"href":"https:\/\/naturalpoland.com\/tr\/wp-json\/wp\/v2\/types\/product"}],"wp:featuredmedia":[{"embeddable":true,"href":"https:\/\/naturalpoland.com\/tr\/wp-json\/wp\/v2\/media\/44990"}],"wp:attachment":[{"href":"https:\/\/naturalpoland.com\/tr\/wp-json\/wp\/v2\/media?parent=44988"}],"wp:term":[{"taxonomy":"product_brand","embeddable":true,"href":"https:\/\/naturalpoland.com\/tr\/wp-json\/wp\/v2\/product_brand?post=44988"},{"taxonomy":"product_cat","embeddable":true,"href":"https:\/\/naturalpoland.com\/tr\/wp-json\/wp\/v2\/product_cat?post=44988"},{"taxonomy":"product_tag","embeddable":true,"href":"https:\/\/naturalpoland.com\/tr\/wp-json\/wp\/v2\/product_tag?post=44988"}],"curies":[{"name":"wp","href":"https:\/\/api.w.org\/{rel}","templated":true}]}}