{"id":44991,"date":"2021-05-10T15:56:16","date_gmt":"2021-05-10T13:56:16","guid":{"rendered":"https:\/\/naturalpoland.com\/produkty\/kategorilenmemis\/b12-vitamini\/"},"modified":"2026-01-14T14:23:20","modified_gmt":"2026-01-14T13:23:20","slug":"b12-vitamini","status":"publish","type":"product","link":"https:\/\/naturalpoland.com\/tr\/urunler\/farmasotik-hammaddeler\/vitaminler\/b12-vitamini\/","title":{"rendered":"B12 Vitamini"},"content":{"rendered":"<h2>B12 Vitamini Formlar\u0131<\/h2>\n<p>B12 vitamininin farkl\u0131 formlar\u0131 vard\u0131r ve her birinin v\u00fccutta biraz farkl\u0131 \u00f6zellikleri ve kullan\u0131mlar\u0131 bulunur. B12 vitamininin ana formlar\u0131 \u015funlard\u0131r: <\/p>\n<ol>\n<li><a href=\"https:\/\/naturalpoland.com\/produkty\/produkty-dla-przemyslu-farmaceutycznego-i-medycznego\/witaminy\/cyjanokobalamina-usp\/\"><strong>Siyanokobalamin<\/strong><\/a> &#8211; B12 vitamininin sentetik formu, genellikle takviyelerde ve zenginle\u015ftirilmi\u015f g\u0131dalarda kullan\u0131l\u0131r.<\/li>\n<li><strong>Hidroksikobalamin<\/strong> &#8211; B12 vitamininin do\u011fal olarak olu\u015fan formu, genellikle enjeksiyonlarda kullan\u0131l\u0131r.<\/li>\n<li><a href=\"https:\/\/naturalpoland.com\/tr\/urunler\/farmasotik-hammaddeler\/vitaminler\/metilkobalamin-koenzim-b12\/\"><strong>Metilkobalamin<\/strong><\/a> &#8211; B12 vitamininin aktif formu, v\u00fccut taraf\u0131ndan kolayca emilir ve DNA sentezi ve metilasyon gibi \u00e7e\u015fitli biyokimyasal s\u00fcre\u00e7lerde rol oynar.<\/li>\n<li><strong>Adenozilkobalamin<\/strong> &#8211; B12 vitamininin di\u011fer bir aktif formu, mitokondrilerin i\u015fleyi\u015fi ve h\u00fccrelerde enerji \u00fcretimi i\u00e7in gereklidir.<\/li>\n<\/ol>\n<h3><\/h3>\n<h2>B12 Vitamininin Temel \u0130\u015flevleri<\/h2>\n<p>B12 vitamini, k\u0131rm\u0131z\u0131 kan h\u00fccrelerinin \u00fcretimi i\u00e7in gereklidir, bu da do\u011frudan aneminin \u00f6nlenmesine etki eder. Ayr\u0131ca sinir sisteminin i\u015fleyi\u015fini destekler ve eksikli\u011fi \u00e7e\u015fitli sa\u011fl\u0131k sorunlar\u0131na, n\u00f6rolojik bozukluklar dahil, yol a\u00e7abilir. <\/p>\n<h2>Takviyede Kullan\u0131m\u0131<\/h2>\n<p>\u0130la\u00e7 ve takviye end\u00fcstrisinde B12 vitamini, yorgunluk ve bitkinli\u011fi azaltmaya yard\u0131mc\u0131 \u00f6zellikleri nedeniyle de\u011ferlidir, bu da onu aktif ya\u015fam tarz\u0131 olan ki\u015filer i\u00e7in ideal bir bile\u015fen haline getirir. Ayr\u0131ca konsantrasyon ve haf\u0131za gibi bili\u015fsel i\u015flevleri destekleyerek optimal zihinsel durumun korunmas\u0131na yard\u0131mc\u0131 olur. <\/p>\n<p><strong>Sporcular ve Aktif Ki\u015filer \u0130\u00e7in Faydalar\u0131<\/strong><\/p>\n<p>B12 vitamini, enerji metabolizmas\u0131ndaki rol\u00fc nedeniyle \u00f6zellikle sporculara ve fiziksel olarak aktif ki\u015filere \u00f6nerilir. Yo\u011fun egzersiz s\u0131ras\u0131nda ve antrenman sonras\u0131 iyile\u015fme d\u00f6neminde kritik olan v\u00fccuttaki enerjinin daha etkili kullan\u0131lmas\u0131na katk\u0131da bulunur. <\/p>\n<p><strong>Ba\u011f\u0131\u015f\u0131kl\u0131k Sistemi Deste\u011fi<\/strong><\/p>\n<p>Ek olarak, B12 vitamini ba\u011f\u0131\u015f\u0131kl\u0131k sisteminin i\u015fleyi\u015finde \u00f6nemli bir rol oynar. Sa\u011fl\u0131k ve ba\u011f\u0131\u015f\u0131kl\u0131\u011f\u0131n \u00f6ncelik haline geldi\u011fi g\u00fcn\u00fcm\u00fczde \u00f6zellikle \u00f6nemli olan normal i\u015fleyi\u015finin s\u00fcrd\u00fcr\u00fclmesine yard\u0131mc\u0131 olur. <\/p>\n<p><strong>Vejetaryen ve Vegan Diyet \u00c7\u00f6z\u00fcmleri<\/strong><\/p>\n<p>B12 vitamini ayr\u0131ca bu vitaminin do\u011fal kaynaklar\u0131n\u0131n s\u0131n\u0131rl\u0131 oldu\u011fu vejetaryen ve vegan diyetlerde kilit bir bile\u015fendir. Bu nedenle, B12 vitamini takviyesi genellikle eksikli\u011fini ve buna ba\u011fl\u0131 sa\u011fl\u0131k sorunlar\u0131n\u0131 \u00f6nlemek i\u00e7in gereklidir. <\/p>\n","protected":false},"excerpt":{"rendered":"<p>Takviyeler, vitaminler, kozmetikler ve g\u0131da end\u00fcstrisi \u00fcr\u00fcnleri i\u00e7in hammaddelerin \u00f6nde gelen ithalat\u00e7\u0131s\u0131y\u0131z. \u00dcr\u00fcnlerimizden biri, esas olarak ila\u00e7 end\u00fcstrisinde kullan\u0131lan B12 vitaminidir. <\/p>\n","protected":false},"featured_media":44993,"template":"","meta":{"_acf_changed":false},"product_brand":[],"product_cat":[9542],"product_tag":[],"class_list":{"0":"post-44991","1":"product","2":"type-product","3":"status-publish","4":"has-post-thumbnail","6":"product_cat-vitaminler","8":"first","9":"instock","10":"shipping-taxable","11":"product-type-simple"},"acf":[],"yoast_head":"<!-- This site is optimized with the Yoast SEO plugin v27.4 - https:\/\/yoast.com\/product\/yoast-seo-wordpress\/ -->\n<title>B12 Vitamini - NATURAL POLAND - Hurtowy Dystrybutor Surowc\u00f3w<\/title>\n<meta name=\"description\" content=\"Vitamin ve takviye \u00fcretimi i\u00e7in hammaddelerin ithalat\u00e7\u0131s\u0131y\u0131z. \u00dcr\u00fcnlerimizden biri, esas olarak ila\u00e7 end\u00fcstrisinde kullan\u0131lan B12 vitaminidir.\" \/>\n<meta name=\"robots\" content=\"index, follow, max-snippet:-1, max-image-preview:large, max-video-preview:-1\" \/>\n<link rel=\"canonical\" href=\"https:\/\/naturalpoland.com\/tr\/urunler\/farmasotik-hammaddeler\/vitaminler\/b12-vitamini\/\" \/>\n<meta property=\"og:locale\" content=\"tr_TR\" \/>\n<meta property=\"og:type\" content=\"article\" \/>\n<meta property=\"og:title\" content=\"B12 Vitamini - NATURAL POLAND - Hurtowy Dystrybutor Surowc\u00f3w\" \/>\n<meta property=\"og:description\" content=\"Vitamin ve takviye \u00fcretimi i\u00e7in hammaddelerin ithalat\u00e7\u0131s\u0131y\u0131z. \u00dcr\u00fcnlerimizden biri, esas olarak ila\u00e7 end\u00fcstrisinde kullan\u0131lan B12 vitaminidir.\" \/>\n<meta property=\"og:url\" content=\"https:\/\/naturalpoland.com\/tr\/urunler\/farmasotik-hammaddeler\/vitaminler\/b12-vitamini\/\" \/>\n<meta property=\"og:site_name\" content=\"NATURAL POLAND - Hurtowy Dystrybutor Surowc\u00f3w\" \/>\n<meta property=\"article:publisher\" content=\"https:\/\/www.facebook.com\/naturalpoland.b2b\" \/>\n<meta property=\"article:modified_time\" content=\"2026-01-14T13:23:20+00:00\" \/>\n<meta property=\"og:image\" content=\"https:\/\/naturalpoland.com\/wp-content\/uploads\/2021\/05\/witamina-b12-hurt.jpg\" \/>\n\t<meta property=\"og:image:width\" content=\"455\" \/>\n\t<meta property=\"og:image:height\" content=\"427\" \/>\n\t<meta property=\"og:image:type\" content=\"image\/jpeg\" \/>\n<script type=\"application\/ld+json\" class=\"yoast-schema-graph\">{\"@context\":\"https:\\\/\\\/schema.org\",\"@graph\":[{\"@type\":\"WebPage\",\"@id\":\"https:\\\/\\\/naturalpoland.com\\\/tr\\\/urunler\\\/farmasotik-hammaddeler\\\/vitaminler\\\/b12-vitamini\\\/\",\"url\":\"https:\\\/\\\/naturalpoland.com\\\/tr\\\/urunler\\\/farmasotik-hammaddeler\\\/vitaminler\\\/b12-vitamini\\\/\",\"name\":\"B12 Vitamini - NATURAL POLAND - Hurtowy Dystrybutor Surowc\u00f3w\",\"isPartOf\":{\"@id\":\"https:\\\/\\\/naturalpoland.com\\\/tr\\\/#website\"},\"primaryImageOfPage\":{\"@id\":\"https:\\\/\\\/naturalpoland.com\\\/tr\\\/urunler\\\/farmasotik-hammaddeler\\\/vitaminler\\\/b12-vitamini\\\/#primaryimage\"},\"image\":{\"@id\":\"https:\\\/\\\/naturalpoland.com\\\/tr\\\/urunler\\\/farmasotik-hammaddeler\\\/vitaminler\\\/b12-vitamini\\\/#primaryimage\"},\"thumbnailUrl\":\"https:\\\/\\\/naturalpoland.com\\\/wp-content\\\/uploads\\\/2021\\\/05\\\/witamina-b12-hurt.jpg\",\"datePublished\":\"2021-05-10T13:56:16+00:00\",\"dateModified\":\"2026-01-14T13:23:20+00:00\",\"description\":\"Vitamin ve takviye \u00fcretimi i\u00e7in hammaddelerin ithalat\u00e7\u0131s\u0131y\u0131z. \u00dcr\u00fcnlerimizden biri, esas olarak ila\u00e7 end\u00fcstrisinde kullan\u0131lan B12 vitaminidir.\",\"breadcrumb\":{\"@id\":\"https:\\\/\\\/naturalpoland.com\\\/tr\\\/urunler\\\/farmasotik-hammaddeler\\\/vitaminler\\\/b12-vitamini\\\/#breadcrumb\"},\"inLanguage\":\"tr\",\"potentialAction\":[{\"@type\":\"ReadAction\",\"target\":[\"https:\\\/\\\/naturalpoland.com\\\/tr\\\/urunler\\\/farmasotik-hammaddeler\\\/vitaminler\\\/b12-vitamini\\\/\"]}]},{\"@type\":\"ImageObject\",\"inLanguage\":\"tr\",\"@id\":\"https:\\\/\\\/naturalpoland.com\\\/tr\\\/urunler\\\/farmasotik-hammaddeler\\\/vitaminler\\\/b12-vitamini\\\/#primaryimage\",\"url\":\"https:\\\/\\\/naturalpoland.com\\\/wp-content\\\/uploads\\\/2021\\\/05\\\/witamina-b12-hurt.jpg\",\"contentUrl\":\"https:\\\/\\\/naturalpoland.com\\\/wp-content\\\/uploads\\\/2021\\\/05\\\/witamina-b12-hurt.jpg\",\"width\":455,\"height\":427,\"caption\":\"B12 vitamininin kimyasal form\u00fcl\u00fc\"},{\"@type\":\"BreadcrumbList\",\"@id\":\"https:\\\/\\\/naturalpoland.com\\\/tr\\\/urunler\\\/farmasotik-hammaddeler\\\/vitaminler\\\/b12-vitamini\\\/#breadcrumb\",\"itemListElement\":[{\"@type\":\"ListItem\",\"position\":1,\"name\":\"Ana Sayfa\",\"item\":\"https:\\\/\\\/naturalpoland.com\\\/tr\\\/\"},{\"@type\":\"ListItem\",\"position\":2,\"name\":\"\u00dcr\u00fcnler\",\"item\":\"https:\\\/\\\/naturalpoland.com\\\/tr\\\/urunler\\\/\"},{\"@type\":\"ListItem\",\"position\":3,\"name\":\"B12 Vitamini\"}]},{\"@type\":\"WebSite\",\"@id\":\"https:\\\/\\\/naturalpoland.com\\\/tr\\\/#website\",\"url\":\"https:\\\/\\\/naturalpoland.com\\\/tr\\\/\",\"name\":\"NATURAL POLAND - Hurtowy Dystrybutor Surowc\u00f3w\",\"description\":\"Surowce dla przemys\u0142u spo\u017cywczego, kosmetycznego i farmaceutycznego\",\"publisher\":{\"@id\":\"https:\\\/\\\/naturalpoland.com\\\/tr\\\/#organization\"},\"potentialAction\":[{\"@type\":\"SearchAction\",\"target\":{\"@type\":\"EntryPoint\",\"urlTemplate\":\"https:\\\/\\\/naturalpoland.com\\\/tr\\\/?s={search_term_string}\"},\"query-input\":{\"@type\":\"PropertyValueSpecification\",\"valueRequired\":true,\"valueName\":\"search_term_string\"}}],\"inLanguage\":\"tr\"},{\"@type\":\"Organization\",\"@id\":\"https:\\\/\\\/naturalpoland.com\\\/tr\\\/#organization\",\"name\":\"Natural Poland\",\"url\":\"https:\\\/\\\/naturalpoland.com\\\/tr\\\/\",\"logo\":{\"@type\":\"ImageObject\",\"inLanguage\":\"tr\",\"@id\":\"https:\\\/\\\/naturalpoland.com\\\/tr\\\/#\\\/schema\\\/logo\\\/image\\\/\",\"url\":\"https:\\\/\\\/naturalpoland.com\\\/wp-content\\\/uploads\\\/2021\\\/05\\\/natural-poland-icon.png\",\"contentUrl\":\"https:\\\/\\\/naturalpoland.com\\\/wp-content\\\/uploads\\\/2021\\\/05\\\/natural-poland-icon.png\",\"width\":512,\"height\":512,\"caption\":\"Natural Poland\"},\"image\":{\"@id\":\"https:\\\/\\\/naturalpoland.com\\\/tr\\\/#\\\/schema\\\/logo\\\/image\\\/\"},\"sameAs\":[\"https:\\\/\\\/www.facebook.com\\\/naturalpoland.b2b\",\"https:\\\/\\\/pl.linkedin.com\\\/company\\\/natural-poland\",\"https:\\\/\\\/www.youtube.com\\\/channel\\\/UCgeGGkvOMahZo-xu_MSEWxg\"]}]}<\/script>\n<!-- \/ Yoast SEO plugin. -->","yoast_head_json":{"title":"B12 Vitamini - NATURAL POLAND - Hurtowy Dystrybutor Surowc\u00f3w","description":"Vitamin ve takviye \u00fcretimi i\u00e7in hammaddelerin ithalat\u00e7\u0131s\u0131y\u0131z. \u00dcr\u00fcnlerimizden biri, esas olarak ila\u00e7 end\u00fcstrisinde kullan\u0131lan B12 vitaminidir.","robots":{"index":"index","follow":"follow","max-snippet":"max-snippet:-1","max-image-preview":"max-image-preview:large","max-video-preview":"max-video-preview:-1"},"canonical":"https:\/\/naturalpoland.com\/tr\/urunler\/farmasotik-hammaddeler\/vitaminler\/b12-vitamini\/","og_locale":"tr_TR","og_type":"article","og_title":"B12 Vitamini - NATURAL POLAND - Hurtowy Dystrybutor Surowc\u00f3w","og_description":"Vitamin ve takviye \u00fcretimi i\u00e7in hammaddelerin ithalat\u00e7\u0131s\u0131y\u0131z. \u00dcr\u00fcnlerimizden biri, esas olarak ila\u00e7 end\u00fcstrisinde kullan\u0131lan B12 vitaminidir.","og_url":"https:\/\/naturalpoland.com\/tr\/urunler\/farmasotik-hammaddeler\/vitaminler\/b12-vitamini\/","og_site_name":"NATURAL POLAND - Hurtowy Dystrybutor Surowc\u00f3w","article_publisher":"https:\/\/www.facebook.com\/naturalpoland.b2b","article_modified_time":"2026-01-14T13:23:20+00:00","og_image":[{"width":455,"height":427,"url":"https:\/\/naturalpoland.com\/wp-content\/uploads\/2021\/05\/witamina-b12-hurt.jpg","type":"image\/jpeg"}],"schema":{"@context":"https:\/\/schema.org","@graph":[{"@type":"WebPage","@id":"https:\/\/naturalpoland.com\/tr\/urunler\/farmasotik-hammaddeler\/vitaminler\/b12-vitamini\/","url":"https:\/\/naturalpoland.com\/tr\/urunler\/farmasotik-hammaddeler\/vitaminler\/b12-vitamini\/","name":"B12 Vitamini - NATURAL POLAND - Hurtowy Dystrybutor Surowc\u00f3w","isPartOf":{"@id":"https:\/\/naturalpoland.com\/tr\/#website"},"primaryImageOfPage":{"@id":"https:\/\/naturalpoland.com\/tr\/urunler\/farmasotik-hammaddeler\/vitaminler\/b12-vitamini\/#primaryimage"},"image":{"@id":"https:\/\/naturalpoland.com\/tr\/urunler\/farmasotik-hammaddeler\/vitaminler\/b12-vitamini\/#primaryimage"},"thumbnailUrl":"https:\/\/naturalpoland.com\/wp-content\/uploads\/2021\/05\/witamina-b12-hurt.jpg","datePublished":"2021-05-10T13:56:16+00:00","dateModified":"2026-01-14T13:23:20+00:00","description":"Vitamin ve takviye \u00fcretimi i\u00e7in hammaddelerin ithalat\u00e7\u0131s\u0131y\u0131z. \u00dcr\u00fcnlerimizden biri, esas olarak ila\u00e7 end\u00fcstrisinde kullan\u0131lan B12 vitaminidir.","breadcrumb":{"@id":"https:\/\/naturalpoland.com\/tr\/urunler\/farmasotik-hammaddeler\/vitaminler\/b12-vitamini\/#breadcrumb"},"inLanguage":"tr","potentialAction":[{"@type":"ReadAction","target":["https:\/\/naturalpoland.com\/tr\/urunler\/farmasotik-hammaddeler\/vitaminler\/b12-vitamini\/"]}]},{"@type":"ImageObject","inLanguage":"tr","@id":"https:\/\/naturalpoland.com\/tr\/urunler\/farmasotik-hammaddeler\/vitaminler\/b12-vitamini\/#primaryimage","url":"https:\/\/naturalpoland.com\/wp-content\/uploads\/2021\/05\/witamina-b12-hurt.jpg","contentUrl":"https:\/\/naturalpoland.com\/wp-content\/uploads\/2021\/05\/witamina-b12-hurt.jpg","width":455,"height":427,"caption":"B12 vitamininin kimyasal form\u00fcl\u00fc"},{"@type":"BreadcrumbList","@id":"https:\/\/naturalpoland.com\/tr\/urunler\/farmasotik-hammaddeler\/vitaminler\/b12-vitamini\/#breadcrumb","itemListElement":[{"@type":"ListItem","position":1,"name":"Ana Sayfa","item":"https:\/\/naturalpoland.com\/tr\/"},{"@type":"ListItem","position":2,"name":"\u00dcr\u00fcnler","item":"https:\/\/naturalpoland.com\/tr\/urunler\/"},{"@type":"ListItem","position":3,"name":"B12 Vitamini"}]},{"@type":"WebSite","@id":"https:\/\/naturalpoland.com\/tr\/#website","url":"https:\/\/naturalpoland.com\/tr\/","name":"NATURAL POLAND - Hurtowy Dystrybutor Surowc\u00f3w","description":"Surowce dla przemys\u0142u spo\u017cywczego, kosmetycznego i farmaceutycznego","publisher":{"@id":"https:\/\/naturalpoland.com\/tr\/#organization"},"potentialAction":[{"@type":"SearchAction","target":{"@type":"EntryPoint","urlTemplate":"https:\/\/naturalpoland.com\/tr\/?s={search_term_string}"},"query-input":{"@type":"PropertyValueSpecification","valueRequired":true,"valueName":"search_term_string"}}],"inLanguage":"tr"},{"@type":"Organization","@id":"https:\/\/naturalpoland.com\/tr\/#organization","name":"Natural Poland","url":"https:\/\/naturalpoland.com\/tr\/","logo":{"@type":"ImageObject","inLanguage":"tr","@id":"https:\/\/naturalpoland.com\/tr\/#\/schema\/logo\/image\/","url":"https:\/\/naturalpoland.com\/wp-content\/uploads\/2021\/05\/natural-poland-icon.png","contentUrl":"https:\/\/naturalpoland.com\/wp-content\/uploads\/2021\/05\/natural-poland-icon.png","width":512,"height":512,"caption":"Natural Poland"},"image":{"@id":"https:\/\/naturalpoland.com\/tr\/#\/schema\/logo\/image\/"},"sameAs":["https:\/\/www.facebook.com\/naturalpoland.b2b","https:\/\/pl.linkedin.com\/company\/natural-poland","https:\/\/www.youtube.com\/channel\/UCgeGGkvOMahZo-xu_MSEWxg"]}]}},"_links":{"self":[{"href":"https:\/\/naturalpoland.com\/tr\/wp-json\/wp\/v2\/product\/44991","targetHints":{"allow":["GET"]}}],"collection":[{"href":"https:\/\/naturalpoland.com\/tr\/wp-json\/wp\/v2\/product"}],"about":[{"href":"https:\/\/naturalpoland.com\/tr\/wp-json\/wp\/v2\/types\/product"}],"wp:featuredmedia":[{"embeddable":true,"href":"https:\/\/naturalpoland.com\/tr\/wp-json\/wp\/v2\/media\/44993"}],"wp:attachment":[{"href":"https:\/\/naturalpoland.com\/tr\/wp-json\/wp\/v2\/media?parent=44991"}],"wp:term":[{"taxonomy":"product_brand","embeddable":true,"href":"https:\/\/naturalpoland.com\/tr\/wp-json\/wp\/v2\/product_brand?post=44991"},{"taxonomy":"product_cat","embeddable":true,"href":"https:\/\/naturalpoland.com\/tr\/wp-json\/wp\/v2\/product_cat?post=44991"},{"taxonomy":"product_tag","embeddable":true,"href":"https:\/\/naturalpoland.com\/tr\/wp-json\/wp\/v2\/product_tag?post=44991"}],"curies":[{"name":"wp","href":"https:\/\/api.w.org\/{rel}","templated":true}]}}