{"id":45020,"date":"2026-01-15T11:31:00","date_gmt":"2026-01-15T10:31:00","guid":{"rendered":"https:\/\/naturalpoland.com\/produkty\/kategorilenmemis\/safran\/"},"modified":"2026-01-15T13:12:49","modified_gmt":"2026-01-15T12:12:49","slug":"safran","status":"publish","type":"product","link":"https:\/\/naturalpoland.com\/tr\/urunler\/gida-hammaddeleri\/uretim-hammaddeleri\/safran\/","title":{"rendered":"Safran"},"content":{"rendered":"<h2>Safran \u00fcretim s\u00fcreci<\/h2>\n<p>Safran yaln\u0131zca krokus \u00e7i\u00e7e\u011finin stigmalar\u0131ndan elde edilir ve bu onun tek kullan\u0131labilir k\u0131sm\u0131d\u0131r. Bitki \u00e7ok k\u0131sa s\u00fcre \u00e7i\u00e7ek a\u00e7ar \u2013 y\u0131lda sadece birka\u00e7 hafta ve tek bir \u00e7i\u00e7e\u011fin ya\u015fam s\u00fcresi \u00fc\u00e7 g\u00fcn\u00fc ge\u00e7mez. Hasat elle yap\u0131l\u0131r, genellikle \u00e7i\u00e7eklenmenin ilk g\u00fcn\u00fcnde \u015fafakta, bu da kaliteyi ve aktif bile\u015fiklerin profilini korumak i\u00e7in kritik \u00f6neme sahiptir.  <\/p>\n<p>Safran \u00fcretim s\u00fcreci son derece emek yo\u011fundur \u2013 yakla\u015f\u0131k 500 g haz\u0131r hammadde elde etmek i\u00e7in 75.000 \u00e7i\u00e7e\u011fin elle i\u015flenmesi gerekir. \u0130\u015fte bu s\u0131n\u0131rl\u0131 eri\u015filebilirlik, elle hasat y\u00f6ntemi ve hassas kurutma bu hammaddenin y\u00fcksek piyasa de\u011ferini belirler. <\/p>\n<h2>\u00d6zellikler ve aktif bile\u015fenler<\/h2>\n<p>Safran, duyusal ve fonksiyonel \u00f6zelliklerini belirleyen zengin bioaktif madde bile\u015fimi ile karakterize edilir. Temel bile\u015fikler \u015funlard\u0131r: <\/p>\n<ul>\n<li><strong>krosin<\/strong> \u2013 yo\u011fun renk i\u00e7in sorumlu,<\/li>\n<li><strong>pikrokrosin<\/strong> \u2013 karakteristik tat veren,<\/li>\n<li><strong>safranal<\/strong> \u2013 kurutma s\u0131ras\u0131nda olu\u015fan aromatik bile\u015fik.<\/li>\n<\/ul>\n<p>Analitik verilere g\u00f6re sundu\u011fumuz hammadde \u00e7ok y\u00fcksek renklendirme g\u00fcc\u00fc (krosin) ve y\u00fcksek aromatik fraksiyon i\u00e7eri\u011fi (safranal) ile \u00f6ne \u00e7\u0131kar, bu da onu ISO 3632&#8217;ye g\u00f6re en y\u00fcksek kalite kategorisinde s\u0131n\u0131fland\u0131r\u0131r.<\/p>\n<p>Ayr\u0131ca safran kalsiyum, demir, \u00e7inko, manganez, bak\u0131r, selenyum ve fosfor gibi mikro elementlerin yan\u0131 s\u0131ra B grubu vitaminleri, A vitamini ve askorbik asidin do\u011fal kayna\u011f\u0131d\u0131r.<\/p>\n<h2>Safran kullan\u0131m alanlar\u0131<\/h2>\n<p>Stigma formundaki safran farkl\u0131 pazar segmentlerinde kullan\u0131m alan\u0131 bulur:<\/p>\n<p><strong>G\u0131da ve takviye edici uygulamalar\u0131:<\/strong><\/p>\n<ul>\n<li>fonksiyonel g\u0131da bile\u015feni,<\/li>\n<li>diyet takviyelerine katk\u0131 maddesi,<\/li>\n<li>bioaktif bile\u015fiklerin ekstraksiyonu i\u00e7in hammadde.<\/li>\n<\/ul>\n<p><strong>Kozmetik uygulamas\u0131:<\/strong><\/p>\n<ul>\n<li>antioksidan etkili bak\u0131m preparatlar\u0131,<\/li>\n<li>ayd\u0131nlat\u0131c\u0131 ve cilt tonunu iyile\u015ftiren kozmetikler,<\/li>\n<li>geleneksel bitkisel hammaddelerden ilham alan premium form\u00fcller.<\/li>\n<\/ul>\n<p>&nbsp;<\/p>\n","protected":false},"excerpt":{"rendered":"<p><strong>Safran<\/strong> (<em>Crocus sativus L.<\/em>) d\u00fcnyan\u0131n en de\u011ferli ve en pahal\u0131 bitkisel baharatlar\u0131ndan biridir.<\/p>\n","protected":false},"featured_media":45021,"template":"","meta":{"_acf_changed":false},"product_brand":[],"product_cat":[9557,9572],"product_tag":[],"class_list":{"0":"post-45020","1":"product","2":"type-product","3":"status-publish","4":"has-post-thumbnail","6":"product_cat-kozmetik-hammaddeleri-2","7":"product_cat-uretim-hammaddeleri","9":"first","10":"instock","11":"shipping-taxable","12":"product-type-simple"},"acf":[],"yoast_head":"<!-- This site is optimized with the Yoast SEO plugin v27.4 - https:\/\/yoast.com\/product\/yoast-seo-wordpress\/ -->\n<title>Safran - Hurtowy Dystrybutor<\/title>\n<meta name=\"description\" content=\"Safran (Crocus sativus L.) \u2013 ISO 3632 standard\u0131na uygun y\u00fcksek kaliteli stigmalar. G\u0131da, takviye edici ve kozmetik uygulamalar\u0131 i\u00e7in premium hammadde.\" \/>\n<meta name=\"robots\" content=\"index, follow, max-snippet:-1, max-image-preview:large, max-video-preview:-1\" \/>\n<link rel=\"canonical\" href=\"https:\/\/naturalpoland.com\/tr\/urunler\/gida-hammaddeleri\/uretim-hammaddeleri\/safran\/\" \/>\n<meta property=\"og:locale\" content=\"tr_TR\" \/>\n<meta property=\"og:type\" content=\"article\" \/>\n<meta property=\"og:title\" content=\"Safran - Hurtowy Dystrybutor\" \/>\n<meta property=\"og:description\" content=\"Safran (Crocus sativus L.) \u2013 ISO 3632 standard\u0131na uygun y\u00fcksek kaliteli stigmalar. G\u0131da, takviye edici ve kozmetik uygulamalar\u0131 i\u00e7in premium hammadde.\" \/>\n<meta property=\"og:url\" content=\"https:\/\/naturalpoland.com\/tr\/urunler\/gida-hammaddeleri\/uretim-hammaddeleri\/safran\/\" \/>\n<meta property=\"og:site_name\" content=\"NATURAL POLAND - Hurtowy Dystrybutor Surowc\u00f3w\" \/>\n<meta property=\"article:publisher\" content=\"https:\/\/www.facebook.com\/naturalpoland.b2b\" \/>\n<meta property=\"article:modified_time\" content=\"2026-01-15T12:12:49+00:00\" \/>\n<meta property=\"og:image\" content=\"https:\/\/naturalpoland.com\/wp-content\/uploads\/szafran.webp\" \/>\n\t<meta property=\"og:image:width\" content=\"1024\" \/>\n\t<meta property=\"og:image:height\" content=\"1024\" \/>\n\t<meta property=\"og:image:type\" content=\"image\/webp\" \/>\n<script type=\"application\/ld+json\" class=\"yoast-schema-graph\">{\"@context\":\"https:\\\/\\\/schema.org\",\"@graph\":[{\"@type\":\"WebPage\",\"@id\":\"https:\\\/\\\/naturalpoland.com\\\/tr\\\/urunler\\\/gida-hammaddeleri\\\/uretim-hammaddeleri\\\/safran\\\/\",\"url\":\"https:\\\/\\\/naturalpoland.com\\\/tr\\\/urunler\\\/gida-hammaddeleri\\\/uretim-hammaddeleri\\\/safran\\\/\",\"name\":\"Safran - Hurtowy Dystrybutor\",\"isPartOf\":{\"@id\":\"https:\\\/\\\/naturalpoland.com\\\/tr\\\/#website\"},\"primaryImageOfPage\":{\"@id\":\"https:\\\/\\\/naturalpoland.com\\\/tr\\\/urunler\\\/gida-hammaddeleri\\\/uretim-hammaddeleri\\\/safran\\\/#primaryimage\"},\"image\":{\"@id\":\"https:\\\/\\\/naturalpoland.com\\\/tr\\\/urunler\\\/gida-hammaddeleri\\\/uretim-hammaddeleri\\\/safran\\\/#primaryimage\"},\"thumbnailUrl\":\"https:\\\/\\\/naturalpoland.com\\\/wp-content\\\/uploads\\\/szafran.webp\",\"datePublished\":\"2026-01-15T10:31:00+00:00\",\"dateModified\":\"2026-01-15T12:12:49+00:00\",\"description\":\"Safran (Crocus sativus L.) \u2013 ISO 3632 standard\u0131na uygun y\u00fcksek kaliteli stigmalar. G\u0131da, takviye edici ve kozmetik uygulamalar\u0131 i\u00e7in premium hammadde.\",\"breadcrumb\":{\"@id\":\"https:\\\/\\\/naturalpoland.com\\\/tr\\\/urunler\\\/gida-hammaddeleri\\\/uretim-hammaddeleri\\\/safran\\\/#breadcrumb\"},\"inLanguage\":\"tr\",\"potentialAction\":[{\"@type\":\"ReadAction\",\"target\":[\"https:\\\/\\\/naturalpoland.com\\\/tr\\\/urunler\\\/gida-hammaddeleri\\\/uretim-hammaddeleri\\\/safran\\\/\"]}]},{\"@type\":\"ImageObject\",\"inLanguage\":\"tr\",\"@id\":\"https:\\\/\\\/naturalpoland.com\\\/tr\\\/urunler\\\/gida-hammaddeleri\\\/uretim-hammaddeleri\\\/safran\\\/#primaryimage\",\"url\":\"https:\\\/\\\/naturalpoland.com\\\/wp-content\\\/uploads\\\/szafran.webp\",\"contentUrl\":\"https:\\\/\\\/naturalpoland.com\\\/wp-content\\\/uploads\\\/szafran.webp\",\"width\":1024,\"height\":1024,\"caption\":\"safran\"},{\"@type\":\"BreadcrumbList\",\"@id\":\"https:\\\/\\\/naturalpoland.com\\\/tr\\\/urunler\\\/gida-hammaddeleri\\\/uretim-hammaddeleri\\\/safran\\\/#breadcrumb\",\"itemListElement\":[{\"@type\":\"ListItem\",\"position\":1,\"name\":\"Ana Sayfa\",\"item\":\"https:\\\/\\\/naturalpoland.com\\\/tr\\\/\"},{\"@type\":\"ListItem\",\"position\":2,\"name\":\"\u00dcr\u00fcnler\",\"item\":\"https:\\\/\\\/naturalpoland.com\\\/tr\\\/urunler\\\/\"},{\"@type\":\"ListItem\",\"position\":3,\"name\":\"Safran\"}]},{\"@type\":\"WebSite\",\"@id\":\"https:\\\/\\\/naturalpoland.com\\\/tr\\\/#website\",\"url\":\"https:\\\/\\\/naturalpoland.com\\\/tr\\\/\",\"name\":\"NATURAL POLAND - Hurtowy Dystrybutor Surowc\u00f3w\",\"description\":\"Surowce dla przemys\u0142u spo\u017cywczego, kosmetycznego i farmaceutycznego\",\"publisher\":{\"@id\":\"https:\\\/\\\/naturalpoland.com\\\/tr\\\/#organization\"},\"potentialAction\":[{\"@type\":\"SearchAction\",\"target\":{\"@type\":\"EntryPoint\",\"urlTemplate\":\"https:\\\/\\\/naturalpoland.com\\\/tr\\\/?s={search_term_string}\"},\"query-input\":{\"@type\":\"PropertyValueSpecification\",\"valueRequired\":true,\"valueName\":\"search_term_string\"}}],\"inLanguage\":\"tr\"},{\"@type\":\"Organization\",\"@id\":\"https:\\\/\\\/naturalpoland.com\\\/tr\\\/#organization\",\"name\":\"Natural Poland\",\"url\":\"https:\\\/\\\/naturalpoland.com\\\/tr\\\/\",\"logo\":{\"@type\":\"ImageObject\",\"inLanguage\":\"tr\",\"@id\":\"https:\\\/\\\/naturalpoland.com\\\/tr\\\/#\\\/schema\\\/logo\\\/image\\\/\",\"url\":\"https:\\\/\\\/naturalpoland.com\\\/wp-content\\\/uploads\\\/2021\\\/05\\\/natural-poland-icon.png\",\"contentUrl\":\"https:\\\/\\\/naturalpoland.com\\\/wp-content\\\/uploads\\\/2021\\\/05\\\/natural-poland-icon.png\",\"width\":512,\"height\":512,\"caption\":\"Natural Poland\"},\"image\":{\"@id\":\"https:\\\/\\\/naturalpoland.com\\\/tr\\\/#\\\/schema\\\/logo\\\/image\\\/\"},\"sameAs\":[\"https:\\\/\\\/www.facebook.com\\\/naturalpoland.b2b\",\"https:\\\/\\\/pl.linkedin.com\\\/company\\\/natural-poland\",\"https:\\\/\\\/www.youtube.com\\\/channel\\\/UCgeGGkvOMahZo-xu_MSEWxg\"]}]}<\/script>\n<!-- \/ Yoast SEO plugin. -->","yoast_head_json":{"title":"Safran - Hurtowy Dystrybutor","description":"Safran (Crocus sativus L.) \u2013 ISO 3632 standard\u0131na uygun y\u00fcksek kaliteli stigmalar. G\u0131da, takviye edici ve kozmetik uygulamalar\u0131 i\u00e7in premium hammadde.","robots":{"index":"index","follow":"follow","max-snippet":"max-snippet:-1","max-image-preview":"max-image-preview:large","max-video-preview":"max-video-preview:-1"},"canonical":"https:\/\/naturalpoland.com\/tr\/urunler\/gida-hammaddeleri\/uretim-hammaddeleri\/safran\/","og_locale":"tr_TR","og_type":"article","og_title":"Safran - Hurtowy Dystrybutor","og_description":"Safran (Crocus sativus L.) \u2013 ISO 3632 standard\u0131na uygun y\u00fcksek kaliteli stigmalar. G\u0131da, takviye edici ve kozmetik uygulamalar\u0131 i\u00e7in premium hammadde.","og_url":"https:\/\/naturalpoland.com\/tr\/urunler\/gida-hammaddeleri\/uretim-hammaddeleri\/safran\/","og_site_name":"NATURAL POLAND - Hurtowy Dystrybutor Surowc\u00f3w","article_publisher":"https:\/\/www.facebook.com\/naturalpoland.b2b","article_modified_time":"2026-01-15T12:12:49+00:00","og_image":[{"width":1024,"height":1024,"url":"https:\/\/naturalpoland.com\/wp-content\/uploads\/szafran.webp","type":"image\/webp"}],"schema":{"@context":"https:\/\/schema.org","@graph":[{"@type":"WebPage","@id":"https:\/\/naturalpoland.com\/tr\/urunler\/gida-hammaddeleri\/uretim-hammaddeleri\/safran\/","url":"https:\/\/naturalpoland.com\/tr\/urunler\/gida-hammaddeleri\/uretim-hammaddeleri\/safran\/","name":"Safran - Hurtowy Dystrybutor","isPartOf":{"@id":"https:\/\/naturalpoland.com\/tr\/#website"},"primaryImageOfPage":{"@id":"https:\/\/naturalpoland.com\/tr\/urunler\/gida-hammaddeleri\/uretim-hammaddeleri\/safran\/#primaryimage"},"image":{"@id":"https:\/\/naturalpoland.com\/tr\/urunler\/gida-hammaddeleri\/uretim-hammaddeleri\/safran\/#primaryimage"},"thumbnailUrl":"https:\/\/naturalpoland.com\/wp-content\/uploads\/szafran.webp","datePublished":"2026-01-15T10:31:00+00:00","dateModified":"2026-01-15T12:12:49+00:00","description":"Safran (Crocus sativus L.) \u2013 ISO 3632 standard\u0131na uygun y\u00fcksek kaliteli stigmalar. G\u0131da, takviye edici ve kozmetik uygulamalar\u0131 i\u00e7in premium hammadde.","breadcrumb":{"@id":"https:\/\/naturalpoland.com\/tr\/urunler\/gida-hammaddeleri\/uretim-hammaddeleri\/safran\/#breadcrumb"},"inLanguage":"tr","potentialAction":[{"@type":"ReadAction","target":["https:\/\/naturalpoland.com\/tr\/urunler\/gida-hammaddeleri\/uretim-hammaddeleri\/safran\/"]}]},{"@type":"ImageObject","inLanguage":"tr","@id":"https:\/\/naturalpoland.com\/tr\/urunler\/gida-hammaddeleri\/uretim-hammaddeleri\/safran\/#primaryimage","url":"https:\/\/naturalpoland.com\/wp-content\/uploads\/szafran.webp","contentUrl":"https:\/\/naturalpoland.com\/wp-content\/uploads\/szafran.webp","width":1024,"height":1024,"caption":"safran"},{"@type":"BreadcrumbList","@id":"https:\/\/naturalpoland.com\/tr\/urunler\/gida-hammaddeleri\/uretim-hammaddeleri\/safran\/#breadcrumb","itemListElement":[{"@type":"ListItem","position":1,"name":"Ana Sayfa","item":"https:\/\/naturalpoland.com\/tr\/"},{"@type":"ListItem","position":2,"name":"\u00dcr\u00fcnler","item":"https:\/\/naturalpoland.com\/tr\/urunler\/"},{"@type":"ListItem","position":3,"name":"Safran"}]},{"@type":"WebSite","@id":"https:\/\/naturalpoland.com\/tr\/#website","url":"https:\/\/naturalpoland.com\/tr\/","name":"NATURAL POLAND - Hurtowy Dystrybutor Surowc\u00f3w","description":"Surowce dla przemys\u0142u spo\u017cywczego, kosmetycznego i farmaceutycznego","publisher":{"@id":"https:\/\/naturalpoland.com\/tr\/#organization"},"potentialAction":[{"@type":"SearchAction","target":{"@type":"EntryPoint","urlTemplate":"https:\/\/naturalpoland.com\/tr\/?s={search_term_string}"},"query-input":{"@type":"PropertyValueSpecification","valueRequired":true,"valueName":"search_term_string"}}],"inLanguage":"tr"},{"@type":"Organization","@id":"https:\/\/naturalpoland.com\/tr\/#organization","name":"Natural Poland","url":"https:\/\/naturalpoland.com\/tr\/","logo":{"@type":"ImageObject","inLanguage":"tr","@id":"https:\/\/naturalpoland.com\/tr\/#\/schema\/logo\/image\/","url":"https:\/\/naturalpoland.com\/wp-content\/uploads\/2021\/05\/natural-poland-icon.png","contentUrl":"https:\/\/naturalpoland.com\/wp-content\/uploads\/2021\/05\/natural-poland-icon.png","width":512,"height":512,"caption":"Natural Poland"},"image":{"@id":"https:\/\/naturalpoland.com\/tr\/#\/schema\/logo\/image\/"},"sameAs":["https:\/\/www.facebook.com\/naturalpoland.b2b","https:\/\/pl.linkedin.com\/company\/natural-poland","https:\/\/www.youtube.com\/channel\/UCgeGGkvOMahZo-xu_MSEWxg"]}]}},"_links":{"self":[{"href":"https:\/\/naturalpoland.com\/tr\/wp-json\/wp\/v2\/product\/45020","targetHints":{"allow":["GET"]}}],"collection":[{"href":"https:\/\/naturalpoland.com\/tr\/wp-json\/wp\/v2\/product"}],"about":[{"href":"https:\/\/naturalpoland.com\/tr\/wp-json\/wp\/v2\/types\/product"}],"wp:featuredmedia":[{"embeddable":true,"href":"https:\/\/naturalpoland.com\/tr\/wp-json\/wp\/v2\/media\/45021"}],"wp:attachment":[{"href":"https:\/\/naturalpoland.com\/tr\/wp-json\/wp\/v2\/media?parent=45020"}],"wp:term":[{"taxonomy":"product_brand","embeddable":true,"href":"https:\/\/naturalpoland.com\/tr\/wp-json\/wp\/v2\/product_brand?post=45020"},{"taxonomy":"product_cat","embeddable":true,"href":"https:\/\/naturalpoland.com\/tr\/wp-json\/wp\/v2\/product_cat?post=45020"},{"taxonomy":"product_tag","embeddable":true,"href":"https:\/\/naturalpoland.com\/tr\/wp-json\/wp\/v2\/product_tag?post=45020"}],"curies":[{"name":"wp","href":"https:\/\/api.w.org\/{rel}","templated":true}]}}