{"id":45050,"date":"2026-01-15T13:07:17","date_gmt":"2026-01-15T12:07:17","guid":{"rendered":"https:\/\/naturalpoland.com\/produkty\/kategorilenmemis\/amarant-tohumu-ozutu\/"},"modified":"2026-01-15T13:23:17","modified_gmt":"2026-01-15T12:23:17","slug":"amarant-tohumu-ozutu","status":"publish","type":"product","link":"https:\/\/naturalpoland.com\/tr\/urunler\/bitkisel-ekstraktlar\/amarant-tohumu-ozutu\/","title":{"rendered":"Amarant tohumu \u00f6z\u00fct\u00fc"},"content":{"rendered":"<h2>\u00d6z\u00fct \u00f6zellikleri<\/h2>\n<p>S\u00fcperkritik ekstraksiyon (SFE), s\u0131cakl\u0131\u011fa ve oksidasyona duyarl\u0131 bile\u015fenleri korumaya odaklan\u0131rken \u00e7\u00f6z\u00fcc\u00fc kal\u0131nt\u0131lar\u0131n\u0131 s\u0131n\u0131rlayan bir lipid fraksiyonu elde etme s\u00fcrecini ifade eder. Hammadde karakteristik bir ya\u011fl\u0131 kokuya sahiptir, suda \u00e7\u00f6z\u00fcnmez ve duyusal konforun, epidermal bariyerin desteklenmesinin ve antioksidan koruman\u0131n \u00f6nemli oldu\u011fu form\u00fclasyonlarda kullan\u0131m i\u00e7in tasarlanm\u0131\u015ft\u0131r. <\/p>\n<p>Bu ya\u011f\u0131n en \u00f6nemli \u00f6zelli\u011fi, %6,03 oran\u0131nda <strong>skualen<\/strong> (CAS 111-02-4) i\u00e7eri\u011fidir (spesifikasyon: &gt;%6). Skualen, di\u011ferlerinin yan\u0131 s\u0131ra sebumda bulunan do\u011fal, fizyolojik olarak uyumlu bir lipid bile\u015fenidir ve cildin yumu\u015fakl\u0131\u011f\u0131, esnekli\u011fi ve nem hissi \u00fczerindeki etkisi nedeniyle kozmetikte de\u011fer g\u00f6r\u00fcr. Amarant ya\u011f\u0131nda skualen, ya\u011f asitleri fraksiyonu ve tokoferollerle birlikte bulunur.   <\/p>\n<h2>Amarant tohumu \u00f6z\u00fct\u00fcn\u00fcn \u00f6zellikleri ve etkileri<\/h2>\n<p>\u00d6z\u00fct\u00fcn lipid profili, \u00f6zellikle <strong>linoleik asit (%48,73)<\/strong> ve <strong>oleik asit (%25,36)<\/strong> olmak \u00fczere doymam\u0131\u015f ya\u011f asitlerinin y\u00fcksek i\u00e7eri\u011fini, ayn\u0131 zamanda <strong>palmitik asit (%19,62)<\/strong> ve <strong>stearik asit (%3,45)<\/strong> gibi doymu\u015f fraksiyonlar\u0131n varl\u0131\u011f\u0131n\u0131 g\u00f6sterir. Bu d\u00fczenleme, ho\u015f, &#8220;besleyici&#8221; bir ya\u011f faz\u0131 olu\u015fturmay\u0131 destekler: linoleik asit tipik olarak lipid tabakas\u0131n\u0131n g\u00fc\u00e7lendirilmesi ve konforun iyile\u015ftirilmesi gereken cilt bak\u0131m\u0131 ile ili\u015fkilendirilirken, oleik fraksiyon esneklik ve iyi uygulama \u00f6zellikleri katar. <\/p>\n<p>Ayn\u0131 zamanda, hammadde <strong>y\u00fcksek tokoferol i\u00e7eri\u011fi<\/strong> ile \u00f6ne \u00e7\u0131kar: \u03b1-tokoferol 759 ppm ve \u03b3-tokoferol 413 ppm (s\u0131ras\u0131yla &gt;500 ppm ve &gt;100 ppm gereksinimleriyle). Tokoferoller form\u00fclasyonlarda ikili bir rol oynar: bir yandan lipidleri oksidasyondan korumay\u0131 destekleyen do\u011fal antioksidanlar olarak i\u015flev g\u00f6r\u00fcrken, di\u011fer yandan &#8220;antioksidan bak\u0131m&#8221; \u00fcr\u00fcnleri konseptine iyi uyan bir bak\u0131m bile\u015feni olu\u015ftururlar. <\/p>\n<p>Teknolojik uygulamada, amarant ya\u011f\u0131 genellikle <strong>cildin yumu\u015fakl\u0131\u011f\u0131n\u0131 ve esnekli\u011fini iyile\u015ftirmek<\/strong>, &#8220;lipid nemlendiricili\u011fi&#8221; hissini g\u00fc\u00e7lendirmek ve kuru veya ge\u00e7ici olarak tahri\u015f olmu\u015f cildin konforunu art\u0131rmak i\u00e7in tasarlanm\u0131\u015f form\u00fclasyonlarda se\u00e7ilir.<\/p>\n<h2>Amarant \u00f6z\u00fct\u00fcn\u00fcn kullan\u0131m\u0131<\/h2>\n<p>Ya\u011fl\u0131 formu ve suda \u00e7\u00f6z\u00fcnmezli\u011fi nedeniyle, amarant \u00f6z\u00fct\u00fc geni\u015f bir \u00fcr\u00fcn yelpazesinde ya\u011f faz\u0131n\u0131n bir bile\u015feni olarak iyi performans g\u00f6sterir. O\/W ve W\/O tipi kremler ve em\u00fclsiyonlar, v\u00fccut losyonlar\u0131, bak\u0131m ya\u011flar\u0131 ve ya\u011fl\u0131 serumlar ile cildin konforunu iyile\u015ftirmek ve kuruluk hissini azaltmak i\u00e7in tasarlanm\u0131\u015f koruyucu form\u00fclasyonlarda do\u011fal bir katk\u0131 maddesidir. Tek bir fraksiyonda skualen, doymam\u0131\u015f ya\u011f asitleri ve tokoferolleri birle\u015ftirdi\u011fi i\u00e7in &#8220;premium lipid bak\u0131m\u0131&#8221; kozmetiklerine iyi uyum sa\u011flar.  <\/p>\n<p>Y\u00fcz form\u00fclasyonlar\u0131nda yumu\u015fakl\u0131k ve p\u00fcr\u00fczs\u00fczl\u00fck hissi olu\u015fturan ya\u011f faz\u0131n\u0131n bir unsuru olabilirken, v\u00fccut \u00fcr\u00fcnlerinde beslenme etkisini destekleyebilir ve cildin esnekli\u011fini iyile\u015ftirebilir. Ya\u011f asidi profili nedeniyle, bu hammadde ayn\u0131 zamanda epidermisin lipid tabakas\u0131n\u0131n g\u00fc\u00e7lendirilmesinin ama\u00e7land\u0131\u011f\u0131 bak\u0131mda da ilgi \u00e7ekici olabilir (\u00f6rne\u011fin, kurumu\u015f veya yenilenmeye ihtiya\u00e7 duyan cilt i\u00e7in). <\/p>\n<p>&nbsp;<\/p>\n<p>\u00dcr\u00fcn\u00fcn ta\u015f\u0131y\u0131c\u0131s\u0131 yoktur ve %0,5 do\u011fal biberiye antioksidan\u0131 (E392) ilavesiyle stabilize edilmi\u015ftir. Bu, \u00f6zellikle &#8220;temiz etiket&#8221; ve do\u011fal antioksidan sistemlerine dayal\u0131 form\u00fcller tasarlayan ki\u015filer i\u00e7in \u00f6nemlidir. <\/p>\n","protected":false},"excerpt":{"rendered":"<p><strong>Amarant tohumu \u00f6z\u00fct\u00fc<\/strong> (Amaranthus caudatus), kuru tohumlardan s\u00fcperkritik ekstraksiyon (SFE) y\u00f6ntemiyle elde edilen alt\u0131n sar\u0131s\u0131 bir bitkisel ya\u011fd\u0131r.<\/p>\n","protected":false},"featured_media":45051,"template":"","meta":{"_acf_changed":false},"product_brand":[],"product_cat":[9531],"product_tag":[],"class_list":{"0":"post-45050","1":"product","2":"type-product","3":"status-publish","4":"has-post-thumbnail","6":"product_cat-bitkisel-ekstraktlar","7":"pa_czesc-rosliny-tohumlar","9":"first","10":"instock","11":"shipping-taxable","12":"product-type-simple"},"acf":[],"yoast_head":"<!-- This site is optimized with the Yoast SEO plugin v27.4 - https:\/\/yoast.com\/product\/yoast-seo-wordpress\/ -->\n<title>Amarant tohumu \u00f6z\u00fct\u00fc - Hurtowy Dystrybutor<\/title>\n<meta name=\"description\" content=\"Skualen ve tokoferoller bak\u0131m\u0131ndan zengin amarant ya\u011f\u0131. Cildin esnekli\u011fini ve konforunu destekleyen kozmetik form\u00fclasyonlar i\u00e7in alt\u0131n sar\u0131s\u0131 ya\u011f.\" \/>\n<meta name=\"robots\" content=\"index, follow, max-snippet:-1, max-image-preview:large, max-video-preview:-1\" \/>\n<link rel=\"canonical\" href=\"https:\/\/naturalpoland.com\/tr\/urunler\/bitkisel-ekstraktlar\/amarant-tohumu-ozutu\/\" \/>\n<meta property=\"og:locale\" content=\"tr_TR\" \/>\n<meta property=\"og:type\" content=\"article\" \/>\n<meta property=\"og:title\" content=\"Amarant tohumu \u00f6z\u00fct\u00fc - Hurtowy Dystrybutor\" \/>\n<meta property=\"og:description\" content=\"Skualen ve tokoferoller bak\u0131m\u0131ndan zengin amarant ya\u011f\u0131. Cildin esnekli\u011fini ve konforunu destekleyen kozmetik form\u00fclasyonlar i\u00e7in alt\u0131n sar\u0131s\u0131 ya\u011f.\" \/>\n<meta property=\"og:url\" content=\"https:\/\/naturalpoland.com\/tr\/urunler\/bitkisel-ekstraktlar\/amarant-tohumu-ozutu\/\" \/>\n<meta property=\"og:site_name\" content=\"NATURAL POLAND - Hurtowy Dystrybutor Surowc\u00f3w\" \/>\n<meta property=\"article:publisher\" content=\"https:\/\/www.facebook.com\/naturalpoland.b2b\" \/>\n<meta property=\"article:modified_time\" content=\"2026-01-15T12:23:17+00:00\" \/>\n<meta property=\"og:image\" content=\"https:\/\/naturalpoland.com\/wp-content\/uploads\/ekstrakt-z-nasion-amarantu.webp\" \/>\n\t<meta property=\"og:image:width\" content=\"1024\" \/>\n\t<meta property=\"og:image:height\" content=\"1024\" \/>\n\t<meta property=\"og:image:type\" content=\"image\/webp\" \/>\n<script type=\"application\/ld+json\" class=\"yoast-schema-graph\">{\"@context\":\"https:\\\/\\\/schema.org\",\"@graph\":[{\"@type\":\"WebPage\",\"@id\":\"https:\\\/\\\/naturalpoland.com\\\/tr\\\/urunler\\\/bitkisel-ekstraktlar\\\/amarant-tohumu-ozutu\\\/\",\"url\":\"https:\\\/\\\/naturalpoland.com\\\/tr\\\/urunler\\\/bitkisel-ekstraktlar\\\/amarant-tohumu-ozutu\\\/\",\"name\":\"Amarant tohumu \u00f6z\u00fct\u00fc - Hurtowy Dystrybutor\",\"isPartOf\":{\"@id\":\"https:\\\/\\\/naturalpoland.com\\\/tr\\\/#website\"},\"primaryImageOfPage\":{\"@id\":\"https:\\\/\\\/naturalpoland.com\\\/tr\\\/urunler\\\/bitkisel-ekstraktlar\\\/amarant-tohumu-ozutu\\\/#primaryimage\"},\"image\":{\"@id\":\"https:\\\/\\\/naturalpoland.com\\\/tr\\\/urunler\\\/bitkisel-ekstraktlar\\\/amarant-tohumu-ozutu\\\/#primaryimage\"},\"thumbnailUrl\":\"https:\\\/\\\/naturalpoland.com\\\/wp-content\\\/uploads\\\/ekstrakt-z-nasion-amarantu.webp\",\"datePublished\":\"2026-01-15T12:07:17+00:00\",\"dateModified\":\"2026-01-15T12:23:17+00:00\",\"description\":\"Skualen ve tokoferoller bak\u0131m\u0131ndan zengin amarant ya\u011f\u0131. Cildin esnekli\u011fini ve konforunu destekleyen kozmetik form\u00fclasyonlar i\u00e7in alt\u0131n sar\u0131s\u0131 ya\u011f.\",\"breadcrumb\":{\"@id\":\"https:\\\/\\\/naturalpoland.com\\\/tr\\\/urunler\\\/bitkisel-ekstraktlar\\\/amarant-tohumu-ozutu\\\/#breadcrumb\"},\"inLanguage\":\"tr\",\"potentialAction\":[{\"@type\":\"ReadAction\",\"target\":[\"https:\\\/\\\/naturalpoland.com\\\/tr\\\/urunler\\\/bitkisel-ekstraktlar\\\/amarant-tohumu-ozutu\\\/\"]}]},{\"@type\":\"ImageObject\",\"inLanguage\":\"tr\",\"@id\":\"https:\\\/\\\/naturalpoland.com\\\/tr\\\/urunler\\\/bitkisel-ekstraktlar\\\/amarant-tohumu-ozutu\\\/#primaryimage\",\"url\":\"https:\\\/\\\/naturalpoland.com\\\/wp-content\\\/uploads\\\/ekstrakt-z-nasion-amarantu.webp\",\"contentUrl\":\"https:\\\/\\\/naturalpoland.com\\\/wp-content\\\/uploads\\\/ekstrakt-z-nasion-amarantu.webp\",\"width\":1024,\"height\":1024,\"caption\":\"amarant tohumu \u00f6z\u00fct\u00fc\"},{\"@type\":\"BreadcrumbList\",\"@id\":\"https:\\\/\\\/naturalpoland.com\\\/tr\\\/urunler\\\/bitkisel-ekstraktlar\\\/amarant-tohumu-ozutu\\\/#breadcrumb\",\"itemListElement\":[{\"@type\":\"ListItem\",\"position\":1,\"name\":\"Ana Sayfa\",\"item\":\"https:\\\/\\\/naturalpoland.com\\\/tr\\\/\"},{\"@type\":\"ListItem\",\"position\":2,\"name\":\"\u00dcr\u00fcnler\",\"item\":\"https:\\\/\\\/naturalpoland.com\\\/tr\\\/urunler\\\/\"},{\"@type\":\"ListItem\",\"position\":3,\"name\":\"Amarant tohumu \u00f6z\u00fct\u00fc\"}]},{\"@type\":\"WebSite\",\"@id\":\"https:\\\/\\\/naturalpoland.com\\\/tr\\\/#website\",\"url\":\"https:\\\/\\\/naturalpoland.com\\\/tr\\\/\",\"name\":\"NATURAL POLAND - Hurtowy Dystrybutor Surowc\u00f3w\",\"description\":\"Surowce dla przemys\u0142u spo\u017cywczego, kosmetycznego i farmaceutycznego\",\"publisher\":{\"@id\":\"https:\\\/\\\/naturalpoland.com\\\/tr\\\/#organization\"},\"potentialAction\":[{\"@type\":\"SearchAction\",\"target\":{\"@type\":\"EntryPoint\",\"urlTemplate\":\"https:\\\/\\\/naturalpoland.com\\\/tr\\\/?s={search_term_string}\"},\"query-input\":{\"@type\":\"PropertyValueSpecification\",\"valueRequired\":true,\"valueName\":\"search_term_string\"}}],\"inLanguage\":\"tr\"},{\"@type\":\"Organization\",\"@id\":\"https:\\\/\\\/naturalpoland.com\\\/tr\\\/#organization\",\"name\":\"Natural Poland\",\"url\":\"https:\\\/\\\/naturalpoland.com\\\/tr\\\/\",\"logo\":{\"@type\":\"ImageObject\",\"inLanguage\":\"tr\",\"@id\":\"https:\\\/\\\/naturalpoland.com\\\/tr\\\/#\\\/schema\\\/logo\\\/image\\\/\",\"url\":\"https:\\\/\\\/naturalpoland.com\\\/wp-content\\\/uploads\\\/2021\\\/05\\\/natural-poland-icon.png\",\"contentUrl\":\"https:\\\/\\\/naturalpoland.com\\\/wp-content\\\/uploads\\\/2021\\\/05\\\/natural-poland-icon.png\",\"width\":512,\"height\":512,\"caption\":\"Natural Poland\"},\"image\":{\"@id\":\"https:\\\/\\\/naturalpoland.com\\\/tr\\\/#\\\/schema\\\/logo\\\/image\\\/\"},\"sameAs\":[\"https:\\\/\\\/www.facebook.com\\\/naturalpoland.b2b\",\"https:\\\/\\\/pl.linkedin.com\\\/company\\\/natural-poland\",\"https:\\\/\\\/www.youtube.com\\\/channel\\\/UCgeGGkvOMahZo-xu_MSEWxg\"]}]}<\/script>\n<!-- \/ Yoast SEO plugin. -->","yoast_head_json":{"title":"Amarant tohumu \u00f6z\u00fct\u00fc - Hurtowy Dystrybutor","description":"Skualen ve tokoferoller bak\u0131m\u0131ndan zengin amarant ya\u011f\u0131. Cildin esnekli\u011fini ve konforunu destekleyen kozmetik form\u00fclasyonlar i\u00e7in alt\u0131n sar\u0131s\u0131 ya\u011f.","robots":{"index":"index","follow":"follow","max-snippet":"max-snippet:-1","max-image-preview":"max-image-preview:large","max-video-preview":"max-video-preview:-1"},"canonical":"https:\/\/naturalpoland.com\/tr\/urunler\/bitkisel-ekstraktlar\/amarant-tohumu-ozutu\/","og_locale":"tr_TR","og_type":"article","og_title":"Amarant tohumu \u00f6z\u00fct\u00fc - Hurtowy Dystrybutor","og_description":"Skualen ve tokoferoller bak\u0131m\u0131ndan zengin amarant ya\u011f\u0131. Cildin esnekli\u011fini ve konforunu destekleyen kozmetik form\u00fclasyonlar i\u00e7in alt\u0131n sar\u0131s\u0131 ya\u011f.","og_url":"https:\/\/naturalpoland.com\/tr\/urunler\/bitkisel-ekstraktlar\/amarant-tohumu-ozutu\/","og_site_name":"NATURAL POLAND - Hurtowy Dystrybutor Surowc\u00f3w","article_publisher":"https:\/\/www.facebook.com\/naturalpoland.b2b","article_modified_time":"2026-01-15T12:23:17+00:00","og_image":[{"width":1024,"height":1024,"url":"https:\/\/naturalpoland.com\/wp-content\/uploads\/ekstrakt-z-nasion-amarantu.webp","type":"image\/webp"}],"schema":{"@context":"https:\/\/schema.org","@graph":[{"@type":"WebPage","@id":"https:\/\/naturalpoland.com\/tr\/urunler\/bitkisel-ekstraktlar\/amarant-tohumu-ozutu\/","url":"https:\/\/naturalpoland.com\/tr\/urunler\/bitkisel-ekstraktlar\/amarant-tohumu-ozutu\/","name":"Amarant tohumu \u00f6z\u00fct\u00fc - Hurtowy Dystrybutor","isPartOf":{"@id":"https:\/\/naturalpoland.com\/tr\/#website"},"primaryImageOfPage":{"@id":"https:\/\/naturalpoland.com\/tr\/urunler\/bitkisel-ekstraktlar\/amarant-tohumu-ozutu\/#primaryimage"},"image":{"@id":"https:\/\/naturalpoland.com\/tr\/urunler\/bitkisel-ekstraktlar\/amarant-tohumu-ozutu\/#primaryimage"},"thumbnailUrl":"https:\/\/naturalpoland.com\/wp-content\/uploads\/ekstrakt-z-nasion-amarantu.webp","datePublished":"2026-01-15T12:07:17+00:00","dateModified":"2026-01-15T12:23:17+00:00","description":"Skualen ve tokoferoller bak\u0131m\u0131ndan zengin amarant ya\u011f\u0131. Cildin esnekli\u011fini ve konforunu destekleyen kozmetik form\u00fclasyonlar i\u00e7in alt\u0131n sar\u0131s\u0131 ya\u011f.","breadcrumb":{"@id":"https:\/\/naturalpoland.com\/tr\/urunler\/bitkisel-ekstraktlar\/amarant-tohumu-ozutu\/#breadcrumb"},"inLanguage":"tr","potentialAction":[{"@type":"ReadAction","target":["https:\/\/naturalpoland.com\/tr\/urunler\/bitkisel-ekstraktlar\/amarant-tohumu-ozutu\/"]}]},{"@type":"ImageObject","inLanguage":"tr","@id":"https:\/\/naturalpoland.com\/tr\/urunler\/bitkisel-ekstraktlar\/amarant-tohumu-ozutu\/#primaryimage","url":"https:\/\/naturalpoland.com\/wp-content\/uploads\/ekstrakt-z-nasion-amarantu.webp","contentUrl":"https:\/\/naturalpoland.com\/wp-content\/uploads\/ekstrakt-z-nasion-amarantu.webp","width":1024,"height":1024,"caption":"amarant tohumu \u00f6z\u00fct\u00fc"},{"@type":"BreadcrumbList","@id":"https:\/\/naturalpoland.com\/tr\/urunler\/bitkisel-ekstraktlar\/amarant-tohumu-ozutu\/#breadcrumb","itemListElement":[{"@type":"ListItem","position":1,"name":"Ana Sayfa","item":"https:\/\/naturalpoland.com\/tr\/"},{"@type":"ListItem","position":2,"name":"\u00dcr\u00fcnler","item":"https:\/\/naturalpoland.com\/tr\/urunler\/"},{"@type":"ListItem","position":3,"name":"Amarant tohumu \u00f6z\u00fct\u00fc"}]},{"@type":"WebSite","@id":"https:\/\/naturalpoland.com\/tr\/#website","url":"https:\/\/naturalpoland.com\/tr\/","name":"NATURAL POLAND - Hurtowy Dystrybutor Surowc\u00f3w","description":"Surowce dla przemys\u0142u spo\u017cywczego, kosmetycznego i farmaceutycznego","publisher":{"@id":"https:\/\/naturalpoland.com\/tr\/#organization"},"potentialAction":[{"@type":"SearchAction","target":{"@type":"EntryPoint","urlTemplate":"https:\/\/naturalpoland.com\/tr\/?s={search_term_string}"},"query-input":{"@type":"PropertyValueSpecification","valueRequired":true,"valueName":"search_term_string"}}],"inLanguage":"tr"},{"@type":"Organization","@id":"https:\/\/naturalpoland.com\/tr\/#organization","name":"Natural Poland","url":"https:\/\/naturalpoland.com\/tr\/","logo":{"@type":"ImageObject","inLanguage":"tr","@id":"https:\/\/naturalpoland.com\/tr\/#\/schema\/logo\/image\/","url":"https:\/\/naturalpoland.com\/wp-content\/uploads\/2021\/05\/natural-poland-icon.png","contentUrl":"https:\/\/naturalpoland.com\/wp-content\/uploads\/2021\/05\/natural-poland-icon.png","width":512,"height":512,"caption":"Natural Poland"},"image":{"@id":"https:\/\/naturalpoland.com\/tr\/#\/schema\/logo\/image\/"},"sameAs":["https:\/\/www.facebook.com\/naturalpoland.b2b","https:\/\/pl.linkedin.com\/company\/natural-poland","https:\/\/www.youtube.com\/channel\/UCgeGGkvOMahZo-xu_MSEWxg"]}]}},"_links":{"self":[{"href":"https:\/\/naturalpoland.com\/tr\/wp-json\/wp\/v2\/product\/45050","targetHints":{"allow":["GET"]}}],"collection":[{"href":"https:\/\/naturalpoland.com\/tr\/wp-json\/wp\/v2\/product"}],"about":[{"href":"https:\/\/naturalpoland.com\/tr\/wp-json\/wp\/v2\/types\/product"}],"wp:featuredmedia":[{"embeddable":true,"href":"https:\/\/naturalpoland.com\/tr\/wp-json\/wp\/v2\/media\/45051"}],"wp:attachment":[{"href":"https:\/\/naturalpoland.com\/tr\/wp-json\/wp\/v2\/media?parent=45050"}],"wp:term":[{"taxonomy":"product_brand","embeddable":true,"href":"https:\/\/naturalpoland.com\/tr\/wp-json\/wp\/v2\/product_brand?post=45050"},{"taxonomy":"product_cat","embeddable":true,"href":"https:\/\/naturalpoland.com\/tr\/wp-json\/wp\/v2\/product_cat?post=45050"},{"taxonomy":"product_tag","embeddable":true,"href":"https:\/\/naturalpoland.com\/tr\/wp-json\/wp\/v2\/product_tag?post=45050"}],"curies":[{"name":"wp","href":"https:\/\/api.w.org\/{rel}","templated":true}]}}