{"id":45096,"date":"2026-01-19T12:05:02","date_gmt":"2026-01-19T11:05:02","guid":{"rendered":"https:\/\/naturalpoland.com\/produkty\/kategorilenmemis\/fungal-pepsin\/"},"modified":"2026-01-19T14:08:33","modified_gmt":"2026-01-19T13:08:33","slug":"fungal-pepsin","status":"publish","type":"product","link":"https:\/\/naturalpoland.com\/tr\/urunler\/gida-hammaddeleri\/enzimler\/fungal-pepsin\/","title":{"rendered":"Pepsin"},"content":{"rendered":"<h2>Pepsin \u00f6zellikleri<\/h2>\n<p>Pepsin, g\u0131da end\u00fcstrisinde teknolojik uygulamalar i\u00e7in tasarlanm\u0131\u015f y\u00fcksek aktiviteli proteolitik bir enzimdir. Ana i\u015flevi <strong>proteinlerin k\u0131sa peptitlere ve amino asitlere kontroll\u00fc par\u00e7alanmas\u0131d\u0131r<\/strong>. <\/p>\n<p>Pepsin, dozajlamas\u0131 kolay ve \u00e7e\u015fitli teknolojik sistemlere kolayca entegre edilebilen ince, a\u00e7\u0131k renkli bir toz formundad\u0131r. Hayvansal olmayan hammadde gerektiren uygulamalar i\u00e7in uygundur. <\/p>\n<h2>Fungal pepsinin kullan\u0131m alanlar\u0131<\/h2>\n<p>Pepsin, kontroll\u00fc protein hidrolizinin \u00f6nemli oldu\u011fu g\u0131da end\u00fcstrisi i\u015flemlerinde kullan\u0131l\u0131r. Teknolojik s\u00fcre\u00e7leri destekleyen bir enzim olarak kullan\u0131labilir ve <strong>son \u00fcr\u00fcnlerdeki proteinlerin yap\u0131s\u0131n\u0131, i\u015flevselli\u011fini ve sindirilebilirli\u011fini etkiler<\/strong>. <\/p>\n<p>Bu hammadde, hem teknolojik hem de pazar nedenleriyle mikrobiyolojik kaynakl\u0131 enzimlerin kullan\u0131m\u0131n\u0131n kritik oldu\u011fu form\u00fclasyonlarda ba\u015far\u0131l\u0131 olur. Hammadde kayna\u011f\u0131, s\u00fcre\u00e7 \u015feffafl\u0131\u011f\u0131 ve hayvansal i\u00e7eriklerin eliminasyonu konular\u0131n\u0131n \u00f6nemli oldu\u011fu pazarlara y\u00f6nelik g\u0131da \u00fcretiminde kullan\u0131l\u0131r. <\/p>\n","protected":false},"excerpt":{"rendered":"<p><strong>Fungal pepsin<\/strong> to enzym proteolityczny <span data-olk-copy-source=\"MessageBody\">mikrobiyal kaynakl\u0131<\/span> otrzymywany w procesie fermentacji z wykorzystaniem mikroorganizmu <em>Aspergillus niger<\/em>. Stanowi nowoczesn\u0105, mikrobiologiczn\u0105 alternatyw\u0119 dla klasycznej <strong><a href=\"https:\/\/naturalpoland.com\/tr\/urunler\/gida-hammaddeleri\/enzimler\/sut-endustrisi-enzimleri\/pepsin-ec-3-4-23-1\/\">pepsin<\/a><\/strong> pochodzenia zwierz\u0119cego. <\/p>\n","protected":false},"featured_media":45097,"template":"","meta":{"_acf_changed":false},"product_brand":[],"product_cat":[9568],"product_tag":[],"class_list":{"0":"post-45096","1":"product","2":"type-product","3":"status-publish","4":"has-post-thumbnail","6":"product_cat-enzimler","7":"pa_metoda-pozyskiwania-mikrobiyolojik-fermentasyon","9":"first","10":"instock","11":"shipping-taxable","12":"product-type-simple"},"acf":[],"yoast_head":"<!-- This site is optimized with the Yoast SEO plugin v27.4 - https:\/\/yoast.com\/product\/yoast-seo-wordpress\/ -->\n<title>Pepsin - Hurtowy Dystrybutor<\/title>\n<meta name=\"description\" content=\"Pepsin, Aspergillus niger&#039;den elde edilen proteolitik bir enzimdir. G\u0131da end\u00fcstrisinde hayvansal pepsine mikrobiyal alternatiftir.\" \/>\n<meta name=\"robots\" content=\"index, follow, max-snippet:-1, max-image-preview:large, max-video-preview:-1\" \/>\n<link rel=\"canonical\" href=\"https:\/\/naturalpoland.com\/tr\/urunler\/gida-hammaddeleri\/enzimler\/fungal-pepsin\/\" \/>\n<meta property=\"og:locale\" content=\"tr_TR\" \/>\n<meta property=\"og:type\" content=\"article\" \/>\n<meta property=\"og:title\" content=\"Pepsin - Hurtowy Dystrybutor\" \/>\n<meta property=\"og:description\" content=\"Pepsin, Aspergillus niger&#039;den elde edilen proteolitik bir enzimdir. G\u0131da end\u00fcstrisinde hayvansal pepsine mikrobiyal alternatiftir.\" \/>\n<meta property=\"og:url\" content=\"https:\/\/naturalpoland.com\/tr\/urunler\/gida-hammaddeleri\/enzimler\/fungal-pepsin\/\" \/>\n<meta property=\"og:site_name\" content=\"NATURAL POLAND - Hurtowy Dystrybutor Surowc\u00f3w\" \/>\n<meta property=\"article:publisher\" content=\"https:\/\/www.facebook.com\/naturalpoland.b2b\" \/>\n<meta property=\"article:modified_time\" content=\"2026-01-19T13:08:33+00:00\" \/>\n<meta property=\"og:image\" content=\"https:\/\/naturalpoland.com\/wp-content\/uploads\/pepsyna-fungalna.webp\" \/>\n\t<meta property=\"og:image:width\" content=\"1024\" \/>\n\t<meta property=\"og:image:height\" content=\"1024\" \/>\n\t<meta property=\"og:image:type\" content=\"image\/webp\" \/>\n<script type=\"application\/ld+json\" class=\"yoast-schema-graph\">{\"@context\":\"https:\\\/\\\/schema.org\",\"@graph\":[{\"@type\":\"WebPage\",\"@id\":\"https:\\\/\\\/naturalpoland.com\\\/tr\\\/urunler\\\/gida-hammaddeleri\\\/enzimler\\\/fungal-pepsin\\\/\",\"url\":\"https:\\\/\\\/naturalpoland.com\\\/tr\\\/urunler\\\/gida-hammaddeleri\\\/enzimler\\\/fungal-pepsin\\\/\",\"name\":\"Pepsin - Hurtowy Dystrybutor\",\"isPartOf\":{\"@id\":\"https:\\\/\\\/naturalpoland.com\\\/tr\\\/#website\"},\"primaryImageOfPage\":{\"@id\":\"https:\\\/\\\/naturalpoland.com\\\/tr\\\/urunler\\\/gida-hammaddeleri\\\/enzimler\\\/fungal-pepsin\\\/#primaryimage\"},\"image\":{\"@id\":\"https:\\\/\\\/naturalpoland.com\\\/tr\\\/urunler\\\/gida-hammaddeleri\\\/enzimler\\\/fungal-pepsin\\\/#primaryimage\"},\"thumbnailUrl\":\"https:\\\/\\\/naturalpoland.com\\\/wp-content\\\/uploads\\\/pepsyna-fungalna.webp\",\"datePublished\":\"2026-01-19T11:05:02+00:00\",\"dateModified\":\"2026-01-19T13:08:33+00:00\",\"description\":\"Pepsin, Aspergillus niger'den elde edilen proteolitik bir enzimdir. G\u0131da end\u00fcstrisinde hayvansal pepsine mikrobiyal alternatiftir.\",\"breadcrumb\":{\"@id\":\"https:\\\/\\\/naturalpoland.com\\\/tr\\\/urunler\\\/gida-hammaddeleri\\\/enzimler\\\/fungal-pepsin\\\/#breadcrumb\"},\"inLanguage\":\"tr\",\"potentialAction\":[{\"@type\":\"ReadAction\",\"target\":[\"https:\\\/\\\/naturalpoland.com\\\/tr\\\/urunler\\\/gida-hammaddeleri\\\/enzimler\\\/fungal-pepsin\\\/\"]}]},{\"@type\":\"ImageObject\",\"inLanguage\":\"tr\",\"@id\":\"https:\\\/\\\/naturalpoland.com\\\/tr\\\/urunler\\\/gida-hammaddeleri\\\/enzimler\\\/fungal-pepsin\\\/#primaryimage\",\"url\":\"https:\\\/\\\/naturalpoland.com\\\/wp-content\\\/uploads\\\/pepsyna-fungalna.webp\",\"contentUrl\":\"https:\\\/\\\/naturalpoland.com\\\/wp-content\\\/uploads\\\/pepsyna-fungalna.webp\",\"width\":1024,\"height\":1024,\"caption\":\"fungal pepsin\"},{\"@type\":\"BreadcrumbList\",\"@id\":\"https:\\\/\\\/naturalpoland.com\\\/tr\\\/urunler\\\/gida-hammaddeleri\\\/enzimler\\\/fungal-pepsin\\\/#breadcrumb\",\"itemListElement\":[{\"@type\":\"ListItem\",\"position\":1,\"name\":\"Ana Sayfa\",\"item\":\"https:\\\/\\\/naturalpoland.com\\\/tr\\\/\"},{\"@type\":\"ListItem\",\"position\":2,\"name\":\"\u00dcr\u00fcnler\",\"item\":\"https:\\\/\\\/naturalpoland.com\\\/tr\\\/urunler\\\/\"},{\"@type\":\"ListItem\",\"position\":3,\"name\":\"Pepsin\"}]},{\"@type\":\"WebSite\",\"@id\":\"https:\\\/\\\/naturalpoland.com\\\/tr\\\/#website\",\"url\":\"https:\\\/\\\/naturalpoland.com\\\/tr\\\/\",\"name\":\"NATURAL POLAND - Hurtowy Dystrybutor Surowc\u00f3w\",\"description\":\"Surowce dla przemys\u0142u spo\u017cywczego, kosmetycznego i farmaceutycznego\",\"publisher\":{\"@id\":\"https:\\\/\\\/naturalpoland.com\\\/tr\\\/#organization\"},\"potentialAction\":[{\"@type\":\"SearchAction\",\"target\":{\"@type\":\"EntryPoint\",\"urlTemplate\":\"https:\\\/\\\/naturalpoland.com\\\/tr\\\/?s={search_term_string}\"},\"query-input\":{\"@type\":\"PropertyValueSpecification\",\"valueRequired\":true,\"valueName\":\"search_term_string\"}}],\"inLanguage\":\"tr\"},{\"@type\":\"Organization\",\"@id\":\"https:\\\/\\\/naturalpoland.com\\\/tr\\\/#organization\",\"name\":\"Natural Poland\",\"url\":\"https:\\\/\\\/naturalpoland.com\\\/tr\\\/\",\"logo\":{\"@type\":\"ImageObject\",\"inLanguage\":\"tr\",\"@id\":\"https:\\\/\\\/naturalpoland.com\\\/tr\\\/#\\\/schema\\\/logo\\\/image\\\/\",\"url\":\"https:\\\/\\\/naturalpoland.com\\\/wp-content\\\/uploads\\\/2021\\\/05\\\/natural-poland-icon.png\",\"contentUrl\":\"https:\\\/\\\/naturalpoland.com\\\/wp-content\\\/uploads\\\/2021\\\/05\\\/natural-poland-icon.png\",\"width\":512,\"height\":512,\"caption\":\"Natural Poland\"},\"image\":{\"@id\":\"https:\\\/\\\/naturalpoland.com\\\/tr\\\/#\\\/schema\\\/logo\\\/image\\\/\"},\"sameAs\":[\"https:\\\/\\\/www.facebook.com\\\/naturalpoland.b2b\",\"https:\\\/\\\/pl.linkedin.com\\\/company\\\/natural-poland\",\"https:\\\/\\\/www.youtube.com\\\/channel\\\/UCgeGGkvOMahZo-xu_MSEWxg\"]}]}<\/script>\n<!-- \/ Yoast SEO plugin. -->","yoast_head_json":{"title":"Pepsin - Hurtowy Dystrybutor","description":"Pepsin, Aspergillus niger'den elde edilen proteolitik bir enzimdir. G\u0131da end\u00fcstrisinde hayvansal pepsine mikrobiyal alternatiftir.","robots":{"index":"index","follow":"follow","max-snippet":"max-snippet:-1","max-image-preview":"max-image-preview:large","max-video-preview":"max-video-preview:-1"},"canonical":"https:\/\/naturalpoland.com\/tr\/urunler\/gida-hammaddeleri\/enzimler\/fungal-pepsin\/","og_locale":"tr_TR","og_type":"article","og_title":"Pepsin - Hurtowy Dystrybutor","og_description":"Pepsin, Aspergillus niger'den elde edilen proteolitik bir enzimdir. G\u0131da end\u00fcstrisinde hayvansal pepsine mikrobiyal alternatiftir.","og_url":"https:\/\/naturalpoland.com\/tr\/urunler\/gida-hammaddeleri\/enzimler\/fungal-pepsin\/","og_site_name":"NATURAL POLAND - Hurtowy Dystrybutor Surowc\u00f3w","article_publisher":"https:\/\/www.facebook.com\/naturalpoland.b2b","article_modified_time":"2026-01-19T13:08:33+00:00","og_image":[{"width":1024,"height":1024,"url":"https:\/\/naturalpoland.com\/wp-content\/uploads\/pepsyna-fungalna.webp","type":"image\/webp"}],"schema":{"@context":"https:\/\/schema.org","@graph":[{"@type":"WebPage","@id":"https:\/\/naturalpoland.com\/tr\/urunler\/gida-hammaddeleri\/enzimler\/fungal-pepsin\/","url":"https:\/\/naturalpoland.com\/tr\/urunler\/gida-hammaddeleri\/enzimler\/fungal-pepsin\/","name":"Pepsin - Hurtowy Dystrybutor","isPartOf":{"@id":"https:\/\/naturalpoland.com\/tr\/#website"},"primaryImageOfPage":{"@id":"https:\/\/naturalpoland.com\/tr\/urunler\/gida-hammaddeleri\/enzimler\/fungal-pepsin\/#primaryimage"},"image":{"@id":"https:\/\/naturalpoland.com\/tr\/urunler\/gida-hammaddeleri\/enzimler\/fungal-pepsin\/#primaryimage"},"thumbnailUrl":"https:\/\/naturalpoland.com\/wp-content\/uploads\/pepsyna-fungalna.webp","datePublished":"2026-01-19T11:05:02+00:00","dateModified":"2026-01-19T13:08:33+00:00","description":"Pepsin, Aspergillus niger'den elde edilen proteolitik bir enzimdir. G\u0131da end\u00fcstrisinde hayvansal pepsine mikrobiyal alternatiftir.","breadcrumb":{"@id":"https:\/\/naturalpoland.com\/tr\/urunler\/gida-hammaddeleri\/enzimler\/fungal-pepsin\/#breadcrumb"},"inLanguage":"tr","potentialAction":[{"@type":"ReadAction","target":["https:\/\/naturalpoland.com\/tr\/urunler\/gida-hammaddeleri\/enzimler\/fungal-pepsin\/"]}]},{"@type":"ImageObject","inLanguage":"tr","@id":"https:\/\/naturalpoland.com\/tr\/urunler\/gida-hammaddeleri\/enzimler\/fungal-pepsin\/#primaryimage","url":"https:\/\/naturalpoland.com\/wp-content\/uploads\/pepsyna-fungalna.webp","contentUrl":"https:\/\/naturalpoland.com\/wp-content\/uploads\/pepsyna-fungalna.webp","width":1024,"height":1024,"caption":"fungal pepsin"},{"@type":"BreadcrumbList","@id":"https:\/\/naturalpoland.com\/tr\/urunler\/gida-hammaddeleri\/enzimler\/fungal-pepsin\/#breadcrumb","itemListElement":[{"@type":"ListItem","position":1,"name":"Ana Sayfa","item":"https:\/\/naturalpoland.com\/tr\/"},{"@type":"ListItem","position":2,"name":"\u00dcr\u00fcnler","item":"https:\/\/naturalpoland.com\/tr\/urunler\/"},{"@type":"ListItem","position":3,"name":"Pepsin"}]},{"@type":"WebSite","@id":"https:\/\/naturalpoland.com\/tr\/#website","url":"https:\/\/naturalpoland.com\/tr\/","name":"NATURAL POLAND - Hurtowy Dystrybutor Surowc\u00f3w","description":"Surowce dla przemys\u0142u spo\u017cywczego, kosmetycznego i farmaceutycznego","publisher":{"@id":"https:\/\/naturalpoland.com\/tr\/#organization"},"potentialAction":[{"@type":"SearchAction","target":{"@type":"EntryPoint","urlTemplate":"https:\/\/naturalpoland.com\/tr\/?s={search_term_string}"},"query-input":{"@type":"PropertyValueSpecification","valueRequired":true,"valueName":"search_term_string"}}],"inLanguage":"tr"},{"@type":"Organization","@id":"https:\/\/naturalpoland.com\/tr\/#organization","name":"Natural Poland","url":"https:\/\/naturalpoland.com\/tr\/","logo":{"@type":"ImageObject","inLanguage":"tr","@id":"https:\/\/naturalpoland.com\/tr\/#\/schema\/logo\/image\/","url":"https:\/\/naturalpoland.com\/wp-content\/uploads\/2021\/05\/natural-poland-icon.png","contentUrl":"https:\/\/naturalpoland.com\/wp-content\/uploads\/2021\/05\/natural-poland-icon.png","width":512,"height":512,"caption":"Natural Poland"},"image":{"@id":"https:\/\/naturalpoland.com\/tr\/#\/schema\/logo\/image\/"},"sameAs":["https:\/\/www.facebook.com\/naturalpoland.b2b","https:\/\/pl.linkedin.com\/company\/natural-poland","https:\/\/www.youtube.com\/channel\/UCgeGGkvOMahZo-xu_MSEWxg"]}]}},"_links":{"self":[{"href":"https:\/\/naturalpoland.com\/tr\/wp-json\/wp\/v2\/product\/45096","targetHints":{"allow":["GET"]}}],"collection":[{"href":"https:\/\/naturalpoland.com\/tr\/wp-json\/wp\/v2\/product"}],"about":[{"href":"https:\/\/naturalpoland.com\/tr\/wp-json\/wp\/v2\/types\/product"}],"wp:featuredmedia":[{"embeddable":true,"href":"https:\/\/naturalpoland.com\/tr\/wp-json\/wp\/v2\/media\/45097"}],"wp:attachment":[{"href":"https:\/\/naturalpoland.com\/tr\/wp-json\/wp\/v2\/media?parent=45096"}],"wp:term":[{"taxonomy":"product_brand","embeddable":true,"href":"https:\/\/naturalpoland.com\/tr\/wp-json\/wp\/v2\/product_brand?post=45096"},{"taxonomy":"product_cat","embeddable":true,"href":"https:\/\/naturalpoland.com\/tr\/wp-json\/wp\/v2\/product_cat?post=45096"},{"taxonomy":"product_tag","embeddable":true,"href":"https:\/\/naturalpoland.com\/tr\/wp-json\/wp\/v2\/product_tag?post=45096"}],"curies":[{"name":"wp","href":"https:\/\/api.w.org\/{rel}","templated":true}]}}