{"id":45124,"date":"2026-01-16T16:12:56","date_gmt":"2026-01-16T15:12:56","guid":{"rendered":"https:\/\/naturalpoland.com\/produkty\/kategorilenmemis\/kabalak-koku-ozutu\/"},"modified":"2026-01-19T12:28:25","modified_gmt":"2026-01-19T11:28:25","slug":"kabalak-koku-ozutu","status":"publish","type":"product","link":"https:\/\/naturalpoland.com\/tr\/urunler\/bitkisel-ekstraktlar\/kabalak-koku-ozutu\/","title":{"rendered":"Kabalak k\u00f6k\u00fc \u00f6z\u00fct\u00fc"},"content":{"rendered":"<h2>Kabalak k\u00f6k\u00fc \u00f6z\u00fct\u00fcn\u00fcn etkileri:<\/h2>\n<p>Kabalak k\u00f6k\u00fc (butterbur) \u00f6z\u00fct\u00fc, do\u011fal fitokimyasal bile\u015fikler i\u00e7erir, \u00f6zellikle <strong>petazinler, izopetazinler ve t\u00fcrevleri<\/strong> olarak bilinen seskiterpen esterler, hammaddenin ana biyoaktif bile\u015fenleri olarak kabul edilir ve fizyolojik \u00f6zelliklerini etkiler: <\/p>\n<p><strong>Antienflamatuar \u00f6zellikler<\/strong><\/p>\n<p>Kabalak k\u00f6k\u00fc \u00f6z\u00fct\u00fcn\u00fcn bile\u015fenleri, ara\u015ft\u0131rmalarda l\u00f6kotrien ve prostaglandin gibi enflamatuar mediyat\u00f6rlerin biyosentezinde rol alan enzimleri etkileyerek enflamatuar s\u00fcre\u00e7leri mod\u00fcle edici potansiyel aktiviteye sahip maddeler olarak tan\u0131mlanmaktad\u0131r. Bu mekanizma, hammaddenin fizyolojik modellerdeki etkisinin \u00f6nerilen a\u00e7\u0131klamalar\u0131ndan biridir.  <\/p>\n<p><strong>Spazmolitik ve gev\u015fetici aktivite<\/strong><\/p>\n<p>In vitro \u00e7al\u0131\u015fmalar ve geleneksel referanslar, kabalak k\u00f6k\u00fc ve yaprak \u00f6z\u00fctlerinin, petazinlerin varl\u0131\u011f\u0131 ve h\u00fccresel fonksiyonlar \u00fczerindeki etkisiyle ili\u015fkili olarak solunum ve sindirim sisteminin d\u00fcz kaslar\u0131 \u00fczerinde gev\u015fetici ve spazmolitik etki g\u00f6sterebilece\u011fini belirtmektedir.<\/p>\n<p><strong>Potansiyel alerji semptomlar\u0131n\u0131 hafifletici etkiler<\/strong><\/p>\n<p>Baz\u0131 standardize kabalak yapra\u011f\u0131 \u00f6z\u00fctleri, alerjik rinit (mevsimsel alerjiler) semptomlar\u0131n\u0131 hafifletme a\u00e7\u0131s\u0131ndan klinik olarak de\u011ferlendirilmi\u015f ve kontroll\u00fc \u00e7al\u0131\u015fmalarda baz\u0131 semptomlar\u0131n azalt\u0131lmas\u0131nda antihistaminiklere benzer etkinlik g\u00f6stermi\u015ftir.<\/p>\n<h2>Kullan\u0131m alanlar\u0131<\/h2>\n<p>Bilimsel literat\u00fcrde ve bitkisel t\u0131pta kabalak k\u00f6k\u00fc \u00f6z\u00fct\u00fc \u015fu ba\u011flamlarda kullan\u0131lm\u0131\u015f veya incelenmi\u015ftir:<\/p>\n<ol>\n<li><strong>A\u011fr\u0131 kesici ve gerilim giderici preparatlar<\/strong> &#8211; kabalak k\u00f6k\u00fc \u00f6z\u00fct\u00fc, petazinlerin kalsiyum kanallar\u0131 ve enflamasyon mediyat\u00f6rleri \u00fczerindeki aktivitesiyle ili\u015fkilendirilerek migren veya gerilim tipi ba\u015f a\u011fr\u0131s\u0131 epizodlar\u0131n\u0131n s\u0131kl\u0131\u011f\u0131n\u0131 azaltma a\u00e7\u0131s\u0131ndan incelenmi\u015ftir.<\/li>\n<li><strong>Alerjik reaksiyonlar\u0131 \/ mevsimsel alerjileri destekleyici \u00fcr\u00fcnler<\/strong> &#8211; standardize yaprak \u00f6z\u00fctleri, bir\u00e7ok antihistamini\u011fe \u00f6zg\u00fc sedasyon olmaks\u0131z\u0131n burun t\u0131kan\u0131kl\u0131\u011f\u0131 ve hap\u015f\u0131rma gibi alerjik rinit semptomlar\u0131n\u0131 hafifletme a\u00e7\u0131s\u0131ndan incelenmi\u015ftir.<\/li>\n<li><strong>Solunum sistemi ve tahri\u015f gidermeye y\u00f6nelik form\u00fcller<\/strong> &#8211; geleneksel bitkisel bilgi, kabala\u011f\u0131n ast\u0131m ve inat\u00e7\u0131 \u00f6ks\u00fcr\u00fck gibi solunum yolu rahats\u0131zl\u0131klar\u0131nda kullan\u0131m\u0131n\u0131 tan\u0131mlar; modern bilimsel kaynaklar, klinik veriler s\u0131n\u0131rl\u0131 olsa da, \u00f6z\u00fctlerin solunum sistemiyle ilgili modellerdeki etkinli\u011fi ba\u011flam\u0131nda bu bitkiye olan ilgiyi do\u011frulamaktad\u0131r.<\/li>\n<li><strong>Potansiyel sindirim sistemi fonksiyonu deste\u011fi<\/strong> &#8211; hammaddenin geleneksel kullan\u0131m\u0131nda, ba\u011f\u0131rsak ve sindirim sistemi motilitesinin d\u00fczenlenmesi \u00fczerindeki etkisi, gev\u015fetici ve safra s\u00f6kt\u00fcr\u00fcc\u00fc etki de dahil olmak \u00fczere belirtilmektedir; bu, sindirim sistemi i\u00e7in bitkisel preparatlar ba\u011flam\u0131nda de\u011ferlendirilebilir (son \u00fcr\u00fcn formuna ba\u011fl\u0131 olarak).<\/li>\n<\/ol>\n<p>&nbsp;<\/p>\n","protected":false},"excerpt":{"rendered":"<p><strong>Kabalak k\u00f6k\u00fc \u00f6z\u00fct\u00fc<\/strong>, <em>Petasites hybridus<\/em> k\u00f6k\u00fcnden su y\u00f6ntemiyle elde edilen ve ard\u0131ndan stabil toz formuna kurutulan bitkisel bir hammaddedir.<\/p>\n","protected":false},"featured_media":45125,"template":"","meta":{"_acf_changed":false},"product_brand":[],"product_cat":[9531],"product_tag":[],"class_list":{"0":"post-45124","1":"product","2":"type-product","3":"status-publish","4":"has-post-thumbnail","6":"product_cat-bitkisel-ekstraktlar","7":"pa_czesc-rosliny-kok","9":"first","10":"instock","11":"shipping-taxable","12":"product-type-simple"},"acf":[],"yoast_head":"<!-- This site is optimized with the Yoast SEO plugin v27.4 - https:\/\/yoast.com\/product\/yoast-seo-wordpress\/ -->\n<title>Kabalak k\u00f6k\u00fc \u00f6z\u00fct\u00fc - Hurtowy Dystrybutor<\/title>\n<meta name=\"description\" content=\"Kabalak k\u00f6k\u00fc \u00f6z\u00fct\u00fc (Petasites hybridus) - k\u00f6k k\u0131sm\u0131ndan standardize edilmi\u015f toz formunda \u00f6z\u00fct.\" \/>\n<meta name=\"robots\" content=\"index, follow, max-snippet:-1, max-image-preview:large, max-video-preview:-1\" \/>\n<link rel=\"canonical\" href=\"https:\/\/naturalpoland.com\/tr\/urunler\/bitkisel-ekstraktlar\/kabalak-koku-ozutu\/\" \/>\n<meta property=\"og:locale\" content=\"tr_TR\" \/>\n<meta property=\"og:type\" content=\"article\" \/>\n<meta property=\"og:title\" content=\"Kabalak k\u00f6k\u00fc \u00f6z\u00fct\u00fc - Hurtowy Dystrybutor\" \/>\n<meta property=\"og:description\" content=\"Kabalak k\u00f6k\u00fc \u00f6z\u00fct\u00fc (Petasites hybridus) - k\u00f6k k\u0131sm\u0131ndan standardize edilmi\u015f toz formunda \u00f6z\u00fct.\" \/>\n<meta property=\"og:url\" content=\"https:\/\/naturalpoland.com\/tr\/urunler\/bitkisel-ekstraktlar\/kabalak-koku-ozutu\/\" \/>\n<meta property=\"og:site_name\" content=\"NATURAL POLAND - Hurtowy Dystrybutor Surowc\u00f3w\" \/>\n<meta property=\"article:publisher\" content=\"https:\/\/www.facebook.com\/naturalpoland.b2b\" \/>\n<meta property=\"article:modified_time\" content=\"2026-01-19T11:28:25+00:00\" \/>\n<meta property=\"og:image\" content=\"https:\/\/naturalpoland.com\/wp-content\/uploads\/ekstrakt-z-lepieznika.webp\" \/>\n\t<meta property=\"og:image:width\" content=\"1024\" \/>\n\t<meta property=\"og:image:height\" content=\"1024\" \/>\n\t<meta property=\"og:image:type\" content=\"image\/webp\" \/>\n<script type=\"application\/ld+json\" class=\"yoast-schema-graph\">{\"@context\":\"https:\\\/\\\/schema.org\",\"@graph\":[{\"@type\":\"WebPage\",\"@id\":\"https:\\\/\\\/naturalpoland.com\\\/tr\\\/urunler\\\/bitkisel-ekstraktlar\\\/kabalak-koku-ozutu\\\/\",\"url\":\"https:\\\/\\\/naturalpoland.com\\\/tr\\\/urunler\\\/bitkisel-ekstraktlar\\\/kabalak-koku-ozutu\\\/\",\"name\":\"Kabalak k\u00f6k\u00fc \u00f6z\u00fct\u00fc - Hurtowy Dystrybutor\",\"isPartOf\":{\"@id\":\"https:\\\/\\\/naturalpoland.com\\\/tr\\\/#website\"},\"primaryImageOfPage\":{\"@id\":\"https:\\\/\\\/naturalpoland.com\\\/tr\\\/urunler\\\/bitkisel-ekstraktlar\\\/kabalak-koku-ozutu\\\/#primaryimage\"},\"image\":{\"@id\":\"https:\\\/\\\/naturalpoland.com\\\/tr\\\/urunler\\\/bitkisel-ekstraktlar\\\/kabalak-koku-ozutu\\\/#primaryimage\"},\"thumbnailUrl\":\"https:\\\/\\\/naturalpoland.com\\\/wp-content\\\/uploads\\\/ekstrakt-z-lepieznika.webp\",\"datePublished\":\"2026-01-16T15:12:56+00:00\",\"dateModified\":\"2026-01-19T11:28:25+00:00\",\"description\":\"Kabalak k\u00f6k\u00fc \u00f6z\u00fct\u00fc (Petasites hybridus) - k\u00f6k k\u0131sm\u0131ndan standardize edilmi\u015f toz formunda \u00f6z\u00fct.\",\"breadcrumb\":{\"@id\":\"https:\\\/\\\/naturalpoland.com\\\/tr\\\/urunler\\\/bitkisel-ekstraktlar\\\/kabalak-koku-ozutu\\\/#breadcrumb\"},\"inLanguage\":\"tr\",\"potentialAction\":[{\"@type\":\"ReadAction\",\"target\":[\"https:\\\/\\\/naturalpoland.com\\\/tr\\\/urunler\\\/bitkisel-ekstraktlar\\\/kabalak-koku-ozutu\\\/\"]}]},{\"@type\":\"ImageObject\",\"inLanguage\":\"tr\",\"@id\":\"https:\\\/\\\/naturalpoland.com\\\/tr\\\/urunler\\\/bitkisel-ekstraktlar\\\/kabalak-koku-ozutu\\\/#primaryimage\",\"url\":\"https:\\\/\\\/naturalpoland.com\\\/wp-content\\\/uploads\\\/ekstrakt-z-lepieznika.webp\",\"contentUrl\":\"https:\\\/\\\/naturalpoland.com\\\/wp-content\\\/uploads\\\/ekstrakt-z-lepieznika.webp\",\"width\":1024,\"height\":1024,\"caption\":\"Kabalak k\u00f6k\u00fc \u00f6z\u00fct\u00fc\"},{\"@type\":\"BreadcrumbList\",\"@id\":\"https:\\\/\\\/naturalpoland.com\\\/tr\\\/urunler\\\/bitkisel-ekstraktlar\\\/kabalak-koku-ozutu\\\/#breadcrumb\",\"itemListElement\":[{\"@type\":\"ListItem\",\"position\":1,\"name\":\"Ana Sayfa\",\"item\":\"https:\\\/\\\/naturalpoland.com\\\/tr\\\/\"},{\"@type\":\"ListItem\",\"position\":2,\"name\":\"\u00dcr\u00fcnler\",\"item\":\"https:\\\/\\\/naturalpoland.com\\\/tr\\\/urunler\\\/\"},{\"@type\":\"ListItem\",\"position\":3,\"name\":\"Kabalak k\u00f6k\u00fc \u00f6z\u00fct\u00fc\"}]},{\"@type\":\"WebSite\",\"@id\":\"https:\\\/\\\/naturalpoland.com\\\/tr\\\/#website\",\"url\":\"https:\\\/\\\/naturalpoland.com\\\/tr\\\/\",\"name\":\"NATURAL POLAND - Hurtowy Dystrybutor Surowc\u00f3w\",\"description\":\"Surowce dla przemys\u0142u spo\u017cywczego, kosmetycznego i farmaceutycznego\",\"publisher\":{\"@id\":\"https:\\\/\\\/naturalpoland.com\\\/tr\\\/#organization\"},\"potentialAction\":[{\"@type\":\"SearchAction\",\"target\":{\"@type\":\"EntryPoint\",\"urlTemplate\":\"https:\\\/\\\/naturalpoland.com\\\/tr\\\/?s={search_term_string}\"},\"query-input\":{\"@type\":\"PropertyValueSpecification\",\"valueRequired\":true,\"valueName\":\"search_term_string\"}}],\"inLanguage\":\"tr\"},{\"@type\":\"Organization\",\"@id\":\"https:\\\/\\\/naturalpoland.com\\\/tr\\\/#organization\",\"name\":\"Natural Poland\",\"url\":\"https:\\\/\\\/naturalpoland.com\\\/tr\\\/\",\"logo\":{\"@type\":\"ImageObject\",\"inLanguage\":\"tr\",\"@id\":\"https:\\\/\\\/naturalpoland.com\\\/tr\\\/#\\\/schema\\\/logo\\\/image\\\/\",\"url\":\"https:\\\/\\\/naturalpoland.com\\\/wp-content\\\/uploads\\\/2021\\\/05\\\/natural-poland-icon.png\",\"contentUrl\":\"https:\\\/\\\/naturalpoland.com\\\/wp-content\\\/uploads\\\/2021\\\/05\\\/natural-poland-icon.png\",\"width\":512,\"height\":512,\"caption\":\"Natural Poland\"},\"image\":{\"@id\":\"https:\\\/\\\/naturalpoland.com\\\/tr\\\/#\\\/schema\\\/logo\\\/image\\\/\"},\"sameAs\":[\"https:\\\/\\\/www.facebook.com\\\/naturalpoland.b2b\",\"https:\\\/\\\/pl.linkedin.com\\\/company\\\/natural-poland\",\"https:\\\/\\\/www.youtube.com\\\/channel\\\/UCgeGGkvOMahZo-xu_MSEWxg\"]}]}<\/script>\n<!-- \/ Yoast SEO plugin. -->","yoast_head_json":{"title":"Kabalak k\u00f6k\u00fc \u00f6z\u00fct\u00fc - Hurtowy Dystrybutor","description":"Kabalak k\u00f6k\u00fc \u00f6z\u00fct\u00fc (Petasites hybridus) - k\u00f6k k\u0131sm\u0131ndan standardize edilmi\u015f toz formunda \u00f6z\u00fct.","robots":{"index":"index","follow":"follow","max-snippet":"max-snippet:-1","max-image-preview":"max-image-preview:large","max-video-preview":"max-video-preview:-1"},"canonical":"https:\/\/naturalpoland.com\/tr\/urunler\/bitkisel-ekstraktlar\/kabalak-koku-ozutu\/","og_locale":"tr_TR","og_type":"article","og_title":"Kabalak k\u00f6k\u00fc \u00f6z\u00fct\u00fc - Hurtowy Dystrybutor","og_description":"Kabalak k\u00f6k\u00fc \u00f6z\u00fct\u00fc (Petasites hybridus) - k\u00f6k k\u0131sm\u0131ndan standardize edilmi\u015f toz formunda \u00f6z\u00fct.","og_url":"https:\/\/naturalpoland.com\/tr\/urunler\/bitkisel-ekstraktlar\/kabalak-koku-ozutu\/","og_site_name":"NATURAL POLAND - Hurtowy Dystrybutor Surowc\u00f3w","article_publisher":"https:\/\/www.facebook.com\/naturalpoland.b2b","article_modified_time":"2026-01-19T11:28:25+00:00","og_image":[{"width":1024,"height":1024,"url":"https:\/\/naturalpoland.com\/wp-content\/uploads\/ekstrakt-z-lepieznika.webp","type":"image\/webp"}],"schema":{"@context":"https:\/\/schema.org","@graph":[{"@type":"WebPage","@id":"https:\/\/naturalpoland.com\/tr\/urunler\/bitkisel-ekstraktlar\/kabalak-koku-ozutu\/","url":"https:\/\/naturalpoland.com\/tr\/urunler\/bitkisel-ekstraktlar\/kabalak-koku-ozutu\/","name":"Kabalak k\u00f6k\u00fc \u00f6z\u00fct\u00fc - Hurtowy Dystrybutor","isPartOf":{"@id":"https:\/\/naturalpoland.com\/tr\/#website"},"primaryImageOfPage":{"@id":"https:\/\/naturalpoland.com\/tr\/urunler\/bitkisel-ekstraktlar\/kabalak-koku-ozutu\/#primaryimage"},"image":{"@id":"https:\/\/naturalpoland.com\/tr\/urunler\/bitkisel-ekstraktlar\/kabalak-koku-ozutu\/#primaryimage"},"thumbnailUrl":"https:\/\/naturalpoland.com\/wp-content\/uploads\/ekstrakt-z-lepieznika.webp","datePublished":"2026-01-16T15:12:56+00:00","dateModified":"2026-01-19T11:28:25+00:00","description":"Kabalak k\u00f6k\u00fc \u00f6z\u00fct\u00fc (Petasites hybridus) - k\u00f6k k\u0131sm\u0131ndan standardize edilmi\u015f toz formunda \u00f6z\u00fct.","breadcrumb":{"@id":"https:\/\/naturalpoland.com\/tr\/urunler\/bitkisel-ekstraktlar\/kabalak-koku-ozutu\/#breadcrumb"},"inLanguage":"tr","potentialAction":[{"@type":"ReadAction","target":["https:\/\/naturalpoland.com\/tr\/urunler\/bitkisel-ekstraktlar\/kabalak-koku-ozutu\/"]}]},{"@type":"ImageObject","inLanguage":"tr","@id":"https:\/\/naturalpoland.com\/tr\/urunler\/bitkisel-ekstraktlar\/kabalak-koku-ozutu\/#primaryimage","url":"https:\/\/naturalpoland.com\/wp-content\/uploads\/ekstrakt-z-lepieznika.webp","contentUrl":"https:\/\/naturalpoland.com\/wp-content\/uploads\/ekstrakt-z-lepieznika.webp","width":1024,"height":1024,"caption":"Kabalak k\u00f6k\u00fc \u00f6z\u00fct\u00fc"},{"@type":"BreadcrumbList","@id":"https:\/\/naturalpoland.com\/tr\/urunler\/bitkisel-ekstraktlar\/kabalak-koku-ozutu\/#breadcrumb","itemListElement":[{"@type":"ListItem","position":1,"name":"Ana Sayfa","item":"https:\/\/naturalpoland.com\/tr\/"},{"@type":"ListItem","position":2,"name":"\u00dcr\u00fcnler","item":"https:\/\/naturalpoland.com\/tr\/urunler\/"},{"@type":"ListItem","position":3,"name":"Kabalak k\u00f6k\u00fc \u00f6z\u00fct\u00fc"}]},{"@type":"WebSite","@id":"https:\/\/naturalpoland.com\/tr\/#website","url":"https:\/\/naturalpoland.com\/tr\/","name":"NATURAL POLAND - Hurtowy Dystrybutor Surowc\u00f3w","description":"Surowce dla przemys\u0142u spo\u017cywczego, kosmetycznego i farmaceutycznego","publisher":{"@id":"https:\/\/naturalpoland.com\/tr\/#organization"},"potentialAction":[{"@type":"SearchAction","target":{"@type":"EntryPoint","urlTemplate":"https:\/\/naturalpoland.com\/tr\/?s={search_term_string}"},"query-input":{"@type":"PropertyValueSpecification","valueRequired":true,"valueName":"search_term_string"}}],"inLanguage":"tr"},{"@type":"Organization","@id":"https:\/\/naturalpoland.com\/tr\/#organization","name":"Natural Poland","url":"https:\/\/naturalpoland.com\/tr\/","logo":{"@type":"ImageObject","inLanguage":"tr","@id":"https:\/\/naturalpoland.com\/tr\/#\/schema\/logo\/image\/","url":"https:\/\/naturalpoland.com\/wp-content\/uploads\/2021\/05\/natural-poland-icon.png","contentUrl":"https:\/\/naturalpoland.com\/wp-content\/uploads\/2021\/05\/natural-poland-icon.png","width":512,"height":512,"caption":"Natural Poland"},"image":{"@id":"https:\/\/naturalpoland.com\/tr\/#\/schema\/logo\/image\/"},"sameAs":["https:\/\/www.facebook.com\/naturalpoland.b2b","https:\/\/pl.linkedin.com\/company\/natural-poland","https:\/\/www.youtube.com\/channel\/UCgeGGkvOMahZo-xu_MSEWxg"]}]}},"_links":{"self":[{"href":"https:\/\/naturalpoland.com\/tr\/wp-json\/wp\/v2\/product\/45124","targetHints":{"allow":["GET"]}}],"collection":[{"href":"https:\/\/naturalpoland.com\/tr\/wp-json\/wp\/v2\/product"}],"about":[{"href":"https:\/\/naturalpoland.com\/tr\/wp-json\/wp\/v2\/types\/product"}],"wp:featuredmedia":[{"embeddable":true,"href":"https:\/\/naturalpoland.com\/tr\/wp-json\/wp\/v2\/media\/45125"}],"wp:attachment":[{"href":"https:\/\/naturalpoland.com\/tr\/wp-json\/wp\/v2\/media?parent=45124"}],"wp:term":[{"taxonomy":"product_brand","embeddable":true,"href":"https:\/\/naturalpoland.com\/tr\/wp-json\/wp\/v2\/product_brand?post=45124"},{"taxonomy":"product_cat","embeddable":true,"href":"https:\/\/naturalpoland.com\/tr\/wp-json\/wp\/v2\/product_cat?post=45124"},{"taxonomy":"product_tag","embeddable":true,"href":"https:\/\/naturalpoland.com\/tr\/wp-json\/wp\/v2\/product_tag?post=45124"}],"curies":[{"name":"wp","href":"https:\/\/api.w.org\/{rel}","templated":true}]}}