{"id":45165,"date":"2026-01-16T15:10:41","date_gmt":"2026-01-16T14:10:41","guid":{"rendered":"https:\/\/naturalpoland.com\/produkty\/kategorilenmemis\/italyan-olumsuz-cicegi-hidrolat\/"},"modified":"2026-01-19T12:40:06","modified_gmt":"2026-01-19T11:40:06","slug":"italyan-olumsuz-cicegi-hidrolat","status":"publish","type":"product","link":"https:\/\/naturalpoland.com\/tr\/urunler\/kozmetik-hammaddeleri\/hidrolatlar\/italyan-olumsuz-cicegi-hidrolat\/","title":{"rendered":"\u0130talyan \u00f6l\u00fcms\u00fcz \u00e7i\u00e7e\u011fi hidrolat"},"content":{"rendered":"<p>\u00dcr\u00fcn, benzil alkol ve dehidroasetik asit (DHA + BA) bazl\u0131 koruyucu sistem ile korunan, kullan\u0131ma haz\u0131r teknolojik hidrolat olarak sunulmaktad\u0131r. Koruyucu katk\u0131 maddeleri, s\u0131v\u0131 formu ve \u00e7\u00f6z\u00fcn\u00fcrl\u00fc\u011f\u00fc etkilemeden hammaddenin mikrobiyolojik korumas\u0131n\u0131 sa\u011flar. Hidrolat\u0131n pH de\u011feri 3-5 aral\u0131\u011f\u0131ndad\u0131r.  <\/p>\n<h2>\u0130talyan \u00f6l\u00fcms\u00fcz \u00e7i\u00e7e\u011fi hidrolat\u0131n\u0131n kullan\u0131m alanlar\u0131<\/h2>\n<p>\u0130talyan \u00f6l\u00fcms\u00fcz \u00e7i\u00e7e\u011fi hidrolat, form\u00fclasyonlarda su faz\u0131 bile\u015feni veya demineralize suyun k\u0131smi ikamesi olarak i\u015flev g\u00f6rebilir ve \u00fcr\u00fcne bitkisel destilata \u00f6zg\u00fc \u00f6zellikler katar. Formu sayesinde di\u011fer hidrofilik bile\u015fenlerle iyi entegre olur ve form\u00fcle edilirken \u00f6zel teknolojik i\u015flemler gerektirmez. Tonik, mist, em\u00fclsiyon, krem, serum, maske ve temizlik \u00fcr\u00fcnleri gibi form\u00fclasyonlarda kullan\u0131labilir.  <\/p>\n","protected":false},"excerpt":{"rendered":"<p><strong>\u0130talyan \u00f6l\u00fcms\u00fcz \u00e7i\u00e7e\u011fi hidrolat<\/strong>, kozmetik form\u00fclasyonlarda yayg\u0131n olarak kullan\u0131lan <em>Helichrysum italicum<\/em> \u00e7i\u00e7eklerinden elde edilen sulu destilatt\u0131r.<\/p>\n","protected":false},"featured_media":45166,"template":"","meta":{"_acf_changed":false},"product_brand":[],"product_cat":[9547],"product_tag":[],"class_list":{"0":"post-45165","1":"product","2":"type-product","3":"status-publish","4":"has-post-thumbnail","6":"product_cat-hidrolatlar","8":"first","9":"instock","10":"shipping-taxable","11":"product-type-simple"},"acf":[],"yoast_head":"<!-- This site is optimized with the Yoast SEO plugin v27.5 - https:\/\/yoast.com\/product\/yoast-seo-wordpress\/ -->\n<title>\u0130talyan \u00f6l\u00fcms\u00fcz \u00e7i\u00e7e\u011fi hidrolat - Hurtowy Dystrybutor<\/title>\n<meta name=\"description\" content=\"\u0130talyan \u00f6l\u00fcms\u00fcz \u00e7i\u00e7e\u011fi hidrolat - kozmetik form\u00fclasyonlar i\u00e7in bitkisel su destilat. \u015eeffaf, stabil su faz\u0131 hammaddesi.\" \/>\n<meta name=\"robots\" content=\"index, follow, max-snippet:-1, max-image-preview:large, max-video-preview:-1\" \/>\n<link rel=\"canonical\" href=\"https:\/\/naturalpoland.com\/tr\/urunler\/kozmetik-hammaddeleri\/hidrolatlar\/italyan-olumsuz-cicegi-hidrolat\/\" \/>\n<meta property=\"og:locale\" content=\"tr_TR\" \/>\n<meta property=\"og:type\" content=\"article\" \/>\n<meta property=\"og:title\" content=\"\u0130talyan \u00f6l\u00fcms\u00fcz \u00e7i\u00e7e\u011fi hidrolat - Hurtowy Dystrybutor\" \/>\n<meta property=\"og:description\" content=\"\u0130talyan \u00f6l\u00fcms\u00fcz \u00e7i\u00e7e\u011fi hidrolat - kozmetik form\u00fclasyonlar i\u00e7in bitkisel su destilat. \u015eeffaf, stabil su faz\u0131 hammaddesi.\" \/>\n<meta property=\"og:url\" content=\"https:\/\/naturalpoland.com\/tr\/urunler\/kozmetik-hammaddeleri\/hidrolatlar\/italyan-olumsuz-cicegi-hidrolat\/\" \/>\n<meta property=\"og:site_name\" content=\"NATURAL POLAND - Hurtowy Dystrybutor Surowc\u00f3w\" \/>\n<meta property=\"article:publisher\" content=\"https:\/\/www.facebook.com\/naturalpoland.b2b\" \/>\n<meta property=\"article:modified_time\" content=\"2026-01-19T11:40:06+00:00\" \/>\n<meta property=\"og:image\" content=\"https:\/\/naturalpoland.com\/wp-content\/uploads\/hydrolat-z-kwiatu-kocanki-wloskiej.webp\" \/>\n\t<meta property=\"og:image:width\" content=\"1024\" \/>\n\t<meta property=\"og:image:height\" content=\"1024\" \/>\n\t<meta property=\"og:image:type\" content=\"image\/webp\" \/>\n<script type=\"application\/ld+json\" class=\"yoast-schema-graph\">{\"@context\":\"https:\\\/\\\/schema.org\",\"@graph\":[{\"@type\":\"WebPage\",\"@id\":\"https:\\\/\\\/naturalpoland.com\\\/tr\\\/urunler\\\/kozmetik-hammaddeleri\\\/hidrolatlar\\\/italyan-olumsuz-cicegi-hidrolat\\\/\",\"url\":\"https:\\\/\\\/naturalpoland.com\\\/tr\\\/urunler\\\/kozmetik-hammaddeleri\\\/hidrolatlar\\\/italyan-olumsuz-cicegi-hidrolat\\\/\",\"name\":\"\u0130talyan \u00f6l\u00fcms\u00fcz \u00e7i\u00e7e\u011fi hidrolat - Hurtowy Dystrybutor\",\"isPartOf\":{\"@id\":\"https:\\\/\\\/naturalpoland.com\\\/tr\\\/#website\"},\"primaryImageOfPage\":{\"@id\":\"https:\\\/\\\/naturalpoland.com\\\/tr\\\/urunler\\\/kozmetik-hammaddeleri\\\/hidrolatlar\\\/italyan-olumsuz-cicegi-hidrolat\\\/#primaryimage\"},\"image\":{\"@id\":\"https:\\\/\\\/naturalpoland.com\\\/tr\\\/urunler\\\/kozmetik-hammaddeleri\\\/hidrolatlar\\\/italyan-olumsuz-cicegi-hidrolat\\\/#primaryimage\"},\"thumbnailUrl\":\"https:\\\/\\\/naturalpoland.com\\\/wp-content\\\/uploads\\\/hydrolat-z-kwiatu-kocanki-wloskiej.webp\",\"datePublished\":\"2026-01-16T14:10:41+00:00\",\"dateModified\":\"2026-01-19T11:40:06+00:00\",\"description\":\"\u0130talyan \u00f6l\u00fcms\u00fcz \u00e7i\u00e7e\u011fi hidrolat - kozmetik form\u00fclasyonlar i\u00e7in bitkisel su destilat. \u015eeffaf, stabil su faz\u0131 hammaddesi.\",\"breadcrumb\":{\"@id\":\"https:\\\/\\\/naturalpoland.com\\\/tr\\\/urunler\\\/kozmetik-hammaddeleri\\\/hidrolatlar\\\/italyan-olumsuz-cicegi-hidrolat\\\/#breadcrumb\"},\"inLanguage\":\"tr\",\"potentialAction\":[{\"@type\":\"ReadAction\",\"target\":[\"https:\\\/\\\/naturalpoland.com\\\/tr\\\/urunler\\\/kozmetik-hammaddeleri\\\/hidrolatlar\\\/italyan-olumsuz-cicegi-hidrolat\\\/\"]}]},{\"@type\":\"ImageObject\",\"inLanguage\":\"tr\",\"@id\":\"https:\\\/\\\/naturalpoland.com\\\/tr\\\/urunler\\\/kozmetik-hammaddeleri\\\/hidrolatlar\\\/italyan-olumsuz-cicegi-hidrolat\\\/#primaryimage\",\"url\":\"https:\\\/\\\/naturalpoland.com\\\/wp-content\\\/uploads\\\/hydrolat-z-kwiatu-kocanki-wloskiej.webp\",\"contentUrl\":\"https:\\\/\\\/naturalpoland.com\\\/wp-content\\\/uploads\\\/hydrolat-z-kwiatu-kocanki-wloskiej.webp\",\"width\":1024,\"height\":1024,\"caption\":\"\u0130talyan \u00f6l\u00fcms\u00fcz \u00e7i\u00e7e\u011fi hidrolat\"},{\"@type\":\"BreadcrumbList\",\"@id\":\"https:\\\/\\\/naturalpoland.com\\\/tr\\\/urunler\\\/kozmetik-hammaddeleri\\\/hidrolatlar\\\/italyan-olumsuz-cicegi-hidrolat\\\/#breadcrumb\",\"itemListElement\":[{\"@type\":\"ListItem\",\"position\":1,\"name\":\"Ana Sayfa\",\"item\":\"https:\\\/\\\/naturalpoland.com\\\/tr\\\/\"},{\"@type\":\"ListItem\",\"position\":2,\"name\":\"\u00dcr\u00fcnler\",\"item\":\"https:\\\/\\\/naturalpoland.com\\\/tr\\\/urunler\\\/\"},{\"@type\":\"ListItem\",\"position\":3,\"name\":\"\u0130talyan \u00f6l\u00fcms\u00fcz \u00e7i\u00e7e\u011fi hidrolat\"}]},{\"@type\":\"WebSite\",\"@id\":\"https:\\\/\\\/naturalpoland.com\\\/tr\\\/#website\",\"url\":\"https:\\\/\\\/naturalpoland.com\\\/tr\\\/\",\"name\":\"NATURAL POLAND - Hurtowy Dystrybutor Surowc\u00f3w\",\"description\":\"Surowce dla przemys\u0142u spo\u017cywczego, kosmetycznego i farmaceutycznego\",\"publisher\":{\"@id\":\"https:\\\/\\\/naturalpoland.com\\\/tr\\\/#organization\"},\"potentialAction\":[{\"@type\":\"SearchAction\",\"target\":{\"@type\":\"EntryPoint\",\"urlTemplate\":\"https:\\\/\\\/naturalpoland.com\\\/tr\\\/?s={search_term_string}\"},\"query-input\":{\"@type\":\"PropertyValueSpecification\",\"valueRequired\":true,\"valueName\":\"search_term_string\"}}],\"inLanguage\":\"tr\"},{\"@type\":\"Organization\",\"@id\":\"https:\\\/\\\/naturalpoland.com\\\/tr\\\/#organization\",\"name\":\"Natural Poland\",\"url\":\"https:\\\/\\\/naturalpoland.com\\\/tr\\\/\",\"logo\":{\"@type\":\"ImageObject\",\"inLanguage\":\"tr\",\"@id\":\"https:\\\/\\\/naturalpoland.com\\\/tr\\\/#\\\/schema\\\/logo\\\/image\\\/\",\"url\":\"https:\\\/\\\/naturalpoland.com\\\/wp-content\\\/uploads\\\/2021\\\/05\\\/natural-poland-icon.png\",\"contentUrl\":\"https:\\\/\\\/naturalpoland.com\\\/wp-content\\\/uploads\\\/2021\\\/05\\\/natural-poland-icon.png\",\"width\":512,\"height\":512,\"caption\":\"Natural Poland\"},\"image\":{\"@id\":\"https:\\\/\\\/naturalpoland.com\\\/tr\\\/#\\\/schema\\\/logo\\\/image\\\/\"},\"sameAs\":[\"https:\\\/\\\/www.facebook.com\\\/naturalpoland.b2b\",\"https:\\\/\\\/pl.linkedin.com\\\/company\\\/natural-poland\",\"https:\\\/\\\/www.youtube.com\\\/channel\\\/UCgeGGkvOMahZo-xu_MSEWxg\"]}]}<\/script>\n<!-- \/ Yoast SEO plugin. -->","yoast_head_json":{"title":"\u0130talyan \u00f6l\u00fcms\u00fcz \u00e7i\u00e7e\u011fi hidrolat - Hurtowy Dystrybutor","description":"\u0130talyan \u00f6l\u00fcms\u00fcz \u00e7i\u00e7e\u011fi hidrolat - kozmetik form\u00fclasyonlar i\u00e7in bitkisel su destilat. \u015eeffaf, stabil su faz\u0131 hammaddesi.","robots":{"index":"index","follow":"follow","max-snippet":"max-snippet:-1","max-image-preview":"max-image-preview:large","max-video-preview":"max-video-preview:-1"},"canonical":"https:\/\/naturalpoland.com\/tr\/urunler\/kozmetik-hammaddeleri\/hidrolatlar\/italyan-olumsuz-cicegi-hidrolat\/","og_locale":"tr_TR","og_type":"article","og_title":"\u0130talyan \u00f6l\u00fcms\u00fcz \u00e7i\u00e7e\u011fi hidrolat - Hurtowy Dystrybutor","og_description":"\u0130talyan \u00f6l\u00fcms\u00fcz \u00e7i\u00e7e\u011fi hidrolat - kozmetik form\u00fclasyonlar i\u00e7in bitkisel su destilat. \u015eeffaf, stabil su faz\u0131 hammaddesi.","og_url":"https:\/\/naturalpoland.com\/tr\/urunler\/kozmetik-hammaddeleri\/hidrolatlar\/italyan-olumsuz-cicegi-hidrolat\/","og_site_name":"NATURAL POLAND - Hurtowy Dystrybutor Surowc\u00f3w","article_publisher":"https:\/\/www.facebook.com\/naturalpoland.b2b","article_modified_time":"2026-01-19T11:40:06+00:00","og_image":[{"width":1024,"height":1024,"url":"https:\/\/naturalpoland.com\/wp-content\/uploads\/hydrolat-z-kwiatu-kocanki-wloskiej.webp","type":"image\/webp"}],"schema":{"@context":"https:\/\/schema.org","@graph":[{"@type":"WebPage","@id":"https:\/\/naturalpoland.com\/tr\/urunler\/kozmetik-hammaddeleri\/hidrolatlar\/italyan-olumsuz-cicegi-hidrolat\/","url":"https:\/\/naturalpoland.com\/tr\/urunler\/kozmetik-hammaddeleri\/hidrolatlar\/italyan-olumsuz-cicegi-hidrolat\/","name":"\u0130talyan \u00f6l\u00fcms\u00fcz \u00e7i\u00e7e\u011fi hidrolat - Hurtowy Dystrybutor","isPartOf":{"@id":"https:\/\/naturalpoland.com\/tr\/#website"},"primaryImageOfPage":{"@id":"https:\/\/naturalpoland.com\/tr\/urunler\/kozmetik-hammaddeleri\/hidrolatlar\/italyan-olumsuz-cicegi-hidrolat\/#primaryimage"},"image":{"@id":"https:\/\/naturalpoland.com\/tr\/urunler\/kozmetik-hammaddeleri\/hidrolatlar\/italyan-olumsuz-cicegi-hidrolat\/#primaryimage"},"thumbnailUrl":"https:\/\/naturalpoland.com\/wp-content\/uploads\/hydrolat-z-kwiatu-kocanki-wloskiej.webp","datePublished":"2026-01-16T14:10:41+00:00","dateModified":"2026-01-19T11:40:06+00:00","description":"\u0130talyan \u00f6l\u00fcms\u00fcz \u00e7i\u00e7e\u011fi hidrolat - kozmetik form\u00fclasyonlar i\u00e7in bitkisel su destilat. \u015eeffaf, stabil su faz\u0131 hammaddesi.","breadcrumb":{"@id":"https:\/\/naturalpoland.com\/tr\/urunler\/kozmetik-hammaddeleri\/hidrolatlar\/italyan-olumsuz-cicegi-hidrolat\/#breadcrumb"},"inLanguage":"tr","potentialAction":[{"@type":"ReadAction","target":["https:\/\/naturalpoland.com\/tr\/urunler\/kozmetik-hammaddeleri\/hidrolatlar\/italyan-olumsuz-cicegi-hidrolat\/"]}]},{"@type":"ImageObject","inLanguage":"tr","@id":"https:\/\/naturalpoland.com\/tr\/urunler\/kozmetik-hammaddeleri\/hidrolatlar\/italyan-olumsuz-cicegi-hidrolat\/#primaryimage","url":"https:\/\/naturalpoland.com\/wp-content\/uploads\/hydrolat-z-kwiatu-kocanki-wloskiej.webp","contentUrl":"https:\/\/naturalpoland.com\/wp-content\/uploads\/hydrolat-z-kwiatu-kocanki-wloskiej.webp","width":1024,"height":1024,"caption":"\u0130talyan \u00f6l\u00fcms\u00fcz \u00e7i\u00e7e\u011fi hidrolat"},{"@type":"BreadcrumbList","@id":"https:\/\/naturalpoland.com\/tr\/urunler\/kozmetik-hammaddeleri\/hidrolatlar\/italyan-olumsuz-cicegi-hidrolat\/#breadcrumb","itemListElement":[{"@type":"ListItem","position":1,"name":"Ana Sayfa","item":"https:\/\/naturalpoland.com\/tr\/"},{"@type":"ListItem","position":2,"name":"\u00dcr\u00fcnler","item":"https:\/\/naturalpoland.com\/tr\/urunler\/"},{"@type":"ListItem","position":3,"name":"\u0130talyan \u00f6l\u00fcms\u00fcz \u00e7i\u00e7e\u011fi hidrolat"}]},{"@type":"WebSite","@id":"https:\/\/naturalpoland.com\/tr\/#website","url":"https:\/\/naturalpoland.com\/tr\/","name":"NATURAL POLAND - Hurtowy Dystrybutor Surowc\u00f3w","description":"Surowce dla przemys\u0142u spo\u017cywczego, kosmetycznego i farmaceutycznego","publisher":{"@id":"https:\/\/naturalpoland.com\/tr\/#organization"},"potentialAction":[{"@type":"SearchAction","target":{"@type":"EntryPoint","urlTemplate":"https:\/\/naturalpoland.com\/tr\/?s={search_term_string}"},"query-input":{"@type":"PropertyValueSpecification","valueRequired":true,"valueName":"search_term_string"}}],"inLanguage":"tr"},{"@type":"Organization","@id":"https:\/\/naturalpoland.com\/tr\/#organization","name":"Natural Poland","url":"https:\/\/naturalpoland.com\/tr\/","logo":{"@type":"ImageObject","inLanguage":"tr","@id":"https:\/\/naturalpoland.com\/tr\/#\/schema\/logo\/image\/","url":"https:\/\/naturalpoland.com\/wp-content\/uploads\/2021\/05\/natural-poland-icon.png","contentUrl":"https:\/\/naturalpoland.com\/wp-content\/uploads\/2021\/05\/natural-poland-icon.png","width":512,"height":512,"caption":"Natural Poland"},"image":{"@id":"https:\/\/naturalpoland.com\/tr\/#\/schema\/logo\/image\/"},"sameAs":["https:\/\/www.facebook.com\/naturalpoland.b2b","https:\/\/pl.linkedin.com\/company\/natural-poland","https:\/\/www.youtube.com\/channel\/UCgeGGkvOMahZo-xu_MSEWxg"]}]}},"_links":{"self":[{"href":"https:\/\/naturalpoland.com\/tr\/wp-json\/wp\/v2\/product\/45165","targetHints":{"allow":["GET"]}}],"collection":[{"href":"https:\/\/naturalpoland.com\/tr\/wp-json\/wp\/v2\/product"}],"about":[{"href":"https:\/\/naturalpoland.com\/tr\/wp-json\/wp\/v2\/types\/product"}],"wp:featuredmedia":[{"embeddable":true,"href":"https:\/\/naturalpoland.com\/tr\/wp-json\/wp\/v2\/media\/45166"}],"wp:attachment":[{"href":"https:\/\/naturalpoland.com\/tr\/wp-json\/wp\/v2\/media?parent=45165"}],"wp:term":[{"taxonomy":"product_brand","embeddable":true,"href":"https:\/\/naturalpoland.com\/tr\/wp-json\/wp\/v2\/product_brand?post=45165"},{"taxonomy":"product_cat","embeddable":true,"href":"https:\/\/naturalpoland.com\/tr\/wp-json\/wp\/v2\/product_cat?post=45165"},{"taxonomy":"product_tag","embeddable":true,"href":"https:\/\/naturalpoland.com\/tr\/wp-json\/wp\/v2\/product_tag?post=45165"}],"curies":[{"name":"wp","href":"https:\/\/api.w.org\/{rel}","templated":true}]}}