{"id":45178,"date":"2026-01-16T15:51:28","date_gmt":"2026-01-16T14:51:28","guid":{"rendered":"https:\/\/naturalpoland.com\/produkty\/kategorilenmemis\/limon-myrtle-ekstrakti\/"},"modified":"2026-01-19T14:05:35","modified_gmt":"2026-01-19T13:05:35","slug":"limon-myrtle-ekstrakti","status":"publish","type":"product","link":"https:\/\/naturalpoland.com\/tr\/urunler\/bitkisel-ekstraktlar\/limon-myrtle-ekstrakti\/","title":{"rendered":"Limon Myrtle Ekstrakt\u0131"},"content":{"rendered":"<h2>Limon Myrtle ekstrakt\u0131n\u0131n etkisi ve kullan\u0131m alanlar\u0131:<\/h2>\n<p>Limon Myrtle (<em>Backhousia citriodora<\/em>) ekstrakt\u0131, Avustralya k\u00f6kenli bitkinin yapraklar\u0131ndan elde edilir ve sitral gibi sitrus aldehitleri ile di\u011fer biyoaktif bile\u015fikler dahil olmak \u00fczere zengin fitobile\u015fik profili nedeniyle yayg\u0131n olarak bilinir ve ara\u015ft\u0131r\u0131l\u0131r. Bu bile\u015fikler sayesinde ekstrakt \u015fu etkileri g\u00f6sterir: <\/p>\n<ul>\n<li>antioksidan &#8211; ara\u015ft\u0131rmalar Limon Myrtle yaprak ekstraktlar\u0131n\u0131n serbest radikalleri n\u00f6tralize etme yetene\u011fi g\u00f6sterebilece\u011fini ve potansiyel olarak h\u00fccreleri oksidatif strese kar\u015f\u0131 korumaya katk\u0131da bulunabilece\u011fini g\u00f6stermektedir;<\/li>\n<li>antiinflamatuar &#8211; Limon Myrtle yaprak ekstraktlar\u0131 belirli in vitro deneysel ko\u015fullarda inflamatuar mediat\u00f6rlerin ekspresyonunu (\u00f6rn. NO veya proinflamatuar sitokin \u00fcretiminin azalt\u0131lmas\u0131) etkileyebilir;<\/li>\n<li>antibakteriyel &#8211; ekstrakt\u0131n antibakteriyel ve antifungal etkisi esas olarak sitral bile\u015fi\u011finin varl\u0131\u011f\u0131 ve di\u011fer aromatik bile\u015fenlere atfedilir.<\/li>\n<\/ul>\n<p>Toz formu ve standartla\u015ft\u0131r\u0131lm\u0131\u015f ekstraksiyon derecesi, hammaddenin hassas dozaj ve kalite parametrelerinin tekrarlanabilirli\u011fi gerektiren form\u00fclasyon s\u00fcre\u00e7lerinde kullan\u0131m\u0131n\u0131 destekler. Ekstrakt\u0131n nihai kullan\u0131m amac\u0131, kullan\u0131m \u015fekli ve dozaj seviyesi her durumda ilgili uygulama alan\u0131na \u00f6zg\u00fc teknolojik ve d\u00fczenleyici gereksinimlere uygun olarak ayarlanmal\u0131d\u0131r. <\/p>\n<p>&nbsp;<\/p>\n<p>&nbsp;<\/p>\n","protected":false},"excerpt":{"rendered":"<p><strong>Limon Myrtle Ekstrakt\u0131<\/strong>, <em>Backhousia citriodora<\/em> yapraklar\u0131ndan su ekstraksiyon y\u00f6ntemiyle elde edilen ve ard\u0131ndan kurutularak kararl\u0131 toz formu elde edilen bitkisel hammaddedir.<\/p>\n","protected":false},"featured_media":45180,"template":"","meta":{"_acf_changed":false},"product_brand":[],"product_cat":[9531],"product_tag":[],"class_list":{"0":"post-45178","1":"product","2":"type-product","3":"status-publish","4":"has-post-thumbnail","6":"product_cat-bitkisel-ekstraktlar","7":"pa_czesc-rosliny-yapraklar-2","9":"first","10":"instock","11":"shipping-taxable","12":"product-type-simple"},"acf":[],"yoast_head":"<!-- This site is optimized with the Yoast SEO plugin v27.4 - https:\/\/yoast.com\/product\/yoast-seo-wordpress\/ -->\n<title>Limon Myrtle Ekstrakt\u0131 - Hurtowy Dystrybutor<\/title>\n<meta name=\"description\" content=\"Limon Myrtle Ekstrakt\u0131 \u2013 Backhousia citriodora yapraklar\u0131ndan elde edilen toz formunda bitkisel ekstrakt. \u0130leri uygulamalar i\u00e7in standartla\u015ft\u0131r\u0131lm\u0131\u015f botanik hammadde.\" \/>\n<meta name=\"robots\" content=\"index, follow, max-snippet:-1, max-image-preview:large, max-video-preview:-1\" \/>\n<link rel=\"canonical\" href=\"https:\/\/naturalpoland.com\/tr\/urunler\/bitkisel-ekstraktlar\/limon-myrtle-ekstrakti\/\" \/>\n<meta property=\"og:locale\" content=\"tr_TR\" \/>\n<meta property=\"og:type\" content=\"article\" \/>\n<meta property=\"og:title\" content=\"Limon Myrtle Ekstrakt\u0131 - Hurtowy Dystrybutor\" \/>\n<meta property=\"og:description\" content=\"Limon Myrtle Ekstrakt\u0131 \u2013 Backhousia citriodora yapraklar\u0131ndan elde edilen toz formunda bitkisel ekstrakt. \u0130leri uygulamalar i\u00e7in standartla\u015ft\u0131r\u0131lm\u0131\u015f botanik hammadde.\" \/>\n<meta property=\"og:url\" content=\"https:\/\/naturalpoland.com\/tr\/urunler\/bitkisel-ekstraktlar\/limon-myrtle-ekstrakti\/\" \/>\n<meta property=\"og:site_name\" content=\"NATURAL POLAND - Hurtowy Dystrybutor Surowc\u00f3w\" \/>\n<meta property=\"article:publisher\" content=\"https:\/\/www.facebook.com\/naturalpoland.b2b\" \/>\n<meta property=\"article:modified_time\" content=\"2026-01-19T13:05:35+00:00\" \/>\n<meta property=\"og:image\" content=\"https:\/\/naturalpoland.com\/wp-content\/uploads\/ekstrakt-z-lemon-myrtle.webp\" \/>\n\t<meta property=\"og:image:width\" content=\"1024\" \/>\n\t<meta property=\"og:image:height\" content=\"1024\" \/>\n\t<meta property=\"og:image:type\" content=\"image\/webp\" \/>\n<script type=\"application\/ld+json\" class=\"yoast-schema-graph\">{\"@context\":\"https:\\\/\\\/schema.org\",\"@graph\":[{\"@type\":\"WebPage\",\"@id\":\"https:\\\/\\\/naturalpoland.com\\\/tr\\\/urunler\\\/bitkisel-ekstraktlar\\\/limon-myrtle-ekstrakti\\\/\",\"url\":\"https:\\\/\\\/naturalpoland.com\\\/tr\\\/urunler\\\/bitkisel-ekstraktlar\\\/limon-myrtle-ekstrakti\\\/\",\"name\":\"Limon Myrtle Ekstrakt\u0131 - Hurtowy Dystrybutor\",\"isPartOf\":{\"@id\":\"https:\\\/\\\/naturalpoland.com\\\/tr\\\/#website\"},\"primaryImageOfPage\":{\"@id\":\"https:\\\/\\\/naturalpoland.com\\\/tr\\\/urunler\\\/bitkisel-ekstraktlar\\\/limon-myrtle-ekstrakti\\\/#primaryimage\"},\"image\":{\"@id\":\"https:\\\/\\\/naturalpoland.com\\\/tr\\\/urunler\\\/bitkisel-ekstraktlar\\\/limon-myrtle-ekstrakti\\\/#primaryimage\"},\"thumbnailUrl\":\"https:\\\/\\\/naturalpoland.com\\\/wp-content\\\/uploads\\\/ekstrakt-z-lemon-myrtle.webp\",\"datePublished\":\"2026-01-16T14:51:28+00:00\",\"dateModified\":\"2026-01-19T13:05:35+00:00\",\"description\":\"Limon Myrtle Ekstrakt\u0131 \u2013 Backhousia citriodora yapraklar\u0131ndan elde edilen toz formunda bitkisel ekstrakt. \u0130leri uygulamalar i\u00e7in standartla\u015ft\u0131r\u0131lm\u0131\u015f botanik hammadde.\",\"breadcrumb\":{\"@id\":\"https:\\\/\\\/naturalpoland.com\\\/tr\\\/urunler\\\/bitkisel-ekstraktlar\\\/limon-myrtle-ekstrakti\\\/#breadcrumb\"},\"inLanguage\":\"tr\",\"potentialAction\":[{\"@type\":\"ReadAction\",\"target\":[\"https:\\\/\\\/naturalpoland.com\\\/tr\\\/urunler\\\/bitkisel-ekstraktlar\\\/limon-myrtle-ekstrakti\\\/\"]}]},{\"@type\":\"ImageObject\",\"inLanguage\":\"tr\",\"@id\":\"https:\\\/\\\/naturalpoland.com\\\/tr\\\/urunler\\\/bitkisel-ekstraktlar\\\/limon-myrtle-ekstrakti\\\/#primaryimage\",\"url\":\"https:\\\/\\\/naturalpoland.com\\\/wp-content\\\/uploads\\\/ekstrakt-z-lemon-myrtle.webp\",\"contentUrl\":\"https:\\\/\\\/naturalpoland.com\\\/wp-content\\\/uploads\\\/ekstrakt-z-lemon-myrtle.webp\",\"width\":1024,\"height\":1024,\"caption\":\"Limon Myrtle Ekstrakt\u0131\"},{\"@type\":\"BreadcrumbList\",\"@id\":\"https:\\\/\\\/naturalpoland.com\\\/tr\\\/urunler\\\/bitkisel-ekstraktlar\\\/limon-myrtle-ekstrakti\\\/#breadcrumb\",\"itemListElement\":[{\"@type\":\"ListItem\",\"position\":1,\"name\":\"Ana Sayfa\",\"item\":\"https:\\\/\\\/naturalpoland.com\\\/tr\\\/\"},{\"@type\":\"ListItem\",\"position\":2,\"name\":\"\u00dcr\u00fcnler\",\"item\":\"https:\\\/\\\/naturalpoland.com\\\/tr\\\/urunler\\\/\"},{\"@type\":\"ListItem\",\"position\":3,\"name\":\"Limon Myrtle Ekstrakt\u0131\"}]},{\"@type\":\"WebSite\",\"@id\":\"https:\\\/\\\/naturalpoland.com\\\/tr\\\/#website\",\"url\":\"https:\\\/\\\/naturalpoland.com\\\/tr\\\/\",\"name\":\"NATURAL POLAND - Hurtowy Dystrybutor Surowc\u00f3w\",\"description\":\"Surowce dla przemys\u0142u spo\u017cywczego, kosmetycznego i farmaceutycznego\",\"publisher\":{\"@id\":\"https:\\\/\\\/naturalpoland.com\\\/tr\\\/#organization\"},\"potentialAction\":[{\"@type\":\"SearchAction\",\"target\":{\"@type\":\"EntryPoint\",\"urlTemplate\":\"https:\\\/\\\/naturalpoland.com\\\/tr\\\/?s={search_term_string}\"},\"query-input\":{\"@type\":\"PropertyValueSpecification\",\"valueRequired\":true,\"valueName\":\"search_term_string\"}}],\"inLanguage\":\"tr\"},{\"@type\":\"Organization\",\"@id\":\"https:\\\/\\\/naturalpoland.com\\\/tr\\\/#organization\",\"name\":\"Natural Poland\",\"url\":\"https:\\\/\\\/naturalpoland.com\\\/tr\\\/\",\"logo\":{\"@type\":\"ImageObject\",\"inLanguage\":\"tr\",\"@id\":\"https:\\\/\\\/naturalpoland.com\\\/tr\\\/#\\\/schema\\\/logo\\\/image\\\/\",\"url\":\"https:\\\/\\\/naturalpoland.com\\\/wp-content\\\/uploads\\\/2021\\\/05\\\/natural-poland-icon.png\",\"contentUrl\":\"https:\\\/\\\/naturalpoland.com\\\/wp-content\\\/uploads\\\/2021\\\/05\\\/natural-poland-icon.png\",\"width\":512,\"height\":512,\"caption\":\"Natural Poland\"},\"image\":{\"@id\":\"https:\\\/\\\/naturalpoland.com\\\/tr\\\/#\\\/schema\\\/logo\\\/image\\\/\"},\"sameAs\":[\"https:\\\/\\\/www.facebook.com\\\/naturalpoland.b2b\",\"https:\\\/\\\/pl.linkedin.com\\\/company\\\/natural-poland\",\"https:\\\/\\\/www.youtube.com\\\/channel\\\/UCgeGGkvOMahZo-xu_MSEWxg\"]}]}<\/script>\n<!-- \/ Yoast SEO plugin. -->","yoast_head_json":{"title":"Limon Myrtle Ekstrakt\u0131 - Hurtowy Dystrybutor","description":"Limon Myrtle Ekstrakt\u0131 \u2013 Backhousia citriodora yapraklar\u0131ndan elde edilen toz formunda bitkisel ekstrakt. \u0130leri uygulamalar i\u00e7in standartla\u015ft\u0131r\u0131lm\u0131\u015f botanik hammadde.","robots":{"index":"index","follow":"follow","max-snippet":"max-snippet:-1","max-image-preview":"max-image-preview:large","max-video-preview":"max-video-preview:-1"},"canonical":"https:\/\/naturalpoland.com\/tr\/urunler\/bitkisel-ekstraktlar\/limon-myrtle-ekstrakti\/","og_locale":"tr_TR","og_type":"article","og_title":"Limon Myrtle Ekstrakt\u0131 - Hurtowy Dystrybutor","og_description":"Limon Myrtle Ekstrakt\u0131 \u2013 Backhousia citriodora yapraklar\u0131ndan elde edilen toz formunda bitkisel ekstrakt. \u0130leri uygulamalar i\u00e7in standartla\u015ft\u0131r\u0131lm\u0131\u015f botanik hammadde.","og_url":"https:\/\/naturalpoland.com\/tr\/urunler\/bitkisel-ekstraktlar\/limon-myrtle-ekstrakti\/","og_site_name":"NATURAL POLAND - Hurtowy Dystrybutor Surowc\u00f3w","article_publisher":"https:\/\/www.facebook.com\/naturalpoland.b2b","article_modified_time":"2026-01-19T13:05:35+00:00","og_image":[{"width":1024,"height":1024,"url":"https:\/\/naturalpoland.com\/wp-content\/uploads\/ekstrakt-z-lemon-myrtle.webp","type":"image\/webp"}],"schema":{"@context":"https:\/\/schema.org","@graph":[{"@type":"WebPage","@id":"https:\/\/naturalpoland.com\/tr\/urunler\/bitkisel-ekstraktlar\/limon-myrtle-ekstrakti\/","url":"https:\/\/naturalpoland.com\/tr\/urunler\/bitkisel-ekstraktlar\/limon-myrtle-ekstrakti\/","name":"Limon Myrtle Ekstrakt\u0131 - Hurtowy Dystrybutor","isPartOf":{"@id":"https:\/\/naturalpoland.com\/tr\/#website"},"primaryImageOfPage":{"@id":"https:\/\/naturalpoland.com\/tr\/urunler\/bitkisel-ekstraktlar\/limon-myrtle-ekstrakti\/#primaryimage"},"image":{"@id":"https:\/\/naturalpoland.com\/tr\/urunler\/bitkisel-ekstraktlar\/limon-myrtle-ekstrakti\/#primaryimage"},"thumbnailUrl":"https:\/\/naturalpoland.com\/wp-content\/uploads\/ekstrakt-z-lemon-myrtle.webp","datePublished":"2026-01-16T14:51:28+00:00","dateModified":"2026-01-19T13:05:35+00:00","description":"Limon Myrtle Ekstrakt\u0131 \u2013 Backhousia citriodora yapraklar\u0131ndan elde edilen toz formunda bitkisel ekstrakt. \u0130leri uygulamalar i\u00e7in standartla\u015ft\u0131r\u0131lm\u0131\u015f botanik hammadde.","breadcrumb":{"@id":"https:\/\/naturalpoland.com\/tr\/urunler\/bitkisel-ekstraktlar\/limon-myrtle-ekstrakti\/#breadcrumb"},"inLanguage":"tr","potentialAction":[{"@type":"ReadAction","target":["https:\/\/naturalpoland.com\/tr\/urunler\/bitkisel-ekstraktlar\/limon-myrtle-ekstrakti\/"]}]},{"@type":"ImageObject","inLanguage":"tr","@id":"https:\/\/naturalpoland.com\/tr\/urunler\/bitkisel-ekstraktlar\/limon-myrtle-ekstrakti\/#primaryimage","url":"https:\/\/naturalpoland.com\/wp-content\/uploads\/ekstrakt-z-lemon-myrtle.webp","contentUrl":"https:\/\/naturalpoland.com\/wp-content\/uploads\/ekstrakt-z-lemon-myrtle.webp","width":1024,"height":1024,"caption":"Limon Myrtle Ekstrakt\u0131"},{"@type":"BreadcrumbList","@id":"https:\/\/naturalpoland.com\/tr\/urunler\/bitkisel-ekstraktlar\/limon-myrtle-ekstrakti\/#breadcrumb","itemListElement":[{"@type":"ListItem","position":1,"name":"Ana Sayfa","item":"https:\/\/naturalpoland.com\/tr\/"},{"@type":"ListItem","position":2,"name":"\u00dcr\u00fcnler","item":"https:\/\/naturalpoland.com\/tr\/urunler\/"},{"@type":"ListItem","position":3,"name":"Limon Myrtle Ekstrakt\u0131"}]},{"@type":"WebSite","@id":"https:\/\/naturalpoland.com\/tr\/#website","url":"https:\/\/naturalpoland.com\/tr\/","name":"NATURAL POLAND - Hurtowy Dystrybutor Surowc\u00f3w","description":"Surowce dla przemys\u0142u spo\u017cywczego, kosmetycznego i farmaceutycznego","publisher":{"@id":"https:\/\/naturalpoland.com\/tr\/#organization"},"potentialAction":[{"@type":"SearchAction","target":{"@type":"EntryPoint","urlTemplate":"https:\/\/naturalpoland.com\/tr\/?s={search_term_string}"},"query-input":{"@type":"PropertyValueSpecification","valueRequired":true,"valueName":"search_term_string"}}],"inLanguage":"tr"},{"@type":"Organization","@id":"https:\/\/naturalpoland.com\/tr\/#organization","name":"Natural Poland","url":"https:\/\/naturalpoland.com\/tr\/","logo":{"@type":"ImageObject","inLanguage":"tr","@id":"https:\/\/naturalpoland.com\/tr\/#\/schema\/logo\/image\/","url":"https:\/\/naturalpoland.com\/wp-content\/uploads\/2021\/05\/natural-poland-icon.png","contentUrl":"https:\/\/naturalpoland.com\/wp-content\/uploads\/2021\/05\/natural-poland-icon.png","width":512,"height":512,"caption":"Natural Poland"},"image":{"@id":"https:\/\/naturalpoland.com\/tr\/#\/schema\/logo\/image\/"},"sameAs":["https:\/\/www.facebook.com\/naturalpoland.b2b","https:\/\/pl.linkedin.com\/company\/natural-poland","https:\/\/www.youtube.com\/channel\/UCgeGGkvOMahZo-xu_MSEWxg"]}]}},"_links":{"self":[{"href":"https:\/\/naturalpoland.com\/tr\/wp-json\/wp\/v2\/product\/45178","targetHints":{"allow":["GET"]}}],"collection":[{"href":"https:\/\/naturalpoland.com\/tr\/wp-json\/wp\/v2\/product"}],"about":[{"href":"https:\/\/naturalpoland.com\/tr\/wp-json\/wp\/v2\/types\/product"}],"wp:featuredmedia":[{"embeddable":true,"href":"https:\/\/naturalpoland.com\/tr\/wp-json\/wp\/v2\/media\/45180"}],"wp:attachment":[{"href":"https:\/\/naturalpoland.com\/tr\/wp-json\/wp\/v2\/media?parent=45178"}],"wp:term":[{"taxonomy":"product_brand","embeddable":true,"href":"https:\/\/naturalpoland.com\/tr\/wp-json\/wp\/v2\/product_brand?post=45178"},{"taxonomy":"product_cat","embeddable":true,"href":"https:\/\/naturalpoland.com\/tr\/wp-json\/wp\/v2\/product_cat?post=45178"},{"taxonomy":"product_tag","embeddable":true,"href":"https:\/\/naturalpoland.com\/tr\/wp-json\/wp\/v2\/product_tag?post=45178"}],"curies":[{"name":"wp","href":"https:\/\/api.w.org\/{rel}","templated":true}]}}