{"id":45301,"date":"2025-12-11T12:33:57","date_gmt":"2025-12-11T11:33:57","guid":{"rendered":"https:\/\/naturalpoland.com\/produkty\/kategorilenmemis\/papain\/"},"modified":"2026-01-26T12:24:01","modified_gmt":"2026-01-26T11:24:01","slug":"papain","status":"publish","type":"product","link":"https:\/\/naturalpoland.com\/tr\/urunler\/gida-hammaddeleri\/enzimler\/papain\/","title":{"rendered":"Papain"},"content":{"rendered":"<p>Papain, karakteristik do\u011fal koku ve tada sahip beyaz, ince kristalli bir tozdur. \u00dcr\u00fcndeki su i\u00e7eri\u011fi %7&#8217;yi ge\u00e7mez. Formu sayesinde hammadde, hem kozmetik \u00fcr\u00fcnlerde hem de takviyelerde \u00f6nemli olan form\u00fclasyonlarda kolayca da\u011f\u0131l\u0131r.  <\/p>\n<p>Papain <strong>kozmetikte<\/strong> peeling \u00f6zellikleri i\u00e7in de\u011ferlidir &#8211; do\u011fal bir <strong>keratolik enzim<\/strong> olarak \u00e7al\u0131\u015f\u0131r, \u00f6l\u00fc deri h\u00fccrelerini nazik\u00e7e uzakla\u015ft\u0131r\u0131r, cilt y\u00fczeyini p\u00fcr\u00fczs\u00fczle\u015ftirir ve cilt tonunu iyile\u015ftirir. Cilt ve v\u00fccut bak\u0131m form\u00fclasyonlar\u0131nda nemlendirmeyi art\u0131r\u0131r, yumu\u015fakl\u0131k ve p\u00fcr\u00fczs\u00fczl\u00fck sa\u011flar. Enzim peelinglerde, maskelerde, akne bak\u0131m \u00fcr\u00fcnlerinde ve ayak ve el cildini yumu\u015fatan \u00fcr\u00fcnlerde ba\u015far\u0131yla kullan\u0131l\u0131r.  <\/p>\n<p><strong>G\u0131da ve nutras\u00f6tik end\u00fcstrisinde<\/strong> papain, protein sindirimini destekleyen do\u011fal bir enzim olarak i\u015flev g\u00f6r\u00fcr ve sindirim takviyelerinin bir bile\u015fenidir.<\/p>\n","protected":false},"excerpt":{"rendered":"<p><strong>Papain<\/strong>, papaya meyvesinden (<em>Carica papaya<\/em>) elde edilen, protein par\u00e7alama yetene\u011fi sayesinde kozmetik, g\u0131da end\u00fcstrisi ve takviyeler de dahil olmak \u00fczere yayg\u0131n olarak kullan\u0131lan do\u011fal bir proteolitik enzimdir. Minimum 700.000 IU\/g d\u00fczeyinde \u00e7ok y\u00fcksek enzim aktivitesine sahiptir.  <\/p>\n","protected":false},"featured_media":45302,"template":"","meta":{"_acf_changed":false},"product_brand":[],"product_cat":[9556,9568],"product_tag":[],"class_list":{"0":"post-45301","1":"product","2":"type-product","3":"status-publish","4":"has-post-thumbnail","6":"product_cat-aktif-maddeler","7":"product_cat-enzimler","9":"first","10":"instock","11":"shipping-taxable","12":"product-type-simple"},"acf":[],"yoast_head":"<!-- This site is optimized with the Yoast SEO plugin v27.4 - https:\/\/yoast.com\/product\/yoast-seo-wordpress\/ -->\n<title>Papain - Hurtowy Dystrybutor<\/title>\n<meta name=\"description\" content=\"Papain, kozmetik ve g\u0131da end\u00fcstrisinde kullan\u0131lan \u00e7ok y\u00f6nl\u00fc ve y\u00fcksek enzim aktivitesine sahip bir hammaddedir.\" \/>\n<meta name=\"robots\" content=\"index, follow, max-snippet:-1, max-image-preview:large, max-video-preview:-1\" \/>\n<link rel=\"canonical\" href=\"https:\/\/naturalpoland.com\/tr\/urunler\/gida-hammaddeleri\/enzimler\/papain\/\" \/>\n<meta property=\"og:locale\" content=\"tr_TR\" \/>\n<meta property=\"og:type\" content=\"article\" \/>\n<meta property=\"og:title\" content=\"Papain - Hurtowy Dystrybutor\" \/>\n<meta property=\"og:description\" content=\"Papain, kozmetik ve g\u0131da end\u00fcstrisinde kullan\u0131lan \u00e7ok y\u00f6nl\u00fc ve y\u00fcksek enzim aktivitesine sahip bir hammaddedir.\" \/>\n<meta property=\"og:url\" content=\"https:\/\/naturalpoland.com\/tr\/urunler\/gida-hammaddeleri\/enzimler\/papain\/\" \/>\n<meta property=\"og:site_name\" content=\"NATURAL POLAND - Hurtowy Dystrybutor Surowc\u00f3w\" \/>\n<meta property=\"article:publisher\" content=\"https:\/\/www.facebook.com\/naturalpoland.b2b\" \/>\n<meta property=\"article:modified_time\" content=\"2026-01-26T11:24:01+00:00\" \/>\n<meta property=\"og:image\" content=\"https:\/\/naturalpoland.com\/wp-content\/uploads\/papaina.webp\" \/>\n\t<meta property=\"og:image:width\" content=\"1024\" \/>\n\t<meta property=\"og:image:height\" content=\"1024\" \/>\n\t<meta property=\"og:image:type\" content=\"image\/webp\" \/>\n<script type=\"application\/ld+json\" class=\"yoast-schema-graph\">{\"@context\":\"https:\\\/\\\/schema.org\",\"@graph\":[{\"@type\":\"WebPage\",\"@id\":\"https:\\\/\\\/naturalpoland.com\\\/tr\\\/urunler\\\/gida-hammaddeleri\\\/enzimler\\\/papain\\\/\",\"url\":\"https:\\\/\\\/naturalpoland.com\\\/tr\\\/urunler\\\/gida-hammaddeleri\\\/enzimler\\\/papain\\\/\",\"name\":\"Papain - Hurtowy Dystrybutor\",\"isPartOf\":{\"@id\":\"https:\\\/\\\/naturalpoland.com\\\/tr\\\/#website\"},\"primaryImageOfPage\":{\"@id\":\"https:\\\/\\\/naturalpoland.com\\\/tr\\\/urunler\\\/gida-hammaddeleri\\\/enzimler\\\/papain\\\/#primaryimage\"},\"image\":{\"@id\":\"https:\\\/\\\/naturalpoland.com\\\/tr\\\/urunler\\\/gida-hammaddeleri\\\/enzimler\\\/papain\\\/#primaryimage\"},\"thumbnailUrl\":\"https:\\\/\\\/naturalpoland.com\\\/wp-content\\\/uploads\\\/papaina.webp\",\"datePublished\":\"2025-12-11T11:33:57+00:00\",\"dateModified\":\"2026-01-26T11:24:01+00:00\",\"description\":\"Papain, kozmetik ve g\u0131da end\u00fcstrisinde kullan\u0131lan \u00e7ok y\u00f6nl\u00fc ve y\u00fcksek enzim aktivitesine sahip bir hammaddedir.\",\"breadcrumb\":{\"@id\":\"https:\\\/\\\/naturalpoland.com\\\/tr\\\/urunler\\\/gida-hammaddeleri\\\/enzimler\\\/papain\\\/#breadcrumb\"},\"inLanguage\":\"tr\",\"potentialAction\":[{\"@type\":\"ReadAction\",\"target\":[\"https:\\\/\\\/naturalpoland.com\\\/tr\\\/urunler\\\/gida-hammaddeleri\\\/enzimler\\\/papain\\\/\"]}]},{\"@type\":\"ImageObject\",\"inLanguage\":\"tr\",\"@id\":\"https:\\\/\\\/naturalpoland.com\\\/tr\\\/urunler\\\/gida-hammaddeleri\\\/enzimler\\\/papain\\\/#primaryimage\",\"url\":\"https:\\\/\\\/naturalpoland.com\\\/wp-content\\\/uploads\\\/papaina.webp\",\"contentUrl\":\"https:\\\/\\\/naturalpoland.com\\\/wp-content\\\/uploads\\\/papaina.webp\",\"width\":1024,\"height\":1024,\"caption\":\"papain\"},{\"@type\":\"BreadcrumbList\",\"@id\":\"https:\\\/\\\/naturalpoland.com\\\/tr\\\/urunler\\\/gida-hammaddeleri\\\/enzimler\\\/papain\\\/#breadcrumb\",\"itemListElement\":[{\"@type\":\"ListItem\",\"position\":1,\"name\":\"Ana Sayfa\",\"item\":\"https:\\\/\\\/naturalpoland.com\\\/tr\\\/\"},{\"@type\":\"ListItem\",\"position\":2,\"name\":\"\u00dcr\u00fcnler\",\"item\":\"https:\\\/\\\/naturalpoland.com\\\/tr\\\/urunler\\\/\"},{\"@type\":\"ListItem\",\"position\":3,\"name\":\"Papain\"}]},{\"@type\":\"WebSite\",\"@id\":\"https:\\\/\\\/naturalpoland.com\\\/tr\\\/#website\",\"url\":\"https:\\\/\\\/naturalpoland.com\\\/tr\\\/\",\"name\":\"NATURAL POLAND - Hurtowy Dystrybutor Surowc\u00f3w\",\"description\":\"Surowce dla przemys\u0142u spo\u017cywczego, kosmetycznego i farmaceutycznego\",\"publisher\":{\"@id\":\"https:\\\/\\\/naturalpoland.com\\\/tr\\\/#organization\"},\"potentialAction\":[{\"@type\":\"SearchAction\",\"target\":{\"@type\":\"EntryPoint\",\"urlTemplate\":\"https:\\\/\\\/naturalpoland.com\\\/tr\\\/?s={search_term_string}\"},\"query-input\":{\"@type\":\"PropertyValueSpecification\",\"valueRequired\":true,\"valueName\":\"search_term_string\"}}],\"inLanguage\":\"tr\"},{\"@type\":\"Organization\",\"@id\":\"https:\\\/\\\/naturalpoland.com\\\/tr\\\/#organization\",\"name\":\"Natural Poland\",\"url\":\"https:\\\/\\\/naturalpoland.com\\\/tr\\\/\",\"logo\":{\"@type\":\"ImageObject\",\"inLanguage\":\"tr\",\"@id\":\"https:\\\/\\\/naturalpoland.com\\\/tr\\\/#\\\/schema\\\/logo\\\/image\\\/\",\"url\":\"https:\\\/\\\/naturalpoland.com\\\/wp-content\\\/uploads\\\/2021\\\/05\\\/natural-poland-icon.png\",\"contentUrl\":\"https:\\\/\\\/naturalpoland.com\\\/wp-content\\\/uploads\\\/2021\\\/05\\\/natural-poland-icon.png\",\"width\":512,\"height\":512,\"caption\":\"Natural Poland\"},\"image\":{\"@id\":\"https:\\\/\\\/naturalpoland.com\\\/tr\\\/#\\\/schema\\\/logo\\\/image\\\/\"},\"sameAs\":[\"https:\\\/\\\/www.facebook.com\\\/naturalpoland.b2b\",\"https:\\\/\\\/pl.linkedin.com\\\/company\\\/natural-poland\",\"https:\\\/\\\/www.youtube.com\\\/channel\\\/UCgeGGkvOMahZo-xu_MSEWxg\"]}]}<\/script>\n<!-- \/ Yoast SEO plugin. -->","yoast_head_json":{"title":"Papain - Hurtowy Dystrybutor","description":"Papain, kozmetik ve g\u0131da end\u00fcstrisinde kullan\u0131lan \u00e7ok y\u00f6nl\u00fc ve y\u00fcksek enzim aktivitesine sahip bir hammaddedir.","robots":{"index":"index","follow":"follow","max-snippet":"max-snippet:-1","max-image-preview":"max-image-preview:large","max-video-preview":"max-video-preview:-1"},"canonical":"https:\/\/naturalpoland.com\/tr\/urunler\/gida-hammaddeleri\/enzimler\/papain\/","og_locale":"tr_TR","og_type":"article","og_title":"Papain - Hurtowy Dystrybutor","og_description":"Papain, kozmetik ve g\u0131da end\u00fcstrisinde kullan\u0131lan \u00e7ok y\u00f6nl\u00fc ve y\u00fcksek enzim aktivitesine sahip bir hammaddedir.","og_url":"https:\/\/naturalpoland.com\/tr\/urunler\/gida-hammaddeleri\/enzimler\/papain\/","og_site_name":"NATURAL POLAND - Hurtowy Dystrybutor Surowc\u00f3w","article_publisher":"https:\/\/www.facebook.com\/naturalpoland.b2b","article_modified_time":"2026-01-26T11:24:01+00:00","og_image":[{"width":1024,"height":1024,"url":"https:\/\/naturalpoland.com\/wp-content\/uploads\/papaina.webp","type":"image\/webp"}],"schema":{"@context":"https:\/\/schema.org","@graph":[{"@type":"WebPage","@id":"https:\/\/naturalpoland.com\/tr\/urunler\/gida-hammaddeleri\/enzimler\/papain\/","url":"https:\/\/naturalpoland.com\/tr\/urunler\/gida-hammaddeleri\/enzimler\/papain\/","name":"Papain - Hurtowy Dystrybutor","isPartOf":{"@id":"https:\/\/naturalpoland.com\/tr\/#website"},"primaryImageOfPage":{"@id":"https:\/\/naturalpoland.com\/tr\/urunler\/gida-hammaddeleri\/enzimler\/papain\/#primaryimage"},"image":{"@id":"https:\/\/naturalpoland.com\/tr\/urunler\/gida-hammaddeleri\/enzimler\/papain\/#primaryimage"},"thumbnailUrl":"https:\/\/naturalpoland.com\/wp-content\/uploads\/papaina.webp","datePublished":"2025-12-11T11:33:57+00:00","dateModified":"2026-01-26T11:24:01+00:00","description":"Papain, kozmetik ve g\u0131da end\u00fcstrisinde kullan\u0131lan \u00e7ok y\u00f6nl\u00fc ve y\u00fcksek enzim aktivitesine sahip bir hammaddedir.","breadcrumb":{"@id":"https:\/\/naturalpoland.com\/tr\/urunler\/gida-hammaddeleri\/enzimler\/papain\/#breadcrumb"},"inLanguage":"tr","potentialAction":[{"@type":"ReadAction","target":["https:\/\/naturalpoland.com\/tr\/urunler\/gida-hammaddeleri\/enzimler\/papain\/"]}]},{"@type":"ImageObject","inLanguage":"tr","@id":"https:\/\/naturalpoland.com\/tr\/urunler\/gida-hammaddeleri\/enzimler\/papain\/#primaryimage","url":"https:\/\/naturalpoland.com\/wp-content\/uploads\/papaina.webp","contentUrl":"https:\/\/naturalpoland.com\/wp-content\/uploads\/papaina.webp","width":1024,"height":1024,"caption":"papain"},{"@type":"BreadcrumbList","@id":"https:\/\/naturalpoland.com\/tr\/urunler\/gida-hammaddeleri\/enzimler\/papain\/#breadcrumb","itemListElement":[{"@type":"ListItem","position":1,"name":"Ana Sayfa","item":"https:\/\/naturalpoland.com\/tr\/"},{"@type":"ListItem","position":2,"name":"\u00dcr\u00fcnler","item":"https:\/\/naturalpoland.com\/tr\/urunler\/"},{"@type":"ListItem","position":3,"name":"Papain"}]},{"@type":"WebSite","@id":"https:\/\/naturalpoland.com\/tr\/#website","url":"https:\/\/naturalpoland.com\/tr\/","name":"NATURAL POLAND - Hurtowy Dystrybutor Surowc\u00f3w","description":"Surowce dla przemys\u0142u spo\u017cywczego, kosmetycznego i farmaceutycznego","publisher":{"@id":"https:\/\/naturalpoland.com\/tr\/#organization"},"potentialAction":[{"@type":"SearchAction","target":{"@type":"EntryPoint","urlTemplate":"https:\/\/naturalpoland.com\/tr\/?s={search_term_string}"},"query-input":{"@type":"PropertyValueSpecification","valueRequired":true,"valueName":"search_term_string"}}],"inLanguage":"tr"},{"@type":"Organization","@id":"https:\/\/naturalpoland.com\/tr\/#organization","name":"Natural Poland","url":"https:\/\/naturalpoland.com\/tr\/","logo":{"@type":"ImageObject","inLanguage":"tr","@id":"https:\/\/naturalpoland.com\/tr\/#\/schema\/logo\/image\/","url":"https:\/\/naturalpoland.com\/wp-content\/uploads\/2021\/05\/natural-poland-icon.png","contentUrl":"https:\/\/naturalpoland.com\/wp-content\/uploads\/2021\/05\/natural-poland-icon.png","width":512,"height":512,"caption":"Natural Poland"},"image":{"@id":"https:\/\/naturalpoland.com\/tr\/#\/schema\/logo\/image\/"},"sameAs":["https:\/\/www.facebook.com\/naturalpoland.b2b","https:\/\/pl.linkedin.com\/company\/natural-poland","https:\/\/www.youtube.com\/channel\/UCgeGGkvOMahZo-xu_MSEWxg"]}]}},"_links":{"self":[{"href":"https:\/\/naturalpoland.com\/tr\/wp-json\/wp\/v2\/product\/45301","targetHints":{"allow":["GET"]}}],"collection":[{"href":"https:\/\/naturalpoland.com\/tr\/wp-json\/wp\/v2\/product"}],"about":[{"href":"https:\/\/naturalpoland.com\/tr\/wp-json\/wp\/v2\/types\/product"}],"wp:featuredmedia":[{"embeddable":true,"href":"https:\/\/naturalpoland.com\/tr\/wp-json\/wp\/v2\/media\/45302"}],"wp:attachment":[{"href":"https:\/\/naturalpoland.com\/tr\/wp-json\/wp\/v2\/media?parent=45301"}],"wp:term":[{"taxonomy":"product_brand","embeddable":true,"href":"https:\/\/naturalpoland.com\/tr\/wp-json\/wp\/v2\/product_brand?post=45301"},{"taxonomy":"product_cat","embeddable":true,"href":"https:\/\/naturalpoland.com\/tr\/wp-json\/wp\/v2\/product_cat?post=45301"},{"taxonomy":"product_tag","embeddable":true,"href":"https:\/\/naturalpoland.com\/tr\/wp-json\/wp\/v2\/product_tag?post=45301"}],"curies":[{"name":"wp","href":"https:\/\/api.w.org\/{rel}","templated":true}]}}