{"id":45303,"date":"2025-08-05T12:45:55","date_gmt":"2025-08-05T10:45:55","guid":{"rendered":"https:\/\/naturalpoland.com\/produkty\/kategorilenmemis\/krema-aromasi\/"},"modified":"2026-01-26T12:24:21","modified_gmt":"2026-01-26T11:24:21","slug":"krema-aromasi","status":"publish","type":"product","link":"https:\/\/naturalpoland.com\/tr\/urunler\/gida-hammaddeleri\/aromalar\/tatli-aromalar\/krema-aromasi\/","title":{"rendered":"Krema aromas\u0131"},"content":{"rendered":"<h2>Krema aromas\u0131 \u00e7e\u015fitleri<\/h2>\n<p><strong>Do\u011fal krema aromas\u0131<\/strong>, s\u00fct\u00fcms\u00fc notalarla ger\u00e7ek, tatl\u0131 krema karakterini yans\u0131t\u0131r ve y\u00fcksek s\u0131cakl\u0131klara dayan\u0131kl\u0131d\u0131r. F\u0131r\u0131nc\u0131l\u0131k ve g\u0131da takviyesi \u00fcretimi gibi \u0131s\u0131l i\u015flem gerektiren uygulamalar i\u00e7in tasarlanm\u0131\u015ft\u0131r. <\/p>\n<p><strong>S\u0131v\u0131 krema aromalar\u0131<\/strong>, klasik aromatik \u015fekerli krema profillerinden bal ve badem notalar\u0131na, ayr\u0131ca vanilyal\u0131 yo\u011furt ve s\u00fctl\u00fc dondurma tarz\u0131nda tatl\u0131 vanilya ve ek\u015fi kremay\u0131 birle\u015ftiren &#8220;Creme de la Creme&#8221; gibi daha karma\u015f\u0131k kompozisyonlara kadar geni\u015f bir yelpaze sunar. &#8220;Cornish Cream&#8221; ve &#8220;Pastac\u0131l\u0131k Kremas\u0131&#8221; gibi varyantlar, tatl\u0131lar, kremalar ve dondurma \u00fcr\u00fcnleri i\u00e7in ideal olan kremal\u0131-vanilyal\u0131, narenciye ve bisk\u00fcvi notalar\u0131 i\u00e7erir.  <\/p>\n<p>Ayr\u0131ca tatl\u0131-ek\u015fi profile ve kremams\u0131 derinli\u011fe sahip <strong>f\u0131r\u0131nc\u0131l\u0131k i\u00e7in \u00f6zel versiyonlar<\/strong> da mevcuttur (&#8220;F\u0131r\u0131nc\u0131l\u0131k Kremas\u0131&#8221;, &#8220;Krema Kremas\u0131&#8221;). Konsantre varyantlar, daha d\u00fc\u015f\u00fck dozajla yo\u011fun etki elde edilmesini sa\u011flar. <\/p>\n<p><strong>Toz aromalar<\/strong> ise instant tozlarda, g\u0131da takviyelerinde ve fonksiyonel kar\u0131\u015f\u0131mlarda kullan\u0131m i\u00e7in y\u00fcksek stabilite ve geni\u015f uygulama olanaklar\u0131 sunar. \u015eekerli, ball\u0131-bademli krema veya yo\u011fun s\u00fctl\u00fc profile sahip ek\u015fi krema karakterini yeniden olu\u015fturur. <\/p>\n<p>Aromatik varyantlar glikol ve triasetin gibi ta\u015f\u0131y\u0131c\u0131larda mevcuttur.<\/p>\n","protected":false},"excerpt":{"rendered":"<p>Krema aromas\u0131 s\u00fct \u00fcr\u00fcnlerinden tatl\u0131lara, g\u0131da takviyelerinden f\u0131r\u0131n \u00fcr\u00fcnlerine kadar g\u0131da \u00fcr\u00fcnlerinde kullan\u0131l\u0131r.<\/p>\n","protected":false},"featured_media":45304,"template":"","meta":{"_acf_changed":false},"product_brand":[],"product_cat":[9561],"product_tag":[],"class_list":{"0":"post-45303","1":"product","2":"type-product","3":"status-publish","4":"has-post-thumbnail","6":"product_cat-tatli-aromalar","8":"first","9":"instock","10":"shipping-taxable","11":"product-type-simple"},"acf":[],"yoast_head":"<!-- This site is optimized with the Yoast SEO plugin v27.5 - https:\/\/yoast.com\/product\/yoast-seo-wordpress\/ -->\n<title>Krema aromas\u0131 - Hurtowy Dystrybutor<\/title>\n<meta name=\"description\" content=\"Krema aromas\u0131, g\u0131da \u00fcr\u00fcnlerinin geni\u015f bir yelpazesinde kullan\u0131lan zengin ve \u00e7ok y\u00f6nl\u00fc bir tat ve koku profiline sahiptir.\" \/>\n<meta name=\"robots\" content=\"index, follow, max-snippet:-1, max-image-preview:large, max-video-preview:-1\" \/>\n<link rel=\"canonical\" href=\"https:\/\/naturalpoland.com\/tr\/urunler\/gida-hammaddeleri\/aromalar\/tatli-aromalar\/krema-aromasi\/\" \/>\n<meta property=\"og:locale\" content=\"tr_TR\" \/>\n<meta property=\"og:type\" content=\"article\" \/>\n<meta property=\"og:title\" content=\"Krema aromas\u0131 - Hurtowy Dystrybutor\" \/>\n<meta property=\"og:description\" content=\"Krema aromas\u0131, g\u0131da \u00fcr\u00fcnlerinin geni\u015f bir yelpazesinde kullan\u0131lan zengin ve \u00e7ok y\u00f6nl\u00fc bir tat ve koku profiline sahiptir.\" \/>\n<meta property=\"og:url\" content=\"https:\/\/naturalpoland.com\/tr\/urunler\/gida-hammaddeleri\/aromalar\/tatli-aromalar\/krema-aromasi\/\" \/>\n<meta property=\"og:site_name\" content=\"NATURAL POLAND - Hurtowy Dystrybutor Surowc\u00f3w\" \/>\n<meta property=\"article:publisher\" content=\"https:\/\/www.facebook.com\/naturalpoland.b2b\" \/>\n<meta property=\"article:modified_time\" content=\"2026-01-26T11:24:21+00:00\" \/>\n<meta property=\"og:image\" content=\"https:\/\/naturalpoland.com\/wp-content\/uploads\/aromay-smietankowy.webp\" \/>\n\t<meta property=\"og:image:width\" content=\"1024\" \/>\n\t<meta property=\"og:image:height\" content=\"1024\" \/>\n\t<meta property=\"og:image:type\" content=\"image\/webp\" \/>\n<script type=\"application\/ld+json\" class=\"yoast-schema-graph\">{\"@context\":\"https:\\\/\\\/schema.org\",\"@graph\":[{\"@type\":\"WebPage\",\"@id\":\"https:\\\/\\\/naturalpoland.com\\\/tr\\\/urunler\\\/gida-hammaddeleri\\\/aromalar\\\/tatli-aromalar\\\/krema-aromasi\\\/\",\"url\":\"https:\\\/\\\/naturalpoland.com\\\/tr\\\/urunler\\\/gida-hammaddeleri\\\/aromalar\\\/tatli-aromalar\\\/krema-aromasi\\\/\",\"name\":\"Krema aromas\u0131 - Hurtowy Dystrybutor\",\"isPartOf\":{\"@id\":\"https:\\\/\\\/naturalpoland.com\\\/tr\\\/#website\"},\"primaryImageOfPage\":{\"@id\":\"https:\\\/\\\/naturalpoland.com\\\/tr\\\/urunler\\\/gida-hammaddeleri\\\/aromalar\\\/tatli-aromalar\\\/krema-aromasi\\\/#primaryimage\"},\"image\":{\"@id\":\"https:\\\/\\\/naturalpoland.com\\\/tr\\\/urunler\\\/gida-hammaddeleri\\\/aromalar\\\/tatli-aromalar\\\/krema-aromasi\\\/#primaryimage\"},\"thumbnailUrl\":\"https:\\\/\\\/naturalpoland.com\\\/wp-content\\\/uploads\\\/aromay-smietankowy.webp\",\"datePublished\":\"2025-08-05T10:45:55+00:00\",\"dateModified\":\"2026-01-26T11:24:21+00:00\",\"description\":\"Krema aromas\u0131, g\u0131da \u00fcr\u00fcnlerinin geni\u015f bir yelpazesinde kullan\u0131lan zengin ve \u00e7ok y\u00f6nl\u00fc bir tat ve koku profiline sahiptir.\",\"breadcrumb\":{\"@id\":\"https:\\\/\\\/naturalpoland.com\\\/tr\\\/urunler\\\/gida-hammaddeleri\\\/aromalar\\\/tatli-aromalar\\\/krema-aromasi\\\/#breadcrumb\"},\"inLanguage\":\"tr\",\"potentialAction\":[{\"@type\":\"ReadAction\",\"target\":[\"https:\\\/\\\/naturalpoland.com\\\/tr\\\/urunler\\\/gida-hammaddeleri\\\/aromalar\\\/tatli-aromalar\\\/krema-aromasi\\\/\"]}]},{\"@type\":\"ImageObject\",\"inLanguage\":\"tr\",\"@id\":\"https:\\\/\\\/naturalpoland.com\\\/tr\\\/urunler\\\/gida-hammaddeleri\\\/aromalar\\\/tatli-aromalar\\\/krema-aromasi\\\/#primaryimage\",\"url\":\"https:\\\/\\\/naturalpoland.com\\\/wp-content\\\/uploads\\\/aromay-smietankowy.webp\",\"contentUrl\":\"https:\\\/\\\/naturalpoland.com\\\/wp-content\\\/uploads\\\/aromay-smietankowy.webp\",\"width\":1024,\"height\":1024,\"caption\":\"krema aromas\u0131\"},{\"@type\":\"BreadcrumbList\",\"@id\":\"https:\\\/\\\/naturalpoland.com\\\/tr\\\/urunler\\\/gida-hammaddeleri\\\/aromalar\\\/tatli-aromalar\\\/krema-aromasi\\\/#breadcrumb\",\"itemListElement\":[{\"@type\":\"ListItem\",\"position\":1,\"name\":\"Ana Sayfa\",\"item\":\"https:\\\/\\\/naturalpoland.com\\\/tr\\\/\"},{\"@type\":\"ListItem\",\"position\":2,\"name\":\"\u00dcr\u00fcnler\",\"item\":\"https:\\\/\\\/naturalpoland.com\\\/tr\\\/urunler\\\/\"},{\"@type\":\"ListItem\",\"position\":3,\"name\":\"Krema aromas\u0131\"}]},{\"@type\":\"WebSite\",\"@id\":\"https:\\\/\\\/naturalpoland.com\\\/tr\\\/#website\",\"url\":\"https:\\\/\\\/naturalpoland.com\\\/tr\\\/\",\"name\":\"NATURAL POLAND - Hurtowy Dystrybutor Surowc\u00f3w\",\"description\":\"Surowce dla przemys\u0142u spo\u017cywczego, kosmetycznego i farmaceutycznego\",\"publisher\":{\"@id\":\"https:\\\/\\\/naturalpoland.com\\\/tr\\\/#organization\"},\"potentialAction\":[{\"@type\":\"SearchAction\",\"target\":{\"@type\":\"EntryPoint\",\"urlTemplate\":\"https:\\\/\\\/naturalpoland.com\\\/tr\\\/?s={search_term_string}\"},\"query-input\":{\"@type\":\"PropertyValueSpecification\",\"valueRequired\":true,\"valueName\":\"search_term_string\"}}],\"inLanguage\":\"tr\"},{\"@type\":\"Organization\",\"@id\":\"https:\\\/\\\/naturalpoland.com\\\/tr\\\/#organization\",\"name\":\"Natural Poland\",\"url\":\"https:\\\/\\\/naturalpoland.com\\\/tr\\\/\",\"logo\":{\"@type\":\"ImageObject\",\"inLanguage\":\"tr\",\"@id\":\"https:\\\/\\\/naturalpoland.com\\\/tr\\\/#\\\/schema\\\/logo\\\/image\\\/\",\"url\":\"https:\\\/\\\/naturalpoland.com\\\/wp-content\\\/uploads\\\/2021\\\/05\\\/natural-poland-icon.png\",\"contentUrl\":\"https:\\\/\\\/naturalpoland.com\\\/wp-content\\\/uploads\\\/2021\\\/05\\\/natural-poland-icon.png\",\"width\":512,\"height\":512,\"caption\":\"Natural Poland\"},\"image\":{\"@id\":\"https:\\\/\\\/naturalpoland.com\\\/tr\\\/#\\\/schema\\\/logo\\\/image\\\/\"},\"sameAs\":[\"https:\\\/\\\/www.facebook.com\\\/naturalpoland.b2b\",\"https:\\\/\\\/pl.linkedin.com\\\/company\\\/natural-poland\",\"https:\\\/\\\/www.youtube.com\\\/channel\\\/UCgeGGkvOMahZo-xu_MSEWxg\"]}]}<\/script>\n<!-- \/ Yoast SEO plugin. -->","yoast_head_json":{"title":"Krema aromas\u0131 - Hurtowy Dystrybutor","description":"Krema aromas\u0131, g\u0131da \u00fcr\u00fcnlerinin geni\u015f bir yelpazesinde kullan\u0131lan zengin ve \u00e7ok y\u00f6nl\u00fc bir tat ve koku profiline sahiptir.","robots":{"index":"index","follow":"follow","max-snippet":"max-snippet:-1","max-image-preview":"max-image-preview:large","max-video-preview":"max-video-preview:-1"},"canonical":"https:\/\/naturalpoland.com\/tr\/urunler\/gida-hammaddeleri\/aromalar\/tatli-aromalar\/krema-aromasi\/","og_locale":"tr_TR","og_type":"article","og_title":"Krema aromas\u0131 - Hurtowy Dystrybutor","og_description":"Krema aromas\u0131, g\u0131da \u00fcr\u00fcnlerinin geni\u015f bir yelpazesinde kullan\u0131lan zengin ve \u00e7ok y\u00f6nl\u00fc bir tat ve koku profiline sahiptir.","og_url":"https:\/\/naturalpoland.com\/tr\/urunler\/gida-hammaddeleri\/aromalar\/tatli-aromalar\/krema-aromasi\/","og_site_name":"NATURAL POLAND - Hurtowy Dystrybutor Surowc\u00f3w","article_publisher":"https:\/\/www.facebook.com\/naturalpoland.b2b","article_modified_time":"2026-01-26T11:24:21+00:00","og_image":[{"width":1024,"height":1024,"url":"https:\/\/naturalpoland.com\/wp-content\/uploads\/aromay-smietankowy.webp","type":"image\/webp"}],"schema":{"@context":"https:\/\/schema.org","@graph":[{"@type":"WebPage","@id":"https:\/\/naturalpoland.com\/tr\/urunler\/gida-hammaddeleri\/aromalar\/tatli-aromalar\/krema-aromasi\/","url":"https:\/\/naturalpoland.com\/tr\/urunler\/gida-hammaddeleri\/aromalar\/tatli-aromalar\/krema-aromasi\/","name":"Krema aromas\u0131 - Hurtowy Dystrybutor","isPartOf":{"@id":"https:\/\/naturalpoland.com\/tr\/#website"},"primaryImageOfPage":{"@id":"https:\/\/naturalpoland.com\/tr\/urunler\/gida-hammaddeleri\/aromalar\/tatli-aromalar\/krema-aromasi\/#primaryimage"},"image":{"@id":"https:\/\/naturalpoland.com\/tr\/urunler\/gida-hammaddeleri\/aromalar\/tatli-aromalar\/krema-aromasi\/#primaryimage"},"thumbnailUrl":"https:\/\/naturalpoland.com\/wp-content\/uploads\/aromay-smietankowy.webp","datePublished":"2025-08-05T10:45:55+00:00","dateModified":"2026-01-26T11:24:21+00:00","description":"Krema aromas\u0131, g\u0131da \u00fcr\u00fcnlerinin geni\u015f bir yelpazesinde kullan\u0131lan zengin ve \u00e7ok y\u00f6nl\u00fc bir tat ve koku profiline sahiptir.","breadcrumb":{"@id":"https:\/\/naturalpoland.com\/tr\/urunler\/gida-hammaddeleri\/aromalar\/tatli-aromalar\/krema-aromasi\/#breadcrumb"},"inLanguage":"tr","potentialAction":[{"@type":"ReadAction","target":["https:\/\/naturalpoland.com\/tr\/urunler\/gida-hammaddeleri\/aromalar\/tatli-aromalar\/krema-aromasi\/"]}]},{"@type":"ImageObject","inLanguage":"tr","@id":"https:\/\/naturalpoland.com\/tr\/urunler\/gida-hammaddeleri\/aromalar\/tatli-aromalar\/krema-aromasi\/#primaryimage","url":"https:\/\/naturalpoland.com\/wp-content\/uploads\/aromay-smietankowy.webp","contentUrl":"https:\/\/naturalpoland.com\/wp-content\/uploads\/aromay-smietankowy.webp","width":1024,"height":1024,"caption":"krema aromas\u0131"},{"@type":"BreadcrumbList","@id":"https:\/\/naturalpoland.com\/tr\/urunler\/gida-hammaddeleri\/aromalar\/tatli-aromalar\/krema-aromasi\/#breadcrumb","itemListElement":[{"@type":"ListItem","position":1,"name":"Ana Sayfa","item":"https:\/\/naturalpoland.com\/tr\/"},{"@type":"ListItem","position":2,"name":"\u00dcr\u00fcnler","item":"https:\/\/naturalpoland.com\/tr\/urunler\/"},{"@type":"ListItem","position":3,"name":"Krema aromas\u0131"}]},{"@type":"WebSite","@id":"https:\/\/naturalpoland.com\/tr\/#website","url":"https:\/\/naturalpoland.com\/tr\/","name":"NATURAL POLAND - Hurtowy Dystrybutor Surowc\u00f3w","description":"Surowce dla przemys\u0142u spo\u017cywczego, kosmetycznego i farmaceutycznego","publisher":{"@id":"https:\/\/naturalpoland.com\/tr\/#organization"},"potentialAction":[{"@type":"SearchAction","target":{"@type":"EntryPoint","urlTemplate":"https:\/\/naturalpoland.com\/tr\/?s={search_term_string}"},"query-input":{"@type":"PropertyValueSpecification","valueRequired":true,"valueName":"search_term_string"}}],"inLanguage":"tr"},{"@type":"Organization","@id":"https:\/\/naturalpoland.com\/tr\/#organization","name":"Natural Poland","url":"https:\/\/naturalpoland.com\/tr\/","logo":{"@type":"ImageObject","inLanguage":"tr","@id":"https:\/\/naturalpoland.com\/tr\/#\/schema\/logo\/image\/","url":"https:\/\/naturalpoland.com\/wp-content\/uploads\/2021\/05\/natural-poland-icon.png","contentUrl":"https:\/\/naturalpoland.com\/wp-content\/uploads\/2021\/05\/natural-poland-icon.png","width":512,"height":512,"caption":"Natural Poland"},"image":{"@id":"https:\/\/naturalpoland.com\/tr\/#\/schema\/logo\/image\/"},"sameAs":["https:\/\/www.facebook.com\/naturalpoland.b2b","https:\/\/pl.linkedin.com\/company\/natural-poland","https:\/\/www.youtube.com\/channel\/UCgeGGkvOMahZo-xu_MSEWxg"]}]}},"_links":{"self":[{"href":"https:\/\/naturalpoland.com\/tr\/wp-json\/wp\/v2\/product\/45303","targetHints":{"allow":["GET"]}}],"collection":[{"href":"https:\/\/naturalpoland.com\/tr\/wp-json\/wp\/v2\/product"}],"about":[{"href":"https:\/\/naturalpoland.com\/tr\/wp-json\/wp\/v2\/types\/product"}],"wp:featuredmedia":[{"embeddable":true,"href":"https:\/\/naturalpoland.com\/tr\/wp-json\/wp\/v2\/media\/45304"}],"wp:attachment":[{"href":"https:\/\/naturalpoland.com\/tr\/wp-json\/wp\/v2\/media?parent=45303"}],"wp:term":[{"taxonomy":"product_brand","embeddable":true,"href":"https:\/\/naturalpoland.com\/tr\/wp-json\/wp\/v2\/product_brand?post=45303"},{"taxonomy":"product_cat","embeddable":true,"href":"https:\/\/naturalpoland.com\/tr\/wp-json\/wp\/v2\/product_cat?post=45303"},{"taxonomy":"product_tag","embeddable":true,"href":"https:\/\/naturalpoland.com\/tr\/wp-json\/wp\/v2\/product_tag?post=45303"}],"curies":[{"name":"wp","href":"https:\/\/api.w.org\/{rel}","templated":true}]}}