{"id":45305,"date":"2025-08-25T13:57:07","date_gmt":"2025-08-25T11:57:07","guid":{"rendered":"https:\/\/naturalpoland.com\/produkty\/kategorilenmemis\/galactomyces-fermentasyon-filtrati\/"},"modified":"2026-01-26T12:24:26","modified_gmt":"2026-01-26T11:24:26","slug":"galactomyces-fermentasyon-filtrati","status":"publish","type":"product","link":"https:\/\/naturalpoland.com\/tr\/urunler\/kozmetik-hammaddeleri\/fermente-ekstraktlar\/galactomyces-fermentasyon-filtrati\/","title":{"rendered":"Galactomyces Fermentasyon Filtrat\u0131"},"content":{"rendered":"<h2>\u00d6zellikler ve Etkileri:<\/h2>\n<ul>\n<li>Cildi yo\u011fun \u015fekilde nemlendirir, elastikli\u011fini ve yumu\u015fakl\u0131\u011f\u0131n\u0131 art\u0131r\u0131r<\/li>\n<li>Cildi ayd\u0131nlat\u0131r ve ten rengini e\u015fitler, lekeleri azalt\u0131r<\/li>\n<li>Hidrolipit bariyerini g\u00fc\u00e7lendirir ve transepidermal su kayb\u0131n\u0131 (TEWL) s\u0131n\u0131rlar<\/li>\n<li>Antioksidan etki g\u00f6sterir, serbest radikalleri n\u00f6tralize eder ve cilt h\u00fccrelerini korur<\/li>\n<li>Siyah nokta ve a\u015f\u0131r\u0131 sebum salg\u0131s\u0131yla m\u00fccadeleyi destekler<\/li>\n<li>Cilde parlakl\u0131k ve sa\u011fl\u0131kl\u0131 g\u00f6r\u00fcn\u00fcm kazand\u0131r\u0131r<\/li>\n<\/ul>\n<h2>Kullan\u0131m:<\/h2>\n<p>Susuz kalm\u0131\u015f, yorgun, parlakl\u0131\u011f\u0131n\u0131 yitirmi\u015f ciltler i\u00e7in kozmetiklerde ve ayr\u0131ca ya\u015flanma kar\u015f\u0131t\u0131 ve akne kar\u015f\u0131t\u0131 \u00fcr\u00fcnlerin bile\u015feni olarak (tonikler, esanslar, serumlar, kremler) kullan\u0131l\u0131r.<\/p>\n","protected":false},"excerpt":{"rendered":"<p><strong>Galactomyces fermentasyon filtrat\u0131<\/strong>, <em>Galactomyces<\/em> cinsi mayalar\u0131n fermentasyon s\u00fcrecinde elde edilen kozmetik hammaddesidir. Zengin aktif madde seti i\u00e7erir: B grubu vitaminleri (\u00f6zellikle <a href=\"https:\/\/naturalpoland.com\/tr\/urunler\/farmasotik-hammaddeler\/vitaminler\/b3-vitamini\/\">niasinamid \u2013 B3<\/a>), mineraller, amino asitler, enzimler ve antioksidanlar. <\/p>\n","protected":false},"featured_media":45306,"template":"","meta":{"_acf_changed":false},"product_brand":[],"product_cat":[9545,10356],"product_tag":[],"class_list":{"0":"post-45305","1":"product","2":"type-product","3":"status-publish","4":"has-post-thumbnail","6":"product_cat-fermente-ekstraktlar","7":"product_cat-kore-hammaddeleri","9":"first","10":"instock","11":"shipping-taxable","12":"product-type-simple"},"acf":[],"yoast_head":"<!-- This site is optimized with the Yoast SEO plugin v27.5 - https:\/\/yoast.com\/product\/yoast-seo-wordpress\/ -->\n<title>Galactomyces Fermentasyon Filtrat\u0131 - Hurtowy Dystrybutor<\/title>\n<meta name=\"description\" content=\"Galactomyces Ferment Filtrate, Galactomyces cinsi mayalar\u0131n fermentasyon s\u00fcrecinde elde edilen y\u00fcksek de\u011ferli bir kozmetik bile\u015fenidir.\" \/>\n<meta name=\"robots\" content=\"index, follow, max-snippet:-1, max-image-preview:large, max-video-preview:-1\" \/>\n<link rel=\"canonical\" href=\"https:\/\/naturalpoland.com\/tr\/urunler\/kozmetik-hammaddeleri\/fermente-ekstraktlar\/galactomyces-fermentasyon-filtrati\/\" \/>\n<meta property=\"og:locale\" content=\"tr_TR\" \/>\n<meta property=\"og:type\" content=\"article\" \/>\n<meta property=\"og:title\" content=\"Galactomyces Fermentasyon Filtrat\u0131 - Hurtowy Dystrybutor\" \/>\n<meta property=\"og:description\" content=\"Galactomyces Ferment Filtrate, Galactomyces cinsi mayalar\u0131n fermentasyon s\u00fcrecinde elde edilen y\u00fcksek de\u011ferli bir kozmetik bile\u015fenidir.\" \/>\n<meta property=\"og:url\" content=\"https:\/\/naturalpoland.com\/tr\/urunler\/kozmetik-hammaddeleri\/fermente-ekstraktlar\/galactomyces-fermentasyon-filtrati\/\" \/>\n<meta property=\"og:site_name\" content=\"NATURAL POLAND - Hurtowy Dystrybutor Surowc\u00f3w\" \/>\n<meta property=\"article:publisher\" content=\"https:\/\/www.facebook.com\/naturalpoland.b2b\" \/>\n<meta property=\"article:modified_time\" content=\"2026-01-26T11:24:26+00:00\" \/>\n<meta property=\"og:image\" content=\"https:\/\/naturalpoland.com\/wp-content\/uploads\/filtrat-fermentacyjny-galactomyces.webp\" \/>\n\t<meta property=\"og:image:width\" content=\"1024\" \/>\n\t<meta property=\"og:image:height\" content=\"1024\" \/>\n\t<meta property=\"og:image:type\" content=\"image\/webp\" \/>\n<script type=\"application\/ld+json\" class=\"yoast-schema-graph\">{\"@context\":\"https:\\\/\\\/schema.org\",\"@graph\":[{\"@type\":\"WebPage\",\"@id\":\"https:\\\/\\\/naturalpoland.com\\\/tr\\\/urunler\\\/kozmetik-hammaddeleri\\\/fermente-ekstraktlar\\\/galactomyces-fermentasyon-filtrati\\\/\",\"url\":\"https:\\\/\\\/naturalpoland.com\\\/tr\\\/urunler\\\/kozmetik-hammaddeleri\\\/fermente-ekstraktlar\\\/galactomyces-fermentasyon-filtrati\\\/\",\"name\":\"Galactomyces Fermentasyon Filtrat\u0131 - Hurtowy Dystrybutor\",\"isPartOf\":{\"@id\":\"https:\\\/\\\/naturalpoland.com\\\/tr\\\/#website\"},\"primaryImageOfPage\":{\"@id\":\"https:\\\/\\\/naturalpoland.com\\\/tr\\\/urunler\\\/kozmetik-hammaddeleri\\\/fermente-ekstraktlar\\\/galactomyces-fermentasyon-filtrati\\\/#primaryimage\"},\"image\":{\"@id\":\"https:\\\/\\\/naturalpoland.com\\\/tr\\\/urunler\\\/kozmetik-hammaddeleri\\\/fermente-ekstraktlar\\\/galactomyces-fermentasyon-filtrati\\\/#primaryimage\"},\"thumbnailUrl\":\"https:\\\/\\\/naturalpoland.com\\\/wp-content\\\/uploads\\\/filtrat-fermentacyjny-galactomyces.webp\",\"datePublished\":\"2025-08-25T11:57:07+00:00\",\"dateModified\":\"2026-01-26T11:24:26+00:00\",\"description\":\"Galactomyces Ferment Filtrate, Galactomyces cinsi mayalar\u0131n fermentasyon s\u00fcrecinde elde edilen y\u00fcksek de\u011ferli bir kozmetik bile\u015fenidir.\",\"breadcrumb\":{\"@id\":\"https:\\\/\\\/naturalpoland.com\\\/tr\\\/urunler\\\/kozmetik-hammaddeleri\\\/fermente-ekstraktlar\\\/galactomyces-fermentasyon-filtrati\\\/#breadcrumb\"},\"inLanguage\":\"tr\",\"potentialAction\":[{\"@type\":\"ReadAction\",\"target\":[\"https:\\\/\\\/naturalpoland.com\\\/tr\\\/urunler\\\/kozmetik-hammaddeleri\\\/fermente-ekstraktlar\\\/galactomyces-fermentasyon-filtrati\\\/\"]}]},{\"@type\":\"ImageObject\",\"inLanguage\":\"tr\",\"@id\":\"https:\\\/\\\/naturalpoland.com\\\/tr\\\/urunler\\\/kozmetik-hammaddeleri\\\/fermente-ekstraktlar\\\/galactomyces-fermentasyon-filtrati\\\/#primaryimage\",\"url\":\"https:\\\/\\\/naturalpoland.com\\\/wp-content\\\/uploads\\\/filtrat-fermentacyjny-galactomyces.webp\",\"contentUrl\":\"https:\\\/\\\/naturalpoland.com\\\/wp-content\\\/uploads\\\/filtrat-fermentacyjny-galactomyces.webp\",\"width\":1024,\"height\":1024,\"caption\":\"Galactomyces Fermentasyon Filtrat\u0131\"},{\"@type\":\"BreadcrumbList\",\"@id\":\"https:\\\/\\\/naturalpoland.com\\\/tr\\\/urunler\\\/kozmetik-hammaddeleri\\\/fermente-ekstraktlar\\\/galactomyces-fermentasyon-filtrati\\\/#breadcrumb\",\"itemListElement\":[{\"@type\":\"ListItem\",\"position\":1,\"name\":\"Ana Sayfa\",\"item\":\"https:\\\/\\\/naturalpoland.com\\\/tr\\\/\"},{\"@type\":\"ListItem\",\"position\":2,\"name\":\"\u00dcr\u00fcnler\",\"item\":\"https:\\\/\\\/naturalpoland.com\\\/tr\\\/urunler\\\/\"},{\"@type\":\"ListItem\",\"position\":3,\"name\":\"Galactomyces Fermentasyon Filtrat\u0131\"}]},{\"@type\":\"WebSite\",\"@id\":\"https:\\\/\\\/naturalpoland.com\\\/tr\\\/#website\",\"url\":\"https:\\\/\\\/naturalpoland.com\\\/tr\\\/\",\"name\":\"NATURAL POLAND - Hurtowy Dystrybutor Surowc\u00f3w\",\"description\":\"Surowce dla przemys\u0142u spo\u017cywczego, kosmetycznego i farmaceutycznego\",\"publisher\":{\"@id\":\"https:\\\/\\\/naturalpoland.com\\\/tr\\\/#organization\"},\"potentialAction\":[{\"@type\":\"SearchAction\",\"target\":{\"@type\":\"EntryPoint\",\"urlTemplate\":\"https:\\\/\\\/naturalpoland.com\\\/tr\\\/?s={search_term_string}\"},\"query-input\":{\"@type\":\"PropertyValueSpecification\",\"valueRequired\":true,\"valueName\":\"search_term_string\"}}],\"inLanguage\":\"tr\"},{\"@type\":\"Organization\",\"@id\":\"https:\\\/\\\/naturalpoland.com\\\/tr\\\/#organization\",\"name\":\"Natural Poland\",\"url\":\"https:\\\/\\\/naturalpoland.com\\\/tr\\\/\",\"logo\":{\"@type\":\"ImageObject\",\"inLanguage\":\"tr\",\"@id\":\"https:\\\/\\\/naturalpoland.com\\\/tr\\\/#\\\/schema\\\/logo\\\/image\\\/\",\"url\":\"https:\\\/\\\/naturalpoland.com\\\/wp-content\\\/uploads\\\/2021\\\/05\\\/natural-poland-icon.png\",\"contentUrl\":\"https:\\\/\\\/naturalpoland.com\\\/wp-content\\\/uploads\\\/2021\\\/05\\\/natural-poland-icon.png\",\"width\":512,\"height\":512,\"caption\":\"Natural Poland\"},\"image\":{\"@id\":\"https:\\\/\\\/naturalpoland.com\\\/tr\\\/#\\\/schema\\\/logo\\\/image\\\/\"},\"sameAs\":[\"https:\\\/\\\/www.facebook.com\\\/naturalpoland.b2b\",\"https:\\\/\\\/pl.linkedin.com\\\/company\\\/natural-poland\",\"https:\\\/\\\/www.youtube.com\\\/channel\\\/UCgeGGkvOMahZo-xu_MSEWxg\"]}]}<\/script>\n<!-- \/ Yoast SEO plugin. -->","yoast_head_json":{"title":"Galactomyces Fermentasyon Filtrat\u0131 - Hurtowy Dystrybutor","description":"Galactomyces Ferment Filtrate, Galactomyces cinsi mayalar\u0131n fermentasyon s\u00fcrecinde elde edilen y\u00fcksek de\u011ferli bir kozmetik bile\u015fenidir.","robots":{"index":"index","follow":"follow","max-snippet":"max-snippet:-1","max-image-preview":"max-image-preview:large","max-video-preview":"max-video-preview:-1"},"canonical":"https:\/\/naturalpoland.com\/tr\/urunler\/kozmetik-hammaddeleri\/fermente-ekstraktlar\/galactomyces-fermentasyon-filtrati\/","og_locale":"tr_TR","og_type":"article","og_title":"Galactomyces Fermentasyon Filtrat\u0131 - Hurtowy Dystrybutor","og_description":"Galactomyces Ferment Filtrate, Galactomyces cinsi mayalar\u0131n fermentasyon s\u00fcrecinde elde edilen y\u00fcksek de\u011ferli bir kozmetik bile\u015fenidir.","og_url":"https:\/\/naturalpoland.com\/tr\/urunler\/kozmetik-hammaddeleri\/fermente-ekstraktlar\/galactomyces-fermentasyon-filtrati\/","og_site_name":"NATURAL POLAND - Hurtowy Dystrybutor Surowc\u00f3w","article_publisher":"https:\/\/www.facebook.com\/naturalpoland.b2b","article_modified_time":"2026-01-26T11:24:26+00:00","og_image":[{"width":1024,"height":1024,"url":"https:\/\/naturalpoland.com\/wp-content\/uploads\/filtrat-fermentacyjny-galactomyces.webp","type":"image\/webp"}],"schema":{"@context":"https:\/\/schema.org","@graph":[{"@type":"WebPage","@id":"https:\/\/naturalpoland.com\/tr\/urunler\/kozmetik-hammaddeleri\/fermente-ekstraktlar\/galactomyces-fermentasyon-filtrati\/","url":"https:\/\/naturalpoland.com\/tr\/urunler\/kozmetik-hammaddeleri\/fermente-ekstraktlar\/galactomyces-fermentasyon-filtrati\/","name":"Galactomyces Fermentasyon Filtrat\u0131 - Hurtowy Dystrybutor","isPartOf":{"@id":"https:\/\/naturalpoland.com\/tr\/#website"},"primaryImageOfPage":{"@id":"https:\/\/naturalpoland.com\/tr\/urunler\/kozmetik-hammaddeleri\/fermente-ekstraktlar\/galactomyces-fermentasyon-filtrati\/#primaryimage"},"image":{"@id":"https:\/\/naturalpoland.com\/tr\/urunler\/kozmetik-hammaddeleri\/fermente-ekstraktlar\/galactomyces-fermentasyon-filtrati\/#primaryimage"},"thumbnailUrl":"https:\/\/naturalpoland.com\/wp-content\/uploads\/filtrat-fermentacyjny-galactomyces.webp","datePublished":"2025-08-25T11:57:07+00:00","dateModified":"2026-01-26T11:24:26+00:00","description":"Galactomyces Ferment Filtrate, Galactomyces cinsi mayalar\u0131n fermentasyon s\u00fcrecinde elde edilen y\u00fcksek de\u011ferli bir kozmetik bile\u015fenidir.","breadcrumb":{"@id":"https:\/\/naturalpoland.com\/tr\/urunler\/kozmetik-hammaddeleri\/fermente-ekstraktlar\/galactomyces-fermentasyon-filtrati\/#breadcrumb"},"inLanguage":"tr","potentialAction":[{"@type":"ReadAction","target":["https:\/\/naturalpoland.com\/tr\/urunler\/kozmetik-hammaddeleri\/fermente-ekstraktlar\/galactomyces-fermentasyon-filtrati\/"]}]},{"@type":"ImageObject","inLanguage":"tr","@id":"https:\/\/naturalpoland.com\/tr\/urunler\/kozmetik-hammaddeleri\/fermente-ekstraktlar\/galactomyces-fermentasyon-filtrati\/#primaryimage","url":"https:\/\/naturalpoland.com\/wp-content\/uploads\/filtrat-fermentacyjny-galactomyces.webp","contentUrl":"https:\/\/naturalpoland.com\/wp-content\/uploads\/filtrat-fermentacyjny-galactomyces.webp","width":1024,"height":1024,"caption":"Galactomyces Fermentasyon Filtrat\u0131"},{"@type":"BreadcrumbList","@id":"https:\/\/naturalpoland.com\/tr\/urunler\/kozmetik-hammaddeleri\/fermente-ekstraktlar\/galactomyces-fermentasyon-filtrati\/#breadcrumb","itemListElement":[{"@type":"ListItem","position":1,"name":"Ana Sayfa","item":"https:\/\/naturalpoland.com\/tr\/"},{"@type":"ListItem","position":2,"name":"\u00dcr\u00fcnler","item":"https:\/\/naturalpoland.com\/tr\/urunler\/"},{"@type":"ListItem","position":3,"name":"Galactomyces Fermentasyon Filtrat\u0131"}]},{"@type":"WebSite","@id":"https:\/\/naturalpoland.com\/tr\/#website","url":"https:\/\/naturalpoland.com\/tr\/","name":"NATURAL POLAND - Hurtowy Dystrybutor Surowc\u00f3w","description":"Surowce dla przemys\u0142u spo\u017cywczego, kosmetycznego i farmaceutycznego","publisher":{"@id":"https:\/\/naturalpoland.com\/tr\/#organization"},"potentialAction":[{"@type":"SearchAction","target":{"@type":"EntryPoint","urlTemplate":"https:\/\/naturalpoland.com\/tr\/?s={search_term_string}"},"query-input":{"@type":"PropertyValueSpecification","valueRequired":true,"valueName":"search_term_string"}}],"inLanguage":"tr"},{"@type":"Organization","@id":"https:\/\/naturalpoland.com\/tr\/#organization","name":"Natural Poland","url":"https:\/\/naturalpoland.com\/tr\/","logo":{"@type":"ImageObject","inLanguage":"tr","@id":"https:\/\/naturalpoland.com\/tr\/#\/schema\/logo\/image\/","url":"https:\/\/naturalpoland.com\/wp-content\/uploads\/2021\/05\/natural-poland-icon.png","contentUrl":"https:\/\/naturalpoland.com\/wp-content\/uploads\/2021\/05\/natural-poland-icon.png","width":512,"height":512,"caption":"Natural Poland"},"image":{"@id":"https:\/\/naturalpoland.com\/tr\/#\/schema\/logo\/image\/"},"sameAs":["https:\/\/www.facebook.com\/naturalpoland.b2b","https:\/\/pl.linkedin.com\/company\/natural-poland","https:\/\/www.youtube.com\/channel\/UCgeGGkvOMahZo-xu_MSEWxg"]}]}},"_links":{"self":[{"href":"https:\/\/naturalpoland.com\/tr\/wp-json\/wp\/v2\/product\/45305","targetHints":{"allow":["GET"]}}],"collection":[{"href":"https:\/\/naturalpoland.com\/tr\/wp-json\/wp\/v2\/product"}],"about":[{"href":"https:\/\/naturalpoland.com\/tr\/wp-json\/wp\/v2\/types\/product"}],"wp:featuredmedia":[{"embeddable":true,"href":"https:\/\/naturalpoland.com\/tr\/wp-json\/wp\/v2\/media\/45306"}],"wp:attachment":[{"href":"https:\/\/naturalpoland.com\/tr\/wp-json\/wp\/v2\/media?parent=45305"}],"wp:term":[{"taxonomy":"product_brand","embeddable":true,"href":"https:\/\/naturalpoland.com\/tr\/wp-json\/wp\/v2\/product_brand?post=45305"},{"taxonomy":"product_cat","embeddable":true,"href":"https:\/\/naturalpoland.com\/tr\/wp-json\/wp\/v2\/product_cat?post=45305"},{"taxonomy":"product_tag","embeddable":true,"href":"https:\/\/naturalpoland.com\/tr\/wp-json\/wp\/v2\/product_tag?post=45305"}],"curies":[{"name":"wp","href":"https:\/\/api.w.org\/{rel}","templated":true}]}}