{"id":45307,"date":"2025-08-25T15:38:59","date_gmt":"2025-08-25T13:38:59","guid":{"rendered":"https:\/\/naturalpoland.com\/produkty\/kategorilenmemis\/aureobasidium-pullulans-fermenti\/"},"modified":"2026-01-26T12:24:43","modified_gmt":"2026-01-26T11:24:43","slug":"aureobasidium-pullulans-fermenti","status":"publish","type":"product","link":"https:\/\/naturalpoland.com\/tr\/urunler\/kozmetik-hammaddeleri\/fermente-ekstraktlar\/aureobasidium-pullulans-fermenti\/","title":{"rendered":"Aureobasidium pullulans Fermenti"},"content":{"rendered":"<h2>\u00d6zellikler ve Etkileri:<\/h2>\n<ul>\n<li>Cildi kirlenmeye ve dehidrasyona kar\u015f\u0131 koruyan koruyucu bir film olu\u015fturur<\/li>\n<li>P\u00fcr\u00fczs\u00fczle\u015ftirici ve s\u0131k\u0131la\u015ft\u0131r\u0131c\u0131 etki g\u00f6sterir, cilt tonusunu iyile\u015ftirir<\/li>\n<li>G\u00fc\u00e7l\u00fc antioksidan etki g\u00f6sterir &#8211; h\u00fccreleri oksidatif strese kar\u015f\u0131 korur<\/li>\n<li>Cildin genel g\u00f6r\u00fcn\u00fcm\u00fcn\u00fc ve dokusunu iyile\u015ftirebilir<\/li>\n<\/ul>\n<h2>Kullan\u0131m:<\/h2>\n<p>Hem y\u00fcz hem de v\u00fccut i\u00e7in p\u00fcr\u00fczs\u00fczle\u015ftirici ve s\u0131k\u0131la\u015ft\u0131r\u0131c\u0131 \u00fcr\u00fcnlerde kullan\u0131l\u0131r. \u00d6zellikle do\u011fal form\u00fclasyonlar, clean beauty ve ya\u015flanma kar\u015f\u0131t\u0131 kozmetikler i\u00e7in \u00f6nerilir. <\/p>\n","protected":false},"excerpt":{"rendered":"<p><em>Aureobasidium pullulans<\/em> maya benzeri mantarlar\u0131ndan elde edilen ferment, ciltte hissedilebilir, koruyucu bir film olu\u015fturmas\u0131yla bilinir ve s\u0131k\u0131la\u015ft\u0131r\u0131c\u0131 ve p\u00fcr\u00fczs\u00fczle\u015ftirici etki g\u00f6sterir. Do\u011fal k\u00f6keni ve hafif etkisi, onu \u00e7ok y\u00f6nl\u00fc bir aktif bile\u015fen haline getirir. <\/p>\n","protected":false},"featured_media":45308,"template":"","meta":{"_acf_changed":false},"product_brand":[],"product_cat":[9545,10356],"product_tag":[],"class_list":{"0":"post-45307","1":"product","2":"type-product","3":"status-publish","4":"has-post-thumbnail","6":"product_cat-fermente-ekstraktlar","7":"product_cat-kore-hammaddeleri","9":"first","10":"instock","11":"shipping-taxable","12":"product-type-simple"},"acf":[],"yoast_head":"<!-- This site is optimized with the Yoast SEO plugin v27.5 - https:\/\/yoast.com\/product\/yoast-seo-wordpress\/ -->\n<title>Aureobasidium pullulans Fermenti - Hurtowy Dystrybutor<\/title>\n<meta name=\"description\" content=\"Aureobasidium pullulans fermenti, Aureobasidium pullulans maya benzeri mantarlar\u0131ndan elde edilir. Do\u011fal bir k\u00f6kene ve hafif bir etkiye sahiptir.\" \/>\n<meta name=\"robots\" content=\"index, follow, max-snippet:-1, max-image-preview:large, max-video-preview:-1\" \/>\n<link rel=\"canonical\" href=\"https:\/\/naturalpoland.com\/tr\/urunler\/kozmetik-hammaddeleri\/fermente-ekstraktlar\/aureobasidium-pullulans-fermenti\/\" \/>\n<meta property=\"og:locale\" content=\"tr_TR\" \/>\n<meta property=\"og:type\" content=\"article\" \/>\n<meta property=\"og:title\" content=\"Aureobasidium pullulans Fermenti - Hurtowy Dystrybutor\" \/>\n<meta property=\"og:description\" content=\"Aureobasidium pullulans fermenti, Aureobasidium pullulans maya benzeri mantarlar\u0131ndan elde edilir. Do\u011fal bir k\u00f6kene ve hafif bir etkiye sahiptir.\" \/>\n<meta property=\"og:url\" content=\"https:\/\/naturalpoland.com\/tr\/urunler\/kozmetik-hammaddeleri\/fermente-ekstraktlar\/aureobasidium-pullulans-fermenti\/\" \/>\n<meta property=\"og:site_name\" content=\"NATURAL POLAND - Hurtowy Dystrybutor Surowc\u00f3w\" \/>\n<meta property=\"article:publisher\" content=\"https:\/\/www.facebook.com\/naturalpoland.b2b\" \/>\n<meta property=\"article:modified_time\" content=\"2026-01-26T11:24:43+00:00\" \/>\n<meta property=\"og:image\" content=\"https:\/\/naturalpoland.com\/wp-content\/uploads\/ferment-aureobasidium-pullulans.webp\" \/>\n\t<meta property=\"og:image:width\" content=\"1024\" \/>\n\t<meta property=\"og:image:height\" content=\"1024\" \/>\n\t<meta property=\"og:image:type\" content=\"image\/webp\" \/>\n<script type=\"application\/ld+json\" class=\"yoast-schema-graph\">{\"@context\":\"https:\\\/\\\/schema.org\",\"@graph\":[{\"@type\":\"WebPage\",\"@id\":\"https:\\\/\\\/naturalpoland.com\\\/tr\\\/urunler\\\/kozmetik-hammaddeleri\\\/fermente-ekstraktlar\\\/aureobasidium-pullulans-fermenti\\\/\",\"url\":\"https:\\\/\\\/naturalpoland.com\\\/tr\\\/urunler\\\/kozmetik-hammaddeleri\\\/fermente-ekstraktlar\\\/aureobasidium-pullulans-fermenti\\\/\",\"name\":\"Aureobasidium pullulans Fermenti - Hurtowy Dystrybutor\",\"isPartOf\":{\"@id\":\"https:\\\/\\\/naturalpoland.com\\\/tr\\\/#website\"},\"primaryImageOfPage\":{\"@id\":\"https:\\\/\\\/naturalpoland.com\\\/tr\\\/urunler\\\/kozmetik-hammaddeleri\\\/fermente-ekstraktlar\\\/aureobasidium-pullulans-fermenti\\\/#primaryimage\"},\"image\":{\"@id\":\"https:\\\/\\\/naturalpoland.com\\\/tr\\\/urunler\\\/kozmetik-hammaddeleri\\\/fermente-ekstraktlar\\\/aureobasidium-pullulans-fermenti\\\/#primaryimage\"},\"thumbnailUrl\":\"https:\\\/\\\/naturalpoland.com\\\/wp-content\\\/uploads\\\/ferment-aureobasidium-pullulans.webp\",\"datePublished\":\"2025-08-25T13:38:59+00:00\",\"dateModified\":\"2026-01-26T11:24:43+00:00\",\"description\":\"Aureobasidium pullulans fermenti, Aureobasidium pullulans maya benzeri mantarlar\u0131ndan elde edilir. Do\u011fal bir k\u00f6kene ve hafif bir etkiye sahiptir.\",\"breadcrumb\":{\"@id\":\"https:\\\/\\\/naturalpoland.com\\\/tr\\\/urunler\\\/kozmetik-hammaddeleri\\\/fermente-ekstraktlar\\\/aureobasidium-pullulans-fermenti\\\/#breadcrumb\"},\"inLanguage\":\"tr\",\"potentialAction\":[{\"@type\":\"ReadAction\",\"target\":[\"https:\\\/\\\/naturalpoland.com\\\/tr\\\/urunler\\\/kozmetik-hammaddeleri\\\/fermente-ekstraktlar\\\/aureobasidium-pullulans-fermenti\\\/\"]}]},{\"@type\":\"ImageObject\",\"inLanguage\":\"tr\",\"@id\":\"https:\\\/\\\/naturalpoland.com\\\/tr\\\/urunler\\\/kozmetik-hammaddeleri\\\/fermente-ekstraktlar\\\/aureobasidium-pullulans-fermenti\\\/#primaryimage\",\"url\":\"https:\\\/\\\/naturalpoland.com\\\/wp-content\\\/uploads\\\/ferment-aureobasidium-pullulans.webp\",\"contentUrl\":\"https:\\\/\\\/naturalpoland.com\\\/wp-content\\\/uploads\\\/ferment-aureobasidium-pullulans.webp\",\"width\":1024,\"height\":1024,\"caption\":\"Aureobasidium pullulans Fermenti\"},{\"@type\":\"BreadcrumbList\",\"@id\":\"https:\\\/\\\/naturalpoland.com\\\/tr\\\/urunler\\\/kozmetik-hammaddeleri\\\/fermente-ekstraktlar\\\/aureobasidium-pullulans-fermenti\\\/#breadcrumb\",\"itemListElement\":[{\"@type\":\"ListItem\",\"position\":1,\"name\":\"Ana Sayfa\",\"item\":\"https:\\\/\\\/naturalpoland.com\\\/tr\\\/\"},{\"@type\":\"ListItem\",\"position\":2,\"name\":\"\u00dcr\u00fcnler\",\"item\":\"https:\\\/\\\/naturalpoland.com\\\/tr\\\/urunler\\\/\"},{\"@type\":\"ListItem\",\"position\":3,\"name\":\"Aureobasidium pullulans Fermenti\"}]},{\"@type\":\"WebSite\",\"@id\":\"https:\\\/\\\/naturalpoland.com\\\/tr\\\/#website\",\"url\":\"https:\\\/\\\/naturalpoland.com\\\/tr\\\/\",\"name\":\"NATURAL POLAND - Hurtowy Dystrybutor Surowc\u00f3w\",\"description\":\"Surowce dla przemys\u0142u spo\u017cywczego, kosmetycznego i farmaceutycznego\",\"publisher\":{\"@id\":\"https:\\\/\\\/naturalpoland.com\\\/tr\\\/#organization\"},\"potentialAction\":[{\"@type\":\"SearchAction\",\"target\":{\"@type\":\"EntryPoint\",\"urlTemplate\":\"https:\\\/\\\/naturalpoland.com\\\/tr\\\/?s={search_term_string}\"},\"query-input\":{\"@type\":\"PropertyValueSpecification\",\"valueRequired\":true,\"valueName\":\"search_term_string\"}}],\"inLanguage\":\"tr\"},{\"@type\":\"Organization\",\"@id\":\"https:\\\/\\\/naturalpoland.com\\\/tr\\\/#organization\",\"name\":\"Natural Poland\",\"url\":\"https:\\\/\\\/naturalpoland.com\\\/tr\\\/\",\"logo\":{\"@type\":\"ImageObject\",\"inLanguage\":\"tr\",\"@id\":\"https:\\\/\\\/naturalpoland.com\\\/tr\\\/#\\\/schema\\\/logo\\\/image\\\/\",\"url\":\"https:\\\/\\\/naturalpoland.com\\\/wp-content\\\/uploads\\\/2021\\\/05\\\/natural-poland-icon.png\",\"contentUrl\":\"https:\\\/\\\/naturalpoland.com\\\/wp-content\\\/uploads\\\/2021\\\/05\\\/natural-poland-icon.png\",\"width\":512,\"height\":512,\"caption\":\"Natural Poland\"},\"image\":{\"@id\":\"https:\\\/\\\/naturalpoland.com\\\/tr\\\/#\\\/schema\\\/logo\\\/image\\\/\"},\"sameAs\":[\"https:\\\/\\\/www.facebook.com\\\/naturalpoland.b2b\",\"https:\\\/\\\/pl.linkedin.com\\\/company\\\/natural-poland\",\"https:\\\/\\\/www.youtube.com\\\/channel\\\/UCgeGGkvOMahZo-xu_MSEWxg\"]}]}<\/script>\n<!-- \/ Yoast SEO plugin. -->","yoast_head_json":{"title":"Aureobasidium pullulans Fermenti - Hurtowy Dystrybutor","description":"Aureobasidium pullulans fermenti, Aureobasidium pullulans maya benzeri mantarlar\u0131ndan elde edilir. Do\u011fal bir k\u00f6kene ve hafif bir etkiye sahiptir.","robots":{"index":"index","follow":"follow","max-snippet":"max-snippet:-1","max-image-preview":"max-image-preview:large","max-video-preview":"max-video-preview:-1"},"canonical":"https:\/\/naturalpoland.com\/tr\/urunler\/kozmetik-hammaddeleri\/fermente-ekstraktlar\/aureobasidium-pullulans-fermenti\/","og_locale":"tr_TR","og_type":"article","og_title":"Aureobasidium pullulans Fermenti - Hurtowy Dystrybutor","og_description":"Aureobasidium pullulans fermenti, Aureobasidium pullulans maya benzeri mantarlar\u0131ndan elde edilir. Do\u011fal bir k\u00f6kene ve hafif bir etkiye sahiptir.","og_url":"https:\/\/naturalpoland.com\/tr\/urunler\/kozmetik-hammaddeleri\/fermente-ekstraktlar\/aureobasidium-pullulans-fermenti\/","og_site_name":"NATURAL POLAND - Hurtowy Dystrybutor Surowc\u00f3w","article_publisher":"https:\/\/www.facebook.com\/naturalpoland.b2b","article_modified_time":"2026-01-26T11:24:43+00:00","og_image":[{"width":1024,"height":1024,"url":"https:\/\/naturalpoland.com\/wp-content\/uploads\/ferment-aureobasidium-pullulans.webp","type":"image\/webp"}],"schema":{"@context":"https:\/\/schema.org","@graph":[{"@type":"WebPage","@id":"https:\/\/naturalpoland.com\/tr\/urunler\/kozmetik-hammaddeleri\/fermente-ekstraktlar\/aureobasidium-pullulans-fermenti\/","url":"https:\/\/naturalpoland.com\/tr\/urunler\/kozmetik-hammaddeleri\/fermente-ekstraktlar\/aureobasidium-pullulans-fermenti\/","name":"Aureobasidium pullulans Fermenti - Hurtowy Dystrybutor","isPartOf":{"@id":"https:\/\/naturalpoland.com\/tr\/#website"},"primaryImageOfPage":{"@id":"https:\/\/naturalpoland.com\/tr\/urunler\/kozmetik-hammaddeleri\/fermente-ekstraktlar\/aureobasidium-pullulans-fermenti\/#primaryimage"},"image":{"@id":"https:\/\/naturalpoland.com\/tr\/urunler\/kozmetik-hammaddeleri\/fermente-ekstraktlar\/aureobasidium-pullulans-fermenti\/#primaryimage"},"thumbnailUrl":"https:\/\/naturalpoland.com\/wp-content\/uploads\/ferment-aureobasidium-pullulans.webp","datePublished":"2025-08-25T13:38:59+00:00","dateModified":"2026-01-26T11:24:43+00:00","description":"Aureobasidium pullulans fermenti, Aureobasidium pullulans maya benzeri mantarlar\u0131ndan elde edilir. Do\u011fal bir k\u00f6kene ve hafif bir etkiye sahiptir.","breadcrumb":{"@id":"https:\/\/naturalpoland.com\/tr\/urunler\/kozmetik-hammaddeleri\/fermente-ekstraktlar\/aureobasidium-pullulans-fermenti\/#breadcrumb"},"inLanguage":"tr","potentialAction":[{"@type":"ReadAction","target":["https:\/\/naturalpoland.com\/tr\/urunler\/kozmetik-hammaddeleri\/fermente-ekstraktlar\/aureobasidium-pullulans-fermenti\/"]}]},{"@type":"ImageObject","inLanguage":"tr","@id":"https:\/\/naturalpoland.com\/tr\/urunler\/kozmetik-hammaddeleri\/fermente-ekstraktlar\/aureobasidium-pullulans-fermenti\/#primaryimage","url":"https:\/\/naturalpoland.com\/wp-content\/uploads\/ferment-aureobasidium-pullulans.webp","contentUrl":"https:\/\/naturalpoland.com\/wp-content\/uploads\/ferment-aureobasidium-pullulans.webp","width":1024,"height":1024,"caption":"Aureobasidium pullulans Fermenti"},{"@type":"BreadcrumbList","@id":"https:\/\/naturalpoland.com\/tr\/urunler\/kozmetik-hammaddeleri\/fermente-ekstraktlar\/aureobasidium-pullulans-fermenti\/#breadcrumb","itemListElement":[{"@type":"ListItem","position":1,"name":"Ana Sayfa","item":"https:\/\/naturalpoland.com\/tr\/"},{"@type":"ListItem","position":2,"name":"\u00dcr\u00fcnler","item":"https:\/\/naturalpoland.com\/tr\/urunler\/"},{"@type":"ListItem","position":3,"name":"Aureobasidium pullulans Fermenti"}]},{"@type":"WebSite","@id":"https:\/\/naturalpoland.com\/tr\/#website","url":"https:\/\/naturalpoland.com\/tr\/","name":"NATURAL POLAND - Hurtowy Dystrybutor Surowc\u00f3w","description":"Surowce dla przemys\u0142u spo\u017cywczego, kosmetycznego i farmaceutycznego","publisher":{"@id":"https:\/\/naturalpoland.com\/tr\/#organization"},"potentialAction":[{"@type":"SearchAction","target":{"@type":"EntryPoint","urlTemplate":"https:\/\/naturalpoland.com\/tr\/?s={search_term_string}"},"query-input":{"@type":"PropertyValueSpecification","valueRequired":true,"valueName":"search_term_string"}}],"inLanguage":"tr"},{"@type":"Organization","@id":"https:\/\/naturalpoland.com\/tr\/#organization","name":"Natural Poland","url":"https:\/\/naturalpoland.com\/tr\/","logo":{"@type":"ImageObject","inLanguage":"tr","@id":"https:\/\/naturalpoland.com\/tr\/#\/schema\/logo\/image\/","url":"https:\/\/naturalpoland.com\/wp-content\/uploads\/2021\/05\/natural-poland-icon.png","contentUrl":"https:\/\/naturalpoland.com\/wp-content\/uploads\/2021\/05\/natural-poland-icon.png","width":512,"height":512,"caption":"Natural Poland"},"image":{"@id":"https:\/\/naturalpoland.com\/tr\/#\/schema\/logo\/image\/"},"sameAs":["https:\/\/www.facebook.com\/naturalpoland.b2b","https:\/\/pl.linkedin.com\/company\/natural-poland","https:\/\/www.youtube.com\/channel\/UCgeGGkvOMahZo-xu_MSEWxg"]}]}},"_links":{"self":[{"href":"https:\/\/naturalpoland.com\/tr\/wp-json\/wp\/v2\/product\/45307","targetHints":{"allow":["GET"]}}],"collection":[{"href":"https:\/\/naturalpoland.com\/tr\/wp-json\/wp\/v2\/product"}],"about":[{"href":"https:\/\/naturalpoland.com\/tr\/wp-json\/wp\/v2\/types\/product"}],"wp:featuredmedia":[{"embeddable":true,"href":"https:\/\/naturalpoland.com\/tr\/wp-json\/wp\/v2\/media\/45308"}],"wp:attachment":[{"href":"https:\/\/naturalpoland.com\/tr\/wp-json\/wp\/v2\/media?parent=45307"}],"wp:term":[{"taxonomy":"product_brand","embeddable":true,"href":"https:\/\/naturalpoland.com\/tr\/wp-json\/wp\/v2\/product_brand?post=45307"},{"taxonomy":"product_cat","embeddable":true,"href":"https:\/\/naturalpoland.com\/tr\/wp-json\/wp\/v2\/product_cat?post=45307"},{"taxonomy":"product_tag","embeddable":true,"href":"https:\/\/naturalpoland.com\/tr\/wp-json\/wp\/v2\/product_tag?post=45307"}],"curies":[{"name":"wp","href":"https:\/\/api.w.org\/{rel}","templated":true}]}}