{"id":45311,"date":"2025-12-09T11:38:11","date_gmt":"2025-12-09T10:38:11","guid":{"rendered":"https:\/\/naturalpoland.com\/produkty\/kategorilenmemis\/cica-pdrn\/"},"modified":"2026-01-26T12:24:52","modified_gmt":"2026-01-26T11:24:52","slug":"cica-pdrn","status":"publish","type":"product","link":"https:\/\/naturalpoland.com\/tr\/urunler\/kozmetik-hammaddeleri\/aktif-maddeler\/cica-pdrn\/","title":{"rendered":"CICA PDRN"},"content":{"rendered":"<p>CICA PDRN, k\u00fcresel kozmetik inovasyon merkezlerinden biri olan G\u00fcney Kore&#8217;de geli\u015ftirilen premium s\u0131n\u0131f modern bir yenileyici hammaddedir. Form\u00fcl, Centella asiatica&#8217;n\u0131n karakteristik yat\u0131\u015ft\u0131r\u0131c\u0131 etkisini ve Sodyum DNA&#8217;n\u0131n (Sodium DNA) y\u00fcksek rejeneratif aktivitesini ayn\u0131 anda sa\u011flayacak \u015fekilde tasarlanm\u0131\u015ft\u0131r. <\/p>\n<p>Bu hammaddenin bile\u015fiminde su, Centella asiatica \u00f6z\u00fc (%5), Sodyum DNA (%0,0005 \/ 5 ppm) ve hafif bir nemlendirici ve stabilize edici bile\u015fen olarak 1,2-heksanediol bulunur. Bu kompozisyon, sinerjik bir yenileyici, anti-enflamatuar ve cilt iyile\u015fmesini destekleyici etki sa\u011flar. <\/p>\n<h2>CICA PDRN&#8217;nin \u00d6zellikleri ve Etki Mekanizmas\u0131<\/h2>\n<p><strong>1. Doku Rejenerasyonu ve Hasar \u0130yile\u015fmesi<\/strong><\/p>\n<p>PDRN, cilt h\u00fccrelerinin y\u00fczeyinde bulunan <strong>adenozin A2A resept\u00f6r\u00fcn\u00fc<\/strong> aktive eden 65-325 kDa k\u00fctleli bir DNA polimeridir. Bu resept\u00f6r\u00fcn uyar\u0131lmas\u0131 onar\u0131m s\u00fcre\u00e7lerini ba\u015flat\u0131r, fibroblast \u00e7o\u011falmas\u0131n\u0131 h\u0131zland\u0131r\u0131r ve do\u011fal doku rejenerasyonunu destekler. <\/p>\n<p>Bile\u015fen ayr\u0131ca doku iskemisine kar\u015f\u0131 etki g\u00f6sterir, <strong>anjiyogenezi destekler<\/strong> ve <strong>kolajen sentezini uyar\u0131r<\/strong>, bu da ya\u015flanma kar\u015f\u0131t\u0131 \u00fcr\u00fcnlerde ve dermatolojik i\u015flemlerden sonra \u00f6nemlidir.<\/p>\n<p><strong>2. Anti-enflamatuar ve Yat\u0131\u015ft\u0131r\u0131c\u0131 Etki<\/strong><\/p>\n<p>Centella asiatica, g\u00fc\u00e7l\u00fc anti-enflamatuar etkileriyle bilinen <strong>asiatikosit<\/strong> ve <strong>madekasosit<\/strong> gibi triterpenoidler bak\u0131m\u0131ndan zengindir. PDRN ile birle\u015fti\u011finde, hammadde \u00e7evresel stres, UV radyasyonu veya kozmetik i\u015flemlerden kaynaklanan enflamatuar reaksiyonlar\u0131 etkili bir \u015fekilde azalt\u0131r ve tahri\u015fi yat\u0131\u015ft\u0131rmay\u0131 destekler. <\/p>\n<p><strong>Enflamatuar belirte\u00e7lerin ekspresyonunun azalt\u0131lmas\u0131<\/strong> (NF-\u03baB, IL-1, TNF-\u03b1, COX-2) ve <strong>MMP aktivitesinin d\u00fc\u015f\u00fcr\u00fclmesi<\/strong>, kolajenin bozunmaya kar\u015f\u0131 korunmas\u0131na ve cildin esnekli\u011finin artmas\u0131na yol a\u00e7ar.<\/p>\n<p><strong>3. Cilt Esnekli\u011finin, Neminin ve Yap\u0131s\u0131n\u0131n \u0130yile\u015ftirilmesi<\/strong><\/p>\n<p>Hammadde, <strong>Centella asiatica \u00f6z\u00fc<\/strong> ve <strong>nemlendirici aktiviteye sahip bile\u015fenler<\/strong> sayesinde cildin nemini art\u0131r\u0131r. Ayn\u0131 zamanda, SOD aktivitesini art\u0131rarak ve NADPH oksidaz aktivitesini azaltarak kolajen ve elastin sentezini uyar\u0131r, bu da melanin sentezinin azalmas\u0131yla birlikte ger\u00e7ekle\u015fir. <\/p>\n<p>Bile\u015fenin kullan\u0131m\u0131n\u0131n sonucu olarak cildin esnekli\u011fi artar, ince \u00e7izgiler d\u00fczle\u015fir ve g\u00f6zeneklerin g\u00f6r\u00fcn\u00fcrl\u00fc\u011f\u00fc azal\u0131r.<\/p>\n<p><strong>4. Yara \u0130zleri ve Lekelerin Azalt\u0131lmas\u0131na Yard\u0131mc\u0131 Olma<\/strong><\/p>\n<p>Yenileyici \u00f6zellikleri ve enflamatuar s\u00fcre\u00e7leri mod\u00fcle etmesi sayesinde CICA PDRN, <strong>yara izlerinin, enflamasyon sonras\u0131 lekelerin ve akne izlerinin g\u00f6r\u00fcn\u00fcrl\u00fc\u011f\u00fcn\u00fcn azalt\u0131lmas\u0131n\u0131<\/strong> destekleyen \u00fcr\u00fcnlerde kullan\u0131l\u0131r. Bu mekanizma, cildin pigmentasyon s\u00fcre\u00e7lerinin kilit unsurlar\u0131 olan <strong>MITF ekspresyonunun d\u00fczenlenmesi<\/strong> ve <strong>tirozinaz aktivitesinin<\/strong> sonucudur. <\/p>\n<h2>CICA PDRN&#8217;nin Kozmetiklerde Kullan\u0131m\u0131<\/h2>\n<p>CICA PDRN, a\u015fa\u011f\u0131daki \u00fcr\u00fcnler i\u00e7in \u00f6nerilen \u00e7ok fonksiyonlu bir bile\u015fendir:<\/p>\n<ul>\n<li><strong>yenileyici kozmetikler<\/strong> &#8211; bariyer onar\u0131c\u0131 serumlar, onar\u0131c\u0131 kremler, dermatolojik i\u015flemler sonras\u0131 bak\u0131m \u00fcr\u00fcnleri,<\/li>\n<li><strong>ya\u015flanma kar\u015f\u0131t\u0131 kozmetikler<\/strong> &#8211; k\u0131r\u0131\u015f\u0131kl\u0131k azalt\u0131c\u0131, s\u0131k\u0131la\u015ft\u0131r\u0131c\u0131 ve esneklik art\u0131r\u0131c\u0131 form\u00fcller,<\/li>\n<li><strong>hassas cilt kozmetikleri<\/strong> &#8211; yat\u0131\u015ft\u0131r\u0131c\u0131 kremler ve em\u00fclsiyonlar, k\u0131zar\u0131kl\u0131k giderici \u00fcr\u00fcnler,<\/li>\n<li><strong>problemli cilt bak\u0131m kozmetikleri<\/strong> &#8211; lezyonlar\u0131n iyile\u015fmesini destekleme, yara izleri ve lekelerin azalt\u0131lmas\u0131,<\/li>\n<li><strong>dermatolojik ve profesyonel \u00fcr\u00fcnler<\/strong> &#8211; i\u015flem sonras\u0131 maskeler, ampuller, klinik uygulamalar i\u00e7in \u00fcr\u00fcnler,<\/li>\n<li><strong>v\u00fccut bak\u0131m\u0131<\/strong> &#8211; yenileyici losyonlar, tahri\u015f olmu\u015f cilt i\u00e7in \u00fcr\u00fcnler.<\/li>\n<\/ul>\n<p>Geni\u015f etki spektrumu ve \u00e7ok d\u00fc\u015f\u00fck aktif DNA konsantrasyonu (5 ppm) sayesinde, hammadde hem hafif em\u00fclsiyonlara hem de daha zengin krem form\u00fclasyonlar\u0131na iyi uyum sa\u011flar.<\/p>\n<p>&nbsp;<\/p>\n","protected":false},"excerpt":{"rendered":"<p><strong>CICA PDRN<\/strong>, <a href=\"https:\/\/naturalpoland.com\/tr\/urunler\/farmasotik-hammaddeler\/takviye-edici-gida-bilesenleri\/asya-kaplanotu-ekstrakti\/\"><strong>Centella asiatica \u00f6z\u00fcn\u00fc<\/strong><\/a> ayn\u0131 bitkiden elde edilen <strong>polidezoksiribon\u00fckleotidler<\/strong> (PDRN) ile birle\u015ftiren geli\u015fmi\u015f bir biyoaktif komplekstir.<\/p>\n","protected":false},"featured_media":45312,"template":"","meta":{"_acf_changed":false},"product_brand":[],"product_cat":[9556,10356],"product_tag":[],"class_list":{"0":"post-45311","1":"product","2":"type-product","3":"status-publish","4":"has-post-thumbnail","6":"product_cat-aktif-maddeler","7":"product_cat-kore-hammaddeleri","8":"pa_skladnik-aktywny-centella-asiatica-ozu","9":"pa_skladnik-aktywny-sodyum-dna","11":"first","12":"instock","13":"shipping-taxable","14":"product-type-simple"},"acf":[],"yoast_head":"<!-- This site is optimized with the Yoast SEO plugin v27.4 - https:\/\/yoast.com\/product\/yoast-seo-wordpress\/ -->\n<title>CICA PDRN - Hurtowy Dystrybutor<\/title>\n<meta name=\"description\" content=\"CICA PDRN - Centella asiatica ve PDRN&#039;yi birle\u015ftiren Kore kaynakl\u0131 yenileyici bir hammadde. Cilt iyile\u015fmesini destekler, esnekli\u011fi art\u0131r\u0131r ve cilt iltihab\u0131n\u0131 azalt\u0131r.\" \/>\n<meta name=\"robots\" content=\"index, follow, max-snippet:-1, max-image-preview:large, max-video-preview:-1\" \/>\n<link rel=\"canonical\" href=\"https:\/\/naturalpoland.com\/tr\/urunler\/kozmetik-hammaddeleri\/aktif-maddeler\/cica-pdrn\/\" \/>\n<meta property=\"og:locale\" content=\"tr_TR\" \/>\n<meta property=\"og:type\" content=\"article\" \/>\n<meta property=\"og:title\" content=\"CICA PDRN - Hurtowy Dystrybutor\" \/>\n<meta property=\"og:description\" content=\"CICA PDRN - Centella asiatica ve PDRN&#039;yi birle\u015ftiren Kore kaynakl\u0131 yenileyici bir hammadde. Cilt iyile\u015fmesini destekler, esnekli\u011fi art\u0131r\u0131r ve cilt iltihab\u0131n\u0131 azalt\u0131r.\" \/>\n<meta property=\"og:url\" content=\"https:\/\/naturalpoland.com\/tr\/urunler\/kozmetik-hammaddeleri\/aktif-maddeler\/cica-pdrn\/\" \/>\n<meta property=\"og:site_name\" content=\"NATURAL POLAND - Hurtowy Dystrybutor Surowc\u00f3w\" \/>\n<meta property=\"article:publisher\" content=\"https:\/\/www.facebook.com\/naturalpoland.b2b\" \/>\n<meta property=\"article:modified_time\" content=\"2026-01-26T11:24:52+00:00\" \/>\n<meta property=\"og:image\" content=\"https:\/\/naturalpoland.com\/wp-content\/uploads\/cica-pdrn.webp\" \/>\n\t<meta property=\"og:image:width\" content=\"1024\" \/>\n\t<meta property=\"og:image:height\" content=\"1024\" \/>\n\t<meta property=\"og:image:type\" content=\"image\/webp\" \/>\n<script type=\"application\/ld+json\" class=\"yoast-schema-graph\">{\"@context\":\"https:\\\/\\\/schema.org\",\"@graph\":[{\"@type\":\"WebPage\",\"@id\":\"https:\\\/\\\/naturalpoland.com\\\/tr\\\/urunler\\\/kozmetik-hammaddeleri\\\/aktif-maddeler\\\/cica-pdrn\\\/\",\"url\":\"https:\\\/\\\/naturalpoland.com\\\/tr\\\/urunler\\\/kozmetik-hammaddeleri\\\/aktif-maddeler\\\/cica-pdrn\\\/\",\"name\":\"CICA PDRN - Hurtowy Dystrybutor\",\"isPartOf\":{\"@id\":\"https:\\\/\\\/naturalpoland.com\\\/tr\\\/#website\"},\"primaryImageOfPage\":{\"@id\":\"https:\\\/\\\/naturalpoland.com\\\/tr\\\/urunler\\\/kozmetik-hammaddeleri\\\/aktif-maddeler\\\/cica-pdrn\\\/#primaryimage\"},\"image\":{\"@id\":\"https:\\\/\\\/naturalpoland.com\\\/tr\\\/urunler\\\/kozmetik-hammaddeleri\\\/aktif-maddeler\\\/cica-pdrn\\\/#primaryimage\"},\"thumbnailUrl\":\"https:\\\/\\\/naturalpoland.com\\\/wp-content\\\/uploads\\\/cica-pdrn.webp\",\"datePublished\":\"2025-12-09T10:38:11+00:00\",\"dateModified\":\"2026-01-26T11:24:52+00:00\",\"description\":\"CICA PDRN - Centella asiatica ve PDRN'yi birle\u015ftiren Kore kaynakl\u0131 yenileyici bir hammadde. Cilt iyile\u015fmesini destekler, esnekli\u011fi art\u0131r\u0131r ve cilt iltihab\u0131n\u0131 azalt\u0131r.\",\"breadcrumb\":{\"@id\":\"https:\\\/\\\/naturalpoland.com\\\/tr\\\/urunler\\\/kozmetik-hammaddeleri\\\/aktif-maddeler\\\/cica-pdrn\\\/#breadcrumb\"},\"inLanguage\":\"tr\",\"potentialAction\":[{\"@type\":\"ReadAction\",\"target\":[\"https:\\\/\\\/naturalpoland.com\\\/tr\\\/urunler\\\/kozmetik-hammaddeleri\\\/aktif-maddeler\\\/cica-pdrn\\\/\"]}]},{\"@type\":\"ImageObject\",\"inLanguage\":\"tr\",\"@id\":\"https:\\\/\\\/naturalpoland.com\\\/tr\\\/urunler\\\/kozmetik-hammaddeleri\\\/aktif-maddeler\\\/cica-pdrn\\\/#primaryimage\",\"url\":\"https:\\\/\\\/naturalpoland.com\\\/wp-content\\\/uploads\\\/cica-pdrn.webp\",\"contentUrl\":\"https:\\\/\\\/naturalpoland.com\\\/wp-content\\\/uploads\\\/cica-pdrn.webp\",\"width\":1024,\"height\":1024,\"caption\":\"CICA PDRN\"},{\"@type\":\"BreadcrumbList\",\"@id\":\"https:\\\/\\\/naturalpoland.com\\\/tr\\\/urunler\\\/kozmetik-hammaddeleri\\\/aktif-maddeler\\\/cica-pdrn\\\/#breadcrumb\",\"itemListElement\":[{\"@type\":\"ListItem\",\"position\":1,\"name\":\"Ana Sayfa\",\"item\":\"https:\\\/\\\/naturalpoland.com\\\/tr\\\/\"},{\"@type\":\"ListItem\",\"position\":2,\"name\":\"\u00dcr\u00fcnler\",\"item\":\"https:\\\/\\\/naturalpoland.com\\\/tr\\\/urunler\\\/\"},{\"@type\":\"ListItem\",\"position\":3,\"name\":\"CICA PDRN\"}]},{\"@type\":\"WebSite\",\"@id\":\"https:\\\/\\\/naturalpoland.com\\\/tr\\\/#website\",\"url\":\"https:\\\/\\\/naturalpoland.com\\\/tr\\\/\",\"name\":\"NATURAL POLAND - Hurtowy Dystrybutor Surowc\u00f3w\",\"description\":\"Surowce dla przemys\u0142u spo\u017cywczego, kosmetycznego i farmaceutycznego\",\"publisher\":{\"@id\":\"https:\\\/\\\/naturalpoland.com\\\/tr\\\/#organization\"},\"potentialAction\":[{\"@type\":\"SearchAction\",\"target\":{\"@type\":\"EntryPoint\",\"urlTemplate\":\"https:\\\/\\\/naturalpoland.com\\\/tr\\\/?s={search_term_string}\"},\"query-input\":{\"@type\":\"PropertyValueSpecification\",\"valueRequired\":true,\"valueName\":\"search_term_string\"}}],\"inLanguage\":\"tr\"},{\"@type\":\"Organization\",\"@id\":\"https:\\\/\\\/naturalpoland.com\\\/tr\\\/#organization\",\"name\":\"Natural Poland\",\"url\":\"https:\\\/\\\/naturalpoland.com\\\/tr\\\/\",\"logo\":{\"@type\":\"ImageObject\",\"inLanguage\":\"tr\",\"@id\":\"https:\\\/\\\/naturalpoland.com\\\/tr\\\/#\\\/schema\\\/logo\\\/image\\\/\",\"url\":\"https:\\\/\\\/naturalpoland.com\\\/wp-content\\\/uploads\\\/2021\\\/05\\\/natural-poland-icon.png\",\"contentUrl\":\"https:\\\/\\\/naturalpoland.com\\\/wp-content\\\/uploads\\\/2021\\\/05\\\/natural-poland-icon.png\",\"width\":512,\"height\":512,\"caption\":\"Natural Poland\"},\"image\":{\"@id\":\"https:\\\/\\\/naturalpoland.com\\\/tr\\\/#\\\/schema\\\/logo\\\/image\\\/\"},\"sameAs\":[\"https:\\\/\\\/www.facebook.com\\\/naturalpoland.b2b\",\"https:\\\/\\\/pl.linkedin.com\\\/company\\\/natural-poland\",\"https:\\\/\\\/www.youtube.com\\\/channel\\\/UCgeGGkvOMahZo-xu_MSEWxg\"]}]}<\/script>\n<!-- \/ Yoast SEO plugin. -->","yoast_head_json":{"title":"CICA PDRN - Hurtowy Dystrybutor","description":"CICA PDRN - Centella asiatica ve PDRN'yi birle\u015ftiren Kore kaynakl\u0131 yenileyici bir hammadde. Cilt iyile\u015fmesini destekler, esnekli\u011fi art\u0131r\u0131r ve cilt iltihab\u0131n\u0131 azalt\u0131r.","robots":{"index":"index","follow":"follow","max-snippet":"max-snippet:-1","max-image-preview":"max-image-preview:large","max-video-preview":"max-video-preview:-1"},"canonical":"https:\/\/naturalpoland.com\/tr\/urunler\/kozmetik-hammaddeleri\/aktif-maddeler\/cica-pdrn\/","og_locale":"tr_TR","og_type":"article","og_title":"CICA PDRN - Hurtowy Dystrybutor","og_description":"CICA PDRN - Centella asiatica ve PDRN'yi birle\u015ftiren Kore kaynakl\u0131 yenileyici bir hammadde. Cilt iyile\u015fmesini destekler, esnekli\u011fi art\u0131r\u0131r ve cilt iltihab\u0131n\u0131 azalt\u0131r.","og_url":"https:\/\/naturalpoland.com\/tr\/urunler\/kozmetik-hammaddeleri\/aktif-maddeler\/cica-pdrn\/","og_site_name":"NATURAL POLAND - Hurtowy Dystrybutor Surowc\u00f3w","article_publisher":"https:\/\/www.facebook.com\/naturalpoland.b2b","article_modified_time":"2026-01-26T11:24:52+00:00","og_image":[{"width":1024,"height":1024,"url":"https:\/\/naturalpoland.com\/wp-content\/uploads\/cica-pdrn.webp","type":"image\/webp"}],"schema":{"@context":"https:\/\/schema.org","@graph":[{"@type":"WebPage","@id":"https:\/\/naturalpoland.com\/tr\/urunler\/kozmetik-hammaddeleri\/aktif-maddeler\/cica-pdrn\/","url":"https:\/\/naturalpoland.com\/tr\/urunler\/kozmetik-hammaddeleri\/aktif-maddeler\/cica-pdrn\/","name":"CICA PDRN - Hurtowy Dystrybutor","isPartOf":{"@id":"https:\/\/naturalpoland.com\/tr\/#website"},"primaryImageOfPage":{"@id":"https:\/\/naturalpoland.com\/tr\/urunler\/kozmetik-hammaddeleri\/aktif-maddeler\/cica-pdrn\/#primaryimage"},"image":{"@id":"https:\/\/naturalpoland.com\/tr\/urunler\/kozmetik-hammaddeleri\/aktif-maddeler\/cica-pdrn\/#primaryimage"},"thumbnailUrl":"https:\/\/naturalpoland.com\/wp-content\/uploads\/cica-pdrn.webp","datePublished":"2025-12-09T10:38:11+00:00","dateModified":"2026-01-26T11:24:52+00:00","description":"CICA PDRN - Centella asiatica ve PDRN'yi birle\u015ftiren Kore kaynakl\u0131 yenileyici bir hammadde. Cilt iyile\u015fmesini destekler, esnekli\u011fi art\u0131r\u0131r ve cilt iltihab\u0131n\u0131 azalt\u0131r.","breadcrumb":{"@id":"https:\/\/naturalpoland.com\/tr\/urunler\/kozmetik-hammaddeleri\/aktif-maddeler\/cica-pdrn\/#breadcrumb"},"inLanguage":"tr","potentialAction":[{"@type":"ReadAction","target":["https:\/\/naturalpoland.com\/tr\/urunler\/kozmetik-hammaddeleri\/aktif-maddeler\/cica-pdrn\/"]}]},{"@type":"ImageObject","inLanguage":"tr","@id":"https:\/\/naturalpoland.com\/tr\/urunler\/kozmetik-hammaddeleri\/aktif-maddeler\/cica-pdrn\/#primaryimage","url":"https:\/\/naturalpoland.com\/wp-content\/uploads\/cica-pdrn.webp","contentUrl":"https:\/\/naturalpoland.com\/wp-content\/uploads\/cica-pdrn.webp","width":1024,"height":1024,"caption":"CICA PDRN"},{"@type":"BreadcrumbList","@id":"https:\/\/naturalpoland.com\/tr\/urunler\/kozmetik-hammaddeleri\/aktif-maddeler\/cica-pdrn\/#breadcrumb","itemListElement":[{"@type":"ListItem","position":1,"name":"Ana Sayfa","item":"https:\/\/naturalpoland.com\/tr\/"},{"@type":"ListItem","position":2,"name":"\u00dcr\u00fcnler","item":"https:\/\/naturalpoland.com\/tr\/urunler\/"},{"@type":"ListItem","position":3,"name":"CICA PDRN"}]},{"@type":"WebSite","@id":"https:\/\/naturalpoland.com\/tr\/#website","url":"https:\/\/naturalpoland.com\/tr\/","name":"NATURAL POLAND - Hurtowy Dystrybutor Surowc\u00f3w","description":"Surowce dla przemys\u0142u spo\u017cywczego, kosmetycznego i farmaceutycznego","publisher":{"@id":"https:\/\/naturalpoland.com\/tr\/#organization"},"potentialAction":[{"@type":"SearchAction","target":{"@type":"EntryPoint","urlTemplate":"https:\/\/naturalpoland.com\/tr\/?s={search_term_string}"},"query-input":{"@type":"PropertyValueSpecification","valueRequired":true,"valueName":"search_term_string"}}],"inLanguage":"tr"},{"@type":"Organization","@id":"https:\/\/naturalpoland.com\/tr\/#organization","name":"Natural Poland","url":"https:\/\/naturalpoland.com\/tr\/","logo":{"@type":"ImageObject","inLanguage":"tr","@id":"https:\/\/naturalpoland.com\/tr\/#\/schema\/logo\/image\/","url":"https:\/\/naturalpoland.com\/wp-content\/uploads\/2021\/05\/natural-poland-icon.png","contentUrl":"https:\/\/naturalpoland.com\/wp-content\/uploads\/2021\/05\/natural-poland-icon.png","width":512,"height":512,"caption":"Natural Poland"},"image":{"@id":"https:\/\/naturalpoland.com\/tr\/#\/schema\/logo\/image\/"},"sameAs":["https:\/\/www.facebook.com\/naturalpoland.b2b","https:\/\/pl.linkedin.com\/company\/natural-poland","https:\/\/www.youtube.com\/channel\/UCgeGGkvOMahZo-xu_MSEWxg"]}]}},"_links":{"self":[{"href":"https:\/\/naturalpoland.com\/tr\/wp-json\/wp\/v2\/product\/45311","targetHints":{"allow":["GET"]}}],"collection":[{"href":"https:\/\/naturalpoland.com\/tr\/wp-json\/wp\/v2\/product"}],"about":[{"href":"https:\/\/naturalpoland.com\/tr\/wp-json\/wp\/v2\/types\/product"}],"wp:featuredmedia":[{"embeddable":true,"href":"https:\/\/naturalpoland.com\/tr\/wp-json\/wp\/v2\/media\/45312"}],"wp:attachment":[{"href":"https:\/\/naturalpoland.com\/tr\/wp-json\/wp\/v2\/media?parent=45311"}],"wp:term":[{"taxonomy":"product_brand","embeddable":true,"href":"https:\/\/naturalpoland.com\/tr\/wp-json\/wp\/v2\/product_brand?post=45311"},{"taxonomy":"product_cat","embeddable":true,"href":"https:\/\/naturalpoland.com\/tr\/wp-json\/wp\/v2\/product_cat?post=45311"},{"taxonomy":"product_tag","embeddable":true,"href":"https:\/\/naturalpoland.com\/tr\/wp-json\/wp\/v2\/product_tag?post=45311"}],"curies":[{"name":"wp","href":"https:\/\/api.w.org\/{rel}","templated":true}]}}