{"id":45313,"date":"2025-08-25T14:15:49","date_gmt":"2025-08-25T12:15:49","guid":{"rendered":"https:\/\/naturalpoland.com\/produkty\/kategorilenmemis\/pseudoalteromonas-fermenti\/"},"modified":"2026-01-26T12:25:13","modified_gmt":"2026-01-26T11:25:13","slug":"pseudoalteromonas-fermenti","status":"publish","type":"product","link":"https:\/\/naturalpoland.com\/tr\/urunler\/kozmetik-hammaddeleri\/fermente-ekstraktlar\/pseudoalteromonas-fermenti\/","title":{"rendered":"Pseudoalteromonas Fermenti"},"content":{"rendered":"<h2>\u00d6zellikler ve Etkileri:<\/h2>\n<ul>\n<li>Cildin s\u0131k\u0131l\u0131\u011f\u0131n\u0131 ve esnekli\u011fini art\u0131rarak kolajen ve elastin \u00fcretimini uyar\u0131r<\/li>\n<li>&#8220;Do\u011fal lifting&#8221; gibi etki eder &#8211; k\u0131r\u0131\u015f\u0131kl\u0131klar\u0131 ve mimik \u00e7izgilerini p\u00fcr\u00fczs\u00fczle\u015ftirir<\/li>\n<li>Epidermisin yenilenmesini ve iyile\u015fmesini destekler<\/li>\n<li>Cildin derin katmanlar\u0131nda suyu ba\u011flayarak g\u00fc\u00e7l\u00fc bir nemlendirici etki g\u00f6sterir<\/li>\n<li>Nem kayb\u0131n\u0131 \u00f6nleyen koruyucu bir film tabakas\u0131 olu\u015fturur<\/li>\n<\/ul>\n<h2>Kullan\u0131m:<\/h2>\n<p>\u0130leri ya\u015flanma kar\u015f\u0131t\u0131 dermokosmetiklerde, yenileyici ve nemlendirici \u00fcr\u00fcnlerde kullan\u0131l\u0131r &#8211; olgun, talepkar ve hassas cilt bak\u0131m\u0131 i\u00e7in.<\/p>\n","protected":false},"excerpt":{"rendered":"<p><strong>\u00d6zellikle Antarktika \u00e7evresindeki a\u015f\u0131r\u0131 deniz ko\u015fullar\u0131nda bulunan <em>Pseudoalteromonas<\/em> bakterilerinden elde edilen ferment<\/strong>. G\u00fc\u00e7l\u00fc yenileyici ve ya\u015flanma kar\u015f\u0131t\u0131 etkilere sahip benzersiz biyoaktif peptitler i\u00e7erir. <\/p>\n","protected":false},"featured_media":45314,"template":"","meta":{"_acf_changed":false},"product_brand":[],"product_cat":[9545,10356],"product_tag":[],"class_list":{"0":"post-45313","1":"product","2":"type-product","3":"status-publish","4":"has-post-thumbnail","6":"product_cat-fermente-ekstraktlar","7":"product_cat-kore-hammaddeleri","9":"first","10":"instock","11":"shipping-taxable","12":"product-type-simple"},"acf":[],"yoast_head":"<!-- This site is optimized with the Yoast SEO plugin v27.5 - https:\/\/yoast.com\/product\/yoast-seo-wordpress\/ -->\n<title>Pseudoalteromonas Fermenti - Hurtowy Dystrybutor<\/title>\n<meta name=\"description\" content=\"Pseudoalteromonas (deniz bakterileri) fermenti, g\u00fc\u00e7l\u00fc rejenerasyon ve ya\u015flanma kar\u015f\u0131t\u0131 etkilere sahip benzersiz biyoaktif peptitler i\u00e7erir.\" \/>\n<meta name=\"robots\" content=\"index, follow, max-snippet:-1, max-image-preview:large, max-video-preview:-1\" \/>\n<link rel=\"canonical\" href=\"https:\/\/naturalpoland.com\/tr\/urunler\/kozmetik-hammaddeleri\/fermente-ekstraktlar\/pseudoalteromonas-fermenti\/\" \/>\n<meta property=\"og:locale\" content=\"tr_TR\" \/>\n<meta property=\"og:type\" content=\"article\" \/>\n<meta property=\"og:title\" content=\"Pseudoalteromonas Fermenti - Hurtowy Dystrybutor\" \/>\n<meta property=\"og:description\" content=\"Pseudoalteromonas (deniz bakterileri) fermenti, g\u00fc\u00e7l\u00fc rejenerasyon ve ya\u015flanma kar\u015f\u0131t\u0131 etkilere sahip benzersiz biyoaktif peptitler i\u00e7erir.\" \/>\n<meta property=\"og:url\" content=\"https:\/\/naturalpoland.com\/tr\/urunler\/kozmetik-hammaddeleri\/fermente-ekstraktlar\/pseudoalteromonas-fermenti\/\" \/>\n<meta property=\"og:site_name\" content=\"NATURAL POLAND - Hurtowy Dystrybutor Surowc\u00f3w\" \/>\n<meta property=\"article:publisher\" content=\"https:\/\/www.facebook.com\/naturalpoland.b2b\" \/>\n<meta property=\"article:modified_time\" content=\"2026-01-26T11:25:13+00:00\" \/>\n<meta property=\"og:image\" content=\"https:\/\/naturalpoland.com\/wp-content\/uploads\/ferment-pseudoalteromonas.webp\" \/>\n\t<meta property=\"og:image:width\" content=\"1024\" \/>\n\t<meta property=\"og:image:height\" content=\"1024\" \/>\n\t<meta property=\"og:image:type\" content=\"image\/webp\" \/>\n<script type=\"application\/ld+json\" class=\"yoast-schema-graph\">{\"@context\":\"https:\\\/\\\/schema.org\",\"@graph\":[{\"@type\":\"WebPage\",\"@id\":\"https:\\\/\\\/naturalpoland.com\\\/tr\\\/urunler\\\/kozmetik-hammaddeleri\\\/fermente-ekstraktlar\\\/pseudoalteromonas-fermenti\\\/\",\"url\":\"https:\\\/\\\/naturalpoland.com\\\/tr\\\/urunler\\\/kozmetik-hammaddeleri\\\/fermente-ekstraktlar\\\/pseudoalteromonas-fermenti\\\/\",\"name\":\"Pseudoalteromonas Fermenti - Hurtowy Dystrybutor\",\"isPartOf\":{\"@id\":\"https:\\\/\\\/naturalpoland.com\\\/tr\\\/#website\"},\"primaryImageOfPage\":{\"@id\":\"https:\\\/\\\/naturalpoland.com\\\/tr\\\/urunler\\\/kozmetik-hammaddeleri\\\/fermente-ekstraktlar\\\/pseudoalteromonas-fermenti\\\/#primaryimage\"},\"image\":{\"@id\":\"https:\\\/\\\/naturalpoland.com\\\/tr\\\/urunler\\\/kozmetik-hammaddeleri\\\/fermente-ekstraktlar\\\/pseudoalteromonas-fermenti\\\/#primaryimage\"},\"thumbnailUrl\":\"https:\\\/\\\/naturalpoland.com\\\/wp-content\\\/uploads\\\/ferment-pseudoalteromonas.webp\",\"datePublished\":\"2025-08-25T12:15:49+00:00\",\"dateModified\":\"2026-01-26T11:25:13+00:00\",\"description\":\"Pseudoalteromonas (deniz bakterileri) fermenti, g\u00fc\u00e7l\u00fc rejenerasyon ve ya\u015flanma kar\u015f\u0131t\u0131 etkilere sahip benzersiz biyoaktif peptitler i\u00e7erir.\",\"breadcrumb\":{\"@id\":\"https:\\\/\\\/naturalpoland.com\\\/tr\\\/urunler\\\/kozmetik-hammaddeleri\\\/fermente-ekstraktlar\\\/pseudoalteromonas-fermenti\\\/#breadcrumb\"},\"inLanguage\":\"tr\",\"potentialAction\":[{\"@type\":\"ReadAction\",\"target\":[\"https:\\\/\\\/naturalpoland.com\\\/tr\\\/urunler\\\/kozmetik-hammaddeleri\\\/fermente-ekstraktlar\\\/pseudoalteromonas-fermenti\\\/\"]}]},{\"@type\":\"ImageObject\",\"inLanguage\":\"tr\",\"@id\":\"https:\\\/\\\/naturalpoland.com\\\/tr\\\/urunler\\\/kozmetik-hammaddeleri\\\/fermente-ekstraktlar\\\/pseudoalteromonas-fermenti\\\/#primaryimage\",\"url\":\"https:\\\/\\\/naturalpoland.com\\\/wp-content\\\/uploads\\\/ferment-pseudoalteromonas.webp\",\"contentUrl\":\"https:\\\/\\\/naturalpoland.com\\\/wp-content\\\/uploads\\\/ferment-pseudoalteromonas.webp\",\"width\":1024,\"height\":1024,\"caption\":\"Pseudoalteromonas Fermenti\"},{\"@type\":\"BreadcrumbList\",\"@id\":\"https:\\\/\\\/naturalpoland.com\\\/tr\\\/urunler\\\/kozmetik-hammaddeleri\\\/fermente-ekstraktlar\\\/pseudoalteromonas-fermenti\\\/#breadcrumb\",\"itemListElement\":[{\"@type\":\"ListItem\",\"position\":1,\"name\":\"Ana Sayfa\",\"item\":\"https:\\\/\\\/naturalpoland.com\\\/tr\\\/\"},{\"@type\":\"ListItem\",\"position\":2,\"name\":\"\u00dcr\u00fcnler\",\"item\":\"https:\\\/\\\/naturalpoland.com\\\/tr\\\/urunler\\\/\"},{\"@type\":\"ListItem\",\"position\":3,\"name\":\"Pseudoalteromonas Fermenti\"}]},{\"@type\":\"WebSite\",\"@id\":\"https:\\\/\\\/naturalpoland.com\\\/tr\\\/#website\",\"url\":\"https:\\\/\\\/naturalpoland.com\\\/tr\\\/\",\"name\":\"NATURAL POLAND - Hurtowy Dystrybutor Surowc\u00f3w\",\"description\":\"Surowce dla przemys\u0142u spo\u017cywczego, kosmetycznego i farmaceutycznego\",\"publisher\":{\"@id\":\"https:\\\/\\\/naturalpoland.com\\\/tr\\\/#organization\"},\"potentialAction\":[{\"@type\":\"SearchAction\",\"target\":{\"@type\":\"EntryPoint\",\"urlTemplate\":\"https:\\\/\\\/naturalpoland.com\\\/tr\\\/?s={search_term_string}\"},\"query-input\":{\"@type\":\"PropertyValueSpecification\",\"valueRequired\":true,\"valueName\":\"search_term_string\"}}],\"inLanguage\":\"tr\"},{\"@type\":\"Organization\",\"@id\":\"https:\\\/\\\/naturalpoland.com\\\/tr\\\/#organization\",\"name\":\"Natural Poland\",\"url\":\"https:\\\/\\\/naturalpoland.com\\\/tr\\\/\",\"logo\":{\"@type\":\"ImageObject\",\"inLanguage\":\"tr\",\"@id\":\"https:\\\/\\\/naturalpoland.com\\\/tr\\\/#\\\/schema\\\/logo\\\/image\\\/\",\"url\":\"https:\\\/\\\/naturalpoland.com\\\/wp-content\\\/uploads\\\/2021\\\/05\\\/natural-poland-icon.png\",\"contentUrl\":\"https:\\\/\\\/naturalpoland.com\\\/wp-content\\\/uploads\\\/2021\\\/05\\\/natural-poland-icon.png\",\"width\":512,\"height\":512,\"caption\":\"Natural Poland\"},\"image\":{\"@id\":\"https:\\\/\\\/naturalpoland.com\\\/tr\\\/#\\\/schema\\\/logo\\\/image\\\/\"},\"sameAs\":[\"https:\\\/\\\/www.facebook.com\\\/naturalpoland.b2b\",\"https:\\\/\\\/pl.linkedin.com\\\/company\\\/natural-poland\",\"https:\\\/\\\/www.youtube.com\\\/channel\\\/UCgeGGkvOMahZo-xu_MSEWxg\"]}]}<\/script>\n<!-- \/ Yoast SEO plugin. -->","yoast_head_json":{"title":"Pseudoalteromonas Fermenti - Hurtowy Dystrybutor","description":"Pseudoalteromonas (deniz bakterileri) fermenti, g\u00fc\u00e7l\u00fc rejenerasyon ve ya\u015flanma kar\u015f\u0131t\u0131 etkilere sahip benzersiz biyoaktif peptitler i\u00e7erir.","robots":{"index":"index","follow":"follow","max-snippet":"max-snippet:-1","max-image-preview":"max-image-preview:large","max-video-preview":"max-video-preview:-1"},"canonical":"https:\/\/naturalpoland.com\/tr\/urunler\/kozmetik-hammaddeleri\/fermente-ekstraktlar\/pseudoalteromonas-fermenti\/","og_locale":"tr_TR","og_type":"article","og_title":"Pseudoalteromonas Fermenti - Hurtowy Dystrybutor","og_description":"Pseudoalteromonas (deniz bakterileri) fermenti, g\u00fc\u00e7l\u00fc rejenerasyon ve ya\u015flanma kar\u015f\u0131t\u0131 etkilere sahip benzersiz biyoaktif peptitler i\u00e7erir.","og_url":"https:\/\/naturalpoland.com\/tr\/urunler\/kozmetik-hammaddeleri\/fermente-ekstraktlar\/pseudoalteromonas-fermenti\/","og_site_name":"NATURAL POLAND - Hurtowy Dystrybutor Surowc\u00f3w","article_publisher":"https:\/\/www.facebook.com\/naturalpoland.b2b","article_modified_time":"2026-01-26T11:25:13+00:00","og_image":[{"width":1024,"height":1024,"url":"https:\/\/naturalpoland.com\/wp-content\/uploads\/ferment-pseudoalteromonas.webp","type":"image\/webp"}],"schema":{"@context":"https:\/\/schema.org","@graph":[{"@type":"WebPage","@id":"https:\/\/naturalpoland.com\/tr\/urunler\/kozmetik-hammaddeleri\/fermente-ekstraktlar\/pseudoalteromonas-fermenti\/","url":"https:\/\/naturalpoland.com\/tr\/urunler\/kozmetik-hammaddeleri\/fermente-ekstraktlar\/pseudoalteromonas-fermenti\/","name":"Pseudoalteromonas Fermenti - Hurtowy Dystrybutor","isPartOf":{"@id":"https:\/\/naturalpoland.com\/tr\/#website"},"primaryImageOfPage":{"@id":"https:\/\/naturalpoland.com\/tr\/urunler\/kozmetik-hammaddeleri\/fermente-ekstraktlar\/pseudoalteromonas-fermenti\/#primaryimage"},"image":{"@id":"https:\/\/naturalpoland.com\/tr\/urunler\/kozmetik-hammaddeleri\/fermente-ekstraktlar\/pseudoalteromonas-fermenti\/#primaryimage"},"thumbnailUrl":"https:\/\/naturalpoland.com\/wp-content\/uploads\/ferment-pseudoalteromonas.webp","datePublished":"2025-08-25T12:15:49+00:00","dateModified":"2026-01-26T11:25:13+00:00","description":"Pseudoalteromonas (deniz bakterileri) fermenti, g\u00fc\u00e7l\u00fc rejenerasyon ve ya\u015flanma kar\u015f\u0131t\u0131 etkilere sahip benzersiz biyoaktif peptitler i\u00e7erir.","breadcrumb":{"@id":"https:\/\/naturalpoland.com\/tr\/urunler\/kozmetik-hammaddeleri\/fermente-ekstraktlar\/pseudoalteromonas-fermenti\/#breadcrumb"},"inLanguage":"tr","potentialAction":[{"@type":"ReadAction","target":["https:\/\/naturalpoland.com\/tr\/urunler\/kozmetik-hammaddeleri\/fermente-ekstraktlar\/pseudoalteromonas-fermenti\/"]}]},{"@type":"ImageObject","inLanguage":"tr","@id":"https:\/\/naturalpoland.com\/tr\/urunler\/kozmetik-hammaddeleri\/fermente-ekstraktlar\/pseudoalteromonas-fermenti\/#primaryimage","url":"https:\/\/naturalpoland.com\/wp-content\/uploads\/ferment-pseudoalteromonas.webp","contentUrl":"https:\/\/naturalpoland.com\/wp-content\/uploads\/ferment-pseudoalteromonas.webp","width":1024,"height":1024,"caption":"Pseudoalteromonas Fermenti"},{"@type":"BreadcrumbList","@id":"https:\/\/naturalpoland.com\/tr\/urunler\/kozmetik-hammaddeleri\/fermente-ekstraktlar\/pseudoalteromonas-fermenti\/#breadcrumb","itemListElement":[{"@type":"ListItem","position":1,"name":"Ana Sayfa","item":"https:\/\/naturalpoland.com\/tr\/"},{"@type":"ListItem","position":2,"name":"\u00dcr\u00fcnler","item":"https:\/\/naturalpoland.com\/tr\/urunler\/"},{"@type":"ListItem","position":3,"name":"Pseudoalteromonas Fermenti"}]},{"@type":"WebSite","@id":"https:\/\/naturalpoland.com\/tr\/#website","url":"https:\/\/naturalpoland.com\/tr\/","name":"NATURAL POLAND - Hurtowy Dystrybutor Surowc\u00f3w","description":"Surowce dla przemys\u0142u spo\u017cywczego, kosmetycznego i farmaceutycznego","publisher":{"@id":"https:\/\/naturalpoland.com\/tr\/#organization"},"potentialAction":[{"@type":"SearchAction","target":{"@type":"EntryPoint","urlTemplate":"https:\/\/naturalpoland.com\/tr\/?s={search_term_string}"},"query-input":{"@type":"PropertyValueSpecification","valueRequired":true,"valueName":"search_term_string"}}],"inLanguage":"tr"},{"@type":"Organization","@id":"https:\/\/naturalpoland.com\/tr\/#organization","name":"Natural Poland","url":"https:\/\/naturalpoland.com\/tr\/","logo":{"@type":"ImageObject","inLanguage":"tr","@id":"https:\/\/naturalpoland.com\/tr\/#\/schema\/logo\/image\/","url":"https:\/\/naturalpoland.com\/wp-content\/uploads\/2021\/05\/natural-poland-icon.png","contentUrl":"https:\/\/naturalpoland.com\/wp-content\/uploads\/2021\/05\/natural-poland-icon.png","width":512,"height":512,"caption":"Natural Poland"},"image":{"@id":"https:\/\/naturalpoland.com\/tr\/#\/schema\/logo\/image\/"},"sameAs":["https:\/\/www.facebook.com\/naturalpoland.b2b","https:\/\/pl.linkedin.com\/company\/natural-poland","https:\/\/www.youtube.com\/channel\/UCgeGGkvOMahZo-xu_MSEWxg"]}]}},"_links":{"self":[{"href":"https:\/\/naturalpoland.com\/tr\/wp-json\/wp\/v2\/product\/45313","targetHints":{"allow":["GET"]}}],"collection":[{"href":"https:\/\/naturalpoland.com\/tr\/wp-json\/wp\/v2\/product"}],"about":[{"href":"https:\/\/naturalpoland.com\/tr\/wp-json\/wp\/v2\/types\/product"}],"wp:featuredmedia":[{"embeddable":true,"href":"https:\/\/naturalpoland.com\/tr\/wp-json\/wp\/v2\/media\/45314"}],"wp:attachment":[{"href":"https:\/\/naturalpoland.com\/tr\/wp-json\/wp\/v2\/media?parent=45313"}],"wp:term":[{"taxonomy":"product_brand","embeddable":true,"href":"https:\/\/naturalpoland.com\/tr\/wp-json\/wp\/v2\/product_brand?post=45313"},{"taxonomy":"product_cat","embeddable":true,"href":"https:\/\/naturalpoland.com\/tr\/wp-json\/wp\/v2\/product_cat?post=45313"},{"taxonomy":"product_tag","embeddable":true,"href":"https:\/\/naturalpoland.com\/tr\/wp-json\/wp\/v2\/product_tag?post=45313"}],"curies":[{"name":"wp","href":"https:\/\/api.w.org\/{rel}","templated":true}]}}