{"id":45315,"date":"2025-10-30T15:27:08","date_gmt":"2025-10-30T14:27:08","guid":{"rendered":"https:\/\/naturalpoland.com\/produkty\/kategorilenmemis\/keciboynuzu-tozu\/"},"modified":"2026-01-26T12:25:16","modified_gmt":"2026-01-26T11:25:16","slug":"keciboynuzu-tozu","status":"publish","type":"product","link":"https:\/\/naturalpoland.com\/tr\/urunler\/gida-hammaddeleri\/uretim-hammaddeleri\/keciboynuzu-tozu\/","title":{"rendered":"Ke\u00e7iboynuzu tozu"},"content":{"rendered":"<p>Bu \u00fcr\u00fcn\u00fc, kahverengi renkli ve karakteristik, hafif tatl\u0131 tada sahip ince \u00f6\u011f\u00fct\u00fclm\u00fc\u015f toz formunda sunuyoruz. G\u0131da ve takviye end\u00fcstrisinde kullan\u0131m i\u00e7in tasarlanm\u0131\u015ft\u0131r. 80 mesh standart\u0131na uygun gran\u00fclasyonu, iyi ak\u0131\u015fkanl\u0131k ve di\u011fer bile\u015fenlerle kolay kar\u0131\u015f\u0131m sa\u011flar.  <\/p>\n<p>\u00dcr\u00fcn d\u00fc\u015f\u00fck nem ve k\u00fcl i\u00e7eri\u011fine sahiptir. Testler mikrobiyolojik standartlara uygunlu\u011funu da do\u011frulamaktad\u0131r. <\/p>\n<h2>Kullan\u0131m alanlar\u0131<\/h2>\n<p>Ke\u00e7iboynuzu tozu, fonksiyonel g\u0131dalar\u0131n, barlar\u0131n, g\u0131da takviyelerinin ve sa\u011fl\u0131kl\u0131 kakao alternatiflerinin \u00fcretiminde do\u011fal bir bile\u015fen olarak geni\u015f kullan\u0131m alan\u0131 bulur. Organoleptik \u00f6zellikleri ve mikrobiyolojik stabilitesi sayesinde hem <strong>kuru formlarda<\/strong> (kaps\u00fcller, tozlar) hem de <strong>iyi \u00e7\u00f6z\u00fcn\u00fcrl\u00fck ve homojen da\u011f\u0131l\u0131m<\/strong> gerektiren form\u00fclasyonlarda kullan\u0131labilir. <\/p>\n<p>Ke\u00e7iboynuzundaki <strong>do\u011fal \u015fekerler ve lif<\/strong> sindirim sisteminin i\u015flevini destekler. Yumu\u015fak tad\u0131 sayesinde <strong>\u00e7ocuklar ve hassas ki\u015filer<\/strong> i\u00e7in tasarlanan \u00fcr\u00fcnlerde de kullan\u0131labilir. <\/p>\n","protected":false},"excerpt":{"rendered":"<p><strong>Ke\u00e7iboynuzu<\/strong>, ayn\u0131 zamanda <strong>ke\u00e7iboynuzu unu<\/strong> olarak da bilinen, <em>Ceratonia siliqua L<\/em> a\u011fac\u0131n\u0131n bakla tohumlar\u0131ndan elde edilen do\u011fal bir bitkisel \u00fcr\u00fcnd\u00fcr.<\/p>\n","protected":false},"featured_media":45316,"template":"","meta":{"_acf_changed":false},"product_brand":[],"product_cat":[9572],"product_tag":[],"class_list":{"0":"post-45315","1":"product","2":"type-product","3":"status-publish","4":"has-post-thumbnail","6":"product_cat-uretim-hammaddeleri","7":"pa_czesc-rosliny-tohumlar","9":"first","10":"instock","11":"shipping-taxable","12":"product-type-simple"},"acf":[],"yoast_head":"<!-- This site is optimized with the Yoast SEO plugin v27.5 - https:\/\/yoast.com\/product\/yoast-seo-wordpress\/ -->\n<title>Ke\u00e7iboynuzu tozu - Hurtowy Dystrybutor<\/title>\n<meta name=\"description\" content=\"Ke\u00e7iboynuzu tozu (Ceratonia siliqua) - kahverengi ince toz formunda do\u011fal g\u0131da bile\u015feni. Takviyeler ve fonksiyonel g\u0131dalarda kullan\u0131l\u0131r.\" \/>\n<meta name=\"robots\" content=\"index, follow, max-snippet:-1, max-image-preview:large, max-video-preview:-1\" \/>\n<link rel=\"canonical\" href=\"https:\/\/naturalpoland.com\/tr\/urunler\/gida-hammaddeleri\/uretim-hammaddeleri\/keciboynuzu-tozu\/\" \/>\n<meta property=\"og:locale\" content=\"tr_TR\" \/>\n<meta property=\"og:type\" content=\"article\" \/>\n<meta property=\"og:title\" content=\"Ke\u00e7iboynuzu tozu - Hurtowy Dystrybutor\" \/>\n<meta property=\"og:description\" content=\"Ke\u00e7iboynuzu tozu (Ceratonia siliqua) - kahverengi ince toz formunda do\u011fal g\u0131da bile\u015feni. Takviyeler ve fonksiyonel g\u0131dalarda kullan\u0131l\u0131r.\" \/>\n<meta property=\"og:url\" content=\"https:\/\/naturalpoland.com\/tr\/urunler\/gida-hammaddeleri\/uretim-hammaddeleri\/keciboynuzu-tozu\/\" \/>\n<meta property=\"og:site_name\" content=\"NATURAL POLAND - Hurtowy Dystrybutor Surowc\u00f3w\" \/>\n<meta property=\"article:publisher\" content=\"https:\/\/www.facebook.com\/naturalpoland.b2b\" \/>\n<meta property=\"article:modified_time\" content=\"2026-01-26T11:25:16+00:00\" \/>\n<meta property=\"og:image\" content=\"https:\/\/naturalpoland.com\/wp-content\/uploads\/karob-w-proszku.webp\" \/>\n\t<meta property=\"og:image:width\" content=\"1024\" \/>\n\t<meta property=\"og:image:height\" content=\"1024\" \/>\n\t<meta property=\"og:image:type\" content=\"image\/webp\" \/>\n<script type=\"application\/ld+json\" class=\"yoast-schema-graph\">{\"@context\":\"https:\\\/\\\/schema.org\",\"@graph\":[{\"@type\":\"WebPage\",\"@id\":\"https:\\\/\\\/naturalpoland.com\\\/tr\\\/urunler\\\/gida-hammaddeleri\\\/uretim-hammaddeleri\\\/keciboynuzu-tozu\\\/\",\"url\":\"https:\\\/\\\/naturalpoland.com\\\/tr\\\/urunler\\\/gida-hammaddeleri\\\/uretim-hammaddeleri\\\/keciboynuzu-tozu\\\/\",\"name\":\"Ke\u00e7iboynuzu tozu - Hurtowy Dystrybutor\",\"isPartOf\":{\"@id\":\"https:\\\/\\\/naturalpoland.com\\\/tr\\\/#website\"},\"primaryImageOfPage\":{\"@id\":\"https:\\\/\\\/naturalpoland.com\\\/tr\\\/urunler\\\/gida-hammaddeleri\\\/uretim-hammaddeleri\\\/keciboynuzu-tozu\\\/#primaryimage\"},\"image\":{\"@id\":\"https:\\\/\\\/naturalpoland.com\\\/tr\\\/urunler\\\/gida-hammaddeleri\\\/uretim-hammaddeleri\\\/keciboynuzu-tozu\\\/#primaryimage\"},\"thumbnailUrl\":\"https:\\\/\\\/naturalpoland.com\\\/wp-content\\\/uploads\\\/karob-w-proszku.webp\",\"datePublished\":\"2025-10-30T14:27:08+00:00\",\"dateModified\":\"2026-01-26T11:25:16+00:00\",\"description\":\"Ke\u00e7iboynuzu tozu (Ceratonia siliqua) - kahverengi ince toz formunda do\u011fal g\u0131da bile\u015feni. Takviyeler ve fonksiyonel g\u0131dalarda kullan\u0131l\u0131r.\",\"breadcrumb\":{\"@id\":\"https:\\\/\\\/naturalpoland.com\\\/tr\\\/urunler\\\/gida-hammaddeleri\\\/uretim-hammaddeleri\\\/keciboynuzu-tozu\\\/#breadcrumb\"},\"inLanguage\":\"tr\",\"potentialAction\":[{\"@type\":\"ReadAction\",\"target\":[\"https:\\\/\\\/naturalpoland.com\\\/tr\\\/urunler\\\/gida-hammaddeleri\\\/uretim-hammaddeleri\\\/keciboynuzu-tozu\\\/\"]}]},{\"@type\":\"ImageObject\",\"inLanguage\":\"tr\",\"@id\":\"https:\\\/\\\/naturalpoland.com\\\/tr\\\/urunler\\\/gida-hammaddeleri\\\/uretim-hammaddeleri\\\/keciboynuzu-tozu\\\/#primaryimage\",\"url\":\"https:\\\/\\\/naturalpoland.com\\\/wp-content\\\/uploads\\\/karob-w-proszku.webp\",\"contentUrl\":\"https:\\\/\\\/naturalpoland.com\\\/wp-content\\\/uploads\\\/karob-w-proszku.webp\",\"width\":1024,\"height\":1024,\"caption\":\"ke\u00e7iboynuzu tozu\"},{\"@type\":\"BreadcrumbList\",\"@id\":\"https:\\\/\\\/naturalpoland.com\\\/tr\\\/urunler\\\/gida-hammaddeleri\\\/uretim-hammaddeleri\\\/keciboynuzu-tozu\\\/#breadcrumb\",\"itemListElement\":[{\"@type\":\"ListItem\",\"position\":1,\"name\":\"Ana Sayfa\",\"item\":\"https:\\\/\\\/naturalpoland.com\\\/tr\\\/\"},{\"@type\":\"ListItem\",\"position\":2,\"name\":\"\u00dcr\u00fcnler\",\"item\":\"https:\\\/\\\/naturalpoland.com\\\/tr\\\/urunler\\\/\"},{\"@type\":\"ListItem\",\"position\":3,\"name\":\"Ke\u00e7iboynuzu tozu\"}]},{\"@type\":\"WebSite\",\"@id\":\"https:\\\/\\\/naturalpoland.com\\\/tr\\\/#website\",\"url\":\"https:\\\/\\\/naturalpoland.com\\\/tr\\\/\",\"name\":\"NATURAL POLAND - Hurtowy Dystrybutor Surowc\u00f3w\",\"description\":\"Surowce dla przemys\u0142u spo\u017cywczego, kosmetycznego i farmaceutycznego\",\"publisher\":{\"@id\":\"https:\\\/\\\/naturalpoland.com\\\/tr\\\/#organization\"},\"potentialAction\":[{\"@type\":\"SearchAction\",\"target\":{\"@type\":\"EntryPoint\",\"urlTemplate\":\"https:\\\/\\\/naturalpoland.com\\\/tr\\\/?s={search_term_string}\"},\"query-input\":{\"@type\":\"PropertyValueSpecification\",\"valueRequired\":true,\"valueName\":\"search_term_string\"}}],\"inLanguage\":\"tr\"},{\"@type\":\"Organization\",\"@id\":\"https:\\\/\\\/naturalpoland.com\\\/tr\\\/#organization\",\"name\":\"Natural Poland\",\"url\":\"https:\\\/\\\/naturalpoland.com\\\/tr\\\/\",\"logo\":{\"@type\":\"ImageObject\",\"inLanguage\":\"tr\",\"@id\":\"https:\\\/\\\/naturalpoland.com\\\/tr\\\/#\\\/schema\\\/logo\\\/image\\\/\",\"url\":\"https:\\\/\\\/naturalpoland.com\\\/wp-content\\\/uploads\\\/2021\\\/05\\\/natural-poland-icon.png\",\"contentUrl\":\"https:\\\/\\\/naturalpoland.com\\\/wp-content\\\/uploads\\\/2021\\\/05\\\/natural-poland-icon.png\",\"width\":512,\"height\":512,\"caption\":\"Natural Poland\"},\"image\":{\"@id\":\"https:\\\/\\\/naturalpoland.com\\\/tr\\\/#\\\/schema\\\/logo\\\/image\\\/\"},\"sameAs\":[\"https:\\\/\\\/www.facebook.com\\\/naturalpoland.b2b\",\"https:\\\/\\\/pl.linkedin.com\\\/company\\\/natural-poland\",\"https:\\\/\\\/www.youtube.com\\\/channel\\\/UCgeGGkvOMahZo-xu_MSEWxg\"]}]}<\/script>\n<!-- \/ Yoast SEO plugin. -->","yoast_head_json":{"title":"Ke\u00e7iboynuzu tozu - Hurtowy Dystrybutor","description":"Ke\u00e7iboynuzu tozu (Ceratonia siliqua) - kahverengi ince toz formunda do\u011fal g\u0131da bile\u015feni. Takviyeler ve fonksiyonel g\u0131dalarda kullan\u0131l\u0131r.","robots":{"index":"index","follow":"follow","max-snippet":"max-snippet:-1","max-image-preview":"max-image-preview:large","max-video-preview":"max-video-preview:-1"},"canonical":"https:\/\/naturalpoland.com\/tr\/urunler\/gida-hammaddeleri\/uretim-hammaddeleri\/keciboynuzu-tozu\/","og_locale":"tr_TR","og_type":"article","og_title":"Ke\u00e7iboynuzu tozu - Hurtowy Dystrybutor","og_description":"Ke\u00e7iboynuzu tozu (Ceratonia siliqua) - kahverengi ince toz formunda do\u011fal g\u0131da bile\u015feni. Takviyeler ve fonksiyonel g\u0131dalarda kullan\u0131l\u0131r.","og_url":"https:\/\/naturalpoland.com\/tr\/urunler\/gida-hammaddeleri\/uretim-hammaddeleri\/keciboynuzu-tozu\/","og_site_name":"NATURAL POLAND - Hurtowy Dystrybutor Surowc\u00f3w","article_publisher":"https:\/\/www.facebook.com\/naturalpoland.b2b","article_modified_time":"2026-01-26T11:25:16+00:00","og_image":[{"width":1024,"height":1024,"url":"https:\/\/naturalpoland.com\/wp-content\/uploads\/karob-w-proszku.webp","type":"image\/webp"}],"schema":{"@context":"https:\/\/schema.org","@graph":[{"@type":"WebPage","@id":"https:\/\/naturalpoland.com\/tr\/urunler\/gida-hammaddeleri\/uretim-hammaddeleri\/keciboynuzu-tozu\/","url":"https:\/\/naturalpoland.com\/tr\/urunler\/gida-hammaddeleri\/uretim-hammaddeleri\/keciboynuzu-tozu\/","name":"Ke\u00e7iboynuzu tozu - Hurtowy Dystrybutor","isPartOf":{"@id":"https:\/\/naturalpoland.com\/tr\/#website"},"primaryImageOfPage":{"@id":"https:\/\/naturalpoland.com\/tr\/urunler\/gida-hammaddeleri\/uretim-hammaddeleri\/keciboynuzu-tozu\/#primaryimage"},"image":{"@id":"https:\/\/naturalpoland.com\/tr\/urunler\/gida-hammaddeleri\/uretim-hammaddeleri\/keciboynuzu-tozu\/#primaryimage"},"thumbnailUrl":"https:\/\/naturalpoland.com\/wp-content\/uploads\/karob-w-proszku.webp","datePublished":"2025-10-30T14:27:08+00:00","dateModified":"2026-01-26T11:25:16+00:00","description":"Ke\u00e7iboynuzu tozu (Ceratonia siliqua) - kahverengi ince toz formunda do\u011fal g\u0131da bile\u015feni. Takviyeler ve fonksiyonel g\u0131dalarda kullan\u0131l\u0131r.","breadcrumb":{"@id":"https:\/\/naturalpoland.com\/tr\/urunler\/gida-hammaddeleri\/uretim-hammaddeleri\/keciboynuzu-tozu\/#breadcrumb"},"inLanguage":"tr","potentialAction":[{"@type":"ReadAction","target":["https:\/\/naturalpoland.com\/tr\/urunler\/gida-hammaddeleri\/uretim-hammaddeleri\/keciboynuzu-tozu\/"]}]},{"@type":"ImageObject","inLanguage":"tr","@id":"https:\/\/naturalpoland.com\/tr\/urunler\/gida-hammaddeleri\/uretim-hammaddeleri\/keciboynuzu-tozu\/#primaryimage","url":"https:\/\/naturalpoland.com\/wp-content\/uploads\/karob-w-proszku.webp","contentUrl":"https:\/\/naturalpoland.com\/wp-content\/uploads\/karob-w-proszku.webp","width":1024,"height":1024,"caption":"ke\u00e7iboynuzu tozu"},{"@type":"BreadcrumbList","@id":"https:\/\/naturalpoland.com\/tr\/urunler\/gida-hammaddeleri\/uretim-hammaddeleri\/keciboynuzu-tozu\/#breadcrumb","itemListElement":[{"@type":"ListItem","position":1,"name":"Ana Sayfa","item":"https:\/\/naturalpoland.com\/tr\/"},{"@type":"ListItem","position":2,"name":"\u00dcr\u00fcnler","item":"https:\/\/naturalpoland.com\/tr\/urunler\/"},{"@type":"ListItem","position":3,"name":"Ke\u00e7iboynuzu tozu"}]},{"@type":"WebSite","@id":"https:\/\/naturalpoland.com\/tr\/#website","url":"https:\/\/naturalpoland.com\/tr\/","name":"NATURAL POLAND - Hurtowy Dystrybutor Surowc\u00f3w","description":"Surowce dla przemys\u0142u spo\u017cywczego, kosmetycznego i farmaceutycznego","publisher":{"@id":"https:\/\/naturalpoland.com\/tr\/#organization"},"potentialAction":[{"@type":"SearchAction","target":{"@type":"EntryPoint","urlTemplate":"https:\/\/naturalpoland.com\/tr\/?s={search_term_string}"},"query-input":{"@type":"PropertyValueSpecification","valueRequired":true,"valueName":"search_term_string"}}],"inLanguage":"tr"},{"@type":"Organization","@id":"https:\/\/naturalpoland.com\/tr\/#organization","name":"Natural Poland","url":"https:\/\/naturalpoland.com\/tr\/","logo":{"@type":"ImageObject","inLanguage":"tr","@id":"https:\/\/naturalpoland.com\/tr\/#\/schema\/logo\/image\/","url":"https:\/\/naturalpoland.com\/wp-content\/uploads\/2021\/05\/natural-poland-icon.png","contentUrl":"https:\/\/naturalpoland.com\/wp-content\/uploads\/2021\/05\/natural-poland-icon.png","width":512,"height":512,"caption":"Natural Poland"},"image":{"@id":"https:\/\/naturalpoland.com\/tr\/#\/schema\/logo\/image\/"},"sameAs":["https:\/\/www.facebook.com\/naturalpoland.b2b","https:\/\/pl.linkedin.com\/company\/natural-poland","https:\/\/www.youtube.com\/channel\/UCgeGGkvOMahZo-xu_MSEWxg"]}]}},"_links":{"self":[{"href":"https:\/\/naturalpoland.com\/tr\/wp-json\/wp\/v2\/product\/45315","targetHints":{"allow":["GET"]}}],"collection":[{"href":"https:\/\/naturalpoland.com\/tr\/wp-json\/wp\/v2\/product"}],"about":[{"href":"https:\/\/naturalpoland.com\/tr\/wp-json\/wp\/v2\/types\/product"}],"wp:featuredmedia":[{"embeddable":true,"href":"https:\/\/naturalpoland.com\/tr\/wp-json\/wp\/v2\/media\/45316"}],"wp:attachment":[{"href":"https:\/\/naturalpoland.com\/tr\/wp-json\/wp\/v2\/media?parent=45315"}],"wp:term":[{"taxonomy":"product_brand","embeddable":true,"href":"https:\/\/naturalpoland.com\/tr\/wp-json\/wp\/v2\/product_brand?post=45315"},{"taxonomy":"product_cat","embeddable":true,"href":"https:\/\/naturalpoland.com\/tr\/wp-json\/wp\/v2\/product_cat?post=45315"},{"taxonomy":"product_tag","embeddable":true,"href":"https:\/\/naturalpoland.com\/tr\/wp-json\/wp\/v2\/product_tag?post=45315"}],"curies":[{"name":"wp","href":"https:\/\/api.w.org\/{rel}","templated":true}]}}