{"id":45317,"date":"2025-12-09T12:05:02","date_gmt":"2025-12-09T11:05:02","guid":{"rendered":"https:\/\/naturalpoland.com\/produkty\/kategorilenmemis\/fitotetinol-kompleksi\/"},"modified":"2026-01-26T12:25:33","modified_gmt":"2026-01-26T11:25:33","slug":"fitotetinol-kompleksi","status":"publish","type":"product","link":"https:\/\/naturalpoland.com\/tr\/urunler\/kozmetik-hammaddeleri\/aktif-maddeler\/fitotetinol-kompleksi\/","title":{"rendered":"Fitotetinol kompleksi"},"content":{"rendered":"<p>Fitoretinol kompleksi, ya\u015flanma kar\u015f\u0131t\u0131, p\u00fcr\u00fczs\u00fczle\u015ftirici ve cilt elastikiyetini art\u0131r\u0131c\u0131 etkileri belgelenmi\u015f bitkisel \u00f6zleri birle\u015ftiren geli\u015fmi\u015f bir kozmetik hammaddedir. Bu hammadde, retinoidlere \u00f6zg\u00fc tahri\u015f, k\u0131zar\u0131kl\u0131k veya soyulma gibi yan etkiler olmadan etkili ya\u015flanma kar\u015f\u0131t\u0131 etki sa\u011flayan, modern bir <strong>retinol\u00fcn bitkisel alternatifidir<\/strong>. <\/p>\n<p>Kompleks \u00fc\u00e7 aktif bile\u015fenin sinerjisine dayan\u0131r:<\/p>\n<ul>\n<li><strong>Crithmum maritimum (Deniz Rezenesi)<\/strong> \u2013 %2<\/li>\n<li><strong>Lens esculenta (Mercimek) \u00d6z\u00fct\u00fc<\/strong> \u2013 %1<\/li>\n<li><strong>Daucus carota sativa (Havu\u00e7) K\u00f6k \u00d6z\u00fct\u00fc<\/strong> \u2013 %1<br \/>\nhafif nemlendirici 1,2-heksandiol katk\u0131l\u0131 su baz\u0131nda.<\/li>\n<\/ul>\n<p>Bu \u015fekilde tasarlanm\u0131\u015f kompozisyon, cilde klorojenik asitler, flavonoidler, monoterpenler, triptofan ve g\u00fc\u00e7l\u00fc bir antioksidan ve gen\u00e7le\u015ftirici \u00f6zelliklere sahip bitkisel bir sitokin olan do\u011fal kinetin dahil olmak \u00fczere de\u011ferli fitobile\u015fenler sa\u011flar.<\/p>\n<h2>Fitoretinol kompleksinin \u00f6zellikleri<\/h2>\n<p><strong>1. K\u0131r\u0131\u015f\u0131kl\u0131klar\u0131n d\u00fczeltilmesi ve elastikiyetin art\u0131r\u0131lmas\u0131<\/strong><\/p>\n<p>&#8220;Ye\u015fil Retinol&#8221; olarak adland\u0131r\u0131lan Crithmum maritimum \u00f6z\u00fct\u00fc, bioaktif maddeler a\u00e7\u0131s\u0131ndan zengindir:<\/p>\n<ul>\n<li>triptofan,<\/li>\n<li>klorojenik asit,<\/li>\n<li>di-kafeoil-kinik asit,<\/li>\n<li>izorhamnetin-diglikozit,<\/li>\n<li>monoterpenler (izodilapiole, metil-timol).<\/li>\n<\/ul>\n<p>Bu bile\u015fikler kan\u0131tlanm\u0131\u015f etkilere sahiptir:<\/p>\n<ul>\n<li>h\u00fccre yenilenmesini uyar\u0131c\u0131,<\/li>\n<li>k\u0131r\u0131\u015f\u0131kl\u0131k kar\u015f\u0131t\u0131,<\/li>\n<li>cilt elastikiyetini art\u0131r\u0131c\u0131,<\/li>\n<li>iyile\u015fmeyi destekleyici,<\/li>\n<li>epidermis y\u00fczeyini p\u00fcr\u00fczs\u00fczle\u015ftirici.<\/li>\n<\/ul>\n<p>Bu \u00f6z\u00fctte bol miktarda bulunan kinetin (6-furfuriladenin), proteinleri glikasyondan koruyan g\u00fc\u00e7l\u00fc bir antioksidan olarak i\u015flev g\u00f6r\u00fcr ve cildin h\u00fccresel dengesini destekler. Bu, hammaddenin gen\u00e7le\u015ftirici etkisinden sorumlu kilit molek\u00fcllerden biridir. <\/p>\n<p><strong>2. Antioksidan ve antiglikasyon etkisi<\/strong><\/p>\n<p>Ara\u015ft\u0131rmalar, kompleksin hem serbest radikal etkisini hem de cildin protein yap\u0131lar\u0131n\u0131 glikasyon s\u00fcrecinden korumay\u0131 i\u00e7eren y\u00fcksek antioksidan aktivitesini (DPPH ve ABTS testleri) do\u011frulamaktad\u0131r.<\/p>\n<p>En \u00f6nemli biyoaktif antioksidan bile\u015fenler:<\/p>\n<ul>\n<li>klorojenik asit \u2013 UV kar\u015f\u0131t\u0131, antienflamatuar, antibakteriyel, anti-glikasyon etkisi,<\/li>\n<li>di-kafeoil-kinik asit \u2013 g\u00fc\u00e7l\u00fc ayd\u0131nlat\u0131c\u0131 ve antimelanojenik \u00f6zellikler,<\/li>\n<li>izorhamnetin \u2013 kan\u0131tlanm\u0131\u015f antienflamatuar \u00f6zelliklere sahip antioksidan,<\/li>\n<li>havu\u00e7tan beta-karoten \u2013 cilt bariyerini g\u00fc\u00e7lendirir ve rejenerasyon s\u00fcre\u00e7lerini destekler.<\/li>\n<\/ul>\n<p>Hammadde cildi oksidatif stresten korur, ya\u015flanma s\u00fcre\u00e7lerini geciktirir ve sa\u011fl\u0131kl\u0131 kolajen liflerinin korunmas\u0131n\u0131 destekler.<\/p>\n<p><strong>3. Nemlendirme ve cilt p\u00fcr\u00fczs\u00fczl\u00fc\u011f\u00fcn\u00fcn art\u0131r\u0131lmas\u0131<\/strong><\/p>\n<p>Hammadde, transepidermal su kayb\u0131n\u0131 (TEWL) \u00f6nleyen ve hidrolipit dengesini destekleyen Lens esculenta \u00f6z\u00fct\u00fc sayesinde nemlendirici etki sa\u011flar. Sonu\u00e7 daha yumu\u015fak, p\u00fcr\u00fczs\u00fcz ve canland\u0131r\u0131lm\u0131\u015f bir cilttir. <\/p>\n<p><strong>4. Koruyucu bariyerin g\u00fc\u00e7lendirilmesi<\/strong><\/p>\n<p>Hammaddedeki lipitler, vitaminler ve mikroelementler, rejenerasyon s\u00fcre\u00e7lerini destekleyerek epidermisin koruyucu i\u015flevini g\u00fc\u00e7lendirir. Fitoretinol kompleksli \u00fcr\u00fcnlerin d\u00fczenli kullan\u0131m\u0131 cildin d\u0131\u015f fakt\u00f6rlere kar\u015f\u0131 direncini art\u0131rabilir. <\/p>\n<h2>Kozmetik \u00fcr\u00fcnlerde kullan\u0131m\u0131<\/h2>\n<p>Fitoretinol kompleksi \u015fu form\u00fclasyonlar i\u00e7in \u00f6nerilir:<\/p>\n<ul>\n<li>k\u0131r\u0131\u015f\u0131kl\u0131k kar\u015f\u0131t\u0131 krem ve em\u00fclsiyonlar,<\/li>\n<li>s\u0131k\u0131la\u015ft\u0131r\u0131c\u0131 ve canland\u0131r\u0131c\u0131 serumlar,<\/li>\n<li>hassas ve reaktif ciltler i\u00e7in kozmetikler,<\/li>\n<li>ayd\u0131nlat\u0131c\u0131 ve ton e\u015fitleyici \u00fcr\u00fcnler,<\/li>\n<li>leke kar\u015f\u0131t\u0131 kozmetikler (antimelanojenik etki sayesinde),<\/li>\n<li>h\u00fccre yenilenmesini destekleyen gece kremleri,<\/li>\n<li>ya\u011fl\u0131 ve karma cilt bak\u0131m \u00fcr\u00fcnleri (mercimek sayesinde sebum reg\u00fclasyonu),<\/li>\n<li>&#8220;bitkisel retinol&#8221; tipi premium \u00fcr\u00fcnler.<\/li>\n<\/ul>\n<p>Hammaddenin yumu\u015fakl\u0131\u011f\u0131 sayesinde hem g\u00fcnl\u00fck bak\u0131m hem de geli\u015fmi\u015f dermokozmetik form\u00fcller i\u00e7in uygundur.<\/p>\n","protected":false},"excerpt":{"rendered":"<p><strong>Fitoretinol kompleksi<\/strong>, ya\u015flanma kar\u015f\u0131t\u0131 ve p\u00fcr\u00fczs\u00fczle\u015ftirici etkileri belgelenmi\u015f bitkisel \u00f6zleri birle\u015ftiren geli\u015fmi\u015f bir kozmetik hammaddedir.<\/p>\n","protected":false},"featured_media":45318,"template":"","meta":{"_acf_changed":false},"product_brand":[],"product_cat":[9556,10356],"product_tag":[],"class_list":{"0":"post-45317","1":"product","2":"type-product","3":"status-publish","4":"has-post-thumbnail","6":"product_cat-aktif-maddeler","7":"product_cat-kore-hammaddeleri","9":"first","10":"instock","11":"shipping-taxable","12":"product-type-simple"},"acf":[],"yoast_head":"<!-- This site is optimized with the Yoast SEO plugin v27.4 - https:\/\/yoast.com\/product\/yoast-seo-wordpress\/ -->\n<title>Fitotetinol kompleksi - Hurtowy Dystrybutor<\/title>\n<meta name=\"description\" content=\"Fitotetinol kompleksi - retinol\u00fcn bitkisel alternatifi. K\u0131r\u0131\u015f\u0131kl\u0131klar\u0131 d\u00fczeltir, elastikiyeti art\u0131r\u0131r, antioksidan etki g\u00f6sterir ve cildi yo\u011fun bir \u015fekilde nemlendirir.\" \/>\n<meta name=\"robots\" content=\"index, follow, max-snippet:-1, max-image-preview:large, max-video-preview:-1\" \/>\n<link rel=\"canonical\" href=\"https:\/\/naturalpoland.com\/tr\/urunler\/kozmetik-hammaddeleri\/aktif-maddeler\/fitotetinol-kompleksi\/\" \/>\n<meta property=\"og:locale\" content=\"tr_TR\" \/>\n<meta property=\"og:type\" content=\"article\" \/>\n<meta property=\"og:title\" content=\"Fitotetinol kompleksi - Hurtowy Dystrybutor\" \/>\n<meta property=\"og:description\" content=\"Fitotetinol kompleksi - retinol\u00fcn bitkisel alternatifi. K\u0131r\u0131\u015f\u0131kl\u0131klar\u0131 d\u00fczeltir, elastikiyeti art\u0131r\u0131r, antioksidan etki g\u00f6sterir ve cildi yo\u011fun bir \u015fekilde nemlendirir.\" \/>\n<meta property=\"og:url\" content=\"https:\/\/naturalpoland.com\/tr\/urunler\/kozmetik-hammaddeleri\/aktif-maddeler\/fitotetinol-kompleksi\/\" \/>\n<meta property=\"og:site_name\" content=\"NATURAL POLAND - Hurtowy Dystrybutor Surowc\u00f3w\" \/>\n<meta property=\"article:publisher\" content=\"https:\/\/www.facebook.com\/naturalpoland.b2b\" \/>\n<meta property=\"article:modified_time\" content=\"2026-01-26T11:25:33+00:00\" \/>\n<meta property=\"og:image\" content=\"https:\/\/naturalpoland.com\/wp-content\/uploads\/kompleks-fitoretinolu.webp\" \/>\n\t<meta property=\"og:image:width\" content=\"1024\" \/>\n\t<meta property=\"og:image:height\" content=\"1024\" \/>\n\t<meta property=\"og:image:type\" content=\"image\/webp\" \/>\n<script type=\"application\/ld+json\" class=\"yoast-schema-graph\">{\"@context\":\"https:\\\/\\\/schema.org\",\"@graph\":[{\"@type\":\"WebPage\",\"@id\":\"https:\\\/\\\/naturalpoland.com\\\/tr\\\/urunler\\\/kozmetik-hammaddeleri\\\/aktif-maddeler\\\/fitotetinol-kompleksi\\\/\",\"url\":\"https:\\\/\\\/naturalpoland.com\\\/tr\\\/urunler\\\/kozmetik-hammaddeleri\\\/aktif-maddeler\\\/fitotetinol-kompleksi\\\/\",\"name\":\"Fitotetinol kompleksi - Hurtowy Dystrybutor\",\"isPartOf\":{\"@id\":\"https:\\\/\\\/naturalpoland.com\\\/tr\\\/#website\"},\"primaryImageOfPage\":{\"@id\":\"https:\\\/\\\/naturalpoland.com\\\/tr\\\/urunler\\\/kozmetik-hammaddeleri\\\/aktif-maddeler\\\/fitotetinol-kompleksi\\\/#primaryimage\"},\"image\":{\"@id\":\"https:\\\/\\\/naturalpoland.com\\\/tr\\\/urunler\\\/kozmetik-hammaddeleri\\\/aktif-maddeler\\\/fitotetinol-kompleksi\\\/#primaryimage\"},\"thumbnailUrl\":\"https:\\\/\\\/naturalpoland.com\\\/wp-content\\\/uploads\\\/kompleks-fitoretinolu.webp\",\"datePublished\":\"2025-12-09T11:05:02+00:00\",\"dateModified\":\"2026-01-26T11:25:33+00:00\",\"description\":\"Fitotetinol kompleksi - retinol\u00fcn bitkisel alternatifi. K\u0131r\u0131\u015f\u0131kl\u0131klar\u0131 d\u00fczeltir, elastikiyeti art\u0131r\u0131r, antioksidan etki g\u00f6sterir ve cildi yo\u011fun bir \u015fekilde nemlendirir.\",\"breadcrumb\":{\"@id\":\"https:\\\/\\\/naturalpoland.com\\\/tr\\\/urunler\\\/kozmetik-hammaddeleri\\\/aktif-maddeler\\\/fitotetinol-kompleksi\\\/#breadcrumb\"},\"inLanguage\":\"tr\",\"potentialAction\":[{\"@type\":\"ReadAction\",\"target\":[\"https:\\\/\\\/naturalpoland.com\\\/tr\\\/urunler\\\/kozmetik-hammaddeleri\\\/aktif-maddeler\\\/fitotetinol-kompleksi\\\/\"]}]},{\"@type\":\"ImageObject\",\"inLanguage\":\"tr\",\"@id\":\"https:\\\/\\\/naturalpoland.com\\\/tr\\\/urunler\\\/kozmetik-hammaddeleri\\\/aktif-maddeler\\\/fitotetinol-kompleksi\\\/#primaryimage\",\"url\":\"https:\\\/\\\/naturalpoland.com\\\/wp-content\\\/uploads\\\/kompleks-fitoretinolu.webp\",\"contentUrl\":\"https:\\\/\\\/naturalpoland.com\\\/wp-content\\\/uploads\\\/kompleks-fitoretinolu.webp\",\"width\":1024,\"height\":1024,\"caption\":\"Fitoretinol kompleksi\"},{\"@type\":\"BreadcrumbList\",\"@id\":\"https:\\\/\\\/naturalpoland.com\\\/tr\\\/urunler\\\/kozmetik-hammaddeleri\\\/aktif-maddeler\\\/fitotetinol-kompleksi\\\/#breadcrumb\",\"itemListElement\":[{\"@type\":\"ListItem\",\"position\":1,\"name\":\"Ana Sayfa\",\"item\":\"https:\\\/\\\/naturalpoland.com\\\/tr\\\/\"},{\"@type\":\"ListItem\",\"position\":2,\"name\":\"\u00dcr\u00fcnler\",\"item\":\"https:\\\/\\\/naturalpoland.com\\\/tr\\\/urunler\\\/\"},{\"@type\":\"ListItem\",\"position\":3,\"name\":\"Fitotetinol kompleksi\"}]},{\"@type\":\"WebSite\",\"@id\":\"https:\\\/\\\/naturalpoland.com\\\/tr\\\/#website\",\"url\":\"https:\\\/\\\/naturalpoland.com\\\/tr\\\/\",\"name\":\"NATURAL POLAND - Hurtowy Dystrybutor Surowc\u00f3w\",\"description\":\"Surowce dla przemys\u0142u spo\u017cywczego, kosmetycznego i farmaceutycznego\",\"publisher\":{\"@id\":\"https:\\\/\\\/naturalpoland.com\\\/tr\\\/#organization\"},\"potentialAction\":[{\"@type\":\"SearchAction\",\"target\":{\"@type\":\"EntryPoint\",\"urlTemplate\":\"https:\\\/\\\/naturalpoland.com\\\/tr\\\/?s={search_term_string}\"},\"query-input\":{\"@type\":\"PropertyValueSpecification\",\"valueRequired\":true,\"valueName\":\"search_term_string\"}}],\"inLanguage\":\"tr\"},{\"@type\":\"Organization\",\"@id\":\"https:\\\/\\\/naturalpoland.com\\\/tr\\\/#organization\",\"name\":\"Natural Poland\",\"url\":\"https:\\\/\\\/naturalpoland.com\\\/tr\\\/\",\"logo\":{\"@type\":\"ImageObject\",\"inLanguage\":\"tr\",\"@id\":\"https:\\\/\\\/naturalpoland.com\\\/tr\\\/#\\\/schema\\\/logo\\\/image\\\/\",\"url\":\"https:\\\/\\\/naturalpoland.com\\\/wp-content\\\/uploads\\\/2021\\\/05\\\/natural-poland-icon.png\",\"contentUrl\":\"https:\\\/\\\/naturalpoland.com\\\/wp-content\\\/uploads\\\/2021\\\/05\\\/natural-poland-icon.png\",\"width\":512,\"height\":512,\"caption\":\"Natural Poland\"},\"image\":{\"@id\":\"https:\\\/\\\/naturalpoland.com\\\/tr\\\/#\\\/schema\\\/logo\\\/image\\\/\"},\"sameAs\":[\"https:\\\/\\\/www.facebook.com\\\/naturalpoland.b2b\",\"https:\\\/\\\/pl.linkedin.com\\\/company\\\/natural-poland\",\"https:\\\/\\\/www.youtube.com\\\/channel\\\/UCgeGGkvOMahZo-xu_MSEWxg\"]}]}<\/script>\n<!-- \/ Yoast SEO plugin. -->","yoast_head_json":{"title":"Fitotetinol kompleksi - Hurtowy Dystrybutor","description":"Fitotetinol kompleksi - retinol\u00fcn bitkisel alternatifi. K\u0131r\u0131\u015f\u0131kl\u0131klar\u0131 d\u00fczeltir, elastikiyeti art\u0131r\u0131r, antioksidan etki g\u00f6sterir ve cildi yo\u011fun bir \u015fekilde nemlendirir.","robots":{"index":"index","follow":"follow","max-snippet":"max-snippet:-1","max-image-preview":"max-image-preview:large","max-video-preview":"max-video-preview:-1"},"canonical":"https:\/\/naturalpoland.com\/tr\/urunler\/kozmetik-hammaddeleri\/aktif-maddeler\/fitotetinol-kompleksi\/","og_locale":"tr_TR","og_type":"article","og_title":"Fitotetinol kompleksi - Hurtowy Dystrybutor","og_description":"Fitotetinol kompleksi - retinol\u00fcn bitkisel alternatifi. K\u0131r\u0131\u015f\u0131kl\u0131klar\u0131 d\u00fczeltir, elastikiyeti art\u0131r\u0131r, antioksidan etki g\u00f6sterir ve cildi yo\u011fun bir \u015fekilde nemlendirir.","og_url":"https:\/\/naturalpoland.com\/tr\/urunler\/kozmetik-hammaddeleri\/aktif-maddeler\/fitotetinol-kompleksi\/","og_site_name":"NATURAL POLAND - Hurtowy Dystrybutor Surowc\u00f3w","article_publisher":"https:\/\/www.facebook.com\/naturalpoland.b2b","article_modified_time":"2026-01-26T11:25:33+00:00","og_image":[{"width":1024,"height":1024,"url":"https:\/\/naturalpoland.com\/wp-content\/uploads\/kompleks-fitoretinolu.webp","type":"image\/webp"}],"schema":{"@context":"https:\/\/schema.org","@graph":[{"@type":"WebPage","@id":"https:\/\/naturalpoland.com\/tr\/urunler\/kozmetik-hammaddeleri\/aktif-maddeler\/fitotetinol-kompleksi\/","url":"https:\/\/naturalpoland.com\/tr\/urunler\/kozmetik-hammaddeleri\/aktif-maddeler\/fitotetinol-kompleksi\/","name":"Fitotetinol kompleksi - Hurtowy Dystrybutor","isPartOf":{"@id":"https:\/\/naturalpoland.com\/tr\/#website"},"primaryImageOfPage":{"@id":"https:\/\/naturalpoland.com\/tr\/urunler\/kozmetik-hammaddeleri\/aktif-maddeler\/fitotetinol-kompleksi\/#primaryimage"},"image":{"@id":"https:\/\/naturalpoland.com\/tr\/urunler\/kozmetik-hammaddeleri\/aktif-maddeler\/fitotetinol-kompleksi\/#primaryimage"},"thumbnailUrl":"https:\/\/naturalpoland.com\/wp-content\/uploads\/kompleks-fitoretinolu.webp","datePublished":"2025-12-09T11:05:02+00:00","dateModified":"2026-01-26T11:25:33+00:00","description":"Fitotetinol kompleksi - retinol\u00fcn bitkisel alternatifi. K\u0131r\u0131\u015f\u0131kl\u0131klar\u0131 d\u00fczeltir, elastikiyeti art\u0131r\u0131r, antioksidan etki g\u00f6sterir ve cildi yo\u011fun bir \u015fekilde nemlendirir.","breadcrumb":{"@id":"https:\/\/naturalpoland.com\/tr\/urunler\/kozmetik-hammaddeleri\/aktif-maddeler\/fitotetinol-kompleksi\/#breadcrumb"},"inLanguage":"tr","potentialAction":[{"@type":"ReadAction","target":["https:\/\/naturalpoland.com\/tr\/urunler\/kozmetik-hammaddeleri\/aktif-maddeler\/fitotetinol-kompleksi\/"]}]},{"@type":"ImageObject","inLanguage":"tr","@id":"https:\/\/naturalpoland.com\/tr\/urunler\/kozmetik-hammaddeleri\/aktif-maddeler\/fitotetinol-kompleksi\/#primaryimage","url":"https:\/\/naturalpoland.com\/wp-content\/uploads\/kompleks-fitoretinolu.webp","contentUrl":"https:\/\/naturalpoland.com\/wp-content\/uploads\/kompleks-fitoretinolu.webp","width":1024,"height":1024,"caption":"Fitoretinol kompleksi"},{"@type":"BreadcrumbList","@id":"https:\/\/naturalpoland.com\/tr\/urunler\/kozmetik-hammaddeleri\/aktif-maddeler\/fitotetinol-kompleksi\/#breadcrumb","itemListElement":[{"@type":"ListItem","position":1,"name":"Ana Sayfa","item":"https:\/\/naturalpoland.com\/tr\/"},{"@type":"ListItem","position":2,"name":"\u00dcr\u00fcnler","item":"https:\/\/naturalpoland.com\/tr\/urunler\/"},{"@type":"ListItem","position":3,"name":"Fitotetinol kompleksi"}]},{"@type":"WebSite","@id":"https:\/\/naturalpoland.com\/tr\/#website","url":"https:\/\/naturalpoland.com\/tr\/","name":"NATURAL POLAND - Hurtowy Dystrybutor Surowc\u00f3w","description":"Surowce dla przemys\u0142u spo\u017cywczego, kosmetycznego i farmaceutycznego","publisher":{"@id":"https:\/\/naturalpoland.com\/tr\/#organization"},"potentialAction":[{"@type":"SearchAction","target":{"@type":"EntryPoint","urlTemplate":"https:\/\/naturalpoland.com\/tr\/?s={search_term_string}"},"query-input":{"@type":"PropertyValueSpecification","valueRequired":true,"valueName":"search_term_string"}}],"inLanguage":"tr"},{"@type":"Organization","@id":"https:\/\/naturalpoland.com\/tr\/#organization","name":"Natural Poland","url":"https:\/\/naturalpoland.com\/tr\/","logo":{"@type":"ImageObject","inLanguage":"tr","@id":"https:\/\/naturalpoland.com\/tr\/#\/schema\/logo\/image\/","url":"https:\/\/naturalpoland.com\/wp-content\/uploads\/2021\/05\/natural-poland-icon.png","contentUrl":"https:\/\/naturalpoland.com\/wp-content\/uploads\/2021\/05\/natural-poland-icon.png","width":512,"height":512,"caption":"Natural Poland"},"image":{"@id":"https:\/\/naturalpoland.com\/tr\/#\/schema\/logo\/image\/"},"sameAs":["https:\/\/www.facebook.com\/naturalpoland.b2b","https:\/\/pl.linkedin.com\/company\/natural-poland","https:\/\/www.youtube.com\/channel\/UCgeGGkvOMahZo-xu_MSEWxg"]}]}},"_links":{"self":[{"href":"https:\/\/naturalpoland.com\/tr\/wp-json\/wp\/v2\/product\/45317","targetHints":{"allow":["GET"]}}],"collection":[{"href":"https:\/\/naturalpoland.com\/tr\/wp-json\/wp\/v2\/product"}],"about":[{"href":"https:\/\/naturalpoland.com\/tr\/wp-json\/wp\/v2\/types\/product"}],"wp:featuredmedia":[{"embeddable":true,"href":"https:\/\/naturalpoland.com\/tr\/wp-json\/wp\/v2\/media\/45318"}],"wp:attachment":[{"href":"https:\/\/naturalpoland.com\/tr\/wp-json\/wp\/v2\/media?parent=45317"}],"wp:term":[{"taxonomy":"product_brand","embeddable":true,"href":"https:\/\/naturalpoland.com\/tr\/wp-json\/wp\/v2\/product_brand?post=45317"},{"taxonomy":"product_cat","embeddable":true,"href":"https:\/\/naturalpoland.com\/tr\/wp-json\/wp\/v2\/product_cat?post=45317"},{"taxonomy":"product_tag","embeddable":true,"href":"https:\/\/naturalpoland.com\/tr\/wp-json\/wp\/v2\/product_tag?post=45317"}],"curies":[{"name":"wp","href":"https:\/\/api.w.org\/{rel}","templated":true}]}}