{"id":45320,"date":"2025-05-19T10:07:43","date_gmt":"2025-05-19T08:07:43","guid":{"rendered":"https:\/\/naturalpoland.com\/produkty\/kategorilenmemis\/aslan-pencesi-ekstresi\/"},"modified":"2026-01-26T13:50:43","modified_gmt":"2026-01-26T12:50:43","slug":"aslan-pencesi-ekstresi","status":"publish","type":"product","link":"https:\/\/naturalpoland.com\/tr\/urunler\/bitkisel-ekstraktlar\/aslan-pencesi-ekstresi\/","title":{"rendered":"Aslan pen\u00e7esi ekstresi"},"content":{"rendered":"<p>Aslan pen\u00e7esi, bitkisel t\u0131pta uzun bir kullan\u0131m gelene\u011fine sahip bir bitkidir. \u00d6zellikle b\u00fcz\u00fcc\u00fc, antienflamatuar ve yenileyici \u00f6zellikleri i\u00e7in de\u011ferlidir. <\/p>\n<p>Aslan pen\u00e7esi ekstresi, ince, sar\u0131-kahverengi bir toz formundad\u0131r ve hafif, bitkisel bir tat ve kokuya sahiptir. Hammadde, ekstraksiyon \u00e7\u00f6z\u00fcc\u00fcs\u00fc olarak su kullan\u0131larak ve ta\u015f\u0131y\u0131c\u0131 olarak maltodekstrin eklenerek elde edilmi\u015ftir. \u00dcr\u00fcn, a\u011f\u0131r metal i\u00e7eri\u011fi ve pestisit kal\u0131nt\u0131lar\u0131 dahil olmak \u00fczere s\u0131k\u0131 mikrobiyolojik ve kimyasal safl\u0131k standartlar\u0131n\u0131 kar\u015f\u0131lamaktad\u0131r.  <\/p>\n<h2>\u00d6zellikler ve kullan\u0131m:<\/h2>\n<p><strong>B\u00fcz\u00fcc\u00fc ve yat\u0131\u015ft\u0131r\u0131c\u0131 \u00f6zellikleri<\/strong> nedeniyle, aslan pen\u00e7esi ekstresi hassas, k\u0131lcal damar ve akne e\u011filimli cilt bak\u0131m\u0131 i\u00e7in tasarlanm\u0131\u015f kozmetiklerde kullan\u0131l\u0131r. Epidermisin yenilenmesini destekleyebilir, tahri\u015fi hafifletebilir ve cildin hidrolipid bariyerini g\u00fc\u00e7lendirebilir. Ayr\u0131ca, olgun cilt bak\u0131m\u0131na y\u00f6nelik \u00fcr\u00fcnlerde de\u011ferli bir bile\u015fendir &#8211; tanenler ve polifenoller i\u00e7ermesi sayesinde cilt s\u0131k\u0131l\u0131\u011f\u0131n\u0131 ve esnekli\u011fini art\u0131rmaya katk\u0131da bulunur.  <\/p>\n<p>Besin takviyelerinde <strong>antienflamatuar etkisi, sindirim sistemini desteklemesi ve menstr\u00fcasyon \u015fikayetlerini hafifletmesi<\/strong> nedeniyle kullan\u0131l\u0131r. Hammadde tablet, kaps\u00fcl, sa\u015fe form\u00fcllerinde ve ayr\u0131ca s\u0131v\u0131 ve yar\u0131 s\u0131v\u0131 \u00fcr\u00fcnlerde kullan\u0131labilir. <\/p>\n","protected":false},"excerpt":{"rendered":"<p>Aslan pen\u00e7esi ekstresi, yayg\u0131n olarak aslan pen\u00e7esi olarak bilinen <em>Alchemilla vulgaris<\/em> bitkisinin toprak \u00fcst\u00fc k\u0131s\u0131mlar\u0131ndan elde edilen do\u011fal bir bitkisel bile\u015fendir.<\/p>\n","protected":false},"featured_media":45321,"template":"","meta":{"_acf_changed":false},"product_brand":[],"product_cat":[9531],"product_tag":[],"class_list":{"0":"post-45320","1":"product","2":"type-product","3":"status-publish","4":"has-post-thumbnail","6":"product_cat-bitkisel-ekstraktlar","7":"pa_czesc-rosliny-toprak-ustu-kisimlari","9":"first","10":"instock","11":"shipping-taxable","12":"product-type-simple"},"acf":[],"yoast_head":"<!-- This site is optimized with the Yoast SEO plugin v27.5 - https:\/\/yoast.com\/product\/yoast-seo-wordpress\/ -->\n<title>Aslan pen\u00e7esi ekstresi - Hurtowy Dystrybutor<\/title>\n<meta name=\"description\" content=\"Aslan pen\u00e7esi ekstresi, Alchemilla vulgaris bitkisinin toprak \u00fcst\u00fc k\u0131s\u0131mlar\u0131ndan elde edilen do\u011fal bir bitkisel bile\u015fendir.\" \/>\n<meta name=\"robots\" content=\"index, follow, max-snippet:-1, max-image-preview:large, max-video-preview:-1\" \/>\n<link rel=\"canonical\" href=\"https:\/\/naturalpoland.com\/tr\/urunler\/bitkisel-ekstraktlar\/aslan-pencesi-ekstresi\/\" \/>\n<meta property=\"og:locale\" content=\"tr_TR\" \/>\n<meta property=\"og:type\" content=\"article\" \/>\n<meta property=\"og:title\" content=\"Aslan pen\u00e7esi ekstresi - Hurtowy Dystrybutor\" \/>\n<meta property=\"og:description\" content=\"Aslan pen\u00e7esi ekstresi, Alchemilla vulgaris bitkisinin toprak \u00fcst\u00fc k\u0131s\u0131mlar\u0131ndan elde edilen do\u011fal bir bitkisel bile\u015fendir.\" \/>\n<meta property=\"og:url\" content=\"https:\/\/naturalpoland.com\/tr\/urunler\/bitkisel-ekstraktlar\/aslan-pencesi-ekstresi\/\" \/>\n<meta property=\"og:site_name\" content=\"NATURAL POLAND - Hurtowy Dystrybutor Surowc\u00f3w\" \/>\n<meta property=\"article:publisher\" content=\"https:\/\/www.facebook.com\/naturalpoland.b2b\" \/>\n<meta property=\"article:modified_time\" content=\"2026-01-26T12:50:43+00:00\" \/>\n<meta property=\"og:image\" content=\"https:\/\/naturalpoland.com\/wp-content\/uploads\/ekstrakt-z-przywrotnika.webp\" \/>\n\t<meta property=\"og:image:width\" content=\"1024\" \/>\n\t<meta property=\"og:image:height\" content=\"1024\" \/>\n\t<meta property=\"og:image:type\" content=\"image\/webp\" \/>\n<script type=\"application\/ld+json\" class=\"yoast-schema-graph\">{\"@context\":\"https:\\\/\\\/schema.org\",\"@graph\":[{\"@type\":\"WebPage\",\"@id\":\"https:\\\/\\\/naturalpoland.com\\\/tr\\\/urunler\\\/bitkisel-ekstraktlar\\\/aslan-pencesi-ekstresi\\\/\",\"url\":\"https:\\\/\\\/naturalpoland.com\\\/tr\\\/urunler\\\/bitkisel-ekstraktlar\\\/aslan-pencesi-ekstresi\\\/\",\"name\":\"Aslan pen\u00e7esi ekstresi - Hurtowy Dystrybutor\",\"isPartOf\":{\"@id\":\"https:\\\/\\\/naturalpoland.com\\\/tr\\\/#website\"},\"primaryImageOfPage\":{\"@id\":\"https:\\\/\\\/naturalpoland.com\\\/tr\\\/urunler\\\/bitkisel-ekstraktlar\\\/aslan-pencesi-ekstresi\\\/#primaryimage\"},\"image\":{\"@id\":\"https:\\\/\\\/naturalpoland.com\\\/tr\\\/urunler\\\/bitkisel-ekstraktlar\\\/aslan-pencesi-ekstresi\\\/#primaryimage\"},\"thumbnailUrl\":\"https:\\\/\\\/naturalpoland.com\\\/wp-content\\\/uploads\\\/ekstrakt-z-przywrotnika.webp\",\"datePublished\":\"2025-05-19T08:07:43+00:00\",\"dateModified\":\"2026-01-26T12:50:43+00:00\",\"description\":\"Aslan pen\u00e7esi ekstresi, Alchemilla vulgaris bitkisinin toprak \u00fcst\u00fc k\u0131s\u0131mlar\u0131ndan elde edilen do\u011fal bir bitkisel bile\u015fendir.\",\"breadcrumb\":{\"@id\":\"https:\\\/\\\/naturalpoland.com\\\/tr\\\/urunler\\\/bitkisel-ekstraktlar\\\/aslan-pencesi-ekstresi\\\/#breadcrumb\"},\"inLanguage\":\"tr\",\"potentialAction\":[{\"@type\":\"ReadAction\",\"target\":[\"https:\\\/\\\/naturalpoland.com\\\/tr\\\/urunler\\\/bitkisel-ekstraktlar\\\/aslan-pencesi-ekstresi\\\/\"]}]},{\"@type\":\"ImageObject\",\"inLanguage\":\"tr\",\"@id\":\"https:\\\/\\\/naturalpoland.com\\\/tr\\\/urunler\\\/bitkisel-ekstraktlar\\\/aslan-pencesi-ekstresi\\\/#primaryimage\",\"url\":\"https:\\\/\\\/naturalpoland.com\\\/wp-content\\\/uploads\\\/ekstrakt-z-przywrotnika.webp\",\"contentUrl\":\"https:\\\/\\\/naturalpoland.com\\\/wp-content\\\/uploads\\\/ekstrakt-z-przywrotnika.webp\",\"width\":1024,\"height\":1024,\"caption\":\"Aslan pen\u00e7esi ekstresi\"},{\"@type\":\"BreadcrumbList\",\"@id\":\"https:\\\/\\\/naturalpoland.com\\\/tr\\\/urunler\\\/bitkisel-ekstraktlar\\\/aslan-pencesi-ekstresi\\\/#breadcrumb\",\"itemListElement\":[{\"@type\":\"ListItem\",\"position\":1,\"name\":\"Ana Sayfa\",\"item\":\"https:\\\/\\\/naturalpoland.com\\\/tr\\\/\"},{\"@type\":\"ListItem\",\"position\":2,\"name\":\"\u00dcr\u00fcnler\",\"item\":\"https:\\\/\\\/naturalpoland.com\\\/tr\\\/urunler\\\/\"},{\"@type\":\"ListItem\",\"position\":3,\"name\":\"Aslan pen\u00e7esi ekstresi\"}]},{\"@type\":\"WebSite\",\"@id\":\"https:\\\/\\\/naturalpoland.com\\\/tr\\\/#website\",\"url\":\"https:\\\/\\\/naturalpoland.com\\\/tr\\\/\",\"name\":\"NATURAL POLAND - Hurtowy Dystrybutor Surowc\u00f3w\",\"description\":\"Surowce dla przemys\u0142u spo\u017cywczego, kosmetycznego i farmaceutycznego\",\"publisher\":{\"@id\":\"https:\\\/\\\/naturalpoland.com\\\/tr\\\/#organization\"},\"potentialAction\":[{\"@type\":\"SearchAction\",\"target\":{\"@type\":\"EntryPoint\",\"urlTemplate\":\"https:\\\/\\\/naturalpoland.com\\\/tr\\\/?s={search_term_string}\"},\"query-input\":{\"@type\":\"PropertyValueSpecification\",\"valueRequired\":true,\"valueName\":\"search_term_string\"}}],\"inLanguage\":\"tr\"},{\"@type\":\"Organization\",\"@id\":\"https:\\\/\\\/naturalpoland.com\\\/tr\\\/#organization\",\"name\":\"Natural Poland\",\"url\":\"https:\\\/\\\/naturalpoland.com\\\/tr\\\/\",\"logo\":{\"@type\":\"ImageObject\",\"inLanguage\":\"tr\",\"@id\":\"https:\\\/\\\/naturalpoland.com\\\/tr\\\/#\\\/schema\\\/logo\\\/image\\\/\",\"url\":\"https:\\\/\\\/naturalpoland.com\\\/wp-content\\\/uploads\\\/2021\\\/05\\\/natural-poland-icon.png\",\"contentUrl\":\"https:\\\/\\\/naturalpoland.com\\\/wp-content\\\/uploads\\\/2021\\\/05\\\/natural-poland-icon.png\",\"width\":512,\"height\":512,\"caption\":\"Natural Poland\"},\"image\":{\"@id\":\"https:\\\/\\\/naturalpoland.com\\\/tr\\\/#\\\/schema\\\/logo\\\/image\\\/\"},\"sameAs\":[\"https:\\\/\\\/www.facebook.com\\\/naturalpoland.b2b\",\"https:\\\/\\\/pl.linkedin.com\\\/company\\\/natural-poland\",\"https:\\\/\\\/www.youtube.com\\\/channel\\\/UCgeGGkvOMahZo-xu_MSEWxg\"]}]}<\/script>\n<!-- \/ Yoast SEO plugin. -->","yoast_head_json":{"title":"Aslan pen\u00e7esi ekstresi - Hurtowy Dystrybutor","description":"Aslan pen\u00e7esi ekstresi, Alchemilla vulgaris bitkisinin toprak \u00fcst\u00fc k\u0131s\u0131mlar\u0131ndan elde edilen do\u011fal bir bitkisel bile\u015fendir.","robots":{"index":"index","follow":"follow","max-snippet":"max-snippet:-1","max-image-preview":"max-image-preview:large","max-video-preview":"max-video-preview:-1"},"canonical":"https:\/\/naturalpoland.com\/tr\/urunler\/bitkisel-ekstraktlar\/aslan-pencesi-ekstresi\/","og_locale":"tr_TR","og_type":"article","og_title":"Aslan pen\u00e7esi ekstresi - Hurtowy Dystrybutor","og_description":"Aslan pen\u00e7esi ekstresi, Alchemilla vulgaris bitkisinin toprak \u00fcst\u00fc k\u0131s\u0131mlar\u0131ndan elde edilen do\u011fal bir bitkisel bile\u015fendir.","og_url":"https:\/\/naturalpoland.com\/tr\/urunler\/bitkisel-ekstraktlar\/aslan-pencesi-ekstresi\/","og_site_name":"NATURAL POLAND - Hurtowy Dystrybutor Surowc\u00f3w","article_publisher":"https:\/\/www.facebook.com\/naturalpoland.b2b","article_modified_time":"2026-01-26T12:50:43+00:00","og_image":[{"width":1024,"height":1024,"url":"https:\/\/naturalpoland.com\/wp-content\/uploads\/ekstrakt-z-przywrotnika.webp","type":"image\/webp"}],"schema":{"@context":"https:\/\/schema.org","@graph":[{"@type":"WebPage","@id":"https:\/\/naturalpoland.com\/tr\/urunler\/bitkisel-ekstraktlar\/aslan-pencesi-ekstresi\/","url":"https:\/\/naturalpoland.com\/tr\/urunler\/bitkisel-ekstraktlar\/aslan-pencesi-ekstresi\/","name":"Aslan pen\u00e7esi ekstresi - Hurtowy Dystrybutor","isPartOf":{"@id":"https:\/\/naturalpoland.com\/tr\/#website"},"primaryImageOfPage":{"@id":"https:\/\/naturalpoland.com\/tr\/urunler\/bitkisel-ekstraktlar\/aslan-pencesi-ekstresi\/#primaryimage"},"image":{"@id":"https:\/\/naturalpoland.com\/tr\/urunler\/bitkisel-ekstraktlar\/aslan-pencesi-ekstresi\/#primaryimage"},"thumbnailUrl":"https:\/\/naturalpoland.com\/wp-content\/uploads\/ekstrakt-z-przywrotnika.webp","datePublished":"2025-05-19T08:07:43+00:00","dateModified":"2026-01-26T12:50:43+00:00","description":"Aslan pen\u00e7esi ekstresi, Alchemilla vulgaris bitkisinin toprak \u00fcst\u00fc k\u0131s\u0131mlar\u0131ndan elde edilen do\u011fal bir bitkisel bile\u015fendir.","breadcrumb":{"@id":"https:\/\/naturalpoland.com\/tr\/urunler\/bitkisel-ekstraktlar\/aslan-pencesi-ekstresi\/#breadcrumb"},"inLanguage":"tr","potentialAction":[{"@type":"ReadAction","target":["https:\/\/naturalpoland.com\/tr\/urunler\/bitkisel-ekstraktlar\/aslan-pencesi-ekstresi\/"]}]},{"@type":"ImageObject","inLanguage":"tr","@id":"https:\/\/naturalpoland.com\/tr\/urunler\/bitkisel-ekstraktlar\/aslan-pencesi-ekstresi\/#primaryimage","url":"https:\/\/naturalpoland.com\/wp-content\/uploads\/ekstrakt-z-przywrotnika.webp","contentUrl":"https:\/\/naturalpoland.com\/wp-content\/uploads\/ekstrakt-z-przywrotnika.webp","width":1024,"height":1024,"caption":"Aslan pen\u00e7esi ekstresi"},{"@type":"BreadcrumbList","@id":"https:\/\/naturalpoland.com\/tr\/urunler\/bitkisel-ekstraktlar\/aslan-pencesi-ekstresi\/#breadcrumb","itemListElement":[{"@type":"ListItem","position":1,"name":"Ana Sayfa","item":"https:\/\/naturalpoland.com\/tr\/"},{"@type":"ListItem","position":2,"name":"\u00dcr\u00fcnler","item":"https:\/\/naturalpoland.com\/tr\/urunler\/"},{"@type":"ListItem","position":3,"name":"Aslan pen\u00e7esi ekstresi"}]},{"@type":"WebSite","@id":"https:\/\/naturalpoland.com\/tr\/#website","url":"https:\/\/naturalpoland.com\/tr\/","name":"NATURAL POLAND - Hurtowy Dystrybutor Surowc\u00f3w","description":"Surowce dla przemys\u0142u spo\u017cywczego, kosmetycznego i farmaceutycznego","publisher":{"@id":"https:\/\/naturalpoland.com\/tr\/#organization"},"potentialAction":[{"@type":"SearchAction","target":{"@type":"EntryPoint","urlTemplate":"https:\/\/naturalpoland.com\/tr\/?s={search_term_string}"},"query-input":{"@type":"PropertyValueSpecification","valueRequired":true,"valueName":"search_term_string"}}],"inLanguage":"tr"},{"@type":"Organization","@id":"https:\/\/naturalpoland.com\/tr\/#organization","name":"Natural Poland","url":"https:\/\/naturalpoland.com\/tr\/","logo":{"@type":"ImageObject","inLanguage":"tr","@id":"https:\/\/naturalpoland.com\/tr\/#\/schema\/logo\/image\/","url":"https:\/\/naturalpoland.com\/wp-content\/uploads\/2021\/05\/natural-poland-icon.png","contentUrl":"https:\/\/naturalpoland.com\/wp-content\/uploads\/2021\/05\/natural-poland-icon.png","width":512,"height":512,"caption":"Natural Poland"},"image":{"@id":"https:\/\/naturalpoland.com\/tr\/#\/schema\/logo\/image\/"},"sameAs":["https:\/\/www.facebook.com\/naturalpoland.b2b","https:\/\/pl.linkedin.com\/company\/natural-poland","https:\/\/www.youtube.com\/channel\/UCgeGGkvOMahZo-xu_MSEWxg"]}]}},"_links":{"self":[{"href":"https:\/\/naturalpoland.com\/tr\/wp-json\/wp\/v2\/product\/45320","targetHints":{"allow":["GET"]}}],"collection":[{"href":"https:\/\/naturalpoland.com\/tr\/wp-json\/wp\/v2\/product"}],"about":[{"href":"https:\/\/naturalpoland.com\/tr\/wp-json\/wp\/v2\/types\/product"}],"wp:featuredmedia":[{"embeddable":true,"href":"https:\/\/naturalpoland.com\/tr\/wp-json\/wp\/v2\/media\/45321"}],"wp:attachment":[{"href":"https:\/\/naturalpoland.com\/tr\/wp-json\/wp\/v2\/media?parent=45320"}],"wp:term":[{"taxonomy":"product_brand","embeddable":true,"href":"https:\/\/naturalpoland.com\/tr\/wp-json\/wp\/v2\/product_brand?post=45320"},{"taxonomy":"product_cat","embeddable":true,"href":"https:\/\/naturalpoland.com\/tr\/wp-json\/wp\/v2\/product_cat?post=45320"},{"taxonomy":"product_tag","embeddable":true,"href":"https:\/\/naturalpoland.com\/tr\/wp-json\/wp\/v2\/product_tag?post=45320"}],"curies":[{"name":"wp","href":"https:\/\/api.w.org\/{rel}","templated":true}]}}