{"id":45322,"date":"2025-07-08T15:51:35","date_gmt":"2025-07-08T13:51:35","guid":{"rendered":"https:\/\/naturalpoland.com\/produkty\/kategorilenmemis\/soya-fosfolipidleri\/"},"modified":"2026-01-26T13:50:49","modified_gmt":"2026-01-26T12:50:49","slug":"soya-fosfolipidleri","status":"publish","type":"product","link":"https:\/\/naturalpoland.com\/tr\/urunler\/farmasotik-hammaddeler\/takviye-edici-gida-bilesenleri\/soya-fosfolipidleri\/","title":{"rendered":"Soya fosfolipidleri"},"content":{"rendered":"<h2>Soya fosfolipidleri ne i\u015fe yarar?<\/h2>\n<p>Fosfolipidler, h\u00fccre zarlar\u0131n\u0131n temel yap\u0131 ta\u015f\u0131 olduklar\u0131ndan v\u00fccudun i\u015fleyi\u015finde kilit rol oynar. <strong>Fosfatidilkolin<\/strong>, soya fosfolipidlerinin ana bile\u015feni olarak karaci\u011fer rejenerasyonunu destekler, lipid profilini iyile\u015ftirir (LDL kolesterol\u00fc d\u00fc\u015f\u00fcr\u00fcr), haf\u0131za ve konsantrasyonu olumlu etkiler ve sinir sistemini destekler. Ayr\u0131ca kilo verme ve detoks takviyelerinde kullan\u0131l\u0131r. Fosfolipidler, modern farmas\u00f6tik ve nutras\u00f6tik form\u00fcllerde (\u00f6rn. lipozomlar) etken madde ta\u015f\u0131y\u0131c\u0131s\u0131 olarak da kullan\u0131l\u0131r, bu da besin ve ila\u00e7 bile\u015fenlerinin biyoyararlan\u0131m\u0131n\u0131 art\u0131r\u0131r.   <\/p>\n<h2>Fosfolipid kullanmaya de\u011fer mi?<\/h2>\n<p>Evet &#8211; \u00f6zellikle soya kaynakl\u0131 fosfolipid takviyesinin kan\u0131tlanm\u0131\u015f sa\u011fl\u0131k yararlar\u0131 vard\u0131r. Karaci\u011fer hastal\u0131klar\u0131 (\u00f6rn. ya\u011flanma, iltihaplanma), bili\u015fsel bozukluklar, oksidatif stres ya\u015fayanlara ve do\u011fal fosfolipid sentezi azalan ya\u015fl\u0131 bireylere \u00f6nerilir. Ayr\u0131ca fosfolipidler kan damar\u0131 duvarlar\u0131n\u0131 korur ve cilt rejenerasyonunu destekler, bu nedenle kozmetik ve dermokozmetik \u00fcr\u00fcnlerde de kullan\u0131l\u0131r.  <\/p>\n<p><strong>Kullan\u0131m:<\/strong><\/p>\n<ul>\n<li>Besin takviyeleri (karaci\u011fer, beyin, sinir sistemi deste\u011fi)<\/li>\n<li>\u0130la\u00e7lar (etken madde ta\u015f\u0131y\u0131c\u0131s\u0131, lipozomal formlar)<\/li>\n<li>Nutras\u00f6tikler ve fonksiyonel g\u0131dalar<\/li>\n<li>Kozmetikler (nemlendirme, cildin lipid bariyerinin yenilenmesi)<\/li>\n<\/ul>\n","protected":false},"excerpt":{"rendered":"<p><strong>Soya fosfolipidleri<\/strong>, soya lesitininden elde edilen ve y\u00fcksek <strong>fosfatidilkolin<\/strong> i\u00e7eri\u011fine sahip do\u011fal lipid kompleksidir. \u00dcr\u00fcn, karakteristik kokulu sar\u0131ms\u0131 gran\u00fcl formundad\u0131r. <\/p>\n","protected":false},"featured_media":45323,"template":"","meta":{"_acf_changed":false},"product_brand":[],"product_cat":[9540],"product_tag":[],"class_list":{"0":"post-45322","1":"product","2":"type-product","3":"status-publish","4":"has-post-thumbnail","6":"product_cat-takviye-edici-gida-bilesenleri","8":"first","9":"instock","10":"shipping-taxable","11":"product-type-simple"},"acf":[],"yoast_head":"<!-- This site is optimized with the Yoast SEO plugin v27.5 - https:\/\/yoast.com\/product\/yoast-seo-wordpress\/ -->\n<title>Soya fosfolipidleri - Hurtowy Dystrybutor<\/title>\n<meta name=\"description\" content=\"Soya fosfolipidleri, soya lesitininden elde edilen ve y\u00fcksek fosfatidilkolin i\u00e7eri\u011fine sahip do\u011fal lipid kompleksidir.\" \/>\n<meta name=\"robots\" content=\"index, follow, max-snippet:-1, max-image-preview:large, max-video-preview:-1\" \/>\n<link rel=\"canonical\" href=\"https:\/\/naturalpoland.com\/tr\/urunler\/farmasotik-hammaddeler\/takviye-edici-gida-bilesenleri\/soya-fosfolipidleri\/\" \/>\n<meta property=\"og:locale\" content=\"tr_TR\" \/>\n<meta property=\"og:type\" content=\"article\" \/>\n<meta property=\"og:title\" content=\"Soya fosfolipidleri - Hurtowy Dystrybutor\" \/>\n<meta property=\"og:description\" content=\"Soya fosfolipidleri, soya lesitininden elde edilen ve y\u00fcksek fosfatidilkolin i\u00e7eri\u011fine sahip do\u011fal lipid kompleksidir.\" \/>\n<meta property=\"og:url\" content=\"https:\/\/naturalpoland.com\/tr\/urunler\/farmasotik-hammaddeler\/takviye-edici-gida-bilesenleri\/soya-fosfolipidleri\/\" \/>\n<meta property=\"og:site_name\" content=\"NATURAL POLAND - Hurtowy Dystrybutor Surowc\u00f3w\" \/>\n<meta property=\"article:publisher\" content=\"https:\/\/www.facebook.com\/naturalpoland.b2b\" \/>\n<meta property=\"article:modified_time\" content=\"2026-01-26T12:50:49+00:00\" \/>\n<meta property=\"og:image\" content=\"https:\/\/naturalpoland.com\/wp-content\/uploads\/fosfolipidy-sojowe.webp\" \/>\n\t<meta property=\"og:image:width\" content=\"1024\" \/>\n\t<meta property=\"og:image:height\" content=\"1024\" \/>\n\t<meta property=\"og:image:type\" content=\"image\/webp\" \/>\n<script type=\"application\/ld+json\" class=\"yoast-schema-graph\">{\"@context\":\"https:\\\/\\\/schema.org\",\"@graph\":[{\"@type\":\"WebPage\",\"@id\":\"https:\\\/\\\/naturalpoland.com\\\/tr\\\/urunler\\\/farmasotik-hammaddeler\\\/takviye-edici-gida-bilesenleri\\\/soya-fosfolipidleri\\\/\",\"url\":\"https:\\\/\\\/naturalpoland.com\\\/tr\\\/urunler\\\/farmasotik-hammaddeler\\\/takviye-edici-gida-bilesenleri\\\/soya-fosfolipidleri\\\/\",\"name\":\"Soya fosfolipidleri - Hurtowy Dystrybutor\",\"isPartOf\":{\"@id\":\"https:\\\/\\\/naturalpoland.com\\\/tr\\\/#website\"},\"primaryImageOfPage\":{\"@id\":\"https:\\\/\\\/naturalpoland.com\\\/tr\\\/urunler\\\/farmasotik-hammaddeler\\\/takviye-edici-gida-bilesenleri\\\/soya-fosfolipidleri\\\/#primaryimage\"},\"image\":{\"@id\":\"https:\\\/\\\/naturalpoland.com\\\/tr\\\/urunler\\\/farmasotik-hammaddeler\\\/takviye-edici-gida-bilesenleri\\\/soya-fosfolipidleri\\\/#primaryimage\"},\"thumbnailUrl\":\"https:\\\/\\\/naturalpoland.com\\\/wp-content\\\/uploads\\\/fosfolipidy-sojowe.webp\",\"datePublished\":\"2025-07-08T13:51:35+00:00\",\"dateModified\":\"2026-01-26T12:50:49+00:00\",\"description\":\"Soya fosfolipidleri, soya lesitininden elde edilen ve y\u00fcksek fosfatidilkolin i\u00e7eri\u011fine sahip do\u011fal lipid kompleksidir.\",\"breadcrumb\":{\"@id\":\"https:\\\/\\\/naturalpoland.com\\\/tr\\\/urunler\\\/farmasotik-hammaddeler\\\/takviye-edici-gida-bilesenleri\\\/soya-fosfolipidleri\\\/#breadcrumb\"},\"inLanguage\":\"tr\",\"potentialAction\":[{\"@type\":\"ReadAction\",\"target\":[\"https:\\\/\\\/naturalpoland.com\\\/tr\\\/urunler\\\/farmasotik-hammaddeler\\\/takviye-edici-gida-bilesenleri\\\/soya-fosfolipidleri\\\/\"]}]},{\"@type\":\"ImageObject\",\"inLanguage\":\"tr\",\"@id\":\"https:\\\/\\\/naturalpoland.com\\\/tr\\\/urunler\\\/farmasotik-hammaddeler\\\/takviye-edici-gida-bilesenleri\\\/soya-fosfolipidleri\\\/#primaryimage\",\"url\":\"https:\\\/\\\/naturalpoland.com\\\/wp-content\\\/uploads\\\/fosfolipidy-sojowe.webp\",\"contentUrl\":\"https:\\\/\\\/naturalpoland.com\\\/wp-content\\\/uploads\\\/fosfolipidy-sojowe.webp\",\"width\":1024,\"height\":1024,\"caption\":\"soya fosfolipidleri\"},{\"@type\":\"BreadcrumbList\",\"@id\":\"https:\\\/\\\/naturalpoland.com\\\/tr\\\/urunler\\\/farmasotik-hammaddeler\\\/takviye-edici-gida-bilesenleri\\\/soya-fosfolipidleri\\\/#breadcrumb\",\"itemListElement\":[{\"@type\":\"ListItem\",\"position\":1,\"name\":\"Ana Sayfa\",\"item\":\"https:\\\/\\\/naturalpoland.com\\\/tr\\\/\"},{\"@type\":\"ListItem\",\"position\":2,\"name\":\"\u00dcr\u00fcnler\",\"item\":\"https:\\\/\\\/naturalpoland.com\\\/tr\\\/urunler\\\/\"},{\"@type\":\"ListItem\",\"position\":3,\"name\":\"Soya fosfolipidleri\"}]},{\"@type\":\"WebSite\",\"@id\":\"https:\\\/\\\/naturalpoland.com\\\/tr\\\/#website\",\"url\":\"https:\\\/\\\/naturalpoland.com\\\/tr\\\/\",\"name\":\"NATURAL POLAND - Hurtowy Dystrybutor Surowc\u00f3w\",\"description\":\"Surowce dla przemys\u0142u spo\u017cywczego, kosmetycznego i farmaceutycznego\",\"publisher\":{\"@id\":\"https:\\\/\\\/naturalpoland.com\\\/tr\\\/#organization\"},\"potentialAction\":[{\"@type\":\"SearchAction\",\"target\":{\"@type\":\"EntryPoint\",\"urlTemplate\":\"https:\\\/\\\/naturalpoland.com\\\/tr\\\/?s={search_term_string}\"},\"query-input\":{\"@type\":\"PropertyValueSpecification\",\"valueRequired\":true,\"valueName\":\"search_term_string\"}}],\"inLanguage\":\"tr\"},{\"@type\":\"Organization\",\"@id\":\"https:\\\/\\\/naturalpoland.com\\\/tr\\\/#organization\",\"name\":\"Natural Poland\",\"url\":\"https:\\\/\\\/naturalpoland.com\\\/tr\\\/\",\"logo\":{\"@type\":\"ImageObject\",\"inLanguage\":\"tr\",\"@id\":\"https:\\\/\\\/naturalpoland.com\\\/tr\\\/#\\\/schema\\\/logo\\\/image\\\/\",\"url\":\"https:\\\/\\\/naturalpoland.com\\\/wp-content\\\/uploads\\\/2021\\\/05\\\/natural-poland-icon.png\",\"contentUrl\":\"https:\\\/\\\/naturalpoland.com\\\/wp-content\\\/uploads\\\/2021\\\/05\\\/natural-poland-icon.png\",\"width\":512,\"height\":512,\"caption\":\"Natural Poland\"},\"image\":{\"@id\":\"https:\\\/\\\/naturalpoland.com\\\/tr\\\/#\\\/schema\\\/logo\\\/image\\\/\"},\"sameAs\":[\"https:\\\/\\\/www.facebook.com\\\/naturalpoland.b2b\",\"https:\\\/\\\/pl.linkedin.com\\\/company\\\/natural-poland\",\"https:\\\/\\\/www.youtube.com\\\/channel\\\/UCgeGGkvOMahZo-xu_MSEWxg\"]}]}<\/script>\n<!-- \/ Yoast SEO plugin. -->","yoast_head_json":{"title":"Soya fosfolipidleri - Hurtowy Dystrybutor","description":"Soya fosfolipidleri, soya lesitininden elde edilen ve y\u00fcksek fosfatidilkolin i\u00e7eri\u011fine sahip do\u011fal lipid kompleksidir.","robots":{"index":"index","follow":"follow","max-snippet":"max-snippet:-1","max-image-preview":"max-image-preview:large","max-video-preview":"max-video-preview:-1"},"canonical":"https:\/\/naturalpoland.com\/tr\/urunler\/farmasotik-hammaddeler\/takviye-edici-gida-bilesenleri\/soya-fosfolipidleri\/","og_locale":"tr_TR","og_type":"article","og_title":"Soya fosfolipidleri - Hurtowy Dystrybutor","og_description":"Soya fosfolipidleri, soya lesitininden elde edilen ve y\u00fcksek fosfatidilkolin i\u00e7eri\u011fine sahip do\u011fal lipid kompleksidir.","og_url":"https:\/\/naturalpoland.com\/tr\/urunler\/farmasotik-hammaddeler\/takviye-edici-gida-bilesenleri\/soya-fosfolipidleri\/","og_site_name":"NATURAL POLAND - Hurtowy Dystrybutor Surowc\u00f3w","article_publisher":"https:\/\/www.facebook.com\/naturalpoland.b2b","article_modified_time":"2026-01-26T12:50:49+00:00","og_image":[{"width":1024,"height":1024,"url":"https:\/\/naturalpoland.com\/wp-content\/uploads\/fosfolipidy-sojowe.webp","type":"image\/webp"}],"schema":{"@context":"https:\/\/schema.org","@graph":[{"@type":"WebPage","@id":"https:\/\/naturalpoland.com\/tr\/urunler\/farmasotik-hammaddeler\/takviye-edici-gida-bilesenleri\/soya-fosfolipidleri\/","url":"https:\/\/naturalpoland.com\/tr\/urunler\/farmasotik-hammaddeler\/takviye-edici-gida-bilesenleri\/soya-fosfolipidleri\/","name":"Soya fosfolipidleri - Hurtowy Dystrybutor","isPartOf":{"@id":"https:\/\/naturalpoland.com\/tr\/#website"},"primaryImageOfPage":{"@id":"https:\/\/naturalpoland.com\/tr\/urunler\/farmasotik-hammaddeler\/takviye-edici-gida-bilesenleri\/soya-fosfolipidleri\/#primaryimage"},"image":{"@id":"https:\/\/naturalpoland.com\/tr\/urunler\/farmasotik-hammaddeler\/takviye-edici-gida-bilesenleri\/soya-fosfolipidleri\/#primaryimage"},"thumbnailUrl":"https:\/\/naturalpoland.com\/wp-content\/uploads\/fosfolipidy-sojowe.webp","datePublished":"2025-07-08T13:51:35+00:00","dateModified":"2026-01-26T12:50:49+00:00","description":"Soya fosfolipidleri, soya lesitininden elde edilen ve y\u00fcksek fosfatidilkolin i\u00e7eri\u011fine sahip do\u011fal lipid kompleksidir.","breadcrumb":{"@id":"https:\/\/naturalpoland.com\/tr\/urunler\/farmasotik-hammaddeler\/takviye-edici-gida-bilesenleri\/soya-fosfolipidleri\/#breadcrumb"},"inLanguage":"tr","potentialAction":[{"@type":"ReadAction","target":["https:\/\/naturalpoland.com\/tr\/urunler\/farmasotik-hammaddeler\/takviye-edici-gida-bilesenleri\/soya-fosfolipidleri\/"]}]},{"@type":"ImageObject","inLanguage":"tr","@id":"https:\/\/naturalpoland.com\/tr\/urunler\/farmasotik-hammaddeler\/takviye-edici-gida-bilesenleri\/soya-fosfolipidleri\/#primaryimage","url":"https:\/\/naturalpoland.com\/wp-content\/uploads\/fosfolipidy-sojowe.webp","contentUrl":"https:\/\/naturalpoland.com\/wp-content\/uploads\/fosfolipidy-sojowe.webp","width":1024,"height":1024,"caption":"soya fosfolipidleri"},{"@type":"BreadcrumbList","@id":"https:\/\/naturalpoland.com\/tr\/urunler\/farmasotik-hammaddeler\/takviye-edici-gida-bilesenleri\/soya-fosfolipidleri\/#breadcrumb","itemListElement":[{"@type":"ListItem","position":1,"name":"Ana Sayfa","item":"https:\/\/naturalpoland.com\/tr\/"},{"@type":"ListItem","position":2,"name":"\u00dcr\u00fcnler","item":"https:\/\/naturalpoland.com\/tr\/urunler\/"},{"@type":"ListItem","position":3,"name":"Soya fosfolipidleri"}]},{"@type":"WebSite","@id":"https:\/\/naturalpoland.com\/tr\/#website","url":"https:\/\/naturalpoland.com\/tr\/","name":"NATURAL POLAND - Hurtowy Dystrybutor Surowc\u00f3w","description":"Surowce dla przemys\u0142u spo\u017cywczego, kosmetycznego i farmaceutycznego","publisher":{"@id":"https:\/\/naturalpoland.com\/tr\/#organization"},"potentialAction":[{"@type":"SearchAction","target":{"@type":"EntryPoint","urlTemplate":"https:\/\/naturalpoland.com\/tr\/?s={search_term_string}"},"query-input":{"@type":"PropertyValueSpecification","valueRequired":true,"valueName":"search_term_string"}}],"inLanguage":"tr"},{"@type":"Organization","@id":"https:\/\/naturalpoland.com\/tr\/#organization","name":"Natural Poland","url":"https:\/\/naturalpoland.com\/tr\/","logo":{"@type":"ImageObject","inLanguage":"tr","@id":"https:\/\/naturalpoland.com\/tr\/#\/schema\/logo\/image\/","url":"https:\/\/naturalpoland.com\/wp-content\/uploads\/2021\/05\/natural-poland-icon.png","contentUrl":"https:\/\/naturalpoland.com\/wp-content\/uploads\/2021\/05\/natural-poland-icon.png","width":512,"height":512,"caption":"Natural Poland"},"image":{"@id":"https:\/\/naturalpoland.com\/tr\/#\/schema\/logo\/image\/"},"sameAs":["https:\/\/www.facebook.com\/naturalpoland.b2b","https:\/\/pl.linkedin.com\/company\/natural-poland","https:\/\/www.youtube.com\/channel\/UCgeGGkvOMahZo-xu_MSEWxg"]}]}},"_links":{"self":[{"href":"https:\/\/naturalpoland.com\/tr\/wp-json\/wp\/v2\/product\/45322","targetHints":{"allow":["GET"]}}],"collection":[{"href":"https:\/\/naturalpoland.com\/tr\/wp-json\/wp\/v2\/product"}],"about":[{"href":"https:\/\/naturalpoland.com\/tr\/wp-json\/wp\/v2\/types\/product"}],"wp:featuredmedia":[{"embeddable":true,"href":"https:\/\/naturalpoland.com\/tr\/wp-json\/wp\/v2\/media\/45323"}],"wp:attachment":[{"href":"https:\/\/naturalpoland.com\/tr\/wp-json\/wp\/v2\/media?parent=45322"}],"wp:term":[{"taxonomy":"product_brand","embeddable":true,"href":"https:\/\/naturalpoland.com\/tr\/wp-json\/wp\/v2\/product_brand?post=45322"},{"taxonomy":"product_cat","embeddable":true,"href":"https:\/\/naturalpoland.com\/tr\/wp-json\/wp\/v2\/product_cat?post=45322"},{"taxonomy":"product_tag","embeddable":true,"href":"https:\/\/naturalpoland.com\/tr\/wp-json\/wp\/v2\/product_tag?post=45322"}],"curies":[{"name":"wp","href":"https:\/\/api.w.org\/{rel}","templated":true}]}}