{"id":45324,"date":"2025-04-15T11:06:47","date_gmt":"2025-04-15T09:06:47","guid":{"rendered":"https:\/\/naturalpoland.com\/produkty\/kategorilenmemis\/magnezyum-hidroksit\/"},"modified":"2026-01-26T13:51:11","modified_gmt":"2026-01-26T12:51:11","slug":"magnezyum-hidroksit","status":"publish","type":"product","link":"https:\/\/naturalpoland.com\/tr\/urunler\/farmasotik-hammaddeler\/takviye-edici-gida-bilesenleri\/magnezyum-hidroksit\/","title":{"rendered":"Magnezyum hidroksit"},"content":{"rendered":"<p class=\"\" data-start=\"40\" data-end=\"842\">Magnezyum hidroksit, g\u00fc\u00e7l\u00fc asit n\u00f6tralize edici \u00f6zelliklere sahiptir ve bu nedenle <strong>mide yanmas\u0131 ve asit fazlal\u0131\u011f\u0131 belirtilerini hafifletmek i\u00e7in<\/strong> do\u011fal bir antiasit olarak kullan\u0131l\u0131r. Ozmotik \u00f6zellikleri nedeniyle <strong>laksatif etki<\/strong> g\u00f6sterir ve uygun dozda kullan\u0131ld\u0131\u011f\u0131nda ba\u011f\u0131rsak hareketlerinin d\u00fczenlenmesine yard\u0131mc\u0131 olur. <\/p>\n<p class=\"\" data-start=\"40\" data-end=\"842\">Kozmetikte yat\u0131\u015ft\u0131r\u0131c\u0131, matla\u015ft\u0131r\u0131c\u0131 ve sebum emici olarak deodorantlarda, maskelerde veya pudralarda kullan\u0131l\u0131r. Ayr\u0131ca mineral g\u00fcne\u015f koruyucu filtrelerin ve di\u015f macunlar\u0131n\u0131n \u00fcretiminde ve teknoloji end\u00fcstrisinde yang\u0131n geciktirici ve asit n\u00f6tralize edici katk\u0131 maddesi olarak kullan\u0131l\u0131r. <\/p>\n","protected":false},"excerpt":{"rendered":"<p><strong>Magnezyum hidroksit<\/strong> (magnesium hydroxide), diyet takviyelerinde, eczac\u0131l\u0131kta ve kozmetik end\u00fcstrisinde yayg\u0131n olarak kullan\u0131lan y\u00fcksek safl\u0131kta beyaz bir tozdur.<\/p>\n","protected":false},"featured_media":45325,"template":"","meta":{"_acf_changed":false},"product_brand":[],"product_cat":[9540],"product_tag":[],"class_list":{"0":"post-45324","1":"product","2":"type-product","3":"status-publish","4":"has-post-thumbnail","6":"product_cat-takviye-edici-gida-bilesenleri","8":"first","9":"instock","10":"shipping-taxable","11":"product-type-simple"},"acf":[],"yoast_head":"<!-- This site is optimized with the Yoast SEO plugin v27.5 - https:\/\/yoast.com\/product\/yoast-seo-wordpress\/ -->\n<title>Magnezyum hidroksit - Hurtowy Dystrybutor<\/title>\n<meta name=\"description\" content=\"Magnezyum hidroksit, diyet takviyelerinde, eczac\u0131l\u0131kta ve kozmetik end\u00fcstrisinde yayg\u0131n olarak kullan\u0131lan y\u00fcksek safl\u0131kta beyaz bir tozdur.\" \/>\n<meta name=\"robots\" content=\"index, follow, max-snippet:-1, max-image-preview:large, max-video-preview:-1\" \/>\n<link rel=\"canonical\" href=\"https:\/\/naturalpoland.com\/tr\/urunler\/farmasotik-hammaddeler\/takviye-edici-gida-bilesenleri\/magnezyum-hidroksit\/\" \/>\n<meta property=\"og:locale\" content=\"tr_TR\" \/>\n<meta property=\"og:type\" content=\"article\" \/>\n<meta property=\"og:title\" content=\"Magnezyum hidroksit - Hurtowy Dystrybutor\" \/>\n<meta property=\"og:description\" content=\"Magnezyum hidroksit, diyet takviyelerinde, eczac\u0131l\u0131kta ve kozmetik end\u00fcstrisinde yayg\u0131n olarak kullan\u0131lan y\u00fcksek safl\u0131kta beyaz bir tozdur.\" \/>\n<meta property=\"og:url\" content=\"https:\/\/naturalpoland.com\/tr\/urunler\/farmasotik-hammaddeler\/takviye-edici-gida-bilesenleri\/magnezyum-hidroksit\/\" \/>\n<meta property=\"og:site_name\" content=\"NATURAL POLAND - Hurtowy Dystrybutor Surowc\u00f3w\" \/>\n<meta property=\"article:publisher\" content=\"https:\/\/www.facebook.com\/naturalpoland.b2b\" \/>\n<meta property=\"article:modified_time\" content=\"2026-01-26T12:51:11+00:00\" \/>\n<meta property=\"og:image\" content=\"https:\/\/naturalpoland.com\/wp-content\/uploads\/wodorotlenek-magnezu.webp\" \/>\n\t<meta property=\"og:image:width\" content=\"350\" \/>\n\t<meta property=\"og:image:height\" content=\"350\" \/>\n\t<meta property=\"og:image:type\" content=\"image\/webp\" \/>\n<script type=\"application\/ld+json\" class=\"yoast-schema-graph\">{\"@context\":\"https:\\\/\\\/schema.org\",\"@graph\":[{\"@type\":\"WebPage\",\"@id\":\"https:\\\/\\\/naturalpoland.com\\\/tr\\\/urunler\\\/farmasotik-hammaddeler\\\/takviye-edici-gida-bilesenleri\\\/magnezyum-hidroksit\\\/\",\"url\":\"https:\\\/\\\/naturalpoland.com\\\/tr\\\/urunler\\\/farmasotik-hammaddeler\\\/takviye-edici-gida-bilesenleri\\\/magnezyum-hidroksit\\\/\",\"name\":\"Magnezyum hidroksit - Hurtowy Dystrybutor\",\"isPartOf\":{\"@id\":\"https:\\\/\\\/naturalpoland.com\\\/tr\\\/#website\"},\"primaryImageOfPage\":{\"@id\":\"https:\\\/\\\/naturalpoland.com\\\/tr\\\/urunler\\\/farmasotik-hammaddeler\\\/takviye-edici-gida-bilesenleri\\\/magnezyum-hidroksit\\\/#primaryimage\"},\"image\":{\"@id\":\"https:\\\/\\\/naturalpoland.com\\\/tr\\\/urunler\\\/farmasotik-hammaddeler\\\/takviye-edici-gida-bilesenleri\\\/magnezyum-hidroksit\\\/#primaryimage\"},\"thumbnailUrl\":\"https:\\\/\\\/naturalpoland.com\\\/wp-content\\\/uploads\\\/wodorotlenek-magnezu.webp\",\"datePublished\":\"2025-04-15T09:06:47+00:00\",\"dateModified\":\"2026-01-26T12:51:11+00:00\",\"description\":\"Magnezyum hidroksit, diyet takviyelerinde, eczac\u0131l\u0131kta ve kozmetik end\u00fcstrisinde yayg\u0131n olarak kullan\u0131lan y\u00fcksek safl\u0131kta beyaz bir tozdur.\",\"breadcrumb\":{\"@id\":\"https:\\\/\\\/naturalpoland.com\\\/tr\\\/urunler\\\/farmasotik-hammaddeler\\\/takviye-edici-gida-bilesenleri\\\/magnezyum-hidroksit\\\/#breadcrumb\"},\"inLanguage\":\"tr\",\"potentialAction\":[{\"@type\":\"ReadAction\",\"target\":[\"https:\\\/\\\/naturalpoland.com\\\/tr\\\/urunler\\\/farmasotik-hammaddeler\\\/takviye-edici-gida-bilesenleri\\\/magnezyum-hidroksit\\\/\"]}]},{\"@type\":\"ImageObject\",\"inLanguage\":\"tr\",\"@id\":\"https:\\\/\\\/naturalpoland.com\\\/tr\\\/urunler\\\/farmasotik-hammaddeler\\\/takviye-edici-gida-bilesenleri\\\/magnezyum-hidroksit\\\/#primaryimage\",\"url\":\"https:\\\/\\\/naturalpoland.com\\\/wp-content\\\/uploads\\\/wodorotlenek-magnezu.webp\",\"contentUrl\":\"https:\\\/\\\/naturalpoland.com\\\/wp-content\\\/uploads\\\/wodorotlenek-magnezu.webp\",\"width\":350,\"height\":350,\"caption\":\"Magnezyum hidroksit\"},{\"@type\":\"BreadcrumbList\",\"@id\":\"https:\\\/\\\/naturalpoland.com\\\/tr\\\/urunler\\\/farmasotik-hammaddeler\\\/takviye-edici-gida-bilesenleri\\\/magnezyum-hidroksit\\\/#breadcrumb\",\"itemListElement\":[{\"@type\":\"ListItem\",\"position\":1,\"name\":\"Ana Sayfa\",\"item\":\"https:\\\/\\\/naturalpoland.com\\\/tr\\\/\"},{\"@type\":\"ListItem\",\"position\":2,\"name\":\"\u00dcr\u00fcnler\",\"item\":\"https:\\\/\\\/naturalpoland.com\\\/tr\\\/urunler\\\/\"},{\"@type\":\"ListItem\",\"position\":3,\"name\":\"Magnezyum hidroksit\"}]},{\"@type\":\"WebSite\",\"@id\":\"https:\\\/\\\/naturalpoland.com\\\/tr\\\/#website\",\"url\":\"https:\\\/\\\/naturalpoland.com\\\/tr\\\/\",\"name\":\"NATURAL POLAND - Hurtowy Dystrybutor Surowc\u00f3w\",\"description\":\"Surowce dla przemys\u0142u spo\u017cywczego, kosmetycznego i farmaceutycznego\",\"publisher\":{\"@id\":\"https:\\\/\\\/naturalpoland.com\\\/tr\\\/#organization\"},\"potentialAction\":[{\"@type\":\"SearchAction\",\"target\":{\"@type\":\"EntryPoint\",\"urlTemplate\":\"https:\\\/\\\/naturalpoland.com\\\/tr\\\/?s={search_term_string}\"},\"query-input\":{\"@type\":\"PropertyValueSpecification\",\"valueRequired\":true,\"valueName\":\"search_term_string\"}}],\"inLanguage\":\"tr\"},{\"@type\":\"Organization\",\"@id\":\"https:\\\/\\\/naturalpoland.com\\\/tr\\\/#organization\",\"name\":\"Natural Poland\",\"url\":\"https:\\\/\\\/naturalpoland.com\\\/tr\\\/\",\"logo\":{\"@type\":\"ImageObject\",\"inLanguage\":\"tr\",\"@id\":\"https:\\\/\\\/naturalpoland.com\\\/tr\\\/#\\\/schema\\\/logo\\\/image\\\/\",\"url\":\"https:\\\/\\\/naturalpoland.com\\\/wp-content\\\/uploads\\\/2021\\\/05\\\/natural-poland-icon.png\",\"contentUrl\":\"https:\\\/\\\/naturalpoland.com\\\/wp-content\\\/uploads\\\/2021\\\/05\\\/natural-poland-icon.png\",\"width\":512,\"height\":512,\"caption\":\"Natural Poland\"},\"image\":{\"@id\":\"https:\\\/\\\/naturalpoland.com\\\/tr\\\/#\\\/schema\\\/logo\\\/image\\\/\"},\"sameAs\":[\"https:\\\/\\\/www.facebook.com\\\/naturalpoland.b2b\",\"https:\\\/\\\/pl.linkedin.com\\\/company\\\/natural-poland\",\"https:\\\/\\\/www.youtube.com\\\/channel\\\/UCgeGGkvOMahZo-xu_MSEWxg\"]}]}<\/script>\n<!-- \/ Yoast SEO plugin. -->","yoast_head_json":{"title":"Magnezyum hidroksit - Hurtowy Dystrybutor","description":"Magnezyum hidroksit, diyet takviyelerinde, eczac\u0131l\u0131kta ve kozmetik end\u00fcstrisinde yayg\u0131n olarak kullan\u0131lan y\u00fcksek safl\u0131kta beyaz bir tozdur.","robots":{"index":"index","follow":"follow","max-snippet":"max-snippet:-1","max-image-preview":"max-image-preview:large","max-video-preview":"max-video-preview:-1"},"canonical":"https:\/\/naturalpoland.com\/tr\/urunler\/farmasotik-hammaddeler\/takviye-edici-gida-bilesenleri\/magnezyum-hidroksit\/","og_locale":"tr_TR","og_type":"article","og_title":"Magnezyum hidroksit - Hurtowy Dystrybutor","og_description":"Magnezyum hidroksit, diyet takviyelerinde, eczac\u0131l\u0131kta ve kozmetik end\u00fcstrisinde yayg\u0131n olarak kullan\u0131lan y\u00fcksek safl\u0131kta beyaz bir tozdur.","og_url":"https:\/\/naturalpoland.com\/tr\/urunler\/farmasotik-hammaddeler\/takviye-edici-gida-bilesenleri\/magnezyum-hidroksit\/","og_site_name":"NATURAL POLAND - Hurtowy Dystrybutor Surowc\u00f3w","article_publisher":"https:\/\/www.facebook.com\/naturalpoland.b2b","article_modified_time":"2026-01-26T12:51:11+00:00","og_image":[{"width":350,"height":350,"url":"https:\/\/naturalpoland.com\/wp-content\/uploads\/wodorotlenek-magnezu.webp","type":"image\/webp"}],"schema":{"@context":"https:\/\/schema.org","@graph":[{"@type":"WebPage","@id":"https:\/\/naturalpoland.com\/tr\/urunler\/farmasotik-hammaddeler\/takviye-edici-gida-bilesenleri\/magnezyum-hidroksit\/","url":"https:\/\/naturalpoland.com\/tr\/urunler\/farmasotik-hammaddeler\/takviye-edici-gida-bilesenleri\/magnezyum-hidroksit\/","name":"Magnezyum hidroksit - Hurtowy Dystrybutor","isPartOf":{"@id":"https:\/\/naturalpoland.com\/tr\/#website"},"primaryImageOfPage":{"@id":"https:\/\/naturalpoland.com\/tr\/urunler\/farmasotik-hammaddeler\/takviye-edici-gida-bilesenleri\/magnezyum-hidroksit\/#primaryimage"},"image":{"@id":"https:\/\/naturalpoland.com\/tr\/urunler\/farmasotik-hammaddeler\/takviye-edici-gida-bilesenleri\/magnezyum-hidroksit\/#primaryimage"},"thumbnailUrl":"https:\/\/naturalpoland.com\/wp-content\/uploads\/wodorotlenek-magnezu.webp","datePublished":"2025-04-15T09:06:47+00:00","dateModified":"2026-01-26T12:51:11+00:00","description":"Magnezyum hidroksit, diyet takviyelerinde, eczac\u0131l\u0131kta ve kozmetik end\u00fcstrisinde yayg\u0131n olarak kullan\u0131lan y\u00fcksek safl\u0131kta beyaz bir tozdur.","breadcrumb":{"@id":"https:\/\/naturalpoland.com\/tr\/urunler\/farmasotik-hammaddeler\/takviye-edici-gida-bilesenleri\/magnezyum-hidroksit\/#breadcrumb"},"inLanguage":"tr","potentialAction":[{"@type":"ReadAction","target":["https:\/\/naturalpoland.com\/tr\/urunler\/farmasotik-hammaddeler\/takviye-edici-gida-bilesenleri\/magnezyum-hidroksit\/"]}]},{"@type":"ImageObject","inLanguage":"tr","@id":"https:\/\/naturalpoland.com\/tr\/urunler\/farmasotik-hammaddeler\/takviye-edici-gida-bilesenleri\/magnezyum-hidroksit\/#primaryimage","url":"https:\/\/naturalpoland.com\/wp-content\/uploads\/wodorotlenek-magnezu.webp","contentUrl":"https:\/\/naturalpoland.com\/wp-content\/uploads\/wodorotlenek-magnezu.webp","width":350,"height":350,"caption":"Magnezyum hidroksit"},{"@type":"BreadcrumbList","@id":"https:\/\/naturalpoland.com\/tr\/urunler\/farmasotik-hammaddeler\/takviye-edici-gida-bilesenleri\/magnezyum-hidroksit\/#breadcrumb","itemListElement":[{"@type":"ListItem","position":1,"name":"Ana Sayfa","item":"https:\/\/naturalpoland.com\/tr\/"},{"@type":"ListItem","position":2,"name":"\u00dcr\u00fcnler","item":"https:\/\/naturalpoland.com\/tr\/urunler\/"},{"@type":"ListItem","position":3,"name":"Magnezyum hidroksit"}]},{"@type":"WebSite","@id":"https:\/\/naturalpoland.com\/tr\/#website","url":"https:\/\/naturalpoland.com\/tr\/","name":"NATURAL POLAND - Hurtowy Dystrybutor Surowc\u00f3w","description":"Surowce dla przemys\u0142u spo\u017cywczego, kosmetycznego i farmaceutycznego","publisher":{"@id":"https:\/\/naturalpoland.com\/tr\/#organization"},"potentialAction":[{"@type":"SearchAction","target":{"@type":"EntryPoint","urlTemplate":"https:\/\/naturalpoland.com\/tr\/?s={search_term_string}"},"query-input":{"@type":"PropertyValueSpecification","valueRequired":true,"valueName":"search_term_string"}}],"inLanguage":"tr"},{"@type":"Organization","@id":"https:\/\/naturalpoland.com\/tr\/#organization","name":"Natural Poland","url":"https:\/\/naturalpoland.com\/tr\/","logo":{"@type":"ImageObject","inLanguage":"tr","@id":"https:\/\/naturalpoland.com\/tr\/#\/schema\/logo\/image\/","url":"https:\/\/naturalpoland.com\/wp-content\/uploads\/2021\/05\/natural-poland-icon.png","contentUrl":"https:\/\/naturalpoland.com\/wp-content\/uploads\/2021\/05\/natural-poland-icon.png","width":512,"height":512,"caption":"Natural Poland"},"image":{"@id":"https:\/\/naturalpoland.com\/tr\/#\/schema\/logo\/image\/"},"sameAs":["https:\/\/www.facebook.com\/naturalpoland.b2b","https:\/\/pl.linkedin.com\/company\/natural-poland","https:\/\/www.youtube.com\/channel\/UCgeGGkvOMahZo-xu_MSEWxg"]}]}},"_links":{"self":[{"href":"https:\/\/naturalpoland.com\/tr\/wp-json\/wp\/v2\/product\/45324","targetHints":{"allow":["GET"]}}],"collection":[{"href":"https:\/\/naturalpoland.com\/tr\/wp-json\/wp\/v2\/product"}],"about":[{"href":"https:\/\/naturalpoland.com\/tr\/wp-json\/wp\/v2\/types\/product"}],"wp:featuredmedia":[{"embeddable":true,"href":"https:\/\/naturalpoland.com\/tr\/wp-json\/wp\/v2\/media\/45325"}],"wp:attachment":[{"href":"https:\/\/naturalpoland.com\/tr\/wp-json\/wp\/v2\/media?parent=45324"}],"wp:term":[{"taxonomy":"product_brand","embeddable":true,"href":"https:\/\/naturalpoland.com\/tr\/wp-json\/wp\/v2\/product_brand?post=45324"},{"taxonomy":"product_cat","embeddable":true,"href":"https:\/\/naturalpoland.com\/tr\/wp-json\/wp\/v2\/product_cat?post=45324"},{"taxonomy":"product_tag","embeddable":true,"href":"https:\/\/naturalpoland.com\/tr\/wp-json\/wp\/v2\/product_tag?post=45324"}],"curies":[{"name":"wp","href":"https:\/\/api.w.org\/{rel}","templated":true}]}}