{"id":45326,"date":"2025-06-13T10:14:19","date_gmt":"2025-06-13T08:14:19","guid":{"rendered":"https:\/\/naturalpoland.com\/produkty\/kategorilenmemis\/cin-mantar-uzumu-maserati\/"},"modified":"2026-01-26T13:51:15","modified_gmt":"2026-01-26T12:51:15","slug":"cin-mantar-uzumu-maserati","status":"publish","type":"product","link":"https:\/\/naturalpoland.com\/tr\/urunler\/kozmetik-hammaddeleri\/maseratlar\/cin-mantar-uzumu-maserati\/","title":{"rendered":"\u00c7in Mantar \u00dcz\u00fcm\u00fc Maserat\u0131"},"content":{"rendered":"<p>Karakteristik sar\u0131-bordo rengi, bulan\u0131k k\u0131vam\u0131 ve belirgin bitkisel kokusu, y\u00fcksek miktarda bitkisel aktif madde i\u00e7eri\u011finin g\u00f6stergesidir. MCT ya\u011f\u0131ndaki orta zincirli ya\u011f asitlerinin (\u00f6zellikle <strong>kaprilik<\/strong> ve <strong>kaprik<\/strong>) varl\u0131\u011f\u0131, aktif bile\u015fenlerin emilimini destekler ve mantar \u00fcz\u00fcm\u00fcndeki maddelerin biyoyararlan\u0131m\u0131n\u0131 art\u0131r\u0131r. <\/p>\n<h2>Kullan\u0131m:<\/h2>\n<p>\u00c7in Mantar \u00dcz\u00fcm\u00fc Maserat\u0131 \u00f6ncelikle <strong>do\u011fal kozmetiklerde<\/strong> kullan\u0131l\u0131r ve olgun, yorgun ve d\u0131\u015f etkenlere maruz kalan cilt i\u00e7in g\u00fc\u00e7lendirici, canland\u0131r\u0131c\u0131 ve koruyucu bir bile\u015fen olarak i\u015flev g\u00f6r\u00fcr. Antioksidan ve adaptojenik \u00f6zellikleri sayesinde ya\u015flanma kar\u015f\u0131t\u0131 kozmetiklerde, oksidatif stresi hafifletici \u00fcr\u00fcnlerde ve epidermis lipid bariyerini g\u00fc\u00e7lendiren \u00fcr\u00fcnlerde kullan\u0131labilir. Serum, y\u00fcz ya\u011flar\u0131, kremler ile v\u00fccut ve sa\u00e7 bak\u0131m \u00fcr\u00fcnlerinde m\u00fckemmel sonu\u00e7 verir.  <\/p>\n<h2 data-start=\"738\" data-end=\"1302\">12 g&#8217;daki (1 porsiyon) besin de\u011feri:<\/h2>\n<ul>\n<li data-start=\"738\" data-end=\"1302\">Enerji de\u011feri: 444 kJ \/ 108 kcal<\/li>\n<li data-start=\"738\" data-end=\"1302\">Ya\u011f: 12 g (%17)\n<ul>\n<li data-start=\"738\" data-end=\"1302\">bunun doymu\u015f ya\u011f asitleri: 12 g (%60)<\/li>\n<li data-start=\"738\" data-end=\"1302\">C8:0 Kaprilik asit: 6,6 &#8211; 7,8 g<\/li>\n<li data-start=\"738\" data-end=\"1302\">C10:0 Kaprik asit: 4,2 g &#8211; 5,4 g<\/li>\n<\/ul>\n<\/li>\n<li data-start=\"738\" data-end=\"1302\">Karbonhidrat: 0 g<\/li>\n<li data-start=\"738\" data-end=\"1302\">Protein: 0 g<\/li>\n<li data-start=\"738\" data-end=\"1302\">Tuz: 0 g<\/li>\n<\/ul>\n<h2>Ya\u011f Asidi Profili:<\/h2>\n<table>\n<tbody>\n<tr>\n<td><strong>AS\u0130T ADI<\/strong><\/td>\n<td><strong>C-Z\u0130NC\u0130R\u0130<\/strong><\/td>\n<td><strong>ARALIK %<\/strong><\/td>\n<\/tr>\n<tr>\n<td>KAPRO\u0130K<\/td>\n<td>C6:0<\/td>\n<td>&lt;2.0<\/td>\n<\/tr>\n<tr>\n<td>KAPR\u0130L\u0130K<\/td>\n<td>C8:0<\/td>\n<td>50.0 \u2013 80.0<\/td>\n<\/tr>\n<tr>\n<td>KAPR\u0130K<\/td>\n<td>C10:0<\/td>\n<td>20.0 \u2013 50.0<\/td>\n<\/tr>\n<tr>\n<td>LOR\u0130K<\/td>\n<td>C12:0<\/td>\n<td>&lt;3.0<\/td>\n<\/tr>\n<\/tbody>\n<\/table>\n","protected":false},"excerpt":{"rendered":"<p><strong data-start=\"0\" data-end=\"46\">MCT ya\u011f\u0131 bazl\u0131 \u00c7in Mantar \u00dcz\u00fcm\u00fc Maserat\u0131<\/strong>, <em data-start=\"138\" data-end=\"160\">Schisandra chinensis<\/em> meyvelerinin fraksiyonlu hindistan cevizi ya\u011f\u0131nda (MCT) maserasyonu ile elde edilir. Adaptojenik, antioksidan ve tonik etkileri olan lignanlar, flavonoidler ve organik asitler bak\u0131m\u0131ndan zengin mantar \u00fcz\u00fcm\u00fc \u00f6z\u00fc i\u00e7erir. <\/p>\n","protected":false},"featured_media":45327,"template":"","meta":{"_acf_changed":false},"product_brand":[],"product_cat":[9549],"product_tag":[],"class_list":{"0":"post-45326","1":"product","2":"type-product","3":"status-publish","4":"has-post-thumbnail","6":"product_cat-maseratlar","7":"pa_metoda-pozyskiwania-maserasyon","9":"first","10":"instock","11":"shipping-taxable","12":"product-type-simple"},"acf":[],"yoast_head":"<!-- This site is optimized with the Yoast SEO plugin v27.5 - https:\/\/yoast.com\/product\/yoast-seo-wordpress\/ -->\n<title>\u00c7in Mantar \u00dcz\u00fcm\u00fc Maserat\u0131 - Hurtowy Dystrybutor<\/title>\n<meta name=\"description\" content=\"MCT ya\u011f\u0131 bazl\u0131 \u00c7in Mantar \u00dcz\u00fcm\u00fc Maserat\u0131, Schisandra chinensis meyvelerinin maserasyon i\u015flemiyle elde edilen y\u00fcksek kaliteli do\u011fal bitkisel bir hammaddedir.\" \/>\n<meta name=\"robots\" content=\"index, follow, max-snippet:-1, max-image-preview:large, max-video-preview:-1\" \/>\n<link rel=\"canonical\" href=\"https:\/\/naturalpoland.com\/tr\/urunler\/kozmetik-hammaddeleri\/maseratlar\/cin-mantar-uzumu-maserati\/\" \/>\n<meta property=\"og:locale\" content=\"tr_TR\" \/>\n<meta property=\"og:type\" content=\"article\" \/>\n<meta property=\"og:title\" content=\"\u00c7in Mantar \u00dcz\u00fcm\u00fc Maserat\u0131 - Hurtowy Dystrybutor\" \/>\n<meta property=\"og:description\" content=\"MCT ya\u011f\u0131 bazl\u0131 \u00c7in Mantar \u00dcz\u00fcm\u00fc Maserat\u0131, Schisandra chinensis meyvelerinin maserasyon i\u015flemiyle elde edilen y\u00fcksek kaliteli do\u011fal bitkisel bir hammaddedir.\" \/>\n<meta property=\"og:url\" content=\"https:\/\/naturalpoland.com\/tr\/urunler\/kozmetik-hammaddeleri\/maseratlar\/cin-mantar-uzumu-maserati\/\" \/>\n<meta property=\"og:site_name\" content=\"NATURAL POLAND - Hurtowy Dystrybutor Surowc\u00f3w\" \/>\n<meta property=\"article:publisher\" content=\"https:\/\/www.facebook.com\/naturalpoland.b2b\" \/>\n<meta property=\"article:modified_time\" content=\"2026-01-26T12:51:15+00:00\" \/>\n<meta property=\"og:image\" content=\"https:\/\/naturalpoland.com\/wp-content\/uploads\/macerat-z-cytrynca-chinskiego.webp\" \/>\n\t<meta property=\"og:image:width\" content=\"1024\" \/>\n\t<meta property=\"og:image:height\" content=\"1024\" \/>\n\t<meta property=\"og:image:type\" content=\"image\/webp\" \/>\n<script type=\"application\/ld+json\" class=\"yoast-schema-graph\">{\"@context\":\"https:\\\/\\\/schema.org\",\"@graph\":[{\"@type\":\"WebPage\",\"@id\":\"https:\\\/\\\/naturalpoland.com\\\/tr\\\/urunler\\\/kozmetik-hammaddeleri\\\/maseratlar\\\/cin-mantar-uzumu-maserati\\\/\",\"url\":\"https:\\\/\\\/naturalpoland.com\\\/tr\\\/urunler\\\/kozmetik-hammaddeleri\\\/maseratlar\\\/cin-mantar-uzumu-maserati\\\/\",\"name\":\"\u00c7in Mantar \u00dcz\u00fcm\u00fc Maserat\u0131 - Hurtowy Dystrybutor\",\"isPartOf\":{\"@id\":\"https:\\\/\\\/naturalpoland.com\\\/tr\\\/#website\"},\"primaryImageOfPage\":{\"@id\":\"https:\\\/\\\/naturalpoland.com\\\/tr\\\/urunler\\\/kozmetik-hammaddeleri\\\/maseratlar\\\/cin-mantar-uzumu-maserati\\\/#primaryimage\"},\"image\":{\"@id\":\"https:\\\/\\\/naturalpoland.com\\\/tr\\\/urunler\\\/kozmetik-hammaddeleri\\\/maseratlar\\\/cin-mantar-uzumu-maserati\\\/#primaryimage\"},\"thumbnailUrl\":\"https:\\\/\\\/naturalpoland.com\\\/wp-content\\\/uploads\\\/macerat-z-cytrynca-chinskiego.webp\",\"datePublished\":\"2025-06-13T08:14:19+00:00\",\"dateModified\":\"2026-01-26T12:51:15+00:00\",\"description\":\"MCT ya\u011f\u0131 bazl\u0131 \u00c7in Mantar \u00dcz\u00fcm\u00fc Maserat\u0131, Schisandra chinensis meyvelerinin maserasyon i\u015flemiyle elde edilen y\u00fcksek kaliteli do\u011fal bitkisel bir hammaddedir.\",\"breadcrumb\":{\"@id\":\"https:\\\/\\\/naturalpoland.com\\\/tr\\\/urunler\\\/kozmetik-hammaddeleri\\\/maseratlar\\\/cin-mantar-uzumu-maserati\\\/#breadcrumb\"},\"inLanguage\":\"tr\",\"potentialAction\":[{\"@type\":\"ReadAction\",\"target\":[\"https:\\\/\\\/naturalpoland.com\\\/tr\\\/urunler\\\/kozmetik-hammaddeleri\\\/maseratlar\\\/cin-mantar-uzumu-maserati\\\/\"]}]},{\"@type\":\"ImageObject\",\"inLanguage\":\"tr\",\"@id\":\"https:\\\/\\\/naturalpoland.com\\\/tr\\\/urunler\\\/kozmetik-hammaddeleri\\\/maseratlar\\\/cin-mantar-uzumu-maserati\\\/#primaryimage\",\"url\":\"https:\\\/\\\/naturalpoland.com\\\/wp-content\\\/uploads\\\/macerat-z-cytrynca-chinskiego.webp\",\"contentUrl\":\"https:\\\/\\\/naturalpoland.com\\\/wp-content\\\/uploads\\\/macerat-z-cytrynca-chinskiego.webp\",\"width\":1024,\"height\":1024,\"caption\":\"\u00c7in Mantar \u00dcz\u00fcm\u00fc Maserat\u0131\"},{\"@type\":\"BreadcrumbList\",\"@id\":\"https:\\\/\\\/naturalpoland.com\\\/tr\\\/urunler\\\/kozmetik-hammaddeleri\\\/maseratlar\\\/cin-mantar-uzumu-maserati\\\/#breadcrumb\",\"itemListElement\":[{\"@type\":\"ListItem\",\"position\":1,\"name\":\"Ana Sayfa\",\"item\":\"https:\\\/\\\/naturalpoland.com\\\/tr\\\/\"},{\"@type\":\"ListItem\",\"position\":2,\"name\":\"\u00dcr\u00fcnler\",\"item\":\"https:\\\/\\\/naturalpoland.com\\\/tr\\\/urunler\\\/\"},{\"@type\":\"ListItem\",\"position\":3,\"name\":\"\u00c7in Mantar \u00dcz\u00fcm\u00fc Maserat\u0131\"}]},{\"@type\":\"WebSite\",\"@id\":\"https:\\\/\\\/naturalpoland.com\\\/tr\\\/#website\",\"url\":\"https:\\\/\\\/naturalpoland.com\\\/tr\\\/\",\"name\":\"NATURAL POLAND - Hurtowy Dystrybutor Surowc\u00f3w\",\"description\":\"Surowce dla przemys\u0142u spo\u017cywczego, kosmetycznego i farmaceutycznego\",\"publisher\":{\"@id\":\"https:\\\/\\\/naturalpoland.com\\\/tr\\\/#organization\"},\"potentialAction\":[{\"@type\":\"SearchAction\",\"target\":{\"@type\":\"EntryPoint\",\"urlTemplate\":\"https:\\\/\\\/naturalpoland.com\\\/tr\\\/?s={search_term_string}\"},\"query-input\":{\"@type\":\"PropertyValueSpecification\",\"valueRequired\":true,\"valueName\":\"search_term_string\"}}],\"inLanguage\":\"tr\"},{\"@type\":\"Organization\",\"@id\":\"https:\\\/\\\/naturalpoland.com\\\/tr\\\/#organization\",\"name\":\"Natural Poland\",\"url\":\"https:\\\/\\\/naturalpoland.com\\\/tr\\\/\",\"logo\":{\"@type\":\"ImageObject\",\"inLanguage\":\"tr\",\"@id\":\"https:\\\/\\\/naturalpoland.com\\\/tr\\\/#\\\/schema\\\/logo\\\/image\\\/\",\"url\":\"https:\\\/\\\/naturalpoland.com\\\/wp-content\\\/uploads\\\/2021\\\/05\\\/natural-poland-icon.png\",\"contentUrl\":\"https:\\\/\\\/naturalpoland.com\\\/wp-content\\\/uploads\\\/2021\\\/05\\\/natural-poland-icon.png\",\"width\":512,\"height\":512,\"caption\":\"Natural Poland\"},\"image\":{\"@id\":\"https:\\\/\\\/naturalpoland.com\\\/tr\\\/#\\\/schema\\\/logo\\\/image\\\/\"},\"sameAs\":[\"https:\\\/\\\/www.facebook.com\\\/naturalpoland.b2b\",\"https:\\\/\\\/pl.linkedin.com\\\/company\\\/natural-poland\",\"https:\\\/\\\/www.youtube.com\\\/channel\\\/UCgeGGkvOMahZo-xu_MSEWxg\"]}]}<\/script>\n<!-- \/ Yoast SEO plugin. -->","yoast_head_json":{"title":"\u00c7in Mantar \u00dcz\u00fcm\u00fc Maserat\u0131 - Hurtowy Dystrybutor","description":"MCT ya\u011f\u0131 bazl\u0131 \u00c7in Mantar \u00dcz\u00fcm\u00fc Maserat\u0131, Schisandra chinensis meyvelerinin maserasyon i\u015flemiyle elde edilen y\u00fcksek kaliteli do\u011fal bitkisel bir hammaddedir.","robots":{"index":"index","follow":"follow","max-snippet":"max-snippet:-1","max-image-preview":"max-image-preview:large","max-video-preview":"max-video-preview:-1"},"canonical":"https:\/\/naturalpoland.com\/tr\/urunler\/kozmetik-hammaddeleri\/maseratlar\/cin-mantar-uzumu-maserati\/","og_locale":"tr_TR","og_type":"article","og_title":"\u00c7in Mantar \u00dcz\u00fcm\u00fc Maserat\u0131 - Hurtowy Dystrybutor","og_description":"MCT ya\u011f\u0131 bazl\u0131 \u00c7in Mantar \u00dcz\u00fcm\u00fc Maserat\u0131, Schisandra chinensis meyvelerinin maserasyon i\u015flemiyle elde edilen y\u00fcksek kaliteli do\u011fal bitkisel bir hammaddedir.","og_url":"https:\/\/naturalpoland.com\/tr\/urunler\/kozmetik-hammaddeleri\/maseratlar\/cin-mantar-uzumu-maserati\/","og_site_name":"NATURAL POLAND - Hurtowy Dystrybutor Surowc\u00f3w","article_publisher":"https:\/\/www.facebook.com\/naturalpoland.b2b","article_modified_time":"2026-01-26T12:51:15+00:00","og_image":[{"width":1024,"height":1024,"url":"https:\/\/naturalpoland.com\/wp-content\/uploads\/macerat-z-cytrynca-chinskiego.webp","type":"image\/webp"}],"schema":{"@context":"https:\/\/schema.org","@graph":[{"@type":"WebPage","@id":"https:\/\/naturalpoland.com\/tr\/urunler\/kozmetik-hammaddeleri\/maseratlar\/cin-mantar-uzumu-maserati\/","url":"https:\/\/naturalpoland.com\/tr\/urunler\/kozmetik-hammaddeleri\/maseratlar\/cin-mantar-uzumu-maserati\/","name":"\u00c7in Mantar \u00dcz\u00fcm\u00fc Maserat\u0131 - Hurtowy Dystrybutor","isPartOf":{"@id":"https:\/\/naturalpoland.com\/tr\/#website"},"primaryImageOfPage":{"@id":"https:\/\/naturalpoland.com\/tr\/urunler\/kozmetik-hammaddeleri\/maseratlar\/cin-mantar-uzumu-maserati\/#primaryimage"},"image":{"@id":"https:\/\/naturalpoland.com\/tr\/urunler\/kozmetik-hammaddeleri\/maseratlar\/cin-mantar-uzumu-maserati\/#primaryimage"},"thumbnailUrl":"https:\/\/naturalpoland.com\/wp-content\/uploads\/macerat-z-cytrynca-chinskiego.webp","datePublished":"2025-06-13T08:14:19+00:00","dateModified":"2026-01-26T12:51:15+00:00","description":"MCT ya\u011f\u0131 bazl\u0131 \u00c7in Mantar \u00dcz\u00fcm\u00fc Maserat\u0131, Schisandra chinensis meyvelerinin maserasyon i\u015flemiyle elde edilen y\u00fcksek kaliteli do\u011fal bitkisel bir hammaddedir.","breadcrumb":{"@id":"https:\/\/naturalpoland.com\/tr\/urunler\/kozmetik-hammaddeleri\/maseratlar\/cin-mantar-uzumu-maserati\/#breadcrumb"},"inLanguage":"tr","potentialAction":[{"@type":"ReadAction","target":["https:\/\/naturalpoland.com\/tr\/urunler\/kozmetik-hammaddeleri\/maseratlar\/cin-mantar-uzumu-maserati\/"]}]},{"@type":"ImageObject","inLanguage":"tr","@id":"https:\/\/naturalpoland.com\/tr\/urunler\/kozmetik-hammaddeleri\/maseratlar\/cin-mantar-uzumu-maserati\/#primaryimage","url":"https:\/\/naturalpoland.com\/wp-content\/uploads\/macerat-z-cytrynca-chinskiego.webp","contentUrl":"https:\/\/naturalpoland.com\/wp-content\/uploads\/macerat-z-cytrynca-chinskiego.webp","width":1024,"height":1024,"caption":"\u00c7in Mantar \u00dcz\u00fcm\u00fc Maserat\u0131"},{"@type":"BreadcrumbList","@id":"https:\/\/naturalpoland.com\/tr\/urunler\/kozmetik-hammaddeleri\/maseratlar\/cin-mantar-uzumu-maserati\/#breadcrumb","itemListElement":[{"@type":"ListItem","position":1,"name":"Ana Sayfa","item":"https:\/\/naturalpoland.com\/tr\/"},{"@type":"ListItem","position":2,"name":"\u00dcr\u00fcnler","item":"https:\/\/naturalpoland.com\/tr\/urunler\/"},{"@type":"ListItem","position":3,"name":"\u00c7in Mantar \u00dcz\u00fcm\u00fc Maserat\u0131"}]},{"@type":"WebSite","@id":"https:\/\/naturalpoland.com\/tr\/#website","url":"https:\/\/naturalpoland.com\/tr\/","name":"NATURAL POLAND - Hurtowy Dystrybutor Surowc\u00f3w","description":"Surowce dla przemys\u0142u spo\u017cywczego, kosmetycznego i farmaceutycznego","publisher":{"@id":"https:\/\/naturalpoland.com\/tr\/#organization"},"potentialAction":[{"@type":"SearchAction","target":{"@type":"EntryPoint","urlTemplate":"https:\/\/naturalpoland.com\/tr\/?s={search_term_string}"},"query-input":{"@type":"PropertyValueSpecification","valueRequired":true,"valueName":"search_term_string"}}],"inLanguage":"tr"},{"@type":"Organization","@id":"https:\/\/naturalpoland.com\/tr\/#organization","name":"Natural Poland","url":"https:\/\/naturalpoland.com\/tr\/","logo":{"@type":"ImageObject","inLanguage":"tr","@id":"https:\/\/naturalpoland.com\/tr\/#\/schema\/logo\/image\/","url":"https:\/\/naturalpoland.com\/wp-content\/uploads\/2021\/05\/natural-poland-icon.png","contentUrl":"https:\/\/naturalpoland.com\/wp-content\/uploads\/2021\/05\/natural-poland-icon.png","width":512,"height":512,"caption":"Natural Poland"},"image":{"@id":"https:\/\/naturalpoland.com\/tr\/#\/schema\/logo\/image\/"},"sameAs":["https:\/\/www.facebook.com\/naturalpoland.b2b","https:\/\/pl.linkedin.com\/company\/natural-poland","https:\/\/www.youtube.com\/channel\/UCgeGGkvOMahZo-xu_MSEWxg"]}]}},"_links":{"self":[{"href":"https:\/\/naturalpoland.com\/tr\/wp-json\/wp\/v2\/product\/45326","targetHints":{"allow":["GET"]}}],"collection":[{"href":"https:\/\/naturalpoland.com\/tr\/wp-json\/wp\/v2\/product"}],"about":[{"href":"https:\/\/naturalpoland.com\/tr\/wp-json\/wp\/v2\/types\/product"}],"wp:featuredmedia":[{"embeddable":true,"href":"https:\/\/naturalpoland.com\/tr\/wp-json\/wp\/v2\/media\/45327"}],"wp:attachment":[{"href":"https:\/\/naturalpoland.com\/tr\/wp-json\/wp\/v2\/media?parent=45326"}],"wp:term":[{"taxonomy":"product_brand","embeddable":true,"href":"https:\/\/naturalpoland.com\/tr\/wp-json\/wp\/v2\/product_brand?post=45326"},{"taxonomy":"product_cat","embeddable":true,"href":"https:\/\/naturalpoland.com\/tr\/wp-json\/wp\/v2\/product_cat?post=45326"},{"taxonomy":"product_tag","embeddable":true,"href":"https:\/\/naturalpoland.com\/tr\/wp-json\/wp\/v2\/product_tag?post=45326"}],"curies":[{"name":"wp","href":"https:\/\/api.w.org\/{rel}","templated":true}]}}