{"id":45328,"date":"2025-07-17T15:35:15","date_gmt":"2025-07-17T13:35:15","guid":{"rendered":"https:\/\/naturalpoland.com\/produkty\/kategorilenmemis\/elma-lifi\/"},"modified":"2026-01-26T13:51:21","modified_gmt":"2026-01-26T12:51:21","slug":"elma-lifi","status":"publish","type":"product","link":"https:\/\/naturalpoland.com\/tr\/urunler\/gida-hammaddeleri\/uretim-hammaddeleri\/elma-lifi\/","title":{"rendered":"Elma lifi"},"content":{"rendered":"<h2>Elma lifinin \u00f6zellikleri ve kullan\u0131m\u0131<\/h2>\n<p>Elma lifi, fonksiyonel ve besinsel \u00f6zellikleri nedeniyle g\u0131da, nutras\u00f6tik, diyet ve yem end\u00fcstrilerinde kullan\u0131lmaktad\u0131r. Sindirim sisteminin d\u00fczg\u00fcn \u00e7al\u0131\u015fmas\u0131n\u0131 destekler, <strong>ba\u011f\u0131rsak hareketlerini destekler<\/strong>, tokluk hissi sa\u011flar ve kilo kontrol\u00fcne yard\u0131mc\u0131 olur. G\u0131da \u00fcr\u00fcnlerinde f\u0131r\u0131n \u00fcr\u00fcnleri, barlar, yo\u011furtlar, diyet kar\u0131\u015f\u0131mlar\u0131 ve fonksiyonel i\u00e7eceklerde kullan\u0131labilir. Do\u011fal \u015fekerler i\u00e7ermesi ve d\u00fc\u015f\u00fck ya\u011f i\u00e7eri\u011fi (\u22642 g\/100 g) sayesinde, sa\u011fl\u0131kl\u0131 beslenmeye \u00f6zen g\u00f6sterenler i\u00e7in de\u011ferli bir bile\u015fendir.   <\/p>\n<p>\u00dcr\u00fcn, nanomateryaller ve nano\u00fcr\u00fcnler kullan\u0131lmadan, Polonya&#8217;dan temin edilen hammaddelerle Polonya&#8217;da \u00fcretilmi\u015f ve paketlenmi\u015ftir.<\/p>\n<p>Elma lifi, sindirim sisteminin sa\u011fl\u0131\u011f\u0131n\u0131 destekleyen do\u011fal ve etkili bir bile\u015fen olarak fonksiyonel g\u0131da ve g\u0131da takviyesi \u00fcreticileri taraf\u0131ndan tercih edilen bir hammaddedir.<\/p>\n","protected":false},"excerpt":{"rendered":"<p><strong>Elma lifi<\/strong> kurutulmu\u015f elmalardan elde edilir. Karakteristik, ho\u015f bir kokusu ve koyu kremden a\u00e7\u0131k kahverengiye de\u011fi\u015fen bir rengi vard\u0131r. Bu \u00fcr\u00fcn, 100 g hammaddede minimum 50 g lif i\u00e7eri\u011fiyle m\u00fckemmel bir diyet lifi kayna\u011f\u0131d\u0131r ve kuru madde oran\u0131 %96&#8217;d\u0131r.  <\/p>\n","protected":false},"featured_media":45329,"template":"","meta":{"_acf_changed":false},"product_brand":[],"product_cat":[9540,9572],"product_tag":[],"class_list":{"0":"post-45328","1":"product","2":"type-product","3":"status-publish","4":"has-post-thumbnail","6":"product_cat-takviye-edici-gida-bilesenleri","7":"product_cat-uretim-hammaddeleri","9":"first","10":"instock","11":"shipping-taxable","12":"product-type-simple"},"acf":[],"yoast_head":"<!-- This site is optimized with the Yoast SEO plugin v27.5 - https:\/\/yoast.com\/product\/yoast-seo-wordpress\/ -->\n<title>Elma lifi - Hurtowy Dystrybutor<\/title>\n<meta name=\"description\" content=\"Elma lifi, sindirim sisteminin sa\u011fl\u0131\u011f\u0131n\u0131 desteklemek i\u00e7in fonksiyonel g\u0131da ve g\u0131da takviyesi \u00fcreticileri taraf\u0131ndan tercih edilen bir hammaddedir.\" \/>\n<meta name=\"robots\" content=\"index, follow, max-snippet:-1, max-image-preview:large, max-video-preview:-1\" \/>\n<link rel=\"canonical\" href=\"https:\/\/naturalpoland.com\/tr\/urunler\/gida-hammaddeleri\/uretim-hammaddeleri\/elma-lifi\/\" \/>\n<meta property=\"og:locale\" content=\"tr_TR\" \/>\n<meta property=\"og:type\" content=\"article\" \/>\n<meta property=\"og:title\" content=\"Elma lifi - Hurtowy Dystrybutor\" \/>\n<meta property=\"og:description\" content=\"Elma lifi, sindirim sisteminin sa\u011fl\u0131\u011f\u0131n\u0131 desteklemek i\u00e7in fonksiyonel g\u0131da ve g\u0131da takviyesi \u00fcreticileri taraf\u0131ndan tercih edilen bir hammaddedir.\" \/>\n<meta property=\"og:url\" content=\"https:\/\/naturalpoland.com\/tr\/urunler\/gida-hammaddeleri\/uretim-hammaddeleri\/elma-lifi\/\" \/>\n<meta property=\"og:site_name\" content=\"NATURAL POLAND - Hurtowy Dystrybutor Surowc\u00f3w\" \/>\n<meta property=\"article:publisher\" content=\"https:\/\/www.facebook.com\/naturalpoland.b2b\" \/>\n<meta property=\"article:modified_time\" content=\"2026-01-26T12:51:21+00:00\" \/>\n<meta property=\"og:image\" content=\"https:\/\/naturalpoland.com\/wp-content\/uploads\/blonnik-jablkowy.webp\" \/>\n\t<meta property=\"og:image:width\" content=\"1024\" \/>\n\t<meta property=\"og:image:height\" content=\"1024\" \/>\n\t<meta property=\"og:image:type\" content=\"image\/webp\" \/>\n<script type=\"application\/ld+json\" class=\"yoast-schema-graph\">{\"@context\":\"https:\\\/\\\/schema.org\",\"@graph\":[{\"@type\":\"WebPage\",\"@id\":\"https:\\\/\\\/naturalpoland.com\\\/tr\\\/urunler\\\/gida-hammaddeleri\\\/uretim-hammaddeleri\\\/elma-lifi\\\/\",\"url\":\"https:\\\/\\\/naturalpoland.com\\\/tr\\\/urunler\\\/gida-hammaddeleri\\\/uretim-hammaddeleri\\\/elma-lifi\\\/\",\"name\":\"Elma lifi - Hurtowy Dystrybutor\",\"isPartOf\":{\"@id\":\"https:\\\/\\\/naturalpoland.com\\\/tr\\\/#website\"},\"primaryImageOfPage\":{\"@id\":\"https:\\\/\\\/naturalpoland.com\\\/tr\\\/urunler\\\/gida-hammaddeleri\\\/uretim-hammaddeleri\\\/elma-lifi\\\/#primaryimage\"},\"image\":{\"@id\":\"https:\\\/\\\/naturalpoland.com\\\/tr\\\/urunler\\\/gida-hammaddeleri\\\/uretim-hammaddeleri\\\/elma-lifi\\\/#primaryimage\"},\"thumbnailUrl\":\"https:\\\/\\\/naturalpoland.com\\\/wp-content\\\/uploads\\\/blonnik-jablkowy.webp\",\"datePublished\":\"2025-07-17T13:35:15+00:00\",\"dateModified\":\"2026-01-26T12:51:21+00:00\",\"description\":\"Elma lifi, sindirim sisteminin sa\u011fl\u0131\u011f\u0131n\u0131 desteklemek i\u00e7in fonksiyonel g\u0131da ve g\u0131da takviyesi \u00fcreticileri taraf\u0131ndan tercih edilen bir hammaddedir.\",\"breadcrumb\":{\"@id\":\"https:\\\/\\\/naturalpoland.com\\\/tr\\\/urunler\\\/gida-hammaddeleri\\\/uretim-hammaddeleri\\\/elma-lifi\\\/#breadcrumb\"},\"inLanguage\":\"tr\",\"potentialAction\":[{\"@type\":\"ReadAction\",\"target\":[\"https:\\\/\\\/naturalpoland.com\\\/tr\\\/urunler\\\/gida-hammaddeleri\\\/uretim-hammaddeleri\\\/elma-lifi\\\/\"]}]},{\"@type\":\"ImageObject\",\"inLanguage\":\"tr\",\"@id\":\"https:\\\/\\\/naturalpoland.com\\\/tr\\\/urunler\\\/gida-hammaddeleri\\\/uretim-hammaddeleri\\\/elma-lifi\\\/#primaryimage\",\"url\":\"https:\\\/\\\/naturalpoland.com\\\/wp-content\\\/uploads\\\/blonnik-jablkowy.webp\",\"contentUrl\":\"https:\\\/\\\/naturalpoland.com\\\/wp-content\\\/uploads\\\/blonnik-jablkowy.webp\",\"width\":1024,\"height\":1024,\"caption\":\"Elma lifi\"},{\"@type\":\"BreadcrumbList\",\"@id\":\"https:\\\/\\\/naturalpoland.com\\\/tr\\\/urunler\\\/gida-hammaddeleri\\\/uretim-hammaddeleri\\\/elma-lifi\\\/#breadcrumb\",\"itemListElement\":[{\"@type\":\"ListItem\",\"position\":1,\"name\":\"Ana Sayfa\",\"item\":\"https:\\\/\\\/naturalpoland.com\\\/tr\\\/\"},{\"@type\":\"ListItem\",\"position\":2,\"name\":\"\u00dcr\u00fcnler\",\"item\":\"https:\\\/\\\/naturalpoland.com\\\/tr\\\/urunler\\\/\"},{\"@type\":\"ListItem\",\"position\":3,\"name\":\"Elma lifi\"}]},{\"@type\":\"WebSite\",\"@id\":\"https:\\\/\\\/naturalpoland.com\\\/tr\\\/#website\",\"url\":\"https:\\\/\\\/naturalpoland.com\\\/tr\\\/\",\"name\":\"NATURAL POLAND - Hurtowy Dystrybutor Surowc\u00f3w\",\"description\":\"Surowce dla przemys\u0142u spo\u017cywczego, kosmetycznego i farmaceutycznego\",\"publisher\":{\"@id\":\"https:\\\/\\\/naturalpoland.com\\\/tr\\\/#organization\"},\"potentialAction\":[{\"@type\":\"SearchAction\",\"target\":{\"@type\":\"EntryPoint\",\"urlTemplate\":\"https:\\\/\\\/naturalpoland.com\\\/tr\\\/?s={search_term_string}\"},\"query-input\":{\"@type\":\"PropertyValueSpecification\",\"valueRequired\":true,\"valueName\":\"search_term_string\"}}],\"inLanguage\":\"tr\"},{\"@type\":\"Organization\",\"@id\":\"https:\\\/\\\/naturalpoland.com\\\/tr\\\/#organization\",\"name\":\"Natural Poland\",\"url\":\"https:\\\/\\\/naturalpoland.com\\\/tr\\\/\",\"logo\":{\"@type\":\"ImageObject\",\"inLanguage\":\"tr\",\"@id\":\"https:\\\/\\\/naturalpoland.com\\\/tr\\\/#\\\/schema\\\/logo\\\/image\\\/\",\"url\":\"https:\\\/\\\/naturalpoland.com\\\/wp-content\\\/uploads\\\/2021\\\/05\\\/natural-poland-icon.png\",\"contentUrl\":\"https:\\\/\\\/naturalpoland.com\\\/wp-content\\\/uploads\\\/2021\\\/05\\\/natural-poland-icon.png\",\"width\":512,\"height\":512,\"caption\":\"Natural Poland\"},\"image\":{\"@id\":\"https:\\\/\\\/naturalpoland.com\\\/tr\\\/#\\\/schema\\\/logo\\\/image\\\/\"},\"sameAs\":[\"https:\\\/\\\/www.facebook.com\\\/naturalpoland.b2b\",\"https:\\\/\\\/pl.linkedin.com\\\/company\\\/natural-poland\",\"https:\\\/\\\/www.youtube.com\\\/channel\\\/UCgeGGkvOMahZo-xu_MSEWxg\"]}]}<\/script>\n<!-- \/ Yoast SEO plugin. -->","yoast_head_json":{"title":"Elma lifi - Hurtowy Dystrybutor","description":"Elma lifi, sindirim sisteminin sa\u011fl\u0131\u011f\u0131n\u0131 desteklemek i\u00e7in fonksiyonel g\u0131da ve g\u0131da takviyesi \u00fcreticileri taraf\u0131ndan tercih edilen bir hammaddedir.","robots":{"index":"index","follow":"follow","max-snippet":"max-snippet:-1","max-image-preview":"max-image-preview:large","max-video-preview":"max-video-preview:-1"},"canonical":"https:\/\/naturalpoland.com\/tr\/urunler\/gida-hammaddeleri\/uretim-hammaddeleri\/elma-lifi\/","og_locale":"tr_TR","og_type":"article","og_title":"Elma lifi - Hurtowy Dystrybutor","og_description":"Elma lifi, sindirim sisteminin sa\u011fl\u0131\u011f\u0131n\u0131 desteklemek i\u00e7in fonksiyonel g\u0131da ve g\u0131da takviyesi \u00fcreticileri taraf\u0131ndan tercih edilen bir hammaddedir.","og_url":"https:\/\/naturalpoland.com\/tr\/urunler\/gida-hammaddeleri\/uretim-hammaddeleri\/elma-lifi\/","og_site_name":"NATURAL POLAND - Hurtowy Dystrybutor Surowc\u00f3w","article_publisher":"https:\/\/www.facebook.com\/naturalpoland.b2b","article_modified_time":"2026-01-26T12:51:21+00:00","og_image":[{"width":1024,"height":1024,"url":"https:\/\/naturalpoland.com\/wp-content\/uploads\/blonnik-jablkowy.webp","type":"image\/webp"}],"schema":{"@context":"https:\/\/schema.org","@graph":[{"@type":"WebPage","@id":"https:\/\/naturalpoland.com\/tr\/urunler\/gida-hammaddeleri\/uretim-hammaddeleri\/elma-lifi\/","url":"https:\/\/naturalpoland.com\/tr\/urunler\/gida-hammaddeleri\/uretim-hammaddeleri\/elma-lifi\/","name":"Elma lifi - Hurtowy Dystrybutor","isPartOf":{"@id":"https:\/\/naturalpoland.com\/tr\/#website"},"primaryImageOfPage":{"@id":"https:\/\/naturalpoland.com\/tr\/urunler\/gida-hammaddeleri\/uretim-hammaddeleri\/elma-lifi\/#primaryimage"},"image":{"@id":"https:\/\/naturalpoland.com\/tr\/urunler\/gida-hammaddeleri\/uretim-hammaddeleri\/elma-lifi\/#primaryimage"},"thumbnailUrl":"https:\/\/naturalpoland.com\/wp-content\/uploads\/blonnik-jablkowy.webp","datePublished":"2025-07-17T13:35:15+00:00","dateModified":"2026-01-26T12:51:21+00:00","description":"Elma lifi, sindirim sisteminin sa\u011fl\u0131\u011f\u0131n\u0131 desteklemek i\u00e7in fonksiyonel g\u0131da ve g\u0131da takviyesi \u00fcreticileri taraf\u0131ndan tercih edilen bir hammaddedir.","breadcrumb":{"@id":"https:\/\/naturalpoland.com\/tr\/urunler\/gida-hammaddeleri\/uretim-hammaddeleri\/elma-lifi\/#breadcrumb"},"inLanguage":"tr","potentialAction":[{"@type":"ReadAction","target":["https:\/\/naturalpoland.com\/tr\/urunler\/gida-hammaddeleri\/uretim-hammaddeleri\/elma-lifi\/"]}]},{"@type":"ImageObject","inLanguage":"tr","@id":"https:\/\/naturalpoland.com\/tr\/urunler\/gida-hammaddeleri\/uretim-hammaddeleri\/elma-lifi\/#primaryimage","url":"https:\/\/naturalpoland.com\/wp-content\/uploads\/blonnik-jablkowy.webp","contentUrl":"https:\/\/naturalpoland.com\/wp-content\/uploads\/blonnik-jablkowy.webp","width":1024,"height":1024,"caption":"Elma lifi"},{"@type":"BreadcrumbList","@id":"https:\/\/naturalpoland.com\/tr\/urunler\/gida-hammaddeleri\/uretim-hammaddeleri\/elma-lifi\/#breadcrumb","itemListElement":[{"@type":"ListItem","position":1,"name":"Ana Sayfa","item":"https:\/\/naturalpoland.com\/tr\/"},{"@type":"ListItem","position":2,"name":"\u00dcr\u00fcnler","item":"https:\/\/naturalpoland.com\/tr\/urunler\/"},{"@type":"ListItem","position":3,"name":"Elma lifi"}]},{"@type":"WebSite","@id":"https:\/\/naturalpoland.com\/tr\/#website","url":"https:\/\/naturalpoland.com\/tr\/","name":"NATURAL POLAND - Hurtowy Dystrybutor Surowc\u00f3w","description":"Surowce dla przemys\u0142u spo\u017cywczego, kosmetycznego i farmaceutycznego","publisher":{"@id":"https:\/\/naturalpoland.com\/tr\/#organization"},"potentialAction":[{"@type":"SearchAction","target":{"@type":"EntryPoint","urlTemplate":"https:\/\/naturalpoland.com\/tr\/?s={search_term_string}"},"query-input":{"@type":"PropertyValueSpecification","valueRequired":true,"valueName":"search_term_string"}}],"inLanguage":"tr"},{"@type":"Organization","@id":"https:\/\/naturalpoland.com\/tr\/#organization","name":"Natural Poland","url":"https:\/\/naturalpoland.com\/tr\/","logo":{"@type":"ImageObject","inLanguage":"tr","@id":"https:\/\/naturalpoland.com\/tr\/#\/schema\/logo\/image\/","url":"https:\/\/naturalpoland.com\/wp-content\/uploads\/2021\/05\/natural-poland-icon.png","contentUrl":"https:\/\/naturalpoland.com\/wp-content\/uploads\/2021\/05\/natural-poland-icon.png","width":512,"height":512,"caption":"Natural Poland"},"image":{"@id":"https:\/\/naturalpoland.com\/tr\/#\/schema\/logo\/image\/"},"sameAs":["https:\/\/www.facebook.com\/naturalpoland.b2b","https:\/\/pl.linkedin.com\/company\/natural-poland","https:\/\/www.youtube.com\/channel\/UCgeGGkvOMahZo-xu_MSEWxg"]}]}},"_links":{"self":[{"href":"https:\/\/naturalpoland.com\/tr\/wp-json\/wp\/v2\/product\/45328","targetHints":{"allow":["GET"]}}],"collection":[{"href":"https:\/\/naturalpoland.com\/tr\/wp-json\/wp\/v2\/product"}],"about":[{"href":"https:\/\/naturalpoland.com\/tr\/wp-json\/wp\/v2\/types\/product"}],"wp:featuredmedia":[{"embeddable":true,"href":"https:\/\/naturalpoland.com\/tr\/wp-json\/wp\/v2\/media\/45329"}],"wp:attachment":[{"href":"https:\/\/naturalpoland.com\/tr\/wp-json\/wp\/v2\/media?parent=45328"}],"wp:term":[{"taxonomy":"product_brand","embeddable":true,"href":"https:\/\/naturalpoland.com\/tr\/wp-json\/wp\/v2\/product_brand?post=45328"},{"taxonomy":"product_cat","embeddable":true,"href":"https:\/\/naturalpoland.com\/tr\/wp-json\/wp\/v2\/product_cat?post=45328"},{"taxonomy":"product_tag","embeddable":true,"href":"https:\/\/naturalpoland.com\/tr\/wp-json\/wp\/v2\/product_tag?post=45328"}],"curies":[{"name":"wp","href":"https:\/\/api.w.org\/{rel}","templated":true}]}}