{"id":45332,"date":"2025-04-15T11:22:27","date_gmt":"2025-04-15T09:22:27","guid":{"rendered":"https:\/\/naturalpoland.com\/produkty\/kategorilenmemis\/suksinik-asit\/"},"modified":"2026-01-26T13:51:45","modified_gmt":"2026-01-26T12:51:45","slug":"suksinik-asit","status":"publish","type":"product","link":"https:\/\/naturalpoland.com\/tr\/urunler\/kozmetik-hammaddeleri\/asitler\/suksinik-asit\/","title":{"rendered":"S\u00fcksinik asit"},"content":{"rendered":"<p class=\"\" data-start=\"0\" data-end=\"319\"><strong data-start=\"53\" data-end=\"92\">S\u00fcksinik asidin<\/strong> en yayg\u0131n ve standart kullan\u0131m\u0131, diyet takviyelerinde <strong data-start=\"122\" data-end=\"138\">pH d\u00fczenleyici<\/strong> ve <strong data-start=\"141\" data-end=\"185\">h\u00fccre metabolizmas\u0131n\u0131 destekleyici ajan<\/strong> olarak, ayr\u0131ca problemli cilt i\u00e7in kozmetiklerde <strong data-start=\"212\" data-end=\"279\">anti-enflamatuar ve antibakteriyel etkili aktif madde<\/strong> olarak kullan\u0131lmas\u0131d\u0131r.<\/p>\n<p class=\"\" data-start=\"321\" data-end=\"332\">Pratikte:<\/p>\n<ul data-start=\"334\" data-end=\"866\">\n<li class=\"\" data-start=\"334\" data-end=\"505\">\n<p class=\"\" data-start=\"336\" data-end=\"505\"><strong data-start=\"338\" data-end=\"360\">Diyet takviyelerinde<\/strong> Krebs d\u00f6ng\u00fcs\u00fcn\u00fc destekler, h\u00fccrelerde oksijen ve enerji kullan\u0131m\u0131n\u0131 iyile\u015ftirir, bu da daha fazla canl\u0131l\u0131k ve oksidatif strese kar\u015f\u0131 diren\u00e7 sa\u011flar.<\/p>\n<\/li>\n<li class=\"\" data-start=\"506\" data-end=\"718\">\n<p class=\"\" data-start=\"508\" data-end=\"718\"><strong data-start=\"510\" data-end=\"525\">Kozmetiklerde<\/strong>, \u00f6zellikle akne, ya\u011fl\u0131 veya olgun cilt i\u00e7in tasarlanm\u0131\u015f \u00fcr\u00fcnlerde, iltihab\u0131 azaltmaya yard\u0131mc\u0131 olur, cilt rejenerasyonunu destekler ve cildin yap\u0131s\u0131n\u0131 ve rengini iyile\u015ftirerek peeling etkisi g\u00f6sterir.<\/p>\n<\/li>\n<li class=\"\" data-start=\"719\" data-end=\"866\">\n<p class=\"\" data-start=\"721\" data-end=\"866\">Ayn\u0131 zamanda <strong data-start=\"730\" data-end=\"778\">hafif bir koruyucu ve tamponlay\u0131c\u0131 ajan<\/strong> oldu\u011fundan, s\u0131kl\u0131kla preparatlar\u0131n dayan\u0131kl\u0131l\u0131\u011f\u0131n\u0131 ve stabilitesini destekleyen bir bile\u015fen olarak kullan\u0131l\u0131r.<\/p>\n<\/li>\n<\/ul>\n","protected":false},"excerpt":{"rendered":"<p><strong data-start=\"0\" data-end=\"36\">S\u00fcksinik asit<\/strong> (<em>Succinic acid<\/em>), dikarboksilik asitler grubuna ait, Krebs d\u00f6ng\u00fcs\u00fcn\u00fcn bir bile\u015feni olarak canl\u0131 organizmalarda do\u011fal olarak bulunan organik bir bile\u015fiktir. Y\u00fcksek safl\u0131kta, suda iyi \u00e7\u00f6z\u00fcnen, toksik olmayan ve kullan\u0131m\u0131 g\u00fcvenli beyaz, kristal bir tozdur. <\/p>\n","protected":false},"featured_media":45333,"template":"","meta":{"_acf_changed":false},"product_brand":[],"product_cat":[9548,9540],"product_tag":[],"class_list":{"0":"post-45332","1":"product","2":"type-product","3":"status-publish","4":"has-post-thumbnail","6":"product_cat-asitler","7":"product_cat-takviye-edici-gida-bilesenleri","9":"first","10":"instock","11":"shipping-taxable","12":"product-type-simple"},"acf":[],"yoast_head":"<!-- This site is optimized with the Yoast SEO plugin v27.5 - https:\/\/yoast.com\/product\/yoast-seo-wordpress\/ -->\n<title>S\u00fcksinik asit - Hurtowy Dystrybutor<\/title>\n<meta name=\"description\" content=\"S\u00fcksinik asit, diyet takviyelerinde, eczac\u0131l\u0131kta ve kozmetik end\u00fcstrisinde yayg\u0131n olarak kullan\u0131lan y\u00fcksek safl\u0131kta beyaz bir tozdur.\" \/>\n<meta name=\"robots\" content=\"index, follow, max-snippet:-1, max-image-preview:large, max-video-preview:-1\" \/>\n<link rel=\"canonical\" href=\"https:\/\/naturalpoland.com\/tr\/urunler\/kozmetik-hammaddeleri\/asitler\/suksinik-asit\/\" \/>\n<meta property=\"og:locale\" content=\"tr_TR\" \/>\n<meta property=\"og:type\" content=\"article\" \/>\n<meta property=\"og:title\" content=\"S\u00fcksinik asit - Hurtowy Dystrybutor\" \/>\n<meta property=\"og:description\" content=\"S\u00fcksinik asit, diyet takviyelerinde, eczac\u0131l\u0131kta ve kozmetik end\u00fcstrisinde yayg\u0131n olarak kullan\u0131lan y\u00fcksek safl\u0131kta beyaz bir tozdur.\" \/>\n<meta property=\"og:url\" content=\"https:\/\/naturalpoland.com\/tr\/urunler\/kozmetik-hammaddeleri\/asitler\/suksinik-asit\/\" \/>\n<meta property=\"og:site_name\" content=\"NATURAL POLAND - Hurtowy Dystrybutor Surowc\u00f3w\" \/>\n<meta property=\"article:publisher\" content=\"https:\/\/www.facebook.com\/naturalpoland.b2b\" \/>\n<meta property=\"article:modified_time\" content=\"2026-01-26T12:51:45+00:00\" \/>\n<meta property=\"og:image\" content=\"https:\/\/naturalpoland.com\/wp-content\/uploads\/kwas-bursztynowy.webp\" \/>\n\t<meta property=\"og:image:width\" content=\"1024\" \/>\n\t<meta property=\"og:image:height\" content=\"1024\" \/>\n\t<meta property=\"og:image:type\" content=\"image\/webp\" \/>\n<script type=\"application\/ld+json\" class=\"yoast-schema-graph\">{\"@context\":\"https:\\\/\\\/schema.org\",\"@graph\":[{\"@type\":\"WebPage\",\"@id\":\"https:\\\/\\\/naturalpoland.com\\\/tr\\\/urunler\\\/kozmetik-hammaddeleri\\\/asitler\\\/suksinik-asit\\\/\",\"url\":\"https:\\\/\\\/naturalpoland.com\\\/tr\\\/urunler\\\/kozmetik-hammaddeleri\\\/asitler\\\/suksinik-asit\\\/\",\"name\":\"S\u00fcksinik asit - Hurtowy Dystrybutor\",\"isPartOf\":{\"@id\":\"https:\\\/\\\/naturalpoland.com\\\/tr\\\/#website\"},\"primaryImageOfPage\":{\"@id\":\"https:\\\/\\\/naturalpoland.com\\\/tr\\\/urunler\\\/kozmetik-hammaddeleri\\\/asitler\\\/suksinik-asit\\\/#primaryimage\"},\"image\":{\"@id\":\"https:\\\/\\\/naturalpoland.com\\\/tr\\\/urunler\\\/kozmetik-hammaddeleri\\\/asitler\\\/suksinik-asit\\\/#primaryimage\"},\"thumbnailUrl\":\"https:\\\/\\\/naturalpoland.com\\\/wp-content\\\/uploads\\\/kwas-bursztynowy.webp\",\"datePublished\":\"2025-04-15T09:22:27+00:00\",\"dateModified\":\"2026-01-26T12:51:45+00:00\",\"description\":\"S\u00fcksinik asit, diyet takviyelerinde, eczac\u0131l\u0131kta ve kozmetik end\u00fcstrisinde yayg\u0131n olarak kullan\u0131lan y\u00fcksek safl\u0131kta beyaz bir tozdur.\",\"breadcrumb\":{\"@id\":\"https:\\\/\\\/naturalpoland.com\\\/tr\\\/urunler\\\/kozmetik-hammaddeleri\\\/asitler\\\/suksinik-asit\\\/#breadcrumb\"},\"inLanguage\":\"tr\",\"potentialAction\":[{\"@type\":\"ReadAction\",\"target\":[\"https:\\\/\\\/naturalpoland.com\\\/tr\\\/urunler\\\/kozmetik-hammaddeleri\\\/asitler\\\/suksinik-asit\\\/\"]}]},{\"@type\":\"ImageObject\",\"inLanguage\":\"tr\",\"@id\":\"https:\\\/\\\/naturalpoland.com\\\/tr\\\/urunler\\\/kozmetik-hammaddeleri\\\/asitler\\\/suksinik-asit\\\/#primaryimage\",\"url\":\"https:\\\/\\\/naturalpoland.com\\\/wp-content\\\/uploads\\\/kwas-bursztynowy.webp\",\"contentUrl\":\"https:\\\/\\\/naturalpoland.com\\\/wp-content\\\/uploads\\\/kwas-bursztynowy.webp\",\"width\":1024,\"height\":1024,\"caption\":\"s\u00fcksinik asit\"},{\"@type\":\"BreadcrumbList\",\"@id\":\"https:\\\/\\\/naturalpoland.com\\\/tr\\\/urunler\\\/kozmetik-hammaddeleri\\\/asitler\\\/suksinik-asit\\\/#breadcrumb\",\"itemListElement\":[{\"@type\":\"ListItem\",\"position\":1,\"name\":\"Ana Sayfa\",\"item\":\"https:\\\/\\\/naturalpoland.com\\\/tr\\\/\"},{\"@type\":\"ListItem\",\"position\":2,\"name\":\"\u00dcr\u00fcnler\",\"item\":\"https:\\\/\\\/naturalpoland.com\\\/tr\\\/urunler\\\/\"},{\"@type\":\"ListItem\",\"position\":3,\"name\":\"S\u00fcksinik asit\"}]},{\"@type\":\"WebSite\",\"@id\":\"https:\\\/\\\/naturalpoland.com\\\/tr\\\/#website\",\"url\":\"https:\\\/\\\/naturalpoland.com\\\/tr\\\/\",\"name\":\"NATURAL POLAND - Hurtowy Dystrybutor Surowc\u00f3w\",\"description\":\"Surowce dla przemys\u0142u spo\u017cywczego, kosmetycznego i farmaceutycznego\",\"publisher\":{\"@id\":\"https:\\\/\\\/naturalpoland.com\\\/tr\\\/#organization\"},\"potentialAction\":[{\"@type\":\"SearchAction\",\"target\":{\"@type\":\"EntryPoint\",\"urlTemplate\":\"https:\\\/\\\/naturalpoland.com\\\/tr\\\/?s={search_term_string}\"},\"query-input\":{\"@type\":\"PropertyValueSpecification\",\"valueRequired\":true,\"valueName\":\"search_term_string\"}}],\"inLanguage\":\"tr\"},{\"@type\":\"Organization\",\"@id\":\"https:\\\/\\\/naturalpoland.com\\\/tr\\\/#organization\",\"name\":\"Natural Poland\",\"url\":\"https:\\\/\\\/naturalpoland.com\\\/tr\\\/\",\"logo\":{\"@type\":\"ImageObject\",\"inLanguage\":\"tr\",\"@id\":\"https:\\\/\\\/naturalpoland.com\\\/tr\\\/#\\\/schema\\\/logo\\\/image\\\/\",\"url\":\"https:\\\/\\\/naturalpoland.com\\\/wp-content\\\/uploads\\\/2021\\\/05\\\/natural-poland-icon.png\",\"contentUrl\":\"https:\\\/\\\/naturalpoland.com\\\/wp-content\\\/uploads\\\/2021\\\/05\\\/natural-poland-icon.png\",\"width\":512,\"height\":512,\"caption\":\"Natural Poland\"},\"image\":{\"@id\":\"https:\\\/\\\/naturalpoland.com\\\/tr\\\/#\\\/schema\\\/logo\\\/image\\\/\"},\"sameAs\":[\"https:\\\/\\\/www.facebook.com\\\/naturalpoland.b2b\",\"https:\\\/\\\/pl.linkedin.com\\\/company\\\/natural-poland\",\"https:\\\/\\\/www.youtube.com\\\/channel\\\/UCgeGGkvOMahZo-xu_MSEWxg\"]}]}<\/script>\n<!-- \/ Yoast SEO plugin. -->","yoast_head_json":{"title":"S\u00fcksinik asit - Hurtowy Dystrybutor","description":"S\u00fcksinik asit, diyet takviyelerinde, eczac\u0131l\u0131kta ve kozmetik end\u00fcstrisinde yayg\u0131n olarak kullan\u0131lan y\u00fcksek safl\u0131kta beyaz bir tozdur.","robots":{"index":"index","follow":"follow","max-snippet":"max-snippet:-1","max-image-preview":"max-image-preview:large","max-video-preview":"max-video-preview:-1"},"canonical":"https:\/\/naturalpoland.com\/tr\/urunler\/kozmetik-hammaddeleri\/asitler\/suksinik-asit\/","og_locale":"tr_TR","og_type":"article","og_title":"S\u00fcksinik asit - Hurtowy Dystrybutor","og_description":"S\u00fcksinik asit, diyet takviyelerinde, eczac\u0131l\u0131kta ve kozmetik end\u00fcstrisinde yayg\u0131n olarak kullan\u0131lan y\u00fcksek safl\u0131kta beyaz bir tozdur.","og_url":"https:\/\/naturalpoland.com\/tr\/urunler\/kozmetik-hammaddeleri\/asitler\/suksinik-asit\/","og_site_name":"NATURAL POLAND - Hurtowy Dystrybutor Surowc\u00f3w","article_publisher":"https:\/\/www.facebook.com\/naturalpoland.b2b","article_modified_time":"2026-01-26T12:51:45+00:00","og_image":[{"width":1024,"height":1024,"url":"https:\/\/naturalpoland.com\/wp-content\/uploads\/kwas-bursztynowy.webp","type":"image\/webp"}],"schema":{"@context":"https:\/\/schema.org","@graph":[{"@type":"WebPage","@id":"https:\/\/naturalpoland.com\/tr\/urunler\/kozmetik-hammaddeleri\/asitler\/suksinik-asit\/","url":"https:\/\/naturalpoland.com\/tr\/urunler\/kozmetik-hammaddeleri\/asitler\/suksinik-asit\/","name":"S\u00fcksinik asit - Hurtowy Dystrybutor","isPartOf":{"@id":"https:\/\/naturalpoland.com\/tr\/#website"},"primaryImageOfPage":{"@id":"https:\/\/naturalpoland.com\/tr\/urunler\/kozmetik-hammaddeleri\/asitler\/suksinik-asit\/#primaryimage"},"image":{"@id":"https:\/\/naturalpoland.com\/tr\/urunler\/kozmetik-hammaddeleri\/asitler\/suksinik-asit\/#primaryimage"},"thumbnailUrl":"https:\/\/naturalpoland.com\/wp-content\/uploads\/kwas-bursztynowy.webp","datePublished":"2025-04-15T09:22:27+00:00","dateModified":"2026-01-26T12:51:45+00:00","description":"S\u00fcksinik asit, diyet takviyelerinde, eczac\u0131l\u0131kta ve kozmetik end\u00fcstrisinde yayg\u0131n olarak kullan\u0131lan y\u00fcksek safl\u0131kta beyaz bir tozdur.","breadcrumb":{"@id":"https:\/\/naturalpoland.com\/tr\/urunler\/kozmetik-hammaddeleri\/asitler\/suksinik-asit\/#breadcrumb"},"inLanguage":"tr","potentialAction":[{"@type":"ReadAction","target":["https:\/\/naturalpoland.com\/tr\/urunler\/kozmetik-hammaddeleri\/asitler\/suksinik-asit\/"]}]},{"@type":"ImageObject","inLanguage":"tr","@id":"https:\/\/naturalpoland.com\/tr\/urunler\/kozmetik-hammaddeleri\/asitler\/suksinik-asit\/#primaryimage","url":"https:\/\/naturalpoland.com\/wp-content\/uploads\/kwas-bursztynowy.webp","contentUrl":"https:\/\/naturalpoland.com\/wp-content\/uploads\/kwas-bursztynowy.webp","width":1024,"height":1024,"caption":"s\u00fcksinik asit"},{"@type":"BreadcrumbList","@id":"https:\/\/naturalpoland.com\/tr\/urunler\/kozmetik-hammaddeleri\/asitler\/suksinik-asit\/#breadcrumb","itemListElement":[{"@type":"ListItem","position":1,"name":"Ana Sayfa","item":"https:\/\/naturalpoland.com\/tr\/"},{"@type":"ListItem","position":2,"name":"\u00dcr\u00fcnler","item":"https:\/\/naturalpoland.com\/tr\/urunler\/"},{"@type":"ListItem","position":3,"name":"S\u00fcksinik asit"}]},{"@type":"WebSite","@id":"https:\/\/naturalpoland.com\/tr\/#website","url":"https:\/\/naturalpoland.com\/tr\/","name":"NATURAL POLAND - Hurtowy Dystrybutor Surowc\u00f3w","description":"Surowce dla przemys\u0142u spo\u017cywczego, kosmetycznego i farmaceutycznego","publisher":{"@id":"https:\/\/naturalpoland.com\/tr\/#organization"},"potentialAction":[{"@type":"SearchAction","target":{"@type":"EntryPoint","urlTemplate":"https:\/\/naturalpoland.com\/tr\/?s={search_term_string}"},"query-input":{"@type":"PropertyValueSpecification","valueRequired":true,"valueName":"search_term_string"}}],"inLanguage":"tr"},{"@type":"Organization","@id":"https:\/\/naturalpoland.com\/tr\/#organization","name":"Natural Poland","url":"https:\/\/naturalpoland.com\/tr\/","logo":{"@type":"ImageObject","inLanguage":"tr","@id":"https:\/\/naturalpoland.com\/tr\/#\/schema\/logo\/image\/","url":"https:\/\/naturalpoland.com\/wp-content\/uploads\/2021\/05\/natural-poland-icon.png","contentUrl":"https:\/\/naturalpoland.com\/wp-content\/uploads\/2021\/05\/natural-poland-icon.png","width":512,"height":512,"caption":"Natural Poland"},"image":{"@id":"https:\/\/naturalpoland.com\/tr\/#\/schema\/logo\/image\/"},"sameAs":["https:\/\/www.facebook.com\/naturalpoland.b2b","https:\/\/pl.linkedin.com\/company\/natural-poland","https:\/\/www.youtube.com\/channel\/UCgeGGkvOMahZo-xu_MSEWxg"]}]}},"_links":{"self":[{"href":"https:\/\/naturalpoland.com\/tr\/wp-json\/wp\/v2\/product\/45332","targetHints":{"allow":["GET"]}}],"collection":[{"href":"https:\/\/naturalpoland.com\/tr\/wp-json\/wp\/v2\/product"}],"about":[{"href":"https:\/\/naturalpoland.com\/tr\/wp-json\/wp\/v2\/types\/product"}],"wp:featuredmedia":[{"embeddable":true,"href":"https:\/\/naturalpoland.com\/tr\/wp-json\/wp\/v2\/media\/45333"}],"wp:attachment":[{"href":"https:\/\/naturalpoland.com\/tr\/wp-json\/wp\/v2\/media?parent=45332"}],"wp:term":[{"taxonomy":"product_brand","embeddable":true,"href":"https:\/\/naturalpoland.com\/tr\/wp-json\/wp\/v2\/product_brand?post=45332"},{"taxonomy":"product_cat","embeddable":true,"href":"https:\/\/naturalpoland.com\/tr\/wp-json\/wp\/v2\/product_cat?post=45332"},{"taxonomy":"product_tag","embeddable":true,"href":"https:\/\/naturalpoland.com\/tr\/wp-json\/wp\/v2\/product_tag?post=45332"}],"curies":[{"name":"wp","href":"https:\/\/api.w.org\/{rel}","templated":true}]}}