{"id":45334,"date":"2025-04-22T15:39:23","date_gmt":"2025-04-22T13:39:23","guid":{"rendered":"https:\/\/naturalpoland.com\/produkty\/kategorilenmemis\/advokat-aromasi\/"},"modified":"2026-01-26T13:51:51","modified_gmt":"2026-01-26T12:51:51","slug":"advokat-aromasi","status":"publish","type":"product","link":"https:\/\/naturalpoland.com\/tr\/urunler\/gida-hammaddeleri\/aromalar\/alkollu-aromalar\/advokat-aromasi\/","title":{"rendered":"Advokat aromas\u0131"},"content":{"rendered":"<p class=\"\" data-start=\"395\" data-end=\"732\">Glikol bazl\u0131 <strong data-start=\"402\" data-end=\"412\">s\u0131v\u0131<\/strong> ve <strong data-start=\"415\" data-end=\"433\">konsantre<\/strong> versiyonu, yumurta ve vanilya notalar\u0131n\u0131n belirgin oldu\u011fu, yumu\u015fak ve s\u0131cak alkol kokusuyla sar\u0131lm\u0131\u015f yo\u011fun, tatl\u0131 kokusuyla \u00f6ne \u00e7\u0131kar. \u015eekercilik uygulamalar\u0131nda, kremalarda, i\u00e7lerde, dondurmalar ve alkols\u00fcz s\u00fct lik\u00f6r\u00fc tipi i\u00e7eceklerde aromaland\u0131rma i\u00e7in idealdir. <\/p>\n<p class=\"\" data-start=\"734\" data-end=\"1010\">\u00d6te yandan <strong data-start=\"742\" data-end=\"761\">toz formu<\/strong> ayn\u0131 dengeli aromatik profili korur \u2014 yumurta ve vanilya vurgusu hissedilen tatl\u0131, alkoll\u00fc \u2014 ve yap\u0131s\u0131 sayesinde kekler, puding kar\u0131\u015f\u0131mlar\u0131 veya haz\u0131r \u00fcr\u00fcnler gibi kuru kar\u0131\u015f\u0131mlar i\u00e7in m\u00fckemmel bir se\u00e7imdir.<\/p>\n<p class=\"\" data-start=\"1012\" data-end=\"1316\">Advokat aromas\u0131 tariflere ho\u015f, tatl\u0131 karakter ve l\u00fcks tatl\u0131l\u0131k hissi katar, ev yap\u0131m\u0131 hamur i\u015fleri ve bayram tatl\u0131lar\u0131 \u00e7a\u011fr\u0131\u015f\u0131mlar\u0131 yarat\u0131r. \u015eekercilik, s\u00fct \u00fcr\u00fcnleri ve i\u00e7ecek sekt\u00f6rlerinde m\u00fckemmel performans g\u00f6sterir. <\/p>\n","protected":false},"excerpt":{"rendered":"<p>Advokat aromas\u0131, tatl\u0131 tatl\u0131l\u0131k ve zarif alkol notas\u0131yla \u00e7a\u011fr\u0131\u015f\u0131m yapan klasik yumurta lik\u00f6r\u00fcnden ilham al\u0131r. S\u0131v\u0131, konsantre ve toz formda olmak \u00fczere birka\u00e7 varyant\u0131 mevcuttur. Kremsi yumurta, vanilya ve yumu\u015fak alkol notalar\u0131n\u0131 birle\u015ftirir.  <\/p>\n","protected":false},"featured_media":45335,"template":"","meta":{"_acf_changed":false},"product_brand":[],"product_cat":[9560],"product_tag":[],"class_list":{"0":"post-45334","1":"product","2":"type-product","3":"status-publish","4":"has-post-thumbnail","6":"product_cat-alkollu-aromalar","8":"first","9":"instock","10":"shipping-taxable","11":"product-type-simple"},"acf":[],"yoast_head":"<!-- This site is optimized with the Yoast SEO plugin v27.5 - https:\/\/yoast.com\/product\/yoast-seo-wordpress\/ -->\n<title>Advokat aromas\u0131 - Hurtowy Dystrybutor<\/title>\n<meta name=\"description\" content=\"Advokat aromas\u0131 tariflere ho\u015f, tatl\u0131 karakter ve l\u00fcks tatl\u0131l\u0131k hissi katar, ev yap\u0131m\u0131 hamur i\u015fleri \u00e7a\u011fr\u0131\u015f\u0131mlar\u0131 yarat\u0131r.\" \/>\n<meta name=\"robots\" content=\"index, follow, max-snippet:-1, max-image-preview:large, max-video-preview:-1\" \/>\n<link rel=\"canonical\" href=\"https:\/\/naturalpoland.com\/tr\/urunler\/gida-hammaddeleri\/aromalar\/alkollu-aromalar\/advokat-aromasi\/\" \/>\n<meta property=\"og:locale\" content=\"tr_TR\" \/>\n<meta property=\"og:type\" content=\"article\" \/>\n<meta property=\"og:title\" content=\"Advokat aromas\u0131 - Hurtowy Dystrybutor\" \/>\n<meta property=\"og:description\" content=\"Advokat aromas\u0131 tariflere ho\u015f, tatl\u0131 karakter ve l\u00fcks tatl\u0131l\u0131k hissi katar, ev yap\u0131m\u0131 hamur i\u015fleri \u00e7a\u011fr\u0131\u015f\u0131mlar\u0131 yarat\u0131r.\" \/>\n<meta property=\"og:url\" content=\"https:\/\/naturalpoland.com\/tr\/urunler\/gida-hammaddeleri\/aromalar\/alkollu-aromalar\/advokat-aromasi\/\" \/>\n<meta property=\"og:site_name\" content=\"NATURAL POLAND - Hurtowy Dystrybutor Surowc\u00f3w\" \/>\n<meta property=\"article:publisher\" content=\"https:\/\/www.facebook.com\/naturalpoland.b2b\" \/>\n<meta property=\"article:modified_time\" content=\"2026-01-26T12:51:51+00:00\" \/>\n<meta property=\"og:image\" content=\"https:\/\/naturalpoland.com\/wp-content\/uploads\/aromat-adwokat.webp\" \/>\n\t<meta property=\"og:image:width\" content=\"1024\" \/>\n\t<meta property=\"og:image:height\" content=\"1024\" \/>\n\t<meta property=\"og:image:type\" content=\"image\/webp\" \/>\n<script type=\"application\/ld+json\" class=\"yoast-schema-graph\">{\"@context\":\"https:\\\/\\\/schema.org\",\"@graph\":[{\"@type\":\"WebPage\",\"@id\":\"https:\\\/\\\/naturalpoland.com\\\/tr\\\/urunler\\\/gida-hammaddeleri\\\/aromalar\\\/alkollu-aromalar\\\/advokat-aromasi\\\/\",\"url\":\"https:\\\/\\\/naturalpoland.com\\\/tr\\\/urunler\\\/gida-hammaddeleri\\\/aromalar\\\/alkollu-aromalar\\\/advokat-aromasi\\\/\",\"name\":\"Advokat aromas\u0131 - Hurtowy Dystrybutor\",\"isPartOf\":{\"@id\":\"https:\\\/\\\/naturalpoland.com\\\/tr\\\/#website\"},\"primaryImageOfPage\":{\"@id\":\"https:\\\/\\\/naturalpoland.com\\\/tr\\\/urunler\\\/gida-hammaddeleri\\\/aromalar\\\/alkollu-aromalar\\\/advokat-aromasi\\\/#primaryimage\"},\"image\":{\"@id\":\"https:\\\/\\\/naturalpoland.com\\\/tr\\\/urunler\\\/gida-hammaddeleri\\\/aromalar\\\/alkollu-aromalar\\\/advokat-aromasi\\\/#primaryimage\"},\"thumbnailUrl\":\"https:\\\/\\\/naturalpoland.com\\\/wp-content\\\/uploads\\\/aromat-adwokat.webp\",\"datePublished\":\"2025-04-22T13:39:23+00:00\",\"dateModified\":\"2026-01-26T12:51:51+00:00\",\"description\":\"Advokat aromas\u0131 tariflere ho\u015f, tatl\u0131 karakter ve l\u00fcks tatl\u0131l\u0131k hissi katar, ev yap\u0131m\u0131 hamur i\u015fleri \u00e7a\u011fr\u0131\u015f\u0131mlar\u0131 yarat\u0131r.\",\"breadcrumb\":{\"@id\":\"https:\\\/\\\/naturalpoland.com\\\/tr\\\/urunler\\\/gida-hammaddeleri\\\/aromalar\\\/alkollu-aromalar\\\/advokat-aromasi\\\/#breadcrumb\"},\"inLanguage\":\"tr\",\"potentialAction\":[{\"@type\":\"ReadAction\",\"target\":[\"https:\\\/\\\/naturalpoland.com\\\/tr\\\/urunler\\\/gida-hammaddeleri\\\/aromalar\\\/alkollu-aromalar\\\/advokat-aromasi\\\/\"]}]},{\"@type\":\"ImageObject\",\"inLanguage\":\"tr\",\"@id\":\"https:\\\/\\\/naturalpoland.com\\\/tr\\\/urunler\\\/gida-hammaddeleri\\\/aromalar\\\/alkollu-aromalar\\\/advokat-aromasi\\\/#primaryimage\",\"url\":\"https:\\\/\\\/naturalpoland.com\\\/wp-content\\\/uploads\\\/aromat-adwokat.webp\",\"contentUrl\":\"https:\\\/\\\/naturalpoland.com\\\/wp-content\\\/uploads\\\/aromat-adwokat.webp\",\"width\":1024,\"height\":1024,\"caption\":\"advokat aromas\u0131\"},{\"@type\":\"BreadcrumbList\",\"@id\":\"https:\\\/\\\/naturalpoland.com\\\/tr\\\/urunler\\\/gida-hammaddeleri\\\/aromalar\\\/alkollu-aromalar\\\/advokat-aromasi\\\/#breadcrumb\",\"itemListElement\":[{\"@type\":\"ListItem\",\"position\":1,\"name\":\"Ana Sayfa\",\"item\":\"https:\\\/\\\/naturalpoland.com\\\/tr\\\/\"},{\"@type\":\"ListItem\",\"position\":2,\"name\":\"\u00dcr\u00fcnler\",\"item\":\"https:\\\/\\\/naturalpoland.com\\\/tr\\\/urunler\\\/\"},{\"@type\":\"ListItem\",\"position\":3,\"name\":\"Advokat aromas\u0131\"}]},{\"@type\":\"WebSite\",\"@id\":\"https:\\\/\\\/naturalpoland.com\\\/tr\\\/#website\",\"url\":\"https:\\\/\\\/naturalpoland.com\\\/tr\\\/\",\"name\":\"NATURAL POLAND - Hurtowy Dystrybutor Surowc\u00f3w\",\"description\":\"Surowce dla przemys\u0142u spo\u017cywczego, kosmetycznego i farmaceutycznego\",\"publisher\":{\"@id\":\"https:\\\/\\\/naturalpoland.com\\\/tr\\\/#organization\"},\"potentialAction\":[{\"@type\":\"SearchAction\",\"target\":{\"@type\":\"EntryPoint\",\"urlTemplate\":\"https:\\\/\\\/naturalpoland.com\\\/tr\\\/?s={search_term_string}\"},\"query-input\":{\"@type\":\"PropertyValueSpecification\",\"valueRequired\":true,\"valueName\":\"search_term_string\"}}],\"inLanguage\":\"tr\"},{\"@type\":\"Organization\",\"@id\":\"https:\\\/\\\/naturalpoland.com\\\/tr\\\/#organization\",\"name\":\"Natural Poland\",\"url\":\"https:\\\/\\\/naturalpoland.com\\\/tr\\\/\",\"logo\":{\"@type\":\"ImageObject\",\"inLanguage\":\"tr\",\"@id\":\"https:\\\/\\\/naturalpoland.com\\\/tr\\\/#\\\/schema\\\/logo\\\/image\\\/\",\"url\":\"https:\\\/\\\/naturalpoland.com\\\/wp-content\\\/uploads\\\/2021\\\/05\\\/natural-poland-icon.png\",\"contentUrl\":\"https:\\\/\\\/naturalpoland.com\\\/wp-content\\\/uploads\\\/2021\\\/05\\\/natural-poland-icon.png\",\"width\":512,\"height\":512,\"caption\":\"Natural Poland\"},\"image\":{\"@id\":\"https:\\\/\\\/naturalpoland.com\\\/tr\\\/#\\\/schema\\\/logo\\\/image\\\/\"},\"sameAs\":[\"https:\\\/\\\/www.facebook.com\\\/naturalpoland.b2b\",\"https:\\\/\\\/pl.linkedin.com\\\/company\\\/natural-poland\",\"https:\\\/\\\/www.youtube.com\\\/channel\\\/UCgeGGkvOMahZo-xu_MSEWxg\"]}]}<\/script>\n<!-- \/ Yoast SEO plugin. -->","yoast_head_json":{"title":"Advokat aromas\u0131 - Hurtowy Dystrybutor","description":"Advokat aromas\u0131 tariflere ho\u015f, tatl\u0131 karakter ve l\u00fcks tatl\u0131l\u0131k hissi katar, ev yap\u0131m\u0131 hamur i\u015fleri \u00e7a\u011fr\u0131\u015f\u0131mlar\u0131 yarat\u0131r.","robots":{"index":"index","follow":"follow","max-snippet":"max-snippet:-1","max-image-preview":"max-image-preview:large","max-video-preview":"max-video-preview:-1"},"canonical":"https:\/\/naturalpoland.com\/tr\/urunler\/gida-hammaddeleri\/aromalar\/alkollu-aromalar\/advokat-aromasi\/","og_locale":"tr_TR","og_type":"article","og_title":"Advokat aromas\u0131 - Hurtowy Dystrybutor","og_description":"Advokat aromas\u0131 tariflere ho\u015f, tatl\u0131 karakter ve l\u00fcks tatl\u0131l\u0131k hissi katar, ev yap\u0131m\u0131 hamur i\u015fleri \u00e7a\u011fr\u0131\u015f\u0131mlar\u0131 yarat\u0131r.","og_url":"https:\/\/naturalpoland.com\/tr\/urunler\/gida-hammaddeleri\/aromalar\/alkollu-aromalar\/advokat-aromasi\/","og_site_name":"NATURAL POLAND - Hurtowy Dystrybutor Surowc\u00f3w","article_publisher":"https:\/\/www.facebook.com\/naturalpoland.b2b","article_modified_time":"2026-01-26T12:51:51+00:00","og_image":[{"width":1024,"height":1024,"url":"https:\/\/naturalpoland.com\/wp-content\/uploads\/aromat-adwokat.webp","type":"image\/webp"}],"schema":{"@context":"https:\/\/schema.org","@graph":[{"@type":"WebPage","@id":"https:\/\/naturalpoland.com\/tr\/urunler\/gida-hammaddeleri\/aromalar\/alkollu-aromalar\/advokat-aromasi\/","url":"https:\/\/naturalpoland.com\/tr\/urunler\/gida-hammaddeleri\/aromalar\/alkollu-aromalar\/advokat-aromasi\/","name":"Advokat aromas\u0131 - Hurtowy Dystrybutor","isPartOf":{"@id":"https:\/\/naturalpoland.com\/tr\/#website"},"primaryImageOfPage":{"@id":"https:\/\/naturalpoland.com\/tr\/urunler\/gida-hammaddeleri\/aromalar\/alkollu-aromalar\/advokat-aromasi\/#primaryimage"},"image":{"@id":"https:\/\/naturalpoland.com\/tr\/urunler\/gida-hammaddeleri\/aromalar\/alkollu-aromalar\/advokat-aromasi\/#primaryimage"},"thumbnailUrl":"https:\/\/naturalpoland.com\/wp-content\/uploads\/aromat-adwokat.webp","datePublished":"2025-04-22T13:39:23+00:00","dateModified":"2026-01-26T12:51:51+00:00","description":"Advokat aromas\u0131 tariflere ho\u015f, tatl\u0131 karakter ve l\u00fcks tatl\u0131l\u0131k hissi katar, ev yap\u0131m\u0131 hamur i\u015fleri \u00e7a\u011fr\u0131\u015f\u0131mlar\u0131 yarat\u0131r.","breadcrumb":{"@id":"https:\/\/naturalpoland.com\/tr\/urunler\/gida-hammaddeleri\/aromalar\/alkollu-aromalar\/advokat-aromasi\/#breadcrumb"},"inLanguage":"tr","potentialAction":[{"@type":"ReadAction","target":["https:\/\/naturalpoland.com\/tr\/urunler\/gida-hammaddeleri\/aromalar\/alkollu-aromalar\/advokat-aromasi\/"]}]},{"@type":"ImageObject","inLanguage":"tr","@id":"https:\/\/naturalpoland.com\/tr\/urunler\/gida-hammaddeleri\/aromalar\/alkollu-aromalar\/advokat-aromasi\/#primaryimage","url":"https:\/\/naturalpoland.com\/wp-content\/uploads\/aromat-adwokat.webp","contentUrl":"https:\/\/naturalpoland.com\/wp-content\/uploads\/aromat-adwokat.webp","width":1024,"height":1024,"caption":"advokat aromas\u0131"},{"@type":"BreadcrumbList","@id":"https:\/\/naturalpoland.com\/tr\/urunler\/gida-hammaddeleri\/aromalar\/alkollu-aromalar\/advokat-aromasi\/#breadcrumb","itemListElement":[{"@type":"ListItem","position":1,"name":"Ana Sayfa","item":"https:\/\/naturalpoland.com\/tr\/"},{"@type":"ListItem","position":2,"name":"\u00dcr\u00fcnler","item":"https:\/\/naturalpoland.com\/tr\/urunler\/"},{"@type":"ListItem","position":3,"name":"Advokat aromas\u0131"}]},{"@type":"WebSite","@id":"https:\/\/naturalpoland.com\/tr\/#website","url":"https:\/\/naturalpoland.com\/tr\/","name":"NATURAL POLAND - Hurtowy Dystrybutor Surowc\u00f3w","description":"Surowce dla przemys\u0142u spo\u017cywczego, kosmetycznego i farmaceutycznego","publisher":{"@id":"https:\/\/naturalpoland.com\/tr\/#organization"},"potentialAction":[{"@type":"SearchAction","target":{"@type":"EntryPoint","urlTemplate":"https:\/\/naturalpoland.com\/tr\/?s={search_term_string}"},"query-input":{"@type":"PropertyValueSpecification","valueRequired":true,"valueName":"search_term_string"}}],"inLanguage":"tr"},{"@type":"Organization","@id":"https:\/\/naturalpoland.com\/tr\/#organization","name":"Natural Poland","url":"https:\/\/naturalpoland.com\/tr\/","logo":{"@type":"ImageObject","inLanguage":"tr","@id":"https:\/\/naturalpoland.com\/tr\/#\/schema\/logo\/image\/","url":"https:\/\/naturalpoland.com\/wp-content\/uploads\/2021\/05\/natural-poland-icon.png","contentUrl":"https:\/\/naturalpoland.com\/wp-content\/uploads\/2021\/05\/natural-poland-icon.png","width":512,"height":512,"caption":"Natural Poland"},"image":{"@id":"https:\/\/naturalpoland.com\/tr\/#\/schema\/logo\/image\/"},"sameAs":["https:\/\/www.facebook.com\/naturalpoland.b2b","https:\/\/pl.linkedin.com\/company\/natural-poland","https:\/\/www.youtube.com\/channel\/UCgeGGkvOMahZo-xu_MSEWxg"]}]}},"_links":{"self":[{"href":"https:\/\/naturalpoland.com\/tr\/wp-json\/wp\/v2\/product\/45334","targetHints":{"allow":["GET"]}}],"collection":[{"href":"https:\/\/naturalpoland.com\/tr\/wp-json\/wp\/v2\/product"}],"about":[{"href":"https:\/\/naturalpoland.com\/tr\/wp-json\/wp\/v2\/types\/product"}],"wp:featuredmedia":[{"embeddable":true,"href":"https:\/\/naturalpoland.com\/tr\/wp-json\/wp\/v2\/media\/45335"}],"wp:attachment":[{"href":"https:\/\/naturalpoland.com\/tr\/wp-json\/wp\/v2\/media?parent=45334"}],"wp:term":[{"taxonomy":"product_brand","embeddable":true,"href":"https:\/\/naturalpoland.com\/tr\/wp-json\/wp\/v2\/product_brand?post=45334"},{"taxonomy":"product_cat","embeddable":true,"href":"https:\/\/naturalpoland.com\/tr\/wp-json\/wp\/v2\/product_cat?post=45334"},{"taxonomy":"product_tag","embeddable":true,"href":"https:\/\/naturalpoland.com\/tr\/wp-json\/wp\/v2\/product_tag?post=45334"}],"curies":[{"name":"wp","href":"https:\/\/api.w.org\/{rel}","templated":true}]}}