{"id":45336,"date":"2025-07-03T12:25:51","date_gmt":"2025-07-03T10:25:51","guid":{"rendered":"https:\/\/naturalpoland.com\/produkty\/kategorilenmemis\/ipek-tozu\/"},"modified":"2026-01-26T13:51:54","modified_gmt":"2026-01-26T12:51:54","slug":"ipek-tozu","status":"publish","type":"product","link":"https:\/\/naturalpoland.com\/tr\/urunler\/kozmetik-hammaddeleri\/kozmetik-hammaddeleri-2\/ipek-tozu\/","title":{"rendered":"\u0130pek Tozu"},"content":{"rendered":"<h2>Kullan\u0131m ve Etki:<\/h2>\n<p>\u0130pek tozu, cilt ve sa\u00e7 bak\u0131m \u00fcr\u00fcnlerinde kullan\u0131l\u0131r. Nemlendirici, p\u00fcr\u00fczs\u00fczle\u015ftirici ve koruyucu \u00f6zelliklere sahiptir. \u0130pek fibroin, cilt ve sa\u00e7lar \u00fczerinde nem kayb\u0131n\u0131 \u00f6nleyen, ayn\u0131 zamanda p\u00fcr\u00fczs\u00fczl\u00fc\u011f\u00fcn\u00fc ve yumu\u015fakl\u0131\u011f\u0131n\u0131 art\u0131ran ince bir koruyucu film olu\u015fturur.  <\/p>\n<p>Renkli kozmetikte, \u00fcr\u00fcn\u00fcn dokusunu olumlu y\u00f6nde etkiler ve cilde yap\u0131\u015fmay\u0131 iyile\u015ftirir. \u0130nsan epidermisi ile biyouyumlulu\u011fu nedeniyle dermokozmetiklerde ve hassas cilt kozmetiklerinde de kullan\u0131labilir. \u00dcr\u00fcn ayr\u0131ca Asya kozmetiklerinde (\u00f6zellikle Japon ve Kore) yayg\u0131n olarak kullan\u0131lmaktad\u0131r.  <\/p>\n<p><b>\u0130pek tozu, geli\u015fmi\u015f bir<\/b> premium s\u0131n\u0131f kozmetik bile\u015fenidir ve do\u011fal k\u00f6kenini y\u00fcksek bak\u0131m etkinli\u011fiyle birle\u015ftirir. Saf bile\u015fimi ve \u00e7ok y\u00f6nl\u00fc uygulamalar\u0131 sayesinde, modern bak\u0131m form\u00fclasyonlar\u0131 i\u00e7in do\u011fal, biyouyumlu hammaddeler arayan \u00fcreticiler i\u00e7in ideal bir se\u00e7imdir. <\/p>\n","protected":false},"excerpt":{"rendered":"<p><strong>\u0130pek tozu<\/strong>, <em data-start=\"211\" data-end=\"224\">Bombyx mori<\/em> (ipek b\u00f6ce\u011fi) kozalar\u0131ndan elde edilen ipekte do\u011fal olarak bulunan bir protein olan <strong>fibroin<\/strong>den elde edilir. \u00dcr\u00fcn, katk\u0131 maddeleri ve yard\u0131mc\u0131 maddeler olmaks\u0131z\u0131n %100 saf ipektir. <\/p>\n","protected":false},"featured_media":45337,"template":"","meta":{"_acf_changed":false},"product_brand":[],"product_cat":[9557],"product_tag":[],"class_list":{"0":"post-45336","1":"product","2":"type-product","3":"status-publish","4":"has-post-thumbnail","6":"product_cat-kozmetik-hammaddeleri-2","8":"first","9":"instock","10":"shipping-taxable","11":"product-type-simple"},"acf":[],"yoast_head":"<!-- This site is optimized with the Yoast SEO plugin v27.5 - https:\/\/yoast.com\/product\/yoast-seo-wordpress\/ -->\n<title>\u0130pek Tozu - Hurtowy Dystrybutor<\/title>\n<meta name=\"description\" content=\"\u0130pek tozu, do\u011fal k\u00f6kenini y\u00fcksek bak\u0131m etkinli\u011fiyle birle\u015ftiren premium s\u0131n\u0131f geli\u015fmi\u015f bir kozmetik bile\u015fendir\" \/>\n<meta name=\"robots\" content=\"index, follow, max-snippet:-1, max-image-preview:large, max-video-preview:-1\" \/>\n<link rel=\"canonical\" href=\"https:\/\/naturalpoland.com\/tr\/urunler\/kozmetik-hammaddeleri\/kozmetik-hammaddeleri-2\/ipek-tozu\/\" \/>\n<meta property=\"og:locale\" content=\"tr_TR\" \/>\n<meta property=\"og:type\" content=\"article\" \/>\n<meta property=\"og:title\" content=\"\u0130pek Tozu - Hurtowy Dystrybutor\" \/>\n<meta property=\"og:description\" content=\"\u0130pek tozu, do\u011fal k\u00f6kenini y\u00fcksek bak\u0131m etkinli\u011fiyle birle\u015ftiren premium s\u0131n\u0131f geli\u015fmi\u015f bir kozmetik bile\u015fendir\" \/>\n<meta property=\"og:url\" content=\"https:\/\/naturalpoland.com\/tr\/urunler\/kozmetik-hammaddeleri\/kozmetik-hammaddeleri-2\/ipek-tozu\/\" \/>\n<meta property=\"og:site_name\" content=\"NATURAL POLAND - Hurtowy Dystrybutor Surowc\u00f3w\" \/>\n<meta property=\"article:publisher\" content=\"https:\/\/www.facebook.com\/naturalpoland.b2b\" \/>\n<meta property=\"article:modified_time\" content=\"2026-01-26T12:51:54+00:00\" \/>\n<meta property=\"og:image\" content=\"https:\/\/naturalpoland.com\/wp-content\/uploads\/proszek-jedwabny.webp\" \/>\n\t<meta property=\"og:image:width\" content=\"1024\" \/>\n\t<meta property=\"og:image:height\" content=\"1024\" \/>\n\t<meta property=\"og:image:type\" content=\"image\/webp\" \/>\n<script type=\"application\/ld+json\" class=\"yoast-schema-graph\">{\"@context\":\"https:\\\/\\\/schema.org\",\"@graph\":[{\"@type\":\"WebPage\",\"@id\":\"https:\\\/\\\/naturalpoland.com\\\/tr\\\/urunler\\\/kozmetik-hammaddeleri\\\/kozmetik-hammaddeleri-2\\\/ipek-tozu\\\/\",\"url\":\"https:\\\/\\\/naturalpoland.com\\\/tr\\\/urunler\\\/kozmetik-hammaddeleri\\\/kozmetik-hammaddeleri-2\\\/ipek-tozu\\\/\",\"name\":\"\u0130pek Tozu - Hurtowy Dystrybutor\",\"isPartOf\":{\"@id\":\"https:\\\/\\\/naturalpoland.com\\\/tr\\\/#website\"},\"primaryImageOfPage\":{\"@id\":\"https:\\\/\\\/naturalpoland.com\\\/tr\\\/urunler\\\/kozmetik-hammaddeleri\\\/kozmetik-hammaddeleri-2\\\/ipek-tozu\\\/#primaryimage\"},\"image\":{\"@id\":\"https:\\\/\\\/naturalpoland.com\\\/tr\\\/urunler\\\/kozmetik-hammaddeleri\\\/kozmetik-hammaddeleri-2\\\/ipek-tozu\\\/#primaryimage\"},\"thumbnailUrl\":\"https:\\\/\\\/naturalpoland.com\\\/wp-content\\\/uploads\\\/proszek-jedwabny.webp\",\"datePublished\":\"2025-07-03T10:25:51+00:00\",\"dateModified\":\"2026-01-26T12:51:54+00:00\",\"description\":\"\u0130pek tozu, do\u011fal k\u00f6kenini y\u00fcksek bak\u0131m etkinli\u011fiyle birle\u015ftiren premium s\u0131n\u0131f geli\u015fmi\u015f bir kozmetik bile\u015fendir\",\"breadcrumb\":{\"@id\":\"https:\\\/\\\/naturalpoland.com\\\/tr\\\/urunler\\\/kozmetik-hammaddeleri\\\/kozmetik-hammaddeleri-2\\\/ipek-tozu\\\/#breadcrumb\"},\"inLanguage\":\"tr\",\"potentialAction\":[{\"@type\":\"ReadAction\",\"target\":[\"https:\\\/\\\/naturalpoland.com\\\/tr\\\/urunler\\\/kozmetik-hammaddeleri\\\/kozmetik-hammaddeleri-2\\\/ipek-tozu\\\/\"]}]},{\"@type\":\"ImageObject\",\"inLanguage\":\"tr\",\"@id\":\"https:\\\/\\\/naturalpoland.com\\\/tr\\\/urunler\\\/kozmetik-hammaddeleri\\\/kozmetik-hammaddeleri-2\\\/ipek-tozu\\\/#primaryimage\",\"url\":\"https:\\\/\\\/naturalpoland.com\\\/wp-content\\\/uploads\\\/proszek-jedwabny.webp\",\"contentUrl\":\"https:\\\/\\\/naturalpoland.com\\\/wp-content\\\/uploads\\\/proszek-jedwabny.webp\",\"width\":1024,\"height\":1024,\"caption\":\"fibroinden elde edilen ipek tozu\"},{\"@type\":\"BreadcrumbList\",\"@id\":\"https:\\\/\\\/naturalpoland.com\\\/tr\\\/urunler\\\/kozmetik-hammaddeleri\\\/kozmetik-hammaddeleri-2\\\/ipek-tozu\\\/#breadcrumb\",\"itemListElement\":[{\"@type\":\"ListItem\",\"position\":1,\"name\":\"Ana Sayfa\",\"item\":\"https:\\\/\\\/naturalpoland.com\\\/tr\\\/\"},{\"@type\":\"ListItem\",\"position\":2,\"name\":\"\u00dcr\u00fcnler\",\"item\":\"https:\\\/\\\/naturalpoland.com\\\/tr\\\/urunler\\\/\"},{\"@type\":\"ListItem\",\"position\":3,\"name\":\"\u0130pek Tozu\"}]},{\"@type\":\"WebSite\",\"@id\":\"https:\\\/\\\/naturalpoland.com\\\/tr\\\/#website\",\"url\":\"https:\\\/\\\/naturalpoland.com\\\/tr\\\/\",\"name\":\"NATURAL POLAND - Hurtowy Dystrybutor Surowc\u00f3w\",\"description\":\"Surowce dla przemys\u0142u spo\u017cywczego, kosmetycznego i farmaceutycznego\",\"publisher\":{\"@id\":\"https:\\\/\\\/naturalpoland.com\\\/tr\\\/#organization\"},\"potentialAction\":[{\"@type\":\"SearchAction\",\"target\":{\"@type\":\"EntryPoint\",\"urlTemplate\":\"https:\\\/\\\/naturalpoland.com\\\/tr\\\/?s={search_term_string}\"},\"query-input\":{\"@type\":\"PropertyValueSpecification\",\"valueRequired\":true,\"valueName\":\"search_term_string\"}}],\"inLanguage\":\"tr\"},{\"@type\":\"Organization\",\"@id\":\"https:\\\/\\\/naturalpoland.com\\\/tr\\\/#organization\",\"name\":\"Natural Poland\",\"url\":\"https:\\\/\\\/naturalpoland.com\\\/tr\\\/\",\"logo\":{\"@type\":\"ImageObject\",\"inLanguage\":\"tr\",\"@id\":\"https:\\\/\\\/naturalpoland.com\\\/tr\\\/#\\\/schema\\\/logo\\\/image\\\/\",\"url\":\"https:\\\/\\\/naturalpoland.com\\\/wp-content\\\/uploads\\\/2021\\\/05\\\/natural-poland-icon.png\",\"contentUrl\":\"https:\\\/\\\/naturalpoland.com\\\/wp-content\\\/uploads\\\/2021\\\/05\\\/natural-poland-icon.png\",\"width\":512,\"height\":512,\"caption\":\"Natural Poland\"},\"image\":{\"@id\":\"https:\\\/\\\/naturalpoland.com\\\/tr\\\/#\\\/schema\\\/logo\\\/image\\\/\"},\"sameAs\":[\"https:\\\/\\\/www.facebook.com\\\/naturalpoland.b2b\",\"https:\\\/\\\/pl.linkedin.com\\\/company\\\/natural-poland\",\"https:\\\/\\\/www.youtube.com\\\/channel\\\/UCgeGGkvOMahZo-xu_MSEWxg\"]}]}<\/script>\n<!-- \/ Yoast SEO plugin. -->","yoast_head_json":{"title":"\u0130pek Tozu - Hurtowy Dystrybutor","description":"\u0130pek tozu, do\u011fal k\u00f6kenini y\u00fcksek bak\u0131m etkinli\u011fiyle birle\u015ftiren premium s\u0131n\u0131f geli\u015fmi\u015f bir kozmetik bile\u015fendir","robots":{"index":"index","follow":"follow","max-snippet":"max-snippet:-1","max-image-preview":"max-image-preview:large","max-video-preview":"max-video-preview:-1"},"canonical":"https:\/\/naturalpoland.com\/tr\/urunler\/kozmetik-hammaddeleri\/kozmetik-hammaddeleri-2\/ipek-tozu\/","og_locale":"tr_TR","og_type":"article","og_title":"\u0130pek Tozu - Hurtowy Dystrybutor","og_description":"\u0130pek tozu, do\u011fal k\u00f6kenini y\u00fcksek bak\u0131m etkinli\u011fiyle birle\u015ftiren premium s\u0131n\u0131f geli\u015fmi\u015f bir kozmetik bile\u015fendir","og_url":"https:\/\/naturalpoland.com\/tr\/urunler\/kozmetik-hammaddeleri\/kozmetik-hammaddeleri-2\/ipek-tozu\/","og_site_name":"NATURAL POLAND - Hurtowy Dystrybutor Surowc\u00f3w","article_publisher":"https:\/\/www.facebook.com\/naturalpoland.b2b","article_modified_time":"2026-01-26T12:51:54+00:00","og_image":[{"width":1024,"height":1024,"url":"https:\/\/naturalpoland.com\/wp-content\/uploads\/proszek-jedwabny.webp","type":"image\/webp"}],"schema":{"@context":"https:\/\/schema.org","@graph":[{"@type":"WebPage","@id":"https:\/\/naturalpoland.com\/tr\/urunler\/kozmetik-hammaddeleri\/kozmetik-hammaddeleri-2\/ipek-tozu\/","url":"https:\/\/naturalpoland.com\/tr\/urunler\/kozmetik-hammaddeleri\/kozmetik-hammaddeleri-2\/ipek-tozu\/","name":"\u0130pek Tozu - Hurtowy Dystrybutor","isPartOf":{"@id":"https:\/\/naturalpoland.com\/tr\/#website"},"primaryImageOfPage":{"@id":"https:\/\/naturalpoland.com\/tr\/urunler\/kozmetik-hammaddeleri\/kozmetik-hammaddeleri-2\/ipek-tozu\/#primaryimage"},"image":{"@id":"https:\/\/naturalpoland.com\/tr\/urunler\/kozmetik-hammaddeleri\/kozmetik-hammaddeleri-2\/ipek-tozu\/#primaryimage"},"thumbnailUrl":"https:\/\/naturalpoland.com\/wp-content\/uploads\/proszek-jedwabny.webp","datePublished":"2025-07-03T10:25:51+00:00","dateModified":"2026-01-26T12:51:54+00:00","description":"\u0130pek tozu, do\u011fal k\u00f6kenini y\u00fcksek bak\u0131m etkinli\u011fiyle birle\u015ftiren premium s\u0131n\u0131f geli\u015fmi\u015f bir kozmetik bile\u015fendir","breadcrumb":{"@id":"https:\/\/naturalpoland.com\/tr\/urunler\/kozmetik-hammaddeleri\/kozmetik-hammaddeleri-2\/ipek-tozu\/#breadcrumb"},"inLanguage":"tr","potentialAction":[{"@type":"ReadAction","target":["https:\/\/naturalpoland.com\/tr\/urunler\/kozmetik-hammaddeleri\/kozmetik-hammaddeleri-2\/ipek-tozu\/"]}]},{"@type":"ImageObject","inLanguage":"tr","@id":"https:\/\/naturalpoland.com\/tr\/urunler\/kozmetik-hammaddeleri\/kozmetik-hammaddeleri-2\/ipek-tozu\/#primaryimage","url":"https:\/\/naturalpoland.com\/wp-content\/uploads\/proszek-jedwabny.webp","contentUrl":"https:\/\/naturalpoland.com\/wp-content\/uploads\/proszek-jedwabny.webp","width":1024,"height":1024,"caption":"fibroinden elde edilen ipek tozu"},{"@type":"BreadcrumbList","@id":"https:\/\/naturalpoland.com\/tr\/urunler\/kozmetik-hammaddeleri\/kozmetik-hammaddeleri-2\/ipek-tozu\/#breadcrumb","itemListElement":[{"@type":"ListItem","position":1,"name":"Ana Sayfa","item":"https:\/\/naturalpoland.com\/tr\/"},{"@type":"ListItem","position":2,"name":"\u00dcr\u00fcnler","item":"https:\/\/naturalpoland.com\/tr\/urunler\/"},{"@type":"ListItem","position":3,"name":"\u0130pek Tozu"}]},{"@type":"WebSite","@id":"https:\/\/naturalpoland.com\/tr\/#website","url":"https:\/\/naturalpoland.com\/tr\/","name":"NATURAL POLAND - Hurtowy Dystrybutor Surowc\u00f3w","description":"Surowce dla przemys\u0142u spo\u017cywczego, kosmetycznego i farmaceutycznego","publisher":{"@id":"https:\/\/naturalpoland.com\/tr\/#organization"},"potentialAction":[{"@type":"SearchAction","target":{"@type":"EntryPoint","urlTemplate":"https:\/\/naturalpoland.com\/tr\/?s={search_term_string}"},"query-input":{"@type":"PropertyValueSpecification","valueRequired":true,"valueName":"search_term_string"}}],"inLanguage":"tr"},{"@type":"Organization","@id":"https:\/\/naturalpoland.com\/tr\/#organization","name":"Natural Poland","url":"https:\/\/naturalpoland.com\/tr\/","logo":{"@type":"ImageObject","inLanguage":"tr","@id":"https:\/\/naturalpoland.com\/tr\/#\/schema\/logo\/image\/","url":"https:\/\/naturalpoland.com\/wp-content\/uploads\/2021\/05\/natural-poland-icon.png","contentUrl":"https:\/\/naturalpoland.com\/wp-content\/uploads\/2021\/05\/natural-poland-icon.png","width":512,"height":512,"caption":"Natural Poland"},"image":{"@id":"https:\/\/naturalpoland.com\/tr\/#\/schema\/logo\/image\/"},"sameAs":["https:\/\/www.facebook.com\/naturalpoland.b2b","https:\/\/pl.linkedin.com\/company\/natural-poland","https:\/\/www.youtube.com\/channel\/UCgeGGkvOMahZo-xu_MSEWxg"]}]}},"_links":{"self":[{"href":"https:\/\/naturalpoland.com\/tr\/wp-json\/wp\/v2\/product\/45336","targetHints":{"allow":["GET"]}}],"collection":[{"href":"https:\/\/naturalpoland.com\/tr\/wp-json\/wp\/v2\/product"}],"about":[{"href":"https:\/\/naturalpoland.com\/tr\/wp-json\/wp\/v2\/types\/product"}],"wp:featuredmedia":[{"embeddable":true,"href":"https:\/\/naturalpoland.com\/tr\/wp-json\/wp\/v2\/media\/45337"}],"wp:attachment":[{"href":"https:\/\/naturalpoland.com\/tr\/wp-json\/wp\/v2\/media?parent=45336"}],"wp:term":[{"taxonomy":"product_brand","embeddable":true,"href":"https:\/\/naturalpoland.com\/tr\/wp-json\/wp\/v2\/product_brand?post=45336"},{"taxonomy":"product_cat","embeddable":true,"href":"https:\/\/naturalpoland.com\/tr\/wp-json\/wp\/v2\/product_cat?post=45336"},{"taxonomy":"product_tag","embeddable":true,"href":"https:\/\/naturalpoland.com\/tr\/wp-json\/wp\/v2\/product_tag?post=45336"}],"curies":[{"name":"wp","href":"https:\/\/api.w.org\/{rel}","templated":true}]}}