{"id":45338,"date":"2025-04-15T09:51:27","date_gmt":"2025-04-15T07:51:27","guid":{"rendered":"https:\/\/naturalpoland.com\/produkty\/kategorilenmemis\/toz-aloe-vera-jeli\/"},"modified":"2026-01-26T13:52:12","modified_gmt":"2026-01-26T12:52:12","slug":"toz-aloe-vera-jeli","status":"publish","type":"product","link":"https:\/\/naturalpoland.com\/tr\/urunler\/farmasotik-hammaddeler\/takviye-edici-gida-bilesenleri\/toz-aloe-vera-jeli\/","title":{"rendered":"Toz Aloe Vera Jeli"},"content":{"rendered":"<p>Dondurarak kurutma y\u00f6ntemi olan <strong>liyofilizasyon<\/strong> kullan\u0131larak, karakteristik koku ve tada sahip, aktif bitki bile\u015fenlerinin maksimumunu koruyan nazik, beyaz veya hafif kremsi bir toz elde edilir. Sundu\u011fumuz \u00f6z\u00fct, y\u00fcksek konsantrasyon oran\u0131na ve <strong>polisakaritler<\/strong> ile <strong>O-asetil gruplar\u0131<\/strong> i\u00e7eri\u011fi a\u00e7\u0131s\u0131ndan standardizasyona sahiptir. <\/p>\n<h3>\u00d6zellikler<\/h3>\n<p>Toz Aloe Vera jelinin \u00f6zellikleri, y\u00fcksek biyoaktif polisakarit ve O-asetil gruplar\u0131 i\u00e7eri\u011finden kaynaklan\u0131r. Bu \u00f6zellikler, hammaddenin anti-enflamatuar, imm\u00fcnomod\u00fclat\u00f6r ve detoksifiye edici etkiler g\u00f6stermesini sa\u011flar. Sindirim sistemi tahri\u015flerini hafifletmeye yard\u0131mc\u0131 olur, ba\u011f\u0131rsak fonksiyonlar\u0131n\u0131 destekler ve ba\u011f\u0131rsak mikrofloras\u0131n\u0131n dengesini korumaya yard\u0131mc\u0131 olur.  <\/p>\n<h3>Kullan\u0131m alanlar\u0131<\/h3>\n<p>Hammadde, kaps\u00fcl, tablet, i\u00e7ecek tozu ve fonksiyonel shot formundaki g\u0131da takviyelerinin \u00fcretiminde kullan\u0131l\u0131r. \u00dcr\u00fcnler, ba\u011f\u0131\u015f\u0131kl\u0131\u011f\u0131 d\u00fc\u015f\u00fck, sindirim sistemi sorunlar\u0131 olan, enflamatuar durumlar\u0131 olan ki\u015filer ile hassas sindirim sistemine sahip veya yo\u011fun ya\u015fam tarz\u0131 s\u00fcrd\u00fcren ki\u015filer i\u00e7in tasarlanm\u0131\u015ft\u0131r. <\/p>\n","protected":false},"excerpt":{"rendered":"<p><strong data-start=\"0\" data-end=\"82\">Liyofilize toz Aloe Vera jeli<\/strong> (Aloe Vera Gel Freeze Dried Powder), <em>Aloe barbadensis Miller<\/em> yapraklar\u0131n\u0131n i\u00e7 k\u0131sm\u0131ndan elde edilen y\u00fcksek konsantreli bir bitkisel hammaddedir.<\/p>\n","protected":false},"featured_media":45339,"template":"","meta":{"_acf_changed":false},"product_brand":[],"product_cat":[9540],"product_tag":[],"class_list":{"0":"post-45338","1":"product","2":"type-product","3":"status-publish","4":"has-post-thumbnail","6":"product_cat-takviye-edici-gida-bilesenleri","7":"pa_czesc-rosliny-yapraklarin-ic-kismi","9":"first","10":"instock","11":"shipping-taxable","12":"product-type-simple"},"acf":[],"yoast_head":"<!-- This site is optimized with the Yoast SEO plugin v27.5 - https:\/\/yoast.com\/product\/yoast-seo-wordpress\/ -->\n<title>Toz Aloe Vera Jeli - Hurtowy Dystrybutor<\/title>\n<meta name=\"description\" content=\"Toz Aloe Vera jeli, sindirim sistemini ve ba\u011f\u0131\u015f\u0131kl\u0131k sistemini destekleyen g\u0131da takviyelerinde ve fonksiyonel \u00fcr\u00fcnlerde de\u011ferli bir bile\u015fendir.\" \/>\n<meta name=\"robots\" content=\"index, follow, max-snippet:-1, max-image-preview:large, max-video-preview:-1\" \/>\n<link rel=\"canonical\" href=\"https:\/\/naturalpoland.com\/tr\/urunler\/farmasotik-hammaddeler\/takviye-edici-gida-bilesenleri\/toz-aloe-vera-jeli\/\" \/>\n<meta property=\"og:locale\" content=\"tr_TR\" \/>\n<meta property=\"og:type\" content=\"article\" \/>\n<meta property=\"og:title\" content=\"Toz Aloe Vera Jeli - Hurtowy Dystrybutor\" \/>\n<meta property=\"og:description\" content=\"Toz Aloe Vera jeli, sindirim sistemini ve ba\u011f\u0131\u015f\u0131kl\u0131k sistemini destekleyen g\u0131da takviyelerinde ve fonksiyonel \u00fcr\u00fcnlerde de\u011ferli bir bile\u015fendir.\" \/>\n<meta property=\"og:url\" content=\"https:\/\/naturalpoland.com\/tr\/urunler\/farmasotik-hammaddeler\/takviye-edici-gida-bilesenleri\/toz-aloe-vera-jeli\/\" \/>\n<meta property=\"og:site_name\" content=\"NATURAL POLAND - Hurtowy Dystrybutor Surowc\u00f3w\" \/>\n<meta property=\"article:publisher\" content=\"https:\/\/www.facebook.com\/naturalpoland.b2b\" \/>\n<meta property=\"article:modified_time\" content=\"2026-01-26T12:52:12+00:00\" \/>\n<meta property=\"og:image\" content=\"https:\/\/naturalpoland.com\/wp-content\/uploads\/aloesowy-zel-w-proszku.webp\" \/>\n\t<meta property=\"og:image:width\" content=\"1024\" \/>\n\t<meta property=\"og:image:height\" content=\"1024\" \/>\n\t<meta property=\"og:image:type\" content=\"image\/webp\" \/>\n<script type=\"application\/ld+json\" class=\"yoast-schema-graph\">{\"@context\":\"https:\\\/\\\/schema.org\",\"@graph\":[{\"@type\":\"WebPage\",\"@id\":\"https:\\\/\\\/naturalpoland.com\\\/tr\\\/urunler\\\/farmasotik-hammaddeler\\\/takviye-edici-gida-bilesenleri\\\/toz-aloe-vera-jeli\\\/\",\"url\":\"https:\\\/\\\/naturalpoland.com\\\/tr\\\/urunler\\\/farmasotik-hammaddeler\\\/takviye-edici-gida-bilesenleri\\\/toz-aloe-vera-jeli\\\/\",\"name\":\"Toz Aloe Vera Jeli - Hurtowy Dystrybutor\",\"isPartOf\":{\"@id\":\"https:\\\/\\\/naturalpoland.com\\\/tr\\\/#website\"},\"primaryImageOfPage\":{\"@id\":\"https:\\\/\\\/naturalpoland.com\\\/tr\\\/urunler\\\/farmasotik-hammaddeler\\\/takviye-edici-gida-bilesenleri\\\/toz-aloe-vera-jeli\\\/#primaryimage\"},\"image\":{\"@id\":\"https:\\\/\\\/naturalpoland.com\\\/tr\\\/urunler\\\/farmasotik-hammaddeler\\\/takviye-edici-gida-bilesenleri\\\/toz-aloe-vera-jeli\\\/#primaryimage\"},\"thumbnailUrl\":\"https:\\\/\\\/naturalpoland.com\\\/wp-content\\\/uploads\\\/aloesowy-zel-w-proszku.webp\",\"datePublished\":\"2025-04-15T07:51:27+00:00\",\"dateModified\":\"2026-01-26T12:52:12+00:00\",\"description\":\"Toz Aloe Vera jeli, sindirim sistemini ve ba\u011f\u0131\u015f\u0131kl\u0131k sistemini destekleyen g\u0131da takviyelerinde ve fonksiyonel \u00fcr\u00fcnlerde de\u011ferli bir bile\u015fendir.\",\"breadcrumb\":{\"@id\":\"https:\\\/\\\/naturalpoland.com\\\/tr\\\/urunler\\\/farmasotik-hammaddeler\\\/takviye-edici-gida-bilesenleri\\\/toz-aloe-vera-jeli\\\/#breadcrumb\"},\"inLanguage\":\"tr\",\"potentialAction\":[{\"@type\":\"ReadAction\",\"target\":[\"https:\\\/\\\/naturalpoland.com\\\/tr\\\/urunler\\\/farmasotik-hammaddeler\\\/takviye-edici-gida-bilesenleri\\\/toz-aloe-vera-jeli\\\/\"]}]},{\"@type\":\"ImageObject\",\"inLanguage\":\"tr\",\"@id\":\"https:\\\/\\\/naturalpoland.com\\\/tr\\\/urunler\\\/farmasotik-hammaddeler\\\/takviye-edici-gida-bilesenleri\\\/toz-aloe-vera-jeli\\\/#primaryimage\",\"url\":\"https:\\\/\\\/naturalpoland.com\\\/wp-content\\\/uploads\\\/aloesowy-zel-w-proszku.webp\",\"contentUrl\":\"https:\\\/\\\/naturalpoland.com\\\/wp-content\\\/uploads\\\/aloesowy-zel-w-proszku.webp\",\"width\":1024,\"height\":1024,\"caption\":\"Toz Aloe Vera Jeli\"},{\"@type\":\"BreadcrumbList\",\"@id\":\"https:\\\/\\\/naturalpoland.com\\\/tr\\\/urunler\\\/farmasotik-hammaddeler\\\/takviye-edici-gida-bilesenleri\\\/toz-aloe-vera-jeli\\\/#breadcrumb\",\"itemListElement\":[{\"@type\":\"ListItem\",\"position\":1,\"name\":\"Ana Sayfa\",\"item\":\"https:\\\/\\\/naturalpoland.com\\\/tr\\\/\"},{\"@type\":\"ListItem\",\"position\":2,\"name\":\"\u00dcr\u00fcnler\",\"item\":\"https:\\\/\\\/naturalpoland.com\\\/tr\\\/urunler\\\/\"},{\"@type\":\"ListItem\",\"position\":3,\"name\":\"Toz Aloe Vera Jeli\"}]},{\"@type\":\"WebSite\",\"@id\":\"https:\\\/\\\/naturalpoland.com\\\/tr\\\/#website\",\"url\":\"https:\\\/\\\/naturalpoland.com\\\/tr\\\/\",\"name\":\"NATURAL POLAND - Hurtowy Dystrybutor Surowc\u00f3w\",\"description\":\"Surowce dla przemys\u0142u spo\u017cywczego, kosmetycznego i farmaceutycznego\",\"publisher\":{\"@id\":\"https:\\\/\\\/naturalpoland.com\\\/tr\\\/#organization\"},\"potentialAction\":[{\"@type\":\"SearchAction\",\"target\":{\"@type\":\"EntryPoint\",\"urlTemplate\":\"https:\\\/\\\/naturalpoland.com\\\/tr\\\/?s={search_term_string}\"},\"query-input\":{\"@type\":\"PropertyValueSpecification\",\"valueRequired\":true,\"valueName\":\"search_term_string\"}}],\"inLanguage\":\"tr\"},{\"@type\":\"Organization\",\"@id\":\"https:\\\/\\\/naturalpoland.com\\\/tr\\\/#organization\",\"name\":\"Natural Poland\",\"url\":\"https:\\\/\\\/naturalpoland.com\\\/tr\\\/\",\"logo\":{\"@type\":\"ImageObject\",\"inLanguage\":\"tr\",\"@id\":\"https:\\\/\\\/naturalpoland.com\\\/tr\\\/#\\\/schema\\\/logo\\\/image\\\/\",\"url\":\"https:\\\/\\\/naturalpoland.com\\\/wp-content\\\/uploads\\\/2021\\\/05\\\/natural-poland-icon.png\",\"contentUrl\":\"https:\\\/\\\/naturalpoland.com\\\/wp-content\\\/uploads\\\/2021\\\/05\\\/natural-poland-icon.png\",\"width\":512,\"height\":512,\"caption\":\"Natural Poland\"},\"image\":{\"@id\":\"https:\\\/\\\/naturalpoland.com\\\/tr\\\/#\\\/schema\\\/logo\\\/image\\\/\"},\"sameAs\":[\"https:\\\/\\\/www.facebook.com\\\/naturalpoland.b2b\",\"https:\\\/\\\/pl.linkedin.com\\\/company\\\/natural-poland\",\"https:\\\/\\\/www.youtube.com\\\/channel\\\/UCgeGGkvOMahZo-xu_MSEWxg\"]}]}<\/script>\n<!-- \/ Yoast SEO plugin. -->","yoast_head_json":{"title":"Toz Aloe Vera Jeli - Hurtowy Dystrybutor","description":"Toz Aloe Vera jeli, sindirim sistemini ve ba\u011f\u0131\u015f\u0131kl\u0131k sistemini destekleyen g\u0131da takviyelerinde ve fonksiyonel \u00fcr\u00fcnlerde de\u011ferli bir bile\u015fendir.","robots":{"index":"index","follow":"follow","max-snippet":"max-snippet:-1","max-image-preview":"max-image-preview:large","max-video-preview":"max-video-preview:-1"},"canonical":"https:\/\/naturalpoland.com\/tr\/urunler\/farmasotik-hammaddeler\/takviye-edici-gida-bilesenleri\/toz-aloe-vera-jeli\/","og_locale":"tr_TR","og_type":"article","og_title":"Toz Aloe Vera Jeli - Hurtowy Dystrybutor","og_description":"Toz Aloe Vera jeli, sindirim sistemini ve ba\u011f\u0131\u015f\u0131kl\u0131k sistemini destekleyen g\u0131da takviyelerinde ve fonksiyonel \u00fcr\u00fcnlerde de\u011ferli bir bile\u015fendir.","og_url":"https:\/\/naturalpoland.com\/tr\/urunler\/farmasotik-hammaddeler\/takviye-edici-gida-bilesenleri\/toz-aloe-vera-jeli\/","og_site_name":"NATURAL POLAND - Hurtowy Dystrybutor Surowc\u00f3w","article_publisher":"https:\/\/www.facebook.com\/naturalpoland.b2b","article_modified_time":"2026-01-26T12:52:12+00:00","og_image":[{"width":1024,"height":1024,"url":"https:\/\/naturalpoland.com\/wp-content\/uploads\/aloesowy-zel-w-proszku.webp","type":"image\/webp"}],"schema":{"@context":"https:\/\/schema.org","@graph":[{"@type":"WebPage","@id":"https:\/\/naturalpoland.com\/tr\/urunler\/farmasotik-hammaddeler\/takviye-edici-gida-bilesenleri\/toz-aloe-vera-jeli\/","url":"https:\/\/naturalpoland.com\/tr\/urunler\/farmasotik-hammaddeler\/takviye-edici-gida-bilesenleri\/toz-aloe-vera-jeli\/","name":"Toz Aloe Vera Jeli - Hurtowy Dystrybutor","isPartOf":{"@id":"https:\/\/naturalpoland.com\/tr\/#website"},"primaryImageOfPage":{"@id":"https:\/\/naturalpoland.com\/tr\/urunler\/farmasotik-hammaddeler\/takviye-edici-gida-bilesenleri\/toz-aloe-vera-jeli\/#primaryimage"},"image":{"@id":"https:\/\/naturalpoland.com\/tr\/urunler\/farmasotik-hammaddeler\/takviye-edici-gida-bilesenleri\/toz-aloe-vera-jeli\/#primaryimage"},"thumbnailUrl":"https:\/\/naturalpoland.com\/wp-content\/uploads\/aloesowy-zel-w-proszku.webp","datePublished":"2025-04-15T07:51:27+00:00","dateModified":"2026-01-26T12:52:12+00:00","description":"Toz Aloe Vera jeli, sindirim sistemini ve ba\u011f\u0131\u015f\u0131kl\u0131k sistemini destekleyen g\u0131da takviyelerinde ve fonksiyonel \u00fcr\u00fcnlerde de\u011ferli bir bile\u015fendir.","breadcrumb":{"@id":"https:\/\/naturalpoland.com\/tr\/urunler\/farmasotik-hammaddeler\/takviye-edici-gida-bilesenleri\/toz-aloe-vera-jeli\/#breadcrumb"},"inLanguage":"tr","potentialAction":[{"@type":"ReadAction","target":["https:\/\/naturalpoland.com\/tr\/urunler\/farmasotik-hammaddeler\/takviye-edici-gida-bilesenleri\/toz-aloe-vera-jeli\/"]}]},{"@type":"ImageObject","inLanguage":"tr","@id":"https:\/\/naturalpoland.com\/tr\/urunler\/farmasotik-hammaddeler\/takviye-edici-gida-bilesenleri\/toz-aloe-vera-jeli\/#primaryimage","url":"https:\/\/naturalpoland.com\/wp-content\/uploads\/aloesowy-zel-w-proszku.webp","contentUrl":"https:\/\/naturalpoland.com\/wp-content\/uploads\/aloesowy-zel-w-proszku.webp","width":1024,"height":1024,"caption":"Toz Aloe Vera Jeli"},{"@type":"BreadcrumbList","@id":"https:\/\/naturalpoland.com\/tr\/urunler\/farmasotik-hammaddeler\/takviye-edici-gida-bilesenleri\/toz-aloe-vera-jeli\/#breadcrumb","itemListElement":[{"@type":"ListItem","position":1,"name":"Ana Sayfa","item":"https:\/\/naturalpoland.com\/tr\/"},{"@type":"ListItem","position":2,"name":"\u00dcr\u00fcnler","item":"https:\/\/naturalpoland.com\/tr\/urunler\/"},{"@type":"ListItem","position":3,"name":"Toz Aloe Vera Jeli"}]},{"@type":"WebSite","@id":"https:\/\/naturalpoland.com\/tr\/#website","url":"https:\/\/naturalpoland.com\/tr\/","name":"NATURAL POLAND - Hurtowy Dystrybutor Surowc\u00f3w","description":"Surowce dla przemys\u0142u spo\u017cywczego, kosmetycznego i farmaceutycznego","publisher":{"@id":"https:\/\/naturalpoland.com\/tr\/#organization"},"potentialAction":[{"@type":"SearchAction","target":{"@type":"EntryPoint","urlTemplate":"https:\/\/naturalpoland.com\/tr\/?s={search_term_string}"},"query-input":{"@type":"PropertyValueSpecification","valueRequired":true,"valueName":"search_term_string"}}],"inLanguage":"tr"},{"@type":"Organization","@id":"https:\/\/naturalpoland.com\/tr\/#organization","name":"Natural Poland","url":"https:\/\/naturalpoland.com\/tr\/","logo":{"@type":"ImageObject","inLanguage":"tr","@id":"https:\/\/naturalpoland.com\/tr\/#\/schema\/logo\/image\/","url":"https:\/\/naturalpoland.com\/wp-content\/uploads\/2021\/05\/natural-poland-icon.png","contentUrl":"https:\/\/naturalpoland.com\/wp-content\/uploads\/2021\/05\/natural-poland-icon.png","width":512,"height":512,"caption":"Natural Poland"},"image":{"@id":"https:\/\/naturalpoland.com\/tr\/#\/schema\/logo\/image\/"},"sameAs":["https:\/\/www.facebook.com\/naturalpoland.b2b","https:\/\/pl.linkedin.com\/company\/natural-poland","https:\/\/www.youtube.com\/channel\/UCgeGGkvOMahZo-xu_MSEWxg"]}]}},"_links":{"self":[{"href":"https:\/\/naturalpoland.com\/tr\/wp-json\/wp\/v2\/product\/45338","targetHints":{"allow":["GET"]}}],"collection":[{"href":"https:\/\/naturalpoland.com\/tr\/wp-json\/wp\/v2\/product"}],"about":[{"href":"https:\/\/naturalpoland.com\/tr\/wp-json\/wp\/v2\/types\/product"}],"wp:featuredmedia":[{"embeddable":true,"href":"https:\/\/naturalpoland.com\/tr\/wp-json\/wp\/v2\/media\/45339"}],"wp:attachment":[{"href":"https:\/\/naturalpoland.com\/tr\/wp-json\/wp\/v2\/media?parent=45338"}],"wp:term":[{"taxonomy":"product_brand","embeddable":true,"href":"https:\/\/naturalpoland.com\/tr\/wp-json\/wp\/v2\/product_brand?post=45338"},{"taxonomy":"product_cat","embeddable":true,"href":"https:\/\/naturalpoland.com\/tr\/wp-json\/wp\/v2\/product_cat?post=45338"},{"taxonomy":"product_tag","embeddable":true,"href":"https:\/\/naturalpoland.com\/tr\/wp-json\/wp\/v2\/product_tag?post=45338"}],"curies":[{"name":"wp","href":"https:\/\/api.w.org\/{rel}","templated":true}]}}