{"id":45352,"date":"2025-02-28T14:07:23","date_gmt":"2025-02-28T13:07:23","guid":{"rendered":"https:\/\/naturalpoland.com\/produkty\/kategorilenmemis\/cikolata-aromasi\/"},"modified":"2026-01-28T12:33:30","modified_gmt":"2026-01-28T11:33:30","slug":"cikolata-aromasi","status":"publish","type":"product","link":"https:\/\/naturalpoland.com\/tr\/urunler\/gida-hammaddeleri\/aromalar\/tatli-aromalar\/cikolata-aromasi\/","title":{"rendered":"\u00c7ikolata aromas\u0131"},"content":{"rendered":"<p><strong>Toz \u00e7ikolata aromas\u0131<\/strong>, <strong>aroma maddeleri<\/strong>, <strong>maltodekstrin<\/strong> ve <strong>arap zamk\u0131 (E414)<\/strong> kar\u0131\u015f\u0131m\u0131d\u0131r. Yo\u011fun \u00e7ikolata tad\u0131 ve kokusu ile bej ila a\u00e7\u0131k kahverengi rengi ile karakterizedir. Hayvansal k\u00f6kenli bile\u015fenler, alerjenler veya GDO i\u00e7ermez ve g\u00fcvenli\u011fi AB standartlar\u0131na uygunlu\u011fu ile onaylanm\u0131\u015ft\u0131r. Bu \u00fcr\u00fcn, bisk\u00fcvi, \u015fekerleme, s\u00fctl\u00fc tatl\u0131lar, dondurma ve ya\u011fl\u0131 kar\u0131\u015f\u0131mlar\u0131n \u00fcretiminde kullan\u0131l\u0131r ve optimum dozaj\u0131 uygulamaya ba\u011fl\u0131 olarak 0,7 ila 5 g\/kg aras\u0131nda de\u011fi\u015fir.   <\/p>\n<p><strong>Toz beyaz \u00e7ikolata aromas\u0131<\/strong>, beyaz \u00e7ikolatan\u0131n karakteristik tad\u0131n\u0131 ve kokusunu yans\u0131tan bir \u00e7e\u015fittir ve a\u00e7\u0131k sar\u0131dan pembe-turuncuya kadar de\u011fi\u015fen bir renge sahiptir. Kullan\u0131m\u0131 esas olarak alkols\u00fcz i\u00e7ecekleri kapsar ve dozaj\u0131 0,5 ila 1,2 g\/kg aras\u0131ndad\u0131r. <\/p>\n<p><strong>Toz s\u00fctl\u00fc \u00e7ikolata aromas\u0131<\/strong>, kremsi bejden a\u00e7\u0131k kahverengiye kadar de\u011fi\u015fen bir renge ve tam, s\u00fctl\u00fc bir tat profiline sahiptir. Kullan\u0131m\u0131 esas olarak dondurma ve alkols\u00fcz i\u00e7ecekleri kapsar ve optimum dozaj\u0131 0,5 ila 2,5 g\/kg aras\u0131nda de\u011fi\u015fir. <\/p>\n","protected":false},"excerpt":{"rendered":"<p>\u00c7ikolata aromas\u0131, \u00e7ikolataya \u00f6zg\u00fc yo\u011fun bir tat katan bir\u00e7ok g\u0131da \u00fcr\u00fcn\u00fcn\u00fcn bile\u015fenidir. \u00dcr\u00fcn, g\u0131da \u00fcreticilerinin \u00f6zel ihtiya\u00e7lar\u0131na g\u00f6re uyarlanm\u0131\u015f \u00e7e\u015fitli varyantlarda, toz ve s\u0131v\u0131 formda mevcuttur. <\/p>\n","protected":false},"featured_media":45353,"template":"","meta":{"_acf_changed":false},"product_brand":[],"product_cat":[9561],"product_tag":[],"class_list":{"0":"post-45352","1":"product","2":"type-product","3":"status-publish","4":"has-post-thumbnail","6":"product_cat-tatli-aromalar","8":"first","9":"instock","10":"shipping-taxable","11":"product-type-simple"},"acf":[],"yoast_head":"<!-- This site is optimized with the Yoast SEO plugin v27.5 - https:\/\/yoast.com\/product\/yoast-seo-wordpress\/ -->\n<title>\u00c7ikolata aromas\u0131 - Hurtowy Dystrybutor<\/title>\n<meta name=\"description\" content=\"\u00c7ikolata aromalar\u0131, \u00fcreticilerin \u015fekerlemelerden i\u00e7eceklere kadar geni\u015f bir \u00fcr\u00fcn yelpazesinde benzersiz bir duyusal profil elde etmelerini sa\u011flar.\" \/>\n<meta name=\"robots\" content=\"index, follow, max-snippet:-1, max-image-preview:large, max-video-preview:-1\" \/>\n<link rel=\"canonical\" href=\"https:\/\/naturalpoland.com\/tr\/urunler\/gida-hammaddeleri\/aromalar\/tatli-aromalar\/cikolata-aromasi\/\" \/>\n<meta property=\"og:locale\" content=\"tr_TR\" \/>\n<meta property=\"og:type\" content=\"article\" \/>\n<meta property=\"og:title\" content=\"\u00c7ikolata aromas\u0131 - Hurtowy Dystrybutor\" \/>\n<meta property=\"og:description\" content=\"\u00c7ikolata aromalar\u0131, \u00fcreticilerin \u015fekerlemelerden i\u00e7eceklere kadar geni\u015f bir \u00fcr\u00fcn yelpazesinde benzersiz bir duyusal profil elde etmelerini sa\u011flar.\" \/>\n<meta property=\"og:url\" content=\"https:\/\/naturalpoland.com\/tr\/urunler\/gida-hammaddeleri\/aromalar\/tatli-aromalar\/cikolata-aromasi\/\" \/>\n<meta property=\"og:site_name\" content=\"NATURAL POLAND - Hurtowy Dystrybutor Surowc\u00f3w\" \/>\n<meta property=\"article:publisher\" content=\"https:\/\/www.facebook.com\/naturalpoland.b2b\" \/>\n<meta property=\"article:modified_time\" content=\"2026-01-28T11:33:30+00:00\" \/>\n<meta property=\"og:image\" content=\"https:\/\/naturalpoland.com\/wp-content\/uploads\/aromat-czekoladowy.webp\" \/>\n\t<meta property=\"og:image:width\" content=\"821\" \/>\n\t<meta property=\"og:image:height\" content=\"821\" \/>\n\t<meta property=\"og:image:type\" content=\"image\/webp\" \/>\n<script type=\"application\/ld+json\" class=\"yoast-schema-graph\">{\"@context\":\"https:\\\/\\\/schema.org\",\"@graph\":[{\"@type\":\"WebPage\",\"@id\":\"https:\\\/\\\/naturalpoland.com\\\/tr\\\/urunler\\\/gida-hammaddeleri\\\/aromalar\\\/tatli-aromalar\\\/cikolata-aromasi\\\/\",\"url\":\"https:\\\/\\\/naturalpoland.com\\\/tr\\\/urunler\\\/gida-hammaddeleri\\\/aromalar\\\/tatli-aromalar\\\/cikolata-aromasi\\\/\",\"name\":\"\u00c7ikolata aromas\u0131 - Hurtowy Dystrybutor\",\"isPartOf\":{\"@id\":\"https:\\\/\\\/naturalpoland.com\\\/tr\\\/#website\"},\"primaryImageOfPage\":{\"@id\":\"https:\\\/\\\/naturalpoland.com\\\/tr\\\/urunler\\\/gida-hammaddeleri\\\/aromalar\\\/tatli-aromalar\\\/cikolata-aromasi\\\/#primaryimage\"},\"image\":{\"@id\":\"https:\\\/\\\/naturalpoland.com\\\/tr\\\/urunler\\\/gida-hammaddeleri\\\/aromalar\\\/tatli-aromalar\\\/cikolata-aromasi\\\/#primaryimage\"},\"thumbnailUrl\":\"https:\\\/\\\/naturalpoland.com\\\/wp-content\\\/uploads\\\/aromat-czekoladowy.webp\",\"datePublished\":\"2025-02-28T13:07:23+00:00\",\"dateModified\":\"2026-01-28T11:33:30+00:00\",\"description\":\"\u00c7ikolata aromalar\u0131, \u00fcreticilerin \u015fekerlemelerden i\u00e7eceklere kadar geni\u015f bir \u00fcr\u00fcn yelpazesinde benzersiz bir duyusal profil elde etmelerini sa\u011flar.\",\"breadcrumb\":{\"@id\":\"https:\\\/\\\/naturalpoland.com\\\/tr\\\/urunler\\\/gida-hammaddeleri\\\/aromalar\\\/tatli-aromalar\\\/cikolata-aromasi\\\/#breadcrumb\"},\"inLanguage\":\"tr\",\"potentialAction\":[{\"@type\":\"ReadAction\",\"target\":[\"https:\\\/\\\/naturalpoland.com\\\/tr\\\/urunler\\\/gida-hammaddeleri\\\/aromalar\\\/tatli-aromalar\\\/cikolata-aromasi\\\/\"]}]},{\"@type\":\"ImageObject\",\"inLanguage\":\"tr\",\"@id\":\"https:\\\/\\\/naturalpoland.com\\\/tr\\\/urunler\\\/gida-hammaddeleri\\\/aromalar\\\/tatli-aromalar\\\/cikolata-aromasi\\\/#primaryimage\",\"url\":\"https:\\\/\\\/naturalpoland.com\\\/wp-content\\\/uploads\\\/aromat-czekoladowy.webp\",\"contentUrl\":\"https:\\\/\\\/naturalpoland.com\\\/wp-content\\\/uploads\\\/aromat-czekoladowy.webp\",\"width\":821,\"height\":821,\"caption\":\"\u00e7ikolata aromas\u0131\"},{\"@type\":\"BreadcrumbList\",\"@id\":\"https:\\\/\\\/naturalpoland.com\\\/tr\\\/urunler\\\/gida-hammaddeleri\\\/aromalar\\\/tatli-aromalar\\\/cikolata-aromasi\\\/#breadcrumb\",\"itemListElement\":[{\"@type\":\"ListItem\",\"position\":1,\"name\":\"Ana Sayfa\",\"item\":\"https:\\\/\\\/naturalpoland.com\\\/tr\\\/\"},{\"@type\":\"ListItem\",\"position\":2,\"name\":\"\u00dcr\u00fcnler\",\"item\":\"https:\\\/\\\/naturalpoland.com\\\/tr\\\/urunler\\\/\"},{\"@type\":\"ListItem\",\"position\":3,\"name\":\"\u00c7ikolata aromas\u0131\"}]},{\"@type\":\"WebSite\",\"@id\":\"https:\\\/\\\/naturalpoland.com\\\/tr\\\/#website\",\"url\":\"https:\\\/\\\/naturalpoland.com\\\/tr\\\/\",\"name\":\"NATURAL POLAND - Hurtowy Dystrybutor Surowc\u00f3w\",\"description\":\"Surowce dla przemys\u0142u spo\u017cywczego, kosmetycznego i farmaceutycznego\",\"publisher\":{\"@id\":\"https:\\\/\\\/naturalpoland.com\\\/tr\\\/#organization\"},\"potentialAction\":[{\"@type\":\"SearchAction\",\"target\":{\"@type\":\"EntryPoint\",\"urlTemplate\":\"https:\\\/\\\/naturalpoland.com\\\/tr\\\/?s={search_term_string}\"},\"query-input\":{\"@type\":\"PropertyValueSpecification\",\"valueRequired\":true,\"valueName\":\"search_term_string\"}}],\"inLanguage\":\"tr\"},{\"@type\":\"Organization\",\"@id\":\"https:\\\/\\\/naturalpoland.com\\\/tr\\\/#organization\",\"name\":\"Natural Poland\",\"url\":\"https:\\\/\\\/naturalpoland.com\\\/tr\\\/\",\"logo\":{\"@type\":\"ImageObject\",\"inLanguage\":\"tr\",\"@id\":\"https:\\\/\\\/naturalpoland.com\\\/tr\\\/#\\\/schema\\\/logo\\\/image\\\/\",\"url\":\"https:\\\/\\\/naturalpoland.com\\\/wp-content\\\/uploads\\\/2021\\\/05\\\/natural-poland-icon.png\",\"contentUrl\":\"https:\\\/\\\/naturalpoland.com\\\/wp-content\\\/uploads\\\/2021\\\/05\\\/natural-poland-icon.png\",\"width\":512,\"height\":512,\"caption\":\"Natural Poland\"},\"image\":{\"@id\":\"https:\\\/\\\/naturalpoland.com\\\/tr\\\/#\\\/schema\\\/logo\\\/image\\\/\"},\"sameAs\":[\"https:\\\/\\\/www.facebook.com\\\/naturalpoland.b2b\",\"https:\\\/\\\/pl.linkedin.com\\\/company\\\/natural-poland\",\"https:\\\/\\\/www.youtube.com\\\/channel\\\/UCgeGGkvOMahZo-xu_MSEWxg\"]}]}<\/script>\n<!-- \/ Yoast SEO plugin. -->","yoast_head_json":{"title":"\u00c7ikolata aromas\u0131 - Hurtowy Dystrybutor","description":"\u00c7ikolata aromalar\u0131, \u00fcreticilerin \u015fekerlemelerden i\u00e7eceklere kadar geni\u015f bir \u00fcr\u00fcn yelpazesinde benzersiz bir duyusal profil elde etmelerini sa\u011flar.","robots":{"index":"index","follow":"follow","max-snippet":"max-snippet:-1","max-image-preview":"max-image-preview:large","max-video-preview":"max-video-preview:-1"},"canonical":"https:\/\/naturalpoland.com\/tr\/urunler\/gida-hammaddeleri\/aromalar\/tatli-aromalar\/cikolata-aromasi\/","og_locale":"tr_TR","og_type":"article","og_title":"\u00c7ikolata aromas\u0131 - Hurtowy Dystrybutor","og_description":"\u00c7ikolata aromalar\u0131, \u00fcreticilerin \u015fekerlemelerden i\u00e7eceklere kadar geni\u015f bir \u00fcr\u00fcn yelpazesinde benzersiz bir duyusal profil elde etmelerini sa\u011flar.","og_url":"https:\/\/naturalpoland.com\/tr\/urunler\/gida-hammaddeleri\/aromalar\/tatli-aromalar\/cikolata-aromasi\/","og_site_name":"NATURAL POLAND - Hurtowy Dystrybutor Surowc\u00f3w","article_publisher":"https:\/\/www.facebook.com\/naturalpoland.b2b","article_modified_time":"2026-01-28T11:33:30+00:00","og_image":[{"width":821,"height":821,"url":"https:\/\/naturalpoland.com\/wp-content\/uploads\/aromat-czekoladowy.webp","type":"image\/webp"}],"schema":{"@context":"https:\/\/schema.org","@graph":[{"@type":"WebPage","@id":"https:\/\/naturalpoland.com\/tr\/urunler\/gida-hammaddeleri\/aromalar\/tatli-aromalar\/cikolata-aromasi\/","url":"https:\/\/naturalpoland.com\/tr\/urunler\/gida-hammaddeleri\/aromalar\/tatli-aromalar\/cikolata-aromasi\/","name":"\u00c7ikolata aromas\u0131 - Hurtowy Dystrybutor","isPartOf":{"@id":"https:\/\/naturalpoland.com\/tr\/#website"},"primaryImageOfPage":{"@id":"https:\/\/naturalpoland.com\/tr\/urunler\/gida-hammaddeleri\/aromalar\/tatli-aromalar\/cikolata-aromasi\/#primaryimage"},"image":{"@id":"https:\/\/naturalpoland.com\/tr\/urunler\/gida-hammaddeleri\/aromalar\/tatli-aromalar\/cikolata-aromasi\/#primaryimage"},"thumbnailUrl":"https:\/\/naturalpoland.com\/wp-content\/uploads\/aromat-czekoladowy.webp","datePublished":"2025-02-28T13:07:23+00:00","dateModified":"2026-01-28T11:33:30+00:00","description":"\u00c7ikolata aromalar\u0131, \u00fcreticilerin \u015fekerlemelerden i\u00e7eceklere kadar geni\u015f bir \u00fcr\u00fcn yelpazesinde benzersiz bir duyusal profil elde etmelerini sa\u011flar.","breadcrumb":{"@id":"https:\/\/naturalpoland.com\/tr\/urunler\/gida-hammaddeleri\/aromalar\/tatli-aromalar\/cikolata-aromasi\/#breadcrumb"},"inLanguage":"tr","potentialAction":[{"@type":"ReadAction","target":["https:\/\/naturalpoland.com\/tr\/urunler\/gida-hammaddeleri\/aromalar\/tatli-aromalar\/cikolata-aromasi\/"]}]},{"@type":"ImageObject","inLanguage":"tr","@id":"https:\/\/naturalpoland.com\/tr\/urunler\/gida-hammaddeleri\/aromalar\/tatli-aromalar\/cikolata-aromasi\/#primaryimage","url":"https:\/\/naturalpoland.com\/wp-content\/uploads\/aromat-czekoladowy.webp","contentUrl":"https:\/\/naturalpoland.com\/wp-content\/uploads\/aromat-czekoladowy.webp","width":821,"height":821,"caption":"\u00e7ikolata aromas\u0131"},{"@type":"BreadcrumbList","@id":"https:\/\/naturalpoland.com\/tr\/urunler\/gida-hammaddeleri\/aromalar\/tatli-aromalar\/cikolata-aromasi\/#breadcrumb","itemListElement":[{"@type":"ListItem","position":1,"name":"Ana Sayfa","item":"https:\/\/naturalpoland.com\/tr\/"},{"@type":"ListItem","position":2,"name":"\u00dcr\u00fcnler","item":"https:\/\/naturalpoland.com\/tr\/urunler\/"},{"@type":"ListItem","position":3,"name":"\u00c7ikolata aromas\u0131"}]},{"@type":"WebSite","@id":"https:\/\/naturalpoland.com\/tr\/#website","url":"https:\/\/naturalpoland.com\/tr\/","name":"NATURAL POLAND - Hurtowy Dystrybutor Surowc\u00f3w","description":"Surowce dla przemys\u0142u spo\u017cywczego, kosmetycznego i farmaceutycznego","publisher":{"@id":"https:\/\/naturalpoland.com\/tr\/#organization"},"potentialAction":[{"@type":"SearchAction","target":{"@type":"EntryPoint","urlTemplate":"https:\/\/naturalpoland.com\/tr\/?s={search_term_string}"},"query-input":{"@type":"PropertyValueSpecification","valueRequired":true,"valueName":"search_term_string"}}],"inLanguage":"tr"},{"@type":"Organization","@id":"https:\/\/naturalpoland.com\/tr\/#organization","name":"Natural Poland","url":"https:\/\/naturalpoland.com\/tr\/","logo":{"@type":"ImageObject","inLanguage":"tr","@id":"https:\/\/naturalpoland.com\/tr\/#\/schema\/logo\/image\/","url":"https:\/\/naturalpoland.com\/wp-content\/uploads\/2021\/05\/natural-poland-icon.png","contentUrl":"https:\/\/naturalpoland.com\/wp-content\/uploads\/2021\/05\/natural-poland-icon.png","width":512,"height":512,"caption":"Natural Poland"},"image":{"@id":"https:\/\/naturalpoland.com\/tr\/#\/schema\/logo\/image\/"},"sameAs":["https:\/\/www.facebook.com\/naturalpoland.b2b","https:\/\/pl.linkedin.com\/company\/natural-poland","https:\/\/www.youtube.com\/channel\/UCgeGGkvOMahZo-xu_MSEWxg"]}]}},"_links":{"self":[{"href":"https:\/\/naturalpoland.com\/tr\/wp-json\/wp\/v2\/product\/45352","targetHints":{"allow":["GET"]}}],"collection":[{"href":"https:\/\/naturalpoland.com\/tr\/wp-json\/wp\/v2\/product"}],"about":[{"href":"https:\/\/naturalpoland.com\/tr\/wp-json\/wp\/v2\/types\/product"}],"wp:featuredmedia":[{"embeddable":true,"href":"https:\/\/naturalpoland.com\/tr\/wp-json\/wp\/v2\/media\/45353"}],"wp:attachment":[{"href":"https:\/\/naturalpoland.com\/tr\/wp-json\/wp\/v2\/media?parent=45352"}],"wp:term":[{"taxonomy":"product_brand","embeddable":true,"href":"https:\/\/naturalpoland.com\/tr\/wp-json\/wp\/v2\/product_brand?post=45352"},{"taxonomy":"product_cat","embeddable":true,"href":"https:\/\/naturalpoland.com\/tr\/wp-json\/wp\/v2\/product_cat?post=45352"},{"taxonomy":"product_tag","embeddable":true,"href":"https:\/\/naturalpoland.com\/tr\/wp-json\/wp\/v2\/product_tag?post=45352"}],"curies":[{"name":"wp","href":"https:\/\/api.w.org\/{rel}","templated":true}]}}