{"id":45354,"date":"2025-02-07T12:46:15","date_gmt":"2025-02-07T11:46:15","guid":{"rendered":"https:\/\/naturalpoland.com\/produkty\/kategorilenmemis\/vanilya-aromasi\/"},"modified":"2026-01-28T12:33:33","modified_gmt":"2026-01-28T11:33:33","slug":"vanilya-aromasi","status":"publish","type":"product","link":"https:\/\/naturalpoland.com\/tr\/urunler\/gida-hammaddeleri\/aromalar\/tatli-aromalar\/vanilya-aromasi\/","title":{"rendered":"Vanilya aromas\u0131"},"content":{"rendered":"<p>Vanilya aromas\u0131, \u015fekerleme, i\u00e7ecek, dondurma, f\u0131r\u0131n \u00fcr\u00fcnleri ve tatl\u0131 \u00fcretiminde pop\u00fcler bir hammaddedir.<\/p>\n<h2>S\u0131v\u0131 vanilya aromalar\u0131<\/h2>\n<p><strong>FTNF (From the Name Fruit) kalitesinde do\u011fal s\u0131v\u0131 vanilya aromas\u0131<\/strong>, en az %95 oran\u0131nda ger\u00e7ek hammaddeden elde edilir. S\u0131cak, balsamik notalarla zengindir, do\u011fal vanilya \u00e7ubu\u011funu and\u0131r\u0131r ve kahverengi tonlar hissedilir. Y\u00fcksek s\u0131cakl\u0131klara dayan\u0131kl\u0131d\u0131r ve f\u0131r\u0131n \u00fcr\u00fcnleri veya krem ve dondurma \u00fcretimi gibi zorlu uygulamalarda kullan\u0131\u015fl\u0131d\u0131r.  <\/p>\n<p><strong>WONF (With Other Natural Flavors) kalitesinde vanilya aromas\u0131<\/strong>, vanilyan\u0131n do\u011fal karakterini korur ancak ek notalarla zenginle\u015ftirilmi\u015ftir. Kremal\u0131, dondurma profilli <strong>aroma<\/strong>, vanilyan\u0131n hafif tatl\u0131l\u0131\u011f\u0131n\u0131 do\u011fal vanilya \u00e7ubu\u011funun hafif, kuru aksan\u0131yla birle\u015ftirir ve s\u00fctl\u00fc tatl\u0131lar ve kremalarda kullan\u0131m i\u00e7in \u00f6nerilir. Bu aroman\u0131n <strong>konsantre<\/strong> versiyonu ise, yo\u011fun, derin bir lezzet profili veren anason-badem notalar\u0131yla g\u00fc\u00e7l\u00fc bir vanilya karakteri ile \u00f6ne \u00e7\u0131kar. <\/p>\n<p><strong>WONF kalitesinde kuru vanilya aromas\u0131<\/strong>, yo\u011fun do\u011fal vanilya \u00e7ubu\u011fu aksenli vanilya \u00f6z\u00fct\u00fc karakterini yans\u0131t\u0131r. L\u00fcks tatl\u0131lar, \u00e7ikolatalar ve sofistike f\u0131r\u0131n \u00fcr\u00fcnlerinde kullan\u0131l\u0131r. <\/p>\n<h2>Toz vanilya aromalar\u0131<\/h2>\n<p>Toz aroma \u00e7e\u015fitleri, kuru form gerektiren uygulamalarda dozaj\u0131 kolayla\u015ft\u0131r\u0131r. <strong>WONF kalitesinde toz vanilya aromas\u0131<\/strong>, vanilya \u00e7ubu\u011funun hafif kurulu\u011fu ile kremsi, dondurma karakterini korur. Di\u011fer varyantlar ise beyaz \u00e7ikolatay\u0131 and\u0131ran yo\u011fun s\u00fctl\u00fc-kremal\u0131 notalar\u0131yla \u00f6ne \u00e7\u0131kar.  <\/p>\n<p>\u00d6te yandan, toz <strong>aroma<\/strong> <strong>pastac\u0131l\u0131k vanilyas\u0131<\/strong>, klasik vanilin \u015fekeri aromas\u0131n\u0131 and\u0131r\u0131r ve kurabiye ve mayal\u0131 kekler i\u00e7in \u00f6nerilir.<\/p>\n<p><strong>F\u0131r\u0131n \u00fcr\u00fcnleri i\u00e7in vanilya aromas\u0131<\/strong>, s\u0131cak baharatl\u0131 notalar\u0131n eklenmesiyle tatl\u0131, muhallebi karakteri sunar, bu nedenle pandispanya, muffin ve keklerde m\u00fckemmel uyum sa\u011flar.<\/p>\n<p>Yo\u011fun, konsantre koku gerektiren uygulamalar i\u00e7in, derin, g\u00fc\u00e7l\u00fc bir vanilya profili sunan ve anason-badem notalar\u0131 hissedilen <strong>aroma<\/strong> <strong>konsantre vanilya<\/strong> ve <strong>do\u011fal vanilya aromas\u0131<\/strong>n\u0131 \u00f6neriyoruz. L\u00fcks \u015fekerleme \u00fcr\u00fcnleri ve y\u00fcksek kaliteli dondurma ve kremalarda m\u00fckemmel sonu\u00e7 verir. <\/p>\n<h2>Maskeleme aromalar\u0131<\/h2>\n<p>Vanilya aromalar\u0131 ayr\u0131ca g\u0131da \u00fcr\u00fcnleri ve besin takviyelerinde istenmeyen notalar\u0131 maskelemek i\u00e7in bile\u015fen olarak kullan\u0131l\u0131r. <strong>Maskeleme vanilya aromas\u0131<\/strong>, fonksiyonel \u00fcr\u00fcnlerin tat ve kokusunu m\u00fckemmel \u015fekilde harmonize eden hafif hindistan cevizi s\u00fct\u00fc aksenli tatl\u0131, muhallebi kompozisyonudur. <\/p>\n<p>&nbsp;<\/p>\n","protected":false},"excerpt":{"rendered":"<p>Vanilya aromas\u0131 en klasik g\u0131da aromas\u0131d\u0131r. Varyant\u0131na ba\u011fl\u0131 olarak, ger\u00e7ek vanilya \u00e7ubu\u011fu karakterini yans\u0131tabilir, daha kremsi, muhallebi tad\u0131nda olabilir, hatta badem, anason veya karamel notalar\u0131yla zenginle\u015ftirilebilir. <\/p>\n","protected":false},"featured_media":45355,"template":"","meta":{"_acf_changed":false},"product_brand":[],"product_cat":[9561],"product_tag":[],"class_list":{"0":"post-45354","1":"product","2":"type-product","3":"status-publish","4":"has-post-thumbnail","6":"product_cat-tatli-aromalar","8":"first","9":"instock","10":"shipping-taxable","11":"product-type-simple"},"acf":[],"yoast_head":"<!-- This site is optimized with the Yoast SEO plugin v27.5 - https:\/\/yoast.com\/product\/yoast-seo-wordpress\/ -->\n<title>Vanilya aromas\u0131 - Hurtowy Dystrybutor<\/title>\n<meta name=\"description\" content=\"Vanilya aromas\u0131, g\u0131da end\u00fcstrisinde kullan\u0131lan en bilinen, klasik ve \u00e7ok y\u00f6nl\u00fc aromalardan biridir.\" \/>\n<meta name=\"robots\" content=\"index, follow, max-snippet:-1, max-image-preview:large, max-video-preview:-1\" \/>\n<link rel=\"canonical\" href=\"https:\/\/naturalpoland.com\/tr\/urunler\/gida-hammaddeleri\/aromalar\/tatli-aromalar\/vanilya-aromasi\/\" \/>\n<meta property=\"og:locale\" content=\"tr_TR\" \/>\n<meta property=\"og:type\" content=\"article\" \/>\n<meta property=\"og:title\" content=\"Vanilya aromas\u0131 - Hurtowy Dystrybutor\" \/>\n<meta property=\"og:description\" content=\"Vanilya aromas\u0131, g\u0131da end\u00fcstrisinde kullan\u0131lan en bilinen, klasik ve \u00e7ok y\u00f6nl\u00fc aromalardan biridir.\" \/>\n<meta property=\"og:url\" content=\"https:\/\/naturalpoland.com\/tr\/urunler\/gida-hammaddeleri\/aromalar\/tatli-aromalar\/vanilya-aromasi\/\" \/>\n<meta property=\"og:site_name\" content=\"NATURAL POLAND - Hurtowy Dystrybutor Surowc\u00f3w\" \/>\n<meta property=\"article:publisher\" content=\"https:\/\/www.facebook.com\/naturalpoland.b2b\" \/>\n<meta property=\"article:modified_time\" content=\"2026-01-28T11:33:33+00:00\" \/>\n<meta property=\"og:image\" content=\"https:\/\/naturalpoland.com\/wp-content\/uploads\/aromat-waniliowy.webp\" \/>\n\t<meta property=\"og:image:width\" content=\"596\" \/>\n\t<meta property=\"og:image:height\" content=\"596\" \/>\n\t<meta property=\"og:image:type\" content=\"image\/webp\" \/>\n<script type=\"application\/ld+json\" class=\"yoast-schema-graph\">{\"@context\":\"https:\\\/\\\/schema.org\",\"@graph\":[{\"@type\":\"WebPage\",\"@id\":\"https:\\\/\\\/naturalpoland.com\\\/tr\\\/urunler\\\/gida-hammaddeleri\\\/aromalar\\\/tatli-aromalar\\\/vanilya-aromasi\\\/\",\"url\":\"https:\\\/\\\/naturalpoland.com\\\/tr\\\/urunler\\\/gida-hammaddeleri\\\/aromalar\\\/tatli-aromalar\\\/vanilya-aromasi\\\/\",\"name\":\"Vanilya aromas\u0131 - Hurtowy Dystrybutor\",\"isPartOf\":{\"@id\":\"https:\\\/\\\/naturalpoland.com\\\/tr\\\/#website\"},\"primaryImageOfPage\":{\"@id\":\"https:\\\/\\\/naturalpoland.com\\\/tr\\\/urunler\\\/gida-hammaddeleri\\\/aromalar\\\/tatli-aromalar\\\/vanilya-aromasi\\\/#primaryimage\"},\"image\":{\"@id\":\"https:\\\/\\\/naturalpoland.com\\\/tr\\\/urunler\\\/gida-hammaddeleri\\\/aromalar\\\/tatli-aromalar\\\/vanilya-aromasi\\\/#primaryimage\"},\"thumbnailUrl\":\"https:\\\/\\\/naturalpoland.com\\\/wp-content\\\/uploads\\\/aromat-waniliowy.webp\",\"datePublished\":\"2025-02-07T11:46:15+00:00\",\"dateModified\":\"2026-01-28T11:33:33+00:00\",\"description\":\"Vanilya aromas\u0131, g\u0131da end\u00fcstrisinde kullan\u0131lan en bilinen, klasik ve \u00e7ok y\u00f6nl\u00fc aromalardan biridir.\",\"breadcrumb\":{\"@id\":\"https:\\\/\\\/naturalpoland.com\\\/tr\\\/urunler\\\/gida-hammaddeleri\\\/aromalar\\\/tatli-aromalar\\\/vanilya-aromasi\\\/#breadcrumb\"},\"inLanguage\":\"tr\",\"potentialAction\":[{\"@type\":\"ReadAction\",\"target\":[\"https:\\\/\\\/naturalpoland.com\\\/tr\\\/urunler\\\/gida-hammaddeleri\\\/aromalar\\\/tatli-aromalar\\\/vanilya-aromasi\\\/\"]}]},{\"@type\":\"ImageObject\",\"inLanguage\":\"tr\",\"@id\":\"https:\\\/\\\/naturalpoland.com\\\/tr\\\/urunler\\\/gida-hammaddeleri\\\/aromalar\\\/tatli-aromalar\\\/vanilya-aromasi\\\/#primaryimage\",\"url\":\"https:\\\/\\\/naturalpoland.com\\\/wp-content\\\/uploads\\\/aromat-waniliowy.webp\",\"contentUrl\":\"https:\\\/\\\/naturalpoland.com\\\/wp-content\\\/uploads\\\/aromat-waniliowy.webp\",\"width\":596,\"height\":596,\"caption\":\"s\u0131v\u0131 ve toz vanilya aromas\u0131\"},{\"@type\":\"BreadcrumbList\",\"@id\":\"https:\\\/\\\/naturalpoland.com\\\/tr\\\/urunler\\\/gida-hammaddeleri\\\/aromalar\\\/tatli-aromalar\\\/vanilya-aromasi\\\/#breadcrumb\",\"itemListElement\":[{\"@type\":\"ListItem\",\"position\":1,\"name\":\"Ana Sayfa\",\"item\":\"https:\\\/\\\/naturalpoland.com\\\/tr\\\/\"},{\"@type\":\"ListItem\",\"position\":2,\"name\":\"\u00dcr\u00fcnler\",\"item\":\"https:\\\/\\\/naturalpoland.com\\\/tr\\\/urunler\\\/\"},{\"@type\":\"ListItem\",\"position\":3,\"name\":\"Vanilya aromas\u0131\"}]},{\"@type\":\"WebSite\",\"@id\":\"https:\\\/\\\/naturalpoland.com\\\/tr\\\/#website\",\"url\":\"https:\\\/\\\/naturalpoland.com\\\/tr\\\/\",\"name\":\"NATURAL POLAND - Hurtowy Dystrybutor Surowc\u00f3w\",\"description\":\"Surowce dla przemys\u0142u spo\u017cywczego, kosmetycznego i farmaceutycznego\",\"publisher\":{\"@id\":\"https:\\\/\\\/naturalpoland.com\\\/tr\\\/#organization\"},\"potentialAction\":[{\"@type\":\"SearchAction\",\"target\":{\"@type\":\"EntryPoint\",\"urlTemplate\":\"https:\\\/\\\/naturalpoland.com\\\/tr\\\/?s={search_term_string}\"},\"query-input\":{\"@type\":\"PropertyValueSpecification\",\"valueRequired\":true,\"valueName\":\"search_term_string\"}}],\"inLanguage\":\"tr\"},{\"@type\":\"Organization\",\"@id\":\"https:\\\/\\\/naturalpoland.com\\\/tr\\\/#organization\",\"name\":\"Natural Poland\",\"url\":\"https:\\\/\\\/naturalpoland.com\\\/tr\\\/\",\"logo\":{\"@type\":\"ImageObject\",\"inLanguage\":\"tr\",\"@id\":\"https:\\\/\\\/naturalpoland.com\\\/tr\\\/#\\\/schema\\\/logo\\\/image\\\/\",\"url\":\"https:\\\/\\\/naturalpoland.com\\\/wp-content\\\/uploads\\\/2021\\\/05\\\/natural-poland-icon.png\",\"contentUrl\":\"https:\\\/\\\/naturalpoland.com\\\/wp-content\\\/uploads\\\/2021\\\/05\\\/natural-poland-icon.png\",\"width\":512,\"height\":512,\"caption\":\"Natural Poland\"},\"image\":{\"@id\":\"https:\\\/\\\/naturalpoland.com\\\/tr\\\/#\\\/schema\\\/logo\\\/image\\\/\"},\"sameAs\":[\"https:\\\/\\\/www.facebook.com\\\/naturalpoland.b2b\",\"https:\\\/\\\/pl.linkedin.com\\\/company\\\/natural-poland\",\"https:\\\/\\\/www.youtube.com\\\/channel\\\/UCgeGGkvOMahZo-xu_MSEWxg\"]}]}<\/script>\n<!-- \/ Yoast SEO plugin. -->","yoast_head_json":{"title":"Vanilya aromas\u0131 - Hurtowy Dystrybutor","description":"Vanilya aromas\u0131, g\u0131da end\u00fcstrisinde kullan\u0131lan en bilinen, klasik ve \u00e7ok y\u00f6nl\u00fc aromalardan biridir.","robots":{"index":"index","follow":"follow","max-snippet":"max-snippet:-1","max-image-preview":"max-image-preview:large","max-video-preview":"max-video-preview:-1"},"canonical":"https:\/\/naturalpoland.com\/tr\/urunler\/gida-hammaddeleri\/aromalar\/tatli-aromalar\/vanilya-aromasi\/","og_locale":"tr_TR","og_type":"article","og_title":"Vanilya aromas\u0131 - Hurtowy Dystrybutor","og_description":"Vanilya aromas\u0131, g\u0131da end\u00fcstrisinde kullan\u0131lan en bilinen, klasik ve \u00e7ok y\u00f6nl\u00fc aromalardan biridir.","og_url":"https:\/\/naturalpoland.com\/tr\/urunler\/gida-hammaddeleri\/aromalar\/tatli-aromalar\/vanilya-aromasi\/","og_site_name":"NATURAL POLAND - Hurtowy Dystrybutor Surowc\u00f3w","article_publisher":"https:\/\/www.facebook.com\/naturalpoland.b2b","article_modified_time":"2026-01-28T11:33:33+00:00","og_image":[{"width":596,"height":596,"url":"https:\/\/naturalpoland.com\/wp-content\/uploads\/aromat-waniliowy.webp","type":"image\/webp"}],"schema":{"@context":"https:\/\/schema.org","@graph":[{"@type":"WebPage","@id":"https:\/\/naturalpoland.com\/tr\/urunler\/gida-hammaddeleri\/aromalar\/tatli-aromalar\/vanilya-aromasi\/","url":"https:\/\/naturalpoland.com\/tr\/urunler\/gida-hammaddeleri\/aromalar\/tatli-aromalar\/vanilya-aromasi\/","name":"Vanilya aromas\u0131 - Hurtowy Dystrybutor","isPartOf":{"@id":"https:\/\/naturalpoland.com\/tr\/#website"},"primaryImageOfPage":{"@id":"https:\/\/naturalpoland.com\/tr\/urunler\/gida-hammaddeleri\/aromalar\/tatli-aromalar\/vanilya-aromasi\/#primaryimage"},"image":{"@id":"https:\/\/naturalpoland.com\/tr\/urunler\/gida-hammaddeleri\/aromalar\/tatli-aromalar\/vanilya-aromasi\/#primaryimage"},"thumbnailUrl":"https:\/\/naturalpoland.com\/wp-content\/uploads\/aromat-waniliowy.webp","datePublished":"2025-02-07T11:46:15+00:00","dateModified":"2026-01-28T11:33:33+00:00","description":"Vanilya aromas\u0131, g\u0131da end\u00fcstrisinde kullan\u0131lan en bilinen, klasik ve \u00e7ok y\u00f6nl\u00fc aromalardan biridir.","breadcrumb":{"@id":"https:\/\/naturalpoland.com\/tr\/urunler\/gida-hammaddeleri\/aromalar\/tatli-aromalar\/vanilya-aromasi\/#breadcrumb"},"inLanguage":"tr","potentialAction":[{"@type":"ReadAction","target":["https:\/\/naturalpoland.com\/tr\/urunler\/gida-hammaddeleri\/aromalar\/tatli-aromalar\/vanilya-aromasi\/"]}]},{"@type":"ImageObject","inLanguage":"tr","@id":"https:\/\/naturalpoland.com\/tr\/urunler\/gida-hammaddeleri\/aromalar\/tatli-aromalar\/vanilya-aromasi\/#primaryimage","url":"https:\/\/naturalpoland.com\/wp-content\/uploads\/aromat-waniliowy.webp","contentUrl":"https:\/\/naturalpoland.com\/wp-content\/uploads\/aromat-waniliowy.webp","width":596,"height":596,"caption":"s\u0131v\u0131 ve toz vanilya aromas\u0131"},{"@type":"BreadcrumbList","@id":"https:\/\/naturalpoland.com\/tr\/urunler\/gida-hammaddeleri\/aromalar\/tatli-aromalar\/vanilya-aromasi\/#breadcrumb","itemListElement":[{"@type":"ListItem","position":1,"name":"Ana Sayfa","item":"https:\/\/naturalpoland.com\/tr\/"},{"@type":"ListItem","position":2,"name":"\u00dcr\u00fcnler","item":"https:\/\/naturalpoland.com\/tr\/urunler\/"},{"@type":"ListItem","position":3,"name":"Vanilya aromas\u0131"}]},{"@type":"WebSite","@id":"https:\/\/naturalpoland.com\/tr\/#website","url":"https:\/\/naturalpoland.com\/tr\/","name":"NATURAL POLAND - Hurtowy Dystrybutor Surowc\u00f3w","description":"Surowce dla przemys\u0142u spo\u017cywczego, kosmetycznego i farmaceutycznego","publisher":{"@id":"https:\/\/naturalpoland.com\/tr\/#organization"},"potentialAction":[{"@type":"SearchAction","target":{"@type":"EntryPoint","urlTemplate":"https:\/\/naturalpoland.com\/tr\/?s={search_term_string}"},"query-input":{"@type":"PropertyValueSpecification","valueRequired":true,"valueName":"search_term_string"}}],"inLanguage":"tr"},{"@type":"Organization","@id":"https:\/\/naturalpoland.com\/tr\/#organization","name":"Natural Poland","url":"https:\/\/naturalpoland.com\/tr\/","logo":{"@type":"ImageObject","inLanguage":"tr","@id":"https:\/\/naturalpoland.com\/tr\/#\/schema\/logo\/image\/","url":"https:\/\/naturalpoland.com\/wp-content\/uploads\/2021\/05\/natural-poland-icon.png","contentUrl":"https:\/\/naturalpoland.com\/wp-content\/uploads\/2021\/05\/natural-poland-icon.png","width":512,"height":512,"caption":"Natural Poland"},"image":{"@id":"https:\/\/naturalpoland.com\/tr\/#\/schema\/logo\/image\/"},"sameAs":["https:\/\/www.facebook.com\/naturalpoland.b2b","https:\/\/pl.linkedin.com\/company\/natural-poland","https:\/\/www.youtube.com\/channel\/UCgeGGkvOMahZo-xu_MSEWxg"]}]}},"_links":{"self":[{"href":"https:\/\/naturalpoland.com\/tr\/wp-json\/wp\/v2\/product\/45354","targetHints":{"allow":["GET"]}}],"collection":[{"href":"https:\/\/naturalpoland.com\/tr\/wp-json\/wp\/v2\/product"}],"about":[{"href":"https:\/\/naturalpoland.com\/tr\/wp-json\/wp\/v2\/types\/product"}],"wp:featuredmedia":[{"embeddable":true,"href":"https:\/\/naturalpoland.com\/tr\/wp-json\/wp\/v2\/media\/45355"}],"wp:attachment":[{"href":"https:\/\/naturalpoland.com\/tr\/wp-json\/wp\/v2\/media?parent=45354"}],"wp:term":[{"taxonomy":"product_brand","embeddable":true,"href":"https:\/\/naturalpoland.com\/tr\/wp-json\/wp\/v2\/product_brand?post=45354"},{"taxonomy":"product_cat","embeddable":true,"href":"https:\/\/naturalpoland.com\/tr\/wp-json\/wp\/v2\/product_cat?post=45354"},{"taxonomy":"product_tag","embeddable":true,"href":"https:\/\/naturalpoland.com\/tr\/wp-json\/wp\/v2\/product_tag?post=45354"}],"curies":[{"name":"wp","href":"https:\/\/api.w.org\/{rel}","templated":true}]}}