{"id":45356,"date":"2025-02-07T13:34:05","date_gmt":"2025-02-07T12:34:05","guid":{"rendered":"https:\/\/naturalpoland.com\/produkty\/kategorilenmemis\/cilek-aromasi\/"},"modified":"2026-01-28T12:33:38","modified_gmt":"2026-01-28T11:33:38","slug":"cilek-aromasi","status":"publish","type":"product","link":"https:\/\/naturalpoland.com\/tr\/urunler\/gida-hammaddeleri\/aromalar\/meyve-aromalari\/cilek-aromasi\/","title":{"rendered":"\u00c7ilek Aromas\u0131"},"content":{"rendered":"<h2>Do\u011fal \u00e7ilek aromalar\u0131<\/h2>\n<h3>S\u0131v\u0131 do\u011fal \u00e7ilek aromalar\u0131<\/h3>\n<p>Do\u011fal aromalar, ger\u00e7ek meyvelerin kokusunu sadakatle yans\u0131tan en y\u00fcksek kaliteli kompozisyonlard\u0131r. <strong>WONF KAL\u0130TES\u0130NDE SIVI \u00c7\u0130LEK AROMASI<\/strong> derin, bordo karakteriyle olgun, sulu \u00e7ile\u011fi m\u00fckemmel \u015fekilde taklit eder ve y\u00fcksek s\u0131cakl\u0131\u011fa dayan\u0131kl\u0131d\u0131r. F\u0131r\u0131n \u00fcr\u00fcnleri ve termal stabilite gerektiren uygulamalar i\u00e7in \u00f6nerilir. Bu aroman\u0131n ikinci varyant\u0131, olgun meyve eti ile taze ve do\u011fal karakter kazand\u0131ran ince ye\u015fil notalar aras\u0131nda bir denge birle\u015ftirir.   <\/p>\n<p>\u00d6te yandan <strong>DO\u011eAL \u00c7\u0130LEK AROMASI<\/strong> klasik, taze, olgun \u00e7ilektir ve yo\u011funlu\u011fu ile \u00f6zg\u00fcnl\u00fc\u011f\u00fc premium uygulamalarda ba\u015far\u0131l\u0131 sonu\u00e7lar verir.<\/p>\n<h3>Toz do\u011fal \u00e7ilek aromalar\u0131<\/h3>\n<p>Toz aromalar, kuru kar\u0131\u015f\u0131m formundaki \u00fcr\u00fcnlerde kullan\u0131m i\u00e7in tasarlanm\u0131\u015ft\u0131r. <strong>WONF KAL\u0130TES\u0130NDE TOZ \u00c7\u0130LEK AROMASI<\/strong> toz versiyonunda bordo, olgun \u00e7ile\u011fin \u00f6z\u00fcd\u00fcr ve bu meyvenin derinli\u011fini ve lezzet b\u00fct\u00fcnl\u00fc\u011f\u00fcn\u00fc yans\u0131t\u0131r. <\/p>\n<p>&nbsp;<\/p>\n<h2>S\u0131v\u0131 \u00e7ilek aromalar\u0131:<\/h2>\n<p>\u00dcr\u00fcn yelpazemizde ayr\u0131ca g\u0131da \u00fcreticilerinin \u00f6zel ihtiya\u00e7lar\u0131na uyarlanm\u0131\u015f <strong>\u00e7e\u015fitli karakterde s\u0131v\u0131 \u00e7ilek aromalar\u0131<\/strong> bulunmaktad\u0131r: <\/p>\n<ul>\n<li><strong>\u00c7\u0130LEK \u015eEKER AROMASI<\/strong> vi\u015fne ve ahududu notalar\u0131yla tatl\u0131, \u015fekerli karakteriyle \u00f6ne \u00e7\u0131kar,<\/li>\n<li><strong>KONSANTRE \u00c7\u0130LEK AROMASI<\/strong> dal\u0131ndan yeni kopar\u0131lm\u0131\u015f taze, tatl\u0131 \u00e7ile\u011fin yo\u011fun aromas\u0131d\u0131r,<\/li>\n<li><strong>\u00c7OK OLGUN VE TATLI \u00c7\u0130LEK AROMASI<\/strong> olgun meyvelerin lezzet derinli\u011fini vurgular,<\/li>\n<li><strong>EGZOT\u0130K \u00c7\u0130LEK AROMASI<\/strong> sulu \u00e7ile\u011fi egzotik aksentlerle birle\u015ftirir,<\/li>\n<li><strong>BEYAZ \u00c7\u0130LEK AROMASI<\/strong> taze \u00e7ilek ile olgun ananas suyunun birle\u015fimidir,<\/li>\n<li><strong>TATLI \u00c7\u0130LEK AROMASI<\/strong> kremsi, s\u00fctl\u00fc aksentli varyant olup dondurmalar, kremler ve pastane dolgular\u0131nda m\u00fckemmel uyum sa\u011flar,<\/li>\n<li><strong>\u0130R\u0130 \u00c7\u0130LEK AROMASI<\/strong> \u2013 dolgun, sulu \u00e7ilek,<\/li>\n<li><strong>KA\u015eUB \u00c7\u0130LE\u011e\u0130 AROMASI<\/strong> daha i\u015flenmi\u015f, \u00e7ilek aromal\u0131 kokuya sahiptir,<\/li>\n<li><strong>PREM\u0130UM \u00c7\u0130LEK AROMASI<\/strong> \u00e7ilek aksentli aromatik, tatl\u0131 \u00e7ilektir,<\/li>\n<li><strong>PASTANE \u00c7\u0130LEK AROMASI<\/strong> geleneksel f\u0131r\u0131n \u00fcr\u00fcnlerini ve kremleri an\u0131msatan narin krema notas\u0131 sunar.<\/li>\n<\/ul>\n<p>&nbsp;<\/p>\n","protected":false},"excerpt":{"rendered":"<p>\u00c7ilek aromas\u0131, g\u0131da end\u00fcstrisinde kullan\u0131lan en pop\u00fcler ve en \u00e7ok y\u00f6nl\u00fc kokulardan biridir. Geni\u015f varyant yelpazesi sayesinde \u00e7ilek aromalar\u0131 farkl\u0131 uygulamalara uyarlanabilir \u2013 yo\u011fun \u015feker notalar\u0131ndan taze meyveyi taklit eden do\u011fal kompozisyonlara kadar. <\/p>\n","protected":false},"featured_media":45357,"template":"","meta":{"_acf_changed":false},"product_brand":[],"product_cat":[9564],"product_tag":[],"class_list":{"0":"post-45356","1":"product","2":"type-product","3":"status-publish","4":"has-post-thumbnail","6":"product_cat-meyve-aromalari","8":"first","9":"instock","10":"shipping-taxable","11":"product-type-simple"},"acf":[],"yoast_head":"<!-- This site is optimized with the Yoast SEO plugin v27.5 - https:\/\/yoast.com\/product\/yoast-seo-wordpress\/ -->\n<title>\u00c7ilek Aromas\u0131 - Hurtowy Dystrybutor<\/title>\n<meta name=\"description\" content=\"\u00c7ilek aromas\u0131, g\u0131da end\u00fcstrisinde kullan\u0131lan en pop\u00fcler ve en \u00e7ok y\u00f6nl\u00fc kokulardan biridir.\" \/>\n<meta name=\"robots\" content=\"index, follow, max-snippet:-1, max-image-preview:large, max-video-preview:-1\" \/>\n<link rel=\"canonical\" href=\"https:\/\/naturalpoland.com\/tr\/urunler\/gida-hammaddeleri\/aromalar\/meyve-aromalari\/cilek-aromasi\/\" \/>\n<meta property=\"og:locale\" content=\"tr_TR\" \/>\n<meta property=\"og:type\" content=\"article\" \/>\n<meta property=\"og:title\" content=\"\u00c7ilek Aromas\u0131 - Hurtowy Dystrybutor\" \/>\n<meta property=\"og:description\" content=\"\u00c7ilek aromas\u0131, g\u0131da end\u00fcstrisinde kullan\u0131lan en pop\u00fcler ve en \u00e7ok y\u00f6nl\u00fc kokulardan biridir.\" \/>\n<meta property=\"og:url\" content=\"https:\/\/naturalpoland.com\/tr\/urunler\/gida-hammaddeleri\/aromalar\/meyve-aromalari\/cilek-aromasi\/\" \/>\n<meta property=\"og:site_name\" content=\"NATURAL POLAND - Hurtowy Dystrybutor Surowc\u00f3w\" \/>\n<meta property=\"article:publisher\" content=\"https:\/\/www.facebook.com\/naturalpoland.b2b\" \/>\n<meta property=\"article:modified_time\" content=\"2026-01-28T11:33:38+00:00\" \/>\n<meta property=\"og:image\" content=\"https:\/\/naturalpoland.com\/wp-content\/uploads\/aromat-truskawkowy.webp\" \/>\n\t<meta property=\"og:image:width\" content=\"596\" \/>\n\t<meta property=\"og:image:height\" content=\"596\" \/>\n\t<meta property=\"og:image:type\" content=\"image\/webp\" \/>\n<script type=\"application\/ld+json\" class=\"yoast-schema-graph\">{\"@context\":\"https:\\\/\\\/schema.org\",\"@graph\":[{\"@type\":\"WebPage\",\"@id\":\"https:\\\/\\\/naturalpoland.com\\\/tr\\\/urunler\\\/gida-hammaddeleri\\\/aromalar\\\/meyve-aromalari\\\/cilek-aromasi\\\/\",\"url\":\"https:\\\/\\\/naturalpoland.com\\\/tr\\\/urunler\\\/gida-hammaddeleri\\\/aromalar\\\/meyve-aromalari\\\/cilek-aromasi\\\/\",\"name\":\"\u00c7ilek Aromas\u0131 - Hurtowy Dystrybutor\",\"isPartOf\":{\"@id\":\"https:\\\/\\\/naturalpoland.com\\\/tr\\\/#website\"},\"primaryImageOfPage\":{\"@id\":\"https:\\\/\\\/naturalpoland.com\\\/tr\\\/urunler\\\/gida-hammaddeleri\\\/aromalar\\\/meyve-aromalari\\\/cilek-aromasi\\\/#primaryimage\"},\"image\":{\"@id\":\"https:\\\/\\\/naturalpoland.com\\\/tr\\\/urunler\\\/gida-hammaddeleri\\\/aromalar\\\/meyve-aromalari\\\/cilek-aromasi\\\/#primaryimage\"},\"thumbnailUrl\":\"https:\\\/\\\/naturalpoland.com\\\/wp-content\\\/uploads\\\/aromat-truskawkowy.webp\",\"datePublished\":\"2025-02-07T12:34:05+00:00\",\"dateModified\":\"2026-01-28T11:33:38+00:00\",\"description\":\"\u00c7ilek aromas\u0131, g\u0131da end\u00fcstrisinde kullan\u0131lan en pop\u00fcler ve en \u00e7ok y\u00f6nl\u00fc kokulardan biridir.\",\"breadcrumb\":{\"@id\":\"https:\\\/\\\/naturalpoland.com\\\/tr\\\/urunler\\\/gida-hammaddeleri\\\/aromalar\\\/meyve-aromalari\\\/cilek-aromasi\\\/#breadcrumb\"},\"inLanguage\":\"tr\",\"potentialAction\":[{\"@type\":\"ReadAction\",\"target\":[\"https:\\\/\\\/naturalpoland.com\\\/tr\\\/urunler\\\/gida-hammaddeleri\\\/aromalar\\\/meyve-aromalari\\\/cilek-aromasi\\\/\"]}]},{\"@type\":\"ImageObject\",\"inLanguage\":\"tr\",\"@id\":\"https:\\\/\\\/naturalpoland.com\\\/tr\\\/urunler\\\/gida-hammaddeleri\\\/aromalar\\\/meyve-aromalari\\\/cilek-aromasi\\\/#primaryimage\",\"url\":\"https:\\\/\\\/naturalpoland.com\\\/wp-content\\\/uploads\\\/aromat-truskawkowy.webp\",\"contentUrl\":\"https:\\\/\\\/naturalpoland.com\\\/wp-content\\\/uploads\\\/aromat-truskawkowy.webp\",\"width\":596,\"height\":596,\"caption\":\"\u00e7ilek aromas\u0131\"},{\"@type\":\"BreadcrumbList\",\"@id\":\"https:\\\/\\\/naturalpoland.com\\\/tr\\\/urunler\\\/gida-hammaddeleri\\\/aromalar\\\/meyve-aromalari\\\/cilek-aromasi\\\/#breadcrumb\",\"itemListElement\":[{\"@type\":\"ListItem\",\"position\":1,\"name\":\"Ana Sayfa\",\"item\":\"https:\\\/\\\/naturalpoland.com\\\/tr\\\/\"},{\"@type\":\"ListItem\",\"position\":2,\"name\":\"\u00dcr\u00fcnler\",\"item\":\"https:\\\/\\\/naturalpoland.com\\\/tr\\\/urunler\\\/\"},{\"@type\":\"ListItem\",\"position\":3,\"name\":\"\u00c7ilek Aromas\u0131\"}]},{\"@type\":\"WebSite\",\"@id\":\"https:\\\/\\\/naturalpoland.com\\\/tr\\\/#website\",\"url\":\"https:\\\/\\\/naturalpoland.com\\\/tr\\\/\",\"name\":\"NATURAL POLAND - Hurtowy Dystrybutor Surowc\u00f3w\",\"description\":\"Surowce dla przemys\u0142u spo\u017cywczego, kosmetycznego i farmaceutycznego\",\"publisher\":{\"@id\":\"https:\\\/\\\/naturalpoland.com\\\/tr\\\/#organization\"},\"potentialAction\":[{\"@type\":\"SearchAction\",\"target\":{\"@type\":\"EntryPoint\",\"urlTemplate\":\"https:\\\/\\\/naturalpoland.com\\\/tr\\\/?s={search_term_string}\"},\"query-input\":{\"@type\":\"PropertyValueSpecification\",\"valueRequired\":true,\"valueName\":\"search_term_string\"}}],\"inLanguage\":\"tr\"},{\"@type\":\"Organization\",\"@id\":\"https:\\\/\\\/naturalpoland.com\\\/tr\\\/#organization\",\"name\":\"Natural Poland\",\"url\":\"https:\\\/\\\/naturalpoland.com\\\/tr\\\/\",\"logo\":{\"@type\":\"ImageObject\",\"inLanguage\":\"tr\",\"@id\":\"https:\\\/\\\/naturalpoland.com\\\/tr\\\/#\\\/schema\\\/logo\\\/image\\\/\",\"url\":\"https:\\\/\\\/naturalpoland.com\\\/wp-content\\\/uploads\\\/2021\\\/05\\\/natural-poland-icon.png\",\"contentUrl\":\"https:\\\/\\\/naturalpoland.com\\\/wp-content\\\/uploads\\\/2021\\\/05\\\/natural-poland-icon.png\",\"width\":512,\"height\":512,\"caption\":\"Natural Poland\"},\"image\":{\"@id\":\"https:\\\/\\\/naturalpoland.com\\\/tr\\\/#\\\/schema\\\/logo\\\/image\\\/\"},\"sameAs\":[\"https:\\\/\\\/www.facebook.com\\\/naturalpoland.b2b\",\"https:\\\/\\\/pl.linkedin.com\\\/company\\\/natural-poland\",\"https:\\\/\\\/www.youtube.com\\\/channel\\\/UCgeGGkvOMahZo-xu_MSEWxg\"]}]}<\/script>\n<!-- \/ Yoast SEO plugin. -->","yoast_head_json":{"title":"\u00c7ilek Aromas\u0131 - Hurtowy Dystrybutor","description":"\u00c7ilek aromas\u0131, g\u0131da end\u00fcstrisinde kullan\u0131lan en pop\u00fcler ve en \u00e7ok y\u00f6nl\u00fc kokulardan biridir.","robots":{"index":"index","follow":"follow","max-snippet":"max-snippet:-1","max-image-preview":"max-image-preview:large","max-video-preview":"max-video-preview:-1"},"canonical":"https:\/\/naturalpoland.com\/tr\/urunler\/gida-hammaddeleri\/aromalar\/meyve-aromalari\/cilek-aromasi\/","og_locale":"tr_TR","og_type":"article","og_title":"\u00c7ilek Aromas\u0131 - Hurtowy Dystrybutor","og_description":"\u00c7ilek aromas\u0131, g\u0131da end\u00fcstrisinde kullan\u0131lan en pop\u00fcler ve en \u00e7ok y\u00f6nl\u00fc kokulardan biridir.","og_url":"https:\/\/naturalpoland.com\/tr\/urunler\/gida-hammaddeleri\/aromalar\/meyve-aromalari\/cilek-aromasi\/","og_site_name":"NATURAL POLAND - Hurtowy Dystrybutor Surowc\u00f3w","article_publisher":"https:\/\/www.facebook.com\/naturalpoland.b2b","article_modified_time":"2026-01-28T11:33:38+00:00","og_image":[{"width":596,"height":596,"url":"https:\/\/naturalpoland.com\/wp-content\/uploads\/aromat-truskawkowy.webp","type":"image\/webp"}],"schema":{"@context":"https:\/\/schema.org","@graph":[{"@type":"WebPage","@id":"https:\/\/naturalpoland.com\/tr\/urunler\/gida-hammaddeleri\/aromalar\/meyve-aromalari\/cilek-aromasi\/","url":"https:\/\/naturalpoland.com\/tr\/urunler\/gida-hammaddeleri\/aromalar\/meyve-aromalari\/cilek-aromasi\/","name":"\u00c7ilek Aromas\u0131 - Hurtowy Dystrybutor","isPartOf":{"@id":"https:\/\/naturalpoland.com\/tr\/#website"},"primaryImageOfPage":{"@id":"https:\/\/naturalpoland.com\/tr\/urunler\/gida-hammaddeleri\/aromalar\/meyve-aromalari\/cilek-aromasi\/#primaryimage"},"image":{"@id":"https:\/\/naturalpoland.com\/tr\/urunler\/gida-hammaddeleri\/aromalar\/meyve-aromalari\/cilek-aromasi\/#primaryimage"},"thumbnailUrl":"https:\/\/naturalpoland.com\/wp-content\/uploads\/aromat-truskawkowy.webp","datePublished":"2025-02-07T12:34:05+00:00","dateModified":"2026-01-28T11:33:38+00:00","description":"\u00c7ilek aromas\u0131, g\u0131da end\u00fcstrisinde kullan\u0131lan en pop\u00fcler ve en \u00e7ok y\u00f6nl\u00fc kokulardan biridir.","breadcrumb":{"@id":"https:\/\/naturalpoland.com\/tr\/urunler\/gida-hammaddeleri\/aromalar\/meyve-aromalari\/cilek-aromasi\/#breadcrumb"},"inLanguage":"tr","potentialAction":[{"@type":"ReadAction","target":["https:\/\/naturalpoland.com\/tr\/urunler\/gida-hammaddeleri\/aromalar\/meyve-aromalari\/cilek-aromasi\/"]}]},{"@type":"ImageObject","inLanguage":"tr","@id":"https:\/\/naturalpoland.com\/tr\/urunler\/gida-hammaddeleri\/aromalar\/meyve-aromalari\/cilek-aromasi\/#primaryimage","url":"https:\/\/naturalpoland.com\/wp-content\/uploads\/aromat-truskawkowy.webp","contentUrl":"https:\/\/naturalpoland.com\/wp-content\/uploads\/aromat-truskawkowy.webp","width":596,"height":596,"caption":"\u00e7ilek aromas\u0131"},{"@type":"BreadcrumbList","@id":"https:\/\/naturalpoland.com\/tr\/urunler\/gida-hammaddeleri\/aromalar\/meyve-aromalari\/cilek-aromasi\/#breadcrumb","itemListElement":[{"@type":"ListItem","position":1,"name":"Ana Sayfa","item":"https:\/\/naturalpoland.com\/tr\/"},{"@type":"ListItem","position":2,"name":"\u00dcr\u00fcnler","item":"https:\/\/naturalpoland.com\/tr\/urunler\/"},{"@type":"ListItem","position":3,"name":"\u00c7ilek Aromas\u0131"}]},{"@type":"WebSite","@id":"https:\/\/naturalpoland.com\/tr\/#website","url":"https:\/\/naturalpoland.com\/tr\/","name":"NATURAL POLAND - Hurtowy Dystrybutor Surowc\u00f3w","description":"Surowce dla przemys\u0142u spo\u017cywczego, kosmetycznego i farmaceutycznego","publisher":{"@id":"https:\/\/naturalpoland.com\/tr\/#organization"},"potentialAction":[{"@type":"SearchAction","target":{"@type":"EntryPoint","urlTemplate":"https:\/\/naturalpoland.com\/tr\/?s={search_term_string}"},"query-input":{"@type":"PropertyValueSpecification","valueRequired":true,"valueName":"search_term_string"}}],"inLanguage":"tr"},{"@type":"Organization","@id":"https:\/\/naturalpoland.com\/tr\/#organization","name":"Natural Poland","url":"https:\/\/naturalpoland.com\/tr\/","logo":{"@type":"ImageObject","inLanguage":"tr","@id":"https:\/\/naturalpoland.com\/tr\/#\/schema\/logo\/image\/","url":"https:\/\/naturalpoland.com\/wp-content\/uploads\/2021\/05\/natural-poland-icon.png","contentUrl":"https:\/\/naturalpoland.com\/wp-content\/uploads\/2021\/05\/natural-poland-icon.png","width":512,"height":512,"caption":"Natural Poland"},"image":{"@id":"https:\/\/naturalpoland.com\/tr\/#\/schema\/logo\/image\/"},"sameAs":["https:\/\/www.facebook.com\/naturalpoland.b2b","https:\/\/pl.linkedin.com\/company\/natural-poland","https:\/\/www.youtube.com\/channel\/UCgeGGkvOMahZo-xu_MSEWxg"]}]}},"_links":{"self":[{"href":"https:\/\/naturalpoland.com\/tr\/wp-json\/wp\/v2\/product\/45356","targetHints":{"allow":["GET"]}}],"collection":[{"href":"https:\/\/naturalpoland.com\/tr\/wp-json\/wp\/v2\/product"}],"about":[{"href":"https:\/\/naturalpoland.com\/tr\/wp-json\/wp\/v2\/types\/product"}],"wp:featuredmedia":[{"embeddable":true,"href":"https:\/\/naturalpoland.com\/tr\/wp-json\/wp\/v2\/media\/45357"}],"wp:attachment":[{"href":"https:\/\/naturalpoland.com\/tr\/wp-json\/wp\/v2\/media?parent=45356"}],"wp:term":[{"taxonomy":"product_brand","embeddable":true,"href":"https:\/\/naturalpoland.com\/tr\/wp-json\/wp\/v2\/product_brand?post=45356"},{"taxonomy":"product_cat","embeddable":true,"href":"https:\/\/naturalpoland.com\/tr\/wp-json\/wp\/v2\/product_cat?post=45356"},{"taxonomy":"product_tag","embeddable":true,"href":"https:\/\/naturalpoland.com\/tr\/wp-json\/wp\/v2\/product_tag?post=45356"}],"curies":[{"name":"wp","href":"https:\/\/api.w.org\/{rel}","templated":true}]}}