{"id":45359,"date":"2025-01-30T12:06:58","date_gmt":"2025-01-30T11:06:58","guid":{"rendered":"https:\/\/naturalpoland.com\/produkty\/kategorilenmemis\/yerfistigi-yagi\/"},"modified":"2026-01-28T12:39:26","modified_gmt":"2026-01-28T11:39:26","slug":"yerfistigi-yagi","status":"publish","type":"product","link":"https:\/\/naturalpoland.com\/tr\/urunler\/gida-ve-kozmetik-yaglari\/yerfistigi-yagi\/","title":{"rendered":"Yerf\u0131st\u0131\u011f\u0131 ya\u011f\u0131"},"content":{"rendered":"<h2>Yerf\u0131st\u0131\u011f\u0131 ya\u011f\u0131n\u0131n \u00f6zellikleri<\/h2>\n<p>Yerf\u0131st\u0131\u011f\u0131 ya\u011f\u0131, presleme y\u00f6ntemine ve ya\u011f\u0131n safla\u015ft\u0131rma derecesine ba\u011fl\u0131 olarak a\u00e7\u0131k sar\u0131, alt\u0131n renginde bir renge sahiptir. Ya\u011f, kozmetik \u00fcr\u00fcnlere ho\u015f, do\u011fal bir aroma veren hafif, nazik bir f\u0131st\u0131ks\u0131 kokuya sahiptir. Rafine edilmemi\u015f ya\u011fda bu koku daha belirgin ve yerf\u0131st\u0131\u011f\u0131na \u00f6zg\u00fcd\u00fcr, rafine edilmi\u015f ya\u011f ise neredeyse kokusuz oldu\u011fundan parf\u00fcml\u00fc kozmetikler i\u00e7in uygun bir baz olu\u015fturur.  <\/p>\n<p>Yerf\u0131st\u0131\u011f\u0131 ya\u011f\u0131, cilt ve sa\u00e7 i\u00e7in faydal\u0131 olan \u00e7e\u015fitli ya\u011f asitlerinden zengindir, bunlar aras\u0131nda:<\/p>\n<ul>\n<li>linoleik asit (Omega-6) &#8211; yenileyici ve nemlendirici etkili,<\/li>\n<li>oleik asit (Omega-9) &#8211; besleyici ve cildi yumu\u015fat\u0131c\u0131 etkili,<\/li>\n<li>palmitik asit &#8211; cildin y\u00fczeyinde su kayb\u0131n\u0131 \u00f6nleyen koruyucu bir tabaka olu\u015fturur,<\/li>\n<li>stearik asit &#8211; yat\u0131\u015ft\u0131r\u0131c\u0131 ve rahatlat\u0131c\u0131 etkili.<\/li>\n<\/ul>\n<p>Ayr\u0131ca yerf\u0131st\u0131\u011f\u0131 ya\u011f\u0131, h\u00fccreleri serbest radikallerin etkisinden koruyarak ya\u015flanma s\u00fcrecini geciktiren g\u00fc\u00e7l\u00fc bir antioksidan olan <a href=\"https:\/\/naturalpoland.com\/produkty\/produkty-dla-przemyslu-farmaceutycznego-i-medycznego\/witaminy\/witamina-e\/\"><strong>E vitamini<\/strong><\/a> a\u00e7\u0131s\u0131ndan zengindir.<\/p>\n<h2>Yerf\u0131st\u0131\u011f\u0131 ya\u011f\u0131n\u0131n faydalar\u0131<\/h2>\n<p><strong>Kuru ve olgun cilt<\/strong> i\u00e7in ola\u011fan\u00fcst\u00fc bak\u0131m \u00f6zellikleri g\u00f6sterir. Y\u00fcksek ya\u011f asidi i\u00e7eri\u011fi sayesinde cildin yenilenmesine yard\u0131mc\u0131 olur, esnekli\u011fi art\u0131r\u0131r ve ya\u015flanma belirtilerini azalt\u0131r. <\/p>\n<p>Anti-enflamatuar ve yat\u0131\u015ft\u0131r\u0131c\u0131 \u00f6zellikleri sayesinde <strong>hassas cilt<\/strong> bak\u0131m\u0131nda, tahri\u015f ve sorunlu ciltlerde, akne ve egzama bak\u0131m\u0131 dahil olmak \u00fczere kullan\u0131labilir.<\/p>\n<p>Yerf\u0131st\u0131\u011f\u0131 ya\u011f\u0131 ayn\u0131 zamanda de\u011ferli bir <strong>sa\u00e7 bak\u0131m<\/strong> bile\u015fenidir. Bu \u00fcr\u00fcn sa\u00e7 yap\u0131s\u0131n\u0131 etkili bir \u015fekilde g\u00fc\u00e7lendirir, esnekli\u011fini art\u0131r\u0131r ve k\u0131r\u0131lmay\u0131 ve kurulu\u011fu \u00f6nler. <strong>Sa\u00e7 derisi bak\u0131m\u0131<\/strong> \u00fcr\u00fcnlerinde yat\u0131\u015ft\u0131r\u0131c\u0131 \u00f6zellikler g\u00f6sterir, tahri\u015fi hafifletir ve sa\u00e7 k\u00f6klerinin sa\u011fl\u0131\u011f\u0131n\u0131 destekler.  <\/p>\n<p>Ayn\u0131 zamanda cilde yumu\u015fakl\u0131k ve esneklik kazand\u0131rd\u0131\u011f\u0131 ve yenilenmesine yard\u0131mc\u0131 oldu\u011fu i\u00e7in <strong>masaj ya\u011flar\u0131<\/strong>nda s\u0131kl\u0131kla kullan\u0131l\u0131r.<\/p>\n<h2>Kullan\u0131m alanlar\u0131<\/h2>\n<p>Yerf\u0131st\u0131\u011f\u0131 ya\u011f\u0131 di\u011fer aktif bile\u015fenlerle m\u00fckemmel uyum sa\u011flar, bu nedenle \u00e7e\u015fitli kozmetik \u00fcr\u00fcnlerde pop\u00fcler bir katk\u0131 maddesidir. \u015eu \u00fcr\u00fcnlerin i\u00e7eri\u011finde bulunabilir: <\/p>\n<ul>\n<li>kremler,<\/li>\n<li>balsamlar,<\/li>\n<li>temizleme em\u00fclsiyonlar\u0131,<\/li>\n<li>sa\u00e7 kremleri,<\/li>\n<li>v\u00fccut ya\u011flar\u0131,<\/li>\n<li>hassas ve tahri\u015fe e\u011filimli cilt i\u00e7in kozmetikler,<\/li>\n<li>UV \u0131\u015f\u0131nlar\u0131 ve \u00e7evresel kirleticiler gibi d\u0131\u015f etkenlere kar\u015f\u0131 cildi koruyucu \u00fcr\u00fcnler.<\/li>\n<\/ul>\n<h2>G\u00fcvenlik<\/h2>\n<p>Yerf\u0131st\u0131\u011f\u0131 ya\u011f\u0131 kozmetik kullan\u0131mda g\u00fcvenli olmas\u0131na ra\u011fmen, Avrupa Birli\u011fi&#8217;nde i\u00e7eri\u011fine ili\u015fkin s\u0131k\u0131 d\u00fczenlemeler bulunmaktad\u0131r. Yerf\u0131st\u0131\u011f\u0131 proteinleriyle ilgili potansiyel alerji riski nedeniyle, <strong>kozmetiklerdeki maksimum konsantrasyonu 0,5 ppm ile s\u0131n\u0131rland\u0131r\u0131lm\u0131\u015ft\u0131r<\/strong>. Yerf\u0131st\u0131\u011f\u0131 ya\u011f\u0131 i\u00e7eren \u00fcr\u00fcnler bu kat\u0131 gereklilikleri kar\u015f\u0131lamal\u0131d\u0131r.  <\/p>\n","protected":false},"excerpt":{"rendered":"<p><strong>Yerf\u0131st\u0131\u011f\u0131 ya\u011f\u0131<\/strong> (<em><strong>Arachis Hypogaea Oil<\/strong><\/em>) yerf\u0131st\u0131klar\u0131n\u0131n so\u011fuk preslenmesiyle elde edilir. Nemlendirici, koruyucu ve yenileyici etkili kozmetik \u00fcr\u00fcnlerde kullan\u0131l\u0131r. <\/p>\n","protected":false},"featured_media":45360,"template":"","meta":{"_acf_changed":false},"product_brand":[],"product_cat":[9532],"product_tag":[9920],"class_list":{"0":"post-45359","1":"product","2":"type-product","3":"status-publish","4":"has-post-thumbnail","6":"product_cat-gida-ve-kozmetik-yaglari","7":"product_tag-findik-yagi","9":"first","10":"instock","11":"shipping-taxable","12":"product-type-simple"},"acf":[],"yoast_head":"<!-- This site is optimized with the Yoast SEO plugin v27.5 - https:\/\/yoast.com\/product\/yoast-seo-wordpress\/ -->\n<title>Yerf\u0131st\u0131\u011f\u0131 ya\u011f\u0131 - Toptan Distrib\u00fct\u00f6r<\/title>\n<meta name=\"description\" content=\"Yerf\u0131st\u0131\u011f\u0131 ya\u011f\u0131, ayn\u0131 zamanda Arachis Hypogaea Oil olarak da bilinen, yerf\u0131st\u0131klar\u0131n\u0131n so\u011fuk preslenmesiyle elde edilen kozmetik bir hammaddedir.\" \/>\n<meta name=\"robots\" content=\"index, follow, max-snippet:-1, max-image-preview:large, max-video-preview:-1\" \/>\n<link rel=\"canonical\" href=\"https:\/\/naturalpoland.com\/tr\/urunler\/gida-ve-kozmetik-yaglari\/yerfistigi-yagi\/\" \/>\n<meta property=\"og:locale\" content=\"tr_TR\" \/>\n<meta property=\"og:type\" content=\"article\" \/>\n<meta property=\"og:title\" content=\"Yerf\u0131st\u0131\u011f\u0131 ya\u011f\u0131 - Toptan Distrib\u00fct\u00f6r\" \/>\n<meta property=\"og:description\" content=\"Yerf\u0131st\u0131\u011f\u0131 ya\u011f\u0131, ayn\u0131 zamanda Arachis Hypogaea Oil olarak da bilinen, yerf\u0131st\u0131klar\u0131n\u0131n so\u011fuk preslenmesiyle elde edilen kozmetik bir hammaddedir.\" \/>\n<meta property=\"og:url\" content=\"https:\/\/naturalpoland.com\/tr\/urunler\/gida-ve-kozmetik-yaglari\/yerfistigi-yagi\/\" \/>\n<meta property=\"og:site_name\" content=\"NATURAL POLAND - Hurtowy Dystrybutor Surowc\u00f3w\" \/>\n<meta property=\"article:publisher\" content=\"https:\/\/www.facebook.com\/naturalpoland.b2b\" \/>\n<meta property=\"article:modified_time\" content=\"2026-01-28T11:39:26+00:00\" \/>\n<meta property=\"og:image\" content=\"https:\/\/naturalpoland.com\/wp-content\/uploads\/olej-arachidowy.webp\" \/>\n\t<meta property=\"og:image:width\" content=\"597\" \/>\n\t<meta property=\"og:image:height\" content=\"597\" \/>\n\t<meta property=\"og:image:type\" content=\"image\/webp\" \/>\n<script type=\"application\/ld+json\" class=\"yoast-schema-graph\">{\"@context\":\"https:\\\/\\\/schema.org\",\"@graph\":[{\"@type\":\"WebPage\",\"@id\":\"https:\\\/\\\/naturalpoland.com\\\/tr\\\/urunler\\\/gida-ve-kozmetik-yaglari\\\/yerfistigi-yagi\\\/\",\"url\":\"https:\\\/\\\/naturalpoland.com\\\/tr\\\/urunler\\\/gida-ve-kozmetik-yaglari\\\/yerfistigi-yagi\\\/\",\"name\":\"Yerf\u0131st\u0131\u011f\u0131 ya\u011f\u0131 - Toptan Distrib\u00fct\u00f6r\",\"isPartOf\":{\"@id\":\"https:\\\/\\\/naturalpoland.com\\\/tr\\\/#website\"},\"primaryImageOfPage\":{\"@id\":\"https:\\\/\\\/naturalpoland.com\\\/tr\\\/urunler\\\/gida-ve-kozmetik-yaglari\\\/yerfistigi-yagi\\\/#primaryimage\"},\"image\":{\"@id\":\"https:\\\/\\\/naturalpoland.com\\\/tr\\\/urunler\\\/gida-ve-kozmetik-yaglari\\\/yerfistigi-yagi\\\/#primaryimage\"},\"thumbnailUrl\":\"https:\\\/\\\/naturalpoland.com\\\/wp-content\\\/uploads\\\/olej-arachidowy.webp\",\"datePublished\":\"2025-01-30T11:06:58+00:00\",\"dateModified\":\"2026-01-28T11:39:26+00:00\",\"description\":\"Yerf\u0131st\u0131\u011f\u0131 ya\u011f\u0131, ayn\u0131 zamanda Arachis Hypogaea Oil olarak da bilinen, yerf\u0131st\u0131klar\u0131n\u0131n so\u011fuk preslenmesiyle elde edilen kozmetik bir hammaddedir.\",\"breadcrumb\":{\"@id\":\"https:\\\/\\\/naturalpoland.com\\\/tr\\\/urunler\\\/gida-ve-kozmetik-yaglari\\\/yerfistigi-yagi\\\/#breadcrumb\"},\"inLanguage\":\"tr\",\"potentialAction\":[{\"@type\":\"ReadAction\",\"target\":[\"https:\\\/\\\/naturalpoland.com\\\/tr\\\/urunler\\\/gida-ve-kozmetik-yaglari\\\/yerfistigi-yagi\\\/\"]}]},{\"@type\":\"ImageObject\",\"inLanguage\":\"tr\",\"@id\":\"https:\\\/\\\/naturalpoland.com\\\/tr\\\/urunler\\\/gida-ve-kozmetik-yaglari\\\/yerfistigi-yagi\\\/#primaryimage\",\"url\":\"https:\\\/\\\/naturalpoland.com\\\/wp-content\\\/uploads\\\/olej-arachidowy.webp\",\"contentUrl\":\"https:\\\/\\\/naturalpoland.com\\\/wp-content\\\/uploads\\\/olej-arachidowy.webp\",\"width\":597,\"height\":597,\"caption\":\"Yerf\u0131st\u0131\u011f\u0131 ya\u011f\u0131\"},{\"@type\":\"BreadcrumbList\",\"@id\":\"https:\\\/\\\/naturalpoland.com\\\/tr\\\/urunler\\\/gida-ve-kozmetik-yaglari\\\/yerfistigi-yagi\\\/#breadcrumb\",\"itemListElement\":[{\"@type\":\"ListItem\",\"position\":1,\"name\":\"Ana Sayfa\",\"item\":\"https:\\\/\\\/naturalpoland.com\\\/tr\\\/\"},{\"@type\":\"ListItem\",\"position\":2,\"name\":\"\u00dcr\u00fcnler\",\"item\":\"https:\\\/\\\/naturalpoland.com\\\/tr\\\/urunler\\\/\"},{\"@type\":\"ListItem\",\"position\":3,\"name\":\"Yerf\u0131st\u0131\u011f\u0131 ya\u011f\u0131\"}]},{\"@type\":\"WebSite\",\"@id\":\"https:\\\/\\\/naturalpoland.com\\\/tr\\\/#website\",\"url\":\"https:\\\/\\\/naturalpoland.com\\\/tr\\\/\",\"name\":\"NATURAL POLAND - Hurtowy Dystrybutor Surowc\u00f3w\",\"description\":\"Surowce dla przemys\u0142u spo\u017cywczego, kosmetycznego i farmaceutycznego\",\"publisher\":{\"@id\":\"https:\\\/\\\/naturalpoland.com\\\/tr\\\/#organization\"},\"potentialAction\":[{\"@type\":\"SearchAction\",\"target\":{\"@type\":\"EntryPoint\",\"urlTemplate\":\"https:\\\/\\\/naturalpoland.com\\\/tr\\\/?s={search_term_string}\"},\"query-input\":{\"@type\":\"PropertyValueSpecification\",\"valueRequired\":true,\"valueName\":\"search_term_string\"}}],\"inLanguage\":\"tr\"},{\"@type\":\"Organization\",\"@id\":\"https:\\\/\\\/naturalpoland.com\\\/tr\\\/#organization\",\"name\":\"Natural Poland\",\"url\":\"https:\\\/\\\/naturalpoland.com\\\/tr\\\/\",\"logo\":{\"@type\":\"ImageObject\",\"inLanguage\":\"tr\",\"@id\":\"https:\\\/\\\/naturalpoland.com\\\/tr\\\/#\\\/schema\\\/logo\\\/image\\\/\",\"url\":\"https:\\\/\\\/naturalpoland.com\\\/wp-content\\\/uploads\\\/2021\\\/05\\\/natural-poland-icon.png\",\"contentUrl\":\"https:\\\/\\\/naturalpoland.com\\\/wp-content\\\/uploads\\\/2021\\\/05\\\/natural-poland-icon.png\",\"width\":512,\"height\":512,\"caption\":\"Natural Poland\"},\"image\":{\"@id\":\"https:\\\/\\\/naturalpoland.com\\\/tr\\\/#\\\/schema\\\/logo\\\/image\\\/\"},\"sameAs\":[\"https:\\\/\\\/www.facebook.com\\\/naturalpoland.b2b\",\"https:\\\/\\\/pl.linkedin.com\\\/company\\\/natural-poland\",\"https:\\\/\\\/www.youtube.com\\\/channel\\\/UCgeGGkvOMahZo-xu_MSEWxg\"]}]}<\/script>\n<!-- \/ Yoast SEO plugin. -->","yoast_head_json":{"title":"Yerf\u0131st\u0131\u011f\u0131 ya\u011f\u0131 - Toptan Distrib\u00fct\u00f6r","description":"Yerf\u0131st\u0131\u011f\u0131 ya\u011f\u0131, ayn\u0131 zamanda Arachis Hypogaea Oil olarak da bilinen, yerf\u0131st\u0131klar\u0131n\u0131n so\u011fuk preslenmesiyle elde edilen kozmetik bir hammaddedir.","robots":{"index":"index","follow":"follow","max-snippet":"max-snippet:-1","max-image-preview":"max-image-preview:large","max-video-preview":"max-video-preview:-1"},"canonical":"https:\/\/naturalpoland.com\/tr\/urunler\/gida-ve-kozmetik-yaglari\/yerfistigi-yagi\/","og_locale":"tr_TR","og_type":"article","og_title":"Yerf\u0131st\u0131\u011f\u0131 ya\u011f\u0131 - Toptan Distrib\u00fct\u00f6r","og_description":"Yerf\u0131st\u0131\u011f\u0131 ya\u011f\u0131, ayn\u0131 zamanda Arachis Hypogaea Oil olarak da bilinen, yerf\u0131st\u0131klar\u0131n\u0131n so\u011fuk preslenmesiyle elde edilen kozmetik bir hammaddedir.","og_url":"https:\/\/naturalpoland.com\/tr\/urunler\/gida-ve-kozmetik-yaglari\/yerfistigi-yagi\/","og_site_name":"NATURAL POLAND - Hurtowy Dystrybutor Surowc\u00f3w","article_publisher":"https:\/\/www.facebook.com\/naturalpoland.b2b","article_modified_time":"2026-01-28T11:39:26+00:00","og_image":[{"width":597,"height":597,"url":"https:\/\/naturalpoland.com\/wp-content\/uploads\/olej-arachidowy.webp","type":"image\/webp"}],"schema":{"@context":"https:\/\/schema.org","@graph":[{"@type":"WebPage","@id":"https:\/\/naturalpoland.com\/tr\/urunler\/gida-ve-kozmetik-yaglari\/yerfistigi-yagi\/","url":"https:\/\/naturalpoland.com\/tr\/urunler\/gida-ve-kozmetik-yaglari\/yerfistigi-yagi\/","name":"Yerf\u0131st\u0131\u011f\u0131 ya\u011f\u0131 - Toptan Distrib\u00fct\u00f6r","isPartOf":{"@id":"https:\/\/naturalpoland.com\/tr\/#website"},"primaryImageOfPage":{"@id":"https:\/\/naturalpoland.com\/tr\/urunler\/gida-ve-kozmetik-yaglari\/yerfistigi-yagi\/#primaryimage"},"image":{"@id":"https:\/\/naturalpoland.com\/tr\/urunler\/gida-ve-kozmetik-yaglari\/yerfistigi-yagi\/#primaryimage"},"thumbnailUrl":"https:\/\/naturalpoland.com\/wp-content\/uploads\/olej-arachidowy.webp","datePublished":"2025-01-30T11:06:58+00:00","dateModified":"2026-01-28T11:39:26+00:00","description":"Yerf\u0131st\u0131\u011f\u0131 ya\u011f\u0131, ayn\u0131 zamanda Arachis Hypogaea Oil olarak da bilinen, yerf\u0131st\u0131klar\u0131n\u0131n so\u011fuk preslenmesiyle elde edilen kozmetik bir hammaddedir.","breadcrumb":{"@id":"https:\/\/naturalpoland.com\/tr\/urunler\/gida-ve-kozmetik-yaglari\/yerfistigi-yagi\/#breadcrumb"},"inLanguage":"tr","potentialAction":[{"@type":"ReadAction","target":["https:\/\/naturalpoland.com\/tr\/urunler\/gida-ve-kozmetik-yaglari\/yerfistigi-yagi\/"]}]},{"@type":"ImageObject","inLanguage":"tr","@id":"https:\/\/naturalpoland.com\/tr\/urunler\/gida-ve-kozmetik-yaglari\/yerfistigi-yagi\/#primaryimage","url":"https:\/\/naturalpoland.com\/wp-content\/uploads\/olej-arachidowy.webp","contentUrl":"https:\/\/naturalpoland.com\/wp-content\/uploads\/olej-arachidowy.webp","width":597,"height":597,"caption":"Yerf\u0131st\u0131\u011f\u0131 ya\u011f\u0131"},{"@type":"BreadcrumbList","@id":"https:\/\/naturalpoland.com\/tr\/urunler\/gida-ve-kozmetik-yaglari\/yerfistigi-yagi\/#breadcrumb","itemListElement":[{"@type":"ListItem","position":1,"name":"Ana Sayfa","item":"https:\/\/naturalpoland.com\/tr\/"},{"@type":"ListItem","position":2,"name":"\u00dcr\u00fcnler","item":"https:\/\/naturalpoland.com\/tr\/urunler\/"},{"@type":"ListItem","position":3,"name":"Yerf\u0131st\u0131\u011f\u0131 ya\u011f\u0131"}]},{"@type":"WebSite","@id":"https:\/\/naturalpoland.com\/tr\/#website","url":"https:\/\/naturalpoland.com\/tr\/","name":"NATURAL POLAND - Hurtowy Dystrybutor Surowc\u00f3w","description":"Surowce dla przemys\u0142u spo\u017cywczego, kosmetycznego i farmaceutycznego","publisher":{"@id":"https:\/\/naturalpoland.com\/tr\/#organization"},"potentialAction":[{"@type":"SearchAction","target":{"@type":"EntryPoint","urlTemplate":"https:\/\/naturalpoland.com\/tr\/?s={search_term_string}"},"query-input":{"@type":"PropertyValueSpecification","valueRequired":true,"valueName":"search_term_string"}}],"inLanguage":"tr"},{"@type":"Organization","@id":"https:\/\/naturalpoland.com\/tr\/#organization","name":"Natural Poland","url":"https:\/\/naturalpoland.com\/tr\/","logo":{"@type":"ImageObject","inLanguage":"tr","@id":"https:\/\/naturalpoland.com\/tr\/#\/schema\/logo\/image\/","url":"https:\/\/naturalpoland.com\/wp-content\/uploads\/2021\/05\/natural-poland-icon.png","contentUrl":"https:\/\/naturalpoland.com\/wp-content\/uploads\/2021\/05\/natural-poland-icon.png","width":512,"height":512,"caption":"Natural Poland"},"image":{"@id":"https:\/\/naturalpoland.com\/tr\/#\/schema\/logo\/image\/"},"sameAs":["https:\/\/www.facebook.com\/naturalpoland.b2b","https:\/\/pl.linkedin.com\/company\/natural-poland","https:\/\/www.youtube.com\/channel\/UCgeGGkvOMahZo-xu_MSEWxg"]}]}},"_links":{"self":[{"href":"https:\/\/naturalpoland.com\/tr\/wp-json\/wp\/v2\/product\/45359","targetHints":{"allow":["GET"]}}],"collection":[{"href":"https:\/\/naturalpoland.com\/tr\/wp-json\/wp\/v2\/product"}],"about":[{"href":"https:\/\/naturalpoland.com\/tr\/wp-json\/wp\/v2\/types\/product"}],"wp:featuredmedia":[{"embeddable":true,"href":"https:\/\/naturalpoland.com\/tr\/wp-json\/wp\/v2\/media\/45360"}],"wp:attachment":[{"href":"https:\/\/naturalpoland.com\/tr\/wp-json\/wp\/v2\/media?parent=45359"}],"wp:term":[{"taxonomy":"product_brand","embeddable":true,"href":"https:\/\/naturalpoland.com\/tr\/wp-json\/wp\/v2\/product_brand?post=45359"},{"taxonomy":"product_cat","embeddable":true,"href":"https:\/\/naturalpoland.com\/tr\/wp-json\/wp\/v2\/product_cat?post=45359"},{"taxonomy":"product_tag","embeddable":true,"href":"https:\/\/naturalpoland.com\/tr\/wp-json\/wp\/v2\/product_tag?post=45359"}],"curies":[{"name":"wp","href":"https:\/\/api.w.org\/{rel}","templated":true}]}}